{"id":10494,"date":"2024-09-23T15:29:10","date_gmt":"2024-09-23T15:29:10","guid":{"rendered":"https:\/\/osaka.ma\/?post_type=product&#038;p=10494"},"modified":"2025-09-18T03:46:28","modified_gmt":"2025-09-18T02:46:28","slug":"dell-alienware-m16-r1-ryzen-9-7845hx-16gb-1tb-ssd-rtx-4070-8gb-16-qhd-ips-240hz","status":"publish","type":"product","link":"https:\/\/osaka.ma\/ru\/product\/dell-alienware-m16-r1-ryzen-9-7845hx-16gb-1tb-ssd-rtx-4070-8gb-16-qhd-ips-240hz\/","title":{"rendered":"Alienware 16 R1 | Ryzen 9 7845HX | RTX 4070 8GB | 16GB DDR5 | 1TB SSD | QHD 240Hz | RGB | Windows 11 | NEW"},"content":{"rendered":"<div class=\"logo\"><img decoding=\"async\" class=\"aligncenter\" src=\"https:\/\/media.ldlc.com\/v3\/marque\/bo\/00\/04\/98\/36\/V30004983632_2.jpg\" alt=\"Alienware\" \/><\/div>\n<div id=\"description\" class=\"description\">\n<div class=\"details-pdt-desc\">\n<h2><\/h2>\n<h2 class=\"h2-master\">Alienware 16 R1: Hautes performances avec grand \u00e9cran 240 Hz<\/h2>\n<section>Gagnez en confort et en puissance de jeu avec le PC portable Alienware M16 R1\u202f! Dot\u00e9 d\u2019un grand \u00e9cran 16,1&#8243; QHD IPS \u00e0 240\u202fHz, d\u2019un clavier AZERTY RGB r\u00e9tro\u00e9clair\u00e9 et de composants de pointe, il r\u00e9pondra aux attentes des gamers exigeants. Il offre des performances exceptionnelles et une r\u00e9activit\u00e9 optimale gr\u00e2ce \u00e0 son processeur AMD Ryzen\u2122 9\u202f7845HX (12\u202fc\u0153urs, 24\u202fthreads, jusqu\u2019\u00e0 5,2\u202fGHz), 16\u202fGo de m\u00e9moire DDR5 5200\u202fMHz, un SSD PCIe NVMe de 1\u202fTB et une puce graphique NVIDIA\u00ae\u202fGeForce RTX\u2122\u202f4070\u202f8GB, pour des visuels QHD remarquables. Pr\u00e9install\u00e9 avec Windows\u202f11\u202fHome, ce mod\u00e8le est pr\u00eat \u00e0 l\u2019emploi et livr\u00e9 neuf sans bo\u00eete.<\/section>\n<section>\n<div class=\"desc-image\"><\/div>\n<div><img fetchpriority=\"high\" decoding=\"async\" class=\"\" src=\"https:\/\/mediazone.ma\/uploads\/images\/products\/14947\/E9EEBB81-4D12-789F-F183-DCCF3B122AA9-300.webp\" alt=\"Ordinateur portable gaming Dell Alienware m16 R1 (i9 13eme\/32Go\/1To SSD\/RTX\u2122 4090\/16&quot;\/QHD+\/165Hz)\" width=\"672\" height=\"672\" \/><\/div>\n<div class=\"desc-text\">\n<h2>UNE PLATEFORME DE DIVERTISSEMENT MOBILE<\/h2>\n<p>Avec notamment un processeur RYZEN 9-7845HX et une puce graphique NVIDIA GeForce RTX s\u00e9rie 4000, le PC portable Gamer Alienware M16 R1 offre de hautes performances, car il est pens\u00e9 pour le divertissement num\u00e9rique mobile ; en raison de sa puissance, il r\u00e9pond aux besoins les plus exigeants, toutefois il reste compact, si bien que vous pouvez l\u2019emporter partout.<\/p>\n<\/div>\n<\/section>\n<section>\n<div class=\"desc-text\">\n<h2>Alienware 16 R1: REFROIDISSEMENT EFFICACE AVEC CRYO-TECH<\/h2>\n<p>La technologie avanc\u00e9e Cryo-Tech d\u2019Alienware repose sur une conception \u00e9lectrique et m\u00e9canique tr\u00e8s aboutie, car elle stabilise le syst\u00e8me. En raison de modules thermiques cr\u00e9atifs et d\u2019une dissipation innovante, elle assure un contr\u00f4le thermique avanc\u00e9. Toutefois, la conception du ventilateur et de son moteur reste optimis\u00e9e. Si bien que l\u2019agencement des orifices r\u00e9duit l\u2019imp\u00e9dance de la circulation d\u2019air.<\/p>\n<\/div>\n<div class=\"desc-image\"><img decoding=\"async\" class=\"alignnone\" src=\"https:\/\/media.ldlc.com\/bo\/images\/fiches\/pc_portables\/dell\/alienware_x17_r1\/802.jpg\" alt=\"Alienware 16 R1 | Ryzen 9 7845HX | RTX 4070 8GB | 16GB DDR5 | 1TB SSD | QHD 240Hz | RGB | Windows 11 | NEW\" width=\"800\" height=\"500\" \/><\/div>\n<\/section>\n<section>\n<div class=\"desc-image\"><\/div>\n<div class=\"desc-text\">\n<h2>ECRAN FHD AVEC FR\u00c9QUENCE DE 240 HZ<\/h2>\n<p>L\u2019ordinateur Alienware M16 R1 est con\u00e7u pour \u00eatre polyvalent, car il r\u00e9pond \u00e0 tous vos besoins gaming tout en les d\u00e9passant. En raison de sa fr\u00e9quence d\u2019affichage de 240 Hz, il offre un taux d\u2019actualisation id\u00e9al pour le jeu comp\u00e9titif. Toutefois, vos r\u00e9flexes s\u2019adaptent si bien que vous profitez d\u2019une action rapide et de graphismes plus fluides.<\/p>\n<\/div>\n<\/section>\n<section>\n<div class=\"desc-text\">\n<h2>CLAVIER GAMER RGB<\/h2>\n<p>Gagnez en confort de jeu avec le clavier Gamer innovant du Alienware X16 R1 et son r\u00e9tro\u00e9clairage RGB Alien FX sur chaque touche ! Gagnez aussi en performance de jeu avec la technologie d\u2019anti-ghosting permettant l\u2019actionnement simultan\u00e9 de plusieurs touches, sans perte de signal.<\/p>\n<\/div>\n<div class=\"desc-image\"><img decoding=\"async\" class=\"alignnone\" src=\"https:\/\/media.ldlc.com\/bo\/images\/fiches\/pc_portables\/dell\/alienware_x17_r1\/804.jpg\" alt=\"Alienware 16 R1 | Ryzen 9 7845HX | RTX 4070 8GB | 16GB DDR5 | 1TB SSD | QHD 240Hz | RGB | Windows 11 | NEW\" width=\"800\" height=\"500\" \/><\/div>\n<\/section>\n<section class=\"list\">\n<h2 data-start=\"0\" data-end=\"55\"><strong data-start=\"0\" data-end=\"53\">CARACT\u00c9RISTIQUES PRINCIPALES DU Alienware 16 R1 :<\/strong><\/h2>\n<ul data-start=\"57\" data-end=\"566\">\n<li data-start=\"57\" data-end=\"130\">\n<p data-start=\"59\" data-end=\"130\"><strong data-start=\"59\" data-end=\"68\">CPU :<\/strong> AMD Ryzen\u2122 9 7845HX \u2013 12 c\u0153urs, 24 threads, jusqu\u2019\u00e0 5,2 GHz<\/p>\n<\/li>\n<li data-start=\"131\" data-end=\"209\">\n<p data-start=\"133\" data-end=\"209\"><strong data-start=\"133\" data-end=\"142\">GPU :<\/strong> NVIDIA\u00ae GeForce RTX\u2122 4070 8GB \u2013 Performances QHD exceptionnelles<\/p>\n<\/li>\n<li data-start=\"210\" data-end=\"269\">\n<p data-start=\"212\" data-end=\"269\"><strong data-start=\"212\" data-end=\"221\">RAM :<\/strong> 16GB DDR5 5200MHz (2\u00d78GB) \u2013 Multit\u00e2che rapide<\/p>\n<\/li>\n<li data-start=\"270\" data-end=\"348\">\n<p data-start=\"272\" data-end=\"348\"><strong data-start=\"272\" data-end=\"286\">Stockage :<\/strong> 1TB PCIe NVMe SSD \u2013 D\u00e9marrages et chargements ultra-rapides<\/p>\n<\/li>\n<li data-start=\"349\" data-end=\"415\">\n<p data-start=\"351\" data-end=\"415\"><strong data-start=\"351\" data-end=\"362\">\u00c9cran :<\/strong> 16,1&#8243; QHD IPS 240Hz \u2013 Visuels fluides et immersifs<\/p>\n<\/li>\n<li data-start=\"416\" data-end=\"470\">\n<p data-start=\"418\" data-end=\"470\"><strong data-start=\"418\" data-end=\"431\">Clavier :<\/strong> AZERTY RGB \u2013 Tactile et r\u00e9tro\u00e9clair\u00e9<\/p>\n<\/li>\n<li data-start=\"471\" data-end=\"530\">\n<p data-start=\"473\" data-end=\"530\"><strong data-start=\"473\" data-end=\"481\">OS :<\/strong> Windows 11 Home \u2013 Pr\u00e9install\u00e9, pr\u00eat \u00e0 l\u2019emploi<\/p>\n<\/li>\n<li data-start=\"531\" data-end=\"566\">\n<p data-start=\"533\" data-end=\"566\"><strong data-start=\"533\" data-end=\"548\">Condition :<\/strong> Neuf sans bo\u00eete<\/p>\n<\/li>\n<\/ul>\n<\/section>\n<\/div>\n<\/div>\n","protected":false},"excerpt":{"rendered":"<p data-start=\"0\" data-end=\"158\"><strong data-start=\"0\" data-end=\"43\">Performances extr\u00eames. Pr\u00e9cision Alien.<\/strong><br data-start=\"43\" data-end=\"46\" \/>Con\u00e7u pour le gaming d\u2019\u00e9lite avec la puissance AMD, un affichage ultra-fluide et le design iconique Alienware.<\/p>\n<ul data-start=\"160\" data-end=\"711\" data-is-last-node=\"\" data-is-only-node=\"\">\n<li data-start=\"160\" data-end=\"240\">\n<p data-start=\"162\" data-end=\"240\"><strong data-start=\"162\" data-end=\"178\">Processeur :<\/strong> AMD Ryzen\u2122 9 7845HX \u2013 12 c\u0153urs, 24 threads, jusqu\u2019\u00e0 5,2 GHz<\/p>\n<\/li>\n<li data-start=\"241\" data-end=\"330\">\n<p data-start=\"243\" data-end=\"330\"><strong data-start=\"243\" data-end=\"264\">Carte graphique :<\/strong> NVIDIA\u00ae GeForce RTX\u2122 4070 8GB \u2013 Excellentes performances en QHD<\/p>\n<\/li>\n<li data-start=\"331\" data-end=\"399\">\n<p data-start=\"333\" data-end=\"399\"><strong data-start=\"333\" data-end=\"351\">M\u00e9moire vive :<\/strong> 16GB DDR5 5200MHz (2\u00d78GB) \u2013 Multit\u00e2che rapide<\/p>\n<\/li>\n<li data-start=\"400\" data-end=\"472\">\n<p data-start=\"402\" data-end=\"472\"><strong data-start=\"402\" data-end=\"416\">Stockage :<\/strong> 1TB PCIe NVMe SSD \u2013 D\u00e9marrages et chargements rapides<\/p>\n<\/li>\n<li data-start=\"473\" data-end=\"545\">\n<p data-start=\"475\" data-end=\"545\"><strong data-start=\"475\" data-end=\"486\">\u00c9cran :<\/strong> 16,1&#8243; QHD IPS, 240Hz \u2013 Visuels ultra-fluides pour le jeu<\/p>\n<\/li>\n<li data-start=\"546\" data-end=\"600\">\n<p data-start=\"548\" data-end=\"600\"><strong data-start=\"548\" data-end=\"561\">Clavier :<\/strong> AZERTY RGB \u2013 Tactile et r\u00e9tro\u00e9clair\u00e9<\/p>\n<\/li>\n<li data-start=\"601\" data-end=\"682\">\n<p data-start=\"603\" data-end=\"682\"><strong data-start=\"603\" data-end=\"631\">Syst\u00e8me d\u2019exploitation :<\/strong> Windows 11 Home \u2013 Pr\u00e9install\u00e9 et pr\u00eat \u00e0 l\u2019emploi<\/p>\n<\/li>\n<li data-start=\"683\" data-end=\"711\" data-is-last-node=\"\">\n<p data-start=\"685\" data-end=\"711\" data-is-last-node=\"\"><strong data-start=\"685\" data-end=\"695\">\u00c9tat :<\/strong> Neuf sans bo\u00eete<\/p>\n<\/li>\n<\/ul>\n","protected":false},"featured_media":1009574,"template":"","meta":{"_acf_changed":false},"pwb-brand":[],"product_brand":[],"product_cat":[122,121,126],"product_tag":[],"pcb_component_type":[],"class_list":{"0":"post-10494","1":"product","2":"type-product","3":"status-publish","4":"has-post-thumbnail","6":"product_cat-gaming","7":"product_cat-pc-portable","8":"product_cat-professional","10":"first","11":"outofstock","12":"shipping-taxable","13":"product-type-simple"},"translation":{"provider":"WPGlobus","version":"3.0.2","language":"ru","enabled_languages":["en","es","de","fr","ru"],"languages":{"en":{"title":true,"content":true,"excerpt":true},"es":{"title":false,"content":false,"excerpt":false},"de":{"title":false,"content":false,"excerpt":false},"fr":{"title":false,"content":false,"excerpt":false},"ru":{"title":false,"content":false,"excerpt":false}}},"acf":[],"yoast_head":"<!-- This site is optimized with the Yoast SEO plugin v27.2 - https:\/\/yoast.com\/product\/yoast-seo-wordpress\/ -->\n<title>Alienware 16 R1 with Ryzen 9 and RTX 4070 Power - Osaka<\/title>\n<meta name=\"robots\" content=\"index, follow, max-snippet:-1, max-image-preview:large, max-video-preview:-1\" \/>\n<link rel=\"canonical\" href=\"https:\/\/osaka.ma\/product\/dell-alienware-m16-r1-ryzen-9-7845hx-16gb-1tb-ssd-rtx-4070-8gb-16-qhd-ips-240hz\/\" \/>\n<meta property=\"og:locale\" content=\"ru_RU\" \/>\n<meta property=\"og:type\" content=\"article\" \/>\n<meta property=\"og:title\" content=\"Alienware 16 R1 | Ryzen 9 7845HX | RTX 4070 8GB | 16GB DDR5 | 1TB SSD | QHD 240Hz | RGB | Windows 11 | NEW - Osaka\" \/>\n<meta property=\"og:url\" content=\"https:\/\/osaka.ma\/product\/dell-alienware-m16-r1-ryzen-9-7845hx-16gb-1tb-ssd-rtx-4070-8gb-16-qhd-ips-240hz\/\" \/>\n<meta property=\"og:site_name\" content=\"Osaka\" \/>\n<meta property=\"article:modified_time\" content=\"2025-09-18T02:46:28+00:00\" \/>\n<meta property=\"og:image\" content=\"https:\/\/osaka.ma\/wp-content\/uploads\/2024\/05\/alienware-m16.jpg\" \/>\n\t<meta property=\"og:image:width\" content=\"1200\" \/>\n\t<meta property=\"og:image:height\" content=\"1200\" \/>\n\t<meta property=\"og:image:type\" content=\"image\/jpeg\" \/>\n<meta name=\"twitter:card\" content=\"summary_large_image\" \/>\n<meta name=\"twitter:label1\" content=\"Est. reading time\" \/>\n\t<meta name=\"twitter:data1\" content=\"5 minutes\" \/>\n<script type=\"application\/ld+json\" class=\"yoast-schema-graph\">{\"@context\":\"https:\/\/schema.org\",\"@graph\":[{\"@type\":\"WebPage\",\"@id\":\"https:\/\/osaka.ma\/product\/dell-alienware-m16-r1-ryzen-9-7845hx-16gb-1tb-ssd-rtx-4070-8gb-16-qhd-ips-240hz\/\",\"url\":\"https:\/\/osaka.ma\/product\/dell-alienware-m16-r1-ryzen-9-7845hx-16gb-1tb-ssd-rtx-4070-8gb-16-qhd-ips-240hz\/\",\"name\":\"Alienware 16 R1 with Ryzen 9 and RTX 4070 Power - Osaka\",\"isPartOf\":{\"@id\":\"https:\/\/osaka.ma\/#website\"},\"primaryImageOfPage\":{\"@id\":\"https:\/\/osaka.ma\/product\/dell-alienware-m16-r1-ryzen-9-7845hx-16gb-1tb-ssd-rtx-4070-8gb-16-qhd-ips-240hz\/#primaryimage\"},\"image\":{\"@id\":\"https:\/\/osaka.ma\/product\/dell-alienware-m16-r1-ryzen-9-7845hx-16gb-1tb-ssd-rtx-4070-8gb-16-qhd-ips-240hz\/#primaryimage\"},\"thumbnailUrl\":\"https:\/\/osaka.ma\/wp-content\/uploads\/2024\/05\/alienware-m16.jpg\",\"datePublished\":\"2024-09-23T15:29:10+00:00\",\"dateModified\":\"2025-09-18T02:46:28+00:00\",\"description\":\"Unleash your gaming potential with the Alienware 16 R1! Experience stunning visuals and incredible performance \u2013 elevate your game now!\",\"breadcrumb\":{\"@id\":\"https:\/\/osaka.ma\/product\/dell-alienware-m16-r1-ryzen-9-7845hx-16gb-1tb-ssd-rtx-4070-8gb-16-qhd-ips-240hz\/#breadcrumb\"},\"inLanguage\":\"ru-RU\",\"potentialAction\":[{\"@type\":\"ReadAction\",\"target\":[\"https:\/\/osaka.ma\/product\/dell-alienware-m16-r1-ryzen-9-7845hx-16gb-1tb-ssd-rtx-4070-8gb-16-qhd-ips-240hz\/\"]}]},{\"@type\":\"ImageObject\",\"inLanguage\":\"ru-RU\",\"@id\":\"https:\/\/osaka.ma\/product\/dell-alienware-m16-r1-ryzen-9-7845hx-16gb-1tb-ssd-rtx-4070-8gb-16-qhd-ips-240hz\/#primaryimage\",\"url\":\"https:\/\/osaka.ma\/wp-content\/uploads\/2024\/05\/alienware-m16.jpg\",\"contentUrl\":\"https:\/\/osaka.ma\/wp-content\/uploads\/2024\/05\/alienware-m16.jpg\",\"width\":1200,\"height\":1200,\"caption\":\"DELL ALIENWARE M16 R1 Ryzen 9 7845HX | 16GB | 1TB | RTX 4070 8GB | QHD IPS 240Hz | Neuf | Osaka PC Gamer | Maroc\"},{\"@type\":\"BreadcrumbList\",\"@id\":\"https:\/\/osaka.ma\/product\/dell-alienware-m16-r1-ryzen-9-7845hx-16gb-1tb-ssd-rtx-4070-8gb-16-qhd-ips-240hz\/#breadcrumb\",\"itemListElement\":[{\"@type\":\"ListItem\",\"position\":1,\"name\":\"Home\",\"item\":\"https:\/\/osaka.ma\/\"},{\"@type\":\"ListItem\",\"position\":2,\"name\":\"Shop\",\"item\":\"https:\/\/osaka.ma\/shop-2\/\"},{\"@type\":\"ListItem\",\"position\":3,\"name\":\"Alienware 16 R1 | Ryzen 9 7845HX | RTX 4070 8GB | 16GB DDR5 | 1TB SSD | QHD 240Hz | RGB | Windows 11 | NEW\"}]},{\"@type\":\"WebSite\",\"@id\":\"https:\/\/osaka.ma\/#website\",\"url\":\"https:\/\/osaka.ma\/\",\"name\":\"Osaka\",\"description\":\"\",\"publisher\":{\"@id\":\"https:\/\/osaka.ma\/#organization\"},\"potentialAction\":[{\"@type\":\"SearchAction\",\"target\":{\"@type\":\"EntryPoint\",\"urlTemplate\":\"https:\/\/osaka.ma\/?s={search_term_string}\"},\"query-input\":{\"@type\":\"PropertyValueSpecification\",\"valueRequired\":true,\"valueName\":\"search_term_string\"}}],\"inLanguage\":\"ru-RU\"},{\"@type\":\"Organization\",\"@id\":\"https:\/\/osaka.ma\/#organization\",\"name\":\"Osaka\",\"url\":\"https:\/\/osaka.ma\/\",\"logo\":{\"@type\":\"ImageObject\",\"inLanguage\":\"ru-RU\",\"@id\":\"https:\/\/osaka.ma\/#\/schema\/logo\/image\/\",\"url\":\"https:\/\/osaka.ma\/wp-content\/uploads\/2026\/01\/model-slogan-logo-2Plan-de-travail-1dksl-plus-finnn.png\",\"contentUrl\":\"https:\/\/osaka.ma\/wp-content\/uploads\/2026\/01\/model-slogan-logo-2Plan-de-travail-1dksl-plus-finnn.png\",\"width\":842,\"height\":226,\"caption\":\"Osaka\"},\"image\":{\"@id\":\"https:\/\/osaka.ma\/#\/schema\/logo\/image\/\"}}]}<\/script>\n<!-- \/ Yoast SEO plugin. -->","yoast_head_json":{"title":"Alienware 16 R1 with Ryzen 9 and RTX 4070 Power - Osaka","robots":{"index":"index","follow":"follow","max-snippet":"max-snippet:-1","max-image-preview":"max-image-preview:large","max-video-preview":"max-video-preview:-1"},"canonical":"https:\/\/osaka.ma\/product\/dell-alienware-m16-r1-ryzen-9-7845hx-16gb-1tb-ssd-rtx-4070-8gb-16-qhd-ips-240hz\/","og_locale":"ru_RU","og_type":"article","og_title":"Alienware 16 R1 | Ryzen 9 7845HX | RTX 4070 8GB | 16GB DDR5 | 1TB SSD | QHD 240Hz | RGB | Windows 11 | NEW - Osaka","og_url":"https:\/\/osaka.ma\/product\/dell-alienware-m16-r1-ryzen-9-7845hx-16gb-1tb-ssd-rtx-4070-8gb-16-qhd-ips-240hz\/","og_site_name":"Osaka","article_modified_time":"2025-09-18T02:46:28+00:00","og_image":[{"width":1200,"height":1200,"url":"https:\/\/osaka.ma\/wp-content\/uploads\/2024\/05\/alienware-m16.jpg","type":"image\/jpeg"}],"twitter_card":"summary_large_image","twitter_misc":{"Est. reading time":"5 minutes"},"schema":{"@context":"https:\/\/schema.org","@graph":[{"@type":"WebPage","@id":"https:\/\/osaka.ma\/product\/dell-alienware-m16-r1-ryzen-9-7845hx-16gb-1tb-ssd-rtx-4070-8gb-16-qhd-ips-240hz\/","url":"https:\/\/osaka.ma\/product\/dell-alienware-m16-r1-ryzen-9-7845hx-16gb-1tb-ssd-rtx-4070-8gb-16-qhd-ips-240hz\/","name":"Alienware 16 R1 with Ryzen 9 and RTX 4070 Power - Osaka","isPartOf":{"@id":"https:\/\/osaka.ma\/#website"},"primaryImageOfPage":{"@id":"https:\/\/osaka.ma\/product\/dell-alienware-m16-r1-ryzen-9-7845hx-16gb-1tb-ssd-rtx-4070-8gb-16-qhd-ips-240hz\/#primaryimage"},"image":{"@id":"https:\/\/osaka.ma\/product\/dell-alienware-m16-r1-ryzen-9-7845hx-16gb-1tb-ssd-rtx-4070-8gb-16-qhd-ips-240hz\/#primaryimage"},"thumbnailUrl":"https:\/\/osaka.ma\/wp-content\/uploads\/2024\/05\/alienware-m16.jpg","datePublished":"2024-09-23T15:29:10+00:00","dateModified":"2025-09-18T02:46:28+00:00","description":"Unleash your gaming potential with the Alienware 16 R1! Experience stunning visuals and incredible performance \u2013 elevate your game now!","breadcrumb":{"@id":"https:\/\/osaka.ma\/product\/dell-alienware-m16-r1-ryzen-9-7845hx-16gb-1tb-ssd-rtx-4070-8gb-16-qhd-ips-240hz\/#breadcrumb"},"inLanguage":"ru-RU","potentialAction":[{"@type":"ReadAction","target":["https:\/\/osaka.ma\/product\/dell-alienware-m16-r1-ryzen-9-7845hx-16gb-1tb-ssd-rtx-4070-8gb-16-qhd-ips-240hz\/"]}]},{"@type":"ImageObject","inLanguage":"ru-RU","@id":"https:\/\/osaka.ma\/product\/dell-alienware-m16-r1-ryzen-9-7845hx-16gb-1tb-ssd-rtx-4070-8gb-16-qhd-ips-240hz\/#primaryimage","url":"https:\/\/osaka.ma\/wp-content\/uploads\/2024\/05\/alienware-m16.jpg","contentUrl":"https:\/\/osaka.ma\/wp-content\/uploads\/2024\/05\/alienware-m16.jpg","width":1200,"height":1200,"caption":"DELL ALIENWARE M16 R1 Ryzen 9 7845HX | 16GB | 1TB | RTX 4070 8GB | QHD IPS 240Hz | Neuf | Osaka PC Gamer | Maroc"},{"@type":"BreadcrumbList","@id":"https:\/\/osaka.ma\/product\/dell-alienware-m16-r1-ryzen-9-7845hx-16gb-1tb-ssd-rtx-4070-8gb-16-qhd-ips-240hz\/#breadcrumb","itemListElement":[{"@type":"ListItem","position":1,"name":"Home","item":"https:\/\/osaka.ma\/"},{"@type":"ListItem","position":2,"name":"Shop","item":"https:\/\/osaka.ma\/shop-2\/"},{"@type":"ListItem","position":3,"name":"Alienware 16 R1 | Ryzen 9 7845HX | RTX 4070 8GB | 16GB DDR5 | 1TB SSD | QHD 240Hz | RGB | Windows 11 | NEW"}]},{"@type":"WebSite","@id":"https:\/\/osaka.ma\/#website","url":"https:\/\/osaka.ma\/","name":"Osaka","description":"","publisher":{"@id":"https:\/\/osaka.ma\/#organization"},"potentialAction":[{"@type":"SearchAction","target":{"@type":"EntryPoint","urlTemplate":"https:\/\/osaka.ma\/?s={search_term_string}"},"query-input":{"@type":"PropertyValueSpecification","valueRequired":true,"valueName":"search_term_string"}}],"inLanguage":"ru-RU"},{"@type":"Organization","@id":"https:\/\/osaka.ma\/#organization","name":"Osaka","url":"https:\/\/osaka.ma\/","logo":{"@type":"ImageObject","inLanguage":"ru-RU","@id":"https:\/\/osaka.ma\/#\/schema\/logo\/image\/","url":"https:\/\/osaka.ma\/wp-content\/uploads\/2026\/01\/model-slogan-logo-2Plan-de-travail-1dksl-plus-finnn.png","contentUrl":"https:\/\/osaka.ma\/wp-content\/uploads\/2026\/01\/model-slogan-logo-2Plan-de-travail-1dksl-plus-finnn.png","width":842,"height":226,"caption":"Osaka"},"image":{"@id":"https:\/\/osaka.ma\/#\/schema\/logo\/image\/"}}]}},"jetpack_sharing_enabled":true,"brands":[],"_links":{"self":[{"href":"https:\/\/osaka.ma\/ru\/wp-json\/wp\/v2\/product\/10494","targetHints":{"allow":["GET"]}}],"collection":[{"href":"https:\/\/osaka.ma\/ru\/wp-json\/wp\/v2\/product"}],"about":[{"href":"https:\/\/osaka.ma\/ru\/wp-json\/wp\/v2\/types\/product"}],"version-history":[{"count":0,"href":"https:\/\/osaka.ma\/ru\/wp-json\/wp\/v2\/product\/10494\/revisions"}],"wp:featuredmedia":[{"embeddable":true,"href":"https:\/\/osaka.ma\/ru\/wp-json\/wp\/v2\/media\/1009574"}],"wp:attachment":[{"href":"https:\/\/osaka.ma\/ru\/wp-json\/wp\/v2\/media?parent=10494"}],"wp:term":[{"taxonomy":"pwb-brand","embeddable":true,"href":"https:\/\/osaka.ma\/ru\/wp-json\/wp\/v2\/pwb-brand?post=10494"},{"taxonomy":"product_brand","embeddable":true,"href":"https:\/\/osaka.ma\/ru\/wp-json\/wp\/v2\/product_brand?post=10494"},{"taxonomy":"product_cat","embeddable":true,"href":"https:\/\/osaka.ma\/ru\/wp-json\/wp\/v2\/product_cat?post=10494"},{"taxonomy":"product_tag","embeddable":true,"href":"https:\/\/osaka.ma\/ru\/wp-json\/wp\/v2\/product_tag?post=10494"},{"taxonomy":"pcb_component_type","embeddable":true,"href":"https:\/\/osaka.ma\/ru\/wp-json\/wp\/v2\/pcb_component_type?post=10494"}],"curies":[{"name":"wp","href":"https:\/\/api.w.org\/{rel}","templated":true}]}}