{"id":10918,"date":"2024-10-21T11:59:48","date_gmt":"2024-10-21T11:59:48","guid":{"rendered":"https:\/\/osaka.ma\/?post_type=product&#038;p=10918"},"modified":"2025-04-12T11:57:15","modified_gmt":"2025-04-12T11:57:15","slug":"gigabyte-geforce-rtx-3060-gaming-oc-8gb","status":"publish","type":"product","link":"https:\/\/osaka.ma\/ru\/product\/gigabyte-geforce-rtx-3060-gaming-oc-8gb\/","title":{"rendered":"GIGABYTE GEFORCE RTX 3060 GAMING OC 8GB"},"content":{"rendered":"<div class=\"logo\"><\/div>\n<div id=\"description\" class=\"description\">\n<div class=\"details-pdt-desc\">\n<section>\n<div class=\"desc-text\"><a href=\"https:\/\/www.ldlc.com\/gigabyte\/bint000000990\/\" rel=\"nofollow noopener\" target=\"_blank\"><img decoding=\"async\" src=\"https:\/\/media.ldlc.com\/v3\/marque\/190\/C000000990.gif\" alt=\"Gigabyte\" \/><\/a><\/div>\n<div class=\"desc-text\">\n<h1 class=\"product_title entry-title\">Gigabyte GeForce RTX 3060 GAMING OC 8GB<\/h1>\n<div id=\"description\" class=\"description\">\n<section>\n<div class=\"desc-text\">\n<div id=\"cool2\" class=\"sec3\">\n<div class=\"cool2-col1\">\n<div class=\"airflow\">\n<div>\n<div class=\"text\">\n<p>&nbsp;<\/p>\n<\/div>\n<div class=\"airflow-img\"><img decoding=\"async\" src=\"https:\/\/www.gigabyte.com\/FileUpload\/Global\/KeyFeature\/2332\/innergigabyteimages\/cool2-airflow.png\" \/><\/div>\n<div><\/div>\n<div>Avec le mod\u00e8le GeForce RTX 3060, NVIDIA rend encore plus accessibles les performances de haute vol\u00e9e propos\u00e9es par les cartes graphiques Amp\u00e8re. Des graphismes sublim\u00e9s, une fluidit\u00e9 remarquable et un r\u00e9alisme incroyable vous permettront de profiter au mieux des jeux PC les plus r\u00e9cents. Il ne vous reste plus qu&#8217;\u00e0 plonger au coeur de l&#8217;action et \u00e0 vous immerger totalement dans la partie. La carte graphique Gigabyte GeForce RTX 3060 GAMING OC 12G embarque 12 Go de m\u00e9moire vid\u00e9o de nouvelle g\u00e9n\u00e9ration GDDR6. Ce mod\u00e8le b\u00e9n\u00e9ficie de fr\u00e9quences de fonctionnement \u00e9lev\u00e9es et d&#8217;un syst\u00e8me de refroidissement am\u00e9lior\u00e9 gage de fiabilit\u00e9 et de performances \u00e0 long terme.<\/div>\n<\/div>\n<\/div>\n<\/div>\n<div class=\"cool2-col2\">\n<div class=\"cool2-col\">\n<div class=\"cool2-content bladefan\">\n<div class=\"content-text\"><\/div>\n<\/div>\n<\/div>\n<\/div>\n<div class=\"cool2-col3\">\n<div class=\"cool2-col\">\n<div class=\"cool2-content\">\n<div class=\"content-text\">\n<p><img decoding=\"async\" src=\"https:\/\/www.gigabyte.com\/FileUpload\/Global\/KeyFeature\/2332\/innergigabyteimages\/13.png\" \/><\/p>\n<\/div>\n<\/div>\n<\/div>\n<\/div>\n<\/div>\n<\/div>\n<\/section>\n<section>\n<div class=\"desc-text\">\n<h2>Architecture Amp\u00e8re<\/h2>\n<p>Gr\u00e2ce aux am\u00e9liorations apport\u00e9es par la nouvelle architecture Amp\u00e8re, les cartes graphiques NVIDIA RTX de 2nd g\u00e9n\u00e9ration sont encore plus performantes que les cartes graphiques des g\u00e9n\u00e9rations pr\u00e9c\u00e9dentes. Les jeux vid\u00e9o PC sont plus beaux, plus immersifs et plus fluides que jamais. Les coeurs RT de 2nd g\u00e9n\u00e9ration offrent un rendement 2 fois sup\u00e9rieur \u00e0 celui des cartes de la g\u00e9n\u00e9ration pr\u00e9c\u00e9dente. Les coeurs Tensor de 3\u00e8me g\u00e9n\u00e9ration d\u00e9livrent jusqu&#8217;\u00e0 2 fois plus de rendement et les nouveaux multiprocesseur de flux un rendement FP32 multipli\u00e9 par 2 !<\/p>\n<\/div>\n<div class=\"desc-image\"><img decoding=\"async\" src=\"https:\/\/media.ldlc.com\/bo\/images\/fiches\/carte_graphique\/rtx\/nvidia_geforce_rtx_on_002.jpg\" alt=\"\" \/><\/div>\n<\/section>\n<section>\n<div class=\"desc-image\"><img decoding=\"async\" src=\"https:\/\/media.ldlc.com\/bo\/images\/fiches\/carte_graphique\/rtx\/nvidia_geforce_rtx_dlss_001.jpg\" alt=\"\" \/><\/div>\n<div class=\"desc-text\">\n<h2>Fr\u00e9quence d&#8217;images maximale<\/h2>\n<p>Bas\u00e9 sur les capacit\u00e9s ph\u00e9nom\u00e9nales de l\u2019IA, le super-\u00e9chantillonnage par Deep Learning (DLSS) de NVIDIA est une technologie de rendu r\u00e9volutionnaire qui vous offre un tout nouveau niveau de fid\u00e9lit\u00e9 visuelle gr\u00e2ce aux processeurs Tensor Core d\u00e9di\u00e9s \u00e0 l\u2019IA des GPU GeForce RTX. Le DLSS met \u00e0 profit toute la puissance d\u2019un r\u00e9seau optimis\u00e9 de neurones profonds pour acc\u00e9l\u00e9rer les fr\u00e9quences d\u2019images tout en g\u00e9n\u00e9rant des visuels \u00e9poustouflants d\u2019une nettet\u00e9 incomparable. Ce gain de performance significatif permet aux joueurs du monde entier de maximiser les param\u00e8tres du ray tracing et d\u2019augmenter les r\u00e9solutions de sortie.<\/p>\n<\/div>\n<\/section>\n<section>\n<div class=\"desc-text\">\n<h2>Streamez\u00a0comme un pro<\/h2>\n<p>Volez la vedette aux meilleurs streameurs en diffusant vos parties avec des graphismes sublimes et un rendu fluide. L\u2019encodage et le d\u00e9codage mat\u00e9riel de nouvelle g\u00e9n\u00e9ration vous permettent d\u2019immortaliser vos meilleurs moments avec un niveau de d\u00e9tails incomparable. La toute nouvelle application NVIDIA Broadcast fait passer vos livestreams au niveau sup\u00e9rieur avec de puissantes capacit\u00e9s d\u2019IA qui am\u00e9liorent la qualit\u00e9 de l\u2019audio et de la vid\u00e9o avec des effets avanc\u00e9s comme un arri\u00e8re-plan virtuel, un recadrage automatique de la webcam et la suppression des bruits parasites li\u00e9s au micro. Les GPU GeForce RTX s\u00e9rie 30 vous fournissent les performances graphiques et la qualit\u00e9 d\u2019image requises pour vous pr\u00e9senter \u00e0 votre public sous votre meilleur jour, syst\u00e9matiquement.<\/p>\n<\/div>\n<div class=\"desc-image\"><img decoding=\"async\" src=\"https:\/\/media.ldlc.com\/bo\/images\/fiches\/carte_graphique\/rtx\/nvidia_geforce_rtx_stream_001.jpg\" alt=\"\" \/><\/div>\n<\/section>\n<p>&nbsp;<\/p>\n<p>&nbsp;<\/p>\n<h2>CARACTERISTIQUES PRINCIPALES :<\/h2>\n<p>&nbsp;<\/p>\n<table>\n<tbody>\n<tr>\n<td><strong>Marque<\/strong><\/td>\n<td>GIGABYTE<\/td>\n<\/tr>\n<tr>\n<td><strong>Marque du chipset<\/strong><\/td>\n<td>Nvidia<\/td>\n<\/tr>\n<tr>\n<td><strong>Puce graphique<\/strong><\/td>\n<td>NVIDIA GeForce RTX 3060<\/td>\n<\/tr>\n<tr>\n<td><strong>Fr\u00e9quence du chipset<\/strong><\/td>\n<td>1807 MHz<\/td>\n<\/tr>\n<tr>\n<td><strong>Unit\u00e9s de calcul<\/strong><\/td>\n<td>3584 CUDA Cores<\/td>\n<\/tr>\n<tr>\n<td><strong>Quantit\u00e9 m\u00e9moire<\/strong><\/td>\n<td>8 Go GDDR6<\/td>\n<\/tr>\n<tr>\n<td><strong>Fr\u00e9quence m\u00e9moire<\/strong><\/td>\n<td>15000 Mhz<\/td>\n<\/tr>\n<tr>\n<td><strong>Sortie<\/strong><\/td>\n<td>2 X HDMI Female, 2 X DisplayPort Female<\/td>\n<\/tr>\n<\/tbody>\n<\/table>\n<\/div>\n<\/div>\n<\/section>\n<\/div>\n<\/div>\n","protected":false},"excerpt":{"rendered":"<h2>CARACTERISTIQUES PRINCIPALES :<\/h2>\n<p>&nbsp;<\/p>\n<table>\n<tbody>\n<tr>\n<td><strong>Marque<\/strong><\/td>\n<td>GIGABYTE<\/td>\n<\/tr>\n<tr>\n<td><strong>Marque du chipset<\/strong><\/td>\n<td>Nvidia<\/td>\n<\/tr>\n<tr>\n<td><strong>Puce graphique<\/strong><\/td>\n<td>NVIDIA GeForce RTX 3060<\/td>\n<\/tr>\n<tr>\n<td><strong>Fr\u00e9quence du chipset<\/strong><\/td>\n<td>1807 MHz<\/td>\n<\/tr>\n<tr>\n<td><strong>Unit\u00e9s de calcul<\/strong><\/td>\n<td>3584 CUDA Cores<\/td>\n<\/tr>\n<tr>\n<td><strong>Quantit\u00e9 m\u00e9moire<\/strong><\/td>\n<td>8 Go GDDR6<\/td>\n<\/tr>\n<tr>\n<td><strong>Fr\u00e9quence m\u00e9moire<\/strong><\/td>\n<td>15000 Mhz<\/td>\n<\/tr>\n<tr>\n<td><strong>Sortie<\/strong><\/td>\n<td>2 X HDMI Female, 2 X DisplayPort Female<\/td>\n<\/tr>\n<\/tbody>\n<\/table>\n","protected":false},"featured_media":1010921,"template":"","meta":{"_acf_changed":false},"pwb-brand":[],"product_brand":[93],"product_cat":[24,17,26],"product_tag":[],"pcb_component_type":[],"class_list":{"0":"post-10918","1":"product","2":"type-product","3":"status-publish","4":"has-post-thumbnail","6":"product_brand-gigabyte","7":"product_cat-cartes-graphiques","8":"product_cat-composants-gaming","9":"product_cat-nvidia","11":"first","12":"outofstock","13":"shipping-taxable","14":"product-type-simple"},"translation":{"provider":"WPGlobus","version":"3.0.2","language":"ru","enabled_languages":["en","es","de","fr","ru"],"languages":{"en":{"title":true,"content":true,"excerpt":true},"es":{"title":false,"content":false,"excerpt":false},"de":{"title":false,"content":false,"excerpt":false},"fr":{"title":false,"content":false,"excerpt":false},"ru":{"title":false,"content":false,"excerpt":false}}},"acf":[],"yoast_head":"<!-- This site is optimized with the Yoast SEO plugin v27.2 - https:\/\/yoast.com\/product\/yoast-seo-wordpress\/ -->\n<title>GIGABYTE GEFORCE RTX 3060 GAMING OC 8GB - Osaka<\/title>\n<meta name=\"robots\" content=\"index, follow, max-snippet:-1, max-image-preview:large, max-video-preview:-1\" \/>\n<link rel=\"canonical\" href=\"https:\/\/osaka.ma\/fr\/product\/gigabyte-geforce-rtx-3060-gaming-oc-8gb\/\" \/>\n<meta property=\"og:locale\" content=\"ru_RU\" \/>\n<meta property=\"og:type\" content=\"article\" \/>\n<meta property=\"og:title\" content=\"GIGABYTE GEFORCE RTX 3060 GAMING OC 8GB - Osaka\" \/>\n<meta property=\"og:url\" content=\"https:\/\/osaka.ma\/fr\/product\/gigabyte-geforce-rtx-3060-gaming-oc-8gb\/\" \/>\n<meta property=\"og:site_name\" content=\"Osaka\" \/>\n<meta property=\"article:modified_time\" content=\"2025-04-12T11:57:15+00:00\" \/>\n<meta property=\"og:image\" content=\"https:\/\/osaka.ma\/wp-content\/uploads\/2024\/10\/gigabyte-geforce-rtx-3060-gaming-oc-8g.jpg\" \/>\n\t<meta property=\"og:image:width\" content=\"700\" \/>\n\t<meta property=\"og:image:height\" content=\"869\" \/>\n\t<meta property=\"og:image:type\" content=\"image\/jpeg\" \/>\n<meta name=\"twitter:card\" content=\"summary_large_image\" \/>\n<meta name=\"twitter:label1\" content=\"Est. reading time\" \/>\n\t<meta name=\"twitter:data1\" content=\"4 minutes\" \/>\n<script type=\"application\/ld+json\" class=\"yoast-schema-graph\">{\"@context\":\"https:\/\/schema.org\",\"@graph\":[{\"@type\":\"WebPage\",\"@id\":\"https:\/\/osaka.ma\/fr\/product\/gigabyte-geforce-rtx-3060-gaming-oc-8gb\/\",\"url\":\"https:\/\/osaka.ma\/fr\/product\/gigabyte-geforce-rtx-3060-gaming-oc-8gb\/\",\"name\":\"GIGABYTE GEFORCE RTX 3060 GAMING OC 8GB - Osaka\",\"isPartOf\":{\"@id\":\"https:\/\/osaka.ma\/#website\"},\"primaryImageOfPage\":{\"@id\":\"https:\/\/osaka.ma\/fr\/product\/gigabyte-geforce-rtx-3060-gaming-oc-8gb\/#primaryimage\"},\"image\":{\"@id\":\"https:\/\/osaka.ma\/fr\/product\/gigabyte-geforce-rtx-3060-gaming-oc-8gb\/#primaryimage\"},\"thumbnailUrl\":\"https:\/\/osaka.ma\/wp-content\/uploads\/2024\/10\/gigabyte-geforce-rtx-3060-gaming-oc-8g.jpg\",\"datePublished\":\"2024-10-21T11:59:48+00:00\",\"dateModified\":\"2025-04-12T11:57:15+00:00\",\"breadcrumb\":{\"@id\":\"https:\/\/osaka.ma\/fr\/product\/gigabyte-geforce-rtx-3060-gaming-oc-8gb\/#breadcrumb\"},\"inLanguage\":\"ru-RU\",\"potentialAction\":[{\"@type\":\"ReadAction\",\"target\":[\"https:\/\/osaka.ma\/fr\/product\/gigabyte-geforce-rtx-3060-gaming-oc-8gb\/\"]}]},{\"@type\":\"ImageObject\",\"inLanguage\":\"ru-RU\",\"@id\":\"https:\/\/osaka.ma\/fr\/product\/gigabyte-geforce-rtx-3060-gaming-oc-8gb\/#primaryimage\",\"url\":\"https:\/\/osaka.ma\/wp-content\/uploads\/2024\/10\/gigabyte-geforce-rtx-3060-gaming-oc-8g.jpg\",\"contentUrl\":\"https:\/\/osaka.ma\/wp-content\/uploads\/2024\/10\/gigabyte-geforce-rtx-3060-gaming-oc-8g.jpg\",\"width\":700,\"height\":869},{\"@type\":\"BreadcrumbList\",\"@id\":\"https:\/\/osaka.ma\/fr\/product\/gigabyte-geforce-rtx-3060-gaming-oc-8gb\/#breadcrumb\",\"itemListElement\":[{\"@type\":\"ListItem\",\"position\":1,\"name\":\"Home\",\"item\":\"https:\/\/osaka.ma\/\"},{\"@type\":\"ListItem\",\"position\":2,\"name\":\"Shop\",\"item\":\"https:\/\/osaka.ma\/shop-2\/\"},{\"@type\":\"ListItem\",\"position\":3,\"name\":\"GIGABYTE GEFORCE RTX 3060 GAMING OC 8GB\"}]},{\"@type\":\"WebSite\",\"@id\":\"https:\/\/osaka.ma\/#website\",\"url\":\"https:\/\/osaka.ma\/\",\"name\":\"Osaka\",\"description\":\"\",\"publisher\":{\"@id\":\"https:\/\/osaka.ma\/#organization\"},\"potentialAction\":[{\"@type\":\"SearchAction\",\"target\":{\"@type\":\"EntryPoint\",\"urlTemplate\":\"https:\/\/osaka.ma\/?s={search_term_string}\"},\"query-input\":{\"@type\":\"PropertyValueSpecification\",\"valueRequired\":true,\"valueName\":\"search_term_string\"}}],\"inLanguage\":\"ru-RU\"},{\"@type\":\"Organization\",\"@id\":\"https:\/\/osaka.ma\/#organization\",\"name\":\"Osaka\",\"url\":\"https:\/\/osaka.ma\/\",\"logo\":{\"@type\":\"ImageObject\",\"inLanguage\":\"ru-RU\",\"@id\":\"https:\/\/osaka.ma\/#\/schema\/logo\/image\/\",\"url\":\"https:\/\/osaka.ma\/wp-content\/uploads\/2026\/01\/model-slogan-logo-2Plan-de-travail-1dksl-plus-finnn.png\",\"contentUrl\":\"https:\/\/osaka.ma\/wp-content\/uploads\/2026\/01\/model-slogan-logo-2Plan-de-travail-1dksl-plus-finnn.png\",\"width\":842,\"height\":226,\"caption\":\"Osaka\"},\"image\":{\"@id\":\"https:\/\/osaka.ma\/#\/schema\/logo\/image\/\"}}]}<\/script>\n<!-- \/ Yoast SEO plugin. -->","yoast_head_json":{"title":"GIGABYTE GEFORCE RTX 3060 GAMING OC 8GB - Osaka","robots":{"index":"index","follow":"follow","max-snippet":"max-snippet:-1","max-image-preview":"max-image-preview:large","max-video-preview":"max-video-preview:-1"},"canonical":"https:\/\/osaka.ma\/fr\/product\/gigabyte-geforce-rtx-3060-gaming-oc-8gb\/","og_locale":"ru_RU","og_type":"article","og_title":"GIGABYTE GEFORCE RTX 3060 GAMING OC 8GB - Osaka","og_url":"https:\/\/osaka.ma\/fr\/product\/gigabyte-geforce-rtx-3060-gaming-oc-8gb\/","og_site_name":"Osaka","article_modified_time":"2025-04-12T11:57:15+00:00","og_image":[{"width":700,"height":869,"url":"https:\/\/osaka.ma\/wp-content\/uploads\/2024\/10\/gigabyte-geforce-rtx-3060-gaming-oc-8g.jpg","type":"image\/jpeg"}],"twitter_card":"summary_large_image","twitter_misc":{"Est. reading time":"4 minutes"},"schema":{"@context":"https:\/\/schema.org","@graph":[{"@type":"WebPage","@id":"https:\/\/osaka.ma\/fr\/product\/gigabyte-geforce-rtx-3060-gaming-oc-8gb\/","url":"https:\/\/osaka.ma\/fr\/product\/gigabyte-geforce-rtx-3060-gaming-oc-8gb\/","name":"GIGABYTE GEFORCE RTX 3060 GAMING OC 8GB - Osaka","isPartOf":{"@id":"https:\/\/osaka.ma\/#website"},"primaryImageOfPage":{"@id":"https:\/\/osaka.ma\/fr\/product\/gigabyte-geforce-rtx-3060-gaming-oc-8gb\/#primaryimage"},"image":{"@id":"https:\/\/osaka.ma\/fr\/product\/gigabyte-geforce-rtx-3060-gaming-oc-8gb\/#primaryimage"},"thumbnailUrl":"https:\/\/osaka.ma\/wp-content\/uploads\/2024\/10\/gigabyte-geforce-rtx-3060-gaming-oc-8g.jpg","datePublished":"2024-10-21T11:59:48+00:00","dateModified":"2025-04-12T11:57:15+00:00","breadcrumb":{"@id":"https:\/\/osaka.ma\/fr\/product\/gigabyte-geforce-rtx-3060-gaming-oc-8gb\/#breadcrumb"},"inLanguage":"ru-RU","potentialAction":[{"@type":"ReadAction","target":["https:\/\/osaka.ma\/fr\/product\/gigabyte-geforce-rtx-3060-gaming-oc-8gb\/"]}]},{"@type":"ImageObject","inLanguage":"ru-RU","@id":"https:\/\/osaka.ma\/fr\/product\/gigabyte-geforce-rtx-3060-gaming-oc-8gb\/#primaryimage","url":"https:\/\/osaka.ma\/wp-content\/uploads\/2024\/10\/gigabyte-geforce-rtx-3060-gaming-oc-8g.jpg","contentUrl":"https:\/\/osaka.ma\/wp-content\/uploads\/2024\/10\/gigabyte-geforce-rtx-3060-gaming-oc-8g.jpg","width":700,"height":869},{"@type":"BreadcrumbList","@id":"https:\/\/osaka.ma\/fr\/product\/gigabyte-geforce-rtx-3060-gaming-oc-8gb\/#breadcrumb","itemListElement":[{"@type":"ListItem","position":1,"name":"Home","item":"https:\/\/osaka.ma\/"},{"@type":"ListItem","position":2,"name":"Shop","item":"https:\/\/osaka.ma\/shop-2\/"},{"@type":"ListItem","position":3,"name":"GIGABYTE GEFORCE RTX 3060 GAMING OC 8GB"}]},{"@type":"WebSite","@id":"https:\/\/osaka.ma\/#website","url":"https:\/\/osaka.ma\/","name":"Osaka","description":"","publisher":{"@id":"https:\/\/osaka.ma\/#organization"},"potentialAction":[{"@type":"SearchAction","target":{"@type":"EntryPoint","urlTemplate":"https:\/\/osaka.ma\/?s={search_term_string}"},"query-input":{"@type":"PropertyValueSpecification","valueRequired":true,"valueName":"search_term_string"}}],"inLanguage":"ru-RU"},{"@type":"Organization","@id":"https:\/\/osaka.ma\/#organization","name":"Osaka","url":"https:\/\/osaka.ma\/","logo":{"@type":"ImageObject","inLanguage":"ru-RU","@id":"https:\/\/osaka.ma\/#\/schema\/logo\/image\/","url":"https:\/\/osaka.ma\/wp-content\/uploads\/2026\/01\/model-slogan-logo-2Plan-de-travail-1dksl-plus-finnn.png","contentUrl":"https:\/\/osaka.ma\/wp-content\/uploads\/2026\/01\/model-slogan-logo-2Plan-de-travail-1dksl-plus-finnn.png","width":842,"height":226,"caption":"Osaka"},"image":{"@id":"https:\/\/osaka.ma\/#\/schema\/logo\/image\/"}}]}},"jetpack_sharing_enabled":true,"brands":[],"_links":{"self":[{"href":"https:\/\/osaka.ma\/ru\/wp-json\/wp\/v2\/product\/10918","targetHints":{"allow":["GET"]}}],"collection":[{"href":"https:\/\/osaka.ma\/ru\/wp-json\/wp\/v2\/product"}],"about":[{"href":"https:\/\/osaka.ma\/ru\/wp-json\/wp\/v2\/types\/product"}],"version-history":[{"count":0,"href":"https:\/\/osaka.ma\/ru\/wp-json\/wp\/v2\/product\/10918\/revisions"}],"wp:featuredmedia":[{"embeddable":true,"href":"https:\/\/osaka.ma\/ru\/wp-json\/wp\/v2\/media\/1010921"}],"wp:attachment":[{"href":"https:\/\/osaka.ma\/ru\/wp-json\/wp\/v2\/media?parent=10918"}],"wp:term":[{"taxonomy":"pwb-brand","embeddable":true,"href":"https:\/\/osaka.ma\/ru\/wp-json\/wp\/v2\/pwb-brand?post=10918"},{"taxonomy":"product_brand","embeddable":true,"href":"https:\/\/osaka.ma\/ru\/wp-json\/wp\/v2\/product_brand?post=10918"},{"taxonomy":"product_cat","embeddable":true,"href":"https:\/\/osaka.ma\/ru\/wp-json\/wp\/v2\/product_cat?post=10918"},{"taxonomy":"product_tag","embeddable":true,"href":"https:\/\/osaka.ma\/ru\/wp-json\/wp\/v2\/product_tag?post=10918"},{"taxonomy":"pcb_component_type","embeddable":true,"href":"https:\/\/osaka.ma\/ru\/wp-json\/wp\/v2\/pcb_component_type?post=10918"}],"curies":[{"name":"wp","href":"https:\/\/api.w.org\/{rel}","templated":true}]}}