{"id":11081,"date":"2024-10-28T10:49:22","date_gmt":"2024-10-28T10:49:22","guid":{"rendered":"https:\/\/osaka.ma\/?post_type=product&#038;p=11081"},"modified":"2025-08-11T17:40:58","modified_gmt":"2025-08-11T16:40:58","slug":"pc-gamer-ryzen-5-5500-16gb-256gb-ssd-gtx-1650-4gb","status":"publish","type":"product","link":"https:\/\/osaka.ma\/ru\/product\/pc-gamer-ryzen-5-5500-16gb-256gb-ssd-gtx-1650-4gb\/","title":{"rendered":"PC GAMER RYZEN 5 5500 \/ 16GB\/ 256GB SSD\/ GTX 1650 4GB"},"content":{"rendered":"<section class=\"wd-negative-gap elementor-section elementor-top-section elementor-element elementor-element-562428a elementor-reverse-mobile elementor-section-boxed elementor-section-height-default elementor-section-height-default wd-section-disabled\" data-id=\"562428a\" data-element_type=\"section\">\n<div class=\"elementor-container elementor-column-gap-default\">\n<div class=\"elementor-column elementor-col-50 elementor-top-column elementor-element elementor-element-849fa95\" data-id=\"849fa95\" data-element_type=\"column\" data-settings=\"{&quot;background_background&quot;:&quot;classic&quot;}\">\n<div class=\"elementor-widget-wrap elementor-element-populated\">\n<div class=\"elementor-element elementor-element-e24b901 wd-single-content elementor-widget elementor-widget-wd_single_product_content\" data-id=\"e24b901\" data-element_type=\"widget\" data-widget_type=\"wd_single_product_content.default\">\n<div class=\"elementor-widget-container\">\n<p>&nbsp;<\/p>\n<\/div>\n<\/div>\n<\/div>\n<\/div>\n<\/div>\n<\/section>\n<section class=\"wd-negative-gap elementor-section elementor-top-section elementor-element elementor-element-ff7c99b elementor-section-boxed elementor-section-height-default elementor-section-height-default wd-section-disabled\" data-id=\"ff7c99b\" data-element_type=\"section\" data-settings=\"{&quot;background_background&quot;:&quot;classic&quot;}\">\n<div class=\"elementor-container elementor-column-gap-default\">\n<div class=\"elementor-column elementor-col-100 elementor-top-column elementor-element elementor-element-c6002b7\" data-id=\"c6002b7\" data-element_type=\"column\">\n<div class=\"elementor-widget-wrap elementor-element-populated\">\n<div class=\"elementor-element elementor-element-184a90c wd-layout-two-column wd-single-reviews elementor-widget elementor-widget-wd_single_product_reviews\" data-id=\"184a90c\" data-element_type=\"widget\" data-widget_type=\"wd_single_product_reviews.default\">\n<div class=\"elementor-widget-container\">\n<div id=\"reviews\" class=\"woocommerce-Reviews\" data-product-id=\"32623\">\n<div id=\"review_form_wrapper\" class=\"wd-form-pos-before\">\n<div id=\"review_form\">\n<div id=\"respond\" class=\"comment-respond\">\n<p><strong><i><img decoding=\"async\" class=\"\" src=\"https:\/\/media.ldlc.com\/bo\/images\/fiches\/kit_upgrade\/case_80.png\" alt=\"\" width=\"48\" height=\"48\" \/><\/i>PC Gamer Osaka<\/strong> vous offre une configuration avec des composants \u00e9quilibr\u00e9s, ce PC Gamer compos\u00e9 d\u2019un processeur <strong>AMD Ryzen 5 <\/strong>ainsi que d\u2019une carte graphique <strong>ARKETK RADEON RX 580 8GB<\/strong><b>\u00a0<\/b>Il int\u00e8gre \u00e9galement un\u00a0<strong>SSD NVMe<\/strong>\u00a0<strong>GEN 3<\/strong>\u00a0pour un syst\u00e8me toujours plus rapide et<strong> RAM DDR4<\/strong>. Voila les atouts de ce PC puissant taill\u00e9 pour travailler dans les meilleures conditions.<\/p>\n<h2>CARACT\u00c9RISTIQUES PRINCIPALES :<\/h2>\n<ul>\n<li class=\"product-title\">Processeur <a href=\"https:\/\/osaka.ma\/produit\/amd-ryzen-5-5500-3-6-ghz-4-2-ghz-tray\/\"><strong>AMD Ryzen 5 5500<\/strong><\/a> (3.6 GHz \/ 4.2 GHz) Processeur 6-Core 12-Threads socket AM4 GameCache 19 Mo 7 nm TDP 65W<\/li>\n<li>Carte m\u00e8re <a href=\"https:\/\/osaka.ma\/produit\/msi-a520m-a-pro\/\"><strong>MSI A520M A PRO<\/strong><\/a><\/li>\n<li>Ram\u00a0<a href=\"https:\/\/osaka.ma\/produit\/16gb8x2-gigastone-ddr4-3200mhz\/\"><strong>16GB ( 2 X 8GB) GIGASTONE DDR4 3200MHz<\/strong><\/a><\/li>\n<li>Carte graphique <a href=\"https:\/\/osaka.ma\/produit\/zotac-gaming-geforce-gtx-1650-4gb-gddr6\/\"><strong>ZOTAC GAMING GEFORCE GTX 1650 4GB GDDR6<\/strong><\/a><\/li>\n<li>Bo\u00eetier <a href=\"https:\/\/osaka.ma\/produit\/msi-mag-shield-m301\/\"><strong>MSI MAG Shield M301<\/strong><\/a><\/li>\n<li>SSD <strong>256GB NVMe M.2<\/strong><\/li>\n<li>Ventirad <a href=\"https:\/\/osaka.ma\/produit\/connect-refroidisseur-arctic-flow-120mm-argb\/\"><strong>CONNECT ARCTIC FLOW 90MM ARGB<\/strong><\/a><\/li>\n<li>Alimentation <strong>TACENS ANIMA APSI 500W\u00a0<\/strong><\/li>\n<li><strong>Win11 \/ Bien assembl\u00e9<\/strong><\/li>\n<\/ul>\n<div class=\"logo\"><a href=\"https:\/\/www.ldlc.com\/amd\/bint000000805\/\" rel=\"nofollow noopener\" target=\"_blank\"><img decoding=\"async\" class=\"aligncenter\" src=\"https:\/\/media.ldlc.com\/v3\/marque\/bo\/00\/01\/69\/31\/V30001693127_2.gif\" alt=\"AMD\" \/><\/a><\/div>\n<div id=\"description\" class=\"description\">\n<div class=\"details-pdt-desc\">\n<h2 class=\"h2-master\">Un processeur taill\u00e9 pour le Jeu Vid\u00e9o<\/h2>\n<section>Le\u00a0<strong>processeur AMD Ryzen 5 5600\u00a0<\/strong>est taill\u00e9 pour le jeu vid\u00e9o :\u00a0<strong>6 Cores<\/strong>,\u00a0<strong>12 Threads<\/strong>\u00a0et\u00a0<strong>GameCache 35 Mo<\/strong>. Sans parler des fr\u00e9quences natives et boost qui atteignent des sommets pour vous permettre de profiter de vos jeux pr\u00e9f\u00e9r\u00e9s dans les meilleures conditions. Associez lui une carte graphique hautes performances et vous pourrez jouer de mani\u00e8re optimale. Tout simplement.<\/section>\n<section>\n<div class=\"desc-image\"><img decoding=\"async\" src=\"https:\/\/media.ldlc.com\/bo\/images\/fiches\/processeur\/amd\/vermeer\/amd_ryzen_0001.jpg\" alt=\"\" \/><\/div>\n<div class=\"desc-text\">\n<h2>6\u00a0C\u0152URS NATIFS\u00a0ET 12 COEURS LOGIQUES<\/h2>\n<p>Le\u00a0<strong>processeur pour PC de bureau\u00a0AMD Ryzen 5 5500\u00a0<\/strong>propose\u00a0<strong>6 coeurs natifs<\/strong>\u00a0et\u00a0<strong>12 coeurs logiques<\/strong>\u00a0pour un traitement multit\u00e2che agr\u00e9ablement fluide. Gr\u00e2ce \u00e0 sa\u00a0<strong>fr\u00e9quence native \u00e9lev\u00e9e<\/strong>\u00a0et \u00e0 son mode\u00a0<strong><em>Turbo Core<\/em><\/strong>\u00a0ajustant la puissance en fonction des besoins, le\u00a0<strong>CPU AMD Ryzen de nouvelle g\u00e9n\u00e9ration<\/strong>\u00a0d\u00e9livre des performances exceptionnelles dans tous les domaines : Jeux vid\u00e9o, multit\u00e2che intensif, \u00e9dition vid\u00e9o, mod\u00e9lisation 3D et bien plus encore. Le\u00a0<strong>cache L3 de 16 Mo<\/strong>\u00a0permet en outre le traitement ultrarapide d&#8217;un grand nombre d&#8217;instructions gr\u00e2ce \u00e0 des latences r\u00e9duites.<\/p>\n<h2>MICROARCHITECTURE ZEN 3<\/h2>\n<p>Lorsque vous b\u00e9n\u00e9ficiez de l&#8217;architecture de processeur la plus avanc\u00e9e pour les\u00a0gamers et les cr\u00e9ateurs de contenu, les possibilit\u00e9s sont infinies. Que vous jouiez aux tout derniers jeux, conceviez le prochain gratte-ciel ou utilisiez des donn\u00e9es, vous avez besoin d&#8217;un processeur puissant capable de g\u00e9rer tout cela et plus encore. C&#8217;est incontestable, les processeurs pour PC de bureau AMD Ryzen\u00a0s\u00e9rie 5000 imposent un nouveau standard pour les gamers comme pour les artistes.<\/p>\n<\/div>\n<\/section>\n<section>\n<div class=\"desc-image\"><img decoding=\"async\" src=\"https:\/\/media.ldlc.com\/bo\/images\/fiches\/processeur\/amd\/vermeer\/amd_zen3.jpg\" alt=\"\" \/><\/div>\n<\/section>\n<section>\n<div class=\"desc-image\"><img decoding=\"async\" src=\"https:\/\/media.ldlc.com\/bo\/images\/fiches\/processeur\/amd\/vermeer\/amd_ryzen_master.jpg\" alt=\"\" \/><\/div>\n<div class=\"desc-text\">\n<h2>PRENEZ LE CONTR\u00d4LE<\/h2>\n<p>Ryzen Master est l&#8217;outil qu&#8217;il vous faut pour g\u00e9rer effecicacement les performances de votre processeur. C&#8217;est l&#8217;utilitaire d&#8217;overclocking simple et puissant destin\u00e9 aux processeurs AMD Ryzen.\u00a0Chaque processeur AMD Ryzen\u00a0est d\u00e9brid\u00e9 au niveau du multiplicateur en usine afin que vous puissiez personnaliser les performances \u00e0 votre go\u00fbt. AMD fournit l\u2019utilitaire AMD Ryzen\u00a0Master pour acc\u00e9der \u00e0 ce puissant avantage.\u00a0La nouvelle vue de base vous offre la possibilit\u00e9 d\u2019overclocker automatiquement votre CPU, de contr\u00f4ler manuellement la quantit\u00e9 d\u2019overclocking que vous souhaitez appliquer, tout en vous offrant une visibilit\u00e9 sur les param\u00e8tres syst\u00e8me importants comme la temp\u00e9rature, la vitesse et les tensions du CPU.<\/p>\n<\/div>\n<\/section>\n<p>&nbsp;<\/p>\n<\/div>\n<\/div>\n<\/div>\n<div id=\"description\" class=\"description\">\n<div class=\"details-pdt-desc\">\n<section class=\"list\">\n<div class=\"elementor-element elementor-element-c16bd17 elementor-widget elementor-widget-image\" data-id=\"c16bd17\" data-element_type=\"widget\" data-widget_type=\"image.default\">\n<div class=\"elementor-widget-container\"><\/div>\n<\/div>\n<section class=\"elementor-element elementor-element-23ad98c elementor-section-boxed elementor-section-height-default elementor-section-height-default elementor-section elementor-inner-section\" data-id=\"23ad98c\" data-element_type=\"section\">\n<div class=\"elementor-container elementor-column-gap-default\">\n<div class=\"elementor-row\">\n<div class=\"elementor-element elementor-element-a85da8c elementor-column elementor-col-100 elementor-inner-column\" data-id=\"a85da8c\" data-element_type=\"column\">\n<div class=\"elementor-column-wrap elementor-element-populated\">\n<div class=\"elementor-widget-wrap\">\n<div class=\"elementor-element elementor-element-017bf64 elementor-widget elementor-widget-text-editor\" data-id=\"017bf64\" data-element_type=\"widget\" data-widget_type=\"text-editor.default\">\n<div class=\"elementor-widget-container\">\n<div class=\"elementor-text-editor elementor-clearfix\">\n<section class=\"av_textblock_section\">\n<div class=\"avia_textblock av_inherit_color\">\n<section class=\"av_textblock_section\">\n<div class=\"avia_textblock av_inherit_color\">\n<div class=\"logo\"><a href=\"https:\/\/www.ldlc.com\/en\/zotac\/bint000034387\/\" rel=\"nofollow noopener\" target=\"_blank\"><img decoding=\"async\" src=\"https:\/\/media.ldlc.com\/v3\/marque\/190\/C000034387.gif\" alt=\"ZOTAC\" \/><\/a><\/div>\n<div id=\"description\" class=\"description\">\n<div class=\"details-pdt-desc\">\n<h2 class=\"h2-master\">NVIDIA GeForce GTX 1650: Affordable and powerful<\/h2>\n<section>The GeForce GTX 1650 offers the best in gaming without breaking the bank. Based on the\u00a0<em><strong>NVIDIA Turing<\/strong><\/em>architecture, the\u00a0<strong>ZOTAC GAMING GeForce GTX 1650 OC GDDR6 graphics card<\/strong>\u00a0offers the ideal graphics performance for full HD while<strong>\u00a0<\/strong>being very affordable. This\u00a0<strong>gaming and multimedia graphics card\u00a0<\/strong>features the\u00a0<strong>NVIDIA TU117\u00a0<\/strong>graphics processor\u00a0<strong>with\u00a0<\/strong><strong>4GB of GDDR6 VRAM<\/strong>, a\u00a0<strong>128-bit<\/strong>\u00a0memory interface and\u00a0<strong>896<\/strong>\u00a0CUDA cores.<\/p>\n<p>The\u00a0<strong>ZOTAC GAMING GeForce GTX 1650 OC GDDR6\u00a0<\/strong>graphics card can fit into a small PC thanks to its compact size of only 160 mm. Its low power consumption means that it does not need an additional power connector. The cooling is provided by two fans and a low profile bracket is included to fit even the smallest cases.<\/p>\n<\/section>\n<section>\n<div class=\"desc-image\"><img decoding=\"async\" src=\"https:\/\/media.ldlc.com\/bo\/images\/fiches\/Carte_graphique\/NVIDIA_GeForce_RTX\/1660TI\/800_1.jpg\" alt=\"\" \/><\/div>\n<div class=\"desc-text\">\n<h2>GTX 16 Series: Supercharged Graphics<\/h2>\n<p>The GTX 16 series graphics cards feature the Turing architecture via the 12nm TU117 GPU. Designed for gamers looking for top-notch graphics performance without breaking the bank, the world-renowned Geforce GTX series is back! This new iteration, soberly named the &#8220;16 series&#8221;, has arrived to the delight of gamers.<\/p>\n<\/div>\n<\/section>\n<section>\n<div class=\"desc-text\">\n<h2>GDDR6 &#8211; DIRECTX 12 &#8211; NVIDIA ANSEL<\/h2>\n<p><strong>NVIDIA<\/strong>\u00a0&#8216;s\u00a0<strong>GeFore GTX 1650\u00a0<\/strong>are based on ultra-fast\u00a0<strong>GDDR6 VRAM\u00a0<\/strong>.\u00a0<strong>DirectX 12<\/strong>\u00a0pushes realism in games with innovative effects.\u00a0<strong>NVIDIA ANSEL<\/strong>\u00a0is a revolutionary way to record and view 360-degree screenshots with added effects and post-processing.<\/p>\n<\/div>\n<div class=\"desc-image\"><img decoding=\"async\" src=\"https:\/\/media.ldlc.com\/bo\/images\/fiches\/Carte_graphique\/NVIDIA_GeForce_RTX\/1660TI\/800_2.jpg\" alt=\"\" \/><\/div>\n<\/section>\n<section>\n<div class=\"desc-image\"><img decoding=\"async\" src=\"https:\/\/media.ldlc.com\/bo\/images\/fiches\/Carte_graphique\/NVIDIA_GeForce_RTX\/1660TI\/800_3.jpg\" alt=\"\" \/><\/div>\n<div class=\"desc-text\">\n<h2>GeForce Experience, Game Ready &amp; ShadowPlay<\/h2>\n<p>With GeForce Experience, Game Ready and Shadowplay, you can automatically update your hardware drivers and optimize your game settings. You can also record and share videos, screenshots and livestream your gaming sessions. Not to mention earning badges and rewards!<\/p>\n<\/div>\n<\/section>\n<\/div>\n<\/div>\n<\/div>\n<\/section>\n<\/div>\n<\/section>\n<section class=\"av_textblock_section\">\n<div class=\"avia_textblock av_inherit_color\">\n<p>&nbsp;<\/p>\n<\/div>\n<\/section>\n<\/div>\n<\/div>\n<\/div>\n<\/div>\n<\/div>\n<\/div>\n<\/div>\n<\/div>\n<\/section>\n<\/section>\n<\/div>\n<\/div>\n<\/div>\n<\/div>\n<\/div>\n<\/div>\n<\/div>\n<\/div>\n<\/div>\n<\/div>\n<\/section>\n","protected":false},"excerpt":{"rendered":"<h2>CARACT\u00c9RISTIQUES PRINCIPALES :<\/h2>\n<ul>\n<li class=\"product-title\">Processeur <strong>AMD Ryzen 5 5500<\/strong> (3.6 GHz \/ 4.2 GHz) Processeur 6-Core 12-Threads socket AM4 GameCache 19 Mo 7 nm TDP 65W<\/li>\n<li>Carte m\u00e8re <strong>MSI A520M A PRO<\/strong><\/li>\n<li>Ram\u00a0<strong>16GB ( 2 X 8GB) GIGASTONE DDR4 3200MHz<\/strong><\/li>\n<li>Carte graphique <strong>ZOTAC GAMING GEFORCE GTX 1650 4GB GDDR6<\/strong><\/li>\n<li>Bo\u00eetier <strong>MSI MAG Shield M301<\/strong><\/li>\n<li>SSD <strong>256GB NVMe M.2<\/strong><\/li>\n<li>Ventirad <strong>CONNECT ARCTIC FLOW 90MM ARGB<\/strong><\/li>\n<li>Alimentation <strong>TACENS ANIMA APSI 500W\u00a0<\/strong><\/li>\n<li><strong>Win11 \/ Bien assembl\u00e9<\/strong><\/li>\n<\/ul>\n","protected":false},"featured_media":1007120,"template":"","meta":{"_acf_changed":false},"pwb-brand":[],"product_brand":[],"product_cat":[54,53],"product_tag":[],"pcb_component_type":[],"class_list":{"0":"post-11081","1":"product","2":"type-product","3":"status-publish","4":"has-post-thumbnail","6":"product_cat-amd-ryzen","7":"product_cat-pc-gamer","9":"first","10":"outofstock","11":"shipping-taxable","12":"purchasable","13":"product-type-simple"},"translation":{"provider":"WPGlobus","version":"3.0.2","language":"ru","enabled_languages":["en","es","de","fr","ru"],"languages":{"en":{"title":true,"content":true,"excerpt":true},"es":{"title":false,"content":false,"excerpt":false},"de":{"title":false,"content":false,"excerpt":false},"fr":{"title":false,"content":false,"excerpt":false},"ru":{"title":false,"content":false,"excerpt":false}}},"acf":[],"yoast_head":"<!-- This site is optimized with the Yoast SEO plugin v27.2 - https:\/\/yoast.com\/product\/yoast-seo-wordpress\/ -->\n<title>PC GAMER RYZEN 5 5500 \/ 16GB\/ 256GB SSD\/ GTX 1650 4GB - Osaka<\/title>\n<meta name=\"robots\" content=\"index, follow, max-snippet:-1, max-image-preview:large, max-video-preview:-1\" \/>\n<link rel=\"canonical\" href=\"https:\/\/osaka.ma\/de\/product\/pc-gamer-ryzen-5-5500-16gb-256gb-ssd-gtx-1650-4gb\/\" \/>\n<meta property=\"og:locale\" content=\"ru_RU\" \/>\n<meta property=\"og:type\" content=\"article\" \/>\n<meta property=\"og:title\" content=\"PC GAMER RYZEN 5 5500 \/ 16GB\/ 256GB SSD\/ GTX 1650 4GB - Osaka\" \/>\n<meta property=\"og:url\" content=\"https:\/\/osaka.ma\/de\/product\/pc-gamer-ryzen-5-5500-16gb-256gb-ssd-gtx-1650-4gb\/\" \/>\n<meta property=\"og:site_name\" content=\"Osaka\" \/>\n<meta property=\"article:modified_time\" content=\"2025-08-11T16:40:58+00:00\" \/>\n<meta property=\"og:image\" content=\"https:\/\/osaka.ma\/wp-content\/uploads\/2024\/01\/MSI-MAG-SHIELD-M301.png\" \/>\n\t<meta property=\"og:image:width\" content=\"1024\" \/>\n\t<meta property=\"og:image:height\" content=\"819\" \/>\n\t<meta property=\"og:image:type\" content=\"image\/png\" \/>\n<meta name=\"twitter:card\" content=\"summary_large_image\" \/>\n<meta name=\"twitter:label1\" content=\"Est. reading time\" \/>\n\t<meta name=\"twitter:data1\" content=\"6 minutes\" \/>\n<script type=\"application\/ld+json\" class=\"yoast-schema-graph\">{\"@context\":\"https:\/\/schema.org\",\"@graph\":[{\"@type\":\"WebPage\",\"@id\":\"https:\/\/osaka.ma\/de\/product\/pc-gamer-ryzen-5-5500-16gb-256gb-ssd-gtx-1650-4gb\/\",\"url\":\"https:\/\/osaka.ma\/de\/product\/pc-gamer-ryzen-5-5500-16gb-256gb-ssd-gtx-1650-4gb\/\",\"name\":\"PC GAMER RYZEN 5 5500 \/ 16GB\/ 256GB SSD\/ GTX 1650 4GB - Osaka\",\"isPartOf\":{\"@id\":\"https:\/\/osaka.ma\/#website\"},\"primaryImageOfPage\":{\"@id\":\"https:\/\/osaka.ma\/de\/product\/pc-gamer-ryzen-5-5500-16gb-256gb-ssd-gtx-1650-4gb\/#primaryimage\"},\"image\":{\"@id\":\"https:\/\/osaka.ma\/de\/product\/pc-gamer-ryzen-5-5500-16gb-256gb-ssd-gtx-1650-4gb\/#primaryimage\"},\"thumbnailUrl\":\"https:\/\/osaka.ma\/wp-content\/uploads\/2024\/01\/MSI-MAG-SHIELD-M301.png\",\"datePublished\":\"2024-10-28T10:49:22+00:00\",\"dateModified\":\"2025-08-11T16:40:58+00:00\",\"breadcrumb\":{\"@id\":\"https:\/\/osaka.ma\/de\/product\/pc-gamer-ryzen-5-5500-16gb-256gb-ssd-gtx-1650-4gb\/#breadcrumb\"},\"inLanguage\":\"ru-RU\",\"potentialAction\":[{\"@type\":\"ReadAction\",\"target\":[\"https:\/\/osaka.ma\/de\/product\/pc-gamer-ryzen-5-5500-16gb-256gb-ssd-gtx-1650-4gb\/\"]}]},{\"@type\":\"ImageObject\",\"inLanguage\":\"ru-RU\",\"@id\":\"https:\/\/osaka.ma\/de\/product\/pc-gamer-ryzen-5-5500-16gb-256gb-ssd-gtx-1650-4gb\/#primaryimage\",\"url\":\"https:\/\/osaka.ma\/wp-content\/uploads\/2024\/01\/MSI-MAG-SHIELD-M301.png\",\"contentUrl\":\"https:\/\/osaka.ma\/wp-content\/uploads\/2024\/01\/MSI-MAG-SHIELD-M301.png\",\"width\":1024,\"height\":819},{\"@type\":\"BreadcrumbList\",\"@id\":\"https:\/\/osaka.ma\/de\/product\/pc-gamer-ryzen-5-5500-16gb-256gb-ssd-gtx-1650-4gb\/#breadcrumb\",\"itemListElement\":[{\"@type\":\"ListItem\",\"position\":1,\"name\":\"Home\",\"item\":\"https:\/\/osaka.ma\/\"},{\"@type\":\"ListItem\",\"position\":2,\"name\":\"Shop\",\"item\":\"https:\/\/osaka.ma\/shop-2\/\"},{\"@type\":\"ListItem\",\"position\":3,\"name\":\"PC GAMER RYZEN 5 5500 \/ 16GB\/ 256GB SSD\/ GTX 1650 4GB\"}]},{\"@type\":\"WebSite\",\"@id\":\"https:\/\/osaka.ma\/#website\",\"url\":\"https:\/\/osaka.ma\/\",\"name\":\"Osaka\",\"description\":\"\",\"publisher\":{\"@id\":\"https:\/\/osaka.ma\/#organization\"},\"potentialAction\":[{\"@type\":\"SearchAction\",\"target\":{\"@type\":\"EntryPoint\",\"urlTemplate\":\"https:\/\/osaka.ma\/?s={search_term_string}\"},\"query-input\":{\"@type\":\"PropertyValueSpecification\",\"valueRequired\":true,\"valueName\":\"search_term_string\"}}],\"inLanguage\":\"ru-RU\"},{\"@type\":\"Organization\",\"@id\":\"https:\/\/osaka.ma\/#organization\",\"name\":\"Osaka\",\"url\":\"https:\/\/osaka.ma\/\",\"logo\":{\"@type\":\"ImageObject\",\"inLanguage\":\"ru-RU\",\"@id\":\"https:\/\/osaka.ma\/#\/schema\/logo\/image\/\",\"url\":\"https:\/\/osaka.ma\/wp-content\/uploads\/2026\/01\/model-slogan-logo-2Plan-de-travail-1dksl-plus-finnn.png\",\"contentUrl\":\"https:\/\/osaka.ma\/wp-content\/uploads\/2026\/01\/model-slogan-logo-2Plan-de-travail-1dksl-plus-finnn.png\",\"width\":842,\"height\":226,\"caption\":\"Osaka\"},\"image\":{\"@id\":\"https:\/\/osaka.ma\/#\/schema\/logo\/image\/\"}}]}<\/script>\n<!-- \/ Yoast SEO plugin. -->","yoast_head_json":{"title":"PC GAMER RYZEN 5 5500 \/ 16GB\/ 256GB SSD\/ GTX 1650 4GB - Osaka","robots":{"index":"index","follow":"follow","max-snippet":"max-snippet:-1","max-image-preview":"max-image-preview:large","max-video-preview":"max-video-preview:-1"},"canonical":"https:\/\/osaka.ma\/de\/product\/pc-gamer-ryzen-5-5500-16gb-256gb-ssd-gtx-1650-4gb\/","og_locale":"ru_RU","og_type":"article","og_title":"PC GAMER RYZEN 5 5500 \/ 16GB\/ 256GB SSD\/ GTX 1650 4GB - Osaka","og_url":"https:\/\/osaka.ma\/de\/product\/pc-gamer-ryzen-5-5500-16gb-256gb-ssd-gtx-1650-4gb\/","og_site_name":"Osaka","article_modified_time":"2025-08-11T16:40:58+00:00","og_image":[{"width":1024,"height":819,"url":"https:\/\/osaka.ma\/wp-content\/uploads\/2024\/01\/MSI-MAG-SHIELD-M301.png","type":"image\/png"}],"twitter_card":"summary_large_image","twitter_misc":{"Est. reading time":"6 minutes"},"schema":{"@context":"https:\/\/schema.org","@graph":[{"@type":"WebPage","@id":"https:\/\/osaka.ma\/de\/product\/pc-gamer-ryzen-5-5500-16gb-256gb-ssd-gtx-1650-4gb\/","url":"https:\/\/osaka.ma\/de\/product\/pc-gamer-ryzen-5-5500-16gb-256gb-ssd-gtx-1650-4gb\/","name":"PC GAMER RYZEN 5 5500 \/ 16GB\/ 256GB SSD\/ GTX 1650 4GB - Osaka","isPartOf":{"@id":"https:\/\/osaka.ma\/#website"},"primaryImageOfPage":{"@id":"https:\/\/osaka.ma\/de\/product\/pc-gamer-ryzen-5-5500-16gb-256gb-ssd-gtx-1650-4gb\/#primaryimage"},"image":{"@id":"https:\/\/osaka.ma\/de\/product\/pc-gamer-ryzen-5-5500-16gb-256gb-ssd-gtx-1650-4gb\/#primaryimage"},"thumbnailUrl":"https:\/\/osaka.ma\/wp-content\/uploads\/2024\/01\/MSI-MAG-SHIELD-M301.png","datePublished":"2024-10-28T10:49:22+00:00","dateModified":"2025-08-11T16:40:58+00:00","breadcrumb":{"@id":"https:\/\/osaka.ma\/de\/product\/pc-gamer-ryzen-5-5500-16gb-256gb-ssd-gtx-1650-4gb\/#breadcrumb"},"inLanguage":"ru-RU","potentialAction":[{"@type":"ReadAction","target":["https:\/\/osaka.ma\/de\/product\/pc-gamer-ryzen-5-5500-16gb-256gb-ssd-gtx-1650-4gb\/"]}]},{"@type":"ImageObject","inLanguage":"ru-RU","@id":"https:\/\/osaka.ma\/de\/product\/pc-gamer-ryzen-5-5500-16gb-256gb-ssd-gtx-1650-4gb\/#primaryimage","url":"https:\/\/osaka.ma\/wp-content\/uploads\/2024\/01\/MSI-MAG-SHIELD-M301.png","contentUrl":"https:\/\/osaka.ma\/wp-content\/uploads\/2024\/01\/MSI-MAG-SHIELD-M301.png","width":1024,"height":819},{"@type":"BreadcrumbList","@id":"https:\/\/osaka.ma\/de\/product\/pc-gamer-ryzen-5-5500-16gb-256gb-ssd-gtx-1650-4gb\/#breadcrumb","itemListElement":[{"@type":"ListItem","position":1,"name":"Home","item":"https:\/\/osaka.ma\/"},{"@type":"ListItem","position":2,"name":"Shop","item":"https:\/\/osaka.ma\/shop-2\/"},{"@type":"ListItem","position":3,"name":"PC GAMER RYZEN 5 5500 \/ 16GB\/ 256GB SSD\/ GTX 1650 4GB"}]},{"@type":"WebSite","@id":"https:\/\/osaka.ma\/#website","url":"https:\/\/osaka.ma\/","name":"Osaka","description":"","publisher":{"@id":"https:\/\/osaka.ma\/#organization"},"potentialAction":[{"@type":"SearchAction","target":{"@type":"EntryPoint","urlTemplate":"https:\/\/osaka.ma\/?s={search_term_string}"},"query-input":{"@type":"PropertyValueSpecification","valueRequired":true,"valueName":"search_term_string"}}],"inLanguage":"ru-RU"},{"@type":"Organization","@id":"https:\/\/osaka.ma\/#organization","name":"Osaka","url":"https:\/\/osaka.ma\/","logo":{"@type":"ImageObject","inLanguage":"ru-RU","@id":"https:\/\/osaka.ma\/#\/schema\/logo\/image\/","url":"https:\/\/osaka.ma\/wp-content\/uploads\/2026\/01\/model-slogan-logo-2Plan-de-travail-1dksl-plus-finnn.png","contentUrl":"https:\/\/osaka.ma\/wp-content\/uploads\/2026\/01\/model-slogan-logo-2Plan-de-travail-1dksl-plus-finnn.png","width":842,"height":226,"caption":"Osaka"},"image":{"@id":"https:\/\/osaka.ma\/#\/schema\/logo\/image\/"}}]}},"jetpack_sharing_enabled":true,"brands":[],"_links":{"self":[{"href":"https:\/\/osaka.ma\/ru\/wp-json\/wp\/v2\/product\/11081","targetHints":{"allow":["GET"]}}],"collection":[{"href":"https:\/\/osaka.ma\/ru\/wp-json\/wp\/v2\/product"}],"about":[{"href":"https:\/\/osaka.ma\/ru\/wp-json\/wp\/v2\/types\/product"}],"version-history":[{"count":0,"href":"https:\/\/osaka.ma\/ru\/wp-json\/wp\/v2\/product\/11081\/revisions"}],"wp:featuredmedia":[{"embeddable":true,"href":"https:\/\/osaka.ma\/ru\/wp-json\/wp\/v2\/media\/1007120"}],"wp:attachment":[{"href":"https:\/\/osaka.ma\/ru\/wp-json\/wp\/v2\/media?parent=11081"}],"wp:term":[{"taxonomy":"pwb-brand","embeddable":true,"href":"https:\/\/osaka.ma\/ru\/wp-json\/wp\/v2\/pwb-brand?post=11081"},{"taxonomy":"product_brand","embeddable":true,"href":"https:\/\/osaka.ma\/ru\/wp-json\/wp\/v2\/product_brand?post=11081"},{"taxonomy":"product_cat","embeddable":true,"href":"https:\/\/osaka.ma\/ru\/wp-json\/wp\/v2\/product_cat?post=11081"},{"taxonomy":"product_tag","embeddable":true,"href":"https:\/\/osaka.ma\/ru\/wp-json\/wp\/v2\/product_tag?post=11081"},{"taxonomy":"pcb_component_type","embeddable":true,"href":"https:\/\/osaka.ma\/ru\/wp-json\/wp\/v2\/pcb_component_type?post=11081"}],"curies":[{"name":"wp","href":"https:\/\/api.w.org\/{rel}","templated":true}]}}