{"id":11137,"date":"2024-10-29T14:14:39","date_gmt":"2024-10-29T14:14:39","guid":{"rendered":"https:\/\/osaka.ma\/?post_type=product&#038;p=11137"},"modified":"2025-11-12T01:02:06","modified_gmt":"2025-11-12T00:02:06","slug":"lenovo-tab-m11-4g-128gb-11-ips","status":"publish","type":"product","link":"https:\/\/osaka.ma\/ru\/product\/lenovo-tab-m11-4g-128gb-11-ips\/","title":{"rendered":"LENOVO TAB M11 4G 128GB 11&#8243; IPS"},"content":{"rendered":"<div class=\"logo\"><a href=\"https:\/\/www.ldlc.com\/lenovo\/bint000033945\/\" rel=\"nofollow noopener\" target=\"_blank\"><img decoding=\"async\" src=\"https:\/\/media.ldlc.com\/v3\/marque\/bo\/00\/03\/12\/03\/V30003120395_2.jpg\" alt=\"Lenovo\" \/><\/a><\/div>\n<div id=\"description\" class=\"description\">\n<div class=\"details-pdt-desc\">\n<h2 class=\"h2-master\">Un divertissement mobile de qualit\u00e9<\/h2>\n<section>Profitez d&#8217;une exp\u00e9rience audio\/vid\u00e9o de qualit\u00e9 avec la\u00a0<strong>tablette Lenovo Tab M11<\/strong>. Avec son \u00e9cran de 11&#8243; Full HD+ et ses quatre haut-parleurs optimis\u00e9s par Dolby Atmos, cette tablette Lenovo offre un divertissement multim\u00e9dia de qualit\u00e9 et permet une navigation confortable.<br \/>\n<\/section>\n<section>\n<div class=\"desc-image\"><img decoding=\"async\" src=\"https:\/\/media.ldlc.com\/bo\/images\/fiches\/tablette_internet\/Lenovo\/tab_m11\/801.jpg\" alt=\"\" \/><\/div>\n<div class=\"desc-text\">\n<h2>Une tablette taill\u00e9e pour le divertissment<\/h2>\n<p>Gr\u00e2ce \u00e0 son processeur MediaTek Helio G88 Octo-Core, cette tablette tactile Lenovo offre d&#8217;excellentes performances au quotidien, que vous ayez besoin de consulter des pages Web, de regarder une vid\u00e9o ern streaming ou de lancer une application de jeu mobile. Par ailleurs, sa batterie offre une bonne autonomie, avec jusqu&#8217;\u00e0 10 heures de lecture vid\u00e9o.<\/p>\n<\/div>\n<\/section>\n<section>\n<div class=\"desc-text\">\n<h2>Exp\u00e9rience tactile de qualit\u00e9<\/h2>\n<p>Fournie avec un stylet, cette tablette Lenovo Tab M11 favorise l&#8217;apprentissage pour les plus jeunes et facilite la prise de notes. Avec 4 096 niveaux de sensibilit\u00e9 \u00e0 la pression, la d\u00e9tection de l\u2019inclinaison et une batterie rechargeable longue dur\u00e9e, le stylet offre une prise en main confortable et fid\u00e8le \u00e0 la r\u00e9alit\u00e9.<\/p>\n<\/div>\n<div class=\"desc-image\"><img decoding=\"async\" src=\"https:\/\/media.ldlc.com\/bo\/images\/fiches\/tablette_internet\/Lenovo\/tab_m11\/802.jpg\" alt=\"\" \/><\/div>\n<\/section>\n<section>\n<div class=\"desc-image\"><img decoding=\"async\" src=\"https:\/\/media.ldlc.com\/bo\/images\/fiches\/tablette_internet\/Lenovo\/tab_m11\/803.jpg\" alt=\"\" \/><\/div>\n<div class=\"desc-text\">\n<h2>Lecture immersive<\/h2>\n<p>En reproduisant la matrice de couleurs d&#8217;un livre avec des modes chromatique et monochrome, le mode de lecture immersive permet \u00e0 chacun de s\u2019accorder une pause bienvenue dans son travail. De plus, l&#8217;\u00e9cran certifi\u00e9 T\u00dcV permet de lire pendant des heures tout en pr\u00e9servant le confort oculaire.<\/p>\n<\/div>\n<\/section>\n<\/div>\n<\/div>\n","protected":false},"excerpt":{"rendered":"<h2>Caract\u00e9ristiques principales :<\/h2>\n<table id=\"productDetails_techSpec_section_1\" class=\"a-keyvalue prodDetTable\" role=\"presentation\">\n<tbody>\n<tr>\n<th class=\"a-color-secondary a-size-base prodDetSectionEntry\">Marque<\/th>\n<td class=\"a-size-base prodDetAttrValue\">\u200eLenovo<\/td>\n<\/tr>\n<tr>\n<th class=\"a-color-secondary a-size-base prodDetSectionEntry\">Num\u00e9ro du mod\u00e8le de l&#8217;article<\/th>\n<td class=\"a-size-base prodDetAttrValue\">\u200eZADA0025FR<\/td>\n<\/tr>\n<tr>\n<th class=\"a-color-secondary a-size-base prodDetSectionEntry\">s\u00e9ries<\/th>\n<td class=\"a-size-base prodDetAttrValue\">\u200eLenovo Tab M11<\/td>\n<\/tr>\n<tr>\n<th class=\"a-color-secondary a-size-base prodDetSectionEntry\">Couleur<\/th>\n<td class=\"a-size-base prodDetAttrValue\">\u200eLuna Gris<\/td>\n<\/tr>\n<tr>\n<th class=\"a-color-secondary a-size-base prodDetSectionEntry\">Garantie constructeur<\/th>\n<td class=\"a-size-base prodDetAttrValue\">\u200e2 ans<\/td>\n<\/tr>\n<tr>\n<th class=\"a-color-secondary a-size-base prodDetSectionEntry\">Syst\u00e8me d&#8217;exploitation<\/th>\n<td class=\"a-size-base prodDetAttrValue\">\u200eAndroid 13<\/td>\n<\/tr>\n<tr>\n<th class=\"a-color-secondary a-size-base prodDetSectionEntry\">Marque du processeur<\/th>\n<td class=\"a-size-base prodDetAttrValue\">\u200eMediaTek<\/td>\n<\/tr>\n<tr>\n<th class=\"a-color-secondary a-size-base prodDetSectionEntry\">Nombre de coeurs<\/th>\n<td class=\"a-size-base prodDetAttrValue\">\u200e8<\/td>\n<\/tr>\n<tr>\n<th class=\"a-color-secondary a-size-base prodDetSectionEntry\">Taille de l&#8217;\u00e9cran<\/th>\n<td class=\"a-size-base prodDetAttrValue\">\u200e11 Pouces<\/td>\n<\/tr>\n<tr>\n<th class=\"a-color-secondary a-size-base prodDetSectionEntry\">Description de la carte graphique<\/th>\n<td class=\"a-size-base prodDetAttrValue\">\u200eInt\u00e9gr\u00e9<\/td>\n<\/tr>\n<tr>\n<th class=\"a-color-secondary a-size-base prodDetSectionEntry\">Type de connectivit\u00e9<\/th>\n<td class=\"a-size-base prodDetAttrValue\">\u200eBluetooth, Wi-Fi<\/td>\n<\/tr>\n<tr>\n<th class=\"a-color-secondary a-size-base prodDetSectionEntry\">Type de technologie sans fil<\/th>\n<td class=\"a-size-base prodDetAttrValue\">\u200e802.11ac<\/td>\n<\/tr>\n<tr>\n<th class=\"a-color-secondary a-size-base prodDetSectionEntry\">Interface du mat\u00e9riel informatique<\/th>\n<td class=\"a-size-base prodDetAttrValue\">\u200eUSB 2.0<\/td>\n<\/tr>\n<tr>\n<th class=\"a-color-secondary a-size-base prodDetSectionEntry\">Type de connecteur<\/th>\n<td class=\"a-size-base prodDetAttrValue\">\u200eBluetooth, Wi-Fi<\/td>\n<\/tr>\n<tr>\n<th class=\"a-color-secondary a-size-base prodDetSectionEntry\">Poids du produit<\/th>\n<td class=\"a-size-base prodDetAttrValue\">\u200e465 Grammes<\/td>\n<\/tr>\n<tr>\n<th class=\"a-color-secondary a-size-base prodDetSectionEntry\">Divers<\/th>\n<td class=\"a-size-base prodDetAttrValue\">\u200eStereo Speakers, Expandable Storage, Fast Charging, Media Card Reader<\/td>\n<\/tr>\n<\/tbody>\n<\/table>\n","protected":false},"featured_media":1011138,"template":"","meta":{"_acf_changed":false},"pwb-brand":[],"product_brand":[],"product_cat":[31,164],"product_tag":[],"pcb_component_type":[],"class_list":{"0":"post-11137","1":"product","2":"type-product","3":"status-publish","4":"has-post-thumbnail","6":"product_cat-accessoires","7":"product_cat-tablettes","9":"first","10":"outofstock","11":"shipping-taxable","12":"product-type-simple"},"translation":{"provider":"WPGlobus","version":"3.0.2","language":"ru","enabled_languages":["en","es","de","fr","ru"],"languages":{"en":{"title":true,"content":true,"excerpt":true},"es":{"title":false,"content":false,"excerpt":false},"de":{"title":false,"content":false,"excerpt":false},"fr":{"title":false,"content":false,"excerpt":false},"ru":{"title":false,"content":false,"excerpt":false}}},"acf":[],"yoast_head":"<!-- This site is optimized with the Yoast SEO plugin v27.2 - https:\/\/yoast.com\/product\/yoast-seo-wordpress\/ -->\n<title>LENOVO TAB M11 4G 128GB 11&quot; IPS - Osaka<\/title>\n<meta name=\"robots\" content=\"index, follow, max-snippet:-1, max-image-preview:large, max-video-preview:-1\" \/>\n<link rel=\"canonical\" href=\"https:\/\/osaka.ma\/product\/lenovo-tab-m11-4g-128gb-11-ips\/\" \/>\n<meta property=\"og:locale\" content=\"ru_RU\" \/>\n<meta property=\"og:type\" content=\"article\" \/>\n<meta property=\"og:title\" content=\"LENOVO TAB M11 4G 128GB 11&quot; IPS - Osaka\" \/>\n<meta property=\"og:url\" content=\"https:\/\/osaka.ma\/product\/lenovo-tab-m11-4g-128gb-11-ips\/\" \/>\n<meta property=\"og:site_name\" content=\"Osaka\" \/>\n<meta property=\"article:modified_time\" content=\"2025-11-12T00:02:06+00:00\" \/>\n<meta property=\"og:image\" content=\"https:\/\/osaka.ma\/wp-content\/uploads\/2024\/10\/LENOVO-TAB-M11-4G-128GB-11POUCE-IPS.jpg\" \/>\n\t<meta property=\"og:image:width\" content=\"1600\" \/>\n\t<meta property=\"og:image:height\" content=\"1600\" \/>\n\t<meta property=\"og:image:type\" content=\"image\/jpeg\" \/>\n<meta name=\"twitter:card\" content=\"summary_large_image\" \/>\n<meta name=\"twitter:label1\" content=\"Est. reading time\" \/>\n\t<meta name=\"twitter:data1\" content=\"2 minutes\" \/>\n<script type=\"application\/ld+json\" class=\"yoast-schema-graph\">{\"@context\":\"https:\/\/schema.org\",\"@graph\":[{\"@type\":\"WebPage\",\"@id\":\"https:\/\/osaka.ma\/product\/lenovo-tab-m11-4g-128gb-11-ips\/\",\"url\":\"https:\/\/osaka.ma\/product\/lenovo-tab-m11-4g-128gb-11-ips\/\",\"name\":\"LENOVO TAB M11 4G 128GB 11\\\" IPS - Osaka\",\"isPartOf\":{\"@id\":\"https:\/\/osaka.ma\/#website\"},\"primaryImageOfPage\":{\"@id\":\"https:\/\/osaka.ma\/product\/lenovo-tab-m11-4g-128gb-11-ips\/#primaryimage\"},\"image\":{\"@id\":\"https:\/\/osaka.ma\/product\/lenovo-tab-m11-4g-128gb-11-ips\/#primaryimage\"},\"thumbnailUrl\":\"https:\/\/osaka.ma\/wp-content\/uploads\/2024\/10\/LENOVO-TAB-M11-4G-128GB-11POUCE-IPS.jpg\",\"datePublished\":\"2024-10-29T14:14:39+00:00\",\"dateModified\":\"2025-11-12T00:02:06+00:00\",\"breadcrumb\":{\"@id\":\"https:\/\/osaka.ma\/product\/lenovo-tab-m11-4g-128gb-11-ips\/#breadcrumb\"},\"inLanguage\":\"ru-RU\",\"potentialAction\":[{\"@type\":\"ReadAction\",\"target\":[\"https:\/\/osaka.ma\/product\/lenovo-tab-m11-4g-128gb-11-ips\/\"]}]},{\"@type\":\"ImageObject\",\"inLanguage\":\"ru-RU\",\"@id\":\"https:\/\/osaka.ma\/product\/lenovo-tab-m11-4g-128gb-11-ips\/#primaryimage\",\"url\":\"https:\/\/osaka.ma\/wp-content\/uploads\/2024\/10\/LENOVO-TAB-M11-4G-128GB-11POUCE-IPS.jpg\",\"contentUrl\":\"https:\/\/osaka.ma\/wp-content\/uploads\/2024\/10\/LENOVO-TAB-M11-4G-128GB-11POUCE-IPS.jpg\",\"width\":1600,\"height\":1600},{\"@type\":\"BreadcrumbList\",\"@id\":\"https:\/\/osaka.ma\/product\/lenovo-tab-m11-4g-128gb-11-ips\/#breadcrumb\",\"itemListElement\":[{\"@type\":\"ListItem\",\"position\":1,\"name\":\"Home\",\"item\":\"https:\/\/osaka.ma\/\"},{\"@type\":\"ListItem\",\"position\":2,\"name\":\"Shop\",\"item\":\"https:\/\/osaka.ma\/shop-2\/\"},{\"@type\":\"ListItem\",\"position\":3,\"name\":\"LENOVO TAB M11 4G 128GB 11&#8243; IPS\"}]},{\"@type\":\"WebSite\",\"@id\":\"https:\/\/osaka.ma\/#website\",\"url\":\"https:\/\/osaka.ma\/\",\"name\":\"Osaka\",\"description\":\"\",\"publisher\":{\"@id\":\"https:\/\/osaka.ma\/#organization\"},\"potentialAction\":[{\"@type\":\"SearchAction\",\"target\":{\"@type\":\"EntryPoint\",\"urlTemplate\":\"https:\/\/osaka.ma\/?s={search_term_string}\"},\"query-input\":{\"@type\":\"PropertyValueSpecification\",\"valueRequired\":true,\"valueName\":\"search_term_string\"}}],\"inLanguage\":\"ru-RU\"},{\"@type\":\"Organization\",\"@id\":\"https:\/\/osaka.ma\/#organization\",\"name\":\"Osaka\",\"url\":\"https:\/\/osaka.ma\/\",\"logo\":{\"@type\":\"ImageObject\",\"inLanguage\":\"ru-RU\",\"@id\":\"https:\/\/osaka.ma\/#\/schema\/logo\/image\/\",\"url\":\"https:\/\/osaka.ma\/wp-content\/uploads\/2026\/01\/model-slogan-logo-2Plan-de-travail-1dksl-plus-finnn.png\",\"contentUrl\":\"https:\/\/osaka.ma\/wp-content\/uploads\/2026\/01\/model-slogan-logo-2Plan-de-travail-1dksl-plus-finnn.png\",\"width\":842,\"height\":226,\"caption\":\"Osaka\"},\"image\":{\"@id\":\"https:\/\/osaka.ma\/#\/schema\/logo\/image\/\"}}]}<\/script>\n<!-- \/ Yoast SEO plugin. -->","yoast_head_json":{"title":"LENOVO TAB M11 4G 128GB 11\" IPS - Osaka","robots":{"index":"index","follow":"follow","max-snippet":"max-snippet:-1","max-image-preview":"max-image-preview:large","max-video-preview":"max-video-preview:-1"},"canonical":"https:\/\/osaka.ma\/product\/lenovo-tab-m11-4g-128gb-11-ips\/","og_locale":"ru_RU","og_type":"article","og_title":"LENOVO TAB M11 4G 128GB 11\" IPS - Osaka","og_url":"https:\/\/osaka.ma\/product\/lenovo-tab-m11-4g-128gb-11-ips\/","og_site_name":"Osaka","article_modified_time":"2025-11-12T00:02:06+00:00","og_image":[{"width":1600,"height":1600,"url":"https:\/\/osaka.ma\/wp-content\/uploads\/2024\/10\/LENOVO-TAB-M11-4G-128GB-11POUCE-IPS.jpg","type":"image\/jpeg"}],"twitter_card":"summary_large_image","twitter_misc":{"Est. reading time":"2 minutes"},"schema":{"@context":"https:\/\/schema.org","@graph":[{"@type":"WebPage","@id":"https:\/\/osaka.ma\/product\/lenovo-tab-m11-4g-128gb-11-ips\/","url":"https:\/\/osaka.ma\/product\/lenovo-tab-m11-4g-128gb-11-ips\/","name":"LENOVO TAB M11 4G 128GB 11\" IPS - Osaka","isPartOf":{"@id":"https:\/\/osaka.ma\/#website"},"primaryImageOfPage":{"@id":"https:\/\/osaka.ma\/product\/lenovo-tab-m11-4g-128gb-11-ips\/#primaryimage"},"image":{"@id":"https:\/\/osaka.ma\/product\/lenovo-tab-m11-4g-128gb-11-ips\/#primaryimage"},"thumbnailUrl":"https:\/\/osaka.ma\/wp-content\/uploads\/2024\/10\/LENOVO-TAB-M11-4G-128GB-11POUCE-IPS.jpg","datePublished":"2024-10-29T14:14:39+00:00","dateModified":"2025-11-12T00:02:06+00:00","breadcrumb":{"@id":"https:\/\/osaka.ma\/product\/lenovo-tab-m11-4g-128gb-11-ips\/#breadcrumb"},"inLanguage":"ru-RU","potentialAction":[{"@type":"ReadAction","target":["https:\/\/osaka.ma\/product\/lenovo-tab-m11-4g-128gb-11-ips\/"]}]},{"@type":"ImageObject","inLanguage":"ru-RU","@id":"https:\/\/osaka.ma\/product\/lenovo-tab-m11-4g-128gb-11-ips\/#primaryimage","url":"https:\/\/osaka.ma\/wp-content\/uploads\/2024\/10\/LENOVO-TAB-M11-4G-128GB-11POUCE-IPS.jpg","contentUrl":"https:\/\/osaka.ma\/wp-content\/uploads\/2024\/10\/LENOVO-TAB-M11-4G-128GB-11POUCE-IPS.jpg","width":1600,"height":1600},{"@type":"BreadcrumbList","@id":"https:\/\/osaka.ma\/product\/lenovo-tab-m11-4g-128gb-11-ips\/#breadcrumb","itemListElement":[{"@type":"ListItem","position":1,"name":"Home","item":"https:\/\/osaka.ma\/"},{"@type":"ListItem","position":2,"name":"Shop","item":"https:\/\/osaka.ma\/shop-2\/"},{"@type":"ListItem","position":3,"name":"LENOVO TAB M11 4G 128GB 11&#8243; IPS"}]},{"@type":"WebSite","@id":"https:\/\/osaka.ma\/#website","url":"https:\/\/osaka.ma\/","name":"Osaka","description":"","publisher":{"@id":"https:\/\/osaka.ma\/#organization"},"potentialAction":[{"@type":"SearchAction","target":{"@type":"EntryPoint","urlTemplate":"https:\/\/osaka.ma\/?s={search_term_string}"},"query-input":{"@type":"PropertyValueSpecification","valueRequired":true,"valueName":"search_term_string"}}],"inLanguage":"ru-RU"},{"@type":"Organization","@id":"https:\/\/osaka.ma\/#organization","name":"Osaka","url":"https:\/\/osaka.ma\/","logo":{"@type":"ImageObject","inLanguage":"ru-RU","@id":"https:\/\/osaka.ma\/#\/schema\/logo\/image\/","url":"https:\/\/osaka.ma\/wp-content\/uploads\/2026\/01\/model-slogan-logo-2Plan-de-travail-1dksl-plus-finnn.png","contentUrl":"https:\/\/osaka.ma\/wp-content\/uploads\/2026\/01\/model-slogan-logo-2Plan-de-travail-1dksl-plus-finnn.png","width":842,"height":226,"caption":"Osaka"},"image":{"@id":"https:\/\/osaka.ma\/#\/schema\/logo\/image\/"}}]}},"jetpack_sharing_enabled":true,"brands":[],"_links":{"self":[{"href":"https:\/\/osaka.ma\/ru\/wp-json\/wp\/v2\/product\/11137","targetHints":{"allow":["GET"]}}],"collection":[{"href":"https:\/\/osaka.ma\/ru\/wp-json\/wp\/v2\/product"}],"about":[{"href":"https:\/\/osaka.ma\/ru\/wp-json\/wp\/v2\/types\/product"}],"version-history":[{"count":0,"href":"https:\/\/osaka.ma\/ru\/wp-json\/wp\/v2\/product\/11137\/revisions"}],"wp:featuredmedia":[{"embeddable":true,"href":"https:\/\/osaka.ma\/ru\/wp-json\/wp\/v2\/media\/1011138"}],"wp:attachment":[{"href":"https:\/\/osaka.ma\/ru\/wp-json\/wp\/v2\/media?parent=11137"}],"wp:term":[{"taxonomy":"pwb-brand","embeddable":true,"href":"https:\/\/osaka.ma\/ru\/wp-json\/wp\/v2\/pwb-brand?post=11137"},{"taxonomy":"product_brand","embeddable":true,"href":"https:\/\/osaka.ma\/ru\/wp-json\/wp\/v2\/product_brand?post=11137"},{"taxonomy":"product_cat","embeddable":true,"href":"https:\/\/osaka.ma\/ru\/wp-json\/wp\/v2\/product_cat?post=11137"},{"taxonomy":"product_tag","embeddable":true,"href":"https:\/\/osaka.ma\/ru\/wp-json\/wp\/v2\/product_tag?post=11137"},{"taxonomy":"pcb_component_type","embeddable":true,"href":"https:\/\/osaka.ma\/ru\/wp-json\/wp\/v2\/pcb_component_type?post=11137"}],"curies":[{"name":"wp","href":"https:\/\/api.w.org\/{rel}","templated":true}]}}