{"id":11184,"date":"2024-10-31T10:02:22","date_gmt":"2024-10-31T10:02:22","guid":{"rendered":"https:\/\/osaka.ma\/?post_type=product&#038;p=11184"},"modified":"2024-12-18T15:36:27","modified_gmt":"2024-12-18T15:36:27","slug":"lenovo-thinkpad-l13-gen2-i7-1165g7-16gb-256gb","status":"publish","type":"product","link":"https:\/\/osaka.ma\/ru\/product\/lenovo-thinkpad-l13-gen2-i7-1165g7-16gb-256gb\/","title":{"rendered":"LENOVO THINKPAD L13 GEN2 I7 1165G7 16GB 256GB"},"content":{"rendered":"<div class=\"logo\"><a href=\"https:\/\/www.ldlc.com\/lenovo\/bint000033945\/\" rel=\"nofollow noopener\" target=\"_blank\"><img decoding=\"async\" src=\"https:\/\/media.ldlc.com\/v3\/marque\/bo\/00\/03\/12\/03\/V30003120395_2.jpg\" alt=\"Lenovo\" \/><\/a><\/div>\n<div id=\"description\" class=\"description\">\n<div class=\"details-pdt-desc\">\n<h2 class=\"h2-master\">Compacit\u00e9 et performance pour les professionnels<\/h2>\n<section>Le\u00a0<strong>PC portable Lenovo ThinkPad L13 Gen 2<\/strong>\u00a0est id\u00e9al pour les professionnels nomades, gr\u00e2ce \u00e0 son format compact et ses composants performants. Gr\u00e2ce \u00e0 ses fonctions de s\u00e9curit\u00e9 associ\u00e9es \u00e0 une technologie de charge rapide, il est id\u00e9al pour travailler en d\u00e9placement. Avec un\u00a0<strong>processeur Intel Core i7-1165G7<\/strong>, 16 Go de m\u00e9moire et un <strong>SSD PCIe de 256 Go<\/strong>, le Lenovo ThinkPad L13 Gen 2 offre de bonnes performances et un fonctionnement rapide.<\/section>\n<section>\n<div class=\"desc-image\"><img decoding=\"async\" src=\"https:\/\/media.ldlc.com\/bo\/images\/fiches\/pc_portables\/lenovo\/thinkpad_l13\/801.jpg\" alt=\"\" \/><\/div>\n<div class=\"desc-text\">\n<h2>Mobile et s\u00e9curis\u00e9<\/h2>\n<p>Prot\u00e9gez vos informations et votre vie priv\u00e9e gr\u00e2ce \u00e0 la suite compl\u00e8te de fonctions de s\u00e9curit\u00e9 ThinkShield. Un module dTPM (discrete Trusted Platform Module) chiffre les donn\u00e9es et fonctionne de concert avec les fonctionnalit\u00e9s de s\u00e9curit\u00e9 de Windows 10. ThinkShutter bloque\u00a0 physiquement l\u2019objectif de la webcam et le lecteur d\u2019empreinte digitale fait appel \u00e0 la biom\u00e9trie pour vous connecter d&#8217;un simple effleurement.<\/p>\n<\/div>\n<\/section>\n<section>\n<div class=\"desc-text\">\n<h2>Qualit\u00e9 audio<\/h2>\n<p>Le PC portable ThinkPad L13 int\u00e8gre la technologie Dolby Audio Premium, qui offre un son limpide lorsque vous regardez des vid\u00e9os ou prenez un appel. Et ses deux microphones longue port\u00e9e vous permettront \u00e9galement d\u2019\u00eatre entendu clairement \u00e0 chaque appel.<\/p>\n<\/div>\n<div class=\"desc-image\"><img decoding=\"async\" src=\"https:\/\/media.ldlc.com\/bo\/images\/fiches\/pc_portables\/lenovo\/thinkpad_l13\/802.jpg\" alt=\"\" \/><\/div>\n<\/section>\n<section class=\"list\">\n<h2>Caract\u00e9ristiques principales :<\/h2>\n<ul>\n<li><strong>Processeur Intel Core i7-1165G7<\/strong> (Quad-Core 1.2 GHz &#8211; 2.8 GHz \/ 4.7 GHz Turbo &#8211; 8 Threads &#8211; Cache 12 Mo)<\/li>\n<li>16 Go de m\u00e9moire DDR4 (m\u00e9moire int\u00e9gr\u00e9e)<\/li>\n<li>Ecran IPS de 13.3&#8243; avec r\u00e9solution HD (1366 x 768 pixels)<\/li>\n<li><strong>SSD M.2 PCIe de 256 Go<\/strong><\/li>\n<li>Communication sans fil\u00a0<strong>Wi-Fi AX<\/strong>\u00a0+\u00a0<strong>Bluetooth 5.1<\/strong><\/li>\n<li>S\u00e9curit\u00e9 : puce TPM 2.0 + lecteur d&#8217;empreinte digitale<\/li>\n<li>Webcam HD 720p avec cache ThinkShutter<\/li>\n<li>Adaptateur secteur 65 Watts avec connecteur USB Type C<\/li>\n<li><strong>Windows 10<\/strong><\/li>\n<li>Comme neuf<\/li>\n<\/ul>\n<\/section>\n<\/div>\n<\/div>\n","protected":false},"excerpt":{"rendered":"<h2>Caract\u00e9ristiques principales :<\/h2>\n<ul>\n<li><strong>Processeur Intel Core i7-1165G7<\/strong> (Quad-Core 1.2 GHz &#8211; 2.8 GHz \/ 4.7 GHz Turbo &#8211; 8 Threads &#8211; Cache 12 Mo)<\/li>\n<li>16 Go de m\u00e9moire DDR4 (m\u00e9moire int\u00e9gr\u00e9e)<\/li>\n<li>Ecran IPS de 13.3&#8243; avec r\u00e9solution HD (1366 x 768 pixels)<\/li>\n<li><strong>SSD M.2 PCIe de 256 Go<\/strong><\/li>\n<li>Communication sans fil\u00a0<strong>Wi-Fi AX<\/strong>\u00a0+\u00a0<strong>Bluetooth 5.1<\/strong><\/li>\n<li>S\u00e9curit\u00e9 : puce TPM 2.0 + lecteur d&#8217;empreinte digitale<\/li>\n<li>Webcam HD 720p avec cache ThinkShutter<\/li>\n<li>Adaptateur secteur 65 Watts avec connecteur USB Type C<\/li>\n<li><strong>Windows 10<\/strong><\/li>\n<li>Comme neuf<\/li>\n<\/ul>\n","protected":false},"featured_media":1011185,"template":"","meta":{"_acf_changed":false},"pwb-brand":[],"product_brand":[],"product_cat":[121,126],"product_tag":[],"pcb_component_type":[],"class_list":{"0":"post-11184","1":"product","2":"type-product","3":"status-publish","4":"has-post-thumbnail","6":"product_cat-pc-portable","7":"product_cat-professional","9":"first","10":"outofstock","11":"shipping-taxable","12":"product-type-simple"},"translation":{"provider":"WPGlobus","version":"3.0.2","language":"ru","enabled_languages":["en","es","de","fr","ru"],"languages":{"en":{"title":true,"content":true,"excerpt":true},"es":{"title":false,"content":false,"excerpt":false},"de":{"title":false,"content":false,"excerpt":false},"fr":{"title":false,"content":false,"excerpt":false},"ru":{"title":false,"content":false,"excerpt":false}}},"acf":[],"yoast_head":"<!-- This site is optimized with the Yoast SEO plugin v27.2 - https:\/\/yoast.com\/product\/yoast-seo-wordpress\/ -->\n<title>LENOVO THINKPAD L13 GEN2 I7 1165G7 16GB 256GB - Osaka<\/title>\n<meta name=\"robots\" content=\"index, follow, max-snippet:-1, max-image-preview:large, max-video-preview:-1\" \/>\n<link rel=\"canonical\" href=\"https:\/\/osaka.ma\/es\/product\/lenovo-thinkpad-l13-gen2-i7-1165g7-16gb-256gb\/\" \/>\n<meta property=\"og:locale\" content=\"ru_RU\" \/>\n<meta property=\"og:type\" content=\"article\" \/>\n<meta property=\"og:title\" content=\"LENOVO THINKPAD L13 GEN2 I7 1165G7 16GB 256GB - Osaka\" \/>\n<meta property=\"og:url\" content=\"https:\/\/osaka.ma\/es\/product\/lenovo-thinkpad-l13-gen2-i7-1165g7-16gb-256gb\/\" \/>\n<meta property=\"og:site_name\" content=\"Osaka\" \/>\n<meta property=\"article:modified_time\" content=\"2024-12-18T15:36:27+00:00\" \/>\n<meta property=\"og:image\" content=\"https:\/\/osaka.ma\/wp-content\/uploads\/2024\/10\/LENOVO-THINKPAD-L13-GEN2-I7-1165G7-16GB-256GB.jpg\" \/>\n\t<meta property=\"og:image:width\" content=\"1600\" \/>\n\t<meta property=\"og:image:height\" content=\"1600\" \/>\n\t<meta property=\"og:image:type\" content=\"image\/jpeg\" \/>\n<meta name=\"twitter:card\" content=\"summary_large_image\" \/>\n<meta name=\"twitter:label1\" content=\"Est. reading time\" \/>\n\t<meta name=\"twitter:data1\" content=\"2 minutes\" \/>\n<script type=\"application\/ld+json\" class=\"yoast-schema-graph\">{\"@context\":\"https:\/\/schema.org\",\"@graph\":[{\"@type\":\"WebPage\",\"@id\":\"https:\/\/osaka.ma\/es\/product\/lenovo-thinkpad-l13-gen2-i7-1165g7-16gb-256gb\/\",\"url\":\"https:\/\/osaka.ma\/es\/product\/lenovo-thinkpad-l13-gen2-i7-1165g7-16gb-256gb\/\",\"name\":\"LENOVO THINKPAD L13 GEN2 I7 1165G7 16GB 256GB - Osaka\",\"isPartOf\":{\"@id\":\"https:\/\/osaka.ma\/#website\"},\"primaryImageOfPage\":{\"@id\":\"https:\/\/osaka.ma\/es\/product\/lenovo-thinkpad-l13-gen2-i7-1165g7-16gb-256gb\/#primaryimage\"},\"image\":{\"@id\":\"https:\/\/osaka.ma\/es\/product\/lenovo-thinkpad-l13-gen2-i7-1165g7-16gb-256gb\/#primaryimage\"},\"thumbnailUrl\":\"https:\/\/osaka.ma\/wp-content\/uploads\/2024\/10\/LENOVO-THINKPAD-L13-GEN2-I7-1165G7-16GB-256GB.jpg\",\"datePublished\":\"2024-10-31T10:02:22+00:00\",\"dateModified\":\"2024-12-18T15:36:27+00:00\",\"breadcrumb\":{\"@id\":\"https:\/\/osaka.ma\/es\/product\/lenovo-thinkpad-l13-gen2-i7-1165g7-16gb-256gb\/#breadcrumb\"},\"inLanguage\":\"ru-RU\",\"potentialAction\":[{\"@type\":\"ReadAction\",\"target\":[\"https:\/\/osaka.ma\/es\/product\/lenovo-thinkpad-l13-gen2-i7-1165g7-16gb-256gb\/\"]}]},{\"@type\":\"ImageObject\",\"inLanguage\":\"ru-RU\",\"@id\":\"https:\/\/osaka.ma\/es\/product\/lenovo-thinkpad-l13-gen2-i7-1165g7-16gb-256gb\/#primaryimage\",\"url\":\"https:\/\/osaka.ma\/wp-content\/uploads\/2024\/10\/LENOVO-THINKPAD-L13-GEN2-I7-1165G7-16GB-256GB.jpg\",\"contentUrl\":\"https:\/\/osaka.ma\/wp-content\/uploads\/2024\/10\/LENOVO-THINKPAD-L13-GEN2-I7-1165G7-16GB-256GB.jpg\",\"width\":1600,\"height\":1600},{\"@type\":\"BreadcrumbList\",\"@id\":\"https:\/\/osaka.ma\/es\/product\/lenovo-thinkpad-l13-gen2-i7-1165g7-16gb-256gb\/#breadcrumb\",\"itemListElement\":[{\"@type\":\"ListItem\",\"position\":1,\"name\":\"Home\",\"item\":\"https:\/\/osaka.ma\/\"},{\"@type\":\"ListItem\",\"position\":2,\"name\":\"Shop\",\"item\":\"https:\/\/osaka.ma\/shop-2\/\"},{\"@type\":\"ListItem\",\"position\":3,\"name\":\"LENOVO THINKPAD L13 GEN2 I7 1165G7 16GB 256GB\"}]},{\"@type\":\"WebSite\",\"@id\":\"https:\/\/osaka.ma\/#website\",\"url\":\"https:\/\/osaka.ma\/\",\"name\":\"Osaka\",\"description\":\"\",\"publisher\":{\"@id\":\"https:\/\/osaka.ma\/#organization\"},\"potentialAction\":[{\"@type\":\"SearchAction\",\"target\":{\"@type\":\"EntryPoint\",\"urlTemplate\":\"https:\/\/osaka.ma\/?s={search_term_string}\"},\"query-input\":{\"@type\":\"PropertyValueSpecification\",\"valueRequired\":true,\"valueName\":\"search_term_string\"}}],\"inLanguage\":\"ru-RU\"},{\"@type\":\"Organization\",\"@id\":\"https:\/\/osaka.ma\/#organization\",\"name\":\"Osaka\",\"url\":\"https:\/\/osaka.ma\/\",\"logo\":{\"@type\":\"ImageObject\",\"inLanguage\":\"ru-RU\",\"@id\":\"https:\/\/osaka.ma\/#\/schema\/logo\/image\/\",\"url\":\"https:\/\/osaka.ma\/wp-content\/uploads\/2026\/01\/model-slogan-logo-2Plan-de-travail-1dksl-plus-finnn.png\",\"contentUrl\":\"https:\/\/osaka.ma\/wp-content\/uploads\/2026\/01\/model-slogan-logo-2Plan-de-travail-1dksl-plus-finnn.png\",\"width\":842,\"height\":226,\"caption\":\"Osaka\"},\"image\":{\"@id\":\"https:\/\/osaka.ma\/#\/schema\/logo\/image\/\"}}]}<\/script>\n<!-- \/ Yoast SEO plugin. -->","yoast_head_json":{"title":"LENOVO THINKPAD L13 GEN2 I7 1165G7 16GB 256GB - Osaka","robots":{"index":"index","follow":"follow","max-snippet":"max-snippet:-1","max-image-preview":"max-image-preview:large","max-video-preview":"max-video-preview:-1"},"canonical":"https:\/\/osaka.ma\/es\/product\/lenovo-thinkpad-l13-gen2-i7-1165g7-16gb-256gb\/","og_locale":"ru_RU","og_type":"article","og_title":"LENOVO THINKPAD L13 GEN2 I7 1165G7 16GB 256GB - Osaka","og_url":"https:\/\/osaka.ma\/es\/product\/lenovo-thinkpad-l13-gen2-i7-1165g7-16gb-256gb\/","og_site_name":"Osaka","article_modified_time":"2024-12-18T15:36:27+00:00","og_image":[{"width":1600,"height":1600,"url":"https:\/\/osaka.ma\/wp-content\/uploads\/2024\/10\/LENOVO-THINKPAD-L13-GEN2-I7-1165G7-16GB-256GB.jpg","type":"image\/jpeg"}],"twitter_card":"summary_large_image","twitter_misc":{"Est. reading time":"2 minutes"},"schema":{"@context":"https:\/\/schema.org","@graph":[{"@type":"WebPage","@id":"https:\/\/osaka.ma\/es\/product\/lenovo-thinkpad-l13-gen2-i7-1165g7-16gb-256gb\/","url":"https:\/\/osaka.ma\/es\/product\/lenovo-thinkpad-l13-gen2-i7-1165g7-16gb-256gb\/","name":"LENOVO THINKPAD L13 GEN2 I7 1165G7 16GB 256GB - Osaka","isPartOf":{"@id":"https:\/\/osaka.ma\/#website"},"primaryImageOfPage":{"@id":"https:\/\/osaka.ma\/es\/product\/lenovo-thinkpad-l13-gen2-i7-1165g7-16gb-256gb\/#primaryimage"},"image":{"@id":"https:\/\/osaka.ma\/es\/product\/lenovo-thinkpad-l13-gen2-i7-1165g7-16gb-256gb\/#primaryimage"},"thumbnailUrl":"https:\/\/osaka.ma\/wp-content\/uploads\/2024\/10\/LENOVO-THINKPAD-L13-GEN2-I7-1165G7-16GB-256GB.jpg","datePublished":"2024-10-31T10:02:22+00:00","dateModified":"2024-12-18T15:36:27+00:00","breadcrumb":{"@id":"https:\/\/osaka.ma\/es\/product\/lenovo-thinkpad-l13-gen2-i7-1165g7-16gb-256gb\/#breadcrumb"},"inLanguage":"ru-RU","potentialAction":[{"@type":"ReadAction","target":["https:\/\/osaka.ma\/es\/product\/lenovo-thinkpad-l13-gen2-i7-1165g7-16gb-256gb\/"]}]},{"@type":"ImageObject","inLanguage":"ru-RU","@id":"https:\/\/osaka.ma\/es\/product\/lenovo-thinkpad-l13-gen2-i7-1165g7-16gb-256gb\/#primaryimage","url":"https:\/\/osaka.ma\/wp-content\/uploads\/2024\/10\/LENOVO-THINKPAD-L13-GEN2-I7-1165G7-16GB-256GB.jpg","contentUrl":"https:\/\/osaka.ma\/wp-content\/uploads\/2024\/10\/LENOVO-THINKPAD-L13-GEN2-I7-1165G7-16GB-256GB.jpg","width":1600,"height":1600},{"@type":"BreadcrumbList","@id":"https:\/\/osaka.ma\/es\/product\/lenovo-thinkpad-l13-gen2-i7-1165g7-16gb-256gb\/#breadcrumb","itemListElement":[{"@type":"ListItem","position":1,"name":"Home","item":"https:\/\/osaka.ma\/"},{"@type":"ListItem","position":2,"name":"Shop","item":"https:\/\/osaka.ma\/shop-2\/"},{"@type":"ListItem","position":3,"name":"LENOVO THINKPAD L13 GEN2 I7 1165G7 16GB 256GB"}]},{"@type":"WebSite","@id":"https:\/\/osaka.ma\/#website","url":"https:\/\/osaka.ma\/","name":"Osaka","description":"","publisher":{"@id":"https:\/\/osaka.ma\/#organization"},"potentialAction":[{"@type":"SearchAction","target":{"@type":"EntryPoint","urlTemplate":"https:\/\/osaka.ma\/?s={search_term_string}"},"query-input":{"@type":"PropertyValueSpecification","valueRequired":true,"valueName":"search_term_string"}}],"inLanguage":"ru-RU"},{"@type":"Organization","@id":"https:\/\/osaka.ma\/#organization","name":"Osaka","url":"https:\/\/osaka.ma\/","logo":{"@type":"ImageObject","inLanguage":"ru-RU","@id":"https:\/\/osaka.ma\/#\/schema\/logo\/image\/","url":"https:\/\/osaka.ma\/wp-content\/uploads\/2026\/01\/model-slogan-logo-2Plan-de-travail-1dksl-plus-finnn.png","contentUrl":"https:\/\/osaka.ma\/wp-content\/uploads\/2026\/01\/model-slogan-logo-2Plan-de-travail-1dksl-plus-finnn.png","width":842,"height":226,"caption":"Osaka"},"image":{"@id":"https:\/\/osaka.ma\/#\/schema\/logo\/image\/"}}]}},"jetpack_sharing_enabled":true,"brands":[],"_links":{"self":[{"href":"https:\/\/osaka.ma\/ru\/wp-json\/wp\/v2\/product\/11184","targetHints":{"allow":["GET"]}}],"collection":[{"href":"https:\/\/osaka.ma\/ru\/wp-json\/wp\/v2\/product"}],"about":[{"href":"https:\/\/osaka.ma\/ru\/wp-json\/wp\/v2\/types\/product"}],"version-history":[{"count":0,"href":"https:\/\/osaka.ma\/ru\/wp-json\/wp\/v2\/product\/11184\/revisions"}],"wp:featuredmedia":[{"embeddable":true,"href":"https:\/\/osaka.ma\/ru\/wp-json\/wp\/v2\/media\/1011185"}],"wp:attachment":[{"href":"https:\/\/osaka.ma\/ru\/wp-json\/wp\/v2\/media?parent=11184"}],"wp:term":[{"taxonomy":"pwb-brand","embeddable":true,"href":"https:\/\/osaka.ma\/ru\/wp-json\/wp\/v2\/pwb-brand?post=11184"},{"taxonomy":"product_brand","embeddable":true,"href":"https:\/\/osaka.ma\/ru\/wp-json\/wp\/v2\/product_brand?post=11184"},{"taxonomy":"product_cat","embeddable":true,"href":"https:\/\/osaka.ma\/ru\/wp-json\/wp\/v2\/product_cat?post=11184"},{"taxonomy":"product_tag","embeddable":true,"href":"https:\/\/osaka.ma\/ru\/wp-json\/wp\/v2\/product_tag?post=11184"},{"taxonomy":"pcb_component_type","embeddable":true,"href":"https:\/\/osaka.ma\/ru\/wp-json\/wp\/v2\/pcb_component_type?post=11184"}],"curies":[{"name":"wp","href":"https:\/\/api.w.org\/{rel}","templated":true}]}}