{"id":11257,"date":"2024-11-04T13:53:31","date_gmt":"2024-11-04T13:53:31","guid":{"rendered":"https:\/\/osaka.ma\/?post_type=product&#038;p=11257"},"modified":"2025-08-11T18:50:45","modified_gmt":"2025-08-11T17:50:45","slug":"pc-gamer-i5-14600kf-16gb-1tb-rtx-3060-12gb","status":"publish","type":"product","link":"https:\/\/osaka.ma\/ru\/product\/pc-gamer-i5-14600kf-16gb-1tb-rtx-3060-12gb\/","title":{"rendered":"PC GAMER i5-14600KF \/ 16GB \/ 1TB \/ RTX 3060 12GB"},"content":{"rendered":"<p><img decoding=\"async\" class=\" wp-image-6550 aligncenter\" src=\"https:\/\/osaka.ma\/wp-content\/uploads\/2023\/10\/OSA-1.png\" alt=\"\" width=\"294\" height=\"113\" \/><\/p>\n<p><i><img decoding=\"async\" class=\"\" src=\"https:\/\/media.ldlc.com\/bo\/images\/fiches\/kit_upgrade\/case_80.png\" alt=\"\" width=\"48\" height=\"48\" \/><\/i><i><strong>PC Gamer Osaka<\/strong>\u00a0vous offre une configuration INTEL avec des composants \u00e9quilibr\u00e9e avec un bon prix, ce PC Gamer compos\u00e9 d\u2019un processeur\u00a0<strong>INTEL\u00ae CORE\u2122i5-14600KF<\/strong>\u00a0 ainsi que d\u2019une carte graphique\u00a0<strong>GIGABYTE WINDOFRCE RTX 3060 12GB<\/strong>\u00a0Il int\u00e8gre \u00e9galement un\u00a0<strong>SSD 1TB<\/strong> pour un syst\u00e8me toujours plus rapide et 16<strong>\u00a0Go<\/strong>\u00a0<strong>de RAM<\/strong>. Voila les atouts de ce PC puissant taill\u00e9 pour travailler dans les meilleures conditions.<\/i><\/p>\n<ul>\n<li>Processeur\u00a0<strong><strong>INTEL\u00aeCORE\u2122i5-14600KF<\/strong><\/strong>14-Core (6 Performance-Cores + 8 Efficient-Cores) 20-Threads Socket 1700 Cache L3 24 Mo 0.010 micron<\/li>\n<li>Carte m\u00e8re MSI H610M-G DDR4<\/li>\n<li>Ram 16<strong>GB GIGASTONE DDR4 (8\u00d72) 3200MHZ<\/strong><\/li>\n<li>Carte graphique\u00a0<strong>GIGABYTE WINDFORCE OC RTX 3060 12GB<\/strong><\/li>\n<li>Bo\u00eetier<strong> MSI FORGE M100A<\/strong><\/li>\n<li>SSD <b>1TB MSI SPATIUM M371<\/b><\/li>\n<li>Ventirad<strong> DEEPCOOL GAMMAX AG300<\/strong><\/li>\n<li>Alimentation\u00a0<b>MSI MAG A550BNL 650W 80+ BRONZE<\/b><\/li>\n<li><strong>Win11 \/ Bien assembl\u00e9<\/strong><\/li>\n<\/ul>\n<div class=\"logo\"><img decoding=\"async\" src=\"https:\/\/media.ldlc.com\/v3\/marque\/bo\/00\/05\/72\/22\/V30005722262_2.jpg\" alt=\"Intel\" \/><\/p>\n<div id=\"description\" class=\"description\">\n<div class=\"details-pdt-desc\">\n<h2 class=\"h2-master\">Faites en plus, sans compromis<\/h2>\n<section>Avec plus de c\u0153urs et des fr\u00e9quences plus \u00e9lev\u00e9es, les processeurs\u00a0<strong>Intel Core de 14\u00e8me g\u00e9n\u00e9ration<\/strong>\u00a0vous permettent d&#8217;en faire plus, sans compromis sur les performances. Con\u00e7us pour r\u00e9pondre \u00e0 tous vos besoins, comme pour jouer dans les meilleures conditions, les processeurs\u00a0<strong>Intel Raptor Lake Refresh\u00a0<\/strong>sont ce qui se fait de mieux pour d\u00e9passer toutes les limites.<\/p>\n<\/section>\n<section>\n<div class=\"desc-image\"><img decoding=\"async\" src=\"https:\/\/media.ldlc.com\/bo\/images\/fiches\/Processeur\/Intel\/intel_core_14th_i5k_001.jpg\" alt=\"\" \/><\/div>\n<div class=\"desc-text\">\n<h2>Intel Core\u00a0i5-14600KF 14-Core (6P+8E)<\/h2>\n<ul>\n<li>Processeur\u00a0<strong>14 Cores<\/strong>\u00a0\/ 20\u00a0Threads<\/li>\n<li><strong>6 Performance-Cores<\/strong>\u00a0(3.5\u00a0GHz &#8211; 5.3\u00a0GHz) + 8 Efficient-Cores (jusqu&#8217;\u00e0 4.0\u00a0GHz)<\/li>\n<li>Cache\u00a0<strong>L3 24 Mo<\/strong>\u00a0+ Cache L2 20 Mo<\/li>\n<li><strong>Unlocked\u00a0<\/strong>(coefficient multiplicateur d\u00e9bloqu\u00e9 pour l&#8217;overclocking)<\/li>\n<li>IGP : Aucun<\/li>\n<li>Contr\u00f4leur m\u00e9moire : DDR4 \/\u00a0<strong>DDR5<\/strong><\/li>\n<li>Compatible\u00a0<strong>PCI-E 5.0<\/strong><\/li>\n<li>TDP\u00a0: 125W<\/li>\n<li>TDP max. (Turbo Power) : 181W<\/li>\n<\/ul>\n<\/div>\n<\/section>\n<\/div>\n<\/div>\n<\/div>\n<p><!--more--><\/p>\n<div id=\"description\" class=\"description\">\n<div class=\"details-pdt-desc\">\n<section>\n<div class=\"desc-text\">\n<div id=\"description\" class=\"description\">\n<div class=\"details-pdt-desc\">\n<section>\n<div class=\"desc-text\">\n<div id=\"description\" class=\"description\">\n<div class=\"details-pdt-desc\">\n<section>\n<div class=\"desc-text\">\n<div class=\"logo\"><a href=\"https:\/\/www.ldlc.com\/gigabyte\/bint000000990\/\" rel=\"nofollow noopener\" target=\"_blank\"><img decoding=\"async\" src=\"https:\/\/media.ldlc.com\/v3\/marque\/190\/C000000990.gif\" alt=\"Gigabyte\" \/><\/a><\/div>\n<div id=\"description\" class=\"description\">\n<div class=\"details-pdt-desc\">\n<h2 class=\"h2-master\">NVIDIA DLSS 3 et ray tracing au coeur du jeu<\/h2>\n<section>Bas\u00e9e sur l&#8217;architecture NVIDIA Ada Lovelace, la\u00a0<strong>carte graphique Gigabyte GeForce RTX 3060 WINDFORCE OC 12G<\/strong><strong>\u00a0<\/strong>s&#8217;appuie sur la technologie\u00a0<strong>DLSS 3\u00a0<\/strong>et le<strong>\u00a0ray tracing mat\u00e9riel<\/strong> pour sublimer les jeux les plus r\u00e9cents et vous permettre de vivre une exp\u00e9rience vid\u00e9oludique immersive et r\u00e9aliste. Au-del\u00e0 du jeu, les cartes graphiques NVIDIA GeForce RTX 3060 offrent de hautes performances pour cr\u00e9er et streamer.<\/section>\n<section>\n<div class=\"desc-image\"><img decoding=\"async\" src=\"https:\/\/media.ldlc.com\/bo\/images\/fiches\/Carte_graphique\/Gigabyte\/windforce\/gigabyte_rtx3060_windforce_oc.jpg\" alt=\"\" \/><\/div>\n<div class=\"desc-text\">\n<h2>Gigabyte GeForce RTX 3060 WINDFORCE OC 12G<\/h2>\n<p>De la performance et de l&#8217;efficacit\u00e9, voil\u00e0 ce que propose Gigabyte avec sa carte graphique bas\u00e9e sur l&#8217;architecture NVIDIA Ada Lovelace. De la performance gr\u00e2ce\u00a0\u00e0 son overclocking d&#8217;usine\u00a0et\u00a0\u00e0 un syst\u00e8me de refroidissement exclusif et ultra-performant \u00e0 2 ventilateurs \u00e0 rotation altern\u00e9e (WINDFORCE). Sans oublier bien s\u00fbr le\u00a0backplate m\u00e9tal\u00a0au dos du PCB de la carte.<\/p>\n<\/div>\n<\/section>\n<section>\n<div class=\"desc-text\">\n<h2>Architecture NVIDIA Ada Lovelace<\/h2>\n<p>Cette architecture nouvelle va vous permettre de garder une longueur d&#8217;avance. Elle est en avance sur son temps comme sur le jeu.<\/p>\n<ul>\n<li>Nouveaux multiprocesseurs de flux : Jusqu\u2019\u00e0 2 fois plus de performances et de rendement \u00e9nerg\u00e9tique<\/li>\n<li>C\u0153urs Tensor de quatri\u00e8me g\u00e9n\u00e9ration : Jusqu\u2019\u00e0 2 fois plus de performances d\u2019IA<\/li>\n<li>C\u0153urs RT de troisi\u00e8me g\u00e9n\u00e9ration : Jusqu\u2019\u00e0 2 fois plus de performances de ray tracing et des graphismes r\u00e9alistes et immersifs<\/li>\n<li>Plateforme NVIDIA Reflex \u00e0 faible latence<\/li>\n<li>Encodeur NVIDIA : Conception pour le streaming en direct<\/li>\n<li>NVIDIA Broadcast : Vid\u00e9o et voix optimis\u00e9es par l\u2019IA<\/li>\n<li>NVIDIA Studio : Acc\u00e9l\u00e9rez votre cr\u00e9ativit\u00e9<\/li>\n<li>NVIDIA DLSS 3 : Performances acc\u00e9l\u00e9r\u00e9es par l\u2019IA<\/li>\n<\/ul>\n<p>&nbsp;<\/p>\n<\/div>\n<div class=\"desc-image\"><img decoding=\"async\" src=\"https:\/\/media.ldlc.com\/bo\/images\/fiches\/Carte_graphique\/NVIDIA\/nvidia_ada_lovelace_001.jpg\" alt=\"\" \/><\/div>\n<div><img decoding=\"async\" src=\"https:\/\/www.ultrapc.ma\/22137-large_default\/msi-mag-forge-m100a-rgb.jpg\" alt=\"MSI MAG FORGE M100A RGB Boitiers PC MSI, Ultra Pc Gamer Maroc\" \/><\/div>\n<div>Con\u00e7u pour d\u00e9livrer d&#8217;excellentes performances, le bo\u00eetier gaming MSI MAG FORGE M100A peut compter sur ses 4 ventilateurs de 120 mm inclus (6 emplacements maximum) pour refroidir votre machine efficacement. Il accueille des\u00a0cartes-m\u00e8res Micro-ATX ou Mini-ITX\u00a0ainsi que des\u00a0cartes graphiques jusqu&#8217;\u00e0 300 mm\u00a0et est \u00e9galement compatible avec des\u00a0syst\u00e8mes de Watercooling d&#8217;une longueur maximale de 240\u00a0mm.<\/div>\n<\/section>\n<\/div>\n<\/div>\n<\/div>\n<\/section>\n<\/div>\n<\/div>\n<\/div>\n<\/section>\n<\/div>\n<\/div>\n<\/div>\n<\/section>\n<\/div>\n<\/div>\n","protected":false},"excerpt":{"rendered":"<p><i>PC Gamer Osaka vous offre une configuration INTEL avec des composants \u00e9quilibr\u00e9e avec un bon prix, ce PC Gamer compos\u00e9 d\u2019un processeur\u00a0<strong>INTEL\u00ae CORE\u2122i5-14600KF<\/strong>\u00a0 ainsi que d\u2019une carte graphique\u00a0<strong>GIGABYTE WINDFORCE OC RTX 3060 12GB<\/strong>\u00a0Il int\u00e8gre \u00e9galement un\u00a0<strong>SSD 1TB<\/strong>\u00a0pour un syst\u00e8me toujours plus rapide et\u00a0<strong>16 Go<\/strong>\u00a0<strong>de RAM<\/strong>. Voila les atouts de ce PC puissant taill\u00e9 pour travailler dans les meilleures conditions.<\/i><\/p>\n<ul>\n<li>Processeur\u00a0<strong>INTEL\u00aeCORE\u2122i5-14600KF (3.6 GHz \/ 5.0 GHz)<\/strong><\/li>\n<li>Carte m\u00e8re\u00a0<strong>MSI H610M-G ddr4<\/strong><\/li>\n<li>Ram\u00a0<strong>16GB GIGASTONE DDR4 (8\u00d72) 3200MHZ<\/strong><\/li>\n<li>Carte graphique\u00a0<strong>GIGABYTE WINDFORCE OC RTX 3060 12GB<\/strong><\/li>\n<li>Bo\u00eetier<strong> MSI FORGE M100A\u00a0<\/strong><\/li>\n<li>SSD\u00a0<strong>MSI SPATIUM M371 1TB GEN 4<\/strong><\/li>\n<li>Ventirad<strong> DEEPCOOL GAMMAX AG300<\/strong><\/li>\n<li>Alimentation\u00a0<b>MSI MAG A550BNL 550W 80+ BRONZE<\/b><\/li>\n<li><strong>Win11 \/ Bien assembl\u00e9<\/strong><\/li>\n<\/ul>\n","protected":false},"featured_media":1010195,"template":"","meta":{"_acf_changed":false},"pwb-brand":[],"product_brand":[],"product_cat":[57,53],"product_tag":[],"pcb_component_type":[],"class_list":{"0":"post-11257","1":"product","2":"type-product","3":"status-publish","4":"has-post-thumbnail","6":"product_cat-intel","7":"product_cat-pc-gamer","9":"first","10":"outofstock","11":"shipping-taxable","12":"purchasable","13":"product-type-simple"},"translation":{"provider":"WPGlobus","version":"3.0.2","language":"ru","enabled_languages":["en","es","de","fr","ru"],"languages":{"en":{"title":true,"content":true,"excerpt":true},"es":{"title":false,"content":false,"excerpt":false},"de":{"title":false,"content":false,"excerpt":false},"fr":{"title":false,"content":false,"excerpt":false},"ru":{"title":false,"content":false,"excerpt":false}}},"acf":[],"yoast_head":"<!-- This site is optimized with the Yoast SEO plugin v27.2 - https:\/\/yoast.com\/product\/yoast-seo-wordpress\/ -->\n<title>PC GAMER i5-14600KF \/ 16GB \/ 1TB \/ RTX 3060 12GB - Osaka<\/title>\n<meta name=\"robots\" content=\"index, follow, max-snippet:-1, max-image-preview:large, max-video-preview:-1\" \/>\n<link rel=\"canonical\" href=\"https:\/\/osaka.ma\/product\/pc-gamer-i5-14600kf-16gb-1tb-rtx-3060-12gb\/\" \/>\n<meta property=\"og:locale\" content=\"ru_RU\" \/>\n<meta property=\"og:type\" content=\"article\" \/>\n<meta property=\"og:title\" content=\"PC GAMER i5-14600KF \/ 16GB \/ 1TB \/ RTX 3060 12GB - Osaka\" \/>\n<meta property=\"og:url\" content=\"https:\/\/osaka.ma\/product\/pc-gamer-i5-14600kf-16gb-1tb-rtx-3060-12gb\/\" \/>\n<meta property=\"og:site_name\" content=\"Osaka\" \/>\n<meta property=\"article:modified_time\" content=\"2025-08-11T17:50:45+00:00\" \/>\n<meta property=\"og:image\" content=\"https:\/\/osaka.ma\/wp-content\/uploads\/2024\/08\/MSI-M100A.png\" \/>\n\t<meta property=\"og:image:width\" content=\"1176\" \/>\n\t<meta property=\"og:image:height\" content=\"940\" \/>\n\t<meta property=\"og:image:type\" content=\"image\/png\" \/>\n<meta name=\"twitter:card\" content=\"summary_large_image\" \/>\n<meta name=\"twitter:label1\" content=\"Est. reading time\" \/>\n\t<meta name=\"twitter:data1\" content=\"5 minutes\" \/>\n<script type=\"application\/ld+json\" class=\"yoast-schema-graph\">{\"@context\":\"https:\/\/schema.org\",\"@graph\":[{\"@type\":\"WebPage\",\"@id\":\"https:\/\/osaka.ma\/product\/pc-gamer-i5-14600kf-16gb-1tb-rtx-3060-12gb\/\",\"url\":\"https:\/\/osaka.ma\/product\/pc-gamer-i5-14600kf-16gb-1tb-rtx-3060-12gb\/\",\"name\":\"PC GAMER i5-14600KF \/ 16GB \/ 1TB \/ RTX 3060 12GB - Osaka\",\"isPartOf\":{\"@id\":\"https:\/\/osaka.ma\/#website\"},\"primaryImageOfPage\":{\"@id\":\"https:\/\/osaka.ma\/product\/pc-gamer-i5-14600kf-16gb-1tb-rtx-3060-12gb\/#primaryimage\"},\"image\":{\"@id\":\"https:\/\/osaka.ma\/product\/pc-gamer-i5-14600kf-16gb-1tb-rtx-3060-12gb\/#primaryimage\"},\"thumbnailUrl\":\"https:\/\/osaka.ma\/wp-content\/uploads\/2024\/08\/MSI-M100A.png\",\"datePublished\":\"2024-11-04T13:53:31+00:00\",\"dateModified\":\"2025-08-11T17:50:45+00:00\",\"breadcrumb\":{\"@id\":\"https:\/\/osaka.ma\/product\/pc-gamer-i5-14600kf-16gb-1tb-rtx-3060-12gb\/#breadcrumb\"},\"inLanguage\":\"ru-RU\",\"potentialAction\":[{\"@type\":\"ReadAction\",\"target\":[\"https:\/\/osaka.ma\/product\/pc-gamer-i5-14600kf-16gb-1tb-rtx-3060-12gb\/\"]}]},{\"@type\":\"ImageObject\",\"inLanguage\":\"ru-RU\",\"@id\":\"https:\/\/osaka.ma\/product\/pc-gamer-i5-14600kf-16gb-1tb-rtx-3060-12gb\/#primaryimage\",\"url\":\"https:\/\/osaka.ma\/wp-content\/uploads\/2024\/08\/MSI-M100A.png\",\"contentUrl\":\"https:\/\/osaka.ma\/wp-content\/uploads\/2024\/08\/MSI-M100A.png\",\"width\":1176,\"height\":940},{\"@type\":\"BreadcrumbList\",\"@id\":\"https:\/\/osaka.ma\/product\/pc-gamer-i5-14600kf-16gb-1tb-rtx-3060-12gb\/#breadcrumb\",\"itemListElement\":[{\"@type\":\"ListItem\",\"position\":1,\"name\":\"Home\",\"item\":\"https:\/\/osaka.ma\/\"},{\"@type\":\"ListItem\",\"position\":2,\"name\":\"Shop\",\"item\":\"https:\/\/osaka.ma\/shop-2\/\"},{\"@type\":\"ListItem\",\"position\":3,\"name\":\"PC GAMER i5-14600KF \/ 16GB \/ 1TB \/ RTX 3060 12GB\"}]},{\"@type\":\"WebSite\",\"@id\":\"https:\/\/osaka.ma\/#website\",\"url\":\"https:\/\/osaka.ma\/\",\"name\":\"Osaka\",\"description\":\"\",\"publisher\":{\"@id\":\"https:\/\/osaka.ma\/#organization\"},\"potentialAction\":[{\"@type\":\"SearchAction\",\"target\":{\"@type\":\"EntryPoint\",\"urlTemplate\":\"https:\/\/osaka.ma\/?s={search_term_string}\"},\"query-input\":{\"@type\":\"PropertyValueSpecification\",\"valueRequired\":true,\"valueName\":\"search_term_string\"}}],\"inLanguage\":\"ru-RU\"},{\"@type\":\"Organization\",\"@id\":\"https:\/\/osaka.ma\/#organization\",\"name\":\"Osaka\",\"url\":\"https:\/\/osaka.ma\/\",\"logo\":{\"@type\":\"ImageObject\",\"inLanguage\":\"ru-RU\",\"@id\":\"https:\/\/osaka.ma\/#\/schema\/logo\/image\/\",\"url\":\"https:\/\/osaka.ma\/wp-content\/uploads\/2026\/01\/model-slogan-logo-2Plan-de-travail-1dksl-plus-finnn.png\",\"contentUrl\":\"https:\/\/osaka.ma\/wp-content\/uploads\/2026\/01\/model-slogan-logo-2Plan-de-travail-1dksl-plus-finnn.png\",\"width\":842,\"height\":226,\"caption\":\"Osaka\"},\"image\":{\"@id\":\"https:\/\/osaka.ma\/#\/schema\/logo\/image\/\"}}]}<\/script>\n<!-- \/ Yoast SEO plugin. -->","yoast_head_json":{"title":"PC GAMER i5-14600KF \/ 16GB \/ 1TB \/ RTX 3060 12GB - Osaka","robots":{"index":"index","follow":"follow","max-snippet":"max-snippet:-1","max-image-preview":"max-image-preview:large","max-video-preview":"max-video-preview:-1"},"canonical":"https:\/\/osaka.ma\/product\/pc-gamer-i5-14600kf-16gb-1tb-rtx-3060-12gb\/","og_locale":"ru_RU","og_type":"article","og_title":"PC GAMER i5-14600KF \/ 16GB \/ 1TB \/ RTX 3060 12GB - Osaka","og_url":"https:\/\/osaka.ma\/product\/pc-gamer-i5-14600kf-16gb-1tb-rtx-3060-12gb\/","og_site_name":"Osaka","article_modified_time":"2025-08-11T17:50:45+00:00","og_image":[{"width":1176,"height":940,"url":"https:\/\/osaka.ma\/wp-content\/uploads\/2024\/08\/MSI-M100A.png","type":"image\/png"}],"twitter_card":"summary_large_image","twitter_misc":{"Est. reading time":"5 minutes"},"schema":{"@context":"https:\/\/schema.org","@graph":[{"@type":"WebPage","@id":"https:\/\/osaka.ma\/product\/pc-gamer-i5-14600kf-16gb-1tb-rtx-3060-12gb\/","url":"https:\/\/osaka.ma\/product\/pc-gamer-i5-14600kf-16gb-1tb-rtx-3060-12gb\/","name":"PC GAMER i5-14600KF \/ 16GB \/ 1TB \/ RTX 3060 12GB - Osaka","isPartOf":{"@id":"https:\/\/osaka.ma\/#website"},"primaryImageOfPage":{"@id":"https:\/\/osaka.ma\/product\/pc-gamer-i5-14600kf-16gb-1tb-rtx-3060-12gb\/#primaryimage"},"image":{"@id":"https:\/\/osaka.ma\/product\/pc-gamer-i5-14600kf-16gb-1tb-rtx-3060-12gb\/#primaryimage"},"thumbnailUrl":"https:\/\/osaka.ma\/wp-content\/uploads\/2024\/08\/MSI-M100A.png","datePublished":"2024-11-04T13:53:31+00:00","dateModified":"2025-08-11T17:50:45+00:00","breadcrumb":{"@id":"https:\/\/osaka.ma\/product\/pc-gamer-i5-14600kf-16gb-1tb-rtx-3060-12gb\/#breadcrumb"},"inLanguage":"ru-RU","potentialAction":[{"@type":"ReadAction","target":["https:\/\/osaka.ma\/product\/pc-gamer-i5-14600kf-16gb-1tb-rtx-3060-12gb\/"]}]},{"@type":"ImageObject","inLanguage":"ru-RU","@id":"https:\/\/osaka.ma\/product\/pc-gamer-i5-14600kf-16gb-1tb-rtx-3060-12gb\/#primaryimage","url":"https:\/\/osaka.ma\/wp-content\/uploads\/2024\/08\/MSI-M100A.png","contentUrl":"https:\/\/osaka.ma\/wp-content\/uploads\/2024\/08\/MSI-M100A.png","width":1176,"height":940},{"@type":"BreadcrumbList","@id":"https:\/\/osaka.ma\/product\/pc-gamer-i5-14600kf-16gb-1tb-rtx-3060-12gb\/#breadcrumb","itemListElement":[{"@type":"ListItem","position":1,"name":"Home","item":"https:\/\/osaka.ma\/"},{"@type":"ListItem","position":2,"name":"Shop","item":"https:\/\/osaka.ma\/shop-2\/"},{"@type":"ListItem","position":3,"name":"PC GAMER i5-14600KF \/ 16GB \/ 1TB \/ RTX 3060 12GB"}]},{"@type":"WebSite","@id":"https:\/\/osaka.ma\/#website","url":"https:\/\/osaka.ma\/","name":"Osaka","description":"","publisher":{"@id":"https:\/\/osaka.ma\/#organization"},"potentialAction":[{"@type":"SearchAction","target":{"@type":"EntryPoint","urlTemplate":"https:\/\/osaka.ma\/?s={search_term_string}"},"query-input":{"@type":"PropertyValueSpecification","valueRequired":true,"valueName":"search_term_string"}}],"inLanguage":"ru-RU"},{"@type":"Organization","@id":"https:\/\/osaka.ma\/#organization","name":"Osaka","url":"https:\/\/osaka.ma\/","logo":{"@type":"ImageObject","inLanguage":"ru-RU","@id":"https:\/\/osaka.ma\/#\/schema\/logo\/image\/","url":"https:\/\/osaka.ma\/wp-content\/uploads\/2026\/01\/model-slogan-logo-2Plan-de-travail-1dksl-plus-finnn.png","contentUrl":"https:\/\/osaka.ma\/wp-content\/uploads\/2026\/01\/model-slogan-logo-2Plan-de-travail-1dksl-plus-finnn.png","width":842,"height":226,"caption":"Osaka"},"image":{"@id":"https:\/\/osaka.ma\/#\/schema\/logo\/image\/"}}]}},"jetpack_sharing_enabled":true,"brands":[],"_links":{"self":[{"href":"https:\/\/osaka.ma\/ru\/wp-json\/wp\/v2\/product\/11257","targetHints":{"allow":["GET"]}}],"collection":[{"href":"https:\/\/osaka.ma\/ru\/wp-json\/wp\/v2\/product"}],"about":[{"href":"https:\/\/osaka.ma\/ru\/wp-json\/wp\/v2\/types\/product"}],"version-history":[{"count":0,"href":"https:\/\/osaka.ma\/ru\/wp-json\/wp\/v2\/product\/11257\/revisions"}],"wp:featuredmedia":[{"embeddable":true,"href":"https:\/\/osaka.ma\/ru\/wp-json\/wp\/v2\/media\/1010195"}],"wp:attachment":[{"href":"https:\/\/osaka.ma\/ru\/wp-json\/wp\/v2\/media?parent=11257"}],"wp:term":[{"taxonomy":"pwb-brand","embeddable":true,"href":"https:\/\/osaka.ma\/ru\/wp-json\/wp\/v2\/pwb-brand?post=11257"},{"taxonomy":"product_brand","embeddable":true,"href":"https:\/\/osaka.ma\/ru\/wp-json\/wp\/v2\/product_brand?post=11257"},{"taxonomy":"product_cat","embeddable":true,"href":"https:\/\/osaka.ma\/ru\/wp-json\/wp\/v2\/product_cat?post=11257"},{"taxonomy":"product_tag","embeddable":true,"href":"https:\/\/osaka.ma\/ru\/wp-json\/wp\/v2\/product_tag?post=11257"},{"taxonomy":"pcb_component_type","embeddable":true,"href":"https:\/\/osaka.ma\/ru\/wp-json\/wp\/v2\/pcb_component_type?post=11257"}],"curies":[{"name":"wp","href":"https:\/\/api.w.org\/{rel}","templated":true}]}}