{"id":11776,"date":"2024-12-24T16:41:25","date_gmt":"2024-12-24T16:41:25","guid":{"rendered":"https:\/\/osaka.ma\/?post_type=product&#038;p=11776"},"modified":"2025-03-01T15:09:49","modified_gmt":"2025-03-01T15:09:49","slug":"acer-nitro-anv15-v15-ryzen-7-7735hs-16gb-1tb-rtx-4060-8gb-15-6%e2%80%b3-full-hd-165-hz-ips","status":"publish","type":"product","link":"https:\/\/osaka.ma\/ru\/product\/acer-nitro-anv15-v15-ryzen-7-7735hs-16gb-1tb-rtx-4060-8gb-15-6%e2%80%b3-full-hd-165-hz-ips\/","title":{"rendered":"Acer Nitro V15 ANV15 Ryzen 7 7735Hs \/16GB\/ 1Tb\/ RTX 4060 8GB \/ 15.6\u2033 Full-HD  144Hz IPS"},"content":{"rendered":"<div class=\"logo\"><a href=\"https:\/\/www.ldlc.com\/acer\/bint000001041\/\" rel=\"nofollow noopener\" target=\"_blank\"><img decoding=\"async\" src=\"https:\/\/media.ldlc.com\/v3\/marque\/190\/C000001041.gif\" alt=\"Acer\" \/><\/a><\/div>\n<div id=\"description\" class=\"description\">\n<div class=\"details-pdt-desc\">\n<h2 class=\"h2-master\">Performance et fluidit\u00e9<\/h2>\n<section>Plongez dans le monde du jeu vid\u00e9o avec le PC portable\u00a0<strong>Acer Nitro V 15 ANV15-41<\/strong>\u00a0! Ce PC portable Gamer est con\u00e7u pour offrir d&#8217;excellentes performances en r\u00e9solution 1080p, avec en prime une fr\u00e9quence d&#8217;image de 144 Hz, un son de qualit\u00e9 et un refroidissement efficace !<\/section>\n<section>\n<div class=\"desc-image\"><img decoding=\"async\" src=\"https:\/\/media.ldlc.com\/bo\/images\/fiches\/pc_portables\/acer\/nitro_anv15-51\/801b.jpg\" alt=\"\" \/><\/div>\n<div class=\"desc-text\">\n<h2>Un concentr\u00e9 de performance<\/h2>\n<p>Les processeurs AMD s\u00e9rie 7000 vous offrent des performances sup\u00e9rieures pour le gaming, ainsi que la flexibilit\u00e9 n\u00e9cessaire pour un travail multit\u00e2che fluide. De leur c\u00f4t\u00e9, les puces graphiques NVIDIA RTX s\u00e9rie 4000 exploitent l&#8217;architecture NVIDIA Ada Lovelace ultra-efficace, qui repr\u00e9sente un v\u00e9ritable bond en avant en termes de performances et de graphismes optimis\u00e9s par l&#8217;intelligence artificielle. Gr\u00e2ce aux c\u0153urs Tensor de 4e g\u00e9n\u00e9ration et \u00e0 l&#8217;acc\u00e9l\u00e9rateur de d\u00e9bit optique des cartes graphiques GeForce RTX s\u00e9rie 40, la technologie DLSS 3 utilise l&#8217;IA pour cr\u00e9er des images suppl\u00e9mentaires de haute qualit\u00e9. L&#8217;architecture Ada lib\u00e8re tout le potentiel du ray tracing, qui simule le comportement de la lumi\u00e8re dans le monde r\u00e9el.<\/p>\n<\/div>\n<\/section>\n<section>\n<div class=\"desc-text\">\n<h2>Refroidissement performant<\/h2>\n<p>Le ch\u00e2ssis de ce PC portable Acer b\u00e9n\u00e9ficie d&#8217;une solution de refroidissement \u00e0 deux ventilateurs avec un syst\u00e8me d&#8217;\u00e9vacuation de l&#8217;air chaud performant. Le tout dans un format mince avec seulement de 23.5 \u00e0 27 mm d&#8217;\u00e9paisseur !<\/p>\n<\/div>\n<div class=\"desc-image\"><img decoding=\"async\" src=\"https:\/\/media.ldlc.com\/bo\/images\/fiches\/pc_portables\/acer\/nitro_anv15-51\/802.jpg\" alt=\"\" \/><\/div>\n<\/section>\n<section>\n<div class=\"desc-image\"><img decoding=\"async\" src=\"https:\/\/media.ldlc.com\/bo\/images\/fiches\/pc_portables\/acer\/nitro_anv15-51\/803.jpg\" alt=\"\" \/><\/div>\n<div class=\"desc-text\">\n<h2>Restitution sonore de qualit\u00e9<\/h2>\n<p>Prenez l&#8217;avantage sur vos adversaires et profitez d&#8217;une exp\u00e9rience plus immersive gr\u00e2ce \u00e0 un son de meilleure qualit\u00e9. Gr\u00e2ce \u00e0 la technologie DTS:X Ultra, les sons sont clairs et peuvent \u00eatre diffus\u00e9s dans un espace sonore spatial en 3D, ce qui vous permet d&#8217;entendre d&#8217;o\u00f9 viennent vos adversaires avec une pr\u00e9cision extr\u00eame. Par ailleurs, communiquez avec clart\u00e9 gr\u00e2ce aux technologies de r\u00e9duction du bruit Acer PurifiedView et Acer PurifiedVoice, optimis\u00e9es par l&#8217;IA.<\/p>\n<\/div>\n<\/section>\n<section class=\"list\">\n<h2>Caract\u00e9ristiques principales :<\/h2>\n<ul>\n<li><strong>Processeur AMD Ryzen 7 7735HS<\/strong>\u00a0(Octo-Core 3.2 GHz \/ 4.75 GHz Turbo &#8211; 16 Threads &#8211; Cache 16 Mo)<\/li>\n<li>16 Go de m\u00e9moire DDR5 (2x 8 Go)<\/li>\n<li>\u00c9cran mat de 15.6 pouces avec r\u00e9solution\u00a0<strong>Full HD<\/strong>\u00a0(1920 x 1080) et<strong>\u00a0fr\u00e9quence de 144 Hz<\/strong><\/li>\n<li><strong>Dalle IPS\u00a0<\/strong>: couleurs lumineuses et angles de vision larges<\/li>\n<li>Puce graphique\u00a0<strong>NVIDIA GeForce RTX 4060\u00a0<\/strong>avec 8 Go de m\u00e9moire d\u00e9di\u00e9e<\/li>\n<li><strong>SSD M.2 PCIe de 1TB<\/strong><\/li>\n<li>Communication sans fil\u00a0<strong>Wi-Fi 6<\/strong>\u00a0+\u00a0<strong>Bluetooth 5.1<\/strong><\/li>\n<li>Clavier chiclet avec\u00a0<strong>touches r\u00e9tro\u00e9clair\u00e9es<\/strong><\/li>\n<li>Webcam HD int\u00e9gr\u00e9e<\/li>\n<li><strong>Windows 11 Famille<\/strong><\/li>\n<li>Neuf (Sans emballage)<\/li>\n<\/ul>\n<\/section>\n<\/div>\n<\/div>\n","protected":false},"excerpt":{"rendered":"<p>le PC portable\u00a0<strong>Acer Nitro V 15 ANV15-41<\/strong>\u00a0! Ce PC portable Gamer est con\u00e7u pour offrir d&#8217;excellentes performances en r\u00e9solution 1080p, avec en prime une fr\u00e9quence d&#8217;image de 144 Hz, un son de qualit\u00e9 et un refroidissement efficace<\/p>\n<p>Caract\u00e9ristiques principales :<\/p>\n<ul>\n<li><strong>Processeur AMD Ryzen 7 7735HS<\/strong>\u00a0(Octo-Core 3.2 GHz \/ 4.75 GHz Turbo &#8211; 16 Threads &#8211; Cache 16 Mo)<\/li>\n<li>16 Go de m\u00e9moire DDR5 (2x 8 Go)<\/li>\n<li>\u00c9cran mat de 15.6 pouces avec r\u00e9solution\u00a0<strong>Full HD<\/strong>\u00a0(1920 x 1080) et<strong>\u00a0fr\u00e9quence de 144 Hz<\/strong><\/li>\n<li><strong>Dalle IPS\u00a0<\/strong>: couleurs lumineuses et angles de vision larges<\/li>\n<li>Puce graphique\u00a0<strong>NVIDIA GeForce RTX 4060\u00a0<\/strong>avec 8 Go de m\u00e9moire d\u00e9di\u00e9e<\/li>\n<li><strong>SSD M.2 PCIe de 1TB<\/strong><\/li>\n<li>Communication sans fil\u00a0<strong>Wi-Fi 6<\/strong>\u00a0+\u00a0<strong>Bluetooth 5.1<\/strong><\/li>\n<li>Clavier chiclet avec\u00a0<strong>touches r\u00e9tro\u00e9clair\u00e9es<\/strong><\/li>\n<li>Webcam HD int\u00e9gr\u00e9e<\/li>\n<li><strong>Windows 11 Famille<\/strong><\/li>\n<li>Neuf (sans emballage)<\/li>\n<\/ul>\n","protected":false},"featured_media":1011781,"template":"","meta":{"_acf_changed":false},"pwb-brand":[],"product_brand":[],"product_cat":[122,121],"product_tag":[],"pcb_component_type":[],"class_list":{"0":"post-11776","1":"product","2":"type-product","3":"status-publish","4":"has-post-thumbnail","6":"product_cat-gaming","7":"product_cat-pc-portable","9":"first","10":"outofstock","11":"shipping-taxable","12":"product-type-simple"},"translation":{"provider":"WPGlobus","version":"3.0.2","language":"ru","enabled_languages":["en","es","de","fr","ru"],"languages":{"en":{"title":true,"content":true,"excerpt":true},"es":{"title":false,"content":false,"excerpt":false},"de":{"title":false,"content":false,"excerpt":false},"fr":{"title":false,"content":false,"excerpt":false},"ru":{"title":false,"content":false,"excerpt":false}}},"acf":[],"yoast_head":"<!-- This site is optimized with the Yoast SEO plugin v27.2 - https:\/\/yoast.com\/product\/yoast-seo-wordpress\/ -->\n<title>Acer Nitro V15 ANV15 Ryzen 7 7735Hs \/16GB\/ 1Tb\/ RTX 4060 8GB \/ 15.6\u2033 Full-HD 144Hz IPS - Osaka<\/title>\n<meta name=\"robots\" content=\"index, follow, max-snippet:-1, max-image-preview:large, max-video-preview:-1\" \/>\n<link rel=\"canonical\" href=\"https:\/\/osaka.ma\/product\/acer-nitro-anv15-v15-ryzen-7-7735hs-16gb-1tb-rtx-4060-8gb-15-6\u2033-full-hd-165-hz-ips\/\" \/>\n<meta property=\"og:locale\" content=\"ru_RU\" \/>\n<meta property=\"og:type\" content=\"article\" \/>\n<meta property=\"og:title\" content=\"Acer Nitro V15 ANV15 Ryzen 7 7735Hs \/16GB\/ 1Tb\/ RTX 4060 8GB \/ 15.6\u2033 Full-HD 144Hz IPS - Osaka\" \/>\n<meta property=\"og:url\" content=\"https:\/\/osaka.ma\/product\/acer-nitro-anv15-v15-ryzen-7-7735hs-16gb-1tb-rtx-4060-8gb-15-6\u2033-full-hd-165-hz-ips\/\" \/>\n<meta property=\"og:site_name\" content=\"Osaka\" \/>\n<meta property=\"article:modified_time\" content=\"2025-03-01T15:09:49+00:00\" \/>\n<meta property=\"og:image\" content=\"https:\/\/osaka.ma\/wp-content\/uploads\/2024\/12\/Acer-Nitro-ANV15-V15-Ryzen-7-7735Hs.jpg\" \/>\n\t<meta property=\"og:image:width\" content=\"1000\" \/>\n\t<meta property=\"og:image:height\" content=\"1000\" \/>\n\t<meta property=\"og:image:type\" content=\"image\/jpeg\" \/>\n<meta name=\"twitter:card\" content=\"summary_large_image\" \/>\n<meta name=\"twitter:label1\" content=\"Est. reading time\" \/>\n\t<meta name=\"twitter:data1\" content=\"3 minutes\" \/>\n<script type=\"application\/ld+json\" class=\"yoast-schema-graph\">{\"@context\":\"https:\/\/schema.org\",\"@graph\":[{\"@type\":\"WebPage\",\"@id\":\"https:\/\/osaka.ma\/product\/acer-nitro-anv15-v15-ryzen-7-7735hs-16gb-1tb-rtx-4060-8gb-15-6%e2%80%b3-full-hd-165-hz-ips\/\",\"url\":\"https:\/\/osaka.ma\/product\/acer-nitro-anv15-v15-ryzen-7-7735hs-16gb-1tb-rtx-4060-8gb-15-6%e2%80%b3-full-hd-165-hz-ips\/\",\"name\":\"Acer Nitro V15 ANV15 Ryzen 7 7735Hs \/16GB\/ 1Tb\/ RTX 4060 8GB \/ 15.6\u2033 Full-HD 144Hz IPS - Osaka\",\"isPartOf\":{\"@id\":\"https:\/\/osaka.ma\/#website\"},\"primaryImageOfPage\":{\"@id\":\"https:\/\/osaka.ma\/product\/acer-nitro-anv15-v15-ryzen-7-7735hs-16gb-1tb-rtx-4060-8gb-15-6%e2%80%b3-full-hd-165-hz-ips\/#primaryimage\"},\"image\":{\"@id\":\"https:\/\/osaka.ma\/product\/acer-nitro-anv15-v15-ryzen-7-7735hs-16gb-1tb-rtx-4060-8gb-15-6%e2%80%b3-full-hd-165-hz-ips\/#primaryimage\"},\"thumbnailUrl\":\"https:\/\/osaka.ma\/wp-content\/uploads\/2024\/12\/Acer-Nitro-ANV15-V15-Ryzen-7-7735Hs.jpg\",\"datePublished\":\"2024-12-24T16:41:25+00:00\",\"dateModified\":\"2025-03-01T15:09:49+00:00\",\"breadcrumb\":{\"@id\":\"https:\/\/osaka.ma\/product\/acer-nitro-anv15-v15-ryzen-7-7735hs-16gb-1tb-rtx-4060-8gb-15-6%e2%80%b3-full-hd-165-hz-ips\/#breadcrumb\"},\"inLanguage\":\"ru-RU\",\"potentialAction\":[{\"@type\":\"ReadAction\",\"target\":[\"https:\/\/osaka.ma\/product\/acer-nitro-anv15-v15-ryzen-7-7735hs-16gb-1tb-rtx-4060-8gb-15-6%e2%80%b3-full-hd-165-hz-ips\/\"]}]},{\"@type\":\"ImageObject\",\"inLanguage\":\"ru-RU\",\"@id\":\"https:\/\/osaka.ma\/product\/acer-nitro-anv15-v15-ryzen-7-7735hs-16gb-1tb-rtx-4060-8gb-15-6%e2%80%b3-full-hd-165-hz-ips\/#primaryimage\",\"url\":\"https:\/\/osaka.ma\/wp-content\/uploads\/2024\/12\/Acer-Nitro-ANV15-V15-Ryzen-7-7735Hs.jpg\",\"contentUrl\":\"https:\/\/osaka.ma\/wp-content\/uploads\/2024\/12\/Acer-Nitro-ANV15-V15-Ryzen-7-7735Hs.jpg\",\"width\":1000,\"height\":1000},{\"@type\":\"BreadcrumbList\",\"@id\":\"https:\/\/osaka.ma\/product\/acer-nitro-anv15-v15-ryzen-7-7735hs-16gb-1tb-rtx-4060-8gb-15-6%e2%80%b3-full-hd-165-hz-ips\/#breadcrumb\",\"itemListElement\":[{\"@type\":\"ListItem\",\"position\":1,\"name\":\"Home\",\"item\":\"https:\/\/osaka.ma\/\"},{\"@type\":\"ListItem\",\"position\":2,\"name\":\"Shop\",\"item\":\"https:\/\/osaka.ma\/shop-2\/\"},{\"@type\":\"ListItem\",\"position\":3,\"name\":\"Acer Nitro V15 ANV15 Ryzen 7 7735Hs \/16GB\/ 1Tb\/ RTX 4060 8GB \/ 15.6\u2033 Full-HD 144Hz IPS\"}]},{\"@type\":\"WebSite\",\"@id\":\"https:\/\/osaka.ma\/#website\",\"url\":\"https:\/\/osaka.ma\/\",\"name\":\"Osaka\",\"description\":\"\",\"publisher\":{\"@id\":\"https:\/\/osaka.ma\/#organization\"},\"potentialAction\":[{\"@type\":\"SearchAction\",\"target\":{\"@type\":\"EntryPoint\",\"urlTemplate\":\"https:\/\/osaka.ma\/?s={search_term_string}\"},\"query-input\":{\"@type\":\"PropertyValueSpecification\",\"valueRequired\":true,\"valueName\":\"search_term_string\"}}],\"inLanguage\":\"ru-RU\"},{\"@type\":\"Organization\",\"@id\":\"https:\/\/osaka.ma\/#organization\",\"name\":\"Osaka\",\"url\":\"https:\/\/osaka.ma\/\",\"logo\":{\"@type\":\"ImageObject\",\"inLanguage\":\"ru-RU\",\"@id\":\"https:\/\/osaka.ma\/#\/schema\/logo\/image\/\",\"url\":\"https:\/\/osaka.ma\/wp-content\/uploads\/2026\/01\/model-slogan-logo-2Plan-de-travail-1dksl-plus-finnn.png\",\"contentUrl\":\"https:\/\/osaka.ma\/wp-content\/uploads\/2026\/01\/model-slogan-logo-2Plan-de-travail-1dksl-plus-finnn.png\",\"width\":842,\"height\":226,\"caption\":\"Osaka\"},\"image\":{\"@id\":\"https:\/\/osaka.ma\/#\/schema\/logo\/image\/\"}}]}<\/script>\n<!-- \/ Yoast SEO plugin. -->","yoast_head_json":{"title":"Acer Nitro V15 ANV15 Ryzen 7 7735Hs \/16GB\/ 1Tb\/ RTX 4060 8GB \/ 15.6\u2033 Full-HD 144Hz IPS - Osaka","robots":{"index":"index","follow":"follow","max-snippet":"max-snippet:-1","max-image-preview":"max-image-preview:large","max-video-preview":"max-video-preview:-1"},"canonical":"https:\/\/osaka.ma\/product\/acer-nitro-anv15-v15-ryzen-7-7735hs-16gb-1tb-rtx-4060-8gb-15-6\u2033-full-hd-165-hz-ips\/","og_locale":"ru_RU","og_type":"article","og_title":"Acer Nitro V15 ANV15 Ryzen 7 7735Hs \/16GB\/ 1Tb\/ RTX 4060 8GB \/ 15.6\u2033 Full-HD 144Hz IPS - Osaka","og_url":"https:\/\/osaka.ma\/product\/acer-nitro-anv15-v15-ryzen-7-7735hs-16gb-1tb-rtx-4060-8gb-15-6\u2033-full-hd-165-hz-ips\/","og_site_name":"Osaka","article_modified_time":"2025-03-01T15:09:49+00:00","og_image":[{"width":1000,"height":1000,"url":"https:\/\/osaka.ma\/wp-content\/uploads\/2024\/12\/Acer-Nitro-ANV15-V15-Ryzen-7-7735Hs.jpg","type":"image\/jpeg"}],"twitter_card":"summary_large_image","twitter_misc":{"Est. reading time":"3 minutes"},"schema":{"@context":"https:\/\/schema.org","@graph":[{"@type":"WebPage","@id":"https:\/\/osaka.ma\/product\/acer-nitro-anv15-v15-ryzen-7-7735hs-16gb-1tb-rtx-4060-8gb-15-6%e2%80%b3-full-hd-165-hz-ips\/","url":"https:\/\/osaka.ma\/product\/acer-nitro-anv15-v15-ryzen-7-7735hs-16gb-1tb-rtx-4060-8gb-15-6%e2%80%b3-full-hd-165-hz-ips\/","name":"Acer Nitro V15 ANV15 Ryzen 7 7735Hs \/16GB\/ 1Tb\/ RTX 4060 8GB \/ 15.6\u2033 Full-HD 144Hz IPS - Osaka","isPartOf":{"@id":"https:\/\/osaka.ma\/#website"},"primaryImageOfPage":{"@id":"https:\/\/osaka.ma\/product\/acer-nitro-anv15-v15-ryzen-7-7735hs-16gb-1tb-rtx-4060-8gb-15-6%e2%80%b3-full-hd-165-hz-ips\/#primaryimage"},"image":{"@id":"https:\/\/osaka.ma\/product\/acer-nitro-anv15-v15-ryzen-7-7735hs-16gb-1tb-rtx-4060-8gb-15-6%e2%80%b3-full-hd-165-hz-ips\/#primaryimage"},"thumbnailUrl":"https:\/\/osaka.ma\/wp-content\/uploads\/2024\/12\/Acer-Nitro-ANV15-V15-Ryzen-7-7735Hs.jpg","datePublished":"2024-12-24T16:41:25+00:00","dateModified":"2025-03-01T15:09:49+00:00","breadcrumb":{"@id":"https:\/\/osaka.ma\/product\/acer-nitro-anv15-v15-ryzen-7-7735hs-16gb-1tb-rtx-4060-8gb-15-6%e2%80%b3-full-hd-165-hz-ips\/#breadcrumb"},"inLanguage":"ru-RU","potentialAction":[{"@type":"ReadAction","target":["https:\/\/osaka.ma\/product\/acer-nitro-anv15-v15-ryzen-7-7735hs-16gb-1tb-rtx-4060-8gb-15-6%e2%80%b3-full-hd-165-hz-ips\/"]}]},{"@type":"ImageObject","inLanguage":"ru-RU","@id":"https:\/\/osaka.ma\/product\/acer-nitro-anv15-v15-ryzen-7-7735hs-16gb-1tb-rtx-4060-8gb-15-6%e2%80%b3-full-hd-165-hz-ips\/#primaryimage","url":"https:\/\/osaka.ma\/wp-content\/uploads\/2024\/12\/Acer-Nitro-ANV15-V15-Ryzen-7-7735Hs.jpg","contentUrl":"https:\/\/osaka.ma\/wp-content\/uploads\/2024\/12\/Acer-Nitro-ANV15-V15-Ryzen-7-7735Hs.jpg","width":1000,"height":1000},{"@type":"BreadcrumbList","@id":"https:\/\/osaka.ma\/product\/acer-nitro-anv15-v15-ryzen-7-7735hs-16gb-1tb-rtx-4060-8gb-15-6%e2%80%b3-full-hd-165-hz-ips\/#breadcrumb","itemListElement":[{"@type":"ListItem","position":1,"name":"Home","item":"https:\/\/osaka.ma\/"},{"@type":"ListItem","position":2,"name":"Shop","item":"https:\/\/osaka.ma\/shop-2\/"},{"@type":"ListItem","position":3,"name":"Acer Nitro V15 ANV15 Ryzen 7 7735Hs \/16GB\/ 1Tb\/ RTX 4060 8GB \/ 15.6\u2033 Full-HD 144Hz IPS"}]},{"@type":"WebSite","@id":"https:\/\/osaka.ma\/#website","url":"https:\/\/osaka.ma\/","name":"Osaka","description":"","publisher":{"@id":"https:\/\/osaka.ma\/#organization"},"potentialAction":[{"@type":"SearchAction","target":{"@type":"EntryPoint","urlTemplate":"https:\/\/osaka.ma\/?s={search_term_string}"},"query-input":{"@type":"PropertyValueSpecification","valueRequired":true,"valueName":"search_term_string"}}],"inLanguage":"ru-RU"},{"@type":"Organization","@id":"https:\/\/osaka.ma\/#organization","name":"Osaka","url":"https:\/\/osaka.ma\/","logo":{"@type":"ImageObject","inLanguage":"ru-RU","@id":"https:\/\/osaka.ma\/#\/schema\/logo\/image\/","url":"https:\/\/osaka.ma\/wp-content\/uploads\/2026\/01\/model-slogan-logo-2Plan-de-travail-1dksl-plus-finnn.png","contentUrl":"https:\/\/osaka.ma\/wp-content\/uploads\/2026\/01\/model-slogan-logo-2Plan-de-travail-1dksl-plus-finnn.png","width":842,"height":226,"caption":"Osaka"},"image":{"@id":"https:\/\/osaka.ma\/#\/schema\/logo\/image\/"}}]}},"jetpack_sharing_enabled":true,"brands":[],"_links":{"self":[{"href":"https:\/\/osaka.ma\/ru\/wp-json\/wp\/v2\/product\/11776","targetHints":{"allow":["GET"]}}],"collection":[{"href":"https:\/\/osaka.ma\/ru\/wp-json\/wp\/v2\/product"}],"about":[{"href":"https:\/\/osaka.ma\/ru\/wp-json\/wp\/v2\/types\/product"}],"version-history":[{"count":0,"href":"https:\/\/osaka.ma\/ru\/wp-json\/wp\/v2\/product\/11776\/revisions"}],"wp:featuredmedia":[{"embeddable":true,"href":"https:\/\/osaka.ma\/ru\/wp-json\/wp\/v2\/media\/1011781"}],"wp:attachment":[{"href":"https:\/\/osaka.ma\/ru\/wp-json\/wp\/v2\/media?parent=11776"}],"wp:term":[{"taxonomy":"pwb-brand","embeddable":true,"href":"https:\/\/osaka.ma\/ru\/wp-json\/wp\/v2\/pwb-brand?post=11776"},{"taxonomy":"product_brand","embeddable":true,"href":"https:\/\/osaka.ma\/ru\/wp-json\/wp\/v2\/product_brand?post=11776"},{"taxonomy":"product_cat","embeddable":true,"href":"https:\/\/osaka.ma\/ru\/wp-json\/wp\/v2\/product_cat?post=11776"},{"taxonomy":"product_tag","embeddable":true,"href":"https:\/\/osaka.ma\/ru\/wp-json\/wp\/v2\/product_tag?post=11776"},{"taxonomy":"pcb_component_type","embeddable":true,"href":"https:\/\/osaka.ma\/ru\/wp-json\/wp\/v2\/pcb_component_type?post=11776"}],"curies":[{"name":"wp","href":"https:\/\/api.w.org\/{rel}","templated":true}]}}