{"id":11937,"date":"2025-01-03T16:14:53","date_gmt":"2025-01-03T16:14:53","guid":{"rendered":"https:\/\/osaka.ma\/?post_type=product&#038;p=11937"},"modified":"2025-03-07T09:19:30","modified_gmt":"2025-03-07T09:19:30","slug":"msi-pulse-16-ai-c1vfkg-ultra-9-185h-32gb-1tb-rtx-4060-16-led-qhd-240-hz","status":"publish","type":"product","link":"https:\/\/osaka.ma\/ru\/product\/msi-pulse-16-ai-c1vfkg-ultra-9-185h-32gb-1tb-rtx-4060-16-led-qhd-240-hz\/","title":{"rendered":"MSI PULSE 16 AI C1VFKG ULTRA 9  185H \/ 32GB \/ 1TB \/ RTX 4060 8GB \/16&#8243; LED QHD+ IPS 240 Hz"},"content":{"rendered":"<div class=\"logo\"><a href=\"https:\/\/www.ldlc.com\/fr-lu\/msi\/bint000000992\/\" rel=\"nofollow noopener\" target=\"_blank\"><img decoding=\"async\" src=\"https:\/\/media.ldlc.com\/v3\/marque\/bo\/00\/05\/99\/39\/V30005993997.gif\" alt=\"MSI\" \/><\/a><\/div>\n<div id=\"description\" class=\"description\">\n<div class=\"details-pdt-desc\">\n<h2 class=\"h2-master\">Performance et confort de jeu boost\u00e9s par l&#8217;IA<\/h2>\n<section>Mettez toutes les chances de votre c\u00f4t\u00e9 pour atteindre les sommets avec l&#8217;ordinateur portable\u00a0<strong>MSI Pulse 16 AI C1V<\/strong>\u00a0! Ce PC portable gaming b\u00e9n\u00e9ficie d&#8217;un \u00e9cran IPS avec fr\u00e9quence de 240 Hz et r\u00e9solution QHD+. Gr\u00e2ce \u00e0 son processeur Intel Core Ultra, ce PC portable est \u00e9galement optimis\u00e9 par l&#8217;IA ; il offre \u00e9galement de hautes performances gr\u00e2ce \u00e0 ses composants Gaming.<\/section>\n<section>\n<div class=\"desc-image\"><img decoding=\"async\" src=\"https:\/\/media.ldlc.com\/bo\/images\/fiches\/pc_portables\/msi\/pulse_17\/AI_C1V\/801.jpg\" alt=\"\" \/><\/div>\n<div class=\"desc-text\">\n<h2>Processeur Intel Core Ultra<\/h2>\n<p>Les processeurs Intel Core Ultra repr\u00e9sentent une avanc\u00e9e r\u00e9volutionnaire en termes de performances, gr\u00e2ce \u00e0 un moteur d&#8217;acc\u00e9l\u00e9ration, ou NPU, int\u00e9gr\u00e9 qui assure une meilleure efficacit\u00e9 de l&#8217;IA et du travail en local. Dot\u00e9 d&#8217;une architecture de pointe et d&#8217;un plus grand nombre de c\u0153urs, ce processeur offre des performances jamais vues auparavant pour la prise en charge d&#8217;un plus grand nombre d&#8217;applications et de logiciels, pour le gaming comme le travail.<\/p>\n<\/div>\n<\/section>\n<section>\n<div class=\"desc-text\">\n<h2>NVIDIA GeForce RTX 4060<\/h2>\n<p>Les puces graphiques NVIDIA GeForce RTX s\u00e9rie 40 offrent une rapidit\u00e9 extr\u00eame aux gamers et aux cr\u00e9ateurs. Bas\u00e9s sur l&#8217;architecture NVIDIA Ada Lovelace \u00e0 haut degr\u00e9 d\u2019efficacit\u00e9, ces GPU constituent une avanc\u00e9e d\u00e9cisive en mati\u00e8re de performances gr\u00e2ce au DLSS 3 bas\u00e9 sur l&#8217;IA et au ray tracing qui assure des images ultrar\u00e9alistes. De plus, la suite de technologies Max-Q optimise les performances du syst\u00e8me, l&#8217;alimentation, l&#8217;autonomie de la batterie et le niveau de bruit, pour une efficacit\u00e9 plus \u00e9lev\u00e9e.<\/p>\n<\/div>\n<div class=\"desc-image\"><img decoding=\"async\" src=\"https:\/\/media.ldlc.com\/bo\/images\/fiches\/pc_portables\/msi\/pulse_17\/AI_C1V\/802.jpg\" alt=\"\" \/><\/div>\n<\/section>\n<section>\n<div class=\"desc-image\"><img decoding=\"async\" src=\"https:\/\/media.ldlc.com\/bo\/images\/fiches\/pc_portables\/msi\/Stealth_16_AI_Studio_A1V\/803.jpg\" alt=\"\" \/><\/div>\n<div class=\"desc-text\">\n<h2>Efficacit\u00e9 optimis\u00e9e avec l&#8217;IA<\/h2>\n<p>Les ordinateurs portables MSI acc\u00e9l\u00e8rent d\u00e9sormais votre exp\u00e9rience de travail et de jeu et la rendent plus efficace que jamais. Ils int\u00e8grent des nouvelles fonctionnalit\u00e9s intelligentes qui portent l&#8217;optimisation automatique des r\u00e9glages \u00e0 un tout nouveau niveau.<\/p>\n<p>Le moteur MSI AI Engine est capable de d\u00e9tecter le mode d&#8217;utilisation et d&#8217;automatiquement ajuster les r\u00e9glages mat\u00e9riels pour atteindre les meilleures performances possibles. Gr\u00e2ce \u00e0 des modes et ressources param\u00e9tr\u00e9s par l&#8217;IA, vous pouvez vous concentrer sur vos travaux de cr\u00e9ation, sur votre travail ou sur vos divertissements. Gr\u00e2ce \u00e0 la technologie d&#8217;annulation du bruit de niveau professionnel et au r\u00e9seau de trois microphones \u00e0 filtrage spatial, vous profiterez d&#8217;un son cristallin m\u00eame si vous vous trouvez dans un environnement bruyant.<\/p>\n<p>G\u00e9n\u00e9rez des images directement sur votre ordinateur portable avec l&#8217;outil MSI AI Artist. Cr\u00e9ez des images d\u00e9taill\u00e9es avec des phrases descriptives plus courtes et g\u00e9n\u00e9rez des mots dans vos images. MSI AI Artist offre d&#8217;incroyables capacit\u00e9s de composition d&#8217;images qui r\u00e9sultent en des visuels r\u00e9alistes et bluffants.<\/p>\n<\/div>\n<\/section>\n<section>\n<div class=\"desc-text\">\n<h2>\u00c9cran QHD+ 240 Hz<\/h2>\n<p>L&#8217;\u00e9cran du PC portable MSI Pulse 16 AI C1V offre un taux de rafra\u00eechissement de 240 Hz et couvre l&#8217;int\u00e9gralit\u00e9 du profil de couleurs DCI-P3 (typique), vous assurant ainsi une exp\u00e9rience de jeu extr\u00eamement fluide et des images \u00e9blouissantes. Son format 16:10 garantit un confort \u00e0 toute \u00e9preuve, l&#8217;id\u00e9al pour des heures de jeux ou de toute autre utilisation.<\/p>\n<\/div>\n<div class=\"desc-image\"><img decoding=\"async\" src=\"https:\/\/media.ldlc.com\/bo\/images\/fiches\/pc_portables\/msi\/pulse_17\/AI_C1V\/804.jpg\" alt=\"\" \/><\/div>\n<\/section>\n<section>\n<div class=\"desc-image\"><img decoding=\"async\" src=\"https:\/\/media.ldlc.com\/bo\/images\/fiches\/pc_portables\/msi\/pulse_17\/AI_C1V\/805.jpg\" alt=\"\" \/><\/div>\n<div class=\"desc-text\">\n<h2>Clavier Gamer r\u00e9tro\u00e9clair\u00e9 RGB 24 zones<\/h2>\n<p>Cet ordinateur portable Pulse arbore un clavier \u00e0 24 zones de r\u00e9tro\u00e9clairage RGB et aux touches ZQSD mises en avant. Vous pourrez alors personnaliser ses couleurs et ses effets \u00e0 votre guise, pour une exp\u00e9rience gaming immersive et styl\u00e9e !<\/p>\n<\/div>\n<\/section>\n<section class=\"list\">\n<h2>Caract\u00e9ristiques principales :<\/h2>\n<ul>\n<li>Intel\u00ae Core\u2122 Ultra 9 processor 185H with Intel\u00ae AI Boost (NPU)\u00a0 16 cores (6 P-cores + 8 E-cores + 2 Low Power E-cores), Max Turbo Frequency 5.1 GHz<\/li>\n<li>\u00c9cran de 16 pouces avec\u00a0r\u00e9solution<strong>\u00a0QHD+\u00a0<\/strong>et fr\u00e9quence de 240 Hz<\/li>\n<li>32 Go de m\u00e9moire vive DDR5 (2x 16 Go &#8211; 2 slots avec maximum 96 Go)<\/li>\n<li>Puce graphique\u00a0<strong>NVIDIA GeForce RTX 4060<\/strong>\u00a0avec 8 Go de m\u00e9moire d\u00e9di\u00e9e GDDR6 (2370 MHz &#8211; 140W Dynamic Boost)<\/li>\n<li><strong>SSD M.2 PCIe NVMe de 1 To<\/strong>\u00a0+ 1 slot M.2 libre<\/li>\n<li>Communication sans fil fiable et performante avec les technologies\u00a0<strong>Wi-Fi 6E<\/strong>\u00a0et<strong>\u00a0Bluetooth 5.3<\/strong><\/li>\n<li>Webcam HD 720p et microphone int\u00e9gr\u00e9s<\/li>\n<li>Clavier avec touches r\u00e9tro\u00e9clair\u00e9es RGB 24 zones<\/li>\n<li>Adaptateur d&#8217;alimentation 240 Watts<\/li>\n<li><strong>Windows 11 Professionnel<\/strong><\/li>\n<li>NEUF<\/li>\n<\/ul>\n<\/section>\n<\/div>\n<\/div>\n","protected":false},"excerpt":{"rendered":"<p>Mettez toutes les chances de votre c\u00f4t\u00e9 pour atteindre les sommets avec l&#8217;ordinateur portable\u00a0<strong>MSI Pulse 16 AI C1V<\/strong>\u00a0! Ce PC portable gaming b\u00e9n\u00e9ficie d&#8217;un \u00e9cran IPS avec fr\u00e9quence de 240 Hz et r\u00e9solution QHD+. Gr\u00e2ce \u00e0 son processeur Intel Core Ultra, ce <strong>PC portable est \u00e9galement optimis\u00e9 par l&#8217;IA<\/strong> ; il offre \u00e9galement de hautes performances gr\u00e2ce \u00e0 ses composants Gaming.<\/p>\n<p>Caract\u00e9ristiques principales :<\/p>\n<ul>\n<li>Intel\u00ae Core\u2122 Ultra 9\u00a0 \u00a0185H with Intel\u00ae AI Boost (NPU)\u00a0 16 cores (6 P-cores + 8 E-cores + 2 Low Power E-cores), Max Turbo Frequency 5.1 GHz<\/li>\n<li>\u00c9cran de 16 pouces avec\u00a0r\u00e9solution<strong>\u00a0QHD+\u00a0<\/strong>et fr\u00e9quence de 240 Hz<\/li>\n<li>32 Go de m\u00e9moire vive DDR5 (2x 16 Go &#8211; 2 slots avec maximum 96 Go)<\/li>\n<li>Puce graphique\u00a0<strong>NVIDIA GeForce RTX 4060<\/strong>\u00a0avec 8 Go de m\u00e9moire d\u00e9di\u00e9e GDDR6 (2370 MHz &#8211; 140W Dynamic Boost)<\/li>\n<li><strong>SSD M.2 PCIe NVMe de 1 To<\/strong>\u00a0+ 1 slot M.2 libre<\/li>\n<li>Communication sans fil fiable et performante avec les technologies\u00a0<strong>Wi-Fi 6E<\/strong>\u00a0et<strong>\u00a0Bluetooth 5.3<\/strong><\/li>\n<li>Webcam HD 720p et microphone int\u00e9gr\u00e9s<\/li>\n<li>Clavier avec touches r\u00e9tro\u00e9clair\u00e9es RGB 24 zones<\/li>\n<li>Adaptateur d&#8217;alimentation 240 Watts<\/li>\n<li><strong>Windows 11 Professionnel<\/strong><\/li>\n<li>NEUF<\/li>\n<\/ul>\n","protected":false},"featured_media":1011942,"template":"","meta":{"_acf_changed":false},"pwb-brand":[],"product_brand":[],"product_cat":[122,121],"product_tag":[],"pcb_component_type":[],"class_list":{"0":"post-11937","1":"product","2":"type-product","3":"status-publish","4":"has-post-thumbnail","6":"product_cat-gaming","7":"product_cat-pc-portable","9":"first","10":"outofstock","11":"shipping-taxable","12":"product-type-simple"},"translation":{"provider":"WPGlobus","version":"3.0.2","language":"ru","enabled_languages":["en","es","de","fr","ru"],"languages":{"en":{"title":true,"content":true,"excerpt":true},"es":{"title":false,"content":false,"excerpt":false},"de":{"title":false,"content":false,"excerpt":false},"fr":{"title":false,"content":false,"excerpt":false},"ru":{"title":false,"content":false,"excerpt":false}}},"acf":[],"yoast_head":"<!-- This site is optimized with the Yoast SEO plugin v27.2 - https:\/\/yoast.com\/product\/yoast-seo-wordpress\/ -->\n<title>MSI PULSE 16 AI C1VFKG ULTRA 9 185H \/ 32GB \/ 1TB \/ RTX 4060 8GB \/16&quot; LED QHD+ IPS 240 Hz - Osaka<\/title>\n<meta name=\"robots\" content=\"index, follow, max-snippet:-1, max-image-preview:large, max-video-preview:-1\" \/>\n<link rel=\"canonical\" href=\"https:\/\/osaka.ma\/product\/msi-pulse-16-ai-c1vfkg-ultra-9-185h-32gb-1tb-rtx-4060-16-led-qhd-240-hz\/\" \/>\n<meta property=\"og:locale\" content=\"ru_RU\" \/>\n<meta property=\"og:type\" content=\"article\" \/>\n<meta property=\"og:title\" content=\"MSI PULSE 16 AI C1VFKG ULTRA 9 185H \/ 32GB \/ 1TB \/ RTX 4060 8GB \/16&quot; LED QHD+ IPS 240 Hz - Osaka\" \/>\n<meta property=\"og:url\" content=\"https:\/\/osaka.ma\/product\/msi-pulse-16-ai-c1vfkg-ultra-9-185h-32gb-1tb-rtx-4060-16-led-qhd-240-hz\/\" \/>\n<meta property=\"og:site_name\" content=\"Osaka\" \/>\n<meta property=\"article:modified_time\" content=\"2025-03-07T09:19:30+00:00\" \/>\n<meta name=\"twitter:card\" content=\"summary_large_image\" \/>\n<meta name=\"twitter:label1\" content=\"Est. reading time\" \/>\n\t<meta name=\"twitter:data1\" content=\"5 minutes\" \/>\n<script type=\"application\/ld+json\" class=\"yoast-schema-graph\">{\"@context\":\"https:\/\/schema.org\",\"@graph\":[{\"@type\":\"WebPage\",\"@id\":\"https:\/\/osaka.ma\/product\/msi-pulse-16-ai-c1vfkg-ultra-9-185h-32gb-1tb-rtx-4060-16-led-qhd-240-hz\/\",\"url\":\"https:\/\/osaka.ma\/product\/msi-pulse-16-ai-c1vfkg-ultra-9-185h-32gb-1tb-rtx-4060-16-led-qhd-240-hz\/\",\"name\":\"MSI PULSE 16 AI C1VFKG ULTRA 9 185H \/ 32GB \/ 1TB \/ RTX 4060 8GB \/16\\\" LED QHD+ IPS 240 Hz - Osaka\",\"isPartOf\":{\"@id\":\"https:\/\/osaka.ma\/#website\"},\"primaryImageOfPage\":{\"@id\":\"https:\/\/osaka.ma\/product\/msi-pulse-16-ai-c1vfkg-ultra-9-185h-32gb-1tb-rtx-4060-16-led-qhd-240-hz\/#primaryimage\"},\"image\":{\"@id\":\"https:\/\/osaka.ma\/product\/msi-pulse-16-ai-c1vfkg-ultra-9-185h-32gb-1tb-rtx-4060-16-led-qhd-240-hz\/#primaryimage\"},\"thumbnailUrl\":\"https:\/\/osaka.ma\/wp-content\/uploads\/2025\/01\/public.avif\",\"datePublished\":\"2025-01-03T16:14:53+00:00\",\"dateModified\":\"2025-03-07T09:19:30+00:00\",\"breadcrumb\":{\"@id\":\"https:\/\/osaka.ma\/product\/msi-pulse-16-ai-c1vfkg-ultra-9-185h-32gb-1tb-rtx-4060-16-led-qhd-240-hz\/#breadcrumb\"},\"inLanguage\":\"ru-RU\",\"potentialAction\":[{\"@type\":\"ReadAction\",\"target\":[\"https:\/\/osaka.ma\/product\/msi-pulse-16-ai-c1vfkg-ultra-9-185h-32gb-1tb-rtx-4060-16-led-qhd-240-hz\/\"]}]},{\"@type\":\"ImageObject\",\"inLanguage\":\"ru-RU\",\"@id\":\"https:\/\/osaka.ma\/product\/msi-pulse-16-ai-c1vfkg-ultra-9-185h-32gb-1tb-rtx-4060-16-led-qhd-240-hz\/#primaryimage\",\"url\":\"https:\/\/osaka.ma\/wp-content\/uploads\/2025\/01\/public.avif\",\"contentUrl\":\"https:\/\/osaka.ma\/wp-content\/uploads\/2025\/01\/public.avif\",\"width\":768,\"height\":768},{\"@type\":\"BreadcrumbList\",\"@id\":\"https:\/\/osaka.ma\/product\/msi-pulse-16-ai-c1vfkg-ultra-9-185h-32gb-1tb-rtx-4060-16-led-qhd-240-hz\/#breadcrumb\",\"itemListElement\":[{\"@type\":\"ListItem\",\"position\":1,\"name\":\"Home\",\"item\":\"https:\/\/osaka.ma\/\"},{\"@type\":\"ListItem\",\"position\":2,\"name\":\"Shop\",\"item\":\"https:\/\/osaka.ma\/shop-2\/\"},{\"@type\":\"ListItem\",\"position\":3,\"name\":\"MSI PULSE 16 AI C1VFKG ULTRA 9 185H \/ 32GB \/ 1TB \/ RTX 4060 8GB \/16&#8243; LED QHD+ IPS 240 Hz\"}]},{\"@type\":\"WebSite\",\"@id\":\"https:\/\/osaka.ma\/#website\",\"url\":\"https:\/\/osaka.ma\/\",\"name\":\"Osaka\",\"description\":\"\",\"publisher\":{\"@id\":\"https:\/\/osaka.ma\/#organization\"},\"potentialAction\":[{\"@type\":\"SearchAction\",\"target\":{\"@type\":\"EntryPoint\",\"urlTemplate\":\"https:\/\/osaka.ma\/?s={search_term_string}\"},\"query-input\":{\"@type\":\"PropertyValueSpecification\",\"valueRequired\":true,\"valueName\":\"search_term_string\"}}],\"inLanguage\":\"ru-RU\"},{\"@type\":\"Organization\",\"@id\":\"https:\/\/osaka.ma\/#organization\",\"name\":\"Osaka\",\"url\":\"https:\/\/osaka.ma\/\",\"logo\":{\"@type\":\"ImageObject\",\"inLanguage\":\"ru-RU\",\"@id\":\"https:\/\/osaka.ma\/#\/schema\/logo\/image\/\",\"url\":\"https:\/\/osaka.ma\/wp-content\/uploads\/2026\/01\/model-slogan-logo-2Plan-de-travail-1dksl-plus-finnn.png\",\"contentUrl\":\"https:\/\/osaka.ma\/wp-content\/uploads\/2026\/01\/model-slogan-logo-2Plan-de-travail-1dksl-plus-finnn.png\",\"width\":842,\"height\":226,\"caption\":\"Osaka\"},\"image\":{\"@id\":\"https:\/\/osaka.ma\/#\/schema\/logo\/image\/\"}}]}<\/script>\n<!-- \/ Yoast SEO plugin. -->","yoast_head_json":{"title":"MSI PULSE 16 AI C1VFKG ULTRA 9 185H \/ 32GB \/ 1TB \/ RTX 4060 8GB \/16\" LED QHD+ IPS 240 Hz - Osaka","robots":{"index":"index","follow":"follow","max-snippet":"max-snippet:-1","max-image-preview":"max-image-preview:large","max-video-preview":"max-video-preview:-1"},"canonical":"https:\/\/osaka.ma\/product\/msi-pulse-16-ai-c1vfkg-ultra-9-185h-32gb-1tb-rtx-4060-16-led-qhd-240-hz\/","og_locale":"ru_RU","og_type":"article","og_title":"MSI PULSE 16 AI C1VFKG ULTRA 9 185H \/ 32GB \/ 1TB \/ RTX 4060 8GB \/16\" LED QHD+ IPS 240 Hz - Osaka","og_url":"https:\/\/osaka.ma\/product\/msi-pulse-16-ai-c1vfkg-ultra-9-185h-32gb-1tb-rtx-4060-16-led-qhd-240-hz\/","og_site_name":"Osaka","article_modified_time":"2025-03-07T09:19:30+00:00","twitter_card":"summary_large_image","twitter_misc":{"Est. reading time":"5 minutes"},"schema":{"@context":"https:\/\/schema.org","@graph":[{"@type":"WebPage","@id":"https:\/\/osaka.ma\/product\/msi-pulse-16-ai-c1vfkg-ultra-9-185h-32gb-1tb-rtx-4060-16-led-qhd-240-hz\/","url":"https:\/\/osaka.ma\/product\/msi-pulse-16-ai-c1vfkg-ultra-9-185h-32gb-1tb-rtx-4060-16-led-qhd-240-hz\/","name":"MSI PULSE 16 AI C1VFKG ULTRA 9 185H \/ 32GB \/ 1TB \/ RTX 4060 8GB \/16\" LED QHD+ IPS 240 Hz - Osaka","isPartOf":{"@id":"https:\/\/osaka.ma\/#website"},"primaryImageOfPage":{"@id":"https:\/\/osaka.ma\/product\/msi-pulse-16-ai-c1vfkg-ultra-9-185h-32gb-1tb-rtx-4060-16-led-qhd-240-hz\/#primaryimage"},"image":{"@id":"https:\/\/osaka.ma\/product\/msi-pulse-16-ai-c1vfkg-ultra-9-185h-32gb-1tb-rtx-4060-16-led-qhd-240-hz\/#primaryimage"},"thumbnailUrl":"https:\/\/osaka.ma\/wp-content\/uploads\/2025\/01\/public.avif","datePublished":"2025-01-03T16:14:53+00:00","dateModified":"2025-03-07T09:19:30+00:00","breadcrumb":{"@id":"https:\/\/osaka.ma\/product\/msi-pulse-16-ai-c1vfkg-ultra-9-185h-32gb-1tb-rtx-4060-16-led-qhd-240-hz\/#breadcrumb"},"inLanguage":"ru-RU","potentialAction":[{"@type":"ReadAction","target":["https:\/\/osaka.ma\/product\/msi-pulse-16-ai-c1vfkg-ultra-9-185h-32gb-1tb-rtx-4060-16-led-qhd-240-hz\/"]}]},{"@type":"ImageObject","inLanguage":"ru-RU","@id":"https:\/\/osaka.ma\/product\/msi-pulse-16-ai-c1vfkg-ultra-9-185h-32gb-1tb-rtx-4060-16-led-qhd-240-hz\/#primaryimage","url":"https:\/\/osaka.ma\/wp-content\/uploads\/2025\/01\/public.avif","contentUrl":"https:\/\/osaka.ma\/wp-content\/uploads\/2025\/01\/public.avif","width":768,"height":768},{"@type":"BreadcrumbList","@id":"https:\/\/osaka.ma\/product\/msi-pulse-16-ai-c1vfkg-ultra-9-185h-32gb-1tb-rtx-4060-16-led-qhd-240-hz\/#breadcrumb","itemListElement":[{"@type":"ListItem","position":1,"name":"Home","item":"https:\/\/osaka.ma\/"},{"@type":"ListItem","position":2,"name":"Shop","item":"https:\/\/osaka.ma\/shop-2\/"},{"@type":"ListItem","position":3,"name":"MSI PULSE 16 AI C1VFKG ULTRA 9 185H \/ 32GB \/ 1TB \/ RTX 4060 8GB \/16&#8243; LED QHD+ IPS 240 Hz"}]},{"@type":"WebSite","@id":"https:\/\/osaka.ma\/#website","url":"https:\/\/osaka.ma\/","name":"Osaka","description":"","publisher":{"@id":"https:\/\/osaka.ma\/#organization"},"potentialAction":[{"@type":"SearchAction","target":{"@type":"EntryPoint","urlTemplate":"https:\/\/osaka.ma\/?s={search_term_string}"},"query-input":{"@type":"PropertyValueSpecification","valueRequired":true,"valueName":"search_term_string"}}],"inLanguage":"ru-RU"},{"@type":"Organization","@id":"https:\/\/osaka.ma\/#organization","name":"Osaka","url":"https:\/\/osaka.ma\/","logo":{"@type":"ImageObject","inLanguage":"ru-RU","@id":"https:\/\/osaka.ma\/#\/schema\/logo\/image\/","url":"https:\/\/osaka.ma\/wp-content\/uploads\/2026\/01\/model-slogan-logo-2Plan-de-travail-1dksl-plus-finnn.png","contentUrl":"https:\/\/osaka.ma\/wp-content\/uploads\/2026\/01\/model-slogan-logo-2Plan-de-travail-1dksl-plus-finnn.png","width":842,"height":226,"caption":"Osaka"},"image":{"@id":"https:\/\/osaka.ma\/#\/schema\/logo\/image\/"}}]}},"jetpack_sharing_enabled":true,"brands":[],"_links":{"self":[{"href":"https:\/\/osaka.ma\/ru\/wp-json\/wp\/v2\/product\/11937","targetHints":{"allow":["GET"]}}],"collection":[{"href":"https:\/\/osaka.ma\/ru\/wp-json\/wp\/v2\/product"}],"about":[{"href":"https:\/\/osaka.ma\/ru\/wp-json\/wp\/v2\/types\/product"}],"version-history":[{"count":0,"href":"https:\/\/osaka.ma\/ru\/wp-json\/wp\/v2\/product\/11937\/revisions"}],"wp:featuredmedia":[{"embeddable":true,"href":"https:\/\/osaka.ma\/ru\/wp-json\/wp\/v2\/media\/1011942"}],"wp:attachment":[{"href":"https:\/\/osaka.ma\/ru\/wp-json\/wp\/v2\/media?parent=11937"}],"wp:term":[{"taxonomy":"pwb-brand","embeddable":true,"href":"https:\/\/osaka.ma\/ru\/wp-json\/wp\/v2\/pwb-brand?post=11937"},{"taxonomy":"product_brand","embeddable":true,"href":"https:\/\/osaka.ma\/ru\/wp-json\/wp\/v2\/product_brand?post=11937"},{"taxonomy":"product_cat","embeddable":true,"href":"https:\/\/osaka.ma\/ru\/wp-json\/wp\/v2\/product_cat?post=11937"},{"taxonomy":"product_tag","embeddable":true,"href":"https:\/\/osaka.ma\/ru\/wp-json\/wp\/v2\/product_tag?post=11937"},{"taxonomy":"pcb_component_type","embeddable":true,"href":"https:\/\/osaka.ma\/ru\/wp-json\/wp\/v2\/pcb_component_type?post=11937"}],"curies":[{"name":"wp","href":"https:\/\/api.w.org\/{rel}","templated":true}]}}