{"id":12264,"date":"2025-02-12T10:27:42","date_gmt":"2025-02-12T10:27:42","guid":{"rendered":"https:\/\/osaka.ma\/?post_type=product&#038;p=12264"},"modified":"2026-04-02T14:17:46","modified_gmt":"2026-04-02T13:17:46","slug":"intel-core-i3-8100-3-6-ghz","status":"publish","type":"product","link":"https:\/\/osaka.ma\/ru\/product\/intel-core-i3-8100-3-6-ghz\/","title":{"rendered":"Intel Core i3-8100 (3.6 GHz)"},"content":{"rendered":"<div class=\"logo\"><a href=\"https:\/\/www.ldlc.com\/fr-be\/intel\/bint000000192\/\" rel=\"nofollow noopener\" target=\"_blank\"><img decoding=\"async\" class=\"aligncenter\" src=\"https:\/\/media.ldlc.com\/v3\/marque\/bo\/00\/05\/72\/22\/V30005722262_2.jpg\" alt=\"Intel\" \/><\/a><\/div>\n<div id=\"description\" class=\"description\">\n<h2>Processeur Intel Core 8\u00e8me g\u00e9n\u00e9ration ou le choix de la Performance Premium<\/h2>\n<p>Performances exceptionnelles, multim\u00e9dia &#8220;immersif&#8221; et multit\u00e2che intensif sont les 3 piliers de la\u00a0<strong>8\u00e8me g\u00e9n\u00e9ration de processeurs Intel Core<\/strong>. Plateforme de jeux derni\u00e8re g\u00e9n\u00e9ration ou ordinateur de bureau hautes performances, les processeurs Intel Coffee Lake<strong>\u00a0<\/strong>vous permettent de concevoir un PC sur-mesure, aux performances Premium. Plus de Cores, plus de cache, un meilleur design thermique et un overclocking am\u00e9lior\u00e9 sont les principales \u00e9volution des processeurs Intel Coffee Lake par rapport aux processeurs de la g\u00e9n\u00e9ration pr\u00e9c\u00e9dente. Les processeurs Intel Coffee Lake sont con\u00e7us pour les Gamers, les cr\u00e9atifs et les Overclockers.<\/p>\n<div><\/div>\n<table border=\"0\" width=\"100%\" cellspacing=\"1\" cellpadding=\"1\">\n<tbody>\n<tr>\n<td>\n<h2>Intel Core i3-8100 : 4 Cores, 3.6\u00a0GHz<\/h2>\n<p><span class=\"description\">Le\u00a0<strong>processeur Intel Core i3-8100<\/strong>\u00a0offre des performances de pointe gr\u00e2ce \u00e0 sa\u00a0<strong>fr\u00e9quence native de 3.6 GHz<\/strong>, ses\u00a0<strong>4 Coeurs et 4 threads<\/strong>, ses\u00a0<strong>6 Mo de cache\u00a0<\/strong>et son\u00a0<strong>B<\/strong><strong>US syst\u00e8me 8GT\/s<\/strong>. Avec une\u00a0<strong>enveloppe thermique maximale (TDP) de seulement 65W<\/strong>, il r\u00e9alise la prouesse d&#8217;offrir des fr\u00e9quences de fonctionnement \u00e9lev\u00e9es pour une consommation \u00e9lectrique r\u00e9duite.<\/span><\/td>\n<td width=\"420\">\u00a0<img decoding=\"async\" src=\"https:\/\/media.ldlc.com\/bo\/images\/fiches\/Processeur\/Intel\/coffee_lake\/coffee_lake_Intel-8th-Gen-Core-001.jpg\" alt=\"\" \/><\/td>\n<\/tr>\n<\/tbody>\n<\/table>\n<div><\/div>\n<table border=\"0\" width=\"100%\" cellspacing=\"1\" cellpadding=\"1\">\n<tbody>\n<tr>\n<td width=\"420\">\u00a0<img decoding=\"async\" src=\"https:\/\/media.ldlc.com\/bo\/images\/fiches\/Processeur\/Intel\/coffee_lake\/coffee_lake_Intel-8th-Gen-Core-008.jpg\" alt=\"\" \/><\/td>\n<td>\n<h2>Puissance et fluidit\u00e9<\/h2>\n<p>Le processeur pour PC de bureau Intel Core i3-8100 d\u00e9livre des performances Premium.\u00a0Il est id\u00e9al pour les applications multim\u00e9dias et bureautiques, mais peut \u00e9galement vous offrir un bon compromis entre prix et performances pour une\u00a0utilisation gaming.\u00a0Vous pourrez jouer aux derniers jeux vid\u00e9o, regarder des films, cr\u00e9er et retoucher du contenu vid\u00e9o, partager des photos et bien plus encore !<\/td>\n<\/tr>\n<\/tbody>\n<\/table>\n<div><\/div>\n<table border=\"0\" width=\"100%\" cellspacing=\"1\" cellpadding=\"1\">\n<tbody>\n<tr>\n<td>\n<h2>Cr\u00e9ez, \u00e9ditez et partagez plus vite<\/h2>\n<p>Votre cr\u00e9ativit\u00e9 est une force et un atout majeur, laissez la s&#8217;exprimer avec un\u00a0<strong>processeur Intel Core de 8\u00e8me g\u00e9n\u00e9ration<\/strong>. Gr\u00e2ce au processeur Intel Coffee Lake, vous pourrez tout faire plus vite, qu&#8217;il s&#8217;agisse de cr\u00e9er, \u00e9diter ou partager des contenus. En seulement 3 ans, les performances ont \u00e9t\u00e9 d\u00e9multipli\u00e9es : Cr\u00e9ez 4.5 fois plus vite, \u00e9ditez de mani\u00e8re 65% plus rapide et partagez pr\u00e8s de 8 fois plus vite vos travaux. Tout cela gr\u00e2ce \u00e0 la nouvelle g\u00e9n\u00e9ration de processeurs Intel Core.<\/td>\n<td width=\"420\">\u00a0<img decoding=\"async\" src=\"https:\/\/media.ldlc.com\/bo\/images\/fiches\/Processeur\/Intel\/coffee_lake\/coffee_lake_Intel-8th-Gen-Core-006.jpg\" alt=\"\" \/><\/td>\n<\/tr>\n<\/tbody>\n<\/table>\n<div><\/div>\n<table border=\"0\" width=\"100%\" cellspacing=\"1\" cellpadding=\"1\">\n<tbody>\n<tr>\n<td width=\"420\">\u00a0<img decoding=\"async\" src=\"https:\/\/media.ldlc.com\/bo\/images\/fiches\/Processeur\/Intel\/coffee_lake\/coffee_lake_Intel-8th-Gen-Core-003.jpg\" alt=\"\" \/><\/td>\n<td>\n<h2>Optimisez votre potentiel<\/h2>\n<p>Ces nouveaux processeurs consomment moins d&#8217;\u00e9nergie, sont plus r\u00e9actifs et offrent une meilleure connectivit\u00e9. Ils repr\u00e9sentent ce qui se fait de mieux pour les loisirs num\u00e9riques, les jeux vid\u00e9os et le partage de contenus. Par rapport \u00e0 la g\u00e9n\u00e9ration pr\u00e9c\u00e9dente, les ordinateurs \u00e9quip\u00e9s d&#8217;un nouveau processeur Intel Core de 8e g\u00e9n\u00e9ration offrent de nombreuses am\u00e9liorations en mati\u00e8re d&#8217;exp\u00e9rience visuelle, de vitesse, de performances sur mesure et d&#8217;efficacit\u00e9. Tout en conservant de fantastiques capacit\u00e9s multim\u00e9dias !<\/p>\n<ul>\n<li><strong>Fr\u00e9quence :<\/strong>\u00a0<strong>3.6 GHz<\/strong>\u00a0(Turbo)<\/li>\n<li><strong>4 coeurs<\/strong>\u00a0\/ 4\u00a0threads<\/li>\n<li>Cache<strong>\u00a06 Mo<\/strong><\/li>\n<li>Socket Intel\u00a0<strong>LGA\u00a01151<\/strong><\/li>\n<li>Contr\u00f4leur m\u00e9moire Dual Channel<strong>\u00a0DDR4<\/strong><\/li>\n<li>Contr\u00f4leur\u00a0<strong>PCI-Express 3.0 16x<\/strong><\/li>\n<li><strong>Intel UHD Graphics 630<\/strong><\/li>\n<li>Enveloppe thermique maximale (TDP) : 65W<\/li>\n<\/ul>\n<\/td>\n<\/tr>\n<\/tbody>\n<\/table>\n<\/div>\n","protected":false},"excerpt":{"rendered":"<p>Le\u00a0<strong>processeur Intel Core i3-8100<\/strong>\u00a0offre des performances de pointe gr\u00e2ce \u00e0 sa\u00a0<strong>fr\u00e9quence native de 3.6 GHz<\/strong>, ses\u00a0<strong>4 Coeurs et 4 threads<\/strong>, ses\u00a0<strong>6 Mo de cache\u00a0<\/strong>et son\u00a0<strong>B<\/strong><strong>US syst\u00e8me 8GT\/s<\/strong>. Avec une\u00a0<strong>enveloppe thermique maximale (TDP) de seulement 65W<\/strong>, il r\u00e9alise la prouesse d\u2019offrir des fr\u00e9quences de fonctionnement \u00e9lev\u00e9es pour une consommation \u00e9lectrique r\u00e9duite.<\/p>\n<ul>\n<li><strong>Fr\u00e9quence :<\/strong>\u00a0<strong>3.6 GHz<\/strong>\u00a0(Turbo)<\/li>\n<li><strong>4 coeurs<\/strong>\u00a0\/ 4\u00a0threads<\/li>\n<li>Cache<strong>\u00a06 Mo<\/strong><\/li>\n<li>Socket Intel\u00a0<strong>LGA\u00a01151<\/strong><\/li>\n<li>Contr\u00f4leur m\u00e9moire Dual Channel<strong>\u00a0DDR4<\/strong><\/li>\n<li>Contr\u00f4leur\u00a0<strong>PCI-Express 3.0 16x<\/strong><\/li>\n<li><strong>Intel UHD Graphics 630<\/strong><\/li>\n<li>Enveloppe thermique maximale (TDP) : 65W<\/li>\n<\/ul>\n","protected":false},"featured_media":1012266,"template":"","meta":{"_acf_changed":false},"pwb-brand":[],"product_brand":[],"product_cat":[17,67,66],"product_tag":[],"pcb_component_type":[],"class_list":{"0":"post-12264","1":"product","2":"type-product","3":"status-publish","4":"has-post-thumbnail","6":"product_cat-composants-gaming","7":"product_cat-intel-processeurs","8":"product_cat-processeurs","9":"pa_socket-lga-1151","11":"first","12":"instock","13":"sale","14":"shipping-taxable","15":"purchasable","16":"product-type-simple"},"translation":{"provider":"WPGlobus","version":"3.0.2","language":"ru","enabled_languages":["en","es","de","fr","ru"],"languages":{"en":{"title":true,"content":true,"excerpt":true},"es":{"title":false,"content":false,"excerpt":false},"de":{"title":false,"content":false,"excerpt":false},"fr":{"title":false,"content":false,"excerpt":false},"ru":{"title":false,"content":false,"excerpt":false}}},"acf":[],"yoast_head":"<!-- This site is optimized with the Yoast SEO plugin v27.2 - https:\/\/yoast.com\/product\/yoast-seo-wordpress\/ -->\n<title>Intel Core i3-8100 (3.6 GHz) - Osaka<\/title>\n<meta name=\"robots\" content=\"index, follow, max-snippet:-1, max-image-preview:large, max-video-preview:-1\" \/>\n<link rel=\"canonical\" href=\"https:\/\/osaka.ma\/product\/intel-core-i3-8100-3-6-ghz\/\" \/>\n<meta property=\"og:locale\" content=\"ru_RU\" \/>\n<meta property=\"og:type\" content=\"article\" \/>\n<meta property=\"og:title\" content=\"Intel Core i3-8100 (3.6 GHz) - Osaka\" \/>\n<meta property=\"og:url\" content=\"https:\/\/osaka.ma\/product\/intel-core-i3-8100-3-6-ghz\/\" \/>\n<meta property=\"og:site_name\" content=\"Osaka\" \/>\n<meta property=\"article:modified_time\" content=\"2026-04-02T13:17:46+00:00\" \/>\n<meta property=\"og:image\" content=\"https:\/\/osaka.ma\/wp-content\/uploads\/2025\/02\/Intel-Core-i3-CPU.jpg\" \/>\n\t<meta property=\"og:image:width\" content=\"900\" \/>\n\t<meta property=\"og:image:height\" content=\"900\" \/>\n\t<meta property=\"og:image:type\" content=\"image\/jpeg\" \/>\n<meta name=\"twitter:card\" content=\"summary_large_image\" \/>\n<meta name=\"twitter:label1\" content=\"Est. reading time\" \/>\n\t<meta name=\"twitter:data1\" content=\"4 minutes\" \/>\n<script type=\"application\/ld+json\" class=\"yoast-schema-graph\">{\"@context\":\"https:\/\/schema.org\",\"@graph\":[{\"@type\":\"WebPage\",\"@id\":\"https:\/\/osaka.ma\/product\/intel-core-i3-8100-3-6-ghz\/\",\"url\":\"https:\/\/osaka.ma\/product\/intel-core-i3-8100-3-6-ghz\/\",\"name\":\"Intel Core i3-8100 (3.6 GHz) - Osaka\",\"isPartOf\":{\"@id\":\"https:\/\/osaka.ma\/#website\"},\"primaryImageOfPage\":{\"@id\":\"https:\/\/osaka.ma\/product\/intel-core-i3-8100-3-6-ghz\/#primaryimage\"},\"image\":{\"@id\":\"https:\/\/osaka.ma\/product\/intel-core-i3-8100-3-6-ghz\/#primaryimage\"},\"thumbnailUrl\":\"https:\/\/osaka.ma\/wp-content\/uploads\/2025\/02\/Intel-Core-i3-CPU.jpg\",\"datePublished\":\"2025-02-12T10:27:42+00:00\",\"dateModified\":\"2026-04-02T13:17:46+00:00\",\"breadcrumb\":{\"@id\":\"https:\/\/osaka.ma\/product\/intel-core-i3-8100-3-6-ghz\/#breadcrumb\"},\"inLanguage\":\"ru-RU\",\"potentialAction\":[{\"@type\":\"ReadAction\",\"target\":[\"https:\/\/osaka.ma\/product\/intel-core-i3-8100-3-6-ghz\/\"]}]},{\"@type\":\"ImageObject\",\"inLanguage\":\"ru-RU\",\"@id\":\"https:\/\/osaka.ma\/product\/intel-core-i3-8100-3-6-ghz\/#primaryimage\",\"url\":\"https:\/\/osaka.ma\/wp-content\/uploads\/2025\/02\/Intel-Core-i3-CPU.jpg\",\"contentUrl\":\"https:\/\/osaka.ma\/wp-content\/uploads\/2025\/02\/Intel-Core-i3-CPU.jpg\",\"width\":900,\"height\":900},{\"@type\":\"BreadcrumbList\",\"@id\":\"https:\/\/osaka.ma\/product\/intel-core-i3-8100-3-6-ghz\/#breadcrumb\",\"itemListElement\":[{\"@type\":\"ListItem\",\"position\":1,\"name\":\"Home\",\"item\":\"https:\/\/osaka.ma\/\"},{\"@type\":\"ListItem\",\"position\":2,\"name\":\"Shop\",\"item\":\"https:\/\/osaka.ma\/shop-2\/\"},{\"@type\":\"ListItem\",\"position\":3,\"name\":\"Intel Core i3-8100 (3.6 GHz)\"}]},{\"@type\":\"WebSite\",\"@id\":\"https:\/\/osaka.ma\/#website\",\"url\":\"https:\/\/osaka.ma\/\",\"name\":\"Osaka\",\"description\":\"\",\"publisher\":{\"@id\":\"https:\/\/osaka.ma\/#organization\"},\"potentialAction\":[{\"@type\":\"SearchAction\",\"target\":{\"@type\":\"EntryPoint\",\"urlTemplate\":\"https:\/\/osaka.ma\/?s={search_term_string}\"},\"query-input\":{\"@type\":\"PropertyValueSpecification\",\"valueRequired\":true,\"valueName\":\"search_term_string\"}}],\"inLanguage\":\"ru-RU\"},{\"@type\":\"Organization\",\"@id\":\"https:\/\/osaka.ma\/#organization\",\"name\":\"Osaka\",\"url\":\"https:\/\/osaka.ma\/\",\"logo\":{\"@type\":\"ImageObject\",\"inLanguage\":\"ru-RU\",\"@id\":\"https:\/\/osaka.ma\/#\/schema\/logo\/image\/\",\"url\":\"https:\/\/osaka.ma\/wp-content\/uploads\/2026\/01\/model-slogan-logo-2Plan-de-travail-1dksl-plus-finnn.png\",\"contentUrl\":\"https:\/\/osaka.ma\/wp-content\/uploads\/2026\/01\/model-slogan-logo-2Plan-de-travail-1dksl-plus-finnn.png\",\"width\":842,\"height\":226,\"caption\":\"Osaka\"},\"image\":{\"@id\":\"https:\/\/osaka.ma\/#\/schema\/logo\/image\/\"}}]}<\/script>\n<!-- \/ Yoast SEO plugin. -->","yoast_head_json":{"title":"Intel Core i3-8100 (3.6 GHz) - Osaka","robots":{"index":"index","follow":"follow","max-snippet":"max-snippet:-1","max-image-preview":"max-image-preview:large","max-video-preview":"max-video-preview:-1"},"canonical":"https:\/\/osaka.ma\/product\/intel-core-i3-8100-3-6-ghz\/","og_locale":"ru_RU","og_type":"article","og_title":"Intel Core i3-8100 (3.6 GHz) - Osaka","og_url":"https:\/\/osaka.ma\/product\/intel-core-i3-8100-3-6-ghz\/","og_site_name":"Osaka","article_modified_time":"2026-04-02T13:17:46+00:00","og_image":[{"width":900,"height":900,"url":"https:\/\/osaka.ma\/wp-content\/uploads\/2025\/02\/Intel-Core-i3-CPU.jpg","type":"image\/jpeg"}],"twitter_card":"summary_large_image","twitter_misc":{"Est. reading time":"4 minutes"},"schema":{"@context":"https:\/\/schema.org","@graph":[{"@type":"WebPage","@id":"https:\/\/osaka.ma\/product\/intel-core-i3-8100-3-6-ghz\/","url":"https:\/\/osaka.ma\/product\/intel-core-i3-8100-3-6-ghz\/","name":"Intel Core i3-8100 (3.6 GHz) - Osaka","isPartOf":{"@id":"https:\/\/osaka.ma\/#website"},"primaryImageOfPage":{"@id":"https:\/\/osaka.ma\/product\/intel-core-i3-8100-3-6-ghz\/#primaryimage"},"image":{"@id":"https:\/\/osaka.ma\/product\/intel-core-i3-8100-3-6-ghz\/#primaryimage"},"thumbnailUrl":"https:\/\/osaka.ma\/wp-content\/uploads\/2025\/02\/Intel-Core-i3-CPU.jpg","datePublished":"2025-02-12T10:27:42+00:00","dateModified":"2026-04-02T13:17:46+00:00","breadcrumb":{"@id":"https:\/\/osaka.ma\/product\/intel-core-i3-8100-3-6-ghz\/#breadcrumb"},"inLanguage":"ru-RU","potentialAction":[{"@type":"ReadAction","target":["https:\/\/osaka.ma\/product\/intel-core-i3-8100-3-6-ghz\/"]}]},{"@type":"ImageObject","inLanguage":"ru-RU","@id":"https:\/\/osaka.ma\/product\/intel-core-i3-8100-3-6-ghz\/#primaryimage","url":"https:\/\/osaka.ma\/wp-content\/uploads\/2025\/02\/Intel-Core-i3-CPU.jpg","contentUrl":"https:\/\/osaka.ma\/wp-content\/uploads\/2025\/02\/Intel-Core-i3-CPU.jpg","width":900,"height":900},{"@type":"BreadcrumbList","@id":"https:\/\/osaka.ma\/product\/intel-core-i3-8100-3-6-ghz\/#breadcrumb","itemListElement":[{"@type":"ListItem","position":1,"name":"Home","item":"https:\/\/osaka.ma\/"},{"@type":"ListItem","position":2,"name":"Shop","item":"https:\/\/osaka.ma\/shop-2\/"},{"@type":"ListItem","position":3,"name":"Intel Core i3-8100 (3.6 GHz)"}]},{"@type":"WebSite","@id":"https:\/\/osaka.ma\/#website","url":"https:\/\/osaka.ma\/","name":"Osaka","description":"","publisher":{"@id":"https:\/\/osaka.ma\/#organization"},"potentialAction":[{"@type":"SearchAction","target":{"@type":"EntryPoint","urlTemplate":"https:\/\/osaka.ma\/?s={search_term_string}"},"query-input":{"@type":"PropertyValueSpecification","valueRequired":true,"valueName":"search_term_string"}}],"inLanguage":"ru-RU"},{"@type":"Organization","@id":"https:\/\/osaka.ma\/#organization","name":"Osaka","url":"https:\/\/osaka.ma\/","logo":{"@type":"ImageObject","inLanguage":"ru-RU","@id":"https:\/\/osaka.ma\/#\/schema\/logo\/image\/","url":"https:\/\/osaka.ma\/wp-content\/uploads\/2026\/01\/model-slogan-logo-2Plan-de-travail-1dksl-plus-finnn.png","contentUrl":"https:\/\/osaka.ma\/wp-content\/uploads\/2026\/01\/model-slogan-logo-2Plan-de-travail-1dksl-plus-finnn.png","width":842,"height":226,"caption":"Osaka"},"image":{"@id":"https:\/\/osaka.ma\/#\/schema\/logo\/image\/"}}]}},"jetpack_sharing_enabled":true,"brands":[],"_links":{"self":[{"href":"https:\/\/osaka.ma\/ru\/wp-json\/wp\/v2\/product\/12264","targetHints":{"allow":["GET"]}}],"collection":[{"href":"https:\/\/osaka.ma\/ru\/wp-json\/wp\/v2\/product"}],"about":[{"href":"https:\/\/osaka.ma\/ru\/wp-json\/wp\/v2\/types\/product"}],"version-history":[{"count":1,"href":"https:\/\/osaka.ma\/ru\/wp-json\/wp\/v2\/product\/12264\/revisions"}],"predecessor-version":[{"id":1022638,"href":"https:\/\/osaka.ma\/ru\/wp-json\/wp\/v2\/product\/12264\/revisions\/1022638"}],"wp:featuredmedia":[{"embeddable":true,"href":"https:\/\/osaka.ma\/ru\/wp-json\/wp\/v2\/media\/1012266"}],"wp:attachment":[{"href":"https:\/\/osaka.ma\/ru\/wp-json\/wp\/v2\/media?parent=12264"}],"wp:term":[{"taxonomy":"pwb-brand","embeddable":true,"href":"https:\/\/osaka.ma\/ru\/wp-json\/wp\/v2\/pwb-brand?post=12264"},{"taxonomy":"product_brand","embeddable":true,"href":"https:\/\/osaka.ma\/ru\/wp-json\/wp\/v2\/product_brand?post=12264"},{"taxonomy":"product_cat","embeddable":true,"href":"https:\/\/osaka.ma\/ru\/wp-json\/wp\/v2\/product_cat?post=12264"},{"taxonomy":"product_tag","embeddable":true,"href":"https:\/\/osaka.ma\/ru\/wp-json\/wp\/v2\/product_tag?post=12264"},{"taxonomy":"pcb_component_type","embeddable":true,"href":"https:\/\/osaka.ma\/ru\/wp-json\/wp\/v2\/pcb_component_type?post=12264"}],"curies":[{"name":"wp","href":"https:\/\/api.w.org\/{rel}","templated":true}]}}