{"id":12336,"date":"2025-02-13T10:17:05","date_gmt":"2025-02-13T10:17:05","guid":{"rendered":"https:\/\/osaka.ma\/?post_type=product&#038;p=12336"},"modified":"2025-04-08T16:00:25","modified_gmt":"2025-04-08T16:00:25","slug":"gigabyte-b550m-k","status":"publish","type":"product","link":"https:\/\/osaka.ma\/ru\/product\/gigabyte-b550m-k\/","title":{"rendered":"Gigabyte B550M K"},"content":{"rendered":"<div class=\"logo\"><a href=\"https:\/\/www.ldlc.com\/gigabyte\/bint000000990\/\" rel=\"nofollow noopener\" target=\"_blank\"><img decoding=\"async\" class=\"aligncenter\" src=\"https:\/\/media.ldlc.com\/v3\/marque\/190\/C000000990.gif\" alt=\"Gigabyte\" \/><\/a><\/div>\n<div id=\"description\" class=\"description\">\n<div class=\"details-pdt-desc\">\n<h2 class=\"h2-master\">Carte m\u00e8re socket AM4 et PCI-Express 4.0<\/h2>\n<section>La carte m\u00e8re<strong>\u00a0Gigabyte B550M K\u00a0<\/strong>sera parfaite pour assembler une configuration gaming et \u00e9volutive pour le futur.\u00a0Con\u00e7ue pour les processeurs\u00a0<strong>AMD Ryzen<\/strong>\u00a0<strong>3000\/4000(G)\/5000(G)<\/strong>\u00a0sur\u00a0<strong>socket AMD AM4<\/strong>,\u00a0elle prend en charge jusqu&#8217;\u00e0<strong>\u00a0128 Go de\u00a0DDR4<\/strong>, les\u00a0<strong>cartes graphiques disposant de la norme PCI-Express 4.0<\/strong>\u00a0et aussi\u00a0les\u00a0<strong>disques durs et SSD au format SATA\u00a0<\/strong>(6 Gbit\/s)<strong>\u00a0et M.2<\/strong>\u00a0(SATA et\u00a0<strong>PCIe 4.0 x4<\/strong>). La carte m\u00e8re\u00a0<strong>B550M K de Gigabyte<\/strong>\u00a0dispose en outre des derni\u00e8res avanc\u00e9es logicielles de la marque Gigabyte.<\/section>\n<section>\n<div class=\"desc-image\"><img decoding=\"async\" src=\"https:\/\/media.ldlc.com\/bo\/images\/fiches\/carte-mere\/Gigabyte\/b550\/gigabyte_b550m_k.jpg\" alt=\"\" \/><\/div>\n<div class=\"desc-text\">\n<h2>Les plus de la Gigabyte B550M K<\/h2>\n<ul>\n<li><strong>Socket AMD AM4<\/strong>\u00a0pour processeur\u00a0<strong>AMD Ryzen (PRO)3000 \/ (PRO)4000(G) \/ (PRO)5000(G)<\/strong><\/li>\n<li><strong>4 Slots m\u00e9moire DDR4 4733 MHz (OC) Dual-Channel<\/strong><\/li>\n<li>Dual M.2 PCIe NVMe 4.0\/3.0 x4<\/li>\n<li><strong>3 ports\u00a0PCI-Express 4.0 16x (x16\/x4\/x2)<\/strong><\/li>\n<li>Contr\u00f4le du refroidissement\u00a0<strong>Smart Fan 5<\/strong><\/li>\n<\/ul>\n<\/div>\n<\/section>\n<section>\n<div class=\"desc-text\">\n<h2>AMD Ryzen 5000<\/h2>\n<p>Lorsque vous b\u00e9n\u00e9ficiez de l&#8217;architecture de processeur la plus avanc\u00e9e pour les\u00a0gamers et les cr\u00e9ateurs de contenu, les possibilit\u00e9s sont infinies. Que vous jouiez aux tout derniers jeux, conceviez le prochain gratte-ciel ou utilisiez des donn\u00e9es, vous avez besoin d&#8217;un processeur puissant capable de g\u00e9rer tout cela et plus encore. C&#8217;est incontestable, les processeurs pour PC de bureau AMD Ryzen\u00a0s\u00e9rie 5000 imposent un nouveau standard pour les gamers comme pour les artistes<\/p>\n<\/div>\n<div class=\"desc-image\"><img decoding=\"async\" src=\"https:\/\/media.ldlc.com\/bo\/images\/fiches\/Processeur\/AMD\/vermeer\/amd_zen3.jpg\" alt=\"\" \/><\/div>\n<\/section>\n<\/div>\n<\/div>\n","protected":false},"excerpt":{"rendered":"<p>La carte m\u00e8re<strong>\u00a0Gigabyte B550M K\u00a0<\/strong>sera parfaite pour assembler une configuration gaming et \u00e9volutive pour le futur.\u00a0Con\u00e7ue pour les processeurs\u00a0<strong>AMD Ryzen<\/strong>\u00a0<strong>3000\/4000(G)\/5000(G)<\/strong>\u00a0sur\u00a0<strong>socket AMD AM4<\/strong>,\u00a0elle prend en charge jusqu&#8217;\u00e0<strong>\u00a0128 Go de\u00a0DDR4<\/strong>, les\u00a0<strong>cartes graphiques disposant de la norme PCI-Express 4.0<\/strong>\u00a0et aussi\u00a0les\u00a0<strong>disques durs et SSD au format SATA\u00a0<\/strong>(6 Gbit\/s)<strong>\u00a0et M.2<\/strong>\u00a0(SATA et\u00a0<strong>PCIe 4.0 x4<\/strong>). La carte m\u00e8re\u00a0<strong>B550M K de Gigabyte<\/strong>\u00a0dispose en outre des derni\u00e8res avanc\u00e9es logicielles de la marque Gigabyte.<\/p>\n","protected":false},"featured_media":1012340,"template":"","meta":{"_acf_changed":false},"pwb-brand":[],"product_brand":[93],"product_cat":[94,84,17],"product_tag":[],"pcb_component_type":[],"class_list":{"0":"post-12336","1":"product","2":"type-product","3":"status-publish","4":"has-post-thumbnail","6":"product_brand-gigabyte","7":"product_cat-amd-carte-mere","8":"product_cat-carte-mere","9":"product_cat-composants-gaming","10":"pa_socket-am4","12":"first","13":"outofstock","14":"shipping-taxable","15":"product-type-simple"},"translation":{"provider":"WPGlobus","version":"3.0.2","language":"ru","enabled_languages":["en","es","de","fr","ru"],"languages":{"en":{"title":true,"content":true,"excerpt":true},"es":{"title":false,"content":false,"excerpt":false},"de":{"title":false,"content":false,"excerpt":false},"fr":{"title":false,"content":false,"excerpt":false},"ru":{"title":false,"content":false,"excerpt":false}}},"acf":[],"yoast_head":"<!-- This site is optimized with the Yoast SEO plugin v27.2 - https:\/\/yoast.com\/product\/yoast-seo-wordpress\/ -->\n<title>Gigabyte B550M K - Osaka<\/title>\n<meta name=\"robots\" content=\"index, follow, max-snippet:-1, max-image-preview:large, max-video-preview:-1\" \/>\n<link rel=\"canonical\" href=\"https:\/\/osaka.ma\/fr\/product\/gigabyte-b550m-k\/\" \/>\n<meta property=\"og:locale\" content=\"ru_RU\" \/>\n<meta property=\"og:type\" content=\"article\" \/>\n<meta property=\"og:title\" content=\"Gigabyte B550M K - Osaka\" \/>\n<meta property=\"og:url\" content=\"https:\/\/osaka.ma\/fr\/product\/gigabyte-b550m-k\/\" \/>\n<meta property=\"og:site_name\" content=\"Osaka\" \/>\n<meta property=\"article:modified_time\" content=\"2025-04-08T16:00:25+00:00\" \/>\n<meta property=\"og:image\" content=\"https:\/\/osaka.ma\/wp-content\/uploads\/2025\/02\/LD0006058084.jpg\" \/>\n\t<meta property=\"og:image:width\" content=\"1600\" \/>\n\t<meta property=\"og:image:height\" content=\"1600\" \/>\n\t<meta property=\"og:image:type\" content=\"image\/jpeg\" \/>\n<meta name=\"twitter:card\" content=\"summary_large_image\" \/>\n<meta name=\"twitter:label1\" content=\"Est. reading time\" \/>\n\t<meta name=\"twitter:data1\" content=\"2 minutes\" \/>\n<script type=\"application\/ld+json\" class=\"yoast-schema-graph\">{\"@context\":\"https:\/\/schema.org\",\"@graph\":[{\"@type\":\"WebPage\",\"@id\":\"https:\/\/osaka.ma\/fr\/product\/gigabyte-b550m-k\/\",\"url\":\"https:\/\/osaka.ma\/fr\/product\/gigabyte-b550m-k\/\",\"name\":\"Gigabyte B550M K - Osaka\",\"isPartOf\":{\"@id\":\"https:\/\/osaka.ma\/#website\"},\"primaryImageOfPage\":{\"@id\":\"https:\/\/osaka.ma\/fr\/product\/gigabyte-b550m-k\/#primaryimage\"},\"image\":{\"@id\":\"https:\/\/osaka.ma\/fr\/product\/gigabyte-b550m-k\/#primaryimage\"},\"thumbnailUrl\":\"https:\/\/osaka.ma\/wp-content\/uploads\/2025\/02\/LD0006058084.jpg\",\"datePublished\":\"2025-02-13T10:17:05+00:00\",\"dateModified\":\"2025-04-08T16:00:25+00:00\",\"breadcrumb\":{\"@id\":\"https:\/\/osaka.ma\/fr\/product\/gigabyte-b550m-k\/#breadcrumb\"},\"inLanguage\":\"ru-RU\",\"potentialAction\":[{\"@type\":\"ReadAction\",\"target\":[\"https:\/\/osaka.ma\/fr\/product\/gigabyte-b550m-k\/\"]}]},{\"@type\":\"ImageObject\",\"inLanguage\":\"ru-RU\",\"@id\":\"https:\/\/osaka.ma\/fr\/product\/gigabyte-b550m-k\/#primaryimage\",\"url\":\"https:\/\/osaka.ma\/wp-content\/uploads\/2025\/02\/LD0006058084.jpg\",\"contentUrl\":\"https:\/\/osaka.ma\/wp-content\/uploads\/2025\/02\/LD0006058084.jpg\",\"width\":1600,\"height\":1600},{\"@type\":\"BreadcrumbList\",\"@id\":\"https:\/\/osaka.ma\/fr\/product\/gigabyte-b550m-k\/#breadcrumb\",\"itemListElement\":[{\"@type\":\"ListItem\",\"position\":1,\"name\":\"Home\",\"item\":\"https:\/\/osaka.ma\/\"},{\"@type\":\"ListItem\",\"position\":2,\"name\":\"Shop\",\"item\":\"https:\/\/osaka.ma\/shop-2\/\"},{\"@type\":\"ListItem\",\"position\":3,\"name\":\"Gigabyte B550M K\"}]},{\"@type\":\"WebSite\",\"@id\":\"https:\/\/osaka.ma\/#website\",\"url\":\"https:\/\/osaka.ma\/\",\"name\":\"Osaka\",\"description\":\"\",\"publisher\":{\"@id\":\"https:\/\/osaka.ma\/#organization\"},\"potentialAction\":[{\"@type\":\"SearchAction\",\"target\":{\"@type\":\"EntryPoint\",\"urlTemplate\":\"https:\/\/osaka.ma\/?s={search_term_string}\"},\"query-input\":{\"@type\":\"PropertyValueSpecification\",\"valueRequired\":true,\"valueName\":\"search_term_string\"}}],\"inLanguage\":\"ru-RU\"},{\"@type\":\"Organization\",\"@id\":\"https:\/\/osaka.ma\/#organization\",\"name\":\"Osaka\",\"url\":\"https:\/\/osaka.ma\/\",\"logo\":{\"@type\":\"ImageObject\",\"inLanguage\":\"ru-RU\",\"@id\":\"https:\/\/osaka.ma\/#\/schema\/logo\/image\/\",\"url\":\"https:\/\/osaka.ma\/wp-content\/uploads\/2026\/01\/model-slogan-logo-2Plan-de-travail-1dksl-plus-finnn.png\",\"contentUrl\":\"https:\/\/osaka.ma\/wp-content\/uploads\/2026\/01\/model-slogan-logo-2Plan-de-travail-1dksl-plus-finnn.png\",\"width\":842,\"height\":226,\"caption\":\"Osaka\"},\"image\":{\"@id\":\"https:\/\/osaka.ma\/#\/schema\/logo\/image\/\"}}]}<\/script>\n<!-- \/ Yoast SEO plugin. -->","yoast_head_json":{"title":"Gigabyte B550M K - Osaka","robots":{"index":"index","follow":"follow","max-snippet":"max-snippet:-1","max-image-preview":"max-image-preview:large","max-video-preview":"max-video-preview:-1"},"canonical":"https:\/\/osaka.ma\/fr\/product\/gigabyte-b550m-k\/","og_locale":"ru_RU","og_type":"article","og_title":"Gigabyte B550M K - Osaka","og_url":"https:\/\/osaka.ma\/fr\/product\/gigabyte-b550m-k\/","og_site_name":"Osaka","article_modified_time":"2025-04-08T16:00:25+00:00","og_image":[{"width":1600,"height":1600,"url":"https:\/\/osaka.ma\/wp-content\/uploads\/2025\/02\/LD0006058084.jpg","type":"image\/jpeg"}],"twitter_card":"summary_large_image","twitter_misc":{"Est. reading time":"2 minutes"},"schema":{"@context":"https:\/\/schema.org","@graph":[{"@type":"WebPage","@id":"https:\/\/osaka.ma\/fr\/product\/gigabyte-b550m-k\/","url":"https:\/\/osaka.ma\/fr\/product\/gigabyte-b550m-k\/","name":"Gigabyte B550M K - Osaka","isPartOf":{"@id":"https:\/\/osaka.ma\/#website"},"primaryImageOfPage":{"@id":"https:\/\/osaka.ma\/fr\/product\/gigabyte-b550m-k\/#primaryimage"},"image":{"@id":"https:\/\/osaka.ma\/fr\/product\/gigabyte-b550m-k\/#primaryimage"},"thumbnailUrl":"https:\/\/osaka.ma\/wp-content\/uploads\/2025\/02\/LD0006058084.jpg","datePublished":"2025-02-13T10:17:05+00:00","dateModified":"2025-04-08T16:00:25+00:00","breadcrumb":{"@id":"https:\/\/osaka.ma\/fr\/product\/gigabyte-b550m-k\/#breadcrumb"},"inLanguage":"ru-RU","potentialAction":[{"@type":"ReadAction","target":["https:\/\/osaka.ma\/fr\/product\/gigabyte-b550m-k\/"]}]},{"@type":"ImageObject","inLanguage":"ru-RU","@id":"https:\/\/osaka.ma\/fr\/product\/gigabyte-b550m-k\/#primaryimage","url":"https:\/\/osaka.ma\/wp-content\/uploads\/2025\/02\/LD0006058084.jpg","contentUrl":"https:\/\/osaka.ma\/wp-content\/uploads\/2025\/02\/LD0006058084.jpg","width":1600,"height":1600},{"@type":"BreadcrumbList","@id":"https:\/\/osaka.ma\/fr\/product\/gigabyte-b550m-k\/#breadcrumb","itemListElement":[{"@type":"ListItem","position":1,"name":"Home","item":"https:\/\/osaka.ma\/"},{"@type":"ListItem","position":2,"name":"Shop","item":"https:\/\/osaka.ma\/shop-2\/"},{"@type":"ListItem","position":3,"name":"Gigabyte B550M K"}]},{"@type":"WebSite","@id":"https:\/\/osaka.ma\/#website","url":"https:\/\/osaka.ma\/","name":"Osaka","description":"","publisher":{"@id":"https:\/\/osaka.ma\/#organization"},"potentialAction":[{"@type":"SearchAction","target":{"@type":"EntryPoint","urlTemplate":"https:\/\/osaka.ma\/?s={search_term_string}"},"query-input":{"@type":"PropertyValueSpecification","valueRequired":true,"valueName":"search_term_string"}}],"inLanguage":"ru-RU"},{"@type":"Organization","@id":"https:\/\/osaka.ma\/#organization","name":"Osaka","url":"https:\/\/osaka.ma\/","logo":{"@type":"ImageObject","inLanguage":"ru-RU","@id":"https:\/\/osaka.ma\/#\/schema\/logo\/image\/","url":"https:\/\/osaka.ma\/wp-content\/uploads\/2026\/01\/model-slogan-logo-2Plan-de-travail-1dksl-plus-finnn.png","contentUrl":"https:\/\/osaka.ma\/wp-content\/uploads\/2026\/01\/model-slogan-logo-2Plan-de-travail-1dksl-plus-finnn.png","width":842,"height":226,"caption":"Osaka"},"image":{"@id":"https:\/\/osaka.ma\/#\/schema\/logo\/image\/"}}]}},"jetpack_sharing_enabled":true,"brands":[],"_links":{"self":[{"href":"https:\/\/osaka.ma\/ru\/wp-json\/wp\/v2\/product\/12336","targetHints":{"allow":["GET"]}}],"collection":[{"href":"https:\/\/osaka.ma\/ru\/wp-json\/wp\/v2\/product"}],"about":[{"href":"https:\/\/osaka.ma\/ru\/wp-json\/wp\/v2\/types\/product"}],"version-history":[{"count":0,"href":"https:\/\/osaka.ma\/ru\/wp-json\/wp\/v2\/product\/12336\/revisions"}],"wp:featuredmedia":[{"embeddable":true,"href":"https:\/\/osaka.ma\/ru\/wp-json\/wp\/v2\/media\/1012340"}],"wp:attachment":[{"href":"https:\/\/osaka.ma\/ru\/wp-json\/wp\/v2\/media?parent=12336"}],"wp:term":[{"taxonomy":"pwb-brand","embeddable":true,"href":"https:\/\/osaka.ma\/ru\/wp-json\/wp\/v2\/pwb-brand?post=12336"},{"taxonomy":"product_brand","embeddable":true,"href":"https:\/\/osaka.ma\/ru\/wp-json\/wp\/v2\/product_brand?post=12336"},{"taxonomy":"product_cat","embeddable":true,"href":"https:\/\/osaka.ma\/ru\/wp-json\/wp\/v2\/product_cat?post=12336"},{"taxonomy":"product_tag","embeddable":true,"href":"https:\/\/osaka.ma\/ru\/wp-json\/wp\/v2\/product_tag?post=12336"},{"taxonomy":"pcb_component_type","embeddable":true,"href":"https:\/\/osaka.ma\/ru\/wp-json\/wp\/v2\/pcb_component_type?post=12336"}],"curies":[{"name":"wp","href":"https:\/\/api.w.org\/{rel}","templated":true}]}}