{"id":13218,"date":"2025-02-21T11:43:19","date_gmt":"2025-02-21T11:43:19","guid":{"rendered":"https:\/\/osaka.ma\/?post_type=product&#038;p=13218"},"modified":"2025-10-11T11:27:42","modified_gmt":"2025-10-11T10:27:42","slug":"logitech-m171-wireless-mouse-blue","status":"publish","type":"product","link":"https:\/\/osaka.ma\/ru\/product\/logitech-m171-wireless-mouse-blue\/","title":{"rendered":"Logitech M171 Wireless Mouse &#8211; Blue"},"content":{"rendered":"<div class=\"logo\"><a href=\"https:\/\/www.ldlc.com\/logitech\/bint000000153\/\" rel=\"nofollow noopener\" target=\"_blank\"><img decoding=\"async\" src=\"https:\/\/media.ldlc.com\/v3\/marque\/bo\/00\/03\/27\/77\/V30003277746_2.jpg\" alt=\"Logitech\" \/><\/a><\/div>\n<div id=\"description\" class=\"description\">\n<div class=\"details-pdt-desc\">\n<h2 class=\"h2-master\">Profitez du silence<\/h2>\n<section>Gr\u00e2ce \u00e0 la\u00a0<strong>souris Logitech M171 Wireless Mouse<\/strong>, profitez de la fiabilit\u00e9 d&#8217;un dispositif filaire, mais avec la libert\u00e9 et la commodit\u00e9 d&#8217;une connexion sans fil d&#8217;une port\u00e9e de 10 m\u00e8tres gr\u00e2ce \u00e0 la technologie sans fil 2,4 GHz de pointe Logitech. Abordable et simple d&#8217;utilisation, il vous suffit de connecter le nano-r\u00e9cepteur sans fil \u00e0 un port USB pour utiliser la souris.Quant \u00e0 l&#8217;autonomie de la souris, la pile peut fonctionner jusqu&#8217;\u00e0 12 mois !<\/section>\n<section>\n<div class=\"desc-image\"><img decoding=\"async\" src=\"https:\/\/media.ldlc.com\/bo\/images\/fiches\/souris\/logitech\/M171\/m171.jpg\" alt=\"\" \/><\/div>\n<div class=\"desc-text\">\n<h2>Connexion sans fil 2.4 GHZ fiable<\/h2>\n<p>La Logitech M171 dispose d&#8217;une connexion sans fil fiable \u00e0\u00a0<strong>une distance maximale de 10 m\u00e8tres<\/strong>. Cette derni\u00e8re dispose d&#8217;aucun temps de latence ou de perte de connexion, vous pouvez ainsi travailler en toute confiance. V\u00e9ritablement pr\u00eate \u00e0 l&#8217;emploi, il vous suffit d&#8217;ins\u00e9rer le nano-r\u00e9cepteur \u00e0 un port USB de votre ordinateur pour pouvoir l&#8217;utiliser. Il n&#8217;y a donc pas besoin de coupler la souris ou de t\u00e9l\u00e9charger un logiciel.<\/p>\n<p>La forme de la souris Logitech M171 Wireless Mouse \u00e9pouse la forme de votre main pour des heures d&#8217;utilisation tout en confort. La\u00a0<strong>forme ambidextre<\/strong>\u00a0et la fonction de r\u00e9assignation des boutons droit et gauche font la souris M171 un produit id\u00e9al, que l&#8217;on soit gaucher ou droitier.<\/p>\n<\/div>\n<\/section>\n<section>\n<div class=\"desc-text\">\n<h2>Concevoir un avenir positif<\/h2>\n<ul>\n<li>Plastique recycl\u00e9 : Les composants en plastique de la souris M171 sont fabriqu\u00e9s \u00e0 partir de plastique certifi\u00e9 recycl\u00e9 post-consommation (59% minimum pour le mod\u00e8le Noir), afin d\u2019offrir une nouvelle vie au plastique issu d\u2019anciens produits \u00e9lectroniques grand public et contribuer \u00e0 r\u00e9duire l\u2019empreinte carbone.<\/li>\n<li>Transparence carbone : L&#8217;empreinte carbone de ce produit est de 4,05 kg CO2e.<\/li>\n<\/ul>\n<\/div>\n<div class=\"desc-image\"><img decoding=\"async\" src=\"https:\/\/media.ldlc.com\/bo\/images\/fiches\/clavier\/Logitech\/image2.jpg\" alt=\"\" \/><\/div>\n<\/section>\n<section class=\"list\">\n<h2>Caract\u00e9ristiques principales :<\/h2>\n<ul>\n<li><strong>Souris sans fil optique avec connexion 2.4 GHz<\/strong><\/li>\n<li>Port\u00e9e sans fil :\u00a0<strong>10 m\u00e8tres<\/strong><\/li>\n<li>Fonctionne avec 1 pile AA<\/li>\n<li>Autonomie : 1 an<\/li>\n<li>Compatibilit\u00e9 : Windows 7, Windows 8, Windows 10 et versions ult\u00e9rieures, Mac OS X 10.8 ou version ult\u00e9rieure, Chrome OS, Noyau Linux 2.6 ou version ult\u00e9rieure<\/li>\n<li>Dimensions (hauteur x largeur x \u00e9paisseur) : 97.7 x 61.5 x 35.2 mm<\/li>\n<li>Poids : 70.5 grammes<\/li>\n<\/ul>\n<\/section>\n<\/div>\n<\/div>\n","protected":false},"excerpt":{"rendered":"<p data-start=\"40\" data-end=\"251\">The <strong data-start=\"44\" data-end=\"83\">Logitech M171 Wireless Mouse in Blue <\/strong>is a compact and reliable mouse designed for both left- and right-handed users. It offers a comfortable grip and smooth navigation, making it ideal for everyday tasks.<\/p>\n<p data-start=\"253\" data-end=\"270\"><strong data-start=\"253\" data-end=\"270\">Key Features:<\/strong><\/p>\n<ul data-start=\"272\" data-end=\"983\">\n<li data-start=\"272\" data-end=\"456\">\n<p data-start=\"274\" data-end=\"456\"><strong data-start=\"274\" data-end=\"317\">Reliable 2.4 GHz Wireless Connectivity:<\/strong> Enjoy a strong connection with a range of up to 10 meters (33 feet), minimizing delays and dropouts.<\/p>\n<\/li>\n<li data-start=\"458\" data-end=\"634\">\n<p data-start=\"460\" data-end=\"634\"><strong data-start=\"460\" data-end=\"489\">Plug-and-Play Simplicity:<\/strong> Easily set up by plugging the USB receiver into your computer; no additional software or pairing required.<\/p>\n<\/li>\n<li data-start=\"636\" data-end=\"811\">\n<p data-start=\"638\" data-end=\"811\"><strong data-start=\"638\" data-end=\"660\">Long Battery Life:<\/strong> Operate for up to 12 months on a single AA battery, with an on\/off switch and auto-sleep mode to conserve power.<\/p>\n<\/li>\n<li data-start=\"813\" data-end=\"983\">\n<p data-start=\"815\" data-end=\"983\"><strong data-start=\"815\" data-end=\"839\">Ambidextrous Design:<\/strong> Comfortable for both left- and right-handed users, fitting easily into your laptop bag for on-the-go use.<\/p>\n<\/li>\n<\/ul>\n","protected":false},"featured_media":1013205,"template":"","meta":{"_acf_changed":false},"pwb-brand":[],"product_brand":[],"product_cat":[31,17,32],"product_tag":[],"pcb_component_type":[],"class_list":{"0":"post-13218","1":"product","2":"type-product","3":"status-publish","4":"has-post-thumbnail","6":"product_cat-accessoires","7":"product_cat-composants-gaming","8":"product_cat-souris","10":"first","11":"outofstock","12":"sale","13":"shipping-taxable","14":"purchasable","15":"product-type-simple"},"translation":{"provider":"WPGlobus","version":"3.0.2","language":"ru","enabled_languages":["en","es","de","fr","ru"],"languages":{"en":{"title":true,"content":true,"excerpt":true},"es":{"title":false,"content":false,"excerpt":false},"de":{"title":false,"content":false,"excerpt":false},"fr":{"title":false,"content":false,"excerpt":false},"ru":{"title":false,"content":false,"excerpt":false}}},"acf":[],"yoast_head":"<!-- This site is optimized with the Yoast SEO plugin v27.2 - https:\/\/yoast.com\/product\/yoast-seo-wordpress\/ -->\n<title>Logitech M171 Wireless Mouse - Blue - Osaka<\/title>\n<meta name=\"robots\" content=\"index, follow, max-snippet:-1, max-image-preview:large, max-video-preview:-1\" \/>\n<link rel=\"canonical\" href=\"https:\/\/osaka.ma\/ru\/product\/logitech-m171-wireless-mouse-blue\/\" \/>\n<meta property=\"og:locale\" content=\"ru_RU\" \/>\n<meta property=\"og:type\" content=\"article\" \/>\n<meta property=\"og:title\" content=\"Logitech M171 Wireless Mouse - Blue - Osaka\" \/>\n<meta property=\"og:url\" content=\"https:\/\/osaka.ma\/ru\/product\/logitech-m171-wireless-mouse-blue\/\" \/>\n<meta property=\"og:site_name\" content=\"Osaka\" \/>\n<meta property=\"article:modified_time\" content=\"2025-10-11T10:27:42+00:00\" \/>\n<meta property=\"og:image\" content=\"https:\/\/osaka.ma\/wp-content\/uploads\/2025\/02\/Logitech-Wireless-Mouse-M171-Red-27.jpg\" \/>\n\t<meta property=\"og:image:width\" content=\"1053\" \/>\n\t<meta property=\"og:image:height\" content=\"782\" \/>\n\t<meta property=\"og:image:type\" content=\"image\/jpeg\" \/>\n<meta name=\"twitter:card\" content=\"summary_large_image\" \/>\n<meta name=\"twitter:label1\" content=\"Est. reading time\" \/>\n\t<meta name=\"twitter:data1\" content=\"5 minutes\" \/>\n<script type=\"application\/ld+json\" class=\"yoast-schema-graph\">{\"@context\":\"https:\/\/schema.org\",\"@graph\":[{\"@type\":\"WebPage\",\"@id\":\"https:\/\/osaka.ma\/ru\/product\/logitech-m171-wireless-mouse-blue\/\",\"url\":\"https:\/\/osaka.ma\/ru\/product\/logitech-m171-wireless-mouse-blue\/\",\"name\":\"Logitech M171 Wireless Mouse - Blue - Osaka\",\"isPartOf\":{\"@id\":\"https:\/\/osaka.ma\/#website\"},\"primaryImageOfPage\":{\"@id\":\"https:\/\/osaka.ma\/ru\/product\/logitech-m171-wireless-mouse-blue\/#primaryimage\"},\"image\":{\"@id\":\"https:\/\/osaka.ma\/ru\/product\/logitech-m171-wireless-mouse-blue\/#primaryimage\"},\"thumbnailUrl\":\"https:\/\/osaka.ma\/wp-content\/uploads\/2025\/02\/Logitech-Wireless-Mouse-M171-Red-27.jpg\",\"datePublished\":\"2025-02-21T11:43:19+00:00\",\"dateModified\":\"2025-10-11T10:27:42+00:00\",\"breadcrumb\":{\"@id\":\"https:\/\/osaka.ma\/ru\/product\/logitech-m171-wireless-mouse-blue\/#breadcrumb\"},\"inLanguage\":\"ru-RU\",\"potentialAction\":[{\"@type\":\"ReadAction\",\"target\":[\"https:\/\/osaka.ma\/ru\/product\/logitech-m171-wireless-mouse-blue\/\"]}]},{\"@type\":\"ImageObject\",\"inLanguage\":\"ru-RU\",\"@id\":\"https:\/\/osaka.ma\/ru\/product\/logitech-m171-wireless-mouse-blue\/#primaryimage\",\"url\":\"https:\/\/osaka.ma\/wp-content\/uploads\/2025\/02\/Logitech-Wireless-Mouse-M171-Red-27.jpg\",\"contentUrl\":\"https:\/\/osaka.ma\/wp-content\/uploads\/2025\/02\/Logitech-Wireless-Mouse-M171-Red-27.jpg\",\"width\":1053,\"height\":782},{\"@type\":\"BreadcrumbList\",\"@id\":\"https:\/\/osaka.ma\/ru\/product\/logitech-m171-wireless-mouse-blue\/#breadcrumb\",\"itemListElement\":[{\"@type\":\"ListItem\",\"position\":1,\"name\":\"Home\",\"item\":\"https:\/\/osaka.ma\/\"},{\"@type\":\"ListItem\",\"position\":2,\"name\":\"Shop\",\"item\":\"https:\/\/osaka.ma\/shop-2\/\"},{\"@type\":\"ListItem\",\"position\":3,\"name\":\"Logitech M171 Wireless Mouse &#8211; Blue\"}]},{\"@type\":\"WebSite\",\"@id\":\"https:\/\/osaka.ma\/#website\",\"url\":\"https:\/\/osaka.ma\/\",\"name\":\"Osaka\",\"description\":\"\",\"publisher\":{\"@id\":\"https:\/\/osaka.ma\/#organization\"},\"potentialAction\":[{\"@type\":\"SearchAction\",\"target\":{\"@type\":\"EntryPoint\",\"urlTemplate\":\"https:\/\/osaka.ma\/?s={search_term_string}\"},\"query-input\":{\"@type\":\"PropertyValueSpecification\",\"valueRequired\":true,\"valueName\":\"search_term_string\"}}],\"inLanguage\":\"ru-RU\"},{\"@type\":\"Organization\",\"@id\":\"https:\/\/osaka.ma\/#organization\",\"name\":\"Osaka\",\"url\":\"https:\/\/osaka.ma\/\",\"logo\":{\"@type\":\"ImageObject\",\"inLanguage\":\"ru-RU\",\"@id\":\"https:\/\/osaka.ma\/#\/schema\/logo\/image\/\",\"url\":\"https:\/\/osaka.ma\/wp-content\/uploads\/2026\/01\/model-slogan-logo-2Plan-de-travail-1dksl-plus-finnn.png\",\"contentUrl\":\"https:\/\/osaka.ma\/wp-content\/uploads\/2026\/01\/model-slogan-logo-2Plan-de-travail-1dksl-plus-finnn.png\",\"width\":842,\"height\":226,\"caption\":\"Osaka\"},\"image\":{\"@id\":\"https:\/\/osaka.ma\/#\/schema\/logo\/image\/\"}}]}<\/script>\n<!-- \/ Yoast SEO plugin. -->","yoast_head_json":{"title":"Logitech M171 Wireless Mouse - Blue - Osaka","robots":{"index":"index","follow":"follow","max-snippet":"max-snippet:-1","max-image-preview":"max-image-preview:large","max-video-preview":"max-video-preview:-1"},"canonical":"https:\/\/osaka.ma\/ru\/product\/logitech-m171-wireless-mouse-blue\/","og_locale":"ru_RU","og_type":"article","og_title":"Logitech M171 Wireless Mouse - Blue - Osaka","og_url":"https:\/\/osaka.ma\/ru\/product\/logitech-m171-wireless-mouse-blue\/","og_site_name":"Osaka","article_modified_time":"2025-10-11T10:27:42+00:00","og_image":[{"width":1053,"height":782,"url":"https:\/\/osaka.ma\/wp-content\/uploads\/2025\/02\/Logitech-Wireless-Mouse-M171-Red-27.jpg","type":"image\/jpeg"}],"twitter_card":"summary_large_image","twitter_misc":{"Est. reading time":"5 minutes"},"schema":{"@context":"https:\/\/schema.org","@graph":[{"@type":"WebPage","@id":"https:\/\/osaka.ma\/ru\/product\/logitech-m171-wireless-mouse-blue\/","url":"https:\/\/osaka.ma\/ru\/product\/logitech-m171-wireless-mouse-blue\/","name":"Logitech M171 Wireless Mouse - Blue - Osaka","isPartOf":{"@id":"https:\/\/osaka.ma\/#website"},"primaryImageOfPage":{"@id":"https:\/\/osaka.ma\/ru\/product\/logitech-m171-wireless-mouse-blue\/#primaryimage"},"image":{"@id":"https:\/\/osaka.ma\/ru\/product\/logitech-m171-wireless-mouse-blue\/#primaryimage"},"thumbnailUrl":"https:\/\/osaka.ma\/wp-content\/uploads\/2025\/02\/Logitech-Wireless-Mouse-M171-Red-27.jpg","datePublished":"2025-02-21T11:43:19+00:00","dateModified":"2025-10-11T10:27:42+00:00","breadcrumb":{"@id":"https:\/\/osaka.ma\/ru\/product\/logitech-m171-wireless-mouse-blue\/#breadcrumb"},"inLanguage":"ru-RU","potentialAction":[{"@type":"ReadAction","target":["https:\/\/osaka.ma\/ru\/product\/logitech-m171-wireless-mouse-blue\/"]}]},{"@type":"ImageObject","inLanguage":"ru-RU","@id":"https:\/\/osaka.ma\/ru\/product\/logitech-m171-wireless-mouse-blue\/#primaryimage","url":"https:\/\/osaka.ma\/wp-content\/uploads\/2025\/02\/Logitech-Wireless-Mouse-M171-Red-27.jpg","contentUrl":"https:\/\/osaka.ma\/wp-content\/uploads\/2025\/02\/Logitech-Wireless-Mouse-M171-Red-27.jpg","width":1053,"height":782},{"@type":"BreadcrumbList","@id":"https:\/\/osaka.ma\/ru\/product\/logitech-m171-wireless-mouse-blue\/#breadcrumb","itemListElement":[{"@type":"ListItem","position":1,"name":"Home","item":"https:\/\/osaka.ma\/"},{"@type":"ListItem","position":2,"name":"Shop","item":"https:\/\/osaka.ma\/shop-2\/"},{"@type":"ListItem","position":3,"name":"Logitech M171 Wireless Mouse &#8211; Blue"}]},{"@type":"WebSite","@id":"https:\/\/osaka.ma\/#website","url":"https:\/\/osaka.ma\/","name":"Osaka","description":"","publisher":{"@id":"https:\/\/osaka.ma\/#organization"},"potentialAction":[{"@type":"SearchAction","target":{"@type":"EntryPoint","urlTemplate":"https:\/\/osaka.ma\/?s={search_term_string}"},"query-input":{"@type":"PropertyValueSpecification","valueRequired":true,"valueName":"search_term_string"}}],"inLanguage":"ru-RU"},{"@type":"Organization","@id":"https:\/\/osaka.ma\/#organization","name":"Osaka","url":"https:\/\/osaka.ma\/","logo":{"@type":"ImageObject","inLanguage":"ru-RU","@id":"https:\/\/osaka.ma\/#\/schema\/logo\/image\/","url":"https:\/\/osaka.ma\/wp-content\/uploads\/2026\/01\/model-slogan-logo-2Plan-de-travail-1dksl-plus-finnn.png","contentUrl":"https:\/\/osaka.ma\/wp-content\/uploads\/2026\/01\/model-slogan-logo-2Plan-de-travail-1dksl-plus-finnn.png","width":842,"height":226,"caption":"Osaka"},"image":{"@id":"https:\/\/osaka.ma\/#\/schema\/logo\/image\/"}}]}},"jetpack_sharing_enabled":true,"brands":[],"_links":{"self":[{"href":"https:\/\/osaka.ma\/ru\/wp-json\/wp\/v2\/product\/13218","targetHints":{"allow":["GET"]}}],"collection":[{"href":"https:\/\/osaka.ma\/ru\/wp-json\/wp\/v2\/product"}],"about":[{"href":"https:\/\/osaka.ma\/ru\/wp-json\/wp\/v2\/types\/product"}],"version-history":[{"count":0,"href":"https:\/\/osaka.ma\/ru\/wp-json\/wp\/v2\/product\/13218\/revisions"}],"wp:featuredmedia":[{"embeddable":true,"href":"https:\/\/osaka.ma\/ru\/wp-json\/wp\/v2\/media\/1013205"}],"wp:attachment":[{"href":"https:\/\/osaka.ma\/ru\/wp-json\/wp\/v2\/media?parent=13218"}],"wp:term":[{"taxonomy":"pwb-brand","embeddable":true,"href":"https:\/\/osaka.ma\/ru\/wp-json\/wp\/v2\/pwb-brand?post=13218"},{"taxonomy":"product_brand","embeddable":true,"href":"https:\/\/osaka.ma\/ru\/wp-json\/wp\/v2\/product_brand?post=13218"},{"taxonomy":"product_cat","embeddable":true,"href":"https:\/\/osaka.ma\/ru\/wp-json\/wp\/v2\/product_cat?post=13218"},{"taxonomy":"product_tag","embeddable":true,"href":"https:\/\/osaka.ma\/ru\/wp-json\/wp\/v2\/product_tag?post=13218"},{"taxonomy":"pcb_component_type","embeddable":true,"href":"https:\/\/osaka.ma\/ru\/wp-json\/wp\/v2\/pcb_component_type?post=13218"}],"curies":[{"name":"wp","href":"https:\/\/api.w.org\/{rel}","templated":true}]}}