{"id":13782,"date":"2025-02-24T13:03:19","date_gmt":"2025-02-24T13:03:19","guid":{"rendered":"https:\/\/osaka.ma\/?post_type=product&#038;p=13782"},"modified":"2026-03-18T13:54:01","modified_gmt":"2026-03-18T12:54:01","slug":"tp-link-deco-xe75-pro-wi-fi-6e-mesh-router-axe5400-tri-band-3-pack","status":"publish","type":"product","link":"https:\/\/osaka.ma\/ru\/product\/tp-link-deco-xe75-pro-wi-fi-6e-mesh-router-axe5400-tri-band-3-pack\/","title":{"rendered":"TP-Link Deco XE75 Pro Wi-Fi 6E Mesh Router, AXE5400 Tri-Band, 3-Pack"},"content":{"rendered":"<div class=\"logo\"><a href=\"https:\/\/www.ldlc.com\/en\/tp-link\/bint000034948\/\" rel=\"nofollow noopener\" target=\"_blank\"><img decoding=\"async\" src=\"https:\/\/media.ldlc.com\/v3\/marque\/bo\/00\/03\/95\/71\/V30003957132_2.jpg\" alt=\"TP-LINK\" \/><\/a><\/div>\n<div id=\"description\" class=\"description\">\n<div class=\"details-pdt-desc\">\n<h2 class=\"h2-master\">TP-LINK Deco XE75: 6E Wi-Fi and mesh networking<\/h2>\n<section>The<strong>\u00a0<\/strong><strong>Deco XE75<\/strong>\u00a0from<strong>\u00a0TP-Link<\/strong>\u00a0allows your home to benefit from a\u00a0<strong>6E AXE5400 Wi-Fi network<\/strong>\u00a0(AX2402 + AX2402 + AX574) with a quality signal wherever you are. Thanks to Deco&#8217;s advanced Wi-Fi Mesh technology, the boxes work together to form a unified network with a unique network name. You eliminate weak signal areas with a clearer, stronger Wi-Fi signal generated by the Wi-Fi 6, no more searching for a stable connection.<\/section>\n<section>\n<div class=\"desc-image\"><img decoding=\"async\" src=\"https:\/\/media.ldlc.com\/bo\/images\/fiches\/routeur\/TP-LINK\/tplink_deco_xe75.jpg\" alt=\"\" \/><\/div>\n<div class=\"desc-text\">\n<h2>Key features<\/h2>\n<ul>\n<li>Fast, stable, easy-to-install Wi-Fi that covers the whole house<\/li>\n<li>Wi-Fi 6E AXE5400 Tri-Band: &#8211; Increases overall speeds to 5400 Mbps with Wi-Fi 6E<\/li>\n<li>Mesh AI-Driven: Intelligently learns the network environment to provide ideal Wi-Fi unique to your home<\/li>\n<li>Operates on the 6 GHz band: Newly available frequency brings more bandwidth and faster speeds<\/li>\n<li>Connect over 200 devices without reducing performance<\/li>\n<li>Get seamless coverage throughout your home with a clearer, stronger whole-house Wi-Fi signal generated by Wi-Fi 6E<\/li>\n<li>TP-Link HomeShield: Protects your network with advanced network and IoT protection features<\/li>\n<li>The Deco app walks you through the setup step by step for an easier installation than ever.<\/li>\n<li>Backwards compatible with all Wi-Fi generations and works with any ISP and Internet modem\/box.<\/li>\n<\/ul>\n<\/div>\n<\/section>\n<\/div>\n<\/div>\n","protected":false},"excerpt":{"rendered":"<p data-start=\"40\" data-end=\"401\">Le <strong data-start=\"43\" data-end=\"68\">TP-Link Deco XE75 Pro<\/strong> est un syst\u00e8me Wi-Fi 6E tri-bande con\u00e7u pour offrir une couverture \u00e9tendue et des vitesses ultra-rapides dans votre domicile. Avec une vitesse allant jusqu&#8217;\u00e0 5 400 Mbps, il est id\u00e9al pour le streaming 8K, les jeux en ligne sans latence et les exp\u00e9riences de r\u00e9alit\u00e9 virtuelle\/augment\u00e9e fluides.<\/p>\n<p data-start=\"403\" data-end=\"437\"><strong data-start=\"403\" data-end=\"437\">Caract\u00e9ristiques principales :<\/strong><\/p>\n<ul data-start=\"439\" data-end=\"1225\">\n<li data-start=\"439\" data-end=\"666\">\n<p data-start=\"441\" data-end=\"666\"><strong data-start=\"441\" data-end=\"465\">Wi-Fi 6E Tri-Bande :<\/strong> Profitez de la bande 6 GHz suppl\u00e9mentaire pour des vitesses plus rapides et une capacit\u00e9 accrue, r\u00e9duisant les interf\u00e9rences et am\u00e9liorant la performance globale.<\/p>\n<\/li>\n<li data-start=\"668\" data-end=\"857\">\n<p data-start=\"670\" data-end=\"857\"><strong data-start=\"670\" data-end=\"694\">Couverture \u00e9tendue :<\/strong> Trois unit\u00e9s Deco couvrent jusqu&#8217;\u00e0 670 m\u00b2, \u00e9liminant les zones mortes et assurant une connexion stable dans toute la maison.<\/p>\n<\/li>\n<li data-start=\"859\" data-end=\"1042\">\n<p data-start=\"861\" data-end=\"1042\"><strong data-start=\"861\" data-end=\"889\">Port Ethernet 2,5 Gbps :<\/strong> Un port WAN\/LAN 2,5 Gbps pour des vitesses Internet ultra-rapides, id\u00e9al pour les abonnements Internet haut d\u00e9bit.<\/p>\n<\/li>\n<li data-start=\"1044\" data-end=\"1225\">\n<p data-start=\"1046\" data-end=\"1225\"><strong data-start=\"1046\" data-end=\"1071\">S\u00e9curit\u00e9 HomeShield :<\/strong> Protection avanc\u00e9e contre les menaces en ligne avec des fonctionnalit\u00e9s de contr\u00f4le parental et de s\u00e9curit\u00e9 r\u00e9seau.<\/p>\n<\/li>\n<\/ul>\n","protected":false},"featured_media":1013783,"template":"","meta":{"_acf_changed":false},"pwb-brand":[],"product_brand":[],"product_cat":[31,154],"product_tag":[],"pcb_component_type":[],"class_list":{"0":"post-13782","1":"product","2":"type-product","3":"status-publish","4":"has-post-thumbnail","6":"product_cat-accessoires","7":"product_cat-routeurs","9":"first","10":"instock","11":"sale","12":"shipping-taxable","13":"purchasable","14":"product-type-simple"},"translation":{"provider":"WPGlobus","version":"3.0.2","language":"ru","enabled_languages":["en","es","de","fr","ru"],"languages":{"en":{"title":true,"content":true,"excerpt":true},"es":{"title":false,"content":false,"excerpt":false},"de":{"title":false,"content":false,"excerpt":false},"fr":{"title":false,"content":false,"excerpt":false},"ru":{"title":false,"content":false,"excerpt":false}}},"acf":[],"yoast_head":"<!-- This site is optimized with the Yoast SEO plugin v27.2 - https:\/\/yoast.com\/product\/yoast-seo-wordpress\/ -->\n<title>TP-Link Deco XE75 Pro Wi-Fi 6E Mesh Router, AXE5400 Tri-Band, 3-Pack - Osaka<\/title>\n<meta name=\"robots\" content=\"index, follow, max-snippet:-1, max-image-preview:large, max-video-preview:-1\" \/>\n<link rel=\"canonical\" href=\"https:\/\/osaka.ma\/de\/product\/tp-link-deco-xe75-pro-wi-fi-6e-mesh-router-axe5400-tri-band-3-pack\/\" \/>\n<meta property=\"og:locale\" content=\"ru_RU\" \/>\n<meta property=\"og:type\" content=\"article\" \/>\n<meta property=\"og:title\" content=\"TP-Link Deco XE75 Pro Wi-Fi 6E Mesh Router, AXE5400 Tri-Band, 3-Pack - Osaka\" \/>\n<meta property=\"og:url\" content=\"https:\/\/osaka.ma\/de\/product\/tp-link-deco-xe75-pro-wi-fi-6e-mesh-router-axe5400-tri-band-3-pack\/\" \/>\n<meta property=\"og:site_name\" content=\"Osaka\" \/>\n<meta property=\"article:modified_time\" content=\"2026-03-18T12:54:01+00:00\" \/>\n<meta property=\"og:image\" content=\"https:\/\/osaka.ma\/wp-content\/uploads\/2025\/02\/TP-Link-Deco-XE75-Pro-1.jpg\" \/>\n\t<meta property=\"og:image:width\" content=\"1000\" \/>\n\t<meta property=\"og:image:height\" content=\"1000\" \/>\n\t<meta property=\"og:image:type\" content=\"image\/jpeg\" \/>\n<meta name=\"twitter:card\" content=\"summary_large_image\" \/>\n<meta name=\"twitter:label1\" content=\"Est. reading time\" \/>\n\t<meta name=\"twitter:data1\" content=\"4 minutes\" \/>\n<script type=\"application\/ld+json\" class=\"yoast-schema-graph\">{\"@context\":\"https:\/\/schema.org\",\"@graph\":[{\"@type\":\"WebPage\",\"@id\":\"https:\/\/osaka.ma\/de\/product\/tp-link-deco-xe75-pro-wi-fi-6e-mesh-router-axe5400-tri-band-3-pack\/\",\"url\":\"https:\/\/osaka.ma\/de\/product\/tp-link-deco-xe75-pro-wi-fi-6e-mesh-router-axe5400-tri-band-3-pack\/\",\"name\":\"TP-Link Deco XE75 Pro Wi-Fi 6E Mesh Router, AXE5400 Tri-Band, 3-Pack - Osaka\",\"isPartOf\":{\"@id\":\"https:\/\/osaka.ma\/#website\"},\"primaryImageOfPage\":{\"@id\":\"https:\/\/osaka.ma\/de\/product\/tp-link-deco-xe75-pro-wi-fi-6e-mesh-router-axe5400-tri-band-3-pack\/#primaryimage\"},\"image\":{\"@id\":\"https:\/\/osaka.ma\/de\/product\/tp-link-deco-xe75-pro-wi-fi-6e-mesh-router-axe5400-tri-band-3-pack\/#primaryimage\"},\"thumbnailUrl\":\"https:\/\/osaka.ma\/wp-content\/uploads\/2025\/02\/TP-Link-Deco-XE75-Pro-1.jpg\",\"datePublished\":\"2025-02-24T13:03:19+00:00\",\"dateModified\":\"2026-03-18T12:54:01+00:00\",\"breadcrumb\":{\"@id\":\"https:\/\/osaka.ma\/de\/product\/tp-link-deco-xe75-pro-wi-fi-6e-mesh-router-axe5400-tri-band-3-pack\/#breadcrumb\"},\"inLanguage\":\"ru-RU\",\"potentialAction\":[{\"@type\":\"ReadAction\",\"target\":[\"https:\/\/osaka.ma\/de\/product\/tp-link-deco-xe75-pro-wi-fi-6e-mesh-router-axe5400-tri-band-3-pack\/\"]}]},{\"@type\":\"ImageObject\",\"inLanguage\":\"ru-RU\",\"@id\":\"https:\/\/osaka.ma\/de\/product\/tp-link-deco-xe75-pro-wi-fi-6e-mesh-router-axe5400-tri-band-3-pack\/#primaryimage\",\"url\":\"https:\/\/osaka.ma\/wp-content\/uploads\/2025\/02\/TP-Link-Deco-XE75-Pro-1.jpg\",\"contentUrl\":\"https:\/\/osaka.ma\/wp-content\/uploads\/2025\/02\/TP-Link-Deco-XE75-Pro-1.jpg\",\"width\":1000,\"height\":1000},{\"@type\":\"BreadcrumbList\",\"@id\":\"https:\/\/osaka.ma\/de\/product\/tp-link-deco-xe75-pro-wi-fi-6e-mesh-router-axe5400-tri-band-3-pack\/#breadcrumb\",\"itemListElement\":[{\"@type\":\"ListItem\",\"position\":1,\"name\":\"Home\",\"item\":\"https:\/\/osaka.ma\/\"},{\"@type\":\"ListItem\",\"position\":2,\"name\":\"Shop\",\"item\":\"https:\/\/osaka.ma\/shop-2\/\"},{\"@type\":\"ListItem\",\"position\":3,\"name\":\"TP-Link Deco XE75 Pro Wi-Fi 6E Mesh Router, AXE5400 Tri-Band, 3-Pack\"}]},{\"@type\":\"WebSite\",\"@id\":\"https:\/\/osaka.ma\/#website\",\"url\":\"https:\/\/osaka.ma\/\",\"name\":\"Osaka\",\"description\":\"\",\"publisher\":{\"@id\":\"https:\/\/osaka.ma\/#organization\"},\"potentialAction\":[{\"@type\":\"SearchAction\",\"target\":{\"@type\":\"EntryPoint\",\"urlTemplate\":\"https:\/\/osaka.ma\/?s={search_term_string}\"},\"query-input\":{\"@type\":\"PropertyValueSpecification\",\"valueRequired\":true,\"valueName\":\"search_term_string\"}}],\"inLanguage\":\"ru-RU\"},{\"@type\":\"Organization\",\"@id\":\"https:\/\/osaka.ma\/#organization\",\"name\":\"Osaka\",\"url\":\"https:\/\/osaka.ma\/\",\"logo\":{\"@type\":\"ImageObject\",\"inLanguage\":\"ru-RU\",\"@id\":\"https:\/\/osaka.ma\/#\/schema\/logo\/image\/\",\"url\":\"https:\/\/osaka.ma\/wp-content\/uploads\/2026\/01\/model-slogan-logo-2Plan-de-travail-1dksl-plus-finnn.png\",\"contentUrl\":\"https:\/\/osaka.ma\/wp-content\/uploads\/2026\/01\/model-slogan-logo-2Plan-de-travail-1dksl-plus-finnn.png\",\"width\":842,\"height\":226,\"caption\":\"Osaka\"},\"image\":{\"@id\":\"https:\/\/osaka.ma\/#\/schema\/logo\/image\/\"}}]}<\/script>\n<!-- \/ Yoast SEO plugin. -->","yoast_head_json":{"title":"TP-Link Deco XE75 Pro Wi-Fi 6E Mesh Router, AXE5400 Tri-Band, 3-Pack - Osaka","robots":{"index":"index","follow":"follow","max-snippet":"max-snippet:-1","max-image-preview":"max-image-preview:large","max-video-preview":"max-video-preview:-1"},"canonical":"https:\/\/osaka.ma\/de\/product\/tp-link-deco-xe75-pro-wi-fi-6e-mesh-router-axe5400-tri-band-3-pack\/","og_locale":"ru_RU","og_type":"article","og_title":"TP-Link Deco XE75 Pro Wi-Fi 6E Mesh Router, AXE5400 Tri-Band, 3-Pack - Osaka","og_url":"https:\/\/osaka.ma\/de\/product\/tp-link-deco-xe75-pro-wi-fi-6e-mesh-router-axe5400-tri-band-3-pack\/","og_site_name":"Osaka","article_modified_time":"2026-03-18T12:54:01+00:00","og_image":[{"width":1000,"height":1000,"url":"https:\/\/osaka.ma\/wp-content\/uploads\/2025\/02\/TP-Link-Deco-XE75-Pro-1.jpg","type":"image\/jpeg"}],"twitter_card":"summary_large_image","twitter_misc":{"Est. reading time":"4 minutes"},"schema":{"@context":"https:\/\/schema.org","@graph":[{"@type":"WebPage","@id":"https:\/\/osaka.ma\/de\/product\/tp-link-deco-xe75-pro-wi-fi-6e-mesh-router-axe5400-tri-band-3-pack\/","url":"https:\/\/osaka.ma\/de\/product\/tp-link-deco-xe75-pro-wi-fi-6e-mesh-router-axe5400-tri-band-3-pack\/","name":"TP-Link Deco XE75 Pro Wi-Fi 6E Mesh Router, AXE5400 Tri-Band, 3-Pack - Osaka","isPartOf":{"@id":"https:\/\/osaka.ma\/#website"},"primaryImageOfPage":{"@id":"https:\/\/osaka.ma\/de\/product\/tp-link-deco-xe75-pro-wi-fi-6e-mesh-router-axe5400-tri-band-3-pack\/#primaryimage"},"image":{"@id":"https:\/\/osaka.ma\/de\/product\/tp-link-deco-xe75-pro-wi-fi-6e-mesh-router-axe5400-tri-band-3-pack\/#primaryimage"},"thumbnailUrl":"https:\/\/osaka.ma\/wp-content\/uploads\/2025\/02\/TP-Link-Deco-XE75-Pro-1.jpg","datePublished":"2025-02-24T13:03:19+00:00","dateModified":"2026-03-18T12:54:01+00:00","breadcrumb":{"@id":"https:\/\/osaka.ma\/de\/product\/tp-link-deco-xe75-pro-wi-fi-6e-mesh-router-axe5400-tri-band-3-pack\/#breadcrumb"},"inLanguage":"ru-RU","potentialAction":[{"@type":"ReadAction","target":["https:\/\/osaka.ma\/de\/product\/tp-link-deco-xe75-pro-wi-fi-6e-mesh-router-axe5400-tri-band-3-pack\/"]}]},{"@type":"ImageObject","inLanguage":"ru-RU","@id":"https:\/\/osaka.ma\/de\/product\/tp-link-deco-xe75-pro-wi-fi-6e-mesh-router-axe5400-tri-band-3-pack\/#primaryimage","url":"https:\/\/osaka.ma\/wp-content\/uploads\/2025\/02\/TP-Link-Deco-XE75-Pro-1.jpg","contentUrl":"https:\/\/osaka.ma\/wp-content\/uploads\/2025\/02\/TP-Link-Deco-XE75-Pro-1.jpg","width":1000,"height":1000},{"@type":"BreadcrumbList","@id":"https:\/\/osaka.ma\/de\/product\/tp-link-deco-xe75-pro-wi-fi-6e-mesh-router-axe5400-tri-band-3-pack\/#breadcrumb","itemListElement":[{"@type":"ListItem","position":1,"name":"Home","item":"https:\/\/osaka.ma\/"},{"@type":"ListItem","position":2,"name":"Shop","item":"https:\/\/osaka.ma\/shop-2\/"},{"@type":"ListItem","position":3,"name":"TP-Link Deco XE75 Pro Wi-Fi 6E Mesh Router, AXE5400 Tri-Band, 3-Pack"}]},{"@type":"WebSite","@id":"https:\/\/osaka.ma\/#website","url":"https:\/\/osaka.ma\/","name":"Osaka","description":"","publisher":{"@id":"https:\/\/osaka.ma\/#organization"},"potentialAction":[{"@type":"SearchAction","target":{"@type":"EntryPoint","urlTemplate":"https:\/\/osaka.ma\/?s={search_term_string}"},"query-input":{"@type":"PropertyValueSpecification","valueRequired":true,"valueName":"search_term_string"}}],"inLanguage":"ru-RU"},{"@type":"Organization","@id":"https:\/\/osaka.ma\/#organization","name":"Osaka","url":"https:\/\/osaka.ma\/","logo":{"@type":"ImageObject","inLanguage":"ru-RU","@id":"https:\/\/osaka.ma\/#\/schema\/logo\/image\/","url":"https:\/\/osaka.ma\/wp-content\/uploads\/2026\/01\/model-slogan-logo-2Plan-de-travail-1dksl-plus-finnn.png","contentUrl":"https:\/\/osaka.ma\/wp-content\/uploads\/2026\/01\/model-slogan-logo-2Plan-de-travail-1dksl-plus-finnn.png","width":842,"height":226,"caption":"Osaka"},"image":{"@id":"https:\/\/osaka.ma\/#\/schema\/logo\/image\/"}}]}},"jetpack_sharing_enabled":true,"brands":[],"_links":{"self":[{"href":"https:\/\/osaka.ma\/ru\/wp-json\/wp\/v2\/product\/13782","targetHints":{"allow":["GET"]}}],"collection":[{"href":"https:\/\/osaka.ma\/ru\/wp-json\/wp\/v2\/product"}],"about":[{"href":"https:\/\/osaka.ma\/ru\/wp-json\/wp\/v2\/types\/product"}],"version-history":[{"count":0,"href":"https:\/\/osaka.ma\/ru\/wp-json\/wp\/v2\/product\/13782\/revisions"}],"wp:featuredmedia":[{"embeddable":true,"href":"https:\/\/osaka.ma\/ru\/wp-json\/wp\/v2\/media\/1013783"}],"wp:attachment":[{"href":"https:\/\/osaka.ma\/ru\/wp-json\/wp\/v2\/media?parent=13782"}],"wp:term":[{"taxonomy":"pwb-brand","embeddable":true,"href":"https:\/\/osaka.ma\/ru\/wp-json\/wp\/v2\/pwb-brand?post=13782"},{"taxonomy":"product_brand","embeddable":true,"href":"https:\/\/osaka.ma\/ru\/wp-json\/wp\/v2\/product_brand?post=13782"},{"taxonomy":"product_cat","embeddable":true,"href":"https:\/\/osaka.ma\/ru\/wp-json\/wp\/v2\/product_cat?post=13782"},{"taxonomy":"product_tag","embeddable":true,"href":"https:\/\/osaka.ma\/ru\/wp-json\/wp\/v2\/product_tag?post=13782"},{"taxonomy":"pcb_component_type","embeddable":true,"href":"https:\/\/osaka.ma\/ru\/wp-json\/wp\/v2\/pcb_component_type?post=13782"}],"curies":[{"name":"wp","href":"https:\/\/api.w.org\/{rel}","templated":true}]}}