{"id":14510,"date":"2025-03-12T09:36:14","date_gmt":"2025-03-12T09:36:14","guid":{"rendered":"https:\/\/osaka.ma\/?post_type=product&#038;p=14510"},"modified":"2025-03-18T16:56:52","modified_gmt":"2025-03-18T16:56:52","slug":"lenovo-legion-y9000p-i7-12700h-16gb-ram-512gb-ssd-rtx-3060-16-2k-165hz-windows-11","status":"publish","type":"product","link":"https:\/\/osaka.ma\/ru\/product\/lenovo-legion-y9000p-i7-12700h-16gb-ram-512gb-ssd-rtx-3060-16-2k-165hz-windows-11\/","title":{"rendered":"Lenovo Legion Y9000P I7-12700H | 16GB RAM | 512GB SSD | RTX 3060 | 16&#8243; 2K 165Hz | Windows 11"},"content":{"rendered":"<p><img fetchpriority=\"high\" decoding=\"async\" class=\"\" src=\"https:\/\/upload.wikimedia.org\/wikipedia\/commons\/thumb\/b\/b8\/Lenovo_logo_2015.svg\/1280px-Lenovo_logo_2015.svg.png\" alt=\"\u0645\u0644\u0641:Lenovo logo 2015.svg - \u0648\u064a\u0643\u064a\u0628\u064a\u062f\u064a\u0627\" width=\"552\" height=\"116\" \/><\/p>\n<p><img decoding=\"async\" class=\"alignnone  wp-image-14519\" src=\"https:\/\/osaka.ma\/wp-content\/uploads\/2025\/03\/Lenovo-Legion-Y9000P-IAH7H-7-300x225.jpeg\" alt=\"\" width=\"339\" height=\"254\" srcset=\"https:\/\/osaka.ma\/wp-content\/uploads\/2025\/03\/Lenovo-Legion-Y9000P-IAH7H-7-300x225.jpeg 300w, https:\/\/osaka.ma\/wp-content\/uploads\/2025\/03\/Lenovo-Legion-Y9000P-IAH7H-7-768x576.jpeg 768w, https:\/\/osaka.ma\/wp-content\/uploads\/2025\/03\/Lenovo-Legion-Y9000P-IAH7H-7-600x450.jpeg 600w, https:\/\/osaka.ma\/wp-content\/uploads\/2025\/03\/Lenovo-Legion-Y9000P-IAH7H-7.jpeg 1000w\" sizes=\"(max-width: 339px) 100vw, 339px\" \/><\/p>\n<p>The <strong data-start=\"58\" data-end=\"82\">Lenovo Legion Y9000P<\/strong> is built for high-performance gaming and multitasking. Powered by an <strong data-start=\"152\" data-end=\"176\">Intel Core i7-12700H<\/strong> and <strong data-start=\"181\" data-end=\"201\">16GB of DDR5 RAM<\/strong>, it delivers smooth performance for demanding applications. The <strong data-start=\"266\" data-end=\"284\">512GB NVMe SSD<\/strong> ensures fast boot times and ample storage for games and files.<\/p>\n<p><img decoding=\"async\" class=\"alignnone size-medium wp-image-14516\" src=\"https:\/\/osaka.ma\/wp-content\/uploads\/2025\/03\/Lenovo-Legion-Y9000P-IAH7H-4-300x225.jpeg\" alt=\"\" width=\"300\" height=\"225\" srcset=\"https:\/\/osaka.ma\/wp-content\/uploads\/2025\/03\/Lenovo-Legion-Y9000P-IAH7H-4-300x225.jpeg 300w, https:\/\/osaka.ma\/wp-content\/uploads\/2025\/03\/Lenovo-Legion-Y9000P-IAH7H-4-768x576.jpeg 768w, https:\/\/osaka.ma\/wp-content\/uploads\/2025\/03\/Lenovo-Legion-Y9000P-IAH7H-4-600x450.jpeg 600w, https:\/\/osaka.ma\/wp-content\/uploads\/2025\/03\/Lenovo-Legion-Y9000P-IAH7H-4.jpeg 1000w\" sizes=\"(max-width: 300px) 100vw, 300px\" \/><\/p>\n<p>Equipped with an <strong data-start=\"368\" data-end=\"401\">NVIDIA GeForce RTX 3060 (6GB)<\/strong>, this laptop provides excellent graphics performance, making it ideal for gaming, content creation, and productivity. The <strong data-start=\"524\" data-end=\"572\">16-inch 2K display with a 165Hz refresh rate<\/strong> offers sharp visuals and fluid motion, enhancing the gaming and viewing experience.<\/p>\n<p><img loading=\"lazy\" decoding=\"async\" class=\"alignnone size-medium wp-image-14515\" src=\"https:\/\/osaka.ma\/wp-content\/uploads\/2025\/03\/Lenovo-Legion-Y9000P-IAH7H-3-300x225.jpeg\" alt=\"\" width=\"300\" height=\"225\" srcset=\"https:\/\/osaka.ma\/wp-content\/uploads\/2025\/03\/Lenovo-Legion-Y9000P-IAH7H-3-300x225.jpeg 300w, https:\/\/osaka.ma\/wp-content\/uploads\/2025\/03\/Lenovo-Legion-Y9000P-IAH7H-3-768x576.jpeg 768w, https:\/\/osaka.ma\/wp-content\/uploads\/2025\/03\/Lenovo-Legion-Y9000P-IAH7H-3-600x450.jpeg 600w, https:\/\/osaka.ma\/wp-content\/uploads\/2025\/03\/Lenovo-Legion-Y9000P-IAH7H-3.jpeg 1000w\" sizes=\"(max-width: 300px) 100vw, 300px\" \/><\/p>\n<p>Designed for comfort and convenience, the <strong data-start=\"702\" data-end=\"729\">QWERTY backlit keyboard<\/strong> allows for easy typing even in low-light conditions. With a <strong data-start=\"790\" data-end=\"814\">91% battery capacity<\/strong> and <strong data-start=\"819\" data-end=\"844\">Windows 11 Enterprise<\/strong>, this laptop is ready for work and play. Though it has been used for <strong data-start=\"914\" data-end=\"926\">179 days<\/strong>, it remains in good condition, with only minor signs of wear. <strong data-start=\"989\" data-end=\"1027\" data-is-last-node=\"\">No original packaging is included.<\/strong><\/p>\n<p data-start=\"0\" data-end=\"19\"><strong data-start=\"0\" data-end=\"17\">Key Features:<\/strong><\/p>\n<p><strong data-start=\"0\" data-end=\"14\" data-is-only-node=\"\">Processeur<\/strong> : Intel\u00ae Core\u2122 i7-12700H (up to 4.7 GHz with Intel\u00ae Turbo Boost Technology, 24 MB L3 cache, 14 cores, 20 threads)<br data-start=\"128\" data-end=\"131\" \/><strong data-start=\"131\" data-end=\"142\">M\u00e9moire<\/strong> : 16 Go DDR5 4800 MHz (2 x 8 Go \u2013 2 slots)<br data-start=\"185\" data-end=\"188\" \/><strong data-start=\"188\" data-end=\"197\">\u00c9cran<\/strong> : 16&#8243; IPS, 2K (2560 x 1600), 165Hz, anti-reflet, 300 nits, 100% sRGB<br data-start=\"266\" data-end=\"269\" \/><strong data-start=\"269\" data-end=\"282\">Dalle IPS<\/strong> : couleurs vives et larges angles de vision<br data-start=\"326\" data-end=\"329\" \/><strong data-start=\"329\" data-end=\"347\">Puce graphique<\/strong> : NVIDIA GeForce RTX 3060 avec 6 Go de m\u00e9moire GDDR6<br data-start=\"400\" data-end=\"403\" \/><strong data-start=\"403\" data-end=\"415\">Stockage<\/strong> : 512 Go PCIe\u00ae NVMe\u2122 M.2 SSD<br data-start=\"444\" data-end=\"447\" \/><strong data-start=\"447\" data-end=\"473\">Communication sans fil<\/strong> : Wi-Fi 6 + Bluetooth 5.1<br data-start=\"499\" data-end=\"502\" \/><strong data-start=\"502\" data-end=\"513\">Clavier<\/strong> : QWERTY avec touches r\u00e9tro\u00e9clair\u00e9es<br data-start=\"550\" data-end=\"553\" \/><strong data-start=\"553\" data-end=\"565\">Batterie<\/strong> : 91% de capacit\u00e9 restante<br data-start=\"592\" data-end=\"595\" \/><strong data-start=\"595\" data-end=\"610\">Connectique<\/strong> : USB-C, HDMI, RJ45, USB 3.2<br data-start=\"639\" data-end=\"642\" \/><strong data-start=\"642\" data-end=\"668\">Syst\u00e8me d\u2019exploitation<\/strong> : Windows 11 Entreprise<br data-start=\"692\" data-end=\"695\" \/><strong data-start=\"695\" data-end=\"708\">Condition<\/strong> : Occasion (179 jours d\u2019utilisation, sans emballage)<\/p>\n","protected":false},"excerpt":{"rendered":"<p>The <strong data-start=\"58\" data-end=\"82\">Lenovo Legion Y9000P<\/strong> is built for high-performance gaming and multitasking. Powered by an <strong data-start=\"152\" data-end=\"176\">Intel Core i7-12700H<\/strong> and <strong data-start=\"181\" data-end=\"201\">16GB of DDR5 RAM<\/strong>, it delivers smooth performance for demanding applications. The <strong data-start=\"266\" data-end=\"284\">512GB NVMe SSD<\/strong> ensures fast boot times and ample storage for games and files.<\/p>\n<ul>\n<li><strong data-start=\"0\" data-end=\"14\" data-is-only-node=\"\">Processeur<\/strong> : Intel\u00ae Core\u2122 i7-12700H (up to 4.7 GHz with Intel\u00ae Turbo Boost Technology, 24 MB L3 cache, 14 cores, 20 threads)<br data-start=\"128\" data-end=\"131\" \/><strong data-start=\"131\" data-end=\"142\">M\u00e9moire<\/strong> : 16 Go DDR5 4800 MHz (2 x 8 Go \u2013 2 slots)<br data-start=\"185\" data-end=\"188\" \/><strong data-start=\"188\" data-end=\"197\">\u00c9cran<\/strong> : 16&#8243; IPS, 2K (2560 x 1600), 165Hz, anti-reflet, 300 nits, 100% sRGB<br data-start=\"266\" data-end=\"269\" \/><strong data-start=\"269\" data-end=\"282\">Dalle IPS<\/strong> : couleurs vives et larges angles de vision<br data-start=\"326\" data-end=\"329\" \/><strong data-start=\"329\" data-end=\"347\">Puce graphique<\/strong> : NVIDIA GeForce RTX 3060 avec 6 Go de m\u00e9moire GDDR6<br data-start=\"400\" data-end=\"403\" \/><strong data-start=\"403\" data-end=\"415\">Stockage<\/strong> : 512 Go PCIe\u00ae NVMe\u2122 M.2 SSD<br data-start=\"444\" data-end=\"447\" \/><strong data-start=\"447\" data-end=\"473\">Communication sans fil<\/strong> : Wi-Fi 6 + Bluetooth 5.1<br data-start=\"499\" data-end=\"502\" \/><strong data-start=\"502\" data-end=\"513\">Clavier<\/strong> : QWERTY avec touches r\u00e9tro\u00e9clair\u00e9es<br data-start=\"592\" data-end=\"595\" \/><strong data-start=\"595\" data-end=\"610\">Connectique<\/strong> : USB-C, HDMI, RJ45, USB 3.2<br data-start=\"639\" data-end=\"642\" \/><strong data-start=\"642\" data-end=\"668\">Syst\u00e8me d\u2019exploitation<\/strong> : Windows 11 Entreprise<br data-start=\"692\" data-end=\"695\" \/><strong data-start=\"695\" data-end=\"708\">Condition<\/strong> : Occasion (179 jours d\u2019utilisation, sans emballage)<\/li>\n<\/ul>\n","protected":false},"featured_media":1014520,"template":"","meta":{"_acf_changed":false},"pwb-brand":[],"product_brand":[],"product_cat":[122,121,126],"product_tag":[],"pcb_component_type":[],"class_list":{"0":"post-14510","1":"product","2":"type-product","3":"status-publish","4":"has-post-thumbnail","6":"product_cat-gaming","7":"product_cat-pc-portable","8":"product_cat-professional","10":"first","11":"outofstock","12":"shipping-taxable","13":"product-type-simple"},"translation":{"provider":"WPGlobus","version":"3.0.2","language":"ru","enabled_languages":["en","es","de","fr","ru"],"languages":{"en":{"title":true,"content":true,"excerpt":true},"es":{"title":false,"content":false,"excerpt":false},"de":{"title":false,"content":false,"excerpt":false},"fr":{"title":false,"content":false,"excerpt":false},"ru":{"title":false,"content":false,"excerpt":false}}},"acf":[],"yoast_head":"<!-- This site is optimized with the Yoast SEO plugin v27.2 - https:\/\/yoast.com\/product\/yoast-seo-wordpress\/ -->\n<title>Lenovo Legion Y9000P I7-12700H | 16GB RAM | 512GB SSD | RTX 3060 | 16&quot; 2K 165Hz | Windows 11 - Osaka<\/title>\n<meta name=\"robots\" content=\"index, follow, max-snippet:-1, max-image-preview:large, max-video-preview:-1\" \/>\n<link rel=\"canonical\" href=\"https:\/\/osaka.ma\/product\/lenovo-legion-y9000p-i7-12700h-16gb-ram-512gb-ssd-rtx-3060-16-2k-165hz-windows-11\/\" \/>\n<meta property=\"og:locale\" content=\"ru_RU\" \/>\n<meta property=\"og:type\" content=\"article\" \/>\n<meta property=\"og:title\" content=\"Lenovo Legion Y9000P I7-12700H | 16GB RAM | 512GB SSD | RTX 3060 | 16&quot; 2K 165Hz | Windows 11 - Osaka\" \/>\n<meta property=\"og:url\" content=\"https:\/\/osaka.ma\/product\/lenovo-legion-y9000p-i7-12700h-16gb-ram-512gb-ssd-rtx-3060-16-2k-165hz-windows-11\/\" \/>\n<meta property=\"og:site_name\" content=\"Osaka\" \/>\n<meta property=\"article:modified_time\" content=\"2025-03-18T16:56:52+00:00\" \/>\n<meta property=\"og:image\" content=\"https:\/\/osaka.ma\/wp-content\/uploads\/2025\/03\/46be1188-785e-4b57-b8f8-3e9b03f78e60.png\" \/>\n\t<meta property=\"og:image:width\" content=\"1000\" \/>\n\t<meta property=\"og:image:height\" content=\"750\" \/>\n\t<meta property=\"og:image:type\" content=\"image\/png\" \/>\n<meta name=\"twitter:card\" content=\"summary_large_image\" \/>\n<meta name=\"twitter:label1\" content=\"Est. reading time\" \/>\n\t<meta name=\"twitter:data1\" content=\"3 minutes\" \/>\n<script type=\"application\/ld+json\" class=\"yoast-schema-graph\">{\"@context\":\"https:\/\/schema.org\",\"@graph\":[{\"@type\":\"WebPage\",\"@id\":\"https:\/\/osaka.ma\/product\/lenovo-legion-y9000p-i7-12700h-16gb-ram-512gb-ssd-rtx-3060-16-2k-165hz-windows-11\/\",\"url\":\"https:\/\/osaka.ma\/product\/lenovo-legion-y9000p-i7-12700h-16gb-ram-512gb-ssd-rtx-3060-16-2k-165hz-windows-11\/\",\"name\":\"Lenovo Legion Y9000P I7-12700H | 16GB RAM | 512GB SSD | RTX 3060 | 16\\\" 2K 165Hz | Windows 11 - Osaka\",\"isPartOf\":{\"@id\":\"https:\/\/osaka.ma\/#website\"},\"primaryImageOfPage\":{\"@id\":\"https:\/\/osaka.ma\/product\/lenovo-legion-y9000p-i7-12700h-16gb-ram-512gb-ssd-rtx-3060-16-2k-165hz-windows-11\/#primaryimage\"},\"image\":{\"@id\":\"https:\/\/osaka.ma\/product\/lenovo-legion-y9000p-i7-12700h-16gb-ram-512gb-ssd-rtx-3060-16-2k-165hz-windows-11\/#primaryimage\"},\"thumbnailUrl\":\"https:\/\/osaka.ma\/wp-content\/uploads\/2025\/03\/46be1188-785e-4b57-b8f8-3e9b03f78e60.png\",\"datePublished\":\"2025-03-12T09:36:14+00:00\",\"dateModified\":\"2025-03-18T16:56:52+00:00\",\"breadcrumb\":{\"@id\":\"https:\/\/osaka.ma\/product\/lenovo-legion-y9000p-i7-12700h-16gb-ram-512gb-ssd-rtx-3060-16-2k-165hz-windows-11\/#breadcrumb\"},\"inLanguage\":\"ru-RU\",\"potentialAction\":[{\"@type\":\"ReadAction\",\"target\":[\"https:\/\/osaka.ma\/product\/lenovo-legion-y9000p-i7-12700h-16gb-ram-512gb-ssd-rtx-3060-16-2k-165hz-windows-11\/\"]}]},{\"@type\":\"ImageObject\",\"inLanguage\":\"ru-RU\",\"@id\":\"https:\/\/osaka.ma\/product\/lenovo-legion-y9000p-i7-12700h-16gb-ram-512gb-ssd-rtx-3060-16-2k-165hz-windows-11\/#primaryimage\",\"url\":\"https:\/\/osaka.ma\/wp-content\/uploads\/2025\/03\/46be1188-785e-4b57-b8f8-3e9b03f78e60.png\",\"contentUrl\":\"https:\/\/osaka.ma\/wp-content\/uploads\/2025\/03\/46be1188-785e-4b57-b8f8-3e9b03f78e60.png\",\"width\":1000,\"height\":750},{\"@type\":\"BreadcrumbList\",\"@id\":\"https:\/\/osaka.ma\/product\/lenovo-legion-y9000p-i7-12700h-16gb-ram-512gb-ssd-rtx-3060-16-2k-165hz-windows-11\/#breadcrumb\",\"itemListElement\":[{\"@type\":\"ListItem\",\"position\":1,\"name\":\"Home\",\"item\":\"https:\/\/osaka.ma\/\"},{\"@type\":\"ListItem\",\"position\":2,\"name\":\"Shop\",\"item\":\"https:\/\/osaka.ma\/shop-2\/\"},{\"@type\":\"ListItem\",\"position\":3,\"name\":\"Lenovo Legion Y9000P I7-12700H | 16GB RAM | 512GB SSD | RTX 3060 | 16&#8243; 2K 165Hz | Windows 11\"}]},{\"@type\":\"WebSite\",\"@id\":\"https:\/\/osaka.ma\/#website\",\"url\":\"https:\/\/osaka.ma\/\",\"name\":\"Osaka\",\"description\":\"\",\"publisher\":{\"@id\":\"https:\/\/osaka.ma\/#organization\"},\"potentialAction\":[{\"@type\":\"SearchAction\",\"target\":{\"@type\":\"EntryPoint\",\"urlTemplate\":\"https:\/\/osaka.ma\/?s={search_term_string}\"},\"query-input\":{\"@type\":\"PropertyValueSpecification\",\"valueRequired\":true,\"valueName\":\"search_term_string\"}}],\"inLanguage\":\"ru-RU\"},{\"@type\":\"Organization\",\"@id\":\"https:\/\/osaka.ma\/#organization\",\"name\":\"Osaka\",\"url\":\"https:\/\/osaka.ma\/\",\"logo\":{\"@type\":\"ImageObject\",\"inLanguage\":\"ru-RU\",\"@id\":\"https:\/\/osaka.ma\/#\/schema\/logo\/image\/\",\"url\":\"https:\/\/osaka.ma\/wp-content\/uploads\/2026\/01\/model-slogan-logo-2Plan-de-travail-1dksl-plus-finnn.png\",\"contentUrl\":\"https:\/\/osaka.ma\/wp-content\/uploads\/2026\/01\/model-slogan-logo-2Plan-de-travail-1dksl-plus-finnn.png\",\"width\":842,\"height\":226,\"caption\":\"Osaka\"},\"image\":{\"@id\":\"https:\/\/osaka.ma\/#\/schema\/logo\/image\/\"}}]}<\/script>\n<!-- \/ Yoast SEO plugin. -->","yoast_head_json":{"title":"Lenovo Legion Y9000P I7-12700H | 16GB RAM | 512GB SSD | RTX 3060 | 16\" 2K 165Hz | Windows 11 - Osaka","robots":{"index":"index","follow":"follow","max-snippet":"max-snippet:-1","max-image-preview":"max-image-preview:large","max-video-preview":"max-video-preview:-1"},"canonical":"https:\/\/osaka.ma\/product\/lenovo-legion-y9000p-i7-12700h-16gb-ram-512gb-ssd-rtx-3060-16-2k-165hz-windows-11\/","og_locale":"ru_RU","og_type":"article","og_title":"Lenovo Legion Y9000P I7-12700H | 16GB RAM | 512GB SSD | RTX 3060 | 16\" 2K 165Hz | Windows 11 - Osaka","og_url":"https:\/\/osaka.ma\/product\/lenovo-legion-y9000p-i7-12700h-16gb-ram-512gb-ssd-rtx-3060-16-2k-165hz-windows-11\/","og_site_name":"Osaka","article_modified_time":"2025-03-18T16:56:52+00:00","og_image":[{"width":1000,"height":750,"url":"https:\/\/osaka.ma\/wp-content\/uploads\/2025\/03\/46be1188-785e-4b57-b8f8-3e9b03f78e60.png","type":"image\/png"}],"twitter_card":"summary_large_image","twitter_misc":{"Est. reading time":"3 minutes"},"schema":{"@context":"https:\/\/schema.org","@graph":[{"@type":"WebPage","@id":"https:\/\/osaka.ma\/product\/lenovo-legion-y9000p-i7-12700h-16gb-ram-512gb-ssd-rtx-3060-16-2k-165hz-windows-11\/","url":"https:\/\/osaka.ma\/product\/lenovo-legion-y9000p-i7-12700h-16gb-ram-512gb-ssd-rtx-3060-16-2k-165hz-windows-11\/","name":"Lenovo Legion Y9000P I7-12700H | 16GB RAM | 512GB SSD | RTX 3060 | 16\" 2K 165Hz | Windows 11 - Osaka","isPartOf":{"@id":"https:\/\/osaka.ma\/#website"},"primaryImageOfPage":{"@id":"https:\/\/osaka.ma\/product\/lenovo-legion-y9000p-i7-12700h-16gb-ram-512gb-ssd-rtx-3060-16-2k-165hz-windows-11\/#primaryimage"},"image":{"@id":"https:\/\/osaka.ma\/product\/lenovo-legion-y9000p-i7-12700h-16gb-ram-512gb-ssd-rtx-3060-16-2k-165hz-windows-11\/#primaryimage"},"thumbnailUrl":"https:\/\/osaka.ma\/wp-content\/uploads\/2025\/03\/46be1188-785e-4b57-b8f8-3e9b03f78e60.png","datePublished":"2025-03-12T09:36:14+00:00","dateModified":"2025-03-18T16:56:52+00:00","breadcrumb":{"@id":"https:\/\/osaka.ma\/product\/lenovo-legion-y9000p-i7-12700h-16gb-ram-512gb-ssd-rtx-3060-16-2k-165hz-windows-11\/#breadcrumb"},"inLanguage":"ru-RU","potentialAction":[{"@type":"ReadAction","target":["https:\/\/osaka.ma\/product\/lenovo-legion-y9000p-i7-12700h-16gb-ram-512gb-ssd-rtx-3060-16-2k-165hz-windows-11\/"]}]},{"@type":"ImageObject","inLanguage":"ru-RU","@id":"https:\/\/osaka.ma\/product\/lenovo-legion-y9000p-i7-12700h-16gb-ram-512gb-ssd-rtx-3060-16-2k-165hz-windows-11\/#primaryimage","url":"https:\/\/osaka.ma\/wp-content\/uploads\/2025\/03\/46be1188-785e-4b57-b8f8-3e9b03f78e60.png","contentUrl":"https:\/\/osaka.ma\/wp-content\/uploads\/2025\/03\/46be1188-785e-4b57-b8f8-3e9b03f78e60.png","width":1000,"height":750},{"@type":"BreadcrumbList","@id":"https:\/\/osaka.ma\/product\/lenovo-legion-y9000p-i7-12700h-16gb-ram-512gb-ssd-rtx-3060-16-2k-165hz-windows-11\/#breadcrumb","itemListElement":[{"@type":"ListItem","position":1,"name":"Home","item":"https:\/\/osaka.ma\/"},{"@type":"ListItem","position":2,"name":"Shop","item":"https:\/\/osaka.ma\/shop-2\/"},{"@type":"ListItem","position":3,"name":"Lenovo Legion Y9000P I7-12700H | 16GB RAM | 512GB SSD | RTX 3060 | 16&#8243; 2K 165Hz | Windows 11"}]},{"@type":"WebSite","@id":"https:\/\/osaka.ma\/#website","url":"https:\/\/osaka.ma\/","name":"Osaka","description":"","publisher":{"@id":"https:\/\/osaka.ma\/#organization"},"potentialAction":[{"@type":"SearchAction","target":{"@type":"EntryPoint","urlTemplate":"https:\/\/osaka.ma\/?s={search_term_string}"},"query-input":{"@type":"PropertyValueSpecification","valueRequired":true,"valueName":"search_term_string"}}],"inLanguage":"ru-RU"},{"@type":"Organization","@id":"https:\/\/osaka.ma\/#organization","name":"Osaka","url":"https:\/\/osaka.ma\/","logo":{"@type":"ImageObject","inLanguage":"ru-RU","@id":"https:\/\/osaka.ma\/#\/schema\/logo\/image\/","url":"https:\/\/osaka.ma\/wp-content\/uploads\/2026\/01\/model-slogan-logo-2Plan-de-travail-1dksl-plus-finnn.png","contentUrl":"https:\/\/osaka.ma\/wp-content\/uploads\/2026\/01\/model-slogan-logo-2Plan-de-travail-1dksl-plus-finnn.png","width":842,"height":226,"caption":"Osaka"},"image":{"@id":"https:\/\/osaka.ma\/#\/schema\/logo\/image\/"}}]}},"jetpack_sharing_enabled":true,"brands":[],"_links":{"self":[{"href":"https:\/\/osaka.ma\/ru\/wp-json\/wp\/v2\/product\/14510","targetHints":{"allow":["GET"]}}],"collection":[{"href":"https:\/\/osaka.ma\/ru\/wp-json\/wp\/v2\/product"}],"about":[{"href":"https:\/\/osaka.ma\/ru\/wp-json\/wp\/v2\/types\/product"}],"version-history":[{"count":0,"href":"https:\/\/osaka.ma\/ru\/wp-json\/wp\/v2\/product\/14510\/revisions"}],"wp:featuredmedia":[{"embeddable":true,"href":"https:\/\/osaka.ma\/ru\/wp-json\/wp\/v2\/media\/1014520"}],"wp:attachment":[{"href":"https:\/\/osaka.ma\/ru\/wp-json\/wp\/v2\/media?parent=14510"}],"wp:term":[{"taxonomy":"pwb-brand","embeddable":true,"href":"https:\/\/osaka.ma\/ru\/wp-json\/wp\/v2\/pwb-brand?post=14510"},{"taxonomy":"product_brand","embeddable":true,"href":"https:\/\/osaka.ma\/ru\/wp-json\/wp\/v2\/product_brand?post=14510"},{"taxonomy":"product_cat","embeddable":true,"href":"https:\/\/osaka.ma\/ru\/wp-json\/wp\/v2\/product_cat?post=14510"},{"taxonomy":"product_tag","embeddable":true,"href":"https:\/\/osaka.ma\/ru\/wp-json\/wp\/v2\/product_tag?post=14510"},{"taxonomy":"pcb_component_type","embeddable":true,"href":"https:\/\/osaka.ma\/ru\/wp-json\/wp\/v2\/pcb_component_type?post=14510"}],"curies":[{"name":"wp","href":"https:\/\/api.w.org\/{rel}","templated":true}]}}