{"id":14636,"date":"2025-03-17T16:26:46","date_gmt":"2025-03-17T16:26:46","guid":{"rendered":"https:\/\/osaka.ma\/?post_type=product&#038;p=14636"},"modified":"2025-08-11T18:51:49","modified_gmt":"2025-08-11T17:51:49","slug":"pc-gamer-ryzen-7-5700x-rtx-3060-12gb-16gb-ram-512gb-ssd-3200mhz-ddr4","status":"publish","type":"product","link":"https:\/\/osaka.ma\/ru\/product\/pc-gamer-ryzen-7-5700x-rtx-3060-12gb-16gb-ram-512gb-ssd-3200mhz-ddr4\/","title":{"rendered":"PC Gamer Ryzen 7 5700X | RTX 3060 12GB | 16GB RAM 3200MHz DDR4 | 512GB SSD"},"content":{"rendered":"<section>\n<div class=\"desc-text\">\n<h2>Architecture Amp\u00e8re<\/h2>\n<p>Gr\u00e2ce aux am\u00e9liorations apport\u00e9es par la nouvelle architecture Amp\u00e8re, les cartes graphiques NVIDIA RTX de 2nd g\u00e9n\u00e9ration sont encore plus performantes que les cartes graphiques des g\u00e9n\u00e9rations pr\u00e9c\u00e9dentes. Les jeux vid\u00e9o PC sont plus beaux, plus immersifs et plus fluides que jamais. Les coeurs RT de 2nd g\u00e9n\u00e9ration offrent un rendement 2 fois sup\u00e9rieur \u00e0 celui des cartes de la g\u00e9n\u00e9ration pr\u00e9c\u00e9dente. Les coeurs Tensor de 3\u00e8me g\u00e9n\u00e9ration d\u00e9livrent jusqu&#8217;\u00e0 2 fois plus de rendement et les nouveaux multiprocesseur de flux un rendement FP32 multipli\u00e9 par 2 !<\/p>\n<\/div>\n<div class=\"desc-image\"><img decoding=\"async\" src=\"https:\/\/media.ldlc.com\/bo\/images\/fiches\/Carte_graphique\/RTX\/nvidia_geforce_rtx_on_002.jpg\" alt=\"\" \/><\/div>\n<\/section>\n<section>\n<div class=\"desc-image\"><img decoding=\"async\" src=\"https:\/\/media.ldlc.com\/bo\/images\/fiches\/Carte_graphique\/RTX\/NVIDIA_GeForce_RTX_DLSS_001.jpg\" alt=\"\" \/><\/div>\n<div class=\"desc-text\">\n<h2>Fr\u00e9quence d&#8217;images maximale<\/h2>\n<p>Bas\u00e9 sur les capacit\u00e9s ph\u00e9nom\u00e9nales de l\u2019IA, le super-\u00e9chantillonnage par Deep Learning (DLSS) de NVIDIA est une technologie de rendu r\u00e9volutionnaire qui vous offre un tout nouveau niveau de fid\u00e9lit\u00e9 visuelle gr\u00e2ce aux processeurs Tensor Core d\u00e9di\u00e9s \u00e0 l\u2019IA des GPU GeForce RTX. Le DLSS met \u00e0 profit toute la puissance d\u2019un r\u00e9seau optimis\u00e9 de neurones profonds pour acc\u00e9l\u00e9rer les fr\u00e9quences d\u2019images tout en g\u00e9n\u00e9rant des visuels \u00e9poustouflants d\u2019une nettet\u00e9 incomparable. Ce gain de performance significatif permet aux joueurs du monde entier de maximiser les param\u00e8tres du ray tracing et d\u2019augmenter les r\u00e9solutions de sortie.<\/p>\n<\/div>\n<\/section>\n<section>\n<div class=\"desc-text\">\n<h2>Streamez\u00a0comme un pro<\/h2>\n<p>Volez la vedette aux meilleurs streameurs en diffusant vos parties avec des graphismes sublimes et un rendu fluide. L\u2019encodage et le d\u00e9codage mat\u00e9riel de nouvelle g\u00e9n\u00e9ration vous permettent d\u2019immortaliser vos meilleurs moments avec un niveau de d\u00e9tails incomparable. La toute nouvelle application NVIDIA Broadcast fait passer vos livestreams au niveau sup\u00e9rieur avec de puissantes capacit\u00e9s d\u2019IA qui am\u00e9liorent la qualit\u00e9 de l\u2019audio et de la vid\u00e9o avec des effets avanc\u00e9s comme un arri\u00e8re-plan virtuel, un recadrage automatique de la webcam et la suppression des bruits parasites li\u00e9s au micro. Les GPU GeForce RTX s\u00e9rie 30 vous fournissent les performances graphiques et la qualit\u00e9 d\u2019image requises pour vous pr\u00e9senter \u00e0 votre public sous votre meilleur jour, syst\u00e9matiquement.<\/p>\n<\/div>\n<div class=\"desc-image\"><img decoding=\"async\" src=\"https:\/\/media.ldlc.com\/bo\/images\/fiches\/Carte_graphique\/RTX\/NVIDIA_GeForce_RTX_STREAM_001.jpg\" alt=\"\" \/><\/div>\n<div>\n<p>Caract\u00e9ristiques principales :<br \/>\nProcesseur : Ryzen 7 5700X \u2013 Puissance et efficacit\u00e9 pour multit\u00e2che<br \/>\nCarte M\u00e8re : ASUS PRIME B450 PLUS \u2013 Fiable et \u00e9volutive<br \/>\nM\u00e9moire RAM : 16GB (1x16GB) DDR4 3200MHz CL16 \u2013 Fluidit\u00e9 et rapidit\u00e9<br \/>\nStockage : 512GB NVMe SSD Gen4x4 \u2013 D\u00e9marrage et chargements ultra-rapides<br \/>\nCarte Graphique : EVGA RTX 3060 XC GAMING 12GB \u2013 Performance gaming en 1440p<br \/>\nRefroidissement : Nova Freezer CT-2U2 \u2013 Temp\u00e9ratures ma\u00eetris\u00e9es<br \/>\nBo\u00eetier : Connect Bolt RGB \u2013 Design \u00e9l\u00e9gant avec \u00e9clairage RGB<br \/>\nAlimentation : Connect Core 650W 80+ Bronze \u2013 Stabilit\u00e9 et efficacit\u00e9 \u00e9nerg\u00e9tique<\/p>\n<\/div>\n<\/section>\n","protected":false},"excerpt":{"rendered":"<p>Caract\u00e9ristiques principales :<br \/>\nProcesseur : Ryzen 7 5700X \u2013 Puissance et efficacit\u00e9 pour multit\u00e2che<br \/>\nCarte M\u00e8re : ASUS PRIME B450 PLUS \u2013 Fiable et \u00e9volutive<br \/>\nM\u00e9moire RAM : 16GB (1x16GB) DDR4 3200MHz CL16 \u2013 Fluidit\u00e9 et rapidit\u00e9<br \/>\nStockage : 512GB NVMe SSD Gen4x4 \u2013 D\u00e9marrage et chargements ultra-rapides<br \/>\nCarte Graphique : EVGA RTX 3060 XC GAMING 12GB \u2013 Performance gaming en 1440p<br \/>\nRefroidissement : Nova Freezer CT-2U2 \u2013 Temp\u00e9ratures ma\u00eetris\u00e9es<br \/>\nBo\u00eetier : Connect Bolt RGB \u2013 Design \u00e9l\u00e9gant avec \u00e9clairage RGB<br \/>\nAlimentation : Connect Core 650W 80+ Bronze \u2013 Stabilit\u00e9 et efficacit\u00e9 \u00e9nerg\u00e9tique<\/p>\n","protected":false},"featured_media":1014630,"template":"","meta":{"_acf_changed":false},"pwb-brand":[],"product_brand":[],"product_cat":[54,53],"product_tag":[],"pcb_component_type":[],"class_list":{"0":"post-14636","1":"product","2":"type-product","3":"status-publish","4":"has-post-thumbnail","6":"product_cat-amd-ryzen","7":"product_cat-pc-gamer","9":"first","10":"outofstock","11":"shipping-taxable","12":"purchasable","13":"product-type-simple"},"translation":{"provider":"WPGlobus","version":"3.0.2","language":"ru","enabled_languages":["en","es","de","fr","ru"],"languages":{"en":{"title":true,"content":true,"excerpt":true},"es":{"title":false,"content":false,"excerpt":false},"de":{"title":false,"content":false,"excerpt":false},"fr":{"title":false,"content":false,"excerpt":false},"ru":{"title":false,"content":false,"excerpt":false}}},"acf":[],"yoast_head":"<!-- This site is optimized with the Yoast SEO plugin v27.2 - https:\/\/yoast.com\/product\/yoast-seo-wordpress\/ -->\n<title>PC Gamer Ryzen 7 5700X | RTX 3060 12GB | 16GB RAM 3200MHz DDR4 | 512GB SSD - Osaka<\/title>\n<meta name=\"robots\" content=\"index, follow, max-snippet:-1, max-image-preview:large, max-video-preview:-1\" \/>\n<link rel=\"canonical\" href=\"https:\/\/osaka.ma\/ru\/product\/pc-gamer-ryzen-7-5700x-rtx-3060-12gb-16gb-ram-512gb-ssd-3200mhz-ddr4\/\" \/>\n<meta property=\"og:locale\" content=\"ru_RU\" \/>\n<meta property=\"og:type\" content=\"article\" \/>\n<meta property=\"og:title\" content=\"PC Gamer Ryzen 7 5700X | RTX 3060 12GB | 16GB RAM 3200MHz DDR4 | 512GB SSD - Osaka\" \/>\n<meta property=\"og:url\" content=\"https:\/\/osaka.ma\/ru\/product\/pc-gamer-ryzen-7-5700x-rtx-3060-12gb-16gb-ram-512gb-ssd-3200mhz-ddr4\/\" \/>\n<meta property=\"og:site_name\" content=\"Osaka\" \/>\n<meta property=\"article:modified_time\" content=\"2025-08-11T17:51:49+00:00\" \/>\n<meta property=\"og:image\" content=\"https:\/\/osaka.ma\/wp-content\/uploads\/2025\/03\/Connect-Bolt-RGB-1.jpg\" \/>\n\t<meta property=\"og:image:width\" content=\"1000\" \/>\n\t<meta property=\"og:image:height\" content=\"1000\" \/>\n\t<meta property=\"og:image:type\" content=\"image\/jpeg\" \/>\n<meta name=\"twitter:card\" content=\"summary_large_image\" \/>\n<meta name=\"twitter:label1\" content=\"Est. reading time\" \/>\n\t<meta name=\"twitter:data1\" content=\"3 minutes\" \/>\n<script type=\"application\/ld+json\" class=\"yoast-schema-graph\">{\"@context\":\"https:\/\/schema.org\",\"@graph\":[{\"@type\":\"WebPage\",\"@id\":\"https:\/\/osaka.ma\/ru\/product\/pc-gamer-ryzen-7-5700x-rtx-3060-12gb-16gb-ram-512gb-ssd-3200mhz-ddr4\/\",\"url\":\"https:\/\/osaka.ma\/ru\/product\/pc-gamer-ryzen-7-5700x-rtx-3060-12gb-16gb-ram-512gb-ssd-3200mhz-ddr4\/\",\"name\":\"PC Gamer Ryzen 7 5700X | RTX 3060 12GB | 16GB RAM 3200MHz DDR4 | 512GB SSD - Osaka\",\"isPartOf\":{\"@id\":\"https:\/\/osaka.ma\/#website\"},\"primaryImageOfPage\":{\"@id\":\"https:\/\/osaka.ma\/ru\/product\/pc-gamer-ryzen-7-5700x-rtx-3060-12gb-16gb-ram-512gb-ssd-3200mhz-ddr4\/#primaryimage\"},\"image\":{\"@id\":\"https:\/\/osaka.ma\/ru\/product\/pc-gamer-ryzen-7-5700x-rtx-3060-12gb-16gb-ram-512gb-ssd-3200mhz-ddr4\/#primaryimage\"},\"thumbnailUrl\":\"https:\/\/osaka.ma\/wp-content\/uploads\/2025\/03\/Connect-Bolt-RGB-1.jpg\",\"datePublished\":\"2025-03-17T16:26:46+00:00\",\"dateModified\":\"2025-08-11T17:51:49+00:00\",\"breadcrumb\":{\"@id\":\"https:\/\/osaka.ma\/ru\/product\/pc-gamer-ryzen-7-5700x-rtx-3060-12gb-16gb-ram-512gb-ssd-3200mhz-ddr4\/#breadcrumb\"},\"inLanguage\":\"ru-RU\",\"potentialAction\":[{\"@type\":\"ReadAction\",\"target\":[\"https:\/\/osaka.ma\/ru\/product\/pc-gamer-ryzen-7-5700x-rtx-3060-12gb-16gb-ram-512gb-ssd-3200mhz-ddr4\/\"]}]},{\"@type\":\"ImageObject\",\"inLanguage\":\"ru-RU\",\"@id\":\"https:\/\/osaka.ma\/ru\/product\/pc-gamer-ryzen-7-5700x-rtx-3060-12gb-16gb-ram-512gb-ssd-3200mhz-ddr4\/#primaryimage\",\"url\":\"https:\/\/osaka.ma\/wp-content\/uploads\/2025\/03\/Connect-Bolt-RGB-1.jpg\",\"contentUrl\":\"https:\/\/osaka.ma\/wp-content\/uploads\/2025\/03\/Connect-Bolt-RGB-1.jpg\",\"width\":1000,\"height\":1000},{\"@type\":\"BreadcrumbList\",\"@id\":\"https:\/\/osaka.ma\/ru\/product\/pc-gamer-ryzen-7-5700x-rtx-3060-12gb-16gb-ram-512gb-ssd-3200mhz-ddr4\/#breadcrumb\",\"itemListElement\":[{\"@type\":\"ListItem\",\"position\":1,\"name\":\"Home\",\"item\":\"https:\/\/osaka.ma\/\"},{\"@type\":\"ListItem\",\"position\":2,\"name\":\"Shop\",\"item\":\"https:\/\/osaka.ma\/shop-2\/\"},{\"@type\":\"ListItem\",\"position\":3,\"name\":\"PC Gamer Ryzen 7 5700X | RTX 3060 12GB | 16GB RAM 3200MHz DDR4 | 512GB SSD\"}]},{\"@type\":\"WebSite\",\"@id\":\"https:\/\/osaka.ma\/#website\",\"url\":\"https:\/\/osaka.ma\/\",\"name\":\"Osaka\",\"description\":\"\",\"publisher\":{\"@id\":\"https:\/\/osaka.ma\/#organization\"},\"potentialAction\":[{\"@type\":\"SearchAction\",\"target\":{\"@type\":\"EntryPoint\",\"urlTemplate\":\"https:\/\/osaka.ma\/?s={search_term_string}\"},\"query-input\":{\"@type\":\"PropertyValueSpecification\",\"valueRequired\":true,\"valueName\":\"search_term_string\"}}],\"inLanguage\":\"ru-RU\"},{\"@type\":\"Organization\",\"@id\":\"https:\/\/osaka.ma\/#organization\",\"name\":\"Osaka\",\"url\":\"https:\/\/osaka.ma\/\",\"logo\":{\"@type\":\"ImageObject\",\"inLanguage\":\"ru-RU\",\"@id\":\"https:\/\/osaka.ma\/#\/schema\/logo\/image\/\",\"url\":\"https:\/\/osaka.ma\/wp-content\/uploads\/2026\/01\/model-slogan-logo-2Plan-de-travail-1dksl-plus-finnn.png\",\"contentUrl\":\"https:\/\/osaka.ma\/wp-content\/uploads\/2026\/01\/model-slogan-logo-2Plan-de-travail-1dksl-plus-finnn.png\",\"width\":842,\"height\":226,\"caption\":\"Osaka\"},\"image\":{\"@id\":\"https:\/\/osaka.ma\/#\/schema\/logo\/image\/\"}}]}<\/script>\n<!-- \/ Yoast SEO plugin. -->","yoast_head_json":{"title":"PC Gamer Ryzen 7 5700X | RTX 3060 12GB | 16GB RAM 3200MHz DDR4 | 512GB SSD - Osaka","robots":{"index":"index","follow":"follow","max-snippet":"max-snippet:-1","max-image-preview":"max-image-preview:large","max-video-preview":"max-video-preview:-1"},"canonical":"https:\/\/osaka.ma\/ru\/product\/pc-gamer-ryzen-7-5700x-rtx-3060-12gb-16gb-ram-512gb-ssd-3200mhz-ddr4\/","og_locale":"ru_RU","og_type":"article","og_title":"PC Gamer Ryzen 7 5700X | RTX 3060 12GB | 16GB RAM 3200MHz DDR4 | 512GB SSD - Osaka","og_url":"https:\/\/osaka.ma\/ru\/product\/pc-gamer-ryzen-7-5700x-rtx-3060-12gb-16gb-ram-512gb-ssd-3200mhz-ddr4\/","og_site_name":"Osaka","article_modified_time":"2025-08-11T17:51:49+00:00","og_image":[{"width":1000,"height":1000,"url":"https:\/\/osaka.ma\/wp-content\/uploads\/2025\/03\/Connect-Bolt-RGB-1.jpg","type":"image\/jpeg"}],"twitter_card":"summary_large_image","twitter_misc":{"Est. reading time":"3 minutes"},"schema":{"@context":"https:\/\/schema.org","@graph":[{"@type":"WebPage","@id":"https:\/\/osaka.ma\/ru\/product\/pc-gamer-ryzen-7-5700x-rtx-3060-12gb-16gb-ram-512gb-ssd-3200mhz-ddr4\/","url":"https:\/\/osaka.ma\/ru\/product\/pc-gamer-ryzen-7-5700x-rtx-3060-12gb-16gb-ram-512gb-ssd-3200mhz-ddr4\/","name":"PC Gamer Ryzen 7 5700X | RTX 3060 12GB | 16GB RAM 3200MHz DDR4 | 512GB SSD - Osaka","isPartOf":{"@id":"https:\/\/osaka.ma\/#website"},"primaryImageOfPage":{"@id":"https:\/\/osaka.ma\/ru\/product\/pc-gamer-ryzen-7-5700x-rtx-3060-12gb-16gb-ram-512gb-ssd-3200mhz-ddr4\/#primaryimage"},"image":{"@id":"https:\/\/osaka.ma\/ru\/product\/pc-gamer-ryzen-7-5700x-rtx-3060-12gb-16gb-ram-512gb-ssd-3200mhz-ddr4\/#primaryimage"},"thumbnailUrl":"https:\/\/osaka.ma\/wp-content\/uploads\/2025\/03\/Connect-Bolt-RGB-1.jpg","datePublished":"2025-03-17T16:26:46+00:00","dateModified":"2025-08-11T17:51:49+00:00","breadcrumb":{"@id":"https:\/\/osaka.ma\/ru\/product\/pc-gamer-ryzen-7-5700x-rtx-3060-12gb-16gb-ram-512gb-ssd-3200mhz-ddr4\/#breadcrumb"},"inLanguage":"ru-RU","potentialAction":[{"@type":"ReadAction","target":["https:\/\/osaka.ma\/ru\/product\/pc-gamer-ryzen-7-5700x-rtx-3060-12gb-16gb-ram-512gb-ssd-3200mhz-ddr4\/"]}]},{"@type":"ImageObject","inLanguage":"ru-RU","@id":"https:\/\/osaka.ma\/ru\/product\/pc-gamer-ryzen-7-5700x-rtx-3060-12gb-16gb-ram-512gb-ssd-3200mhz-ddr4\/#primaryimage","url":"https:\/\/osaka.ma\/wp-content\/uploads\/2025\/03\/Connect-Bolt-RGB-1.jpg","contentUrl":"https:\/\/osaka.ma\/wp-content\/uploads\/2025\/03\/Connect-Bolt-RGB-1.jpg","width":1000,"height":1000},{"@type":"BreadcrumbList","@id":"https:\/\/osaka.ma\/ru\/product\/pc-gamer-ryzen-7-5700x-rtx-3060-12gb-16gb-ram-512gb-ssd-3200mhz-ddr4\/#breadcrumb","itemListElement":[{"@type":"ListItem","position":1,"name":"Home","item":"https:\/\/osaka.ma\/"},{"@type":"ListItem","position":2,"name":"Shop","item":"https:\/\/osaka.ma\/shop-2\/"},{"@type":"ListItem","position":3,"name":"PC Gamer Ryzen 7 5700X | RTX 3060 12GB | 16GB RAM 3200MHz DDR4 | 512GB SSD"}]},{"@type":"WebSite","@id":"https:\/\/osaka.ma\/#website","url":"https:\/\/osaka.ma\/","name":"Osaka","description":"","publisher":{"@id":"https:\/\/osaka.ma\/#organization"},"potentialAction":[{"@type":"SearchAction","target":{"@type":"EntryPoint","urlTemplate":"https:\/\/osaka.ma\/?s={search_term_string}"},"query-input":{"@type":"PropertyValueSpecification","valueRequired":true,"valueName":"search_term_string"}}],"inLanguage":"ru-RU"},{"@type":"Organization","@id":"https:\/\/osaka.ma\/#organization","name":"Osaka","url":"https:\/\/osaka.ma\/","logo":{"@type":"ImageObject","inLanguage":"ru-RU","@id":"https:\/\/osaka.ma\/#\/schema\/logo\/image\/","url":"https:\/\/osaka.ma\/wp-content\/uploads\/2026\/01\/model-slogan-logo-2Plan-de-travail-1dksl-plus-finnn.png","contentUrl":"https:\/\/osaka.ma\/wp-content\/uploads\/2026\/01\/model-slogan-logo-2Plan-de-travail-1dksl-plus-finnn.png","width":842,"height":226,"caption":"Osaka"},"image":{"@id":"https:\/\/osaka.ma\/#\/schema\/logo\/image\/"}}]}},"jetpack_sharing_enabled":true,"brands":[],"_links":{"self":[{"href":"https:\/\/osaka.ma\/ru\/wp-json\/wp\/v2\/product\/14636","targetHints":{"allow":["GET"]}}],"collection":[{"href":"https:\/\/osaka.ma\/ru\/wp-json\/wp\/v2\/product"}],"about":[{"href":"https:\/\/osaka.ma\/ru\/wp-json\/wp\/v2\/types\/product"}],"version-history":[{"count":0,"href":"https:\/\/osaka.ma\/ru\/wp-json\/wp\/v2\/product\/14636\/revisions"}],"wp:featuredmedia":[{"embeddable":true,"href":"https:\/\/osaka.ma\/ru\/wp-json\/wp\/v2\/media\/1014630"}],"wp:attachment":[{"href":"https:\/\/osaka.ma\/ru\/wp-json\/wp\/v2\/media?parent=14636"}],"wp:term":[{"taxonomy":"pwb-brand","embeddable":true,"href":"https:\/\/osaka.ma\/ru\/wp-json\/wp\/v2\/pwb-brand?post=14636"},{"taxonomy":"product_brand","embeddable":true,"href":"https:\/\/osaka.ma\/ru\/wp-json\/wp\/v2\/product_brand?post=14636"},{"taxonomy":"product_cat","embeddable":true,"href":"https:\/\/osaka.ma\/ru\/wp-json\/wp\/v2\/product_cat?post=14636"},{"taxonomy":"product_tag","embeddable":true,"href":"https:\/\/osaka.ma\/ru\/wp-json\/wp\/v2\/product_tag?post=14636"},{"taxonomy":"pcb_component_type","embeddable":true,"href":"https:\/\/osaka.ma\/ru\/wp-json\/wp\/v2\/pcb_component_type?post=14636"}],"curies":[{"name":"wp","href":"https:\/\/api.w.org\/{rel}","templated":true}]}}