{"id":14979,"date":"2025-03-24T13:03:56","date_gmt":"2025-03-24T13:03:56","guid":{"rendered":"https:\/\/osaka.ma\/?post_type=product&#038;p=14979"},"modified":"2025-08-14T15:14:29","modified_gmt":"2025-08-14T14:14:29","slug":"pc-gamer-ryzen-5-5500-rx-580-8gb-16gb-ddr4-512gb-ssd","status":"publish","type":"product","link":"https:\/\/osaka.ma\/ru\/product\/pc-gamer-ryzen-5-5500-rx-580-8gb-16gb-ddr4-512gb-ssd\/","title":{"rendered":"PC Gamer Ryzen 5 5500 | RX 580 8GB | 16GB DDR4 | 512GB SSD"},"content":{"rendered":"<div align=\"center\"><img decoding=\"async\" src=\"https:\/\/media.ldlc.com\/bo\/images\/fiches\/Carte_graphique\/AMD_radeon_rx\/amd_radeon_rx-480_banner.jpg\" alt=\"\" \/><\/div>\n<div class=\"details-pdt-desc\">\n<h2 class=\"h2-master\">AMD Radeon RX 580 : Performances, stabilit\u00e9 et \u00e9volutivit\u00e9 !<\/h2>\n<section>La\u00a0<strong>carte graphique AMD Radeon RX 580<\/strong>\u00a0ambitionne de vous propulser dans l&#8217;univers Gaming Hautes Performances. Gr\u00e2ce aux utilitaires Radeon, vous pilotez litt\u00e9ralement votre carte, vous ma\u00eetrisez votre mat\u00e9riel pour obtenir des r\u00e9sultats prodigieux ! Abordable et performante, la\u00a0<strong>Sapphire PULSE Radeon RX 580 8GD5\u00a0<\/strong>promet de rendre accessibles les derni\u00e8res technologies de jeux au plus grand nombre.La 5\u00e8me g\u00e9n\u00e9ration de l&#8217;<strong>architecture GCN<\/strong>\u00a0voit les choses en grand et ne propose rien de moins que :\u00a0<strong>la R\u00e9alit\u00e9 Virtuelle pour tous<\/strong>, le support de<strong>\u00a0DirectX 12<\/strong>\u00a0et\u00a0<strong><em>Vulkan<\/em><\/strong>, ainsi que les technologies d&#8217;affichage<strong>\u00a0AMD FreeSync<\/strong>\u00a0et\u00a0<strong>HDR (High Dynamic Range)<\/strong>.\u00a0Gr\u00e2ce \u00e0 cette carte graphique gaming AMD, vous pourrez jouer en ultra-r\u00e9solution avec une qualit\u00e9 d&#8217;image parfaite et fluide, et gr\u00e2ce \u00e0 la R\u00e9alit\u00e9 Virtuelle, l&#8217;immersion au coeur de l&#8217;action sera totale !<\/p>\n<\/section>\n<section>\n<div class=\"desc-image\"><img decoding=\"async\" src=\"https:\/\/media.ldlc.com\/bo\/images\/fiches\/Carte_graphique\/Sapphire\/sapphire_pulse_radeon_rx580.jpg\" alt=\"\" \/><\/div>\n<div class=\"desc-text\">\n<h2>Donnez de l&#8217;impulsion \u00e0 vos jeux<\/h2>\n<p>Les\u00a0<strong>cartes graphiques Gaming Sapphire Pulse\u00a0<\/strong>sont overclock\u00e9es d&#8217;usine et int\u00e8grent un syst\u00e8me de refroidissement exclusif et performant.\u00a0Cette carte graphique int\u00e8gre un\u00a0syst\u00e8me de refroidissement exclusif ultra-efficace et silencieux\u00a0Dual-X Cooling\u00a0\u00e0 2 ventilateurs, capable d&#8217;absorber les plus fortes sollicitations syst\u00e8mes. Mieux refroidie, cette carte donne la pleine mesure de sescapacit\u00e9s en toute circontance.<\/p>\n<\/div>\n<\/section>\n<section>\n<div class=\"desc-text\">\n<h2>Architecture Polaris<\/h2>\n<p>Les\u00a0<strong>cartes graphiques Radeon RX\u00a0500\u00a0<\/strong>ciblent les gamers qui souhaitent b\u00e9n\u00e9ficier de performances exceptionnelles au juste prix. Pour les gamers qui veulent la flexibilit\u00e9 sans compromis.<\/p>\n<p>Reprenez les commandes avec une\u00a0<strong>interface intuitive<\/strong>\u00a0et un\u00a0<strong>overclocking am\u00e9lior\u00e9<\/strong>\u00a0(selon les mod\u00e8les). D\u00e9couvrez les exceptionnelles performances des\u00a0<em>shaders asynchrones<\/em>, de\u00a0<strong>DirectX 12<\/strong>,\u00a0<em><strong>Vulkan\u00a0<\/strong><\/em>et\u00a0<em><strong>FreeSync<\/strong><\/em>, la technologie ouverte d&#8217;AMD, et profitez d&#8217;une remarquable fluidit\u00e9 et de fr\u00e9quences d&#8217;images \u00e9lev\u00e9es sans d\u00e9chirement de l&#8217;\u00e9cran ou temps de latence.<\/p>\n<\/div>\n<div class=\"desc-image\"><img decoding=\"async\" src=\"https:\/\/media.ldlc.com\/bo\/images\/fiches\/Carte_graphique\/AMD_radeon_rx\/polaris.jpg\" alt=\"\" \/><\/div>\n<\/section>\n<section>\n<div class=\"desc-image\"><img decoding=\"async\" src=\"https:\/\/media.ldlc.com\/bo\/images\/fiches\/Carte_graphique\/AMD_radeon_rx\/amd.jpg\" alt=\"\" \/><\/div>\n<div class=\"desc-text\">\n<h2>#RADEONREBELS<\/h2>\n<p>Le Gaming hautes performances et le contr\u00f4le mat\u00e9riel absolu sont disponibles dans une \u00e9l\u00e9gante interface logicielle.\u00a0Partagez vos moments les plus m\u00e9morables et saisissez la victoire avec\u00a0<em>Radeon ReLive<\/em>.\u00a0Utilisez\u00a0<em>Radeon Chill<\/em>\u00a0pour accro\u00eetre la fr\u00e9quence d&#8217;horloge tout en r\u00e9duisant la consommation \u00e9nerg\u00e9tique.<\/p>\n<ul>\n<li>1440p tout en fluidit\u00e9 pour les derniers titres AAA<\/li>\n<li>Prise en charge DirectX\u00a012 et Vulkan<\/li>\n<li>Exp\u00e9rience de la r\u00e9alit\u00e9 virtuelle premium<\/li>\n<li>FreeSync 2\u00a0et gaming\u00a0 HDR<\/li>\n<\/ul>\n<\/div>\n<\/section>\n<section>\n<div class=\"desc-text\">\n<h2>Technologie AMD LiquidVR<\/h2>\n<p>La\u00a0<strong>technologie pionni\u00e8re de r\u00e9alit\u00e9 virtuelle\u00a0<\/strong>(VR) d\u2019<strong>AMD<\/strong>\u00a0vise \u00e0 enrichir les applications VR (simulations, gaming, divertissement, enseignement, m\u00e9dias sociaux, voyages, m\u00e9decine, immobilier, e-commerce, etc.) en mati\u00e8re de contenu, de confort d\u2019utilisation et de compatibilit\u00e9 pour permettre un nouveau niveau de pr\u00e9sence.\u200b\u200b<\/p>\n<p><strong><em>LiquidVR<\/em><\/strong>\u00a0est une initiative d\u2019<strong>AMD<\/strong>\u00a0qui s\u2019attache \u00e0 rendre la r\u00e9alit\u00e9 virtuelle la plus confortable et la plus r\u00e9aliste possible en cr\u00e9ant et en maintenant ce que l\u2019on appelle une \u00ab pr\u00e9sence \u00bb, autrement dit un \u00e9tat de conscience immersive dans lequel les situations, les objets ou les personnages du monde virtuel semblent \u00ab r\u00e9els \u00bb.<\/p>\n<\/div>\n<div class=\"desc-image\"><img decoding=\"async\" src=\"https:\/\/media.ldlc.com\/bo\/images\/fiches\/Carte_graphique\/AMD_radeon_rx\/liquidvr.jpg\" alt=\"\" \/><\/div>\n<div>\n<h2 class=\"h2-master\">A processor designed for video games<\/h2>\n<section>The\u00a0<strong>AMD Ryzen 5 5500 processor\u00a0<\/strong>is designed for video games:\u00a0<strong>6 Cores<\/strong>,\u00a0<strong>12 Threads<\/strong>\u00a0and\u00a0<strong>19 MB GameCache<\/strong>. Not to mention native and boost frequencies that reach new heights, so you can enjoy your favourite games in the best possible conditions. Combine it with a high-performance graphics card and you&#8217;ll be able to play at your best. Quite simply.<\/section>\n<section>\n<div class=\"desc-image\"><img decoding=\"async\" src=\"https:\/\/media.ldlc.com\/bo\/images\/fiches\/Processeur\/AMD\/vermeer\/amd_ryzen_0001.jpg\" alt=\"\" \/><\/div>\n<div class=\"desc-text\">\n<h2>6 native cores and 12 logical cores<\/h2>\n<p>The\u00a0<strong>AMD Ryzen 5 5500 desktop processor\u00a0<\/strong>features\u00a0<strong>6 native cores<\/strong>\u00a0and\u00a0<strong>12 logical cores<\/strong>\u00a0for smooth multitasking. Thanks to its\u00a0<strong>high native frequency<\/strong>\u00a0and its\u00a0<strong><em>Turbo Core<\/em><\/strong>\u00a0mode, which adjusts power as needed, the\u00a0<strong>next-generation AMD Ryzen CPU<\/strong>\u00a0delivers exceptional performance in all areas: video games, intensive multitasking, video editing, 3D modelling and much more. The\u00a0<strong>16 MB L3 cache<\/strong>\u00a0also enables ultra-fast processing of a large number of instructions thanks to reduced latencies.<\/p>\n<\/div>\n<\/section>\n<section>\n<div class=\"desc-text\">\n<h2>Zen 3 microarchitecture<\/h2>\n<p>When you have the most advanced processor architecture for gamers and content creators, the possibilities are endless. Whether you&#8217;re playing the latest games, designing the next skyscraper or working with data, you need a powerful processor that can handle it all and more. There&#8217;s no doubt about it, AMD Ryzen 5000 series desktop processors are setting a new standard for gamers and artists alike.<\/p>\n<\/div>\n<div class=\"desc-image\"><img decoding=\"async\" src=\"https:\/\/media.ldlc.com\/bo\/images\/fiches\/Processeur\/AMD\/vermeer\/amd_zen3.jpg\" alt=\"\" \/><\/div>\n<\/section>\n<section>\n<div class=\"desc-image\"><img decoding=\"async\" src=\"https:\/\/media.ldlc.com\/bo\/images\/fiches\/Processeur\/AMD\/vermeer\/amd_ryzen_master.jpg\" alt=\"\" \/><\/div>\n<div class=\"desc-text\">\n<h2>Take control<\/h2>\n<p>Ryzen Master is the tool you need to effectively manage the performance of your processor. It&#8217;s the simple yet powerful overclocking utility for AMD Ryzen processors. Every AMD Ryzen processor is factory unclocked at the multiplier level so you can customise the performance to your liking. AMD provides the AMD Ryzen Master utility to access this powerful advantage.The new basic view gives you the ability to automatically overclock your CPU, manually control the amount of overclocking you want to apply, while giving you visibility into important system parameters such as CPU temperature, speed and voltages.<\/p>\n<p>_<\/p>\n<p><strong data-start=\"432\" data-end=\"466\">Caract\u00e9ristiques principales :<\/strong><br data-start=\"466\" data-end=\"469\" \/><strong data-start=\"471\" data-end=\"487\">Processeur :<\/strong> Ryzen 5 5500 \u2013 6 Cores \/ 12 Threads, parfait pour le gaming<br data-start=\"547\" data-end=\"550\" \/><strong data-start=\"552\" data-end=\"573\">Carte Graphique :<\/strong> AMD Radeon RX 580 8GB \u2013 Excellente performance en Full HD<br data-start=\"631\" data-end=\"634\" \/><strong data-start=\"636\" data-end=\"653\">M\u00e9moire RAM :<\/strong> 16GB DDR4 3200MHz \u2013 R\u00e9activit\u00e9 optimale pour multit\u00e2che<br data-start=\"709\" data-end=\"712\" \/><strong data-start=\"714\" data-end=\"728\">Stockage :<\/strong> 512GB SSD NVMe Gen4x4 \u2013 D\u00e9marrages ultra-rapides<br data-start=\"777\" data-end=\"780\" \/><strong data-start=\"782\" data-end=\"798\">Carte M\u00e8re :<\/strong> Gigabyte A520M-K V2.1.1 \u2013 Stabilit\u00e9 et \u00e9volutivit\u00e9<br data-start=\"849\" data-end=\"852\" \/><strong data-start=\"854\" data-end=\"872\">Alimentation :<\/strong> Tacens Anima APSI 500W \u2013 Efficacit\u00e9 et fiabilit\u00e9 \u00e9nerg\u00e9tique<br data-start=\"933\" data-end=\"936\" \/><strong data-start=\"938\" data-end=\"951\">Bo\u00eetier :<\/strong> Hybrok Astro ARGB Noir \u2013 Design gaming avec \u00e9clairage RGB<br data-start=\"1009\" data-end=\"1012\" \/><strong data-start=\"1014\" data-end=\"1035\">Refroidissement :<\/strong> AMD Stock Cooler \u2013 Temp\u00e9ratures ma\u00eetris\u00e9es<br data-start=\"1078\" data-end=\"1081\" \/><strong data-start=\"1083\" data-end=\"1100\">Accessoires :<\/strong> SATA to 6Pin \u2013 Connectivit\u00e9 suppl\u00e9mentaire<\/p>\n<\/div>\n<\/section>\n<\/div>\n<\/section>\n<\/div>\n","protected":false},"excerpt":{"rendered":"<p>\u00c9quip\u00e9 d&#8217;un <strong data-start=\"151\" data-end=\"167\">Ryzen 5 5500<\/strong>, d&#8217;une <strong data-start=\"175\" data-end=\"189\">RX 580 8GB<\/strong> et d&#8217;un <strong data-start=\"198\" data-end=\"216\">SSD NVMe 512GB<\/strong>, ce PC vous offrira une exp\u00e9rience de jeu fluide et r\u00e9active, id\u00e9al pour les jeux en haute d\u00e9finition. Son refroidissement et son alimentation fiable garantissent une performance durable.<\/p>\n<p><strong data-start=\"432\" data-end=\"466\">Caract\u00e9ristiques principales :<\/strong><br data-start=\"466\" data-end=\"469\" \/><strong data-start=\"471\" data-end=\"487\">Processeur :<\/strong> Ryzen 5 5500 \u2013 6 Cores \/ 12 Threads, parfait pour le gaming<br data-start=\"547\" data-end=\"550\" \/><strong data-start=\"552\" data-end=\"573\">Carte Graphique :<\/strong> AMD Radeon RX 580 8GB \u2013 Excellente performance en Full HD<br data-start=\"631\" data-end=\"634\" \/><strong data-start=\"636\" data-end=\"653\">M\u00e9moire RAM :<\/strong> 16GB DDR4 3200MHz \u2013 R\u00e9activit\u00e9 optimale pour multit\u00e2che<br data-start=\"709\" data-end=\"712\" \/><strong data-start=\"714\" data-end=\"728\">Stockage :<\/strong> 512GB SSD NVMe Gen4x4 \u2013 D\u00e9marrages ultra-rapides<br data-start=\"777\" data-end=\"780\" \/><strong data-start=\"782\" data-end=\"798\">Carte M\u00e8re :<\/strong> Gigabyte A520M-K V2.1.1 \u2013 Stabilit\u00e9 et \u00e9volutivit\u00e9<br data-start=\"849\" data-end=\"852\" \/><strong data-start=\"854\" data-end=\"872\">Alimentation :<\/strong> Tacens Anima APSI 500W \u2013 Efficacit\u00e9 et fiabilit\u00e9 \u00e9nerg\u00e9tique<br data-start=\"933\" data-end=\"936\" \/><strong data-start=\"938\" data-end=\"951\">Bo\u00eetier :<\/strong> Hybrok Astro ARGB Noir \u2013 Design gaming avec \u00e9clairage RGB<br data-start=\"1009\" data-end=\"1012\" \/><strong data-start=\"1014\" data-end=\"1035\">Refroidissement :<\/strong> AMD Stock Cooler \u2013 Temp\u00e9ratures ma\u00eetris\u00e9es<br data-start=\"1078\" data-end=\"1081\" \/><strong data-start=\"1083\" data-end=\"1100\">Accessoires :<\/strong> SATA to 6Pin \u2013 Connectivit\u00e9 suppl\u00e9mentaire<\/p>\n","protected":false},"featured_media":1014966,"template":"","meta":{"_acf_changed":false},"pwb-brand":[],"product_brand":[],"product_cat":[54,53],"product_tag":[],"pcb_component_type":[],"class_list":{"0":"post-14979","1":"product","2":"type-product","3":"status-publish","4":"has-post-thumbnail","6":"product_cat-amd-ryzen","7":"product_cat-pc-gamer","9":"first","10":"outofstock","11":"shipping-taxable","12":"product-type-simple"},"translation":{"provider":"WPGlobus","version":"3.0.2","language":"ru","enabled_languages":["en","es","de","fr","ru"],"languages":{"en":{"title":true,"content":true,"excerpt":true},"es":{"title":false,"content":false,"excerpt":false},"de":{"title":false,"content":false,"excerpt":false},"fr":{"title":false,"content":false,"excerpt":false},"ru":{"title":false,"content":false,"excerpt":false}}},"acf":[],"yoast_head":"<!-- This site is optimized with the Yoast SEO plugin v27.2 - https:\/\/yoast.com\/product\/yoast-seo-wordpress\/ -->\n<title>PC Gamer Ryzen 5 5500 | RX 580 8GB | 16GB DDR4 | 512GB SSD - Osaka<\/title>\n<meta name=\"robots\" content=\"index, follow, max-snippet:-1, max-image-preview:large, max-video-preview:-1\" \/>\n<link rel=\"canonical\" href=\"https:\/\/osaka.ma\/product\/pc-gamer-ryzen-5-5500-rx-580-8gb-16gb-ddr4-512gb-ssd\/\" \/>\n<meta property=\"og:locale\" content=\"ru_RU\" \/>\n<meta property=\"og:type\" content=\"article\" \/>\n<meta property=\"og:title\" content=\"PC Gamer Ryzen 5 5500 | RX 580 8GB | 16GB DDR4 | 512GB SSD - Osaka\" \/>\n<meta property=\"og:url\" content=\"https:\/\/osaka.ma\/product\/pc-gamer-ryzen-5-5500-rx-580-8gb-16gb-ddr4-512gb-ssd\/\" \/>\n<meta property=\"og:site_name\" content=\"Osaka\" \/>\n<meta property=\"article:modified_time\" content=\"2025-08-14T14:14:29+00:00\" \/>\n<meta property=\"og:image\" content=\"https:\/\/osaka.ma\/wp-content\/uploads\/2025\/03\/Hybrok-Astro-ARGB-Noir-1.webp\" \/>\n\t<meta property=\"og:image:width\" content=\"600\" \/>\n\t<meta property=\"og:image:height\" content=\"600\" \/>\n\t<meta property=\"og:image:type\" content=\"image\/webp\" \/>\n<meta name=\"twitter:card\" content=\"summary_large_image\" \/>\n<meta name=\"twitter:label1\" content=\"Est. reading time\" \/>\n\t<meta name=\"twitter:data1\" content=\"8 minutes\" \/>\n<script type=\"application\/ld+json\" class=\"yoast-schema-graph\">{\"@context\":\"https:\/\/schema.org\",\"@graph\":[{\"@type\":\"WebPage\",\"@id\":\"https:\/\/osaka.ma\/product\/pc-gamer-ryzen-5-5500-rx-580-8gb-16gb-ddr4-512gb-ssd\/\",\"url\":\"https:\/\/osaka.ma\/product\/pc-gamer-ryzen-5-5500-rx-580-8gb-16gb-ddr4-512gb-ssd\/\",\"name\":\"PC Gamer Ryzen 5 5500 | RX 580 8GB | 16GB DDR4 | 512GB SSD - Osaka\",\"isPartOf\":{\"@id\":\"https:\/\/osaka.ma\/#website\"},\"primaryImageOfPage\":{\"@id\":\"https:\/\/osaka.ma\/product\/pc-gamer-ryzen-5-5500-rx-580-8gb-16gb-ddr4-512gb-ssd\/#primaryimage\"},\"image\":{\"@id\":\"https:\/\/osaka.ma\/product\/pc-gamer-ryzen-5-5500-rx-580-8gb-16gb-ddr4-512gb-ssd\/#primaryimage\"},\"thumbnailUrl\":\"https:\/\/osaka.ma\/wp-content\/uploads\/2025\/03\/Hybrok-Astro-ARGB-Noir-1.webp\",\"datePublished\":\"2025-03-24T13:03:56+00:00\",\"dateModified\":\"2025-08-14T14:14:29+00:00\",\"breadcrumb\":{\"@id\":\"https:\/\/osaka.ma\/product\/pc-gamer-ryzen-5-5500-rx-580-8gb-16gb-ddr4-512gb-ssd\/#breadcrumb\"},\"inLanguage\":\"ru-RU\",\"potentialAction\":[{\"@type\":\"ReadAction\",\"target\":[\"https:\/\/osaka.ma\/product\/pc-gamer-ryzen-5-5500-rx-580-8gb-16gb-ddr4-512gb-ssd\/\"]}]},{\"@type\":\"ImageObject\",\"inLanguage\":\"ru-RU\",\"@id\":\"https:\/\/osaka.ma\/product\/pc-gamer-ryzen-5-5500-rx-580-8gb-16gb-ddr4-512gb-ssd\/#primaryimage\",\"url\":\"https:\/\/osaka.ma\/wp-content\/uploads\/2025\/03\/Hybrok-Astro-ARGB-Noir-1.webp\",\"contentUrl\":\"https:\/\/osaka.ma\/wp-content\/uploads\/2025\/03\/Hybrok-Astro-ARGB-Noir-1.webp\",\"width\":600,\"height\":600},{\"@type\":\"BreadcrumbList\",\"@id\":\"https:\/\/osaka.ma\/product\/pc-gamer-ryzen-5-5500-rx-580-8gb-16gb-ddr4-512gb-ssd\/#breadcrumb\",\"itemListElement\":[{\"@type\":\"ListItem\",\"position\":1,\"name\":\"Home\",\"item\":\"https:\/\/osaka.ma\/\"},{\"@type\":\"ListItem\",\"position\":2,\"name\":\"Shop\",\"item\":\"https:\/\/osaka.ma\/shop-2\/\"},{\"@type\":\"ListItem\",\"position\":3,\"name\":\"PC Gamer Ryzen 5 5500 | RX 580 8GB | 16GB DDR4 | 512GB SSD\"}]},{\"@type\":\"WebSite\",\"@id\":\"https:\/\/osaka.ma\/#website\",\"url\":\"https:\/\/osaka.ma\/\",\"name\":\"Osaka\",\"description\":\"\",\"publisher\":{\"@id\":\"https:\/\/osaka.ma\/#organization\"},\"potentialAction\":[{\"@type\":\"SearchAction\",\"target\":{\"@type\":\"EntryPoint\",\"urlTemplate\":\"https:\/\/osaka.ma\/?s={search_term_string}\"},\"query-input\":{\"@type\":\"PropertyValueSpecification\",\"valueRequired\":true,\"valueName\":\"search_term_string\"}}],\"inLanguage\":\"ru-RU\"},{\"@type\":\"Organization\",\"@id\":\"https:\/\/osaka.ma\/#organization\",\"name\":\"Osaka\",\"url\":\"https:\/\/osaka.ma\/\",\"logo\":{\"@type\":\"ImageObject\",\"inLanguage\":\"ru-RU\",\"@id\":\"https:\/\/osaka.ma\/#\/schema\/logo\/image\/\",\"url\":\"https:\/\/osaka.ma\/wp-content\/uploads\/2026\/01\/model-slogan-logo-2Plan-de-travail-1dksl-plus-finnn.png\",\"contentUrl\":\"https:\/\/osaka.ma\/wp-content\/uploads\/2026\/01\/model-slogan-logo-2Plan-de-travail-1dksl-plus-finnn.png\",\"width\":842,\"height\":226,\"caption\":\"Osaka\"},\"image\":{\"@id\":\"https:\/\/osaka.ma\/#\/schema\/logo\/image\/\"}}]}<\/script>\n<!-- \/ Yoast SEO plugin. -->","yoast_head_json":{"title":"PC Gamer Ryzen 5 5500 | RX 580 8GB | 16GB DDR4 | 512GB SSD - Osaka","robots":{"index":"index","follow":"follow","max-snippet":"max-snippet:-1","max-image-preview":"max-image-preview:large","max-video-preview":"max-video-preview:-1"},"canonical":"https:\/\/osaka.ma\/product\/pc-gamer-ryzen-5-5500-rx-580-8gb-16gb-ddr4-512gb-ssd\/","og_locale":"ru_RU","og_type":"article","og_title":"PC Gamer Ryzen 5 5500 | RX 580 8GB | 16GB DDR4 | 512GB SSD - Osaka","og_url":"https:\/\/osaka.ma\/product\/pc-gamer-ryzen-5-5500-rx-580-8gb-16gb-ddr4-512gb-ssd\/","og_site_name":"Osaka","article_modified_time":"2025-08-14T14:14:29+00:00","og_image":[{"width":600,"height":600,"url":"https:\/\/osaka.ma\/wp-content\/uploads\/2025\/03\/Hybrok-Astro-ARGB-Noir-1.webp","type":"image\/webp"}],"twitter_card":"summary_large_image","twitter_misc":{"Est. reading time":"8 minutes"},"schema":{"@context":"https:\/\/schema.org","@graph":[{"@type":"WebPage","@id":"https:\/\/osaka.ma\/product\/pc-gamer-ryzen-5-5500-rx-580-8gb-16gb-ddr4-512gb-ssd\/","url":"https:\/\/osaka.ma\/product\/pc-gamer-ryzen-5-5500-rx-580-8gb-16gb-ddr4-512gb-ssd\/","name":"PC Gamer Ryzen 5 5500 | RX 580 8GB | 16GB DDR4 | 512GB SSD - Osaka","isPartOf":{"@id":"https:\/\/osaka.ma\/#website"},"primaryImageOfPage":{"@id":"https:\/\/osaka.ma\/product\/pc-gamer-ryzen-5-5500-rx-580-8gb-16gb-ddr4-512gb-ssd\/#primaryimage"},"image":{"@id":"https:\/\/osaka.ma\/product\/pc-gamer-ryzen-5-5500-rx-580-8gb-16gb-ddr4-512gb-ssd\/#primaryimage"},"thumbnailUrl":"https:\/\/osaka.ma\/wp-content\/uploads\/2025\/03\/Hybrok-Astro-ARGB-Noir-1.webp","datePublished":"2025-03-24T13:03:56+00:00","dateModified":"2025-08-14T14:14:29+00:00","breadcrumb":{"@id":"https:\/\/osaka.ma\/product\/pc-gamer-ryzen-5-5500-rx-580-8gb-16gb-ddr4-512gb-ssd\/#breadcrumb"},"inLanguage":"ru-RU","potentialAction":[{"@type":"ReadAction","target":["https:\/\/osaka.ma\/product\/pc-gamer-ryzen-5-5500-rx-580-8gb-16gb-ddr4-512gb-ssd\/"]}]},{"@type":"ImageObject","inLanguage":"ru-RU","@id":"https:\/\/osaka.ma\/product\/pc-gamer-ryzen-5-5500-rx-580-8gb-16gb-ddr4-512gb-ssd\/#primaryimage","url":"https:\/\/osaka.ma\/wp-content\/uploads\/2025\/03\/Hybrok-Astro-ARGB-Noir-1.webp","contentUrl":"https:\/\/osaka.ma\/wp-content\/uploads\/2025\/03\/Hybrok-Astro-ARGB-Noir-1.webp","width":600,"height":600},{"@type":"BreadcrumbList","@id":"https:\/\/osaka.ma\/product\/pc-gamer-ryzen-5-5500-rx-580-8gb-16gb-ddr4-512gb-ssd\/#breadcrumb","itemListElement":[{"@type":"ListItem","position":1,"name":"Home","item":"https:\/\/osaka.ma\/"},{"@type":"ListItem","position":2,"name":"Shop","item":"https:\/\/osaka.ma\/shop-2\/"},{"@type":"ListItem","position":3,"name":"PC Gamer Ryzen 5 5500 | RX 580 8GB | 16GB DDR4 | 512GB SSD"}]},{"@type":"WebSite","@id":"https:\/\/osaka.ma\/#website","url":"https:\/\/osaka.ma\/","name":"Osaka","description":"","publisher":{"@id":"https:\/\/osaka.ma\/#organization"},"potentialAction":[{"@type":"SearchAction","target":{"@type":"EntryPoint","urlTemplate":"https:\/\/osaka.ma\/?s={search_term_string}"},"query-input":{"@type":"PropertyValueSpecification","valueRequired":true,"valueName":"search_term_string"}}],"inLanguage":"ru-RU"},{"@type":"Organization","@id":"https:\/\/osaka.ma\/#organization","name":"Osaka","url":"https:\/\/osaka.ma\/","logo":{"@type":"ImageObject","inLanguage":"ru-RU","@id":"https:\/\/osaka.ma\/#\/schema\/logo\/image\/","url":"https:\/\/osaka.ma\/wp-content\/uploads\/2026\/01\/model-slogan-logo-2Plan-de-travail-1dksl-plus-finnn.png","contentUrl":"https:\/\/osaka.ma\/wp-content\/uploads\/2026\/01\/model-slogan-logo-2Plan-de-travail-1dksl-plus-finnn.png","width":842,"height":226,"caption":"Osaka"},"image":{"@id":"https:\/\/osaka.ma\/#\/schema\/logo\/image\/"}}]}},"jetpack_sharing_enabled":true,"brands":[],"_links":{"self":[{"href":"https:\/\/osaka.ma\/ru\/wp-json\/wp\/v2\/product\/14979","targetHints":{"allow":["GET"]}}],"collection":[{"href":"https:\/\/osaka.ma\/ru\/wp-json\/wp\/v2\/product"}],"about":[{"href":"https:\/\/osaka.ma\/ru\/wp-json\/wp\/v2\/types\/product"}],"version-history":[{"count":0,"href":"https:\/\/osaka.ma\/ru\/wp-json\/wp\/v2\/product\/14979\/revisions"}],"wp:featuredmedia":[{"embeddable":true,"href":"https:\/\/osaka.ma\/ru\/wp-json\/wp\/v2\/media\/1014966"}],"wp:attachment":[{"href":"https:\/\/osaka.ma\/ru\/wp-json\/wp\/v2\/media?parent=14979"}],"wp:term":[{"taxonomy":"pwb-brand","embeddable":true,"href":"https:\/\/osaka.ma\/ru\/wp-json\/wp\/v2\/pwb-brand?post=14979"},{"taxonomy":"product_brand","embeddable":true,"href":"https:\/\/osaka.ma\/ru\/wp-json\/wp\/v2\/product_brand?post=14979"},{"taxonomy":"product_cat","embeddable":true,"href":"https:\/\/osaka.ma\/ru\/wp-json\/wp\/v2\/product_cat?post=14979"},{"taxonomy":"product_tag","embeddable":true,"href":"https:\/\/osaka.ma\/ru\/wp-json\/wp\/v2\/product_tag?post=14979"},{"taxonomy":"pcb_component_type","embeddable":true,"href":"https:\/\/osaka.ma\/ru\/wp-json\/wp\/v2\/pcb_component_type?post=14979"}],"curies":[{"name":"wp","href":"https:\/\/api.w.org\/{rel}","templated":true}]}}