{"id":16630,"date":"2025-07-01T17:23:16","date_gmt":"2025-07-01T17:23:16","guid":{"rendered":"https:\/\/osaka.ma\/?post_type=product&#038;p=16630"},"modified":"2025-08-11T16:20:22","modified_gmt":"2025-08-11T15:20:22","slug":"hp-victus-15-fa0026nf-i5-12450h-rtx-3050-4gb-16gb-ddr4-512gb-ssd-fhd-60hz-comme-neuf","status":"publish","type":"product","link":"https:\/\/osaka.ma\/ru\/product\/hp-victus-15-fa0026nf-i5-12450h-rtx-3050-4gb-16gb-ddr4-512gb-ssd-fhd-60hz-comme-neuf\/","title":{"rendered":"HP Victus 15 FA0026nf | i5-12450H | RTX 3050 4GB | 16GB DDR4 | 512GB SSD | FHD 60Hz | Comme Neuf"},"content":{"rendered":"<div class=\"logo\"><img decoding=\"async\" class=\"aligncenter\" src=\"https:\/\/media.ldlc.com\/v3\/marque\/bo\/00\/03\/15\/98\/V30003159855_2.jpg\" alt=\"HP\" \/><\/div>\n<div id=\"description\" class=\"description\">\n<div class=\"details-pdt-desc\">\n<h2 class=\"h2-master\">Performances de jeu \u00e0 prix optimis\u00e9<\/h2>\n<section>Le HP Victus 15-fa0026nf allie mobilit\u00e9 et performance \u00e0 prix accessible. Son processeur Intel de 12e g\u00e9n\u00e9ration et sa carte graphique RTX s\u00e9rie 3000 assurent des jeux fluides et r\u00e9actifs avec de beaux graphismes.<\/section>\n<section>\n<div class=\"desc-image\"><img decoding=\"async\" src=\"https:\/\/media.ldlc.com\/bo\/images\/fiches\/pc_portables\/hp\/victus_15\/801.jpg\" alt=\"\" \/><\/div>\n<div class=\"desc-text\">\n<h2>Performances pour le divertissement<\/h2>\n<p>Le HP Victus embarque un processeur Intel Core i5, une RTX 3050 et un SSD rapide pour offrir de bonnes performances en jeu et en multim\u00e9dia.<\/p>\n<\/div>\n<\/section>\n<section>\n<div class=\"desc-text\">\n<h2>Confort de jeu au quotidien<\/h2>\n<p>Son \u00e9cran Full HD de 15,6&#8243; offre une image d\u00e9taill\u00e9e, tandis que l\u2019audio sign\u00e9 Bang &amp; Olufsen garantit une exp\u00e9rience multim\u00e9dia immersive.<\/p>\n<\/div>\n<div class=\"desc-image\"><img decoding=\"async\" src=\"https:\/\/media.ldlc.com\/bo\/images\/fiches\/pc_portables\/hp\/victus_15\/802.jpg\" alt=\"\" \/><\/div>\n<\/section>\n<section class=\"list\">\n<h2>Caract\u00e9ristiques principales :<\/h2>\n<ul>\n<li><strong>Processeur\u00a0Intel Core i5-12450H<\/strong>\u00a0(4 Performance-Cores 4.4 GHz Turbo + 4 Efficient-Cores 3.3 GHz Turbo &#8211; 12 Threads &#8211; Cache 12 Mo)<\/li>\n<li>16 Go de m\u00e9moire DDR4 3200 MHz (2 x 8 Go)<\/li>\n<li><strong>\u00c9cran de 15.6&#8243; anti-reflets<\/strong>\u00a0avec r\u00e9solution Full HD\u00a0(1920 x 1080)<\/li>\n<li>Puce graphique\u00a0<strong>NVIDIA GeForce RTX 3050<\/strong><\/li>\n<li>Fonctionnement fluide et rapide avec un\u00a0<strong>SSD M.2 PCIe de 512 Go<\/strong><\/li>\n<li>Communication sans fil\u00a0<strong>Wi-Fi 6\u00a0<\/strong>+\u00a0<strong>Bluetooth 5.3<\/strong><\/li>\n<li>Clavier avec touches r\u00e9tro\u00e9clair\u00e9es<\/li>\n<li>Sortie HDMI 2.1<\/li>\n<li><strong>Windows 11 Famille<\/strong><\/li>\n<\/ul>\n<\/section>\n<\/div>\n<\/div>\n","protected":false},"excerpt":{"rendered":"<h5>Caract\u00e9ristiques principales :<\/h5>\n<ul>\n<li><strong>Processeur\u00a0Intel Core i5-12450H<\/strong>\u00a0(4 Performance-Cores 4.4 GHz Turbo + 4 Efficient-Cores 3.3 GHz Turbo &#8211; 12 Threads &#8211; Cache 12 Mo)<\/li>\n<li>16 Go de m\u00e9moire DDR4 3200 MHz<\/li>\n<li><strong>\u00c9cran de 15.6&#8243; anti-reflets<\/strong>\u00a0avec r\u00e9solution Full HD\u00a0(1920 x 1080)<\/li>\n<li>\u00a0<strong>NVIDIA GeForce RTX 3050<\/strong><\/li>\n<li><strong>SSD M.2 PCIe de 512 Go<\/strong><\/li>\n<li><strong>Windows 11 Famille<\/strong><\/li>\n<li>Occasion &#8211; <strong>Comme Neuf<\/strong><\/li>\n<\/ul>\n","protected":false},"featured_media":1016634,"template":"","meta":{"_acf_changed":false},"pwb-brand":[],"product_brand":[],"product_cat":[122,121],"product_tag":[],"pcb_component_type":[],"class_list":{"0":"post-16630","1":"product","2":"type-product","3":"status-publish","4":"has-post-thumbnail","6":"product_cat-gaming","7":"product_cat-pc-portable","9":"first","10":"outofstock","11":"shipping-taxable","12":"product-type-simple"},"translation":{"provider":"WPGlobus","version":"3.0.2","language":"ru","enabled_languages":["en","es","de","fr","ru"],"languages":{"en":{"title":true,"content":true,"excerpt":true},"es":{"title":false,"content":false,"excerpt":false},"de":{"title":false,"content":false,"excerpt":false},"fr":{"title":false,"content":false,"excerpt":false},"ru":{"title":false,"content":false,"excerpt":false}}},"acf":[],"yoast_head":"<!-- This site is optimized with the Yoast SEO plugin v27.2 - https:\/\/yoast.com\/product\/yoast-seo-wordpress\/ -->\n<title>HP Victus 15: Performance \u00e0 Prix Accessible et Graphismes<\/title>\n<meta name=\"robots\" content=\"index, follow, max-snippet:-1, max-image-preview:large, max-video-preview:-1\" \/>\n<link rel=\"canonical\" href=\"https:\/\/osaka.ma\/ru\/product\/hp-victus-15-fa0026nf-i5-12450h-rtx-3050-4gb-16gb-ddr4-512gb-ssd-fhd-60hz-comme-neuf\/\" \/>\n<meta property=\"og:locale\" content=\"ru_RU\" \/>\n<meta property=\"og:type\" content=\"article\" \/>\n<meta property=\"og:title\" content=\"HP Victus 15 FA0026nf | i5-12450H | RTX 3050 4GB | 16GB DDR4 | 512GB SSD | FHD 60Hz | Comme Neuf - Osaka\" \/>\n<meta property=\"og:url\" content=\"https:\/\/osaka.ma\/ru\/product\/hp-victus-15-fa0026nf-i5-12450h-rtx-3050-4gb-16gb-ddr4-512gb-ssd-fhd-60hz-comme-neuf\/\" \/>\n<meta property=\"og:site_name\" content=\"Osaka\" \/>\n<meta property=\"article:modified_time\" content=\"2025-08-11T15:20:22+00:00\" \/>\n<meta property=\"og:image\" content=\"https:\/\/osaka.ma\/wp-content\/uploads\/2025\/07\/hp-victus-15-1.jpg\" \/>\n\t<meta property=\"og:image:width\" content=\"705\" \/>\n\t<meta property=\"og:image:height\" content=\"705\" \/>\n\t<meta property=\"og:image:type\" content=\"image\/jpeg\" \/>\n<meta name=\"twitter:card\" content=\"summary_large_image\" \/>\n<meta name=\"twitter:label1\" content=\"Est. reading time\" \/>\n\t<meta name=\"twitter:data1\" content=\"3 minutes\" \/>\n<script type=\"application\/ld+json\" class=\"yoast-schema-graph\">{\"@context\":\"https:\/\/schema.org\",\"@graph\":[{\"@type\":\"WebPage\",\"@id\":\"https:\/\/osaka.ma\/ru\/product\/hp-victus-15-fa0026nf-i5-12450h-rtx-3050-4gb-16gb-ddr4-512gb-ssd-fhd-60hz-comme-neuf\/\",\"url\":\"https:\/\/osaka.ma\/ru\/product\/hp-victus-15-fa0026nf-i5-12450h-rtx-3050-4gb-16gb-ddr4-512gb-ssd-fhd-60hz-comme-neuf\/\",\"name\":\"HP Victus 15: Performance \u00e0 Prix Accessible et Graphismes\",\"isPartOf\":{\"@id\":\"https:\/\/osaka.ma\/#website\"},\"primaryImageOfPage\":{\"@id\":\"https:\/\/osaka.ma\/ru\/product\/hp-victus-15-fa0026nf-i5-12450h-rtx-3050-4gb-16gb-ddr4-512gb-ssd-fhd-60hz-comme-neuf\/#primaryimage\"},\"image\":{\"@id\":\"https:\/\/osaka.ma\/ru\/product\/hp-victus-15-fa0026nf-i5-12450h-rtx-3050-4gb-16gb-ddr4-512gb-ssd-fhd-60hz-comme-neuf\/#primaryimage\"},\"thumbnailUrl\":\"https:\/\/osaka.ma\/wp-content\/uploads\/2025\/07\/hp-victus-15-1.jpg\",\"datePublished\":\"2025-07-01T17:23:16+00:00\",\"dateModified\":\"2025-08-11T15:20:22+00:00\",\"description\":\"D\u00e9couvrez le HP Victus 15, alliant performance et mobilit\u00e9 \u00e0 un prix comp\u00e9titif. Avec un processeur Intel Core i5, pr\u00e9parez-vous \u00e0 des jeux fluides!\",\"breadcrumb\":{\"@id\":\"https:\/\/osaka.ma\/ru\/product\/hp-victus-15-fa0026nf-i5-12450h-rtx-3050-4gb-16gb-ddr4-512gb-ssd-fhd-60hz-comme-neuf\/#breadcrumb\"},\"inLanguage\":\"ru-RU\",\"potentialAction\":[{\"@type\":\"ReadAction\",\"target\":[\"https:\/\/osaka.ma\/ru\/product\/hp-victus-15-fa0026nf-i5-12450h-rtx-3050-4gb-16gb-ddr4-512gb-ssd-fhd-60hz-comme-neuf\/\"]}]},{\"@type\":\"ImageObject\",\"inLanguage\":\"ru-RU\",\"@id\":\"https:\/\/osaka.ma\/ru\/product\/hp-victus-15-fa0026nf-i5-12450h-rtx-3050-4gb-16gb-ddr4-512gb-ssd-fhd-60hz-comme-neuf\/#primaryimage\",\"url\":\"https:\/\/osaka.ma\/wp-content\/uploads\/2025\/07\/hp-victus-15-1.jpg\",\"contentUrl\":\"https:\/\/osaka.ma\/wp-content\/uploads\/2025\/07\/hp-victus-15-1.jpg\",\"width\":705,\"height\":705,\"caption\":\"HP Victus 15 | i5-12450H | RTX 3050 4GB | 16GB DDR4 | 512GB SSD | FHD 144Hz | NEW\"},{\"@type\":\"BreadcrumbList\",\"@id\":\"https:\/\/osaka.ma\/ru\/product\/hp-victus-15-fa0026nf-i5-12450h-rtx-3050-4gb-16gb-ddr4-512gb-ssd-fhd-60hz-comme-neuf\/#breadcrumb\",\"itemListElement\":[{\"@type\":\"ListItem\",\"position\":1,\"name\":\"Home\",\"item\":\"https:\/\/osaka.ma\/\"},{\"@type\":\"ListItem\",\"position\":2,\"name\":\"Shop\",\"item\":\"https:\/\/osaka.ma\/shop-2\/\"},{\"@type\":\"ListItem\",\"position\":3,\"name\":\"HP Victus 15 FA0026nf | i5-12450H | RTX 3050 4GB | 16GB DDR4 | 512GB SSD | FHD 60Hz | Comme Neuf\"}]},{\"@type\":\"WebSite\",\"@id\":\"https:\/\/osaka.ma\/#website\",\"url\":\"https:\/\/osaka.ma\/\",\"name\":\"Osaka\",\"description\":\"\",\"publisher\":{\"@id\":\"https:\/\/osaka.ma\/#organization\"},\"potentialAction\":[{\"@type\":\"SearchAction\",\"target\":{\"@type\":\"EntryPoint\",\"urlTemplate\":\"https:\/\/osaka.ma\/?s={search_term_string}\"},\"query-input\":{\"@type\":\"PropertyValueSpecification\",\"valueRequired\":true,\"valueName\":\"search_term_string\"}}],\"inLanguage\":\"ru-RU\"},{\"@type\":\"Organization\",\"@id\":\"https:\/\/osaka.ma\/#organization\",\"name\":\"Osaka\",\"url\":\"https:\/\/osaka.ma\/\",\"logo\":{\"@type\":\"ImageObject\",\"inLanguage\":\"ru-RU\",\"@id\":\"https:\/\/osaka.ma\/#\/schema\/logo\/image\/\",\"url\":\"https:\/\/osaka.ma\/wp-content\/uploads\/2026\/01\/model-slogan-logo-2Plan-de-travail-1dksl-plus-finnn.png\",\"contentUrl\":\"https:\/\/osaka.ma\/wp-content\/uploads\/2026\/01\/model-slogan-logo-2Plan-de-travail-1dksl-plus-finnn.png\",\"width\":842,\"height\":226,\"caption\":\"Osaka\"},\"image\":{\"@id\":\"https:\/\/osaka.ma\/#\/schema\/logo\/image\/\"}}]}<\/script>\n<!-- \/ Yoast SEO plugin. -->","yoast_head_json":{"title":"HP Victus 15: Performance \u00e0 Prix Accessible et Graphismes","robots":{"index":"index","follow":"follow","max-snippet":"max-snippet:-1","max-image-preview":"max-image-preview:large","max-video-preview":"max-video-preview:-1"},"canonical":"https:\/\/osaka.ma\/ru\/product\/hp-victus-15-fa0026nf-i5-12450h-rtx-3050-4gb-16gb-ddr4-512gb-ssd-fhd-60hz-comme-neuf\/","og_locale":"ru_RU","og_type":"article","og_title":"HP Victus 15 FA0026nf | i5-12450H | RTX 3050 4GB | 16GB DDR4 | 512GB SSD | FHD 60Hz | Comme Neuf - Osaka","og_url":"https:\/\/osaka.ma\/ru\/product\/hp-victus-15-fa0026nf-i5-12450h-rtx-3050-4gb-16gb-ddr4-512gb-ssd-fhd-60hz-comme-neuf\/","og_site_name":"Osaka","article_modified_time":"2025-08-11T15:20:22+00:00","og_image":[{"width":705,"height":705,"url":"https:\/\/osaka.ma\/wp-content\/uploads\/2025\/07\/hp-victus-15-1.jpg","type":"image\/jpeg"}],"twitter_card":"summary_large_image","twitter_misc":{"Est. reading time":"3 minutes"},"schema":{"@context":"https:\/\/schema.org","@graph":[{"@type":"WebPage","@id":"https:\/\/osaka.ma\/ru\/product\/hp-victus-15-fa0026nf-i5-12450h-rtx-3050-4gb-16gb-ddr4-512gb-ssd-fhd-60hz-comme-neuf\/","url":"https:\/\/osaka.ma\/ru\/product\/hp-victus-15-fa0026nf-i5-12450h-rtx-3050-4gb-16gb-ddr4-512gb-ssd-fhd-60hz-comme-neuf\/","name":"HP Victus 15: Performance \u00e0 Prix Accessible et Graphismes","isPartOf":{"@id":"https:\/\/osaka.ma\/#website"},"primaryImageOfPage":{"@id":"https:\/\/osaka.ma\/ru\/product\/hp-victus-15-fa0026nf-i5-12450h-rtx-3050-4gb-16gb-ddr4-512gb-ssd-fhd-60hz-comme-neuf\/#primaryimage"},"image":{"@id":"https:\/\/osaka.ma\/ru\/product\/hp-victus-15-fa0026nf-i5-12450h-rtx-3050-4gb-16gb-ddr4-512gb-ssd-fhd-60hz-comme-neuf\/#primaryimage"},"thumbnailUrl":"https:\/\/osaka.ma\/wp-content\/uploads\/2025\/07\/hp-victus-15-1.jpg","datePublished":"2025-07-01T17:23:16+00:00","dateModified":"2025-08-11T15:20:22+00:00","description":"D\u00e9couvrez le HP Victus 15, alliant performance et mobilit\u00e9 \u00e0 un prix comp\u00e9titif. Avec un processeur Intel Core i5, pr\u00e9parez-vous \u00e0 des jeux fluides!","breadcrumb":{"@id":"https:\/\/osaka.ma\/ru\/product\/hp-victus-15-fa0026nf-i5-12450h-rtx-3050-4gb-16gb-ddr4-512gb-ssd-fhd-60hz-comme-neuf\/#breadcrumb"},"inLanguage":"ru-RU","potentialAction":[{"@type":"ReadAction","target":["https:\/\/osaka.ma\/ru\/product\/hp-victus-15-fa0026nf-i5-12450h-rtx-3050-4gb-16gb-ddr4-512gb-ssd-fhd-60hz-comme-neuf\/"]}]},{"@type":"ImageObject","inLanguage":"ru-RU","@id":"https:\/\/osaka.ma\/ru\/product\/hp-victus-15-fa0026nf-i5-12450h-rtx-3050-4gb-16gb-ddr4-512gb-ssd-fhd-60hz-comme-neuf\/#primaryimage","url":"https:\/\/osaka.ma\/wp-content\/uploads\/2025\/07\/hp-victus-15-1.jpg","contentUrl":"https:\/\/osaka.ma\/wp-content\/uploads\/2025\/07\/hp-victus-15-1.jpg","width":705,"height":705,"caption":"HP Victus 15 | i5-12450H | RTX 3050 4GB | 16GB DDR4 | 512GB SSD | FHD 144Hz | NEW"},{"@type":"BreadcrumbList","@id":"https:\/\/osaka.ma\/ru\/product\/hp-victus-15-fa0026nf-i5-12450h-rtx-3050-4gb-16gb-ddr4-512gb-ssd-fhd-60hz-comme-neuf\/#breadcrumb","itemListElement":[{"@type":"ListItem","position":1,"name":"Home","item":"https:\/\/osaka.ma\/"},{"@type":"ListItem","position":2,"name":"Shop","item":"https:\/\/osaka.ma\/shop-2\/"},{"@type":"ListItem","position":3,"name":"HP Victus 15 FA0026nf | i5-12450H | RTX 3050 4GB | 16GB DDR4 | 512GB SSD | FHD 60Hz | Comme Neuf"}]},{"@type":"WebSite","@id":"https:\/\/osaka.ma\/#website","url":"https:\/\/osaka.ma\/","name":"Osaka","description":"","publisher":{"@id":"https:\/\/osaka.ma\/#organization"},"potentialAction":[{"@type":"SearchAction","target":{"@type":"EntryPoint","urlTemplate":"https:\/\/osaka.ma\/?s={search_term_string}"},"query-input":{"@type":"PropertyValueSpecification","valueRequired":true,"valueName":"search_term_string"}}],"inLanguage":"ru-RU"},{"@type":"Organization","@id":"https:\/\/osaka.ma\/#organization","name":"Osaka","url":"https:\/\/osaka.ma\/","logo":{"@type":"ImageObject","inLanguage":"ru-RU","@id":"https:\/\/osaka.ma\/#\/schema\/logo\/image\/","url":"https:\/\/osaka.ma\/wp-content\/uploads\/2026\/01\/model-slogan-logo-2Plan-de-travail-1dksl-plus-finnn.png","contentUrl":"https:\/\/osaka.ma\/wp-content\/uploads\/2026\/01\/model-slogan-logo-2Plan-de-travail-1dksl-plus-finnn.png","width":842,"height":226,"caption":"Osaka"},"image":{"@id":"https:\/\/osaka.ma\/#\/schema\/logo\/image\/"}}]}},"jetpack_sharing_enabled":true,"brands":[],"_links":{"self":[{"href":"https:\/\/osaka.ma\/ru\/wp-json\/wp\/v2\/product\/16630","targetHints":{"allow":["GET"]}}],"collection":[{"href":"https:\/\/osaka.ma\/ru\/wp-json\/wp\/v2\/product"}],"about":[{"href":"https:\/\/osaka.ma\/ru\/wp-json\/wp\/v2\/types\/product"}],"version-history":[{"count":0,"href":"https:\/\/osaka.ma\/ru\/wp-json\/wp\/v2\/product\/16630\/revisions"}],"wp:featuredmedia":[{"embeddable":true,"href":"https:\/\/osaka.ma\/ru\/wp-json\/wp\/v2\/media\/1016634"}],"wp:attachment":[{"href":"https:\/\/osaka.ma\/ru\/wp-json\/wp\/v2\/media?parent=16630"}],"wp:term":[{"taxonomy":"pwb-brand","embeddable":true,"href":"https:\/\/osaka.ma\/ru\/wp-json\/wp\/v2\/pwb-brand?post=16630"},{"taxonomy":"product_brand","embeddable":true,"href":"https:\/\/osaka.ma\/ru\/wp-json\/wp\/v2\/product_brand?post=16630"},{"taxonomy":"product_cat","embeddable":true,"href":"https:\/\/osaka.ma\/ru\/wp-json\/wp\/v2\/product_cat?post=16630"},{"taxonomy":"product_tag","embeddable":true,"href":"https:\/\/osaka.ma\/ru\/wp-json\/wp\/v2\/product_tag?post=16630"},{"taxonomy":"pcb_component_type","embeddable":true,"href":"https:\/\/osaka.ma\/ru\/wp-json\/wp\/v2\/pcb_component_type?post=16630"}],"curies":[{"name":"wp","href":"https:\/\/api.w.org\/{rel}","templated":true}]}}