{"id":16688,"date":"2025-07-03T09:24:35","date_gmt":"2025-07-03T09:24:35","guid":{"rendered":"https:\/\/osaka.ma\/?post_type=product&#038;p=16688"},"modified":"2026-03-16T16:27:30","modified_gmt":"2026-03-16T15:27:30","slug":"lenovo-legion-pro-7i-ultra-9-275hx-rtx-5090-24gb-64gb-ddr5-2tb-ssd-16-qhd-oled-240hz-rgb-windows-11-pro-new","status":"publish","type":"product","link":"https:\/\/osaka.ma\/ru\/product\/lenovo-legion-pro-7i-ultra-9-275hx-rtx-5090-24gb-64gb-ddr5-2tb-ssd-16-qhd-oled-240hz-rgb-windows-11-pro-new\/","title":{"rendered":"Lenovo Legion Pro 7i | Ultra 9 275HX | RTX 5090 24GB | 64GB DDR5 | 2TB SSD | 16&#8243; QHD+ OLED 240Hz | RGB | Windows 11 Pro |  Neuf sans emballage"},"content":{"rendered":"<div class=\"logo\"><img decoding=\"async\" class=\"alignnone\" src=\"https:\/\/media.ldlc.com\/v3\/marque\/bo\/00\/03\/12\/03\/V30003120395_2.jpg\" alt=\"Lenovo\" width=\"190\" height=\"84\" \/><\/div>\n<div id=\"description\" class=\"description\">\n<div class=\"details-pdt-desc\">\n<h2 class=\"h2-master\">Lenovo Legion Pro 7: Performance et affichage premium<\/h2>\n<section>Plongez dans l\u2019univers du gaming haut de gamme avec le <strong data-start=\"95\" data-end=\"127\">Lenovo Legion Pro 7<\/strong>\u00a0! Dot\u00e9 d\u2019un grand \u00e9cran OLED de 16 pouces au format QHD+ et d\u2019un taux de rafra\u00eechissement ultra-fluide de 240 Hz, ce PC portable gamer offre une exp\u00e9rience visuelle d\u2019exception. Gr\u00e2ce \u00e0 son puissant processeur <strong data-start=\"338\" data-end=\"366\">Intel Core Ultra 9 275HX<\/strong>, ses <strong data-start=\"372\" data-end=\"406\">64 Go de m\u00e9moire DDR5 6400 MHz<\/strong>, un <strong data-start=\"411\" data-end=\"444\">SSD NVMe ultra-rapide de 2 To<\/strong> et une carte graphique <strong data-start=\"468\" data-end=\"513\">NVIDIA GeForce RTX 5090 avec 24 Go d\u00e9di\u00e9s<\/strong>, il combine puissance et rapidit\u00e9 pour jouer et cr\u00e9er sans compromis.<\/section>\n<section>\n<div class=\"desc-image\"><img fetchpriority=\"high\" decoding=\"async\" class=\"alignnone\" src=\"https:\/\/media.ldlc.com\/bo\/images\/fiches\/pc_portables\/lenovo\/Legion_Pro_7_gen10\/801.jpg\" alt=\"Lenovo Legion Pro 7i | Ultra 9 275HX | RTX 5090 24GB | 64GB DDR5 | 2TB SSD | 16&quot; QHD+ OLED 240Hz | RGB | Windows 11 Pro | NEW\" width=\"800\" height=\"500\" \/><\/div>\n<div class=\"desc-text\">\n<h2>Un \u00e9cran OLED QHD+ \u00e0 couper le souffle<\/h2>\n<p>Avec sa dalle OLED de 16 pouces au format 16\/10, le Legion Pro 7 propose une r\u00e9solution QHD+ (2560 x 1600) et un affichage ultra-fluide gr\u00e2ce \u00e0 une fr\u00e9quence de 240 Hz. Profitez de couleurs \u00e9clatantes, d\u2019un contraste saisissant et d\u2019une immersion totale pour vos sessions gaming comme pour vos contenus multim\u00e9dias.<\/p>\n<\/div>\n<\/section>\n<section>\n<div class=\"desc-text\">\n<h2 class=\"h2-master\">Lenovo Legion Pro 7: Des performances de nouvelle g\u00e9n\u00e9ration<\/h2>\n<p>\u00c9quip\u00e9 de l\u2019<strong data-start=\"1017\" data-end=\"1045\">Intel Core Ultra 9 275HX<\/strong>, le Legion Pro 7 assure une r\u00e9activit\u00e9 exceptionnelle et un multit\u00e2che fluide, m\u00eame dans les applications et jeux les plus exigeants. Sa carte graphique <strong data-start=\"1199\" data-end=\"1223\">NVIDIA RTX 5090 24GB<\/strong> offre des graphismes ultra-d\u00e9taill\u00e9s, un ray tracing r\u00e9aliste et des performances dop\u00e9es par l\u2019IA pour repousser toutes les limites.<\/p>\n<\/div>\n<div class=\"desc-image\"><img decoding=\"async\" class=\"alignnone\" src=\"https:\/\/media.ldlc.com\/bo\/images\/fiches\/pc_portables\/lenovo\/Legion_Pro_7_gen10\/802.jpg\" alt=\"Lenovo Legion Pro 7i | Ultra 9 275HX | RTX 5090 24GB | 64GB DDR5 | 2TB SSD | 16&quot; QHD+ OLED 240Hz | RGB | Windows 11 Pro | NEW\" width=\"800\" height=\"500\" \/><\/div>\n<\/section>\n<section>\n<div class=\"desc-image\"><img loading=\"lazy\" decoding=\"async\" class=\"alignnone\" src=\"https:\/\/media.ldlc.com\/bo\/images\/fiches\/pc_portables\/lenovo\/Legion_Pro_7_gen10\/803.jpg\" alt=\"Lenovo Legion Pro 7i | Ultra 9 275HX | RTX 5090 24GB | 64GB DDR5 | 2TB SSD | 16&quot; QHD+ OLED 240Hz | RGB | Windows 11 Pro | NEW\" width=\"800\" height=\"500\" \/><\/div>\n<div class=\"desc-text\">\n<h2>Design et confort premium<\/h2>\n<p>Le <strong data-start=\"1399\" data-end=\"1434\">clavier AZERTY r\u00e9tro\u00e9clair\u00e9 RGB<\/strong> offre un confort optimal et un style affirm\u00e9, tandis que la batterie neuve garantit une autonomie fiable pour vos d\u00e9placements. La connectivit\u00e9 est compl\u00e8te, avec <strong data-start=\"1598\" data-end=\"1609\">Wi-Fi 7<\/strong>, <strong data-start=\"1611\" data-end=\"1628\">Bluetooth 5.4<\/strong> et des ports rapides pour relier tous vos p\u00e9riph\u00e9riques.<\/p>\n<\/div>\n<\/section>\n<section class=\"list\">\n<h2>Caract\u00e9ristiques principales du Lenovo Legion Pro 7:<\/h2>\n<ul>\n<li data-start=\"1730\" data-end=\"1771\">\n<p data-start=\"1732\" data-end=\"1771\">Processeur : Intel Core Ultra 9 275HX<\/p>\n<\/li>\n<li data-start=\"1772\" data-end=\"1801\">\n<p data-start=\"1774\" data-end=\"1801\">RAM : 64 Go DDR5 6400 MHz<\/p>\n<\/li>\n<li data-start=\"1802\" data-end=\"1833\">\n<p data-start=\"1804\" data-end=\"1833\">Stockage : SSD NVMe de 2 To<\/p>\n<\/li>\n<li data-start=\"1834\" data-end=\"1873\">\n<p data-start=\"1836\" data-end=\"1873\">GPU : NVIDIA GeForce RTX 5090 24 Go<\/p>\n<\/li>\n<li data-start=\"1874\" data-end=\"1906\">\n<p data-start=\"1876\" data-end=\"1906\">\u00c9cran : 16&#8243; OLED QHD+ 240 Hz<\/p>\n<\/li>\n<li data-start=\"1907\" data-end=\"1944\">\n<p data-start=\"1909\" data-end=\"1944\">Clavier : QWERTY r\u00e9tro\u00e9clair\u00e9 RGB<\/p>\n<\/li>\n<li data-start=\"1966\" data-end=\"1994\">\n<p data-start=\"1968\" data-end=\"1994\">Syst\u00e8me : Windows 11 Pro<\/p>\n<\/li>\n<li data-start=\"1966\" data-end=\"1994\">Etat : Neuf sans emballage<\/li>\n<\/ul>\n<\/section>\n<\/div>\n<\/div>\n","protected":false},"excerpt":{"rendered":"<p><img decoding=\"async\" class=\"alignnone\" src=\"https:\/\/media.ldlc.com\/v3\/marque\/bo\/00\/03\/12\/03\/V30003120395_2.jpg\" alt=\"Lenovo\" width=\"190\" height=\"84\" \/><br \/>\nD\u00e9couvrez le PC portable Gamer <strong data-start=\"31\" data-end=\"63\">LENOVO Legion Pro 7<\/strong>, livr\u00e9 avec <strong data-start=\"76\" data-end=\"94\">Windows 11 Pro<\/strong>. \u00c9quip\u00e9 d\u2019un superbe \u00e9cran <strong data-start=\"122\" data-end=\"146\">16&#8243; OLED QHD+ 240 Hz<\/strong>, d\u2019un puissant processeur <strong data-start=\"173\" data-end=\"201\">Intel Core Ultra 9 275HX<\/strong>, d\u2019une carte graphique ultra-performante <strong data-start=\"243\" data-end=\"275\">NVIDIA GeForce RTX 5090 24GB<\/strong>, de <strong data-start=\"280\" data-end=\"310\">64 Go de RAM DDR5 6400 MHz<\/strong> et d\u2019un <strong data-start=\"319\" data-end=\"339\">SSD NVMe de 2 To<\/strong> pour des performances hors norme et une exp\u00e9rience de jeu ultime.<\/p>\n<h2>Caract\u00e9ristiques principales du Lenovo Legion Pro 7:<\/h2>\n<ul>\n<li data-start=\"1730\" data-end=\"1771\">\n<p data-start=\"1732\" data-end=\"1771\">Processeur : Intel Core Ultra 9 275HX<\/p>\n<\/li>\n<li data-start=\"1772\" data-end=\"1801\">\n<p data-start=\"1774\" data-end=\"1801\">RAM : 64 Go DDR5 6400 MHz<\/p>\n<\/li>\n<li data-start=\"1802\" data-end=\"1833\">\n<p data-start=\"1804\" data-end=\"1833\">Stockage : SSD NVMe de 2 To<\/p>\n<\/li>\n<li data-start=\"1834\" data-end=\"1873\">\n<p data-start=\"1836\" data-end=\"1873\">GPU : NVIDIA GeForce RTX 5090 24 Go<\/p>\n<\/li>\n<li data-start=\"1874\" data-end=\"1906\">\n<p data-start=\"1876\" data-end=\"1906\">\u00c9cran : 16&#8243; OLED QHD+ 240 Hz<\/p>\n<\/li>\n<li data-start=\"1907\" data-end=\"1944\">\n<p data-start=\"1909\" data-end=\"1944\">Clavier : AZERTY r\u00e9tro\u00e9clair\u00e9 RGB<\/p>\n<\/li>\n<li data-start=\"1945\" data-end=\"1965\">\n<p data-start=\"1947\" data-end=\"1965\">Batterie : neuve<\/p>\n<\/li>\n<li data-start=\"1966\" data-end=\"1994\">\n<p data-start=\"1968\" data-end=\"1994\">Syst\u00e8me : Windows 11 Pro<\/p>\n<\/li>\n<li data-start=\"1966\" data-end=\"1994\">Etat : Neuf sans emballage<\/li>\n<\/ul>\n","protected":false},"featured_media":1021882,"template":"","meta":{"_acf_changed":false},"pwb-brand":[],"product_brand":[],"product_cat":[122,121],"product_tag":[],"pcb_component_type":[],"class_list":{"0":"post-16688","1":"product","2":"type-product","3":"status-publish","4":"has-post-thumbnail","6":"product_cat-gaming","7":"product_cat-pc-portable","9":"first","10":"instock","11":"sale","12":"shipping-taxable","13":"purchasable","14":"product-type-simple"},"translation":{"provider":"WPGlobus","version":"3.0.2","language":"ru","enabled_languages":["en","es","de","fr","ru"],"languages":{"en":{"title":true,"content":true,"excerpt":true},"es":{"title":false,"content":false,"excerpt":false},"de":{"title":false,"content":false,"excerpt":false},"fr":{"title":false,"content":false,"excerpt":false},"ru":{"title":false,"content":false,"excerpt":false}}},"acf":[],"yoast_head":"<!-- This site is optimized with the Yoast SEO plugin v27.2 - https:\/\/yoast.com\/product\/yoast-seo-wordpress\/ -->\n<title>Lenovo Legion Pro 7: Ultimate Gaming Experience Unleashed - Osaka<\/title>\n<meta name=\"robots\" content=\"index, follow, max-snippet:-1, max-image-preview:large, max-video-preview:-1\" \/>\n<link rel=\"canonical\" href=\"https:\/\/osaka.ma\/product\/lenovo-legion-pro-7i-ultra-9-275hx-rtx-5090-24gb-64gb-ddr5-2tb-ssd-16-qhd-oled-240hz-rgb-windows-11-pro-new\/\" \/>\n<meta property=\"og:locale\" content=\"ru_RU\" \/>\n<meta property=\"og:type\" content=\"article\" \/>\n<meta property=\"og:title\" content=\"Lenovo Legion Pro 7i | Ultra 9 275HX | RTX 5090 24GB | 64GB DDR5 | 2TB SSD | 16&quot; QHD+ OLED 240Hz | RGB | Windows 11 Pro | Neuf sans emballage - Osaka\" \/>\n<meta property=\"og:url\" content=\"https:\/\/osaka.ma\/product\/lenovo-legion-pro-7i-ultra-9-275hx-rtx-5090-24gb-64gb-ddr5-2tb-ssd-16-qhd-oled-240hz-rgb-windows-11-pro-new\/\" \/>\n<meta property=\"og:site_name\" content=\"Osaka\" \/>\n<meta property=\"article:modified_time\" content=\"2026-03-16T15:27:30+00:00\" \/>\n<meta property=\"og:image\" content=\"https:\/\/osaka.ma\/wp-content\/uploads\/2025\/07\/Lenovo-Legion.png\" \/>\n\t<meta property=\"og:image:width\" content=\"800\" \/>\n\t<meta property=\"og:image:height\" content=\"800\" \/>\n\t<meta property=\"og:image:type\" content=\"image\/png\" \/>\n<meta name=\"twitter:card\" content=\"summary_large_image\" \/>\n<meta name=\"twitter:label1\" content=\"Est. reading time\" \/>\n\t<meta name=\"twitter:data1\" content=\"5 minutes\" \/>\n<script type=\"application\/ld+json\" class=\"yoast-schema-graph\">{\"@context\":\"https:\/\/schema.org\",\"@graph\":[{\"@type\":\"WebPage\",\"@id\":\"https:\/\/osaka.ma\/product\/lenovo-legion-pro-7i-ultra-9-275hx-rtx-5090-24gb-64gb-ddr5-2tb-ssd-16-qhd-oled-240hz-rgb-windows-11-pro-new\/\",\"url\":\"https:\/\/osaka.ma\/product\/lenovo-legion-pro-7i-ultra-9-275hx-rtx-5090-24gb-64gb-ddr5-2tb-ssd-16-qhd-oled-240hz-rgb-windows-11-pro-new\/\",\"name\":\"Lenovo Legion Pro 7: Ultimate Gaming Experience Unleashed - Osaka\",\"isPartOf\":{\"@id\":\"https:\/\/osaka.ma\/#website\"},\"primaryImageOfPage\":{\"@id\":\"https:\/\/osaka.ma\/product\/lenovo-legion-pro-7i-ultra-9-275hx-rtx-5090-24gb-64gb-ddr5-2tb-ssd-16-qhd-oled-240hz-rgb-windows-11-pro-new\/#primaryimage\"},\"image\":{\"@id\":\"https:\/\/osaka.ma\/product\/lenovo-legion-pro-7i-ultra-9-275hx-rtx-5090-24gb-64gb-ddr5-2tb-ssd-16-qhd-oled-240hz-rgb-windows-11-pro-new\/#primaryimage\"},\"thumbnailUrl\":\"https:\/\/osaka.ma\/wp-content\/uploads\/2025\/07\/Lenovo-Legion.png\",\"datePublished\":\"2025-07-03T09:24:35+00:00\",\"dateModified\":\"2026-03-16T15:27:30+00:00\",\"breadcrumb\":{\"@id\":\"https:\/\/osaka.ma\/product\/lenovo-legion-pro-7i-ultra-9-275hx-rtx-5090-24gb-64gb-ddr5-2tb-ssd-16-qhd-oled-240hz-rgb-windows-11-pro-new\/#breadcrumb\"},\"inLanguage\":\"ru-RU\",\"potentialAction\":[{\"@type\":\"ReadAction\",\"target\":[\"https:\/\/osaka.ma\/product\/lenovo-legion-pro-7i-ultra-9-275hx-rtx-5090-24gb-64gb-ddr5-2tb-ssd-16-qhd-oled-240hz-rgb-windows-11-pro-new\/\"]}]},{\"@type\":\"ImageObject\",\"inLanguage\":\"ru-RU\",\"@id\":\"https:\/\/osaka.ma\/product\/lenovo-legion-pro-7i-ultra-9-275hx-rtx-5090-24gb-64gb-ddr5-2tb-ssd-16-qhd-oled-240hz-rgb-windows-11-pro-new\/#primaryimage\",\"url\":\"https:\/\/osaka.ma\/wp-content\/uploads\/2025\/07\/Lenovo-Legion.png\",\"contentUrl\":\"https:\/\/osaka.ma\/wp-content\/uploads\/2025\/07\/Lenovo-Legion.png\",\"width\":800,\"height\":800,\"caption\":\"Lenovo Legion Pro 7\"},{\"@type\":\"BreadcrumbList\",\"@id\":\"https:\/\/osaka.ma\/product\/lenovo-legion-pro-7i-ultra-9-275hx-rtx-5090-24gb-64gb-ddr5-2tb-ssd-16-qhd-oled-240hz-rgb-windows-11-pro-new\/#breadcrumb\",\"itemListElement\":[{\"@type\":\"ListItem\",\"position\":1,\"name\":\"Home\",\"item\":\"https:\/\/osaka.ma\/\"},{\"@type\":\"ListItem\",\"position\":2,\"name\":\"Shop\",\"item\":\"https:\/\/osaka.ma\/shop-2\/\"},{\"@type\":\"ListItem\",\"position\":3,\"name\":\"Lenovo Legion Pro 7i | Ultra 9 275HX | RTX 5090 24GB | 64GB DDR5 | 2TB SSD | 16&#8243; QHD+ OLED 240Hz | RGB | Windows 11 Pro | Neuf sans emballage\"}]},{\"@type\":\"WebSite\",\"@id\":\"https:\/\/osaka.ma\/#website\",\"url\":\"https:\/\/osaka.ma\/\",\"name\":\"Osaka\",\"description\":\"\",\"publisher\":{\"@id\":\"https:\/\/osaka.ma\/#organization\"},\"potentialAction\":[{\"@type\":\"SearchAction\",\"target\":{\"@type\":\"EntryPoint\",\"urlTemplate\":\"https:\/\/osaka.ma\/?s={search_term_string}\"},\"query-input\":{\"@type\":\"PropertyValueSpecification\",\"valueRequired\":true,\"valueName\":\"search_term_string\"}}],\"inLanguage\":\"ru-RU\"},{\"@type\":\"Organization\",\"@id\":\"https:\/\/osaka.ma\/#organization\",\"name\":\"Osaka\",\"url\":\"https:\/\/osaka.ma\/\",\"logo\":{\"@type\":\"ImageObject\",\"inLanguage\":\"ru-RU\",\"@id\":\"https:\/\/osaka.ma\/#\/schema\/logo\/image\/\",\"url\":\"https:\/\/osaka.ma\/wp-content\/uploads\/2026\/01\/model-slogan-logo-2Plan-de-travail-1dksl-plus-finnn.png\",\"contentUrl\":\"https:\/\/osaka.ma\/wp-content\/uploads\/2026\/01\/model-slogan-logo-2Plan-de-travail-1dksl-plus-finnn.png\",\"width\":842,\"height\":226,\"caption\":\"Osaka\"},\"image\":{\"@id\":\"https:\/\/osaka.ma\/#\/schema\/logo\/image\/\"}}]}<\/script>\n<!-- \/ Yoast SEO plugin. -->","yoast_head_json":{"title":"Lenovo Legion Pro 7: Ultimate Gaming Experience Unleashed - Osaka","robots":{"index":"index","follow":"follow","max-snippet":"max-snippet:-1","max-image-preview":"max-image-preview:large","max-video-preview":"max-video-preview:-1"},"canonical":"https:\/\/osaka.ma\/product\/lenovo-legion-pro-7i-ultra-9-275hx-rtx-5090-24gb-64gb-ddr5-2tb-ssd-16-qhd-oled-240hz-rgb-windows-11-pro-new\/","og_locale":"ru_RU","og_type":"article","og_title":"Lenovo Legion Pro 7i | Ultra 9 275HX | RTX 5090 24GB | 64GB DDR5 | 2TB SSD | 16\" QHD+ OLED 240Hz | RGB | Windows 11 Pro | Neuf sans emballage - Osaka","og_url":"https:\/\/osaka.ma\/product\/lenovo-legion-pro-7i-ultra-9-275hx-rtx-5090-24gb-64gb-ddr5-2tb-ssd-16-qhd-oled-240hz-rgb-windows-11-pro-new\/","og_site_name":"Osaka","article_modified_time":"2026-03-16T15:27:30+00:00","og_image":[{"width":800,"height":800,"url":"https:\/\/osaka.ma\/wp-content\/uploads\/2025\/07\/Lenovo-Legion.png","type":"image\/png"}],"twitter_card":"summary_large_image","twitter_misc":{"Est. reading time":"5 minutes"},"schema":{"@context":"https:\/\/schema.org","@graph":[{"@type":"WebPage","@id":"https:\/\/osaka.ma\/product\/lenovo-legion-pro-7i-ultra-9-275hx-rtx-5090-24gb-64gb-ddr5-2tb-ssd-16-qhd-oled-240hz-rgb-windows-11-pro-new\/","url":"https:\/\/osaka.ma\/product\/lenovo-legion-pro-7i-ultra-9-275hx-rtx-5090-24gb-64gb-ddr5-2tb-ssd-16-qhd-oled-240hz-rgb-windows-11-pro-new\/","name":"Lenovo Legion Pro 7: Ultimate Gaming Experience Unleashed - Osaka","isPartOf":{"@id":"https:\/\/osaka.ma\/#website"},"primaryImageOfPage":{"@id":"https:\/\/osaka.ma\/product\/lenovo-legion-pro-7i-ultra-9-275hx-rtx-5090-24gb-64gb-ddr5-2tb-ssd-16-qhd-oled-240hz-rgb-windows-11-pro-new\/#primaryimage"},"image":{"@id":"https:\/\/osaka.ma\/product\/lenovo-legion-pro-7i-ultra-9-275hx-rtx-5090-24gb-64gb-ddr5-2tb-ssd-16-qhd-oled-240hz-rgb-windows-11-pro-new\/#primaryimage"},"thumbnailUrl":"https:\/\/osaka.ma\/wp-content\/uploads\/2025\/07\/Lenovo-Legion.png","datePublished":"2025-07-03T09:24:35+00:00","dateModified":"2026-03-16T15:27:30+00:00","breadcrumb":{"@id":"https:\/\/osaka.ma\/product\/lenovo-legion-pro-7i-ultra-9-275hx-rtx-5090-24gb-64gb-ddr5-2tb-ssd-16-qhd-oled-240hz-rgb-windows-11-pro-new\/#breadcrumb"},"inLanguage":"ru-RU","potentialAction":[{"@type":"ReadAction","target":["https:\/\/osaka.ma\/product\/lenovo-legion-pro-7i-ultra-9-275hx-rtx-5090-24gb-64gb-ddr5-2tb-ssd-16-qhd-oled-240hz-rgb-windows-11-pro-new\/"]}]},{"@type":"ImageObject","inLanguage":"ru-RU","@id":"https:\/\/osaka.ma\/product\/lenovo-legion-pro-7i-ultra-9-275hx-rtx-5090-24gb-64gb-ddr5-2tb-ssd-16-qhd-oled-240hz-rgb-windows-11-pro-new\/#primaryimage","url":"https:\/\/osaka.ma\/wp-content\/uploads\/2025\/07\/Lenovo-Legion.png","contentUrl":"https:\/\/osaka.ma\/wp-content\/uploads\/2025\/07\/Lenovo-Legion.png","width":800,"height":800,"caption":"Lenovo Legion Pro 7"},{"@type":"BreadcrumbList","@id":"https:\/\/osaka.ma\/product\/lenovo-legion-pro-7i-ultra-9-275hx-rtx-5090-24gb-64gb-ddr5-2tb-ssd-16-qhd-oled-240hz-rgb-windows-11-pro-new\/#breadcrumb","itemListElement":[{"@type":"ListItem","position":1,"name":"Home","item":"https:\/\/osaka.ma\/"},{"@type":"ListItem","position":2,"name":"Shop","item":"https:\/\/osaka.ma\/shop-2\/"},{"@type":"ListItem","position":3,"name":"Lenovo Legion Pro 7i | Ultra 9 275HX | RTX 5090 24GB | 64GB DDR5 | 2TB SSD | 16&#8243; QHD+ OLED 240Hz | RGB | Windows 11 Pro | Neuf sans emballage"}]},{"@type":"WebSite","@id":"https:\/\/osaka.ma\/#website","url":"https:\/\/osaka.ma\/","name":"Osaka","description":"","publisher":{"@id":"https:\/\/osaka.ma\/#organization"},"potentialAction":[{"@type":"SearchAction","target":{"@type":"EntryPoint","urlTemplate":"https:\/\/osaka.ma\/?s={search_term_string}"},"query-input":{"@type":"PropertyValueSpecification","valueRequired":true,"valueName":"search_term_string"}}],"inLanguage":"ru-RU"},{"@type":"Organization","@id":"https:\/\/osaka.ma\/#organization","name":"Osaka","url":"https:\/\/osaka.ma\/","logo":{"@type":"ImageObject","inLanguage":"ru-RU","@id":"https:\/\/osaka.ma\/#\/schema\/logo\/image\/","url":"https:\/\/osaka.ma\/wp-content\/uploads\/2026\/01\/model-slogan-logo-2Plan-de-travail-1dksl-plus-finnn.png","contentUrl":"https:\/\/osaka.ma\/wp-content\/uploads\/2026\/01\/model-slogan-logo-2Plan-de-travail-1dksl-plus-finnn.png","width":842,"height":226,"caption":"Osaka"},"image":{"@id":"https:\/\/osaka.ma\/#\/schema\/logo\/image\/"}}]}},"jetpack_sharing_enabled":true,"brands":[],"_links":{"self":[{"href":"https:\/\/osaka.ma\/ru\/wp-json\/wp\/v2\/product\/16688","targetHints":{"allow":["GET"]}}],"collection":[{"href":"https:\/\/osaka.ma\/ru\/wp-json\/wp\/v2\/product"}],"about":[{"href":"https:\/\/osaka.ma\/ru\/wp-json\/wp\/v2\/types\/product"}],"version-history":[{"count":0,"href":"https:\/\/osaka.ma\/ru\/wp-json\/wp\/v2\/product\/16688\/revisions"}],"wp:featuredmedia":[{"embeddable":true,"href":"https:\/\/osaka.ma\/ru\/wp-json\/wp\/v2\/media\/1021882"}],"wp:attachment":[{"href":"https:\/\/osaka.ma\/ru\/wp-json\/wp\/v2\/media?parent=16688"}],"wp:term":[{"taxonomy":"pwb-brand","embeddable":true,"href":"https:\/\/osaka.ma\/ru\/wp-json\/wp\/v2\/pwb-brand?post=16688"},{"taxonomy":"product_brand","embeddable":true,"href":"https:\/\/osaka.ma\/ru\/wp-json\/wp\/v2\/product_brand?post=16688"},{"taxonomy":"product_cat","embeddable":true,"href":"https:\/\/osaka.ma\/ru\/wp-json\/wp\/v2\/product_cat?post=16688"},{"taxonomy":"product_tag","embeddable":true,"href":"https:\/\/osaka.ma\/ru\/wp-json\/wp\/v2\/product_tag?post=16688"},{"taxonomy":"pcb_component_type","embeddable":true,"href":"https:\/\/osaka.ma\/ru\/wp-json\/wp\/v2\/pcb_component_type?post=16688"}],"curies":[{"name":"wp","href":"https:\/\/api.w.org\/{rel}","templated":true}]}}