{"id":17036,"date":"2025-07-24T12:37:29","date_gmt":"2025-07-24T11:37:29","guid":{"rendered":"https:\/\/osaka.ma\/?post_type=product&#038;p=17036"},"modified":"2025-08-31T22:55:01","modified_gmt":"2025-08-31T21:55:01","slug":"asus-rog-astral-geforce-rtx-5090-32gb-oc-gddr7","status":"publish","type":"product","link":"https:\/\/osaka.ma\/ru\/product\/asus-rog-astral-geforce-rtx-5090-32gb-oc-gddr7\/","title":{"rendered":"ASUS ROG ASTRAL GEFORCE RTX 5090 32GB OC GDDR7"},"content":{"rendered":"<h3 data-start=\"160\" data-end=\"262\"><strong data-start=\"164\" data-end=\"262\">ASUS ROG Astral GeForce RTX 5090 OC 32GB GDDR7 \u2013 Puissance 4K ultime et IA nouvelle g\u00e9n\u00e9ration<\/strong><\/h3>\n<p data-start=\"86\" data-end=\"352\">Plongez dans l\u2019\u00e9lite du gaming avec l\u2019ASUS ROG Astral RTX 5090 OC. Avec 32 Go de GDDR7 et l\u2019architecture NVIDIA Blackwell, profitez de jeux en 4K 480 Hz ou 8K 120 Hz. DLSS 4 et le ray tracing avanc\u00e9 offrent une immersion visuelle spectaculaire, boost\u00e9e par l\u2019IA.<\/p>\n<p data-start=\"736\" data-end=\"1153\">Pens\u00e9e pour les joueurs exigeants et les cr\u00e9ateurs professionnels, cette carte vous accompagne dans tous vos projets. Profitez des outils <strong data-start=\"874\" data-end=\"891\">NVIDIA Studio<\/strong> pour booster votre cr\u00e9ativit\u00e9 dans le <strong data-start=\"930\" data-end=\"942\">rendu 3D<\/strong>, le <strong data-start=\"947\" data-end=\"964\">montage vid\u00e9o<\/strong> ou le <strong data-start=\"971\" data-end=\"991\">design graphique<\/strong>. Son <strong data-start=\"997\" data-end=\"1033\">refroidissement \u00e0 4 ventilateurs<\/strong> et sa <strong data-start=\"1040\" data-end=\"1070\">chambre \u00e0 vapeur exclusive<\/strong> assurent une gestion thermique optimale, m\u00eame lors des sessions les plus intenses.<\/p>\n<hr data-start=\"1155\" data-end=\"1158\" \/>\n<h3 data-start=\"1160\" data-end=\"1205\">\u2699\ufe0f <strong data-start=\"1167\" data-end=\"1203\">Caract\u00e9ristiques techniques cl\u00e9s<\/strong> :<\/h3>\n<ul data-start=\"1207\" data-end=\"1708\">\n<li data-start=\"1207\" data-end=\"1269\">\n<p data-start=\"1209\" data-end=\"1269\"><strong data-start=\"1209\" data-end=\"1216\">GPU<\/strong> : NVIDIA GeForce RTX 5090 \u2013 Architecture Blackwell<\/p>\n<\/li>\n<li data-start=\"1270\" data-end=\"1320\">\n<p data-start=\"1272\" data-end=\"1320\"><strong data-start=\"1272\" data-end=\"1283\">M\u00e9moire<\/strong> : 32 Go GDDR7 \u2013 Interface 512 bits<\/p>\n<\/li>\n<li data-start=\"1321\" data-end=\"1389\">\n<p data-start=\"1323\" data-end=\"1389\"><strong data-start=\"1323\" data-end=\"1342\">Refroidissement<\/strong> : 4 ventilateurs + chambre \u00e0 vapeur brevet\u00e9e<\/p>\n<\/li>\n<li data-start=\"1390\" data-end=\"1462\">\n<p data-start=\"1392\" data-end=\"1462\"><strong data-start=\"1392\" data-end=\"1415\">Technologies NVIDIA<\/strong> : DLSS 4, Ray Tracing, Reflex 2 + Frame Warp<\/p>\n<\/li>\n<li data-start=\"1463\" data-end=\"1534\">\n<p data-start=\"1465\" data-end=\"1534\"><strong data-start=\"1465\" data-end=\"1477\">Cr\u00e9ation<\/strong> : Compatible NVIDIA Studio + encodeur de 9e g\u00e9n\u00e9ration<\/p>\n<\/li>\n<li data-start=\"1535\" data-end=\"1638\">\n<p data-start=\"1537\" data-end=\"1638\"><strong data-start=\"1537\" data-end=\"1565\">Fonctionnalit\u00e9s avanc\u00e9es<\/strong> : Dual BIOS (performance \/ silence), 2 connecteurs PWM synchronisables<\/p>\n<\/li>\n<li data-start=\"1639\" data-end=\"1708\">\n<p data-start=\"1641\" data-end=\"1708\"><strong data-start=\"1641\" data-end=\"1663\">Conception robuste<\/strong> : Ch\u00e2ssis renforc\u00e9 + support de carte inclus<\/p>\n<\/li>\n<\/ul>\n<hr data-start=\"1710\" data-end=\"1713\" \/>\n<h3 data-start=\"1715\" data-end=\"1774\">\ud83c\udfae <strong data-start=\"1722\" data-end=\"1774\">Ce que vous gagnez avec la RTX 5090 ROG Astral :<\/strong><\/h3>\n<ul data-start=\"1776\" data-end=\"2178\">\n<li data-start=\"1776\" data-end=\"1838\">\n<p data-start=\"1778\" data-end=\"1838\"><strong data-start=\"1778\" data-end=\"1819\">Gaming 4K ultra-fluide jusqu\u2019\u00e0 480 Hz<\/strong> ou <strong data-start=\"1823\" data-end=\"1836\">8K 120 Hz<\/strong><\/p>\n<\/li>\n<li data-start=\"1839\" data-end=\"1920\">\n<p data-start=\"1841\" data-end=\"1920\"><strong data-start=\"1841\" data-end=\"1870\">Graphismes boost\u00e9s par IA<\/strong> avec DLSS 4 : multi-images + ray reconstruction<\/p>\n<\/li>\n<li data-start=\"1921\" data-end=\"1982\">\n<p data-start=\"1923\" data-end=\"1982\"><strong data-start=\"1923\" data-end=\"1949\">R\u00e9activit\u00e9 instantan\u00e9e<\/strong> gr\u00e2ce \u00e0 Reflex 2 et Frame Warp<\/p>\n<\/li>\n<li data-start=\"1983\" data-end=\"2039\">\n<p data-start=\"1985\" data-end=\"2039\"><strong data-start=\"1985\" data-end=\"2007\">Cr\u00e9ation acc\u00e9l\u00e9r\u00e9e<\/strong> avec les outils NVIDIA Studio<\/p>\n<\/li>\n<li data-start=\"2040\" data-end=\"2095\">\n<p data-start=\"2042\" data-end=\"2095\"><strong data-start=\"2042\" data-end=\"2072\">Streaming de haute qualit\u00e9<\/strong> via NVIDIA Broadcast<\/p>\n<\/li>\n<li data-start=\"2096\" data-end=\"2178\">\n<p data-start=\"2098\" data-end=\"2178\"><strong data-start=\"2098\" data-end=\"2122\">Mises \u00e0 jour fluides<\/strong> avec les pilotes Game Ready et Studio via la NVIDIA App<\/p>\n<\/li>\n<\/ul>\n<hr data-start=\"2180\" data-end=\"2183\" \/>\n<h3 data-start=\"2185\" data-end=\"2236\">\ud83d\ude80 <strong data-start=\"2192\" data-end=\"2236\">DLSS 4 \u2013 L\u2019IA au service du rendu visuel<\/strong><\/h3>\n<p data-start=\"2238\" data-end=\"2588\">Le <strong data-start=\"2241\" data-end=\"2251\">DLSS 4<\/strong> exploite la puissance de l\u2019IA et des <strong data-start=\"2289\" data-end=\"2322\">c\u0153urs Tensor de 5e g\u00e9n\u00e9ration<\/strong> pour am\u00e9liorer chaque image en temps r\u00e9el. R\u00e9sultat : plus de FPS, moins de latence et une qualit\u00e9 visuelle spectaculaire. Associ\u00e9e \u00e0 l\u2019architecture Blackwell, cette technologie transforme votre PC en une <strong data-start=\"2528\" data-end=\"2587\">v\u00e9ritable centrale IA d\u00e9di\u00e9e au gaming et \u00e0 la cr\u00e9ation<\/strong>.<\/p>\n","protected":false},"excerpt":{"rendered":"<p><strong data-start=\"155\" data-end=\"237\">ASUS ROG ASTRAL GeForce RTX 5090 32GB OC GDDR7 \u2013 Ultimate 4K &amp; AI Gaming Power<\/strong><br data-start=\"237\" data-end=\"240\" \/>Vivez des performances extr\u00eames avec l\u2019ASUS ROG ASTRAL RTX 5090. \u00c9quip\u00e9e de 32 Go de m\u00e9moire GDDR7 ultra-rapide, d\u2019un syst\u00e8me de refroidissement avanc\u00e9 et d\u2019un overclocking d\u2019usine, elle offre un gaming 4K in\u00e9gal\u00e9, une acc\u00e9l\u00e9ration par l\u2019IA et un ray tracing de nouvelle g\u00e9n\u00e9ration. Parfaite pour les gamers exigeants et les cr\u00e9ateurs.<\/p>\n<p>&nbsp;<\/p>\n","protected":false},"featured_media":1017038,"template":"","meta":{"_acf_changed":false},"pwb-brand":[],"product_brand":[],"product_cat":[24,17,26],"product_tag":[],"pcb_component_type":[],"class_list":{"0":"post-17036","1":"product","2":"type-product","3":"status-publish","4":"has-post-thumbnail","6":"product_cat-cartes-graphiques","7":"product_cat-composants-gaming","8":"product_cat-nvidia","10":"first","11":"outofstock","12":"shipping-taxable","13":"product-type-simple"},"translation":{"provider":"WPGlobus","version":"3.0.2","language":"ru","enabled_languages":["en","es","de","fr","ru"],"languages":{"en":{"title":true,"content":true,"excerpt":true},"es":{"title":false,"content":false,"excerpt":false},"de":{"title":false,"content":false,"excerpt":false},"fr":{"title":false,"content":false,"excerpt":false},"ru":{"title":false,"content":false,"excerpt":false}}},"acf":[],"yoast_head":"<!-- This site is optimized with the Yoast SEO plugin v27.2 - https:\/\/yoast.com\/product\/yoast-seo-wordpress\/ -->\n<title>ASUS ROG ASTRAL GEFORCE RTX 5090 32GB OC GDDR7 - Osaka<\/title>\n<meta name=\"robots\" content=\"index, follow, max-snippet:-1, max-image-preview:large, max-video-preview:-1\" \/>\n<link rel=\"canonical\" href=\"https:\/\/osaka.ma\/product\/asus-rog-astral-geforce-rtx-5090-32gb-oc-gddr7\/\" \/>\n<meta property=\"og:locale\" content=\"ru_RU\" \/>\n<meta property=\"og:type\" content=\"article\" \/>\n<meta property=\"og:title\" content=\"ASUS ROG ASTRAL GEFORCE RTX 5090 32GB OC GDDR7 - Osaka\" \/>\n<meta property=\"og:url\" content=\"https:\/\/osaka.ma\/product\/asus-rog-astral-geforce-rtx-5090-32gb-oc-gddr7\/\" \/>\n<meta property=\"og:site_name\" content=\"Osaka\" \/>\n<meta property=\"article:modified_time\" content=\"2025-08-31T21:55:01+00:00\" \/>\n<meta property=\"og:image\" content=\"https:\/\/osaka.ma\/wp-content\/uploads\/2025\/07\/OSAKA-GAMING-ASUS-ROG-ASTRAL-RTX-5090.jpg\" \/>\n\t<meta property=\"og:image:width\" content=\"1600\" \/>\n\t<meta property=\"og:image:height\" content=\"1600\" \/>\n\t<meta property=\"og:image:type\" content=\"image\/jpeg\" \/>\n<meta name=\"twitter:card\" content=\"summary_large_image\" \/>\n<meta name=\"twitter:label1\" content=\"Est. reading time\" \/>\n\t<meta name=\"twitter:data1\" content=\"3 minutes\" \/>\n<script type=\"application\/ld+json\" class=\"yoast-schema-graph\">{\"@context\":\"https:\/\/schema.org\",\"@graph\":[{\"@type\":\"WebPage\",\"@id\":\"https:\/\/osaka.ma\/product\/asus-rog-astral-geforce-rtx-5090-32gb-oc-gddr7\/\",\"url\":\"https:\/\/osaka.ma\/product\/asus-rog-astral-geforce-rtx-5090-32gb-oc-gddr7\/\",\"name\":\"ASUS ROG ASTRAL GEFORCE RTX 5090 32GB OC GDDR7 - Osaka\",\"isPartOf\":{\"@id\":\"https:\/\/osaka.ma\/#website\"},\"primaryImageOfPage\":{\"@id\":\"https:\/\/osaka.ma\/product\/asus-rog-astral-geforce-rtx-5090-32gb-oc-gddr7\/#primaryimage\"},\"image\":{\"@id\":\"https:\/\/osaka.ma\/product\/asus-rog-astral-geforce-rtx-5090-32gb-oc-gddr7\/#primaryimage\"},\"thumbnailUrl\":\"https:\/\/osaka.ma\/wp-content\/uploads\/2025\/07\/OSAKA-GAMING-ASUS-ROG-ASTRAL-RTX-5090.jpg\",\"datePublished\":\"2025-07-24T11:37:29+00:00\",\"dateModified\":\"2025-08-31T21:55:01+00:00\",\"breadcrumb\":{\"@id\":\"https:\/\/osaka.ma\/product\/asus-rog-astral-geforce-rtx-5090-32gb-oc-gddr7\/#breadcrumb\"},\"inLanguage\":\"ru-RU\",\"potentialAction\":[{\"@type\":\"ReadAction\",\"target\":[\"https:\/\/osaka.ma\/product\/asus-rog-astral-geforce-rtx-5090-32gb-oc-gddr7\/\"]}]},{\"@type\":\"ImageObject\",\"inLanguage\":\"ru-RU\",\"@id\":\"https:\/\/osaka.ma\/product\/asus-rog-astral-geforce-rtx-5090-32gb-oc-gddr7\/#primaryimage\",\"url\":\"https:\/\/osaka.ma\/wp-content\/uploads\/2025\/07\/OSAKA-GAMING-ASUS-ROG-ASTRAL-RTX-5090.jpg\",\"contentUrl\":\"https:\/\/osaka.ma\/wp-content\/uploads\/2025\/07\/OSAKA-GAMING-ASUS-ROG-ASTRAL-RTX-5090.jpg\",\"width\":1600,\"height\":1600,\"caption\":\"OSAKA GAMING ASUS ROG ASTRAL RTX 5090\"},{\"@type\":\"BreadcrumbList\",\"@id\":\"https:\/\/osaka.ma\/product\/asus-rog-astral-geforce-rtx-5090-32gb-oc-gddr7\/#breadcrumb\",\"itemListElement\":[{\"@type\":\"ListItem\",\"position\":1,\"name\":\"Home\",\"item\":\"https:\/\/osaka.ma\/\"},{\"@type\":\"ListItem\",\"position\":2,\"name\":\"Shop\",\"item\":\"https:\/\/osaka.ma\/shop-2\/\"},{\"@type\":\"ListItem\",\"position\":3,\"name\":\"ASUS ROG ASTRAL GEFORCE RTX 5090 32GB OC GDDR7\"}]},{\"@type\":\"WebSite\",\"@id\":\"https:\/\/osaka.ma\/#website\",\"url\":\"https:\/\/osaka.ma\/\",\"name\":\"Osaka\",\"description\":\"\",\"publisher\":{\"@id\":\"https:\/\/osaka.ma\/#organization\"},\"potentialAction\":[{\"@type\":\"SearchAction\",\"target\":{\"@type\":\"EntryPoint\",\"urlTemplate\":\"https:\/\/osaka.ma\/?s={search_term_string}\"},\"query-input\":{\"@type\":\"PropertyValueSpecification\",\"valueRequired\":true,\"valueName\":\"search_term_string\"}}],\"inLanguage\":\"ru-RU\"},{\"@type\":\"Organization\",\"@id\":\"https:\/\/osaka.ma\/#organization\",\"name\":\"Osaka\",\"url\":\"https:\/\/osaka.ma\/\",\"logo\":{\"@type\":\"ImageObject\",\"inLanguage\":\"ru-RU\",\"@id\":\"https:\/\/osaka.ma\/#\/schema\/logo\/image\/\",\"url\":\"https:\/\/osaka.ma\/wp-content\/uploads\/2026\/01\/model-slogan-logo-2Plan-de-travail-1dksl-plus-finnn.png\",\"contentUrl\":\"https:\/\/osaka.ma\/wp-content\/uploads\/2026\/01\/model-slogan-logo-2Plan-de-travail-1dksl-plus-finnn.png\",\"width\":842,\"height\":226,\"caption\":\"Osaka\"},\"image\":{\"@id\":\"https:\/\/osaka.ma\/#\/schema\/logo\/image\/\"}}]}<\/script>\n<!-- \/ Yoast SEO plugin. -->","yoast_head_json":{"title":"ASUS ROG ASTRAL GEFORCE RTX 5090 32GB OC GDDR7 - Osaka","robots":{"index":"index","follow":"follow","max-snippet":"max-snippet:-1","max-image-preview":"max-image-preview:large","max-video-preview":"max-video-preview:-1"},"canonical":"https:\/\/osaka.ma\/product\/asus-rog-astral-geforce-rtx-5090-32gb-oc-gddr7\/","og_locale":"ru_RU","og_type":"article","og_title":"ASUS ROG ASTRAL GEFORCE RTX 5090 32GB OC GDDR7 - Osaka","og_url":"https:\/\/osaka.ma\/product\/asus-rog-astral-geforce-rtx-5090-32gb-oc-gddr7\/","og_site_name":"Osaka","article_modified_time":"2025-08-31T21:55:01+00:00","og_image":[{"width":1600,"height":1600,"url":"https:\/\/osaka.ma\/wp-content\/uploads\/2025\/07\/OSAKA-GAMING-ASUS-ROG-ASTRAL-RTX-5090.jpg","type":"image\/jpeg"}],"twitter_card":"summary_large_image","twitter_misc":{"Est. reading time":"3 minutes"},"schema":{"@context":"https:\/\/schema.org","@graph":[{"@type":"WebPage","@id":"https:\/\/osaka.ma\/product\/asus-rog-astral-geforce-rtx-5090-32gb-oc-gddr7\/","url":"https:\/\/osaka.ma\/product\/asus-rog-astral-geforce-rtx-5090-32gb-oc-gddr7\/","name":"ASUS ROG ASTRAL GEFORCE RTX 5090 32GB OC GDDR7 - Osaka","isPartOf":{"@id":"https:\/\/osaka.ma\/#website"},"primaryImageOfPage":{"@id":"https:\/\/osaka.ma\/product\/asus-rog-astral-geforce-rtx-5090-32gb-oc-gddr7\/#primaryimage"},"image":{"@id":"https:\/\/osaka.ma\/product\/asus-rog-astral-geforce-rtx-5090-32gb-oc-gddr7\/#primaryimage"},"thumbnailUrl":"https:\/\/osaka.ma\/wp-content\/uploads\/2025\/07\/OSAKA-GAMING-ASUS-ROG-ASTRAL-RTX-5090.jpg","datePublished":"2025-07-24T11:37:29+00:00","dateModified":"2025-08-31T21:55:01+00:00","breadcrumb":{"@id":"https:\/\/osaka.ma\/product\/asus-rog-astral-geforce-rtx-5090-32gb-oc-gddr7\/#breadcrumb"},"inLanguage":"ru-RU","potentialAction":[{"@type":"ReadAction","target":["https:\/\/osaka.ma\/product\/asus-rog-astral-geforce-rtx-5090-32gb-oc-gddr7\/"]}]},{"@type":"ImageObject","inLanguage":"ru-RU","@id":"https:\/\/osaka.ma\/product\/asus-rog-astral-geforce-rtx-5090-32gb-oc-gddr7\/#primaryimage","url":"https:\/\/osaka.ma\/wp-content\/uploads\/2025\/07\/OSAKA-GAMING-ASUS-ROG-ASTRAL-RTX-5090.jpg","contentUrl":"https:\/\/osaka.ma\/wp-content\/uploads\/2025\/07\/OSAKA-GAMING-ASUS-ROG-ASTRAL-RTX-5090.jpg","width":1600,"height":1600,"caption":"OSAKA GAMING ASUS ROG ASTRAL RTX 5090"},{"@type":"BreadcrumbList","@id":"https:\/\/osaka.ma\/product\/asus-rog-astral-geforce-rtx-5090-32gb-oc-gddr7\/#breadcrumb","itemListElement":[{"@type":"ListItem","position":1,"name":"Home","item":"https:\/\/osaka.ma\/"},{"@type":"ListItem","position":2,"name":"Shop","item":"https:\/\/osaka.ma\/shop-2\/"},{"@type":"ListItem","position":3,"name":"ASUS ROG ASTRAL GEFORCE RTX 5090 32GB OC GDDR7"}]},{"@type":"WebSite","@id":"https:\/\/osaka.ma\/#website","url":"https:\/\/osaka.ma\/","name":"Osaka","description":"","publisher":{"@id":"https:\/\/osaka.ma\/#organization"},"potentialAction":[{"@type":"SearchAction","target":{"@type":"EntryPoint","urlTemplate":"https:\/\/osaka.ma\/?s={search_term_string}"},"query-input":{"@type":"PropertyValueSpecification","valueRequired":true,"valueName":"search_term_string"}}],"inLanguage":"ru-RU"},{"@type":"Organization","@id":"https:\/\/osaka.ma\/#organization","name":"Osaka","url":"https:\/\/osaka.ma\/","logo":{"@type":"ImageObject","inLanguage":"ru-RU","@id":"https:\/\/osaka.ma\/#\/schema\/logo\/image\/","url":"https:\/\/osaka.ma\/wp-content\/uploads\/2026\/01\/model-slogan-logo-2Plan-de-travail-1dksl-plus-finnn.png","contentUrl":"https:\/\/osaka.ma\/wp-content\/uploads\/2026\/01\/model-slogan-logo-2Plan-de-travail-1dksl-plus-finnn.png","width":842,"height":226,"caption":"Osaka"},"image":{"@id":"https:\/\/osaka.ma\/#\/schema\/logo\/image\/"}}]}},"jetpack_sharing_enabled":true,"brands":[],"_links":{"self":[{"href":"https:\/\/osaka.ma\/ru\/wp-json\/wp\/v2\/product\/17036","targetHints":{"allow":["GET"]}}],"collection":[{"href":"https:\/\/osaka.ma\/ru\/wp-json\/wp\/v2\/product"}],"about":[{"href":"https:\/\/osaka.ma\/ru\/wp-json\/wp\/v2\/types\/product"}],"version-history":[{"count":0,"href":"https:\/\/osaka.ma\/ru\/wp-json\/wp\/v2\/product\/17036\/revisions"}],"wp:featuredmedia":[{"embeddable":true,"href":"https:\/\/osaka.ma\/ru\/wp-json\/wp\/v2\/media\/1017038"}],"wp:attachment":[{"href":"https:\/\/osaka.ma\/ru\/wp-json\/wp\/v2\/media?parent=17036"}],"wp:term":[{"taxonomy":"pwb-brand","embeddable":true,"href":"https:\/\/osaka.ma\/ru\/wp-json\/wp\/v2\/pwb-brand?post=17036"},{"taxonomy":"product_brand","embeddable":true,"href":"https:\/\/osaka.ma\/ru\/wp-json\/wp\/v2\/product_brand?post=17036"},{"taxonomy":"product_cat","embeddable":true,"href":"https:\/\/osaka.ma\/ru\/wp-json\/wp\/v2\/product_cat?post=17036"},{"taxonomy":"product_tag","embeddable":true,"href":"https:\/\/osaka.ma\/ru\/wp-json\/wp\/v2\/product_tag?post=17036"},{"taxonomy":"pcb_component_type","embeddable":true,"href":"https:\/\/osaka.ma\/ru\/wp-json\/wp\/v2\/pcb_component_type?post=17036"}],"curies":[{"name":"wp","href":"https:\/\/api.w.org\/{rel}","templated":true}]}}