{"id":17178,"date":"2025-08-08T13:05:11","date_gmt":"2025-08-08T12:05:11","guid":{"rendered":"https:\/\/osaka.ma\/?post_type=product&#038;p=17178"},"modified":"2026-01-19T10:20:51","modified_gmt":"2026-01-19T09:20:51","slug":"512gb-m-2-kingston-nvme-om8sep4512q-aa","status":"publish","type":"product","link":"https:\/\/osaka.ma\/ru\/product\/512gb-m-2-kingston-nvme-om8sep4512q-aa\/","title":{"rendered":"512GB M.2 KINGSTON NVMe (OM8SFP-4512P-AH)"},"content":{"rendered":"<h4 data-start=\"153\" data-end=\"203\">\u26a1 <strong data-start=\"157\" data-end=\"201\">Kingston 512GB M.2 NVMe (OM8SFP-4512P-AH)<\/strong><\/h4>\n<p data-start=\"204\" data-end=\"257\"><strong data-start=\"204\" data-end=\"255\">Vitesse, Fiabilit\u00e9 et Performance pour Votre PC<\/strong><\/p>\n<h4 data-start=\"264\" data-end=\"292\">\ud83d\ude80 Performances \u00c9lev\u00e9es<\/h4>\n<p data-start=\"293\" data-end=\"669\">Le <strong data-start=\"296\" data-end=\"323\">Kingston 512GB M.2 NVMe<\/strong> (r\u00e9f. <strong>OM8SFP-4512P-AH<\/strong>) est con\u00e7u pour offrir des vitesses fulgurantes et une r\u00e9activit\u00e9 maximale. Gr\u00e2ce \u00e0 l\u2019interface <strong data-start=\"445\" data-end=\"458\">PCIe NVMe<\/strong>, il assure des temps de chargement r\u00e9duits, un d\u00e9marrage quasi instantan\u00e9 et une fluidit\u00e9 parfaite pour toutes vos applications, qu\u2019il s\u2019agisse de gaming, de cr\u00e9ation de contenu ou de t\u00e2ches professionnelles.<\/p>\n<h4 data-start=\"676\" data-end=\"699\">\ud83d\udcbe Stockage Fiable<\/h4>\n<p data-start=\"700\" data-end=\"962\">Avec <strong data-start=\"705\" data-end=\"727\">512 Go de capacit\u00e9<\/strong>, ce SSD vous permet de stocker vos jeux, projets et documents tout en conservant un acc\u00e8s ultra-rapide aux donn\u00e9es. Sa conception sans pi\u00e8ces mobiles offre une meilleure r\u00e9sistance aux chocs et vibrations qu\u2019un disque dur classique.<\/p>\n<h4 data-start=\"969\" data-end=\"995\">\ud83d\udd0c Format Compact M.2<\/h4>\n<p data-start=\"996\" data-end=\"1204\">Son <strong data-start=\"1000\" data-end=\"1019\">format M.2 2280<\/strong> assure une int\u00e9gration parfaite dans les PC fixes et portables compatibles. De plus, son efficacit\u00e9 \u00e9nerg\u00e9tique optimise la dur\u00e9e de vie de la batterie sur les ordinateurs portables.<\/p>\n<h4 data-start=\"1211\" data-end=\"1252\">\ud83c\udf21\ufe0f Fiabilit\u00e9 et Durabilit\u00e9 Kingston<\/h4>\n<p data-start=\"1253\" data-end=\"1424\">Fabriqu\u00e9 par <strong data-start=\"1266\" data-end=\"1278\">Kingston<\/strong>, leader mondial du stockage, ce SSD est con\u00e7u pour durer et offrir des performances constantes, m\u00eame apr\u00e8s des milliers d\u2019heures d\u2019utilisation.<\/p>\n<h4 data-start=\"1431\" data-end=\"1471\">\ud83d\udd11 <strong data-start=\"1437\" data-end=\"1469\">Caract\u00e9ristiques principales<\/strong><\/h4>\n<ul data-start=\"1473\" data-end=\"1937\">\n<li data-start=\"1473\" data-end=\"1501\"><strong data-start=\"1478\" data-end=\"1490\">Capacit\u00e9<\/strong> : 512 Go<\/li>\n<li data-start=\"1502\" data-end=\"1534\"><strong data-start=\"1507\" data-end=\"1520\">Interface<\/strong> : PCIe NVMe<\/li>\n<li data-start=\"1535\" data-end=\"1563\"><strong data-start=\"1540\" data-end=\"1550\">Format<\/strong> : M.2 2280<\/li>\n<li data-start=\"1535\" data-end=\"1563\"><strong>Vitesse de Lecture : <\/strong>3200 Mo\/s<\/li>\n<li data-start=\"1535\" data-end=\"1563\"><strong>Vitesse d&#8217;\u00e9criture : <\/strong>2200 Mo\/s<\/li>\n<li data-start=\"1798\" data-end=\"1868\"><strong data-start=\"1804\" data-end=\"1821\">Compatibilit\u00e9<\/strong> : PC fixes et portables compatibles M.2 NVMe<\/li>\n<\/ul>\n","protected":false},"excerpt":{"rendered":"<h5><strong>Kingston NVMe SSD \u2013 Vitesse et Fiabilit\u00e9 pour Votre PC <\/strong><strong>&#8211; TRAY<\/strong><\/h5>\n<p>Le <strong data-start=\"206\" data-end=\"227\">Kingston NVMe SSD<\/strong> offre des vitesses de lecture et d\u2019\u00e9criture ultra-rapides, id\u00e9ales pour booster le d\u00e9marrage, le chargement et les performances globales de votre syst\u00e8me. Compact, fiable et \u00e9conome en \u00e9nergie, il est parfait pour PC gaming, cr\u00e9atif ou professionnel.<\/p>\n","protected":false},"featured_media":1017179,"template":"","meta":{"_acf_changed":false},"pwb-brand":[],"product_brand":[],"product_cat":[17,22],"product_tag":[],"pcb_component_type":[],"class_list":{"0":"post-17178","1":"product","2":"type-product","3":"status-publish","4":"has-post-thumbnail","6":"product_cat-composants-gaming","7":"product_cat-disque-dur-ssd","9":"first","10":"outofstock","11":"shipping-taxable","12":"product-type-simple"},"translation":{"provider":"WPGlobus","version":"3.0.2","language":"ru","enabled_languages":["en","es","de","fr","ru"],"languages":{"en":{"title":true,"content":true,"excerpt":true},"es":{"title":false,"content":false,"excerpt":false},"de":{"title":false,"content":false,"excerpt":false},"fr":{"title":false,"content":false,"excerpt":false},"ru":{"title":false,"content":false,"excerpt":false}}},"acf":[],"yoast_head":"<!-- This site is optimized with the Yoast SEO plugin v27.2 - https:\/\/yoast.com\/product\/yoast-seo-wordpress\/ -->\n<title>512GB M.2 KINGSTON: Vitesse et Performance Optimale - Osaka<\/title>\n<meta name=\"robots\" content=\"index, follow, max-snippet:-1, max-image-preview:large, max-video-preview:-1\" \/>\n<link rel=\"canonical\" href=\"https:\/\/osaka.ma\/de\/product\/512gb-m-2-kingston-nvme-om8sep4512q-aa\/\" \/>\n<meta property=\"og:locale\" content=\"ru_RU\" \/>\n<meta property=\"og:type\" content=\"article\" \/>\n<meta property=\"og:title\" content=\"512GB M.2 KINGSTON NVMe (OM8SFP-4512P-AH) - Osaka\" \/>\n<meta property=\"og:url\" content=\"https:\/\/osaka.ma\/de\/product\/512gb-m-2-kingston-nvme-om8sep4512q-aa\/\" \/>\n<meta property=\"og:site_name\" content=\"Osaka\" \/>\n<meta property=\"article:modified_time\" content=\"2026-01-19T09:20:51+00:00\" \/>\n<meta property=\"og:image\" content=\"https:\/\/osaka.ma\/wp-content\/uploads\/2025\/08\/KINGSTON-NVMe.jpg\" \/>\n\t<meta property=\"og:image:width\" content=\"1304\" \/>\n\t<meta property=\"og:image:height\" content=\"1304\" \/>\n\t<meta property=\"og:image:type\" content=\"image\/jpeg\" \/>\n<meta name=\"twitter:card\" content=\"summary_large_image\" \/>\n<meta name=\"twitter:label1\" content=\"Est. reading time\" \/>\n\t<meta name=\"twitter:data1\" content=\"2 minutes\" \/>\n<script type=\"application\/ld+json\" class=\"yoast-schema-graph\">{\"@context\":\"https:\/\/schema.org\",\"@graph\":[{\"@type\":\"WebPage\",\"@id\":\"https:\/\/osaka.ma\/de\/product\/512gb-m-2-kingston-nvme-om8sep4512q-aa\/\",\"url\":\"https:\/\/osaka.ma\/de\/product\/512gb-m-2-kingston-nvme-om8sep4512q-aa\/\",\"name\":\"512GB M.2 KINGSTON: Vitesse et Performance Optimale - Osaka\",\"isPartOf\":{\"@id\":\"https:\/\/osaka.ma\/#website\"},\"primaryImageOfPage\":{\"@id\":\"https:\/\/osaka.ma\/de\/product\/512gb-m-2-kingston-nvme-om8sep4512q-aa\/#primaryimage\"},\"image\":{\"@id\":\"https:\/\/osaka.ma\/de\/product\/512gb-m-2-kingston-nvme-om8sep4512q-aa\/#primaryimage\"},\"thumbnailUrl\":\"https:\/\/osaka.ma\/wp-content\/uploads\/2025\/08\/KINGSTON-NVMe.jpg\",\"datePublished\":\"2025-08-08T12:05:11+00:00\",\"dateModified\":\"2026-01-19T09:20:51+00:00\",\"description\":\"Boostez votre PC avec le 512GB M.2 KINGSTON pour une r\u00e9activit\u00e9 in\u00e9gal\u00e9e et des temps de chargement ultra-rapides. Commandez-le maintenant !\",\"breadcrumb\":{\"@id\":\"https:\/\/osaka.ma\/de\/product\/512gb-m-2-kingston-nvme-om8sep4512q-aa\/#breadcrumb\"},\"inLanguage\":\"ru-RU\",\"potentialAction\":[{\"@type\":\"ReadAction\",\"target\":[\"https:\/\/osaka.ma\/de\/product\/512gb-m-2-kingston-nvme-om8sep4512q-aa\/\"]}]},{\"@type\":\"ImageObject\",\"inLanguage\":\"ru-RU\",\"@id\":\"https:\/\/osaka.ma\/de\/product\/512gb-m-2-kingston-nvme-om8sep4512q-aa\/#primaryimage\",\"url\":\"https:\/\/osaka.ma\/wp-content\/uploads\/2025\/08\/KINGSTON-NVMe.jpg\",\"contentUrl\":\"https:\/\/osaka.ma\/wp-content\/uploads\/2025\/08\/KINGSTON-NVMe.jpg\",\"width\":1304,\"height\":1304,\"caption\":\"512GB M.2 KINGSTON NVMe - SSD - MAROC\"},{\"@type\":\"BreadcrumbList\",\"@id\":\"https:\/\/osaka.ma\/de\/product\/512gb-m-2-kingston-nvme-om8sep4512q-aa\/#breadcrumb\",\"itemListElement\":[{\"@type\":\"ListItem\",\"position\":1,\"name\":\"Home\",\"item\":\"https:\/\/osaka.ma\/\"},{\"@type\":\"ListItem\",\"position\":2,\"name\":\"Shop\",\"item\":\"https:\/\/osaka.ma\/shop-2\/\"},{\"@type\":\"ListItem\",\"position\":3,\"name\":\"512GB M.2 KINGSTON NVMe (OM8SFP-4512P-AH)\"}]},{\"@type\":\"WebSite\",\"@id\":\"https:\/\/osaka.ma\/#website\",\"url\":\"https:\/\/osaka.ma\/\",\"name\":\"Osaka\",\"description\":\"\",\"publisher\":{\"@id\":\"https:\/\/osaka.ma\/#organization\"},\"potentialAction\":[{\"@type\":\"SearchAction\",\"target\":{\"@type\":\"EntryPoint\",\"urlTemplate\":\"https:\/\/osaka.ma\/?s={search_term_string}\"},\"query-input\":{\"@type\":\"PropertyValueSpecification\",\"valueRequired\":true,\"valueName\":\"search_term_string\"}}],\"inLanguage\":\"ru-RU\"},{\"@type\":\"Organization\",\"@id\":\"https:\/\/osaka.ma\/#organization\",\"name\":\"Osaka\",\"url\":\"https:\/\/osaka.ma\/\",\"logo\":{\"@type\":\"ImageObject\",\"inLanguage\":\"ru-RU\",\"@id\":\"https:\/\/osaka.ma\/#\/schema\/logo\/image\/\",\"url\":\"https:\/\/osaka.ma\/wp-content\/uploads\/2026\/01\/model-slogan-logo-2Plan-de-travail-1dksl-plus-finnn.png\",\"contentUrl\":\"https:\/\/osaka.ma\/wp-content\/uploads\/2026\/01\/model-slogan-logo-2Plan-de-travail-1dksl-plus-finnn.png\",\"width\":842,\"height\":226,\"caption\":\"Osaka\"},\"image\":{\"@id\":\"https:\/\/osaka.ma\/#\/schema\/logo\/image\/\"}}]}<\/script>\n<!-- \/ Yoast SEO plugin. -->","yoast_head_json":{"title":"512GB M.2 KINGSTON: Vitesse et Performance Optimale - Osaka","robots":{"index":"index","follow":"follow","max-snippet":"max-snippet:-1","max-image-preview":"max-image-preview:large","max-video-preview":"max-video-preview:-1"},"canonical":"https:\/\/osaka.ma\/de\/product\/512gb-m-2-kingston-nvme-om8sep4512q-aa\/","og_locale":"ru_RU","og_type":"article","og_title":"512GB M.2 KINGSTON NVMe (OM8SFP-4512P-AH) - Osaka","og_url":"https:\/\/osaka.ma\/de\/product\/512gb-m-2-kingston-nvme-om8sep4512q-aa\/","og_site_name":"Osaka","article_modified_time":"2026-01-19T09:20:51+00:00","og_image":[{"width":1304,"height":1304,"url":"https:\/\/osaka.ma\/wp-content\/uploads\/2025\/08\/KINGSTON-NVMe.jpg","type":"image\/jpeg"}],"twitter_card":"summary_large_image","twitter_misc":{"Est. reading time":"2 minutes"},"schema":{"@context":"https:\/\/schema.org","@graph":[{"@type":"WebPage","@id":"https:\/\/osaka.ma\/de\/product\/512gb-m-2-kingston-nvme-om8sep4512q-aa\/","url":"https:\/\/osaka.ma\/de\/product\/512gb-m-2-kingston-nvme-om8sep4512q-aa\/","name":"512GB M.2 KINGSTON: Vitesse et Performance Optimale - Osaka","isPartOf":{"@id":"https:\/\/osaka.ma\/#website"},"primaryImageOfPage":{"@id":"https:\/\/osaka.ma\/de\/product\/512gb-m-2-kingston-nvme-om8sep4512q-aa\/#primaryimage"},"image":{"@id":"https:\/\/osaka.ma\/de\/product\/512gb-m-2-kingston-nvme-om8sep4512q-aa\/#primaryimage"},"thumbnailUrl":"https:\/\/osaka.ma\/wp-content\/uploads\/2025\/08\/KINGSTON-NVMe.jpg","datePublished":"2025-08-08T12:05:11+00:00","dateModified":"2026-01-19T09:20:51+00:00","description":"Boostez votre PC avec le 512GB M.2 KINGSTON pour une r\u00e9activit\u00e9 in\u00e9gal\u00e9e et des temps de chargement ultra-rapides. Commandez-le maintenant !","breadcrumb":{"@id":"https:\/\/osaka.ma\/de\/product\/512gb-m-2-kingston-nvme-om8sep4512q-aa\/#breadcrumb"},"inLanguage":"ru-RU","potentialAction":[{"@type":"ReadAction","target":["https:\/\/osaka.ma\/de\/product\/512gb-m-2-kingston-nvme-om8sep4512q-aa\/"]}]},{"@type":"ImageObject","inLanguage":"ru-RU","@id":"https:\/\/osaka.ma\/de\/product\/512gb-m-2-kingston-nvme-om8sep4512q-aa\/#primaryimage","url":"https:\/\/osaka.ma\/wp-content\/uploads\/2025\/08\/KINGSTON-NVMe.jpg","contentUrl":"https:\/\/osaka.ma\/wp-content\/uploads\/2025\/08\/KINGSTON-NVMe.jpg","width":1304,"height":1304,"caption":"512GB M.2 KINGSTON NVMe - SSD - MAROC"},{"@type":"BreadcrumbList","@id":"https:\/\/osaka.ma\/de\/product\/512gb-m-2-kingston-nvme-om8sep4512q-aa\/#breadcrumb","itemListElement":[{"@type":"ListItem","position":1,"name":"Home","item":"https:\/\/osaka.ma\/"},{"@type":"ListItem","position":2,"name":"Shop","item":"https:\/\/osaka.ma\/shop-2\/"},{"@type":"ListItem","position":3,"name":"512GB M.2 KINGSTON NVMe (OM8SFP-4512P-AH)"}]},{"@type":"WebSite","@id":"https:\/\/osaka.ma\/#website","url":"https:\/\/osaka.ma\/","name":"Osaka","description":"","publisher":{"@id":"https:\/\/osaka.ma\/#organization"},"potentialAction":[{"@type":"SearchAction","target":{"@type":"EntryPoint","urlTemplate":"https:\/\/osaka.ma\/?s={search_term_string}"},"query-input":{"@type":"PropertyValueSpecification","valueRequired":true,"valueName":"search_term_string"}}],"inLanguage":"ru-RU"},{"@type":"Organization","@id":"https:\/\/osaka.ma\/#organization","name":"Osaka","url":"https:\/\/osaka.ma\/","logo":{"@type":"ImageObject","inLanguage":"ru-RU","@id":"https:\/\/osaka.ma\/#\/schema\/logo\/image\/","url":"https:\/\/osaka.ma\/wp-content\/uploads\/2026\/01\/model-slogan-logo-2Plan-de-travail-1dksl-plus-finnn.png","contentUrl":"https:\/\/osaka.ma\/wp-content\/uploads\/2026\/01\/model-slogan-logo-2Plan-de-travail-1dksl-plus-finnn.png","width":842,"height":226,"caption":"Osaka"},"image":{"@id":"https:\/\/osaka.ma\/#\/schema\/logo\/image\/"}}]}},"jetpack_sharing_enabled":true,"brands":[],"_links":{"self":[{"href":"https:\/\/osaka.ma\/ru\/wp-json\/wp\/v2\/product\/17178","targetHints":{"allow":["GET"]}}],"collection":[{"href":"https:\/\/osaka.ma\/ru\/wp-json\/wp\/v2\/product"}],"about":[{"href":"https:\/\/osaka.ma\/ru\/wp-json\/wp\/v2\/types\/product"}],"version-history":[{"count":0,"href":"https:\/\/osaka.ma\/ru\/wp-json\/wp\/v2\/product\/17178\/revisions"}],"wp:featuredmedia":[{"embeddable":true,"href":"https:\/\/osaka.ma\/ru\/wp-json\/wp\/v2\/media\/1017179"}],"wp:attachment":[{"href":"https:\/\/osaka.ma\/ru\/wp-json\/wp\/v2\/media?parent=17178"}],"wp:term":[{"taxonomy":"pwb-brand","embeddable":true,"href":"https:\/\/osaka.ma\/ru\/wp-json\/wp\/v2\/pwb-brand?post=17178"},{"taxonomy":"product_brand","embeddable":true,"href":"https:\/\/osaka.ma\/ru\/wp-json\/wp\/v2\/product_brand?post=17178"},{"taxonomy":"product_cat","embeddable":true,"href":"https:\/\/osaka.ma\/ru\/wp-json\/wp\/v2\/product_cat?post=17178"},{"taxonomy":"product_tag","embeddable":true,"href":"https:\/\/osaka.ma\/ru\/wp-json\/wp\/v2\/product_tag?post=17178"},{"taxonomy":"pcb_component_type","embeddable":true,"href":"https:\/\/osaka.ma\/ru\/wp-json\/wp\/v2\/pcb_component_type?post=17178"}],"curies":[{"name":"wp","href":"https:\/\/api.w.org\/{rel}","templated":true}]}}