{"id":17269,"date":"2025-08-12T11:39:01","date_gmt":"2025-08-12T10:39:01","guid":{"rendered":"https:\/\/osaka.ma\/?post_type=product&#038;p=17269"},"modified":"2025-08-12T11:39:03","modified_gmt":"2025-08-12T10:39:03","slug":"corsair-tm30-pate-thermique-3g","status":"publish","type":"product","link":"https:\/\/osaka.ma\/ru\/product\/corsair-tm30-pate-thermique-3g\/","title":{"rendered":"CORSAIR TM30 P\u00e2te thermique ( 3g )"},"content":{"rendered":"<div class=\"logo\"><img decoding=\"async\" class=\"aligncenter\" src=\"https:\/\/media.ldlc.com\/v3\/marque\/bo\/00\/05\/72\/97\/V30005729722_2.jpg\" alt=\"Corsair\" \/><\/div>\n<div id=\"description\" class=\"description\">\n<div class=\"details-pdt-desc\">\n<h2 class=\"h2-master\">P\u00e2te thermique hautes performances<\/h2>\n<section>&nbsp;<\/p>\n<\/section>\n<section>\n<div class=\"desc-image\"><img decoding=\"async\" src=\"https:\/\/media.ldlc.com\/bo\/images\/fiches\/Pate-thermique\/Corsair\/corsair_tm30_001.jpg\" alt=\"\" \/><\/div>\n<div class=\"desc-text\">\n<h2>Utilisation simple et grande efficacit\u00e9<\/h2>\n<p>La faible viscosit\u00e9 de la p\u00e2te Corsair TM30 lui permet de remplir facilement les canaux et abrasions microscopiques dans le dissipateur de chaleur du processeur et la plaque de contact du refroidisseur, pour une zone de transfert thermique maximale.\u00a0Le compos\u00e9 liquide \u00e0 haute stabilit\u00e9 de la TM30 dure des ann\u00e9es sans s\u00e9cher, craqueler ni changer de consistance. Vous n\u2019avez donc pas \u00e0 changer ou \u00e0 r\u00e9appliquer la p\u00e2te thermique r\u00e9guli\u00e8rement.\u00a0Non conductrice et sans compos\u00e9s volatiles, la p\u00e2te TM30 assure votre s\u00e9curit\u00e9 et celle de votre PC.<\/p>\n<\/div>\n<\/section>\n<\/div>\n<\/div>\n","protected":false},"excerpt":{"rendered":"<p>La <strong>Corsair TM30<\/strong> est une p\u00e2te thermique haute performance de <strong>3 g<\/strong>, \u00e0 base d\u2019oxyde de zinc et \u00e0 faible viscosit\u00e9 pour une application facile. Elle offre une excellente conductivit\u00e9 thermique, r\u00e9duit efficacement la temp\u00e9rature des composants et am\u00e9liore le transfert de chaleur gr\u00e2ce \u00e0 une imp\u00e9dance thermique ultra faible.<\/p>\n","protected":false},"featured_media":1017270,"template":"","meta":{"_acf_changed":false},"pwb-brand":[],"product_brand":[],"product_cat":[112,17,82,83,196],"product_tag":[],"pcb_component_type":[],"class_list":{"0":"post-17269","1":"product","2":"type-product","3":"status-publish","4":"has-post-thumbnail","6":"product_cat-aircooler","7":"product_cat-composants-gaming","8":"product_cat-refroidissement","9":"product_cat-watercooler","10":"product_cat-watercooling-custom","12":"first","13":"instock","14":"sale","15":"shipping-taxable","16":"purchasable","17":"product-type-simple"},"translation":{"provider":"WPGlobus","version":"3.0.2","language":"ru","enabled_languages":["en","es","de","fr","ru"],"languages":{"en":{"title":true,"content":true,"excerpt":true},"es":{"title":false,"content":false,"excerpt":false},"de":{"title":false,"content":false,"excerpt":false},"fr":{"title":false,"content":false,"excerpt":false},"ru":{"title":false,"content":false,"excerpt":false}}},"acf":[],"yoast_head":"<!-- This site is optimized with the Yoast SEO plugin v27.2 - https:\/\/yoast.com\/product\/yoast-seo-wordpress\/ -->\n<title>CORSAIR TM30 P\u00e2te thermique optimale pour performance - Osaka<\/title>\n<meta name=\"robots\" content=\"index, follow, max-snippet:-1, max-image-preview:large, max-video-preview:-1\" \/>\n<link rel=\"canonical\" href=\"https:\/\/osaka.ma\/product\/corsair-tm30-pate-thermique-3g\/\" \/>\n<meta property=\"og:locale\" content=\"ru_RU\" \/>\n<meta property=\"og:type\" content=\"article\" \/>\n<meta property=\"og:title\" content=\"CORSAIR TM30 P\u00e2te thermique ( 3g ) - Osaka\" \/>\n<meta property=\"og:url\" content=\"https:\/\/osaka.ma\/product\/corsair-tm30-pate-thermique-3g\/\" \/>\n<meta property=\"og:site_name\" content=\"Osaka\" \/>\n<meta property=\"article:modified_time\" content=\"2025-08-12T10:39:03+00:00\" \/>\n<meta property=\"og:image\" content=\"https:\/\/osaka.ma\/wp-content\/uploads\/2025\/08\/CORSAIR-TM30-PATE-THERMIQUE.jpg\" \/>\n\t<meta property=\"og:image:width\" content=\"1600\" \/>\n\t<meta property=\"og:image:height\" content=\"1600\" \/>\n\t<meta property=\"og:image:type\" content=\"image\/jpeg\" \/>\n<meta name=\"twitter:card\" content=\"summary_large_image\" \/>\n<meta name=\"twitter:label1\" content=\"Est. reading time\" \/>\n\t<meta name=\"twitter:data1\" content=\"2 minutes\" \/>\n<script type=\"application\/ld+json\" class=\"yoast-schema-graph\">{\"@context\":\"https:\/\/schema.org\",\"@graph\":[{\"@type\":\"WebPage\",\"@id\":\"https:\/\/osaka.ma\/product\/corsair-tm30-pate-thermique-3g\/\",\"url\":\"https:\/\/osaka.ma\/product\/corsair-tm30-pate-thermique-3g\/\",\"name\":\"CORSAIR TM30 P\u00e2te thermique optimale pour performance - Osaka\",\"isPartOf\":{\"@id\":\"https:\/\/osaka.ma\/#website\"},\"primaryImageOfPage\":{\"@id\":\"https:\/\/osaka.ma\/product\/corsair-tm30-pate-thermique-3g\/#primaryimage\"},\"image\":{\"@id\":\"https:\/\/osaka.ma\/product\/corsair-tm30-pate-thermique-3g\/#primaryimage\"},\"thumbnailUrl\":\"https:\/\/osaka.ma\/wp-content\/uploads\/2025\/08\/CORSAIR-TM30-PATE-THERMIQUE.jpg\",\"datePublished\":\"2025-08-12T10:39:01+00:00\",\"dateModified\":\"2025-08-12T10:39:03+00:00\",\"description\":\"Optimisez la dissipation thermique avec la CORSAIR TM30 P\u00e2te thermique. Sa faible viscosit\u00e9 garantit une performance durable. Commandez d\u00e8s maintenant !\",\"breadcrumb\":{\"@id\":\"https:\/\/osaka.ma\/product\/corsair-tm30-pate-thermique-3g\/#breadcrumb\"},\"inLanguage\":\"ru-RU\",\"potentialAction\":[{\"@type\":\"ReadAction\",\"target\":[\"https:\/\/osaka.ma\/product\/corsair-tm30-pate-thermique-3g\/\"]}]},{\"@type\":\"ImageObject\",\"inLanguage\":\"ru-RU\",\"@id\":\"https:\/\/osaka.ma\/product\/corsair-tm30-pate-thermique-3g\/#primaryimage\",\"url\":\"https:\/\/osaka.ma\/wp-content\/uploads\/2025\/08\/CORSAIR-TM30-PATE-THERMIQUE.jpg\",\"contentUrl\":\"https:\/\/osaka.ma\/wp-content\/uploads\/2025\/08\/CORSAIR-TM30-PATE-THERMIQUE.jpg\",\"width\":1600,\"height\":1600,\"caption\":\"CORSAIR TM30 P\u00e2te thermique\"},{\"@type\":\"BreadcrumbList\",\"@id\":\"https:\/\/osaka.ma\/product\/corsair-tm30-pate-thermique-3g\/#breadcrumb\",\"itemListElement\":[{\"@type\":\"ListItem\",\"position\":1,\"name\":\"Home\",\"item\":\"https:\/\/osaka.ma\/\"},{\"@type\":\"ListItem\",\"position\":2,\"name\":\"Shop\",\"item\":\"https:\/\/osaka.ma\/shop-2\/\"},{\"@type\":\"ListItem\",\"position\":3,\"name\":\"CORSAIR TM30 P\u00e2te thermique ( 3g )\"}]},{\"@type\":\"WebSite\",\"@id\":\"https:\/\/osaka.ma\/#website\",\"url\":\"https:\/\/osaka.ma\/\",\"name\":\"Osaka\",\"description\":\"\",\"publisher\":{\"@id\":\"https:\/\/osaka.ma\/#organization\"},\"potentialAction\":[{\"@type\":\"SearchAction\",\"target\":{\"@type\":\"EntryPoint\",\"urlTemplate\":\"https:\/\/osaka.ma\/?s={search_term_string}\"},\"query-input\":{\"@type\":\"PropertyValueSpecification\",\"valueRequired\":true,\"valueName\":\"search_term_string\"}}],\"inLanguage\":\"ru-RU\"},{\"@type\":\"Organization\",\"@id\":\"https:\/\/osaka.ma\/#organization\",\"name\":\"Osaka\",\"url\":\"https:\/\/osaka.ma\/\",\"logo\":{\"@type\":\"ImageObject\",\"inLanguage\":\"ru-RU\",\"@id\":\"https:\/\/osaka.ma\/#\/schema\/logo\/image\/\",\"url\":\"https:\/\/osaka.ma\/wp-content\/uploads\/2026\/01\/model-slogan-logo-2Plan-de-travail-1dksl-plus-finnn.png\",\"contentUrl\":\"https:\/\/osaka.ma\/wp-content\/uploads\/2026\/01\/model-slogan-logo-2Plan-de-travail-1dksl-plus-finnn.png\",\"width\":842,\"height\":226,\"caption\":\"Osaka\"},\"image\":{\"@id\":\"https:\/\/osaka.ma\/#\/schema\/logo\/image\/\"}}]}<\/script>\n<!-- \/ Yoast SEO plugin. -->","yoast_head_json":{"title":"CORSAIR TM30 P\u00e2te thermique optimale pour performance - Osaka","robots":{"index":"index","follow":"follow","max-snippet":"max-snippet:-1","max-image-preview":"max-image-preview:large","max-video-preview":"max-video-preview:-1"},"canonical":"https:\/\/osaka.ma\/product\/corsair-tm30-pate-thermique-3g\/","og_locale":"ru_RU","og_type":"article","og_title":"CORSAIR TM30 P\u00e2te thermique ( 3g ) - Osaka","og_url":"https:\/\/osaka.ma\/product\/corsair-tm30-pate-thermique-3g\/","og_site_name":"Osaka","article_modified_time":"2025-08-12T10:39:03+00:00","og_image":[{"width":1600,"height":1600,"url":"https:\/\/osaka.ma\/wp-content\/uploads\/2025\/08\/CORSAIR-TM30-PATE-THERMIQUE.jpg","type":"image\/jpeg"}],"twitter_card":"summary_large_image","twitter_misc":{"Est. reading time":"2 minutes"},"schema":{"@context":"https:\/\/schema.org","@graph":[{"@type":"WebPage","@id":"https:\/\/osaka.ma\/product\/corsair-tm30-pate-thermique-3g\/","url":"https:\/\/osaka.ma\/product\/corsair-tm30-pate-thermique-3g\/","name":"CORSAIR TM30 P\u00e2te thermique optimale pour performance - Osaka","isPartOf":{"@id":"https:\/\/osaka.ma\/#website"},"primaryImageOfPage":{"@id":"https:\/\/osaka.ma\/product\/corsair-tm30-pate-thermique-3g\/#primaryimage"},"image":{"@id":"https:\/\/osaka.ma\/product\/corsair-tm30-pate-thermique-3g\/#primaryimage"},"thumbnailUrl":"https:\/\/osaka.ma\/wp-content\/uploads\/2025\/08\/CORSAIR-TM30-PATE-THERMIQUE.jpg","datePublished":"2025-08-12T10:39:01+00:00","dateModified":"2025-08-12T10:39:03+00:00","description":"Optimisez la dissipation thermique avec la CORSAIR TM30 P\u00e2te thermique. Sa faible viscosit\u00e9 garantit une performance durable. Commandez d\u00e8s maintenant !","breadcrumb":{"@id":"https:\/\/osaka.ma\/product\/corsair-tm30-pate-thermique-3g\/#breadcrumb"},"inLanguage":"ru-RU","potentialAction":[{"@type":"ReadAction","target":["https:\/\/osaka.ma\/product\/corsair-tm30-pate-thermique-3g\/"]}]},{"@type":"ImageObject","inLanguage":"ru-RU","@id":"https:\/\/osaka.ma\/product\/corsair-tm30-pate-thermique-3g\/#primaryimage","url":"https:\/\/osaka.ma\/wp-content\/uploads\/2025\/08\/CORSAIR-TM30-PATE-THERMIQUE.jpg","contentUrl":"https:\/\/osaka.ma\/wp-content\/uploads\/2025\/08\/CORSAIR-TM30-PATE-THERMIQUE.jpg","width":1600,"height":1600,"caption":"CORSAIR TM30 P\u00e2te thermique"},{"@type":"BreadcrumbList","@id":"https:\/\/osaka.ma\/product\/corsair-tm30-pate-thermique-3g\/#breadcrumb","itemListElement":[{"@type":"ListItem","position":1,"name":"Home","item":"https:\/\/osaka.ma\/"},{"@type":"ListItem","position":2,"name":"Shop","item":"https:\/\/osaka.ma\/shop-2\/"},{"@type":"ListItem","position":3,"name":"CORSAIR TM30 P\u00e2te thermique ( 3g )"}]},{"@type":"WebSite","@id":"https:\/\/osaka.ma\/#website","url":"https:\/\/osaka.ma\/","name":"Osaka","description":"","publisher":{"@id":"https:\/\/osaka.ma\/#organization"},"potentialAction":[{"@type":"SearchAction","target":{"@type":"EntryPoint","urlTemplate":"https:\/\/osaka.ma\/?s={search_term_string}"},"query-input":{"@type":"PropertyValueSpecification","valueRequired":true,"valueName":"search_term_string"}}],"inLanguage":"ru-RU"},{"@type":"Organization","@id":"https:\/\/osaka.ma\/#organization","name":"Osaka","url":"https:\/\/osaka.ma\/","logo":{"@type":"ImageObject","inLanguage":"ru-RU","@id":"https:\/\/osaka.ma\/#\/schema\/logo\/image\/","url":"https:\/\/osaka.ma\/wp-content\/uploads\/2026\/01\/model-slogan-logo-2Plan-de-travail-1dksl-plus-finnn.png","contentUrl":"https:\/\/osaka.ma\/wp-content\/uploads\/2026\/01\/model-slogan-logo-2Plan-de-travail-1dksl-plus-finnn.png","width":842,"height":226,"caption":"Osaka"},"image":{"@id":"https:\/\/osaka.ma\/#\/schema\/logo\/image\/"}}]}},"jetpack_sharing_enabled":true,"brands":[],"_links":{"self":[{"href":"https:\/\/osaka.ma\/ru\/wp-json\/wp\/v2\/product\/17269","targetHints":{"allow":["GET"]}}],"collection":[{"href":"https:\/\/osaka.ma\/ru\/wp-json\/wp\/v2\/product"}],"about":[{"href":"https:\/\/osaka.ma\/ru\/wp-json\/wp\/v2\/types\/product"}],"version-history":[{"count":0,"href":"https:\/\/osaka.ma\/ru\/wp-json\/wp\/v2\/product\/17269\/revisions"}],"wp:featuredmedia":[{"embeddable":true,"href":"https:\/\/osaka.ma\/ru\/wp-json\/wp\/v2\/media\/1017270"}],"wp:attachment":[{"href":"https:\/\/osaka.ma\/ru\/wp-json\/wp\/v2\/media?parent=17269"}],"wp:term":[{"taxonomy":"pwb-brand","embeddable":true,"href":"https:\/\/osaka.ma\/ru\/wp-json\/wp\/v2\/pwb-brand?post=17269"},{"taxonomy":"product_brand","embeddable":true,"href":"https:\/\/osaka.ma\/ru\/wp-json\/wp\/v2\/product_brand?post=17269"},{"taxonomy":"product_cat","embeddable":true,"href":"https:\/\/osaka.ma\/ru\/wp-json\/wp\/v2\/product_cat?post=17269"},{"taxonomy":"product_tag","embeddable":true,"href":"https:\/\/osaka.ma\/ru\/wp-json\/wp\/v2\/product_tag?post=17269"},{"taxonomy":"pcb_component_type","embeddable":true,"href":"https:\/\/osaka.ma\/ru\/wp-json\/wp\/v2\/pcb_component_type?post=17269"}],"curies":[{"name":"wp","href":"https:\/\/api.w.org\/{rel}","templated":true}]}}