{"id":17304,"date":"2025-08-12T15:27:47","date_gmt":"2025-08-12T14:27:47","guid":{"rendered":"https:\/\/osaka.ma\/?post_type=product&#038;p=17304"},"modified":"2025-10-21T18:05:32","modified_gmt":"2025-10-21T17:05:32","slug":"corsair-nautilus-240-rs-argb-noir","status":"publish","type":"product","link":"https:\/\/osaka.ma\/ru\/product\/corsair-nautilus-240-rs-argb-noir\/","title":{"rendered":"Corsair Nautilus 240 RS ARGB (Noir)"},"content":{"rendered":"<div class=\"logo\"><img decoding=\"async\" class=\"aligncenter\" src=\"https:\/\/media.ldlc.com\/v3\/marque\/bo\/00\/05\/72\/97\/V30005729722_2.jpg\" alt=\"Corsair\" \/><\/div>\n<div id=\"description\" class=\"description\">\n<div class=\"details-pdt-desc\">\n<h2 class=\"h2-master\">Watercooling CPU AIO simple et performant<\/h2>\n<section>Le <strong>Corsair Nautilus 240 RS ARGB<\/strong> est un watercooling CPU tout-en-un facile \u00e0 installer, sans contr\u00f4leur n\u00e9cessaire. Il comprend un radiateur de 240 mm et 2 ventilateurs ARGB puissants pour un refroidissement efficace et silencieux. Sa pompe optimise le contact avec le processeur tout en restant tr\u00e8s silencieuse (20 dBA). Le contr\u00f4le PWM et le mode Zero RPM garantissent un \u00e9quilibre parfait entre performance et silence.<\/section>\n<section>\n<div class=\"desc-image\"><img decoding=\"async\" src=\"https:\/\/media.ldlc.com\/bo\/images\/fiches\/watercooling\/Corsair\/Nautilus\/Nautilus_800_1.jpg\" alt=\"\" \/><\/div>\n<div class=\"desc-text\">\n<h2>Silencieux et efficace<\/h2>\n<ul>\n<li><strong>Refroidissement efficace et silencieux\u00a0<\/strong>pour aider votre processeur \u00e0 atteindre son plein potentiel<\/li>\n<li>Se branche directement sur votre carte m\u00e8re, aucun contr\u00f4leur suppl\u00e9mentaire n\u00e9cessaire<\/li>\n<li>Les\u00a0<strong>ventilateurs RS120 ARGB<\/strong>\u00a0fournissent un flux d\u2019air et une pression statique \u00e9lev\u00e9s, et un fonctionnement silencieux<\/li>\n<li>Contr\u00f4le pr\u00e9cis de la vitesse des ventilateurs PWM avec le\u00a0<strong>mode Zero RPM<\/strong><\/li>\n<li><strong>Compatible avec Intel\u00a0LGA 1851, LGA 1700 et AMD\u00a0AM5, AM4<\/strong><\/li>\n<\/ul>\n<\/div>\n<\/section>\n<\/div>\n<\/div>\n","protected":false},"excerpt":{"rendered":"<article class=\"text-token-text-primary w-full focus:outline-none scroll-mt-[calc(var(--header-height)+min(200px,max(70px,20svh)))]\" dir=\"auto\" tabindex=\"-1\" data-turn-id=\"request-WEB:b625e0f5-5c54-4b5e-8bbc-62619196af3f-53\" data-testid=\"conversation-turn-108\" data-scroll-anchor=\"true\" data-turn=\"assistant\">\n<div class=\"text-base my-auto mx-auto pb-10 [--thread-content-margin:--spacing(4)] @[37rem]:[--thread-content-margin:--spacing(6)] @[72rem]:[--thread-content-margin:--spacing(16)] px-(--thread-content-margin)\">\n<div class=\"[--thread-content-max-width:32rem] @[34rem]:[--thread-content-max-width:40rem] @[64rem]:[--thread-content-max-width:48rem] mx-auto max-w-(--thread-content-max-width) flex-1 group\/turn-messages focus-visible:outline-hidden relative flex w-full min-w-0 flex-col agent-turn\" tabindex=\"-1\">\n<div class=\"flex max-w-full flex-col grow\">\n<div class=\"min-h-8 text-message relative flex w-full flex-col items-end gap-2 text-start break-words whitespace-normal [.text-message+&amp;]:mt-5\" dir=\"auto\" data-message-author-role=\"assistant\" data-message-id=\"0f5a1784-e053-401c-ad9a-c82d5fe48661\" data-message-model-slug=\"gpt-4-1-mini\">\n<div class=\"flex w-full flex-col gap-1 empty:hidden first:pt-[3px]\">\n<div class=\"markdown prose dark:prose-invert w-full break-words dark markdown-new-styling\">\n<h5>Watercooling tout-en-un 240 mm pour processeur avec \u00e9clairage LED ARGB<\/h5>\n<p data-start=\"0\" data-end=\"189\" data-is-last-node=\"\" data-is-only-node=\"\">Le <strong>Corsair Nautilus 240 RS ARGB (Noir)<\/strong> est un watercooling CPU tout-en-un performant et silencieux, con\u00e7u pour un refroidissement efficace avec un design \u00e9l\u00e9gant et une installation facile.<\/p>\n<\/div>\n<\/div>\n<\/div>\n<\/div>\n<\/div>\n<\/div>\n<\/article>\n","protected":false},"featured_media":1017305,"template":"","meta":{"_acf_changed":false},"pwb-brand":[],"product_brand":[],"product_cat":[17,82,83],"product_tag":[],"pcb_component_type":[],"class_list":{"0":"post-17304","1":"product","2":"type-product","3":"status-publish","4":"has-post-thumbnail","6":"product_cat-composants-gaming","7":"product_cat-refroidissement","8":"product_cat-watercooler","10":"first","11":"outofstock","12":"sale","13":"shipping-taxable","14":"purchasable","15":"product-type-simple"},"translation":{"provider":"WPGlobus","version":"3.0.2","language":"ru","enabled_languages":["en","es","de","fr","ru"],"languages":{"en":{"title":true,"content":true,"excerpt":true},"es":{"title":false,"content":false,"excerpt":false},"de":{"title":false,"content":false,"excerpt":false},"fr":{"title":false,"content":false,"excerpt":false},"ru":{"title":false,"content":false,"excerpt":false}}},"acf":[],"yoast_head":"<!-- This site is optimized with the Yoast SEO plugin v27.2 - https:\/\/yoast.com\/product\/yoast-seo-wordpress\/ -->\n<title>Corsair Nautilus 240 RS ARGB: Efficacit\u00e9 et Performance - Osaka<\/title>\n<meta name=\"robots\" content=\"index, follow, max-snippet:-1, max-image-preview:large, max-video-preview:-1\" \/>\n<link rel=\"canonical\" href=\"https:\/\/osaka.ma\/product\/corsair-nautilus-240-rs-argb-noir\/\" \/>\n<meta property=\"og:locale\" content=\"ru_RU\" \/>\n<meta property=\"og:type\" content=\"article\" \/>\n<meta property=\"og:title\" content=\"Corsair Nautilus 240 RS ARGB (Noir) - Osaka\" \/>\n<meta property=\"og:url\" content=\"https:\/\/osaka.ma\/product\/corsair-nautilus-240-rs-argb-noir\/\" \/>\n<meta property=\"og:site_name\" content=\"Osaka\" \/>\n<meta property=\"article:modified_time\" content=\"2025-10-21T17:05:32+00:00\" \/>\n<meta property=\"og:image\" content=\"https:\/\/osaka.ma\/wp-content\/uploads\/2025\/08\/Corsair-Nautilus-240-RS-ARGB.jpg\" \/>\n\t<meta property=\"og:image:width\" content=\"1600\" \/>\n\t<meta property=\"og:image:height\" content=\"1600\" \/>\n\t<meta property=\"og:image:type\" content=\"image\/jpeg\" \/>\n<meta name=\"twitter:card\" content=\"summary_large_image\" \/>\n<meta name=\"twitter:label1\" content=\"Est. reading time\" \/>\n\t<meta name=\"twitter:data1\" content=\"3 minutes\" \/>\n<script type=\"application\/ld+json\" class=\"yoast-schema-graph\">{\"@context\":\"https:\/\/schema.org\",\"@graph\":[{\"@type\":\"WebPage\",\"@id\":\"https:\/\/osaka.ma\/product\/corsair-nautilus-240-rs-argb-noir\/\",\"url\":\"https:\/\/osaka.ma\/product\/corsair-nautilus-240-rs-argb-noir\/\",\"name\":\"Corsair Nautilus 240 RS ARGB: Efficacit\u00e9 et Performance - Osaka\",\"isPartOf\":{\"@id\":\"https:\/\/osaka.ma\/#website\"},\"primaryImageOfPage\":{\"@id\":\"https:\/\/osaka.ma\/product\/corsair-nautilus-240-rs-argb-noir\/#primaryimage\"},\"image\":{\"@id\":\"https:\/\/osaka.ma\/product\/corsair-nautilus-240-rs-argb-noir\/#primaryimage\"},\"thumbnailUrl\":\"https:\/\/osaka.ma\/wp-content\/uploads\/2025\/08\/Corsair-Nautilus-240-RS-ARGB.jpg\",\"datePublished\":\"2025-08-12T14:27:47+00:00\",\"dateModified\":\"2025-10-21T17:05:32+00:00\",\"description\":\"Am\u00e9liorez votre exp\u00e9rience de refroidissement avec le Corsair Nautilus 240 RS ARGB. Profitez d'une installation simple et d'une performance silencieuse !\",\"breadcrumb\":{\"@id\":\"https:\/\/osaka.ma\/product\/corsair-nautilus-240-rs-argb-noir\/#breadcrumb\"},\"inLanguage\":\"ru-RU\",\"potentialAction\":[{\"@type\":\"ReadAction\",\"target\":[\"https:\/\/osaka.ma\/product\/corsair-nautilus-240-rs-argb-noir\/\"]}]},{\"@type\":\"ImageObject\",\"inLanguage\":\"ru-RU\",\"@id\":\"https:\/\/osaka.ma\/product\/corsair-nautilus-240-rs-argb-noir\/#primaryimage\",\"url\":\"https:\/\/osaka.ma\/wp-content\/uploads\/2025\/08\/Corsair-Nautilus-240-RS-ARGB.jpg\",\"contentUrl\":\"https:\/\/osaka.ma\/wp-content\/uploads\/2025\/08\/Corsair-Nautilus-240-RS-ARGB.jpg\",\"width\":1600,\"height\":1600,\"caption\":\"Corsair Nautilus 240 RS ARGB\"},{\"@type\":\"BreadcrumbList\",\"@id\":\"https:\/\/osaka.ma\/product\/corsair-nautilus-240-rs-argb-noir\/#breadcrumb\",\"itemListElement\":[{\"@type\":\"ListItem\",\"position\":1,\"name\":\"Home\",\"item\":\"https:\/\/osaka.ma\/\"},{\"@type\":\"ListItem\",\"position\":2,\"name\":\"Shop\",\"item\":\"https:\/\/osaka.ma\/shop-2\/\"},{\"@type\":\"ListItem\",\"position\":3,\"name\":\"Corsair Nautilus 240 RS ARGB (Noir)\"}]},{\"@type\":\"WebSite\",\"@id\":\"https:\/\/osaka.ma\/#website\",\"url\":\"https:\/\/osaka.ma\/\",\"name\":\"Osaka\",\"description\":\"\",\"publisher\":{\"@id\":\"https:\/\/osaka.ma\/#organization\"},\"potentialAction\":[{\"@type\":\"SearchAction\",\"target\":{\"@type\":\"EntryPoint\",\"urlTemplate\":\"https:\/\/osaka.ma\/?s={search_term_string}\"},\"query-input\":{\"@type\":\"PropertyValueSpecification\",\"valueRequired\":true,\"valueName\":\"search_term_string\"}}],\"inLanguage\":\"ru-RU\"},{\"@type\":\"Organization\",\"@id\":\"https:\/\/osaka.ma\/#organization\",\"name\":\"Osaka\",\"url\":\"https:\/\/osaka.ma\/\",\"logo\":{\"@type\":\"ImageObject\",\"inLanguage\":\"ru-RU\",\"@id\":\"https:\/\/osaka.ma\/#\/schema\/logo\/image\/\",\"url\":\"https:\/\/osaka.ma\/wp-content\/uploads\/2026\/01\/model-slogan-logo-2Plan-de-travail-1dksl-plus-finnn.png\",\"contentUrl\":\"https:\/\/osaka.ma\/wp-content\/uploads\/2026\/01\/model-slogan-logo-2Plan-de-travail-1dksl-plus-finnn.png\",\"width\":842,\"height\":226,\"caption\":\"Osaka\"},\"image\":{\"@id\":\"https:\/\/osaka.ma\/#\/schema\/logo\/image\/\"}}]}<\/script>\n<!-- \/ Yoast SEO plugin. -->","yoast_head_json":{"title":"Corsair Nautilus 240 RS ARGB: Efficacit\u00e9 et Performance - Osaka","robots":{"index":"index","follow":"follow","max-snippet":"max-snippet:-1","max-image-preview":"max-image-preview:large","max-video-preview":"max-video-preview:-1"},"canonical":"https:\/\/osaka.ma\/product\/corsair-nautilus-240-rs-argb-noir\/","og_locale":"ru_RU","og_type":"article","og_title":"Corsair Nautilus 240 RS ARGB (Noir) - Osaka","og_url":"https:\/\/osaka.ma\/product\/corsair-nautilus-240-rs-argb-noir\/","og_site_name":"Osaka","article_modified_time":"2025-10-21T17:05:32+00:00","og_image":[{"width":1600,"height":1600,"url":"https:\/\/osaka.ma\/wp-content\/uploads\/2025\/08\/Corsair-Nautilus-240-RS-ARGB.jpg","type":"image\/jpeg"}],"twitter_card":"summary_large_image","twitter_misc":{"Est. reading time":"3 minutes"},"schema":{"@context":"https:\/\/schema.org","@graph":[{"@type":"WebPage","@id":"https:\/\/osaka.ma\/product\/corsair-nautilus-240-rs-argb-noir\/","url":"https:\/\/osaka.ma\/product\/corsair-nautilus-240-rs-argb-noir\/","name":"Corsair Nautilus 240 RS ARGB: Efficacit\u00e9 et Performance - Osaka","isPartOf":{"@id":"https:\/\/osaka.ma\/#website"},"primaryImageOfPage":{"@id":"https:\/\/osaka.ma\/product\/corsair-nautilus-240-rs-argb-noir\/#primaryimage"},"image":{"@id":"https:\/\/osaka.ma\/product\/corsair-nautilus-240-rs-argb-noir\/#primaryimage"},"thumbnailUrl":"https:\/\/osaka.ma\/wp-content\/uploads\/2025\/08\/Corsair-Nautilus-240-RS-ARGB.jpg","datePublished":"2025-08-12T14:27:47+00:00","dateModified":"2025-10-21T17:05:32+00:00","description":"Am\u00e9liorez votre exp\u00e9rience de refroidissement avec le Corsair Nautilus 240 RS ARGB. Profitez d'une installation simple et d'une performance silencieuse !","breadcrumb":{"@id":"https:\/\/osaka.ma\/product\/corsair-nautilus-240-rs-argb-noir\/#breadcrumb"},"inLanguage":"ru-RU","potentialAction":[{"@type":"ReadAction","target":["https:\/\/osaka.ma\/product\/corsair-nautilus-240-rs-argb-noir\/"]}]},{"@type":"ImageObject","inLanguage":"ru-RU","@id":"https:\/\/osaka.ma\/product\/corsair-nautilus-240-rs-argb-noir\/#primaryimage","url":"https:\/\/osaka.ma\/wp-content\/uploads\/2025\/08\/Corsair-Nautilus-240-RS-ARGB.jpg","contentUrl":"https:\/\/osaka.ma\/wp-content\/uploads\/2025\/08\/Corsair-Nautilus-240-RS-ARGB.jpg","width":1600,"height":1600,"caption":"Corsair Nautilus 240 RS ARGB"},{"@type":"BreadcrumbList","@id":"https:\/\/osaka.ma\/product\/corsair-nautilus-240-rs-argb-noir\/#breadcrumb","itemListElement":[{"@type":"ListItem","position":1,"name":"Home","item":"https:\/\/osaka.ma\/"},{"@type":"ListItem","position":2,"name":"Shop","item":"https:\/\/osaka.ma\/shop-2\/"},{"@type":"ListItem","position":3,"name":"Corsair Nautilus 240 RS ARGB (Noir)"}]},{"@type":"WebSite","@id":"https:\/\/osaka.ma\/#website","url":"https:\/\/osaka.ma\/","name":"Osaka","description":"","publisher":{"@id":"https:\/\/osaka.ma\/#organization"},"potentialAction":[{"@type":"SearchAction","target":{"@type":"EntryPoint","urlTemplate":"https:\/\/osaka.ma\/?s={search_term_string}"},"query-input":{"@type":"PropertyValueSpecification","valueRequired":true,"valueName":"search_term_string"}}],"inLanguage":"ru-RU"},{"@type":"Organization","@id":"https:\/\/osaka.ma\/#organization","name":"Osaka","url":"https:\/\/osaka.ma\/","logo":{"@type":"ImageObject","inLanguage":"ru-RU","@id":"https:\/\/osaka.ma\/#\/schema\/logo\/image\/","url":"https:\/\/osaka.ma\/wp-content\/uploads\/2026\/01\/model-slogan-logo-2Plan-de-travail-1dksl-plus-finnn.png","contentUrl":"https:\/\/osaka.ma\/wp-content\/uploads\/2026\/01\/model-slogan-logo-2Plan-de-travail-1dksl-plus-finnn.png","width":842,"height":226,"caption":"Osaka"},"image":{"@id":"https:\/\/osaka.ma\/#\/schema\/logo\/image\/"}}]}},"jetpack_sharing_enabled":true,"brands":[],"_links":{"self":[{"href":"https:\/\/osaka.ma\/ru\/wp-json\/wp\/v2\/product\/17304","targetHints":{"allow":["GET"]}}],"collection":[{"href":"https:\/\/osaka.ma\/ru\/wp-json\/wp\/v2\/product"}],"about":[{"href":"https:\/\/osaka.ma\/ru\/wp-json\/wp\/v2\/types\/product"}],"version-history":[{"count":0,"href":"https:\/\/osaka.ma\/ru\/wp-json\/wp\/v2\/product\/17304\/revisions"}],"wp:featuredmedia":[{"embeddable":true,"href":"https:\/\/osaka.ma\/ru\/wp-json\/wp\/v2\/media\/1017305"}],"wp:attachment":[{"href":"https:\/\/osaka.ma\/ru\/wp-json\/wp\/v2\/media?parent=17304"}],"wp:term":[{"taxonomy":"pwb-brand","embeddable":true,"href":"https:\/\/osaka.ma\/ru\/wp-json\/wp\/v2\/pwb-brand?post=17304"},{"taxonomy":"product_brand","embeddable":true,"href":"https:\/\/osaka.ma\/ru\/wp-json\/wp\/v2\/product_brand?post=17304"},{"taxonomy":"product_cat","embeddable":true,"href":"https:\/\/osaka.ma\/ru\/wp-json\/wp\/v2\/product_cat?post=17304"},{"taxonomy":"product_tag","embeddable":true,"href":"https:\/\/osaka.ma\/ru\/wp-json\/wp\/v2\/product_tag?post=17304"},{"taxonomy":"pcb_component_type","embeddable":true,"href":"https:\/\/osaka.ma\/ru\/wp-json\/wp\/v2\/pcb_component_type?post=17304"}],"curies":[{"name":"wp","href":"https:\/\/api.w.org\/{rel}","templated":true}]}}