{"id":17380,"date":"2025-08-15T12:42:24","date_gmt":"2025-08-15T11:42:24","guid":{"rendered":"https:\/\/osaka.ma\/?post_type=product&#038;p=17380"},"modified":"2025-12-28T13:05:57","modified_gmt":"2025-12-28T12:05:57","slug":"32gb-g-skill-ripjaws-m5-rgb-ddr5-6000mhz","status":"publish","type":"product","link":"https:\/\/osaka.ma\/ru\/product\/32gb-g-skill-ripjaws-m5-rgb-ddr5-6000mhz\/","title":{"rendered":"32GB G.Skill Ripjaws M5 RGB DDR5 6000MHz"},"content":{"rendered":"<div class=\"logo\"><img decoding=\"async\" class=\"aligncenter\" src=\"https:\/\/media.ldlc.com\/v3\/marque\/190\/C000034652.gif\" alt=\"G. Skill\" \/><\/div>\n<div id=\"description\" class=\"description\">\n<div class=\"details-pdt-desc\">\n<h2 class=\"h2-master\"><span dir=\"auto\">Ripjaws M5 RGB\u00a0: performances et esth\u00e9tique de la DDR5 RGB<\/span><\/h2>\n<section><span dir=\"auto\">Les\u00a0<\/span><strong><span dir=\"auto\">modules G.Skill Ripjaws M5 RGB<\/span><\/strong><span dir=\"auto\">\u00a0sont une gamme de m\u00e9moires RAM DDR5 hautes performances con\u00e7ue pour les joueurs et les amateurs de performances. Dot\u00e9s\u00a0<\/span><strong><span dir=\"auto\">de dissipateurs thermiques en aluminium mat<\/span><\/strong><span dir=\"auto\">\u00a0noir ou blanc et d&#8217;un \u00e9clairage RGB personnalisable, les modules G.Skill Ripjaws M5 RGB sont disponibles dans une large gamme de capacit\u00e9s et de fr\u00e9quences pour s&#8217;adapter \u00e0 une grande vari\u00e9t\u00e9 de configurations.<\/span><\/section>\n<section>\n<div class=\"desc-image\"><img decoding=\"async\" src=\"https:\/\/media.ldlc.com\/bo\/images\/fiches\/RAM\/Gskill\/ripjaws_m5\/gskill_ripjaws_m5_rgb_black.jpg\" alt=\"\" \/><\/div>\n<div class=\"desc-text\">\n<h2><\/h2>\n<h2><span dir=\"auto\">Des ponts solides<\/span><\/h2>\n<ul>\n<li><span dir=\"auto\">La s\u00e9rie Ripjaws M5 RGB est con\u00e7ue pour extraire le potentiel de vitesse de la m\u00e9moire DDR5 afin d&#8217;apporter des performances \u00e9lev\u00e9es aux joueurs et aux overclockeurs.<\/span><\/li>\n<li><span dir=\"auto\">La m\u00e9moire DRAM DDR5 de la s\u00e9rie Ripjaws M5 RGB est livr\u00e9e avec des dissipateurs thermiques en aluminium mat et prend en charge l&#8217;\u00e9clairage\u00a0<\/span><strong><span dir=\"auto\">RVB personnalisable<\/span><\/strong><span dir=\"auto\">\u00a0.<\/span><\/li>\n<li><span dir=\"auto\">Chaque kit de m\u00e9moire Ripjaws M5 est test\u00e9 selon le processus de validation rigoureux de G.Skill.<\/span><\/li>\n<li><span dir=\"auto\">Vous pouvez utiliser Asus Aura Sync, Gigabyte RGB Fusion, MSI Mystic Light ou ASRock Polychrome Sync pour personnaliser les couleurs et les effets de votre m\u00e9moire Ripjaws M5 RGB sur les cartes m\u00e8res compatibles.<\/span><\/li>\n<li><span dir=\"auto\">Profils XMP 3.0<\/span><\/li>\n<\/ul>\n<\/div>\n<\/section>\n<\/div>\n<\/div>\n","protected":false},"excerpt":{"rendered":"<h6><a href=\"https:\/\/osaka.ma\/?taxonomy=pa_brands&amp;term=g-skill\"><img decoding=\"async\" class=\"\" src=\"https:\/\/osaka.ma\/wp-content\/uploads\/2025\/03\/G.SKILL_.png\" alt=\"G.SKILL\" width=\"81\" height=\"54\" \/><\/a><\/h6>\n<h6><span dir=\"auto\">Kit double canal (2 x 16 Go) DDR5 6000MHz &#8211; CL36 &#8211; NEUF<\/span><\/h6>\n<div class=\"text-base my-auto mx-auto pb-10 [--thread-content-margin:--spacing(4)] @[37rem]:[--thread-content-margin:--spacing(6)] @[72rem]:[--thread-content-margin:--spacing(16)] px-(--thread-content-margin)\">\n<div class=\"[--thread-content-max-width:32rem] @[34rem]:[--thread-content-max-width:40rem] @[64rem]:[--thread-content-max-width:48rem] mx-auto max-w-(--thread-content-max-width) flex-1 group\/turn-messages focus-visible:outline-hidden relative flex w-full min-w-0 flex-col agent-turn\" tabindex=\"-1\">\n<div class=\"flex max-w-full flex-col grow\">\n<div class=\"min-h-8 text-message relative flex w-full flex-col items-end gap-2 text-start break-words whitespace-normal [.text-message+&amp;]:mt-5\" dir=\"auto\" data-message-author-role=\"assistant\" data-message-id=\"d39863b1-0bf2-4dee-990e-a81eeb409013\" data-message-model-slug=\"gpt-5\">\n<div class=\"flex w-full flex-col gap-1 empty:hidden first:pt-[3px]\">\n<div class=\"markdown prose dark:prose-invert w-full break-words dark markdown-new-styling\">\n<p data-start=\"0\" data-end=\"221\" data-is-last-node=\"\" data-is-only-node=\"\">Les <strong>G.Skill Ripjaws M5<\/strong> sont des <strong>RAM DDR5<\/strong> hautes performances pour joueurs et passionn\u00e9s, avec dissipateurs en aluminium noir ou blanc et \u00e9clairage <strong>RGB<\/strong> personnalisable, disponibles en plusieurs capacit\u00e9s et fr\u00e9quences.<\/p>\n<\/div>\n<\/div>\n<\/div>\n<\/div>\n<\/div>\n<\/div>\n","protected":false},"featured_media":1017383,"template":"","meta":{"_acf_changed":false},"pwb-brand":[],"product_brand":[],"product_cat":[17,116,18],"product_tag":[],"pcb_component_type":[],"class_list":{"0":"post-17380","1":"product","2":"type-product","3":"status-publish","4":"has-post-thumbnail","6":"product_cat-composants-gaming","7":"product_cat-ddr5","8":"product_cat-ram","10":"first","11":"outofstock","12":"shipping-taxable","13":"product-type-simple"},"translation":{"provider":"WPGlobus","version":"3.0.2","language":"ru","enabled_languages":["en","es","de","fr","ru"],"languages":{"en":{"title":true,"content":true,"excerpt":true},"es":{"title":false,"content":false,"excerpt":false},"de":{"title":false,"content":false,"excerpt":false},"fr":{"title":false,"content":false,"excerpt":false},"ru":{"title":false,"content":false,"excerpt":false}}},"acf":[],"yoast_head":"<!-- This site is optimized with the Yoast SEO plugin v27.2 - https:\/\/yoast.com\/product\/yoast-seo-wordpress\/ -->\n<title>32GB G.Skill Ripjaws M5 RGB DDR5 6000MHz Performance - Osaka<\/title>\n<meta name=\"robots\" content=\"index, follow, max-snippet:-1, max-image-preview:large, max-video-preview:-1\" \/>\n<link rel=\"canonical\" href=\"https:\/\/osaka.ma\/product\/32gb-g-skill-ripjaws-m5-rgb-ddr5-6000mhz\/\" \/>\n<meta property=\"og:locale\" content=\"ru_RU\" \/>\n<meta property=\"og:type\" content=\"article\" \/>\n<meta property=\"og:title\" content=\"32GB G.Skill Ripjaws M5 RGB DDR5 6000MHz - Osaka\" \/>\n<meta property=\"og:url\" content=\"https:\/\/osaka.ma\/product\/32gb-g-skill-ripjaws-m5-rgb-ddr5-6000mhz\/\" \/>\n<meta property=\"og:site_name\" content=\"Osaka\" \/>\n<meta property=\"article:modified_time\" content=\"2025-12-28T12:05:57+00:00\" \/>\n<meta property=\"og:image\" content=\"https:\/\/osaka.ma\/wp-content\/uploads\/2025\/08\/G.Skill-Ripjaws-M5-RGB.jpg\" \/>\n\t<meta property=\"og:image:width\" content=\"1600\" \/>\n\t<meta property=\"og:image:height\" content=\"1600\" \/>\n\t<meta property=\"og:image:type\" content=\"image\/jpeg\" \/>\n<meta name=\"twitter:card\" content=\"summary_large_image\" \/>\n<meta name=\"twitter:label1\" content=\"Est. reading time\" \/>\n\t<meta name=\"twitter:data1\" content=\"3 minutes\" \/>\n<script type=\"application\/ld+json\" class=\"yoast-schema-graph\">{\"@context\":\"https:\/\/schema.org\",\"@graph\":[{\"@type\":\"WebPage\",\"@id\":\"https:\/\/osaka.ma\/product\/32gb-g-skill-ripjaws-m5-rgb-ddr5-6000mhz\/\",\"url\":\"https:\/\/osaka.ma\/product\/32gb-g-skill-ripjaws-m5-rgb-ddr5-6000mhz\/\",\"name\":\"32GB G.Skill Ripjaws M5 RGB DDR5 6000MHz Performance - Osaka\",\"isPartOf\":{\"@id\":\"https:\/\/osaka.ma\/#website\"},\"primaryImageOfPage\":{\"@id\":\"https:\/\/osaka.ma\/product\/32gb-g-skill-ripjaws-m5-rgb-ddr5-6000mhz\/#primaryimage\"},\"image\":{\"@id\":\"https:\/\/osaka.ma\/product\/32gb-g-skill-ripjaws-m5-rgb-ddr5-6000mhz\/#primaryimage\"},\"thumbnailUrl\":\"https:\/\/osaka.ma\/wp-content\/uploads\/2025\/08\/G.Skill-Ripjaws-M5-RGB.jpg\",\"datePublished\":\"2025-08-15T11:42:24+00:00\",\"dateModified\":\"2025-12-28T12:05:57+00:00\",\"description\":\"Am\u00e9liorez vos performances avec la m\u00e9moire 32GB G.Skill Ripjaws M5 RGB DDR5 6000MHz CL36 - OSAKA MAROC\",\"breadcrumb\":{\"@id\":\"https:\/\/osaka.ma\/product\/32gb-g-skill-ripjaws-m5-rgb-ddr5-6000mhz\/#breadcrumb\"},\"inLanguage\":\"ru-RU\",\"potentialAction\":[{\"@type\":\"ReadAction\",\"target\":[\"https:\/\/osaka.ma\/product\/32gb-g-skill-ripjaws-m5-rgb-ddr5-6000mhz\/\"]}]},{\"@type\":\"ImageObject\",\"inLanguage\":\"ru-RU\",\"@id\":\"https:\/\/osaka.ma\/product\/32gb-g-skill-ripjaws-m5-rgb-ddr5-6000mhz\/#primaryimage\",\"url\":\"https:\/\/osaka.ma\/wp-content\/uploads\/2025\/08\/G.Skill-Ripjaws-M5-RGB.jpg\",\"contentUrl\":\"https:\/\/osaka.ma\/wp-content\/uploads\/2025\/08\/G.Skill-Ripjaws-M5-RGB.jpg\",\"width\":1600,\"height\":1600,\"caption\":\"RAM 32GB G.Skill Ripjaws M5 RGB DDR5 6000MHz - CL36 - MAROC - PRIX\"},{\"@type\":\"BreadcrumbList\",\"@id\":\"https:\/\/osaka.ma\/product\/32gb-g-skill-ripjaws-m5-rgb-ddr5-6000mhz\/#breadcrumb\",\"itemListElement\":[{\"@type\":\"ListItem\",\"position\":1,\"name\":\"Home\",\"item\":\"https:\/\/osaka.ma\/\"},{\"@type\":\"ListItem\",\"position\":2,\"name\":\"Shop\",\"item\":\"https:\/\/osaka.ma\/shop-2\/\"},{\"@type\":\"ListItem\",\"position\":3,\"name\":\"32GB G.Skill Ripjaws M5 RGB DDR5 6000MHz\"}]},{\"@type\":\"WebSite\",\"@id\":\"https:\/\/osaka.ma\/#website\",\"url\":\"https:\/\/osaka.ma\/\",\"name\":\"Osaka\",\"description\":\"\",\"publisher\":{\"@id\":\"https:\/\/osaka.ma\/#organization\"},\"potentialAction\":[{\"@type\":\"SearchAction\",\"target\":{\"@type\":\"EntryPoint\",\"urlTemplate\":\"https:\/\/osaka.ma\/?s={search_term_string}\"},\"query-input\":{\"@type\":\"PropertyValueSpecification\",\"valueRequired\":true,\"valueName\":\"search_term_string\"}}],\"inLanguage\":\"ru-RU\"},{\"@type\":\"Organization\",\"@id\":\"https:\/\/osaka.ma\/#organization\",\"name\":\"Osaka\",\"url\":\"https:\/\/osaka.ma\/\",\"logo\":{\"@type\":\"ImageObject\",\"inLanguage\":\"ru-RU\",\"@id\":\"https:\/\/osaka.ma\/#\/schema\/logo\/image\/\",\"url\":\"https:\/\/osaka.ma\/wp-content\/uploads\/2026\/01\/model-slogan-logo-2Plan-de-travail-1dksl-plus-finnn.png\",\"contentUrl\":\"https:\/\/osaka.ma\/wp-content\/uploads\/2026\/01\/model-slogan-logo-2Plan-de-travail-1dksl-plus-finnn.png\",\"width\":842,\"height\":226,\"caption\":\"Osaka\"},\"image\":{\"@id\":\"https:\/\/osaka.ma\/#\/schema\/logo\/image\/\"}}]}<\/script>\n<!-- \/ Yoast SEO plugin. -->","yoast_head_json":{"title":"32GB G.Skill Ripjaws M5 RGB DDR5 6000MHz Performance - Osaka","robots":{"index":"index","follow":"follow","max-snippet":"max-snippet:-1","max-image-preview":"max-image-preview:large","max-video-preview":"max-video-preview:-1"},"canonical":"https:\/\/osaka.ma\/product\/32gb-g-skill-ripjaws-m5-rgb-ddr5-6000mhz\/","og_locale":"ru_RU","og_type":"article","og_title":"32GB G.Skill Ripjaws M5 RGB DDR5 6000MHz - Osaka","og_url":"https:\/\/osaka.ma\/product\/32gb-g-skill-ripjaws-m5-rgb-ddr5-6000mhz\/","og_site_name":"Osaka","article_modified_time":"2025-12-28T12:05:57+00:00","og_image":[{"width":1600,"height":1600,"url":"https:\/\/osaka.ma\/wp-content\/uploads\/2025\/08\/G.Skill-Ripjaws-M5-RGB.jpg","type":"image\/jpeg"}],"twitter_card":"summary_large_image","twitter_misc":{"Est. reading time":"3 minutes"},"schema":{"@context":"https:\/\/schema.org","@graph":[{"@type":"WebPage","@id":"https:\/\/osaka.ma\/product\/32gb-g-skill-ripjaws-m5-rgb-ddr5-6000mhz\/","url":"https:\/\/osaka.ma\/product\/32gb-g-skill-ripjaws-m5-rgb-ddr5-6000mhz\/","name":"32GB G.Skill Ripjaws M5 RGB DDR5 6000MHz Performance - Osaka","isPartOf":{"@id":"https:\/\/osaka.ma\/#website"},"primaryImageOfPage":{"@id":"https:\/\/osaka.ma\/product\/32gb-g-skill-ripjaws-m5-rgb-ddr5-6000mhz\/#primaryimage"},"image":{"@id":"https:\/\/osaka.ma\/product\/32gb-g-skill-ripjaws-m5-rgb-ddr5-6000mhz\/#primaryimage"},"thumbnailUrl":"https:\/\/osaka.ma\/wp-content\/uploads\/2025\/08\/G.Skill-Ripjaws-M5-RGB.jpg","datePublished":"2025-08-15T11:42:24+00:00","dateModified":"2025-12-28T12:05:57+00:00","description":"Am\u00e9liorez vos performances avec la m\u00e9moire 32GB G.Skill Ripjaws M5 RGB DDR5 6000MHz CL36 - OSAKA MAROC","breadcrumb":{"@id":"https:\/\/osaka.ma\/product\/32gb-g-skill-ripjaws-m5-rgb-ddr5-6000mhz\/#breadcrumb"},"inLanguage":"ru-RU","potentialAction":[{"@type":"ReadAction","target":["https:\/\/osaka.ma\/product\/32gb-g-skill-ripjaws-m5-rgb-ddr5-6000mhz\/"]}]},{"@type":"ImageObject","inLanguage":"ru-RU","@id":"https:\/\/osaka.ma\/product\/32gb-g-skill-ripjaws-m5-rgb-ddr5-6000mhz\/#primaryimage","url":"https:\/\/osaka.ma\/wp-content\/uploads\/2025\/08\/G.Skill-Ripjaws-M5-RGB.jpg","contentUrl":"https:\/\/osaka.ma\/wp-content\/uploads\/2025\/08\/G.Skill-Ripjaws-M5-RGB.jpg","width":1600,"height":1600,"caption":"RAM 32GB G.Skill Ripjaws M5 RGB DDR5 6000MHz - CL36 - MAROC - PRIX"},{"@type":"BreadcrumbList","@id":"https:\/\/osaka.ma\/product\/32gb-g-skill-ripjaws-m5-rgb-ddr5-6000mhz\/#breadcrumb","itemListElement":[{"@type":"ListItem","position":1,"name":"Home","item":"https:\/\/osaka.ma\/"},{"@type":"ListItem","position":2,"name":"Shop","item":"https:\/\/osaka.ma\/shop-2\/"},{"@type":"ListItem","position":3,"name":"32GB G.Skill Ripjaws M5 RGB DDR5 6000MHz"}]},{"@type":"WebSite","@id":"https:\/\/osaka.ma\/#website","url":"https:\/\/osaka.ma\/","name":"Osaka","description":"","publisher":{"@id":"https:\/\/osaka.ma\/#organization"},"potentialAction":[{"@type":"SearchAction","target":{"@type":"EntryPoint","urlTemplate":"https:\/\/osaka.ma\/?s={search_term_string}"},"query-input":{"@type":"PropertyValueSpecification","valueRequired":true,"valueName":"search_term_string"}}],"inLanguage":"ru-RU"},{"@type":"Organization","@id":"https:\/\/osaka.ma\/#organization","name":"Osaka","url":"https:\/\/osaka.ma\/","logo":{"@type":"ImageObject","inLanguage":"ru-RU","@id":"https:\/\/osaka.ma\/#\/schema\/logo\/image\/","url":"https:\/\/osaka.ma\/wp-content\/uploads\/2026\/01\/model-slogan-logo-2Plan-de-travail-1dksl-plus-finnn.png","contentUrl":"https:\/\/osaka.ma\/wp-content\/uploads\/2026\/01\/model-slogan-logo-2Plan-de-travail-1dksl-plus-finnn.png","width":842,"height":226,"caption":"Osaka"},"image":{"@id":"https:\/\/osaka.ma\/#\/schema\/logo\/image\/"}}]}},"jetpack_sharing_enabled":true,"brands":[],"_links":{"self":[{"href":"https:\/\/osaka.ma\/ru\/wp-json\/wp\/v2\/product\/17380","targetHints":{"allow":["GET"]}}],"collection":[{"href":"https:\/\/osaka.ma\/ru\/wp-json\/wp\/v2\/product"}],"about":[{"href":"https:\/\/osaka.ma\/ru\/wp-json\/wp\/v2\/types\/product"}],"version-history":[{"count":0,"href":"https:\/\/osaka.ma\/ru\/wp-json\/wp\/v2\/product\/17380\/revisions"}],"wp:featuredmedia":[{"embeddable":true,"href":"https:\/\/osaka.ma\/ru\/wp-json\/wp\/v2\/media\/1017383"}],"wp:attachment":[{"href":"https:\/\/osaka.ma\/ru\/wp-json\/wp\/v2\/media?parent=17380"}],"wp:term":[{"taxonomy":"pwb-brand","embeddable":true,"href":"https:\/\/osaka.ma\/ru\/wp-json\/wp\/v2\/pwb-brand?post=17380"},{"taxonomy":"product_brand","embeddable":true,"href":"https:\/\/osaka.ma\/ru\/wp-json\/wp\/v2\/product_brand?post=17380"},{"taxonomy":"product_cat","embeddable":true,"href":"https:\/\/osaka.ma\/ru\/wp-json\/wp\/v2\/product_cat?post=17380"},{"taxonomy":"product_tag","embeddable":true,"href":"https:\/\/osaka.ma\/ru\/wp-json\/wp\/v2\/product_tag?post=17380"},{"taxonomy":"pcb_component_type","embeddable":true,"href":"https:\/\/osaka.ma\/ru\/wp-json\/wp\/v2\/pcb_component_type?post=17380"}],"curies":[{"name":"wp","href":"https:\/\/api.w.org\/{rel}","templated":true}]}}