{"id":17498,"date":"2025-08-28T13:07:51","date_gmt":"2025-08-28T12:07:51","guid":{"rendered":"https:\/\/osaka.ma\/?post_type=product&#038;p=17498"},"modified":"2025-11-22T01:05:48","modified_gmt":"2025-11-22T00:05:48","slug":"1to-western-digital-black-wd-sn7100","status":"publish","type":"product","link":"https:\/\/osaka.ma\/ru\/product\/1to-western-digital-black-wd-sn7100\/","title":{"rendered":"1To Western Digital Black WD SN7100"},"content":{"rendered":"<h2><img decoding=\"async\" class=\"aligncenter\" src=\"https:\/\/media.ldlc.com\/v3\/marque\/bo\/00\/05\/59\/20\/V30005592097_2.jpg\" alt=\"WD_Black\" \/><\/h2>\n<p>&nbsp;<\/p>\n<h2 class=\"ds-markdown-paragraph\"><strong>Con\u00e7u pour un meilleur gaming, quelle que soit votre fa\u00e7on de jouer.<\/strong><\/h2>\n<p class=\"ds-markdown-paragraph\">Pr\u00e9parez-vous \u00e0 jouer encore plus vite avec le <strong>SSD WD BLACK SN7100 NVMe\u2122<\/strong>, offrant des vitesses de lecture allant jusqu&#8217;\u00e0 7 250 Mo\/s\u00a0 et d&#8217;\u00e9criture jusqu&#8217;\u00e0 6 900 Mo\/s\u00a0 (mod\u00e8les de 1 \u00e0 2 To ), soit une am\u00e9lioration de performance allant jusqu&#8217;\u00e0 35 % par rapport \u00e0 la g\u00e9n\u00e9ration pr\u00e9c\u00e9dente . Con\u00e7u sp\u00e9cialement pour les ordinateurs portables et les handhelds de gaming, \u00e9liminez les temps de chargement et dominez vos sessions de jeu les plus intenses gr\u00e2ce \u00e0 une efficacit\u00e9 \u00e9nerg\u00e9tique am\u00e9lior\u00e9e \u00e0 vitesse maximale. Stockez plus de jeux et gardez de l&#8217;espace pour les mises \u00e0 jour futures et les DLC, avec des capacit\u00e9s allant jusqu&#8217;\u00e0 4 To . Am\u00e9liorez d\u00e8s maintenant et assurez-vous d&#8217;\u00eatre pr\u00eat pour les exigences des applications d&#8217;IA et du gaming de nouvelle g\u00e9n\u00e9ration.<\/p>\n<h3>Sp\u00e9cifications techniques\u00a0 :<\/h3>\n<ul>\n<li class=\"ds-markdown-paragraph\"><strong>Format de Disque<\/strong> : <strong><span style=\"color: #3366ff;\">M.2 2280\u00a0<\/span><\/strong><\/li>\n<li class=\"ds-markdown-paragraph\"><strong>Capacit\u00e9 de disque<\/strong>\u00a0: <span style=\"color: #3366ff;\"><strong>1 To (1000 Go)<\/strong><\/span><\/li>\n<li class=\"ds-markdown-paragraph\"><strong>Interface<\/strong>\u00a0: <strong><span style=\"color: #3366ff;\">PCIe 4.0 x4 (NVMe 2.0)<\/span><\/strong><\/li>\n<li class=\"ds-markdown-paragraph\"><strong>Vitesse en lecture<\/strong>\u00a0:<strong><span style=\"color: #3366ff;\"> Jusqu&#8217;\u00e0 7 250 Mo\/s<\/span><\/strong><\/li>\n<li class=\"ds-markdown-paragraph\"><strong>Vitesse en \u00e9criture<\/strong>\u00a0: <span style=\"color: #3366ff;\"><strong>Jusqu&#8217;\u00e0 6 900 Mo\/s<\/strong><\/span><\/li>\n<\/ul>\n","protected":false},"excerpt":{"rendered":"<p><span style=\"color: #3366ff;\"><strong>SSD 1 To M.2 2280 PCIe NVMe 4.0 x4 \u2013 Version TRAY<\/strong><\/span><\/p>\n<p>Le\u00a0<strong>WD_BLACK SN7100<\/strong>\u00a0est un SSD NVMe PCIe 4.0 performant et \u00e9conome en \u00e9nergie, con\u00e7u pour les gamers et les cr\u00e9ateurs. Id\u00e9al pour les PC portables, les consoles PS5 et les handhelds, il offre des vitesses \u00e9lev\u00e9es et une compatibilit\u00e9 universelle.<\/p>\n<h5>Sp\u00e9cifications techniques\u00a0 :<\/h5>\n<ul>\n<li class=\"ds-markdown-paragraph\"><strong>Format de Disque<\/strong> : <strong><span style=\"color: #3366ff;\">M.2 2280\u00a0<\/span><\/strong><\/li>\n<li class=\"ds-markdown-paragraph\"><strong>Capacit\u00e9 de disque<\/strong>\u00a0: <span style=\"color: #3366ff;\"><strong>1 To (1000 Go)<\/strong><\/span><\/li>\n<li class=\"ds-markdown-paragraph\"><strong>Interface<\/strong>\u00a0: <strong><span style=\"color: #3366ff;\">PCIe 4.0 x4 (NVMe 2.0)<\/span><\/strong><\/li>\n<li class=\"ds-markdown-paragraph\"><strong>Vitesse en lecture<\/strong>\u00a0:<strong><span style=\"color: #3366ff;\"> Jusqu&#8217;\u00e0 7 250 Mo\/s<\/span><\/strong><\/li>\n<li class=\"ds-markdown-paragraph\"><strong>Vitesse en \u00e9criture<\/strong>\u00a0: <span style=\"color: #3366ff;\"><strong>Jusqu&#8217;\u00e0 6 900 Mo\/s<\/strong><\/span><\/li>\n<\/ul>\n","protected":false},"featured_media":1017500,"template":"","meta":{"_acf_changed":false},"pwb-brand":[],"product_brand":[],"product_cat":[17,22],"product_tag":[],"pcb_component_type":[],"class_list":{"0":"post-17498","1":"product","2":"type-product","3":"status-publish","4":"has-post-thumbnail","6":"product_cat-composants-gaming","7":"product_cat-disque-dur-ssd","9":"first","10":"outofstock","11":"shipping-taxable","12":"product-type-simple"},"translation":{"provider":"WPGlobus","version":"3.0.2","language":"ru","enabled_languages":["en","es","de","fr","ru"],"languages":{"en":{"title":true,"content":true,"excerpt":true},"es":{"title":false,"content":false,"excerpt":false},"de":{"title":false,"content":false,"excerpt":false},"fr":{"title":false,"content":false,"excerpt":false},"ru":{"title":false,"content":false,"excerpt":false}}},"acf":[],"yoast_head":"<!-- This site is optimized with the Yoast SEO plugin v27.2 - https:\/\/yoast.com\/product\/yoast-seo-wordpress\/ -->\n<title>1To WD Black SN7100 : SSD Ultra Rapide 7250 Mo\/s - Osaka<\/title>\n<meta name=\"robots\" content=\"index, follow, max-snippet:-1, max-image-preview:large, max-video-preview:-1\" \/>\n<link rel=\"canonical\" href=\"https:\/\/osaka.ma\/product\/1to-western-digital-black-wd-sn7100\/\" \/>\n<meta property=\"og:locale\" content=\"ru_RU\" \/>\n<meta property=\"og:type\" content=\"article\" \/>\n<meta property=\"og:title\" content=\"1To Western Digital Black WD SN7100 - Osaka\" \/>\n<meta property=\"og:url\" content=\"https:\/\/osaka.ma\/product\/1to-western-digital-black-wd-sn7100\/\" \/>\n<meta property=\"og:site_name\" content=\"Osaka\" \/>\n<meta property=\"article:modified_time\" content=\"2025-11-22T00:05:48+00:00\" \/>\n<meta property=\"og:image\" content=\"https:\/\/osaka.ma\/wp-content\/uploads\/2025\/08\/WD-BLACK-SN7100-1TB_1.jpg\" \/>\n\t<meta property=\"og:image:width\" content=\"1280\" \/>\n\t<meta property=\"og:image:height\" content=\"1280\" \/>\n\t<meta property=\"og:image:type\" content=\"image\/jpeg\" \/>\n<meta name=\"twitter:card\" content=\"summary_large_image\" \/>\n<meta name=\"twitter:label1\" content=\"Est. reading time\" \/>\n\t<meta name=\"twitter:data1\" content=\"2 minutes\" \/>\n<script type=\"application\/ld+json\" class=\"yoast-schema-graph\">{\"@context\":\"https:\/\/schema.org\",\"@graph\":[{\"@type\":\"WebPage\",\"@id\":\"https:\/\/osaka.ma\/product\/1to-western-digital-black-wd-sn7100\/\",\"url\":\"https:\/\/osaka.ma\/product\/1to-western-digital-black-wd-sn7100\/\",\"name\":\"1To WD Black SN7100 : SSD Ultra Rapide 7250 Mo\/s - Osaka\",\"isPartOf\":{\"@id\":\"https:\/\/osaka.ma\/#website\"},\"primaryImageOfPage\":{\"@id\":\"https:\/\/osaka.ma\/product\/1to-western-digital-black-wd-sn7100\/#primaryimage\"},\"image\":{\"@id\":\"https:\/\/osaka.ma\/product\/1to-western-digital-black-wd-sn7100\/#primaryimage\"},\"thumbnailUrl\":\"https:\/\/osaka.ma\/wp-content\/uploads\/2025\/08\/WD-BLACK-SN7100-1TB_1.jpg\",\"datePublished\":\"2025-08-28T12:07:51+00:00\",\"dateModified\":\"2025-11-22T00:05:48+00:00\",\"description\":\"Boostez vos performances de jeu avec le SSD 1To WD Black SN7100 ! Des vitesses de lecture impressionnantes vous attendent - Osaka PC Gamer - Maroc .\",\"breadcrumb\":{\"@id\":\"https:\/\/osaka.ma\/product\/1to-western-digital-black-wd-sn7100\/#breadcrumb\"},\"inLanguage\":\"ru-RU\",\"potentialAction\":[{\"@type\":\"ReadAction\",\"target\":[\"https:\/\/osaka.ma\/product\/1to-western-digital-black-wd-sn7100\/\"]}]},{\"@type\":\"ImageObject\",\"inLanguage\":\"ru-RU\",\"@id\":\"https:\/\/osaka.ma\/product\/1to-western-digital-black-wd-sn7100\/#primaryimage\",\"url\":\"https:\/\/osaka.ma\/wp-content\/uploads\/2025\/08\/WD-BLACK-SN7100-1TB_1.jpg\",\"contentUrl\":\"https:\/\/osaka.ma\/wp-content\/uploads\/2025\/08\/WD-BLACK-SN7100-1TB_1.jpg\",\"width\":1280,\"height\":1280,\"caption\":\"1To Western Digital Black WD SN7100 - SSD NVMe - Osaka PC Gamer - Maroc\"},{\"@type\":\"BreadcrumbList\",\"@id\":\"https:\/\/osaka.ma\/product\/1to-western-digital-black-wd-sn7100\/#breadcrumb\",\"itemListElement\":[{\"@type\":\"ListItem\",\"position\":1,\"name\":\"Home\",\"item\":\"https:\/\/osaka.ma\/\"},{\"@type\":\"ListItem\",\"position\":2,\"name\":\"Shop\",\"item\":\"https:\/\/osaka.ma\/shop-2\/\"},{\"@type\":\"ListItem\",\"position\":3,\"name\":\"1To Western Digital Black WD SN7100\"}]},{\"@type\":\"WebSite\",\"@id\":\"https:\/\/osaka.ma\/#website\",\"url\":\"https:\/\/osaka.ma\/\",\"name\":\"Osaka\",\"description\":\"\",\"publisher\":{\"@id\":\"https:\/\/osaka.ma\/#organization\"},\"potentialAction\":[{\"@type\":\"SearchAction\",\"target\":{\"@type\":\"EntryPoint\",\"urlTemplate\":\"https:\/\/osaka.ma\/?s={search_term_string}\"},\"query-input\":{\"@type\":\"PropertyValueSpecification\",\"valueRequired\":true,\"valueName\":\"search_term_string\"}}],\"inLanguage\":\"ru-RU\"},{\"@type\":\"Organization\",\"@id\":\"https:\/\/osaka.ma\/#organization\",\"name\":\"Osaka\",\"url\":\"https:\/\/osaka.ma\/\",\"logo\":{\"@type\":\"ImageObject\",\"inLanguage\":\"ru-RU\",\"@id\":\"https:\/\/osaka.ma\/#\/schema\/logo\/image\/\",\"url\":\"https:\/\/osaka.ma\/wp-content\/uploads\/2026\/01\/model-slogan-logo-2Plan-de-travail-1dksl-plus-finnn.png\",\"contentUrl\":\"https:\/\/osaka.ma\/wp-content\/uploads\/2026\/01\/model-slogan-logo-2Plan-de-travail-1dksl-plus-finnn.png\",\"width\":842,\"height\":226,\"caption\":\"Osaka\"},\"image\":{\"@id\":\"https:\/\/osaka.ma\/#\/schema\/logo\/image\/\"}}]}<\/script>\n<!-- \/ Yoast SEO plugin. -->","yoast_head_json":{"title":"1To WD Black SN7100 : SSD Ultra Rapide 7250 Mo\/s - Osaka","robots":{"index":"index","follow":"follow","max-snippet":"max-snippet:-1","max-image-preview":"max-image-preview:large","max-video-preview":"max-video-preview:-1"},"canonical":"https:\/\/osaka.ma\/product\/1to-western-digital-black-wd-sn7100\/","og_locale":"ru_RU","og_type":"article","og_title":"1To Western Digital Black WD SN7100 - Osaka","og_url":"https:\/\/osaka.ma\/product\/1to-western-digital-black-wd-sn7100\/","og_site_name":"Osaka","article_modified_time":"2025-11-22T00:05:48+00:00","og_image":[{"width":1280,"height":1280,"url":"https:\/\/osaka.ma\/wp-content\/uploads\/2025\/08\/WD-BLACK-SN7100-1TB_1.jpg","type":"image\/jpeg"}],"twitter_card":"summary_large_image","twitter_misc":{"Est. reading time":"2 minutes"},"schema":{"@context":"https:\/\/schema.org","@graph":[{"@type":"WebPage","@id":"https:\/\/osaka.ma\/product\/1to-western-digital-black-wd-sn7100\/","url":"https:\/\/osaka.ma\/product\/1to-western-digital-black-wd-sn7100\/","name":"1To WD Black SN7100 : SSD Ultra Rapide 7250 Mo\/s - Osaka","isPartOf":{"@id":"https:\/\/osaka.ma\/#website"},"primaryImageOfPage":{"@id":"https:\/\/osaka.ma\/product\/1to-western-digital-black-wd-sn7100\/#primaryimage"},"image":{"@id":"https:\/\/osaka.ma\/product\/1to-western-digital-black-wd-sn7100\/#primaryimage"},"thumbnailUrl":"https:\/\/osaka.ma\/wp-content\/uploads\/2025\/08\/WD-BLACK-SN7100-1TB_1.jpg","datePublished":"2025-08-28T12:07:51+00:00","dateModified":"2025-11-22T00:05:48+00:00","description":"Boostez vos performances de jeu avec le SSD 1To WD Black SN7100 ! Des vitesses de lecture impressionnantes vous attendent - Osaka PC Gamer - Maroc .","breadcrumb":{"@id":"https:\/\/osaka.ma\/product\/1to-western-digital-black-wd-sn7100\/#breadcrumb"},"inLanguage":"ru-RU","potentialAction":[{"@type":"ReadAction","target":["https:\/\/osaka.ma\/product\/1to-western-digital-black-wd-sn7100\/"]}]},{"@type":"ImageObject","inLanguage":"ru-RU","@id":"https:\/\/osaka.ma\/product\/1to-western-digital-black-wd-sn7100\/#primaryimage","url":"https:\/\/osaka.ma\/wp-content\/uploads\/2025\/08\/WD-BLACK-SN7100-1TB_1.jpg","contentUrl":"https:\/\/osaka.ma\/wp-content\/uploads\/2025\/08\/WD-BLACK-SN7100-1TB_1.jpg","width":1280,"height":1280,"caption":"1To Western Digital Black WD SN7100 - SSD NVMe - Osaka PC Gamer - Maroc"},{"@type":"BreadcrumbList","@id":"https:\/\/osaka.ma\/product\/1to-western-digital-black-wd-sn7100\/#breadcrumb","itemListElement":[{"@type":"ListItem","position":1,"name":"Home","item":"https:\/\/osaka.ma\/"},{"@type":"ListItem","position":2,"name":"Shop","item":"https:\/\/osaka.ma\/shop-2\/"},{"@type":"ListItem","position":3,"name":"1To Western Digital Black WD SN7100"}]},{"@type":"WebSite","@id":"https:\/\/osaka.ma\/#website","url":"https:\/\/osaka.ma\/","name":"Osaka","description":"","publisher":{"@id":"https:\/\/osaka.ma\/#organization"},"potentialAction":[{"@type":"SearchAction","target":{"@type":"EntryPoint","urlTemplate":"https:\/\/osaka.ma\/?s={search_term_string}"},"query-input":{"@type":"PropertyValueSpecification","valueRequired":true,"valueName":"search_term_string"}}],"inLanguage":"ru-RU"},{"@type":"Organization","@id":"https:\/\/osaka.ma\/#organization","name":"Osaka","url":"https:\/\/osaka.ma\/","logo":{"@type":"ImageObject","inLanguage":"ru-RU","@id":"https:\/\/osaka.ma\/#\/schema\/logo\/image\/","url":"https:\/\/osaka.ma\/wp-content\/uploads\/2026\/01\/model-slogan-logo-2Plan-de-travail-1dksl-plus-finnn.png","contentUrl":"https:\/\/osaka.ma\/wp-content\/uploads\/2026\/01\/model-slogan-logo-2Plan-de-travail-1dksl-plus-finnn.png","width":842,"height":226,"caption":"Osaka"},"image":{"@id":"https:\/\/osaka.ma\/#\/schema\/logo\/image\/"}}]}},"jetpack_sharing_enabled":true,"brands":[],"_links":{"self":[{"href":"https:\/\/osaka.ma\/ru\/wp-json\/wp\/v2\/product\/17498","targetHints":{"allow":["GET"]}}],"collection":[{"href":"https:\/\/osaka.ma\/ru\/wp-json\/wp\/v2\/product"}],"about":[{"href":"https:\/\/osaka.ma\/ru\/wp-json\/wp\/v2\/types\/product"}],"version-history":[{"count":0,"href":"https:\/\/osaka.ma\/ru\/wp-json\/wp\/v2\/product\/17498\/revisions"}],"wp:featuredmedia":[{"embeddable":true,"href":"https:\/\/osaka.ma\/ru\/wp-json\/wp\/v2\/media\/1017500"}],"wp:attachment":[{"href":"https:\/\/osaka.ma\/ru\/wp-json\/wp\/v2\/media?parent=17498"}],"wp:term":[{"taxonomy":"pwb-brand","embeddable":true,"href":"https:\/\/osaka.ma\/ru\/wp-json\/wp\/v2\/pwb-brand?post=17498"},{"taxonomy":"product_brand","embeddable":true,"href":"https:\/\/osaka.ma\/ru\/wp-json\/wp\/v2\/product_brand?post=17498"},{"taxonomy":"product_cat","embeddable":true,"href":"https:\/\/osaka.ma\/ru\/wp-json\/wp\/v2\/product_cat?post=17498"},{"taxonomy":"product_tag","embeddable":true,"href":"https:\/\/osaka.ma\/ru\/wp-json\/wp\/v2\/product_tag?post=17498"},{"taxonomy":"pcb_component_type","embeddable":true,"href":"https:\/\/osaka.ma\/ru\/wp-json\/wp\/v2\/pcb_component_type?post=17498"}],"curies":[{"name":"wp","href":"https:\/\/api.w.org\/{rel}","templated":true}]}}