{"id":17502,"date":"2025-08-28T16:17:54","date_gmt":"2025-08-28T15:17:54","guid":{"rendered":"https:\/\/osaka.ma\/?post_type=product&#038;p=17502"},"modified":"2026-03-07T01:07:22","modified_gmt":"2026-03-07T00:07:22","slug":"2to-crucial-p310-m-2-ssd-nvme","status":"publish","type":"product","link":"https:\/\/osaka.ma\/ru\/product\/2to-crucial-p310-m-2-ssd-nvme\/","title":{"rendered":"2To Crucial P310 M.2 SSD NVMe"},"content":{"rendered":"<div class=\"logo\"><img decoding=\"async\" class=\"aligncenter\" src=\"https:\/\/media.ldlc.com\/v3\/marque\/bo\/00\/06\/23\/01\/V30006230167.jpg\" alt=\"Crucial\" \/><\/div>\n<div><\/div>\n<div id=\"description\" class=\"description\">\n<div class=\"details-pdt-desc\">\n<h2 class=\"h2-master\">Crucial P310 : Un gameplay et des d\u00e9marrages plus rapides<\/h2>\n<section>Le\u00a0<strong>SSD M.2 NVMe PCIe 4.0 x4 Crucial P310<\/strong>\u00a0vous permet de stocker encore plus de jeux sans sacrifier la vitesse et les performances. Avec des vitesses de lecture de 7100 Mo\/s et d&#8217;\u00e9criture 6000 Mo\/s, le P310 est id\u00e9al pour consoles de jeux portables en permettant d&#8217;augmenter le nombre de jeux stock\u00e9s tout en b\u00e9n\u00e9ficiant de performances sup\u00e9rieures. Faites l&#8217;exp\u00e9rience d&#8217;un stockage de qualit\u00e9 con\u00e7u avec la 3D Technologie NAND sign\u00e9e Micron et laissez le P310 transformer votre monde de jeu.<\/p>\n<\/section>\n<section>\n<div class=\"desc-image\"><img decoding=\"async\" src=\"https:\/\/media.ldlc.com\/bo\/images\/fiches\/Disque_dur_SSD\/crucial\/crucial_p310_m2280.jpg\" alt=\"\" \/><\/div>\n<div class=\"desc-text\">\n<h2>Points forts<\/h2>\n<ul>\n<li>Faites du stockage de votre ordinateur portable le GOAT avec le SSD P310. Le SSD de Crucial offre des vitesses de lecture allant jusqu&#8217;\u00e0 7100 Mo\/s et des lectures al\u00e9atoires jusqu&#8217;\u00e0 1 million d&#8217;IOPS.<\/li>\n<li>Pour atteindre des performances optimales, rejoignez le clan Crucial pour un stockage plus performant qui vous permet de vous concentrer sur ce qui vous int\u00e9resse. Stockez et chargez des jeux plus rapidement avec des capacit\u00e9s allant jusqu&#8217;\u00e0 2 To et am\u00e9liorez votre biblioth\u00e8que.<\/li>\n<li>Ne vous souciez pas des temps de latence et\u00a0d\u00e9couvrez un gameplay plus fluide gr\u00e2ce \u00e0 un chargement plus rapide des jeux qui sont \u00e0 port\u00e9e de main dans votre biblioth\u00e8que de jeux ultime.<\/li>\n<li>Augmenter la capacit\u00e9 de stockage de votre appareil ne devrait pas vous co\u00fbter en performances, c&#8217;est pourquoi le SSD P310 donne la priorit\u00e9 \u00e0 l&#8217;efficacit\u00e9 \u00e9nerg\u00e9tique afin que vous puissiez limiter la perte de batterie lors de vos d\u00e9placements.<\/li>\n<\/ul>\n<\/div>\n<\/section>\n<\/div>\n<\/div>\n","protected":false},"excerpt":{"rendered":"<h6><span style=\"color: #3366ff;\"><strong>SSD 2 To 3D NAND M.2 2280 NVMe &#8211; PCIe 4.0 x4 &#8211; Version TRAY<\/strong><\/span><\/h6>\n<p>Le <strong>Crucial P310<\/strong> est un SSD NVMe Gen4 performant et abordable, id\u00e9al pour le gaming et les mises \u00e0 niveau quotidiennes.<\/p>\n<div class=\"_4f9bf79 _43c05b5\">\n<div class=\"ds-markdown ds-markdown--block\">\n<h5>Caract\u00e9ristiques Principales :<\/h5>\n<ul>\n<li class=\"ds-markdown-paragraph\"><strong>Format de Disque<\/strong>\u00a0: <span style=\"color: #3366ff;\"><strong>M.2 2280<\/strong><\/span><\/li>\n<li class=\"ds-markdown-paragraph\"><strong>Capacit\u00e9 de disque<\/strong>\u00a0:<span style=\"color: #3366ff;\"><strong> 2 To<\/strong><\/span><\/li>\n<li class=\"ds-markdown-paragraph\"><strong>Interface<\/strong>\u00a0: <strong><span style=\"color: #3366ff;\">PCIe Gen 4.0 x4, NVMe 2.0<\/span><\/strong><\/li>\n<li class=\"ds-markdown-paragraph\"><strong>Vitesse en lecture<\/strong>\u00a0: <strong><span style=\"color: #3366ff;\">Jusqu&#8217;\u00e0 7 100 Mo\/s<\/span><\/strong><\/li>\n<li class=\"ds-markdown-paragraph\"><strong>Vitesse en \u00e9criture<\/strong>\u00a0: <strong><span style=\"color: #3366ff;\">Jusqu&#8217;\u00e0 6 000 Mo\/s<\/span><\/strong><\/li>\n<\/ul>\n<\/div>\n<div class=\"ds-flex\">\n<div class=\"ds-flex _965abe9\"><\/div>\n<\/div>\n<\/div>\n","protected":false},"featured_media":1017503,"template":"","meta":{"_acf_changed":false},"pwb-brand":[],"product_brand":[],"product_cat":[17,22],"product_tag":[],"pcb_component_type":[],"class_list":{"0":"post-17502","1":"product","2":"type-product","3":"status-publish","4":"has-post-thumbnail","6":"product_cat-composants-gaming","7":"product_cat-disque-dur-ssd","9":"first","10":"instock","11":"sale","12":"shipping-taxable","13":"purchasable","14":"product-type-simple"},"translation":{"provider":"WPGlobus","version":"3.0.2","language":"ru","enabled_languages":["en","es","de","fr","ru"],"languages":{"en":{"title":true,"content":true,"excerpt":true},"es":{"title":false,"content":false,"excerpt":false},"de":{"title":false,"content":false,"excerpt":false},"fr":{"title":false,"content":false,"excerpt":false},"ru":{"title":false,"content":false,"excerpt":false}}},"acf":[],"yoast_head":"<!-- This site is optimized with the Yoast SEO plugin v27.2 - https:\/\/yoast.com\/product\/yoast-seo-wordpress\/ -->\n<title>2To Crucial P310 NVMe: Vitesse et Performance - Osaka<\/title>\n<meta name=\"robots\" content=\"index, follow, max-snippet:-1, max-image-preview:large, max-video-preview:-1\" \/>\n<link rel=\"canonical\" href=\"https:\/\/osaka.ma\/ru\/product\/2to-crucial-p310-m-2-ssd-nvme\/\" \/>\n<meta property=\"og:locale\" content=\"ru_RU\" \/>\n<meta property=\"og:type\" content=\"article\" \/>\n<meta property=\"og:title\" content=\"2To Crucial P310 M.2 SSD NVMe - Osaka\" \/>\n<meta property=\"og:url\" content=\"https:\/\/osaka.ma\/ru\/product\/2to-crucial-p310-m-2-ssd-nvme\/\" \/>\n<meta property=\"og:site_name\" content=\"Osaka\" \/>\n<meta property=\"article:modified_time\" content=\"2026-03-07T00:07:22+00:00\" \/>\n<meta property=\"og:image\" content=\"https:\/\/osaka.ma\/wp-content\/uploads\/2025\/08\/CRUCIAL-P310.jpg\" \/>\n\t<meta property=\"og:image:width\" content=\"1600\" \/>\n\t<meta property=\"og:image:height\" content=\"1600\" \/>\n\t<meta property=\"og:image:type\" content=\"image\/jpeg\" \/>\n<meta name=\"twitter:card\" content=\"summary_large_image\" \/>\n<meta name=\"twitter:label1\" content=\"Est. reading time\" \/>\n\t<meta name=\"twitter:data1\" content=\"3 minutes\" \/>\n<script type=\"application\/ld+json\" class=\"yoast-schema-graph\">{\"@context\":\"https:\/\/schema.org\",\"@graph\":[{\"@type\":\"WebPage\",\"@id\":\"https:\/\/osaka.ma\/ru\/product\/2to-crucial-p310-m-2-ssd-nvme\/\",\"url\":\"https:\/\/osaka.ma\/ru\/product\/2to-crucial-p310-m-2-ssd-nvme\/\",\"name\":\"2To Crucial P310 NVMe: Vitesse et Performance - Osaka\",\"isPartOf\":{\"@id\":\"https:\/\/osaka.ma\/#website\"},\"primaryImageOfPage\":{\"@id\":\"https:\/\/osaka.ma\/ru\/product\/2to-crucial-p310-m-2-ssd-nvme\/#primaryimage\"},\"image\":{\"@id\":\"https:\/\/osaka.ma\/ru\/product\/2to-crucial-p310-m-2-ssd-nvme\/#primaryimage\"},\"thumbnailUrl\":\"https:\/\/osaka.ma\/wp-content\/uploads\/2025\/08\/CRUCIAL-P310.jpg\",\"datePublished\":\"2025-08-28T15:17:54+00:00\",\"dateModified\":\"2026-03-07T00:07:22+00:00\",\"description\":\"Am\u00e9liorez votre exp\u00e9rience de jeu avec le SSD 2To Crucial P310 NVMe. Profitez de vitesses de lecture incroyables de 7100 Mo\/s\u00a0- Osaka PC Gamer - Maroc.\",\"breadcrumb\":{\"@id\":\"https:\/\/osaka.ma\/ru\/product\/2to-crucial-p310-m-2-ssd-nvme\/#breadcrumb\"},\"inLanguage\":\"ru-RU\",\"potentialAction\":[{\"@type\":\"ReadAction\",\"target\":[\"https:\/\/osaka.ma\/ru\/product\/2to-crucial-p310-m-2-ssd-nvme\/\"]}]},{\"@type\":\"ImageObject\",\"inLanguage\":\"ru-RU\",\"@id\":\"https:\/\/osaka.ma\/ru\/product\/2to-crucial-p310-m-2-ssd-nvme\/#primaryimage\",\"url\":\"https:\/\/osaka.ma\/wp-content\/uploads\/2025\/08\/CRUCIAL-P310.jpg\",\"contentUrl\":\"https:\/\/osaka.ma\/wp-content\/uploads\/2025\/08\/CRUCIAL-P310.jpg\",\"width\":1600,\"height\":1600,\"caption\":\"CRUCIAL P310 - SSD NVMe M.2 - Osaka PC Gamer - Maroc\"},{\"@type\":\"BreadcrumbList\",\"@id\":\"https:\/\/osaka.ma\/ru\/product\/2to-crucial-p310-m-2-ssd-nvme\/#breadcrumb\",\"itemListElement\":[{\"@type\":\"ListItem\",\"position\":1,\"name\":\"Home\",\"item\":\"https:\/\/osaka.ma\/\"},{\"@type\":\"ListItem\",\"position\":2,\"name\":\"Shop\",\"item\":\"https:\/\/osaka.ma\/shop-2\/\"},{\"@type\":\"ListItem\",\"position\":3,\"name\":\"2To Crucial P310 M.2 SSD NVMe\"}]},{\"@type\":\"WebSite\",\"@id\":\"https:\/\/osaka.ma\/#website\",\"url\":\"https:\/\/osaka.ma\/\",\"name\":\"Osaka\",\"description\":\"\",\"publisher\":{\"@id\":\"https:\/\/osaka.ma\/#organization\"},\"potentialAction\":[{\"@type\":\"SearchAction\",\"target\":{\"@type\":\"EntryPoint\",\"urlTemplate\":\"https:\/\/osaka.ma\/?s={search_term_string}\"},\"query-input\":{\"@type\":\"PropertyValueSpecification\",\"valueRequired\":true,\"valueName\":\"search_term_string\"}}],\"inLanguage\":\"ru-RU\"},{\"@type\":\"Organization\",\"@id\":\"https:\/\/osaka.ma\/#organization\",\"name\":\"Osaka\",\"url\":\"https:\/\/osaka.ma\/\",\"logo\":{\"@type\":\"ImageObject\",\"inLanguage\":\"ru-RU\",\"@id\":\"https:\/\/osaka.ma\/#\/schema\/logo\/image\/\",\"url\":\"https:\/\/osaka.ma\/wp-content\/uploads\/2026\/01\/model-slogan-logo-2Plan-de-travail-1dksl-plus-finnn.png\",\"contentUrl\":\"https:\/\/osaka.ma\/wp-content\/uploads\/2026\/01\/model-slogan-logo-2Plan-de-travail-1dksl-plus-finnn.png\",\"width\":842,\"height\":226,\"caption\":\"Osaka\"},\"image\":{\"@id\":\"https:\/\/osaka.ma\/#\/schema\/logo\/image\/\"}}]}<\/script>\n<!-- \/ Yoast SEO plugin. -->","yoast_head_json":{"title":"2To Crucial P310 NVMe: Vitesse et Performance - Osaka","robots":{"index":"index","follow":"follow","max-snippet":"max-snippet:-1","max-image-preview":"max-image-preview:large","max-video-preview":"max-video-preview:-1"},"canonical":"https:\/\/osaka.ma\/ru\/product\/2to-crucial-p310-m-2-ssd-nvme\/","og_locale":"ru_RU","og_type":"article","og_title":"2To Crucial P310 M.2 SSD NVMe - Osaka","og_url":"https:\/\/osaka.ma\/ru\/product\/2to-crucial-p310-m-2-ssd-nvme\/","og_site_name":"Osaka","article_modified_time":"2026-03-07T00:07:22+00:00","og_image":[{"width":1600,"height":1600,"url":"https:\/\/osaka.ma\/wp-content\/uploads\/2025\/08\/CRUCIAL-P310.jpg","type":"image\/jpeg"}],"twitter_card":"summary_large_image","twitter_misc":{"Est. reading time":"3 minutes"},"schema":{"@context":"https:\/\/schema.org","@graph":[{"@type":"WebPage","@id":"https:\/\/osaka.ma\/ru\/product\/2to-crucial-p310-m-2-ssd-nvme\/","url":"https:\/\/osaka.ma\/ru\/product\/2to-crucial-p310-m-2-ssd-nvme\/","name":"2To Crucial P310 NVMe: Vitesse et Performance - Osaka","isPartOf":{"@id":"https:\/\/osaka.ma\/#website"},"primaryImageOfPage":{"@id":"https:\/\/osaka.ma\/ru\/product\/2to-crucial-p310-m-2-ssd-nvme\/#primaryimage"},"image":{"@id":"https:\/\/osaka.ma\/ru\/product\/2to-crucial-p310-m-2-ssd-nvme\/#primaryimage"},"thumbnailUrl":"https:\/\/osaka.ma\/wp-content\/uploads\/2025\/08\/CRUCIAL-P310.jpg","datePublished":"2025-08-28T15:17:54+00:00","dateModified":"2026-03-07T00:07:22+00:00","description":"Am\u00e9liorez votre exp\u00e9rience de jeu avec le SSD 2To Crucial P310 NVMe. Profitez de vitesses de lecture incroyables de 7100 Mo\/s\u00a0- Osaka PC Gamer - Maroc.","breadcrumb":{"@id":"https:\/\/osaka.ma\/ru\/product\/2to-crucial-p310-m-2-ssd-nvme\/#breadcrumb"},"inLanguage":"ru-RU","potentialAction":[{"@type":"ReadAction","target":["https:\/\/osaka.ma\/ru\/product\/2to-crucial-p310-m-2-ssd-nvme\/"]}]},{"@type":"ImageObject","inLanguage":"ru-RU","@id":"https:\/\/osaka.ma\/ru\/product\/2to-crucial-p310-m-2-ssd-nvme\/#primaryimage","url":"https:\/\/osaka.ma\/wp-content\/uploads\/2025\/08\/CRUCIAL-P310.jpg","contentUrl":"https:\/\/osaka.ma\/wp-content\/uploads\/2025\/08\/CRUCIAL-P310.jpg","width":1600,"height":1600,"caption":"CRUCIAL P310 - SSD NVMe M.2 - Osaka PC Gamer - Maroc"},{"@type":"BreadcrumbList","@id":"https:\/\/osaka.ma\/ru\/product\/2to-crucial-p310-m-2-ssd-nvme\/#breadcrumb","itemListElement":[{"@type":"ListItem","position":1,"name":"Home","item":"https:\/\/osaka.ma\/"},{"@type":"ListItem","position":2,"name":"Shop","item":"https:\/\/osaka.ma\/shop-2\/"},{"@type":"ListItem","position":3,"name":"2To Crucial P310 M.2 SSD NVMe"}]},{"@type":"WebSite","@id":"https:\/\/osaka.ma\/#website","url":"https:\/\/osaka.ma\/","name":"Osaka","description":"","publisher":{"@id":"https:\/\/osaka.ma\/#organization"},"potentialAction":[{"@type":"SearchAction","target":{"@type":"EntryPoint","urlTemplate":"https:\/\/osaka.ma\/?s={search_term_string}"},"query-input":{"@type":"PropertyValueSpecification","valueRequired":true,"valueName":"search_term_string"}}],"inLanguage":"ru-RU"},{"@type":"Organization","@id":"https:\/\/osaka.ma\/#organization","name":"Osaka","url":"https:\/\/osaka.ma\/","logo":{"@type":"ImageObject","inLanguage":"ru-RU","@id":"https:\/\/osaka.ma\/#\/schema\/logo\/image\/","url":"https:\/\/osaka.ma\/wp-content\/uploads\/2026\/01\/model-slogan-logo-2Plan-de-travail-1dksl-plus-finnn.png","contentUrl":"https:\/\/osaka.ma\/wp-content\/uploads\/2026\/01\/model-slogan-logo-2Plan-de-travail-1dksl-plus-finnn.png","width":842,"height":226,"caption":"Osaka"},"image":{"@id":"https:\/\/osaka.ma\/#\/schema\/logo\/image\/"}}]}},"jetpack_sharing_enabled":true,"brands":[],"_links":{"self":[{"href":"https:\/\/osaka.ma\/ru\/wp-json\/wp\/v2\/product\/17502","targetHints":{"allow":["GET"]}}],"collection":[{"href":"https:\/\/osaka.ma\/ru\/wp-json\/wp\/v2\/product"}],"about":[{"href":"https:\/\/osaka.ma\/ru\/wp-json\/wp\/v2\/types\/product"}],"version-history":[{"count":0,"href":"https:\/\/osaka.ma\/ru\/wp-json\/wp\/v2\/product\/17502\/revisions"}],"wp:featuredmedia":[{"embeddable":true,"href":"https:\/\/osaka.ma\/ru\/wp-json\/wp\/v2\/media\/1017503"}],"wp:attachment":[{"href":"https:\/\/osaka.ma\/ru\/wp-json\/wp\/v2\/media?parent=17502"}],"wp:term":[{"taxonomy":"pwb-brand","embeddable":true,"href":"https:\/\/osaka.ma\/ru\/wp-json\/wp\/v2\/pwb-brand?post=17502"},{"taxonomy":"product_brand","embeddable":true,"href":"https:\/\/osaka.ma\/ru\/wp-json\/wp\/v2\/product_brand?post=17502"},{"taxonomy":"product_cat","embeddable":true,"href":"https:\/\/osaka.ma\/ru\/wp-json\/wp\/v2\/product_cat?post=17502"},{"taxonomy":"product_tag","embeddable":true,"href":"https:\/\/osaka.ma\/ru\/wp-json\/wp\/v2\/product_tag?post=17502"},{"taxonomy":"pcb_component_type","embeddable":true,"href":"https:\/\/osaka.ma\/ru\/wp-json\/wp\/v2\/pcb_component_type?post=17502"}],"curies":[{"name":"wp","href":"https:\/\/api.w.org\/{rel}","templated":true}]}}