{"id":17600,"date":"2025-09-05T16:10:36","date_gmt":"2025-09-05T15:10:36","guid":{"rendered":"https:\/\/osaka.ma\/?post_type=product&#038;p=17600"},"modified":"2025-11-04T13:11:58","modified_gmt":"2025-11-04T12:11:58","slug":"lenovo-legion-15-6-y540-15irh-i5-9300hf-rtx-2060-fhd-60hz-comme-neuf","status":"publish","type":"product","link":"https:\/\/osaka.ma\/ru\/product\/lenovo-legion-15-6-y540-15irh-i5-9300hf-rtx-2060-fhd-60hz-comme-neuf\/","title":{"rendered":"LENOVO LEGION 15.6&#8243; Y540-15IRH &#8211; i5 9300HF | RTX 2060 | FHD 60Hz"},"content":{"rendered":"<h2 data-start=\"116\" data-end=\"180\"><img decoding=\"async\" class=\"aligncenter\" src=\"https:\/\/media.ldlc.com\/v3\/marque\/bo\/00\/03\/12\/03\/V30003120395_2.jpg\" alt=\"Lenovo\" \/><\/h2>\n<p>&nbsp;<\/p>\n<h2 data-start=\"116\" data-end=\"180\">Lenovo Legion Y540\u201115IRH \u2014 Puissance et style pour le gaming<\/h2>\n<h3 data-start=\"182\" data-end=\"230\">Performance solide pour joueurs exigeants<\/h3>\n<p data-start=\"231\" data-end=\"451\">Le Legion Y540\u201115IRH associe des composants performants \u00e0 un design soign\u00e9. Il excelle dans les sessions gaming gr\u00e2ce \u00e0 son ch\u00e2ssis robuste, tout en restant transportable et \u00e9l\u00e9gant.<\/p>\n<p data-start=\"231\" data-end=\"451\"><img fetchpriority=\"high\" decoding=\"async\" class=\"aligncenter\" src=\"https:\/\/media.flixcar.com\/modular\/static\/inpage\/9\/images\/loading.gif\" srcset=\"\/\/media.flixcar.com\/webp\/synd-asset\/Lenovo-55500484-lenovo-legion-y540-15-feature-2b-fw.jpg\" alt=\"Du mat\u00e9riel fiable, pour devenir une l\u00e9gende du gaming\" width=\"737\" height=\"333\" data-flixsrcset=\"\/\/media.flixcar.com\/webp\/synd-asset\/Lenovo-55500484-lenovo-legion-y540-15-feature-2b-fw.jpg 200w, \/\/media.flixcar.com\/webp\/synd-asset\/Lenovo-55500484-lenovo-legion-y540-15-feature-2b-fw.jpg 400w, \/\/media.flixcar.com\/webp\/synd-asset\/Lenovo-55500484-lenovo-legion-y540-15-feature-2b-fw.jpg 600w, \/\/media.flixcar.com\/webp\/synd-asset\/Lenovo-55500484-lenovo-legion-y540-15-feature-2b-fw.jpg 800w, \/\/media.flixcar.com\/webp\/synd-asset\/Lenovo-55500484-lenovo-legion-y540-15-feature-2b-fw.jpg 1000w\" data-sizes=\"auto\" \/><\/p>\n<h3 data-start=\"458\" data-end=\"514\"><\/h3>\n<h3 data-start=\"458\" data-end=\"514\">Refroidissement efficace via le syst\u00e8me Coldfront<\/h3>\n<p data-start=\"515\" data-end=\"763\">Gr\u00e2ce au syst\u00e8me thermique <strong data-start=\"542\" data-end=\"555\">Coldfront<\/strong>, ce PC dissipe efficacement la chaleur avec un double canal, quatre ventilations et des ailettes r\u00e9parties, assurant ainsi un fonctionnement stable et silencieux en jeu<\/p>\n<h3 data-start=\"770\" data-end=\"823\"><\/h3>\n<h3 data-start=\"770\" data-end=\"823\">Immersion visuelle avec \u00e9cran 15,6\u2033 FHD 144\u202fHz<\/h3>\n<p data-start=\"824\" data-end=\"1081\">Le grand \u00e9cran Full HD antireflet de 15,6&#8243; dispose d\u2019une fr\u00e9quence de 144\u202fHz pour des parties ultra fluides et immersives. Ses bordures fines et technologie IPS offrent des angles de vision larges et des couleurs vives<\/p>\n<h3 data-start=\"1088\" data-end=\"1143\"><\/h3>\n<h3 data-start=\"1088\" data-end=\"1143\">Confort de jeu maximal avec clavier r\u00e9tro\u00e9clair\u00e9<\/h3>\n<p data-start=\"1144\" data-end=\"1366\">Le clavier blanc r\u00e9tro\u00e9clair\u00e9, dot\u00e9 d\u2019un syst\u00e8me anti-ghosting, assure une r\u00e9activit\u00e9 exemplaire (moins de 1\u202fms) avec un confort accru, notamment sur les touches WASD grav\u00e9es au laser<\/p>\n<p data-start=\"1144\" data-end=\"1366\"><img decoding=\"async\" class=\"aligncenter\" src=\"https:\/\/media.flixcar.com\/modular\/static\/inpage\/9\/images\/loading.gif\" srcset=\"\/\/media.flixcar.com\/webp\/synd-asset\/Lenovo-55500493-lenovo-legion-y540-15-feature-7-fw.jpg\" alt=\"Plongez-vous dans l\u2019action\" width=\"725\" height=\"317\" data-flixsrcset=\"\/\/media.flixcar.com\/webp\/synd-asset\/Lenovo-55500493-lenovo-legion-y540-15-feature-7-fw.jpg 200w, \/\/media.flixcar.com\/webp\/synd-asset\/Lenovo-55500493-lenovo-legion-y540-15-feature-7-fw.jpg 400w, \/\/media.flixcar.com\/webp\/synd-asset\/Lenovo-55500493-lenovo-legion-y540-15-feature-7-fw.jpg 600w, \/\/media.flixcar.com\/webp\/synd-asset\/Lenovo-55500493-lenovo-legion-y540-15-feature-7-fw.jpg 800w, \/\/media.flixcar.com\/webp\/synd-asset\/Lenovo-55500493-lenovo-legion-y540-15-feature-7-fw.jpg 1000w\" data-sizes=\"auto\" \/><\/p>\n<h2>Caract\u00e9ristiques principales :<\/h2>\n<ul>\n<li>Processeur<strong>\u00a0<\/strong><strong>Intel Core i5-9300HF<\/strong>\u00a0(Quad-Core 2.4 GHz \/ 4.1 GHz Turbo &#8211; 8 Threads &#8211; Cache 8 Mo)<\/li>\n<li>16Go de m\u00e9moire DDR4 2666 MHz ( 2 slots )<\/li>\n<li>Ecran anti-reflets de 15.6&#8243; avec r\u00e9solution<strong>\u00a0Full HD<\/strong>\u00a0(1920 x 1080 pixels)<\/li>\n<li><strong>Dalle IPS<\/strong>\u00a0: couleurs lumineuses et angles de vision larges<\/li>\n<li>Puce graphique<strong>\u00a0<\/strong><strong>NVIDIA GeForce RTX 2060<\/strong>\u00a0avec 6 Go de m\u00e9moire d\u00e9di\u00e9e<\/li>\n<li><strong>SSD M.2 PCIe de 512 Go\u00a0<\/strong><\/li>\n<li><strong>Clavier AZERTY r\u00e9tro\u00e9clair\u00e9<\/strong>\u00a0avec technologie d&#8217;anti-ghosting<\/li>\n<li>Connexion Gigabit Ethernet + communication sans fil Wi-Fi AC + Bluetooth 4.2<\/li>\n<li>Haut-parleurs avec technologie Dolby Atmos<\/li>\n<li>Windows 11 Famille<\/li>\n<li>Occasion &#8211; ( 209 Jours )<\/li>\n<\/ul>\n","protected":false},"excerpt":{"rendered":"<p>D\u00e9couvrez le <strong data-start=\"232\" data-end=\"266\">Lenovo Legion Y540<\/strong>, une machine pens\u00e9e pour la passion du jeu. Son design \u00e9l\u00e9gant et robuste allie puissance, fluidit\u00e9 et fiabilit\u00e9, pour accompagner chaque joueur d\u00e8s la premi\u00e8re seconde.<\/p>\n<h5>Caract\u00e9ristiques Principales :<\/h5>\n<ul>\n<li><strong>Processeur : <span style=\"color: #3366ff;\">Intel Core i5-9300HF<\/span><\/strong><\/li>\n<li><strong>M\u00e9moire : <span style=\"color: #3366ff;\">16Go DDR4 2666MHz<\/span><\/strong><\/li>\n<li><strong>Stockage : <span style=\"color: #3366ff;\">512GB SSD NVMe<\/span><\/strong><\/li>\n<li><strong>Ecran : <span style=\"color: #3366ff;\">15.6&#8243; | LED FHD | 60Hz<\/span><\/strong><\/li>\n<li><strong>Puce Graphique : <span style=\"color: #3366ff;\">Nvidia Geforce RTX 2060 6Go<\/span><\/strong><\/li>\n<li><strong>Clavier : <span style=\"color: #3366ff;\">AZERTY R\u00e9tro\u00e9clair\u00e9 ( Blanc )<\/span><\/strong><\/li>\n<li><strong>Syst\u00e8me : <span style=\"color: #3366ff;\">Windows 11 Famille<\/span><\/strong><\/li>\n<li><strong>Etat : <span style=\"color: #3366ff;\">Occasion\u00a0<\/span><\/strong><\/li>\n<\/ul>\n","protected":false},"featured_media":1017612,"template":"","meta":{"_acf_changed":false},"pwb-brand":[],"product_brand":[],"product_cat":[122,121],"product_tag":[],"pcb_component_type":[],"class_list":{"0":"post-17600","1":"product","2":"type-product","3":"status-publish","4":"has-post-thumbnail","6":"product_cat-gaming","7":"product_cat-pc-portable","9":"first","10":"outofstock","11":"shipping-taxable","12":"product-type-simple"},"translation":{"provider":"WPGlobus","version":"3.0.2","language":"ru","enabled_languages":["en","es","de","fr","ru"],"languages":{"en":{"title":true,"content":true,"excerpt":true},"es":{"title":false,"content":false,"excerpt":false},"de":{"title":false,"content":false,"excerpt":false},"fr":{"title":false,"content":false,"excerpt":false},"ru":{"title":false,"content":false,"excerpt":false}}},"acf":[],"yoast_head":"<!-- This site is optimized with the Yoast SEO plugin v27.2 - https:\/\/yoast.com\/product\/yoast-seo-wordpress\/ -->\n<title>Lenovo Legion 15.6 Y540 - i5 9300HF - RTX 2060 - Osaka<\/title>\n<meta name=\"robots\" content=\"index, follow, max-snippet:-1, max-image-preview:large, max-video-preview:-1\" \/>\n<link rel=\"canonical\" href=\"https:\/\/osaka.ma\/de\/product\/lenovo-legion-15-6-y540-15irh-i5-9300hf-rtx-2060-fhd-60hz-comme-neuf\/\" \/>\n<meta property=\"og:locale\" content=\"ru_RU\" \/>\n<meta property=\"og:type\" content=\"article\" \/>\n<meta property=\"og:title\" content=\"LENOVO LEGION 15.6&quot; Y540-15IRH - i5 9300HF | RTX 2060 | FHD 60Hz - Osaka\" \/>\n<meta property=\"og:url\" content=\"https:\/\/osaka.ma\/de\/product\/lenovo-legion-15-6-y540-15irh-i5-9300hf-rtx-2060-fhd-60hz-comme-neuf\/\" \/>\n<meta property=\"og:site_name\" content=\"Osaka\" \/>\n<meta property=\"article:modified_time\" content=\"2025-11-04T12:11:58+00:00\" \/>\n<meta property=\"og:image\" content=\"https:\/\/osaka.ma\/wp-content\/uploads\/2025\/09\/LENOVO-LEGION-Y540-7.jpg\" \/>\n\t<meta property=\"og:image:width\" content=\"1600\" \/>\n\t<meta property=\"og:image:height\" content=\"1600\" \/>\n\t<meta property=\"og:image:type\" content=\"image\/jpeg\" \/>\n<meta name=\"twitter:card\" content=\"summary_large_image\" \/>\n<meta name=\"twitter:label1\" content=\"Est. reading time\" \/>\n\t<meta name=\"twitter:data1\" content=\"4 minutes\" \/>\n<script type=\"application\/ld+json\" class=\"yoast-schema-graph\">{\"@context\":\"https:\/\/schema.org\",\"@graph\":[{\"@type\":\"WebPage\",\"@id\":\"https:\/\/osaka.ma\/de\/product\/lenovo-legion-15-6-y540-15irh-i5-9300hf-rtx-2060-fhd-60hz-comme-neuf\/\",\"url\":\"https:\/\/osaka.ma\/de\/product\/lenovo-legion-15-6-y540-15irh-i5-9300hf-rtx-2060-fhd-60hz-comme-neuf\/\",\"name\":\"Lenovo Legion 15.6 Y540 - i5 9300HF - RTX 2060 - Osaka\",\"isPartOf\":{\"@id\":\"https:\/\/osaka.ma\/#website\"},\"primaryImageOfPage\":{\"@id\":\"https:\/\/osaka.ma\/de\/product\/lenovo-legion-15-6-y540-15irh-i5-9300hf-rtx-2060-fhd-60hz-comme-neuf\/#primaryimage\"},\"image\":{\"@id\":\"https:\/\/osaka.ma\/de\/product\/lenovo-legion-15-6-y540-15irh-i5-9300hf-rtx-2060-fhd-60hz-comme-neuf\/#primaryimage\"},\"thumbnailUrl\":\"https:\/\/osaka.ma\/wp-content\/uploads\/2025\/09\/LENOVO-LEGION-Y540-7.jpg\",\"datePublished\":\"2025-09-05T15:10:36+00:00\",\"dateModified\":\"2025-11-04T12:11:58+00:00\",\"description\":\"\u00c9quipez-vous avec le Lenovo LEGION Y540 - i5 9300HF - 16Go - 512Go - RTX 2060 - 15.6 FHD 60Hz chez Osaka Gaming Maroc , Am\u00e9liorez votre exp\u00e9rience de jeu !\",\"breadcrumb\":{\"@id\":\"https:\/\/osaka.ma\/de\/product\/lenovo-legion-15-6-y540-15irh-i5-9300hf-rtx-2060-fhd-60hz-comme-neuf\/#breadcrumb\"},\"inLanguage\":\"ru-RU\",\"potentialAction\":[{\"@type\":\"ReadAction\",\"target\":[\"https:\/\/osaka.ma\/de\/product\/lenovo-legion-15-6-y540-15irh-i5-9300hf-rtx-2060-fhd-60hz-comme-neuf\/\"]}]},{\"@type\":\"ImageObject\",\"inLanguage\":\"ru-RU\",\"@id\":\"https:\/\/osaka.ma\/de\/product\/lenovo-legion-15-6-y540-15irh-i5-9300hf-rtx-2060-fhd-60hz-comme-neuf\/#primaryimage\",\"url\":\"https:\/\/osaka.ma\/wp-content\/uploads\/2025\/09\/LENOVO-LEGION-Y540-7.jpg\",\"contentUrl\":\"https:\/\/osaka.ma\/wp-content\/uploads\/2025\/09\/LENOVO-LEGION-Y540-7.jpg\",\"width\":1600,\"height\":1600,\"caption\":\"Lenovo LEGION Y540 - i5 9300HF - 16Go - 512Go - RTX 2060 - FHD 60Hz - Osaka PC Gamer - Maroc\"},{\"@type\":\"BreadcrumbList\",\"@id\":\"https:\/\/osaka.ma\/de\/product\/lenovo-legion-15-6-y540-15irh-i5-9300hf-rtx-2060-fhd-60hz-comme-neuf\/#breadcrumb\",\"itemListElement\":[{\"@type\":\"ListItem\",\"position\":1,\"name\":\"Home\",\"item\":\"https:\/\/osaka.ma\/\"},{\"@type\":\"ListItem\",\"position\":2,\"name\":\"Shop\",\"item\":\"https:\/\/osaka.ma\/shop-2\/\"},{\"@type\":\"ListItem\",\"position\":3,\"name\":\"LENOVO LEGION 15.6&#8243; Y540-15IRH &#8211; i5 9300HF | RTX 2060 | FHD 60Hz\"}]},{\"@type\":\"WebSite\",\"@id\":\"https:\/\/osaka.ma\/#website\",\"url\":\"https:\/\/osaka.ma\/\",\"name\":\"Osaka\",\"description\":\"\",\"publisher\":{\"@id\":\"https:\/\/osaka.ma\/#organization\"},\"potentialAction\":[{\"@type\":\"SearchAction\",\"target\":{\"@type\":\"EntryPoint\",\"urlTemplate\":\"https:\/\/osaka.ma\/?s={search_term_string}\"},\"query-input\":{\"@type\":\"PropertyValueSpecification\",\"valueRequired\":true,\"valueName\":\"search_term_string\"}}],\"inLanguage\":\"ru-RU\"},{\"@type\":\"Organization\",\"@id\":\"https:\/\/osaka.ma\/#organization\",\"name\":\"Osaka\",\"url\":\"https:\/\/osaka.ma\/\",\"logo\":{\"@type\":\"ImageObject\",\"inLanguage\":\"ru-RU\",\"@id\":\"https:\/\/osaka.ma\/#\/schema\/logo\/image\/\",\"url\":\"https:\/\/osaka.ma\/wp-content\/uploads\/2026\/01\/model-slogan-logo-2Plan-de-travail-1dksl-plus-finnn.png\",\"contentUrl\":\"https:\/\/osaka.ma\/wp-content\/uploads\/2026\/01\/model-slogan-logo-2Plan-de-travail-1dksl-plus-finnn.png\",\"width\":842,\"height\":226,\"caption\":\"Osaka\"},\"image\":{\"@id\":\"https:\/\/osaka.ma\/#\/schema\/logo\/image\/\"}}]}<\/script>\n<!-- \/ Yoast SEO plugin. -->","yoast_head_json":{"title":"Lenovo Legion 15.6 Y540 - i5 9300HF - RTX 2060 - Osaka","robots":{"index":"index","follow":"follow","max-snippet":"max-snippet:-1","max-image-preview":"max-image-preview:large","max-video-preview":"max-video-preview:-1"},"canonical":"https:\/\/osaka.ma\/de\/product\/lenovo-legion-15-6-y540-15irh-i5-9300hf-rtx-2060-fhd-60hz-comme-neuf\/","og_locale":"ru_RU","og_type":"article","og_title":"LENOVO LEGION 15.6\" Y540-15IRH - i5 9300HF | RTX 2060 | FHD 60Hz - Osaka","og_url":"https:\/\/osaka.ma\/de\/product\/lenovo-legion-15-6-y540-15irh-i5-9300hf-rtx-2060-fhd-60hz-comme-neuf\/","og_site_name":"Osaka","article_modified_time":"2025-11-04T12:11:58+00:00","og_image":[{"width":1600,"height":1600,"url":"https:\/\/osaka.ma\/wp-content\/uploads\/2025\/09\/LENOVO-LEGION-Y540-7.jpg","type":"image\/jpeg"}],"twitter_card":"summary_large_image","twitter_misc":{"Est. reading time":"4 minutes"},"schema":{"@context":"https:\/\/schema.org","@graph":[{"@type":"WebPage","@id":"https:\/\/osaka.ma\/de\/product\/lenovo-legion-15-6-y540-15irh-i5-9300hf-rtx-2060-fhd-60hz-comme-neuf\/","url":"https:\/\/osaka.ma\/de\/product\/lenovo-legion-15-6-y540-15irh-i5-9300hf-rtx-2060-fhd-60hz-comme-neuf\/","name":"Lenovo Legion 15.6 Y540 - i5 9300HF - RTX 2060 - Osaka","isPartOf":{"@id":"https:\/\/osaka.ma\/#website"},"primaryImageOfPage":{"@id":"https:\/\/osaka.ma\/de\/product\/lenovo-legion-15-6-y540-15irh-i5-9300hf-rtx-2060-fhd-60hz-comme-neuf\/#primaryimage"},"image":{"@id":"https:\/\/osaka.ma\/de\/product\/lenovo-legion-15-6-y540-15irh-i5-9300hf-rtx-2060-fhd-60hz-comme-neuf\/#primaryimage"},"thumbnailUrl":"https:\/\/osaka.ma\/wp-content\/uploads\/2025\/09\/LENOVO-LEGION-Y540-7.jpg","datePublished":"2025-09-05T15:10:36+00:00","dateModified":"2025-11-04T12:11:58+00:00","description":"\u00c9quipez-vous avec le Lenovo LEGION Y540 - i5 9300HF - 16Go - 512Go - RTX 2060 - 15.6 FHD 60Hz chez Osaka Gaming Maroc , Am\u00e9liorez votre exp\u00e9rience de jeu !","breadcrumb":{"@id":"https:\/\/osaka.ma\/de\/product\/lenovo-legion-15-6-y540-15irh-i5-9300hf-rtx-2060-fhd-60hz-comme-neuf\/#breadcrumb"},"inLanguage":"ru-RU","potentialAction":[{"@type":"ReadAction","target":["https:\/\/osaka.ma\/de\/product\/lenovo-legion-15-6-y540-15irh-i5-9300hf-rtx-2060-fhd-60hz-comme-neuf\/"]}]},{"@type":"ImageObject","inLanguage":"ru-RU","@id":"https:\/\/osaka.ma\/de\/product\/lenovo-legion-15-6-y540-15irh-i5-9300hf-rtx-2060-fhd-60hz-comme-neuf\/#primaryimage","url":"https:\/\/osaka.ma\/wp-content\/uploads\/2025\/09\/LENOVO-LEGION-Y540-7.jpg","contentUrl":"https:\/\/osaka.ma\/wp-content\/uploads\/2025\/09\/LENOVO-LEGION-Y540-7.jpg","width":1600,"height":1600,"caption":"Lenovo LEGION Y540 - i5 9300HF - 16Go - 512Go - RTX 2060 - FHD 60Hz - Osaka PC Gamer - Maroc"},{"@type":"BreadcrumbList","@id":"https:\/\/osaka.ma\/de\/product\/lenovo-legion-15-6-y540-15irh-i5-9300hf-rtx-2060-fhd-60hz-comme-neuf\/#breadcrumb","itemListElement":[{"@type":"ListItem","position":1,"name":"Home","item":"https:\/\/osaka.ma\/"},{"@type":"ListItem","position":2,"name":"Shop","item":"https:\/\/osaka.ma\/shop-2\/"},{"@type":"ListItem","position":3,"name":"LENOVO LEGION 15.6&#8243; Y540-15IRH &#8211; i5 9300HF | RTX 2060 | FHD 60Hz"}]},{"@type":"WebSite","@id":"https:\/\/osaka.ma\/#website","url":"https:\/\/osaka.ma\/","name":"Osaka","description":"","publisher":{"@id":"https:\/\/osaka.ma\/#organization"},"potentialAction":[{"@type":"SearchAction","target":{"@type":"EntryPoint","urlTemplate":"https:\/\/osaka.ma\/?s={search_term_string}"},"query-input":{"@type":"PropertyValueSpecification","valueRequired":true,"valueName":"search_term_string"}}],"inLanguage":"ru-RU"},{"@type":"Organization","@id":"https:\/\/osaka.ma\/#organization","name":"Osaka","url":"https:\/\/osaka.ma\/","logo":{"@type":"ImageObject","inLanguage":"ru-RU","@id":"https:\/\/osaka.ma\/#\/schema\/logo\/image\/","url":"https:\/\/osaka.ma\/wp-content\/uploads\/2026\/01\/model-slogan-logo-2Plan-de-travail-1dksl-plus-finnn.png","contentUrl":"https:\/\/osaka.ma\/wp-content\/uploads\/2026\/01\/model-slogan-logo-2Plan-de-travail-1dksl-plus-finnn.png","width":842,"height":226,"caption":"Osaka"},"image":{"@id":"https:\/\/osaka.ma\/#\/schema\/logo\/image\/"}}]}},"jetpack_sharing_enabled":true,"brands":[],"_links":{"self":[{"href":"https:\/\/osaka.ma\/ru\/wp-json\/wp\/v2\/product\/17600","targetHints":{"allow":["GET"]}}],"collection":[{"href":"https:\/\/osaka.ma\/ru\/wp-json\/wp\/v2\/product"}],"about":[{"href":"https:\/\/osaka.ma\/ru\/wp-json\/wp\/v2\/types\/product"}],"version-history":[{"count":0,"href":"https:\/\/osaka.ma\/ru\/wp-json\/wp\/v2\/product\/17600\/revisions"}],"wp:featuredmedia":[{"embeddable":true,"href":"https:\/\/osaka.ma\/ru\/wp-json\/wp\/v2\/media\/1017612"}],"wp:attachment":[{"href":"https:\/\/osaka.ma\/ru\/wp-json\/wp\/v2\/media?parent=17600"}],"wp:term":[{"taxonomy":"pwb-brand","embeddable":true,"href":"https:\/\/osaka.ma\/ru\/wp-json\/wp\/v2\/pwb-brand?post=17600"},{"taxonomy":"product_brand","embeddable":true,"href":"https:\/\/osaka.ma\/ru\/wp-json\/wp\/v2\/product_brand?post=17600"},{"taxonomy":"product_cat","embeddable":true,"href":"https:\/\/osaka.ma\/ru\/wp-json\/wp\/v2\/product_cat?post=17600"},{"taxonomy":"product_tag","embeddable":true,"href":"https:\/\/osaka.ma\/ru\/wp-json\/wp\/v2\/product_tag?post=17600"},{"taxonomy":"pcb_component_type","embeddable":true,"href":"https:\/\/osaka.ma\/ru\/wp-json\/wp\/v2\/pcb_component_type?post=17600"}],"curies":[{"name":"wp","href":"https:\/\/api.w.org\/{rel}","templated":true}]}}