{"id":17690,"date":"2025-09-10T13:48:40","date_gmt":"2025-09-10T12:48:40","guid":{"rendered":"https:\/\/osaka.ma\/?post_type=product&#038;p=17690"},"modified":"2025-09-23T01:05:28","modified_gmt":"2025-09-23T00:05:28","slug":"acer-predator-helios-neo-18-i9-14900hx-rtx-4070-18-qhd-165hz","status":"publish","type":"product","link":"https:\/\/osaka.ma\/ru\/product\/acer-predator-helios-neo-18-i9-14900hx-rtx-4070-18-qhd-165hz\/","title":{"rendered":"ACER PREDATOR HELIOS NEO 18 &#8211; i9 14900HX | RTX 4070 | 18&#8243; QHD+ 165Hz"},"content":{"rendered":"<div class=\"logo\"><img decoding=\"async\" class=\"aligncenter\" src=\"https:\/\/media.ldlc.com\/v3\/marque\/190\/C000001041.gif\" alt=\"Acer\" \/><\/div>\n<div><\/div>\n<div id=\"description\" class=\"description\">\n<div class=\"details-pdt-desc\">\n<h2 class=\"h2-master\"><span dir=\"auto\">Puissance et vitesse sur un \u00e9cran 18 pouces 240 Hz<\/span><\/h2>\n<section><span dir=\"auto\">Jouez sans contraintes avec l&#8217; ordinateur portable gaming\u00a0<\/span><strong><span dir=\"auto\">Acer Predator Helios Neo 18 PHN18-71<\/span><\/strong><span dir=\"auto\">\u00a0! Con\u00e7u pour la performance, cet \u00e9l\u00e9gant\u00a0<\/span><strong><span dir=\"auto\">ordinateur portable gaming<\/span><\/strong><span dir=\"auto\">\u00a0est dot\u00e9 de composants haute performance et d&#8217;un divertissement audio\/vid\u00e9o de haute qualit\u00e9. L&#8217;<strong>Acer Predator Helios Neo 18<\/strong> offre des performances exceptionnelles gr\u00e2ce \u00e0 son processeur\u00a0<\/span><strong><span dir=\"auto\">Intel Core i9-14900HX<\/span><\/strong><span dir=\"auto\">\u00a0, ses <strong>32\u00a0Go<\/strong> de m\u00e9moire DDR5,\u00a0<\/span><strong><span dir=\"auto\">son SSD M.2 PCIe de 1\u00a0To<\/span><\/strong><span dir=\"auto\">\u00a0et sa puce graphique\u00a0<\/span><strong><span dir=\"auto\">NVIDIA GeForce RTX\u00a04070<\/span><\/strong><span dir=\"auto\">\u00a0.<\/span><\/section>\n<section>\n<div class=\"desc-image\"><img decoding=\"async\" src=\"https:\/\/media.ldlc.com\/bo\/images\/fiches\/pc_portables\/acer\/Helios_Neo_18\/PHN18-71\/801.jpg\" alt=\"\" \/><\/div>\n<div><\/div>\n<div class=\"desc-text\">\n<h2><span dir=\"auto\">\u00c9cran QHD+ 240 Hz de 18 pouces<\/span><\/h2>\n<p><span dir=\"auto\">Avec son \u00e9cran IPS 16\/10 et sa r\u00e9solution QHD+, l&#8217;ordinateur portable Acer Predator Helios Neo 18 offre une excellente qualit\u00e9 d&#8217;image avec des couleurs riches et de larges angles de vision. Sa fr\u00e9quence de 240 Hz lui conf\u00e8re \u00e9galement un affichage particuli\u00e8rement fluide et pr\u00e9cis.<\/span><\/p>\n<\/div>\n<\/section>\n<section>\n<div class=\"desc-text\">\n<h2><span dir=\"auto\">Performances de jeu sup\u00e9rieures<\/span><\/h2>\n<p><span dir=\"auto\">Ce portable int\u00e8gre un processeur Intel Core i9 de 14e g\u00e9n\u00e9ration, une puce graphique NVIDIA GeForce RTX 4070 avec 8 Go de m\u00e9moire GDDR6 et DDR5, ainsi qu&#8217;un espace de stockage ultra-rapide pour votre biblioth\u00e8que de jeux.<\/span><\/p>\n<p><span dir=\"auto\">Les puces graphiques NVIDIA GeForce RTX s\u00e9rie 40 offrent des performances exceptionnelles aux joueurs et aux cr\u00e9ateurs. Elles utilisent l&#8217;architecture NVIDIA Ada Lovelace ultra-performante, qui repr\u00e9sente un bond en avant en termes de performances et de graphismes optimis\u00e9s par l&#8217;IA. L&#8217;architecture Ada exploite tout le potentiel du ray tracing, qui simule le comportement de la lumi\u00e8re dans le monde r\u00e9el.<\/span><\/p>\n<\/div>\n<div class=\"desc-image\"><img decoding=\"async\" src=\"https:\/\/media.ldlc.com\/bo\/images\/fiches\/pc_portables\/acer\/Helios_Neo_18\/PHN18-71\/802.jpg\" alt=\"\" \/><\/div>\n<div><\/div>\n<\/section>\n<section>\n<div class=\"desc-image\"><img decoding=\"async\" src=\"https:\/\/media.ldlc.com\/bo\/images\/fiches\/pc_portables\/acer\/Helios_Neo_18\/PHN18-71\/801.jpg\" alt=\"\" \/><\/div>\n<div><\/div>\n<div class=\"desc-text\">\n<h2><span dir=\"auto\">Syst\u00e8me de refroidissement haute performance<\/span><\/h2>\n<p><span dir=\"auto\">L&#8217;ordinateur portable Acer Predator Helios Neo 18 est dot\u00e9 d&#8217;une technologie de refroidissement ultra-efficace comprenant des ventilateurs AeroBlade 3D Gen 5 enti\u00e8rement m\u00e9talliques con\u00e7us sur mesure, des caloducs et un refroidissement par p\u00e2te thermique en m\u00e9tal liquide.<\/span><\/p>\n<\/div>\n<\/section>\n<section>\n<h2><span dir=\"auto\">Caract\u00e9ristiques principales :<\/span><\/h2>\n<ul>\n<li><strong><span dir=\"auto\">Processeur Intel Core i9-14900HX<\/span><\/strong><\/li>\n<li><span dir=\"auto\">M\u00e9moire DDR5 32 Go fr\u00e9quence de 4800MHz<\/span><span dir=\"auto\"> (2x 16 Go &#8211; 2 emplacements &#8211; Maximum 32 Go)<\/span><\/li>\n<li><span dir=\"auto\">\u00c9cran mat de 18 pouces avec r\u00e9solution\u00a0<\/span><strong><span dir=\"auto\">QHD+<\/span><\/strong><span dir=\"auto\">\u00a0(2560 x 1600) et\u00a0<\/span><strong><span dir=\"auto\">fr\u00e9quence de 240 Hz<\/span><\/strong><\/li>\n<li><strong><span dir=\"auto\">Dalle IPS<\/span><\/strong><span dir=\"auto\">\u00a0: couleurs vives et angles de vision larges (178\u00b0)<\/span><\/li>\n<li><strong><span dir=\"auto\">Puce graphique NVIDIA GeForce RTX 4070<\/span><\/strong><span dir=\"auto\">\u00a0avec 8 Go de m\u00e9moire GDDR6<\/span><\/li>\n<li><strong><span dir=\"auto\">SSD PCIe NVMe M.2 de 1 To<\/span><\/strong><\/li>\n<li><span dir=\"auto\">Connexion Gigabit Ethernet + communication sans fil Wi-Fi 6 + Bluetooth 5.3<\/span><\/li>\n<li><span dir=\"auto\">Webcam HD 1080p int\u00e9gr\u00e9e<\/span><\/li>\n<li><span dir=\"auto\">Clavier <strong>QWERTY<\/strong> avec <\/span><strong><span dir=\"auto\">touches r\u00e9tro\u00e9clair\u00e9es RVB<\/span><\/strong><\/li>\n<li><strong><span dir=\"auto\">Windows 11 Famille<\/span><\/strong><\/li>\n<li>Comme Neuf ( Utilis\u00e9 environ 24 Jours )<\/li>\n<li>Garantie incluse<\/li>\n<\/ul>\n<\/section>\n<\/div>\n<\/div>\n","protected":false},"excerpt":{"rendered":"<p>L\u2019<strong>ACER Predator Helios Neo 18<\/strong> est un ordinateur portable taill\u00e9 pour les gamers \u00e0 la recherche de puissance et d\u2019immersion. Avec son grand \u00e9cran immersif et son design agressif, il offre une exp\u00e9rience de jeu fluide et performante, id\u00e9ale pour repousser les limites du gaming moderne.<\/p>\n<h5>Caract\u00e9ristiques Principales :<\/h5>\n<ul>\n<li><strong>Processeur : <span style=\"color: #3366ff;\">Intel Core i9 14900HX<\/span><\/strong><\/li>\n<li><strong>M\u00e9moire :<span style=\"color: #3366ff;\"> 32 Go DDR5 4800MHz<\/span><\/strong><\/li>\n<li><strong>Stockage : <span style=\"color: #3366ff;\">1To SSD NVMe<\/span><\/strong><\/li>\n<li><strong>\u00c9cran : <span style=\"color: #3366ff;\">18&#8243; | 16\/10 QHD+ | 165Hz | IPS<\/span><\/strong><\/li>\n<li><strong>Puce Graphique : <span style=\"color: #3366ff;\">Nvidia Geforce RTX 4070 8Go<\/span><\/strong><\/li>\n<li><strong>Clavier : <span style=\"color: #3366ff;\">QWERTY r\u00e9tro\u00e9clair\u00e9 ( RGB )<\/span><\/strong><\/li>\n<li><strong>Syst\u00e8me : <span style=\"color: #3366ff;\">Windows 11<\/span><\/strong><\/li>\n<li><strong>Etat : <span style=\"color: #3366ff;\">Comme Neuf &#8211; Garantie incluse<\/span><\/strong><\/li>\n<\/ul>\n","protected":false},"featured_media":1017695,"template":"","meta":{"_acf_changed":false},"pwb-brand":[],"product_brand":[],"product_cat":[122,121],"product_tag":[],"pcb_component_type":[],"class_list":{"0":"post-17690","1":"product","2":"type-product","3":"status-publish","4":"has-post-thumbnail","6":"product_cat-gaming","7":"product_cat-pc-portable","9":"first","10":"outofstock","11":"shipping-taxable","12":"product-type-simple"},"translation":{"provider":"WPGlobus","version":"3.0.2","language":"ru","enabled_languages":["en","es","de","fr","ru"],"languages":{"en":{"title":true,"content":true,"excerpt":true},"es":{"title":false,"content":false,"excerpt":false},"de":{"title":false,"content":false,"excerpt":false},"fr":{"title":false,"content":false,"excerpt":false},"ru":{"title":false,"content":false,"excerpt":false}}},"acf":[],"yoast_head":"<!-- This site is optimized with the Yoast SEO plugin v27.2 - https:\/\/yoast.com\/product\/yoast-seo-wordpress\/ -->\n<title>ACER PREDATOR HELIOS NEO 18 - i9 14900HX | RTX 4070 - Osaka<\/title>\n<meta name=\"robots\" content=\"index, follow, max-snippet:-1, max-image-preview:large, max-video-preview:-1\" \/>\n<link rel=\"canonical\" href=\"https:\/\/osaka.ma\/product\/acer-predator-helios-neo-18-i9-14900hx-rtx-4070-18-qhd-165hz\/\" \/>\n<meta property=\"og:locale\" content=\"ru_RU\" \/>\n<meta property=\"og:type\" content=\"article\" \/>\n<meta property=\"og:title\" content=\"ACER PREDATOR HELIOS NEO 18 - i9 14900HX | RTX 4070 | 18&quot; QHD+ 165Hz - Osaka\" \/>\n<meta property=\"og:url\" content=\"https:\/\/osaka.ma\/product\/acer-predator-helios-neo-18-i9-14900hx-rtx-4070-18-qhd-165hz\/\" \/>\n<meta property=\"og:site_name\" content=\"Osaka\" \/>\n<meta property=\"article:modified_time\" content=\"2025-09-23T00:05:28+00:00\" \/>\n<meta property=\"og:image\" content=\"https:\/\/osaka.ma\/wp-content\/uploads\/2025\/09\/ACER-PREDATOR-HN18-71.jpg\" \/>\n\t<meta property=\"og:image:width\" content=\"1600\" \/>\n\t<meta property=\"og:image:height\" content=\"1600\" \/>\n\t<meta property=\"og:image:type\" content=\"image\/jpeg\" \/>\n<meta name=\"twitter:card\" content=\"summary_large_image\" \/>\n<meta name=\"twitter:label1\" content=\"Est. reading time\" \/>\n\t<meta name=\"twitter:data1\" content=\"5 minutes\" \/>\n<script type=\"application\/ld+json\" class=\"yoast-schema-graph\">{\"@context\":\"https:\/\/schema.org\",\"@graph\":[{\"@type\":\"WebPage\",\"@id\":\"https:\/\/osaka.ma\/product\/acer-predator-helios-neo-18-i9-14900hx-rtx-4070-18-qhd-165hz\/\",\"url\":\"https:\/\/osaka.ma\/product\/acer-predator-helios-neo-18-i9-14900hx-rtx-4070-18-qhd-165hz\/\",\"name\":\"ACER PREDATOR HELIOS NEO 18 - i9 14900HX | RTX 4070 - Osaka\",\"isPartOf\":{\"@id\":\"https:\/\/osaka.ma\/#website\"},\"primaryImageOfPage\":{\"@id\":\"https:\/\/osaka.ma\/product\/acer-predator-helios-neo-18-i9-14900hx-rtx-4070-18-qhd-165hz\/#primaryimage\"},\"image\":{\"@id\":\"https:\/\/osaka.ma\/product\/acer-predator-helios-neo-18-i9-14900hx-rtx-4070-18-qhd-165hz\/#primaryimage\"},\"thumbnailUrl\":\"https:\/\/osaka.ma\/wp-content\/uploads\/2025\/09\/ACER-PREDATOR-HN18-71.jpg\",\"datePublished\":\"2025-09-10T12:48:40+00:00\",\"dateModified\":\"2025-09-23T00:05:28+00:00\",\"description\":\"Lib\u00e9rez votre exp\u00e9rience de jeu avec l'ACER PREDATOR HELIOS NEO 18 - i9 14900HX | RTX 4070 | 18\\\" QHD+ 165Hz . Disponible chez Osaka Gaming Maroc\",\"breadcrumb\":{\"@id\":\"https:\/\/osaka.ma\/product\/acer-predator-helios-neo-18-i9-14900hx-rtx-4070-18-qhd-165hz\/#breadcrumb\"},\"inLanguage\":\"ru-RU\",\"potentialAction\":[{\"@type\":\"ReadAction\",\"target\":[\"https:\/\/osaka.ma\/product\/acer-predator-helios-neo-18-i9-14900hx-rtx-4070-18-qhd-165hz\/\"]}]},{\"@type\":\"ImageObject\",\"inLanguage\":\"ru-RU\",\"@id\":\"https:\/\/osaka.ma\/product\/acer-predator-helios-neo-18-i9-14900hx-rtx-4070-18-qhd-165hz\/#primaryimage\",\"url\":\"https:\/\/osaka.ma\/wp-content\/uploads\/2025\/09\/ACER-PREDATOR-HN18-71.jpg\",\"contentUrl\":\"https:\/\/osaka.ma\/wp-content\/uploads\/2025\/09\/ACER-PREDATOR-HN18-71.jpg\",\"width\":1600,\"height\":1600,\"caption\":\"ACER PREDATOR HELIOS NEO 18 - i9 14900HX | RTX 4070 | 18\\\" QHD+ 165Hz | Osaka Gaming Maroc\"},{\"@type\":\"BreadcrumbList\",\"@id\":\"https:\/\/osaka.ma\/product\/acer-predator-helios-neo-18-i9-14900hx-rtx-4070-18-qhd-165hz\/#breadcrumb\",\"itemListElement\":[{\"@type\":\"ListItem\",\"position\":1,\"name\":\"Home\",\"item\":\"https:\/\/osaka.ma\/\"},{\"@type\":\"ListItem\",\"position\":2,\"name\":\"Shop\",\"item\":\"https:\/\/osaka.ma\/shop-2\/\"},{\"@type\":\"ListItem\",\"position\":3,\"name\":\"ACER PREDATOR HELIOS NEO 18 &#8211; i9 14900HX | RTX 4070 | 18&#8243; QHD+ 165Hz\"}]},{\"@type\":\"WebSite\",\"@id\":\"https:\/\/osaka.ma\/#website\",\"url\":\"https:\/\/osaka.ma\/\",\"name\":\"Osaka\",\"description\":\"\",\"publisher\":{\"@id\":\"https:\/\/osaka.ma\/#organization\"},\"potentialAction\":[{\"@type\":\"SearchAction\",\"target\":{\"@type\":\"EntryPoint\",\"urlTemplate\":\"https:\/\/osaka.ma\/?s={search_term_string}\"},\"query-input\":{\"@type\":\"PropertyValueSpecification\",\"valueRequired\":true,\"valueName\":\"search_term_string\"}}],\"inLanguage\":\"ru-RU\"},{\"@type\":\"Organization\",\"@id\":\"https:\/\/osaka.ma\/#organization\",\"name\":\"Osaka\",\"url\":\"https:\/\/osaka.ma\/\",\"logo\":{\"@type\":\"ImageObject\",\"inLanguage\":\"ru-RU\",\"@id\":\"https:\/\/osaka.ma\/#\/schema\/logo\/image\/\",\"url\":\"https:\/\/osaka.ma\/wp-content\/uploads\/2026\/01\/model-slogan-logo-2Plan-de-travail-1dksl-plus-finnn.png\",\"contentUrl\":\"https:\/\/osaka.ma\/wp-content\/uploads\/2026\/01\/model-slogan-logo-2Plan-de-travail-1dksl-plus-finnn.png\",\"width\":842,\"height\":226,\"caption\":\"Osaka\"},\"image\":{\"@id\":\"https:\/\/osaka.ma\/#\/schema\/logo\/image\/\"}}]}<\/script>\n<!-- \/ Yoast SEO plugin. -->","yoast_head_json":{"title":"ACER PREDATOR HELIOS NEO 18 - i9 14900HX | RTX 4070 - Osaka","robots":{"index":"index","follow":"follow","max-snippet":"max-snippet:-1","max-image-preview":"max-image-preview:large","max-video-preview":"max-video-preview:-1"},"canonical":"https:\/\/osaka.ma\/product\/acer-predator-helios-neo-18-i9-14900hx-rtx-4070-18-qhd-165hz\/","og_locale":"ru_RU","og_type":"article","og_title":"ACER PREDATOR HELIOS NEO 18 - i9 14900HX | RTX 4070 | 18\" QHD+ 165Hz - Osaka","og_url":"https:\/\/osaka.ma\/product\/acer-predator-helios-neo-18-i9-14900hx-rtx-4070-18-qhd-165hz\/","og_site_name":"Osaka","article_modified_time":"2025-09-23T00:05:28+00:00","og_image":[{"width":1600,"height":1600,"url":"https:\/\/osaka.ma\/wp-content\/uploads\/2025\/09\/ACER-PREDATOR-HN18-71.jpg","type":"image\/jpeg"}],"twitter_card":"summary_large_image","twitter_misc":{"Est. reading time":"5 minutes"},"schema":{"@context":"https:\/\/schema.org","@graph":[{"@type":"WebPage","@id":"https:\/\/osaka.ma\/product\/acer-predator-helios-neo-18-i9-14900hx-rtx-4070-18-qhd-165hz\/","url":"https:\/\/osaka.ma\/product\/acer-predator-helios-neo-18-i9-14900hx-rtx-4070-18-qhd-165hz\/","name":"ACER PREDATOR HELIOS NEO 18 - i9 14900HX | RTX 4070 - Osaka","isPartOf":{"@id":"https:\/\/osaka.ma\/#website"},"primaryImageOfPage":{"@id":"https:\/\/osaka.ma\/product\/acer-predator-helios-neo-18-i9-14900hx-rtx-4070-18-qhd-165hz\/#primaryimage"},"image":{"@id":"https:\/\/osaka.ma\/product\/acer-predator-helios-neo-18-i9-14900hx-rtx-4070-18-qhd-165hz\/#primaryimage"},"thumbnailUrl":"https:\/\/osaka.ma\/wp-content\/uploads\/2025\/09\/ACER-PREDATOR-HN18-71.jpg","datePublished":"2025-09-10T12:48:40+00:00","dateModified":"2025-09-23T00:05:28+00:00","description":"Lib\u00e9rez votre exp\u00e9rience de jeu avec l'ACER PREDATOR HELIOS NEO 18 - i9 14900HX | RTX 4070 | 18\" QHD+ 165Hz . Disponible chez Osaka Gaming Maroc","breadcrumb":{"@id":"https:\/\/osaka.ma\/product\/acer-predator-helios-neo-18-i9-14900hx-rtx-4070-18-qhd-165hz\/#breadcrumb"},"inLanguage":"ru-RU","potentialAction":[{"@type":"ReadAction","target":["https:\/\/osaka.ma\/product\/acer-predator-helios-neo-18-i9-14900hx-rtx-4070-18-qhd-165hz\/"]}]},{"@type":"ImageObject","inLanguage":"ru-RU","@id":"https:\/\/osaka.ma\/product\/acer-predator-helios-neo-18-i9-14900hx-rtx-4070-18-qhd-165hz\/#primaryimage","url":"https:\/\/osaka.ma\/wp-content\/uploads\/2025\/09\/ACER-PREDATOR-HN18-71.jpg","contentUrl":"https:\/\/osaka.ma\/wp-content\/uploads\/2025\/09\/ACER-PREDATOR-HN18-71.jpg","width":1600,"height":1600,"caption":"ACER PREDATOR HELIOS NEO 18 - i9 14900HX | RTX 4070 | 18\" QHD+ 165Hz | Osaka Gaming Maroc"},{"@type":"BreadcrumbList","@id":"https:\/\/osaka.ma\/product\/acer-predator-helios-neo-18-i9-14900hx-rtx-4070-18-qhd-165hz\/#breadcrumb","itemListElement":[{"@type":"ListItem","position":1,"name":"Home","item":"https:\/\/osaka.ma\/"},{"@type":"ListItem","position":2,"name":"Shop","item":"https:\/\/osaka.ma\/shop-2\/"},{"@type":"ListItem","position":3,"name":"ACER PREDATOR HELIOS NEO 18 &#8211; i9 14900HX | RTX 4070 | 18&#8243; QHD+ 165Hz"}]},{"@type":"WebSite","@id":"https:\/\/osaka.ma\/#website","url":"https:\/\/osaka.ma\/","name":"Osaka","description":"","publisher":{"@id":"https:\/\/osaka.ma\/#organization"},"potentialAction":[{"@type":"SearchAction","target":{"@type":"EntryPoint","urlTemplate":"https:\/\/osaka.ma\/?s={search_term_string}"},"query-input":{"@type":"PropertyValueSpecification","valueRequired":true,"valueName":"search_term_string"}}],"inLanguage":"ru-RU"},{"@type":"Organization","@id":"https:\/\/osaka.ma\/#organization","name":"Osaka","url":"https:\/\/osaka.ma\/","logo":{"@type":"ImageObject","inLanguage":"ru-RU","@id":"https:\/\/osaka.ma\/#\/schema\/logo\/image\/","url":"https:\/\/osaka.ma\/wp-content\/uploads\/2026\/01\/model-slogan-logo-2Plan-de-travail-1dksl-plus-finnn.png","contentUrl":"https:\/\/osaka.ma\/wp-content\/uploads\/2026\/01\/model-slogan-logo-2Plan-de-travail-1dksl-plus-finnn.png","width":842,"height":226,"caption":"Osaka"},"image":{"@id":"https:\/\/osaka.ma\/#\/schema\/logo\/image\/"}}]}},"jetpack_sharing_enabled":true,"brands":[],"_links":{"self":[{"href":"https:\/\/osaka.ma\/ru\/wp-json\/wp\/v2\/product\/17690","targetHints":{"allow":["GET"]}}],"collection":[{"href":"https:\/\/osaka.ma\/ru\/wp-json\/wp\/v2\/product"}],"about":[{"href":"https:\/\/osaka.ma\/ru\/wp-json\/wp\/v2\/types\/product"}],"version-history":[{"count":0,"href":"https:\/\/osaka.ma\/ru\/wp-json\/wp\/v2\/product\/17690\/revisions"}],"wp:featuredmedia":[{"embeddable":true,"href":"https:\/\/osaka.ma\/ru\/wp-json\/wp\/v2\/media\/1017695"}],"wp:attachment":[{"href":"https:\/\/osaka.ma\/ru\/wp-json\/wp\/v2\/media?parent=17690"}],"wp:term":[{"taxonomy":"pwb-brand","embeddable":true,"href":"https:\/\/osaka.ma\/ru\/wp-json\/wp\/v2\/pwb-brand?post=17690"},{"taxonomy":"product_brand","embeddable":true,"href":"https:\/\/osaka.ma\/ru\/wp-json\/wp\/v2\/product_brand?post=17690"},{"taxonomy":"product_cat","embeddable":true,"href":"https:\/\/osaka.ma\/ru\/wp-json\/wp\/v2\/product_cat?post=17690"},{"taxonomy":"product_tag","embeddable":true,"href":"https:\/\/osaka.ma\/ru\/wp-json\/wp\/v2\/product_tag?post=17690"},{"taxonomy":"pcb_component_type","embeddable":true,"href":"https:\/\/osaka.ma\/ru\/wp-json\/wp\/v2\/pcb_component_type?post=17690"}],"curies":[{"name":"wp","href":"https:\/\/api.w.org\/{rel}","templated":true}]}}