{"id":17726,"date":"2025-09-11T14:20:39","date_gmt":"2025-09-11T13:20:39","guid":{"rendered":"https:\/\/osaka.ma\/?post_type=product&#038;p=17726"},"modified":"2026-02-12T01:07:56","modified_gmt":"2026-02-12T00:07:56","slug":"2-to-western-digital-sn770-ssd-wd-black","status":"publish","type":"product","link":"https:\/\/osaka.ma\/ru\/product\/2-to-western-digital-sn770-ssd-wd-black\/","title":{"rendered":"2To Western Digital SN770 SSD WD Black"},"content":{"rendered":"<div class=\"logo\"><img decoding=\"async\" class=\"aligncenter\" src=\"https:\/\/media.ldlc.com\/v3\/marque\/bo\/00\/05\/59\/20\/V30005592097_2.jpg\" alt=\"WD_Black\" \/><\/div>\n<div><\/div>\n<div id=\"description\" class=\"description\">\n<div class=\"details-pdt-desc\">\n<h2 class=\"h2-master\">WD_Black SN770 : Passez au niveau sup\u00e9rieur<\/h2>\n<section>Le\u00a0<strong>SSD M.2 2280 PCIe 4.0 NVMe Western Digital SSD WD Black SN770\u00a0<\/strong>offre \u00e0 vos applications un lancement encore plus rapide et des temps d&#8217;acc\u00e8s ultra r\u00e9duits. En jeu, il permet des latences minimales et des temps de chargement quasi instantan\u00e9s avec des vitesses en lecture allant jusqu&#8217;\u00e0 5150 Mo\/s (<em>sur certaines capacit\u00e9s<\/em>).Le logiciel\u00a0<strong>WD BLACK Dashboard<\/strong>\u00a0contr\u00f4le l&#8217;\u00e9tat de sant\u00e9 de votre disque tout en optimisant ses performances de pointe en mode jeu, m\u00eame lorsque vous \u00eates en plein chat ou en train de streamer vos frags les plus incroyables.<\/section>\n<section>\n<div class=\"desc-image\"><img decoding=\"async\" src=\"https:\/\/media.ldlc.com\/bo\/images\/fiches\/Disque_dur_SSD\/WD\/wd_black_sn770.jpg\" alt=\"\" \/><\/div>\n<div class=\"desc-text\">\n<h2>SSD Gaming PCIe 4.0<\/h2>\n<ul>\n<li>Entrez rapidement dans le jeu en minimisant les temps de chargement avec des vitesses fulgurantes allant jusqu&#8217;\u00e0 5\u00a0150\u00a0Mo\/s (<em>en fonction des mod\u00e8les<\/em>).<\/li>\n<li>\u00c9quip\u00e9 d&#8217;une interface PCIe 4.0 NVMe, le SSD WD_BLACK SN770 aide \u00e0 alimenter la r\u00e9activit\u00e9 dans le jeu, \u00e0 minimiser les latences pour une am\u00e9lioration des performances visible.<\/li>\n<li>Obtenez de l&#8217;espace \u00e0 vos derniers jeux, aux futures mises \u00e0 jour et contenus t\u00e9l\u00e9chargeables avec des capacit\u00e9s allant jusqu&#8217;\u00e0 2 To.<\/li>\n<li>Jusqu&#8217;\u00e0 20 % d&#8217;efficacit\u00e9 \u00e9nerg\u00e9tique en plus \u00e0 vitesse maximale par rapport \u00e0 la g\u00e9n\u00e9ration pr\u00e9c\u00e9dente (<em>en fonction des mod\u00e8les<\/em>).<\/li>\n<li>Optimisez les performances en mode jeu et surveillez l&#8217;\u00e9tat de votre disque avec le logiciel WD_BLACK afin que vous puissiez jouer en toute confiance.<\/li>\n<li>B\u00e9n\u00e9ficie d&#8217;une technologie de gestion thermique avanc\u00e9e qui aide \u00e0 maintenir des performances constantes.<\/li>\n<\/ul>\n<\/div>\n<\/section>\n<\/div>\n<\/div>\n","protected":false},"excerpt":{"rendered":"<h6><strong><span style=\"color: #3366ff;\">SSD 2 To M.2 PCIe NVMe 4.0 x4 NAND 3D TLC &#8211; USED<\/span><\/strong><\/h6>\n<p>Profitez d\u2019une vitesse fulgurante avec le <strong data-start=\"137\" data-end=\"160\">WD Black SN770 2 To<\/strong>, un SSD NVMe PCIe Gen4 con\u00e7u pour les gamers et utilisateurs exigeants. Offrant des temps de chargement ultra-rapides et une r\u00e9activit\u00e9 exceptionnelle, il transforme votre exp\u00e9rience PC, que ce soit pour le jeu, la cr\u00e9ation ou le multit\u00e2che intensif.<\/p>\n<h5>Caract\u00e9ristiques Principales :<\/h5>\n<ul>\n<li data-start=\"164\" data-end=\"217\"><strong data-start=\"164\" data-end=\"184\">Format de disque<\/strong> : <span style=\"color: #3366ff;\">M.2 2280<\/span><\/li>\n<li data-start=\"220\" data-end=\"251\"><strong data-start=\"220\" data-end=\"242\">Capacit\u00e9 de disque<\/strong> : <span style=\"color: #3366ff;\">2 To<\/span><\/li>\n<li data-start=\"254\" data-end=\"293\"><strong data-start=\"254\" data-end=\"267\">Interface<\/strong> : <span style=\"color: #3366ff;\">PCIe 4.0\u00a0<\/span><\/li>\n<li data-start=\"296\" data-end=\"345\"><strong data-start=\"296\" data-end=\"318\">Vitesse en lecture<\/strong> : <span style=\"color: #3366ff;\">jusqu\u2019\u00e0 <strong data-start=\"329\" data-end=\"343\">5 150 Mo\/s<\/strong><\/span><\/li>\n<li data-start=\"348\" data-end=\"396\"><strong data-start=\"348\" data-end=\"371\">Vitesse en \u00e9criture<\/strong> : <span style=\"color: #3366ff;\">jusqu\u2019\u00e0 <strong data-start=\"382\" data-end=\"396\">4 850 Mo\/s<\/strong><\/span><\/li>\n<\/ul>\n","protected":false},"featured_media":1017729,"template":"","meta":{"_acf_changed":false},"pwb-brand":[],"product_brand":[],"product_cat":[17,22],"product_tag":[],"pcb_component_type":[],"class_list":{"0":"post-17726","1":"product","2":"type-product","3":"status-publish","4":"has-post-thumbnail","6":"product_cat-composants-gaming","7":"product_cat-disque-dur-ssd","9":"first","10":"outofstock","11":"shipping-taxable","12":"product-type-simple"},"translation":{"provider":"WPGlobus","version":"3.0.2","language":"ru","enabled_languages":["en","es","de","fr","ru"],"languages":{"en":{"title":true,"content":true,"excerpt":true},"es":{"title":false,"content":false,"excerpt":false},"de":{"title":false,"content":false,"excerpt":false},"fr":{"title":false,"content":false,"excerpt":false},"ru":{"title":false,"content":false,"excerpt":false}}},"acf":[],"yoast_head":"<!-- This site is optimized with the Yoast SEO plugin v27.2 - https:\/\/yoast.com\/product\/yoast-seo-wordpress\/ -->\n<title>2To Western Digital SN770 SSD WD Black - Osaka<\/title>\n<meta name=\"robots\" content=\"index, follow, max-snippet:-1, max-image-preview:large, max-video-preview:-1\" \/>\n<link rel=\"canonical\" href=\"https:\/\/osaka.ma\/ru\/product\/2-to-western-digital-sn770-ssd-wd-black\/\" \/>\n<meta property=\"og:locale\" content=\"ru_RU\" \/>\n<meta property=\"og:type\" content=\"article\" \/>\n<meta property=\"og:title\" content=\"2To Western Digital SN770 SSD WD Black - Osaka\" \/>\n<meta property=\"og:url\" content=\"https:\/\/osaka.ma\/ru\/product\/2-to-western-digital-sn770-ssd-wd-black\/\" \/>\n<meta property=\"og:site_name\" content=\"Osaka\" \/>\n<meta property=\"article:modified_time\" content=\"2026-02-12T00:07:56+00:00\" \/>\n<meta property=\"og:image\" content=\"https:\/\/osaka.ma\/wp-content\/uploads\/2025\/09\/WD-BLACK-SN770.jpg\" \/>\n\t<meta property=\"og:image:width\" content=\"1600\" \/>\n\t<meta property=\"og:image:height\" content=\"1600\" \/>\n\t<meta property=\"og:image:type\" content=\"image\/jpeg\" \/>\n<meta name=\"twitter:card\" content=\"summary_large_image\" \/>\n<meta name=\"twitter:label1\" content=\"Est. reading time\" \/>\n\t<meta name=\"twitter:data1\" content=\"3 minutes\" \/>\n<script type=\"application\/ld+json\" class=\"yoast-schema-graph\">{\"@context\":\"https:\/\/schema.org\",\"@graph\":[{\"@type\":\"WebPage\",\"@id\":\"https:\/\/osaka.ma\/ru\/product\/2-to-western-digital-sn770-ssd-wd-black\/\",\"url\":\"https:\/\/osaka.ma\/ru\/product\/2-to-western-digital-sn770-ssd-wd-black\/\",\"name\":\"2To Western Digital SN770 SSD WD Black - Osaka\",\"isPartOf\":{\"@id\":\"https:\/\/osaka.ma\/#website\"},\"primaryImageOfPage\":{\"@id\":\"https:\/\/osaka.ma\/ru\/product\/2-to-western-digital-sn770-ssd-wd-black\/#primaryimage\"},\"image\":{\"@id\":\"https:\/\/osaka.ma\/ru\/product\/2-to-western-digital-sn770-ssd-wd-black\/#primaryimage\"},\"thumbnailUrl\":\"https:\/\/osaka.ma\/wp-content\/uploads\/2025\/09\/WD-BLACK-SN770.jpg\",\"datePublished\":\"2025-09-11T13:20:39+00:00\",\"dateModified\":\"2026-02-12T00:07:56+00:00\",\"description\":\"Am\u00e9liorez vos performances avec le SSD 2 To Western Digital SN770, offrant des temps de chargement instantan\u00e9s pour vos jeux. Commandez maintenant !\",\"breadcrumb\":{\"@id\":\"https:\/\/osaka.ma\/ru\/product\/2-to-western-digital-sn770-ssd-wd-black\/#breadcrumb\"},\"inLanguage\":\"ru-RU\",\"potentialAction\":[{\"@type\":\"ReadAction\",\"target\":[\"https:\/\/osaka.ma\/ru\/product\/2-to-western-digital-sn770-ssd-wd-black\/\"]}]},{\"@type\":\"ImageObject\",\"inLanguage\":\"ru-RU\",\"@id\":\"https:\/\/osaka.ma\/ru\/product\/2-to-western-digital-sn770-ssd-wd-black\/#primaryimage\",\"url\":\"https:\/\/osaka.ma\/wp-content\/uploads\/2025\/09\/WD-BLACK-SN770.jpg\",\"contentUrl\":\"https:\/\/osaka.ma\/wp-content\/uploads\/2025\/09\/WD-BLACK-SN770.jpg\",\"width\":1600,\"height\":1600,\"caption\":\"2 To Western Digital SN770 SSD WD Black | Osaka Gaming Maroc\"},{\"@type\":\"BreadcrumbList\",\"@id\":\"https:\/\/osaka.ma\/ru\/product\/2-to-western-digital-sn770-ssd-wd-black\/#breadcrumb\",\"itemListElement\":[{\"@type\":\"ListItem\",\"position\":1,\"name\":\"Home\",\"item\":\"https:\/\/osaka.ma\/\"},{\"@type\":\"ListItem\",\"position\":2,\"name\":\"Shop\",\"item\":\"https:\/\/osaka.ma\/shop-2\/\"},{\"@type\":\"ListItem\",\"position\":3,\"name\":\"2To Western Digital SN770 SSD WD Black\"}]},{\"@type\":\"WebSite\",\"@id\":\"https:\/\/osaka.ma\/#website\",\"url\":\"https:\/\/osaka.ma\/\",\"name\":\"Osaka\",\"description\":\"\",\"publisher\":{\"@id\":\"https:\/\/osaka.ma\/#organization\"},\"potentialAction\":[{\"@type\":\"SearchAction\",\"target\":{\"@type\":\"EntryPoint\",\"urlTemplate\":\"https:\/\/osaka.ma\/?s={search_term_string}\"},\"query-input\":{\"@type\":\"PropertyValueSpecification\",\"valueRequired\":true,\"valueName\":\"search_term_string\"}}],\"inLanguage\":\"ru-RU\"},{\"@type\":\"Organization\",\"@id\":\"https:\/\/osaka.ma\/#organization\",\"name\":\"Osaka\",\"url\":\"https:\/\/osaka.ma\/\",\"logo\":{\"@type\":\"ImageObject\",\"inLanguage\":\"ru-RU\",\"@id\":\"https:\/\/osaka.ma\/#\/schema\/logo\/image\/\",\"url\":\"https:\/\/osaka.ma\/wp-content\/uploads\/2026\/01\/model-slogan-logo-2Plan-de-travail-1dksl-plus-finnn.png\",\"contentUrl\":\"https:\/\/osaka.ma\/wp-content\/uploads\/2026\/01\/model-slogan-logo-2Plan-de-travail-1dksl-plus-finnn.png\",\"width\":842,\"height\":226,\"caption\":\"Osaka\"},\"image\":{\"@id\":\"https:\/\/osaka.ma\/#\/schema\/logo\/image\/\"}}]}<\/script>\n<!-- \/ Yoast SEO plugin. -->","yoast_head_json":{"title":"2To Western Digital SN770 SSD WD Black - Osaka","robots":{"index":"index","follow":"follow","max-snippet":"max-snippet:-1","max-image-preview":"max-image-preview:large","max-video-preview":"max-video-preview:-1"},"canonical":"https:\/\/osaka.ma\/ru\/product\/2-to-western-digital-sn770-ssd-wd-black\/","og_locale":"ru_RU","og_type":"article","og_title":"2To Western Digital SN770 SSD WD Black - Osaka","og_url":"https:\/\/osaka.ma\/ru\/product\/2-to-western-digital-sn770-ssd-wd-black\/","og_site_name":"Osaka","article_modified_time":"2026-02-12T00:07:56+00:00","og_image":[{"width":1600,"height":1600,"url":"https:\/\/osaka.ma\/wp-content\/uploads\/2025\/09\/WD-BLACK-SN770.jpg","type":"image\/jpeg"}],"twitter_card":"summary_large_image","twitter_misc":{"Est. reading time":"3 minutes"},"schema":{"@context":"https:\/\/schema.org","@graph":[{"@type":"WebPage","@id":"https:\/\/osaka.ma\/ru\/product\/2-to-western-digital-sn770-ssd-wd-black\/","url":"https:\/\/osaka.ma\/ru\/product\/2-to-western-digital-sn770-ssd-wd-black\/","name":"2To Western Digital SN770 SSD WD Black - Osaka","isPartOf":{"@id":"https:\/\/osaka.ma\/#website"},"primaryImageOfPage":{"@id":"https:\/\/osaka.ma\/ru\/product\/2-to-western-digital-sn770-ssd-wd-black\/#primaryimage"},"image":{"@id":"https:\/\/osaka.ma\/ru\/product\/2-to-western-digital-sn770-ssd-wd-black\/#primaryimage"},"thumbnailUrl":"https:\/\/osaka.ma\/wp-content\/uploads\/2025\/09\/WD-BLACK-SN770.jpg","datePublished":"2025-09-11T13:20:39+00:00","dateModified":"2026-02-12T00:07:56+00:00","description":"Am\u00e9liorez vos performances avec le SSD 2 To Western Digital SN770, offrant des temps de chargement instantan\u00e9s pour vos jeux. Commandez maintenant !","breadcrumb":{"@id":"https:\/\/osaka.ma\/ru\/product\/2-to-western-digital-sn770-ssd-wd-black\/#breadcrumb"},"inLanguage":"ru-RU","potentialAction":[{"@type":"ReadAction","target":["https:\/\/osaka.ma\/ru\/product\/2-to-western-digital-sn770-ssd-wd-black\/"]}]},{"@type":"ImageObject","inLanguage":"ru-RU","@id":"https:\/\/osaka.ma\/ru\/product\/2-to-western-digital-sn770-ssd-wd-black\/#primaryimage","url":"https:\/\/osaka.ma\/wp-content\/uploads\/2025\/09\/WD-BLACK-SN770.jpg","contentUrl":"https:\/\/osaka.ma\/wp-content\/uploads\/2025\/09\/WD-BLACK-SN770.jpg","width":1600,"height":1600,"caption":"2 To Western Digital SN770 SSD WD Black | Osaka Gaming Maroc"},{"@type":"BreadcrumbList","@id":"https:\/\/osaka.ma\/ru\/product\/2-to-western-digital-sn770-ssd-wd-black\/#breadcrumb","itemListElement":[{"@type":"ListItem","position":1,"name":"Home","item":"https:\/\/osaka.ma\/"},{"@type":"ListItem","position":2,"name":"Shop","item":"https:\/\/osaka.ma\/shop-2\/"},{"@type":"ListItem","position":3,"name":"2To Western Digital SN770 SSD WD Black"}]},{"@type":"WebSite","@id":"https:\/\/osaka.ma\/#website","url":"https:\/\/osaka.ma\/","name":"Osaka","description":"","publisher":{"@id":"https:\/\/osaka.ma\/#organization"},"potentialAction":[{"@type":"SearchAction","target":{"@type":"EntryPoint","urlTemplate":"https:\/\/osaka.ma\/?s={search_term_string}"},"query-input":{"@type":"PropertyValueSpecification","valueRequired":true,"valueName":"search_term_string"}}],"inLanguage":"ru-RU"},{"@type":"Organization","@id":"https:\/\/osaka.ma\/#organization","name":"Osaka","url":"https:\/\/osaka.ma\/","logo":{"@type":"ImageObject","inLanguage":"ru-RU","@id":"https:\/\/osaka.ma\/#\/schema\/logo\/image\/","url":"https:\/\/osaka.ma\/wp-content\/uploads\/2026\/01\/model-slogan-logo-2Plan-de-travail-1dksl-plus-finnn.png","contentUrl":"https:\/\/osaka.ma\/wp-content\/uploads\/2026\/01\/model-slogan-logo-2Plan-de-travail-1dksl-plus-finnn.png","width":842,"height":226,"caption":"Osaka"},"image":{"@id":"https:\/\/osaka.ma\/#\/schema\/logo\/image\/"}}]}},"jetpack_sharing_enabled":true,"brands":[],"_links":{"self":[{"href":"https:\/\/osaka.ma\/ru\/wp-json\/wp\/v2\/product\/17726","targetHints":{"allow":["GET"]}}],"collection":[{"href":"https:\/\/osaka.ma\/ru\/wp-json\/wp\/v2\/product"}],"about":[{"href":"https:\/\/osaka.ma\/ru\/wp-json\/wp\/v2\/types\/product"}],"version-history":[{"count":0,"href":"https:\/\/osaka.ma\/ru\/wp-json\/wp\/v2\/product\/17726\/revisions"}],"wp:featuredmedia":[{"embeddable":true,"href":"https:\/\/osaka.ma\/ru\/wp-json\/wp\/v2\/media\/1017729"}],"wp:attachment":[{"href":"https:\/\/osaka.ma\/ru\/wp-json\/wp\/v2\/media?parent=17726"}],"wp:term":[{"taxonomy":"pwb-brand","embeddable":true,"href":"https:\/\/osaka.ma\/ru\/wp-json\/wp\/v2\/pwb-brand?post=17726"},{"taxonomy":"product_brand","embeddable":true,"href":"https:\/\/osaka.ma\/ru\/wp-json\/wp\/v2\/product_brand?post=17726"},{"taxonomy":"product_cat","embeddable":true,"href":"https:\/\/osaka.ma\/ru\/wp-json\/wp\/v2\/product_cat?post=17726"},{"taxonomy":"product_tag","embeddable":true,"href":"https:\/\/osaka.ma\/ru\/wp-json\/wp\/v2\/product_tag?post=17726"},{"taxonomy":"pcb_component_type","embeddable":true,"href":"https:\/\/osaka.ma\/ru\/wp-json\/wp\/v2\/pcb_component_type?post=17726"}],"curies":[{"name":"wp","href":"https:\/\/api.w.org\/{rel}","templated":true}]}}