{"id":17759,"date":"2025-09-17T01:26:48","date_gmt":"2025-09-17T00:26:48","guid":{"rendered":"https:\/\/osaka.ma\/?post_type=product&#038;p=17759"},"modified":"2025-11-11T13:05:51","modified_gmt":"2025-11-11T12:05:51","slug":"asus-rog-zephyrus-g16-gu605mi-ultra-9-185h-rtx-4070-8gb-oled-qhd-240hz-quasineuf","status":"publish","type":"product","link":"https:\/\/osaka.ma\/ru\/product\/asus-rog-zephyrus-g16-gu605mi-ultra-9-185h-rtx-4070-8gb-oled-qhd-240hz-quasineuf\/","title":{"rendered":"ASUS ROG Zephyrus G16 GU605MI &#8211; Ultra 9 185H | RTX 4070 8GB | OLED QHD+ 240Hz Quasineuf"},"content":{"rendered":"<div class=\"logo\">\n<div class=\"logo\"><img decoding=\"async\" class=\"aligncenter\" src=\"https:\/\/media.ldlc.com\/v3\/marque\/bo\/00\/05\/62\/42\/V30005624251_2.jpg\" alt=\"ASUS\" \/><\/div>\n<div><\/div>\n<div id=\"description\" class=\"description\">\n<div class=\"details-pdt-desc\">\n<h2 class=\"h2-master\">Confort, puissance et finesse sans compromis<\/h2>\n<section>Puissant, pr\u00e9cis et \u00e9l\u00e9gant, le PC portable <strong>ASUS Zephyrus G16 GU605<\/strong> allie performance et style avec son \u00e9cran OLED 16&#8243; et son ch\u00e2ssis en aluminium usin\u00e9 CNC.<\/section>\n<section>\n<div class=\"desc-image\"><img decoding=\"async\" src=\"https:\/\/media.ldlc.com\/bo\/images\/fiches\/pc_portables\/asus\/gu605\/801.jpg\" alt=\"\" \/><\/div>\n<div><\/div>\n<div class=\"desc-text\">\n<h2>Hautes performances de jeu<\/h2>\n<article class=\"text-token-text-primary w-full focus:outline-none scroll-mt-[calc(var(--header-height)+min(200px,max(70px,20svh)))]\" dir=\"auto\" tabindex=\"-1\" data-turn-id=\"request-WEB:75e15375-a0c1-4e61-8f36-96ffee53c76d-1\" data-testid=\"conversation-turn-4\" data-scroll-anchor=\"true\" data-turn=\"assistant\">\n<div class=\"text-base my-auto mx-auto pb-10 [--thread-content-margin:--spacing(4)] @[37rem]:[--thread-content-margin:--spacing(6)] @[72rem]:[--thread-content-margin:--spacing(16)] px-(--thread-content-margin)\">\n<div class=\"[--thread-content-max-width:32rem] @[34rem]:[--thread-content-max-width:40rem] @[64rem]:[--thread-content-max-width:48rem] mx-auto max-w-(--thread-content-max-width) flex-1 group\/turn-messages focus-visible:outline-hidden relative flex w-full min-w-0 flex-col agent-turn\" tabindex=\"-1\">\n<div class=\"flex max-w-full flex-col grow\">\n<div class=\"min-h-8 text-message relative flex w-full flex-col items-end gap-2 text-start break-words whitespace-normal [.text-message+&amp;]:mt-5\" dir=\"auto\" data-message-author-role=\"assistant\" data-message-id=\"4f3f0900-1cb1-4f49-959d-0bd6231fcd08\" data-message-model-slug=\"gpt-4o\">\n<div class=\"flex w-full flex-col gap-1 empty:hidden first:pt-[3px]\">\n<div class=\"markdown prose dark:prose-invert w-full break-words dark markdown-new-styling\">\n<p data-start=\"0\" data-end=\"292\" data-is-last-node=\"\" data-is-only-node=\"\">Le <strong>Zephyrus G16<\/strong> combine puissance, vitesse et portabilit\u00e9. Son ch\u00e2ssis fin int\u00e8gre un processeur <strong>Intel Core Ultra 9<\/strong> avec<strong> IA<\/strong>, une <strong>RTX s\u00e9rie 4000<\/strong>, de la <strong>RAM LPDDR5<\/strong> \u00e0 <strong>7467 MHz<\/strong> et un <strong>SSD PCIe 4.0<\/strong>. Id\u00e9al pour la visioconf\u00e9rence, le montage ou le gaming, l\u2019IA optimise chaque t\u00e2che en arri\u00e8re-plan.<\/p>\n<\/div>\n<\/div>\n<\/div>\n<\/div>\n<div class=\"flex min-h-[46px] justify-start\"><\/div>\n<\/div>\n<\/div>\n<\/article>\n<\/div>\n<\/section>\n<section>\n<div class=\"desc-text\">\n<h2>\u00c9cran OLED 240 Hz<\/h2>\n<p>Le <strong>ASUS ROG Zephyrus G16<\/strong> offre des temps de r\u00e9ponse ultra-rapides et un contraste saisissant gr\u00e2ce \u00e0 son \u00e9cran OLED 2.5K de 16&#8243;. Avec un taux de rafra\u00eechissement de 240 Hz, une couverture DCI-P3 \u00e0 100 %, une pr\u00e9cision delta E &lt; 1 et la certification HDR True Black 500, l\u2019immersion est totale.<\/p>\n<\/div>\n<div class=\"desc-image\"><img decoding=\"async\" src=\"https:\/\/media.ldlc.com\/bo\/images\/fiches\/pc_portables\/asus\/gu605\/802.jpg\" alt=\"\" \/><\/div>\n<\/section>\n<section>\n<div class=\"desc-image\"><img decoding=\"async\" src=\"https:\/\/media.ldlc.com\/bo\/images\/fiches\/pc_portables\/asus\/gu605\/803.jpg\" alt=\"\" \/><\/div>\n<div><\/div>\n<div class=\"desc-text\">\n<h2>Refroidissement performant<\/h2>\n<p>Le <strong>Zephyrus G16<\/strong> reste frais et silencieux gr\u00e2ce au syst\u00e8me ROG Intelligent Cooling, qui int\u00e8gre des ventilateurs Arc Flow 2e g\u00e9n\u00e9ration, une sortie d\u2019air optimis\u00e9e et du m\u00e9tal liquide pour une dissipation thermique maximale.<\/p>\n<\/div>\n<\/section>\n<section>\n<div class=\"desc-text\">\n<h2>Excellente qualit\u00e9 audio<\/h2>\n<p>Laissez-vous emporter par un son puissant avec les woofers am\u00e9lior\u00e9s du Zephyrus G16 : +47 % de volume, basses \u00e0 100 Hz et une clart\u00e9 sonore impressionnante pour un PC fin de 16&#8243;. Id\u00e9al pour la musique, les podcasts ou le gaming.<\/p>\n<\/div>\n<div class=\"desc-image\"><img decoding=\"async\" src=\"https:\/\/media.ldlc.com\/bo\/images\/fiches\/pc_portables\/asus\/gu605\/804.jpg\" alt=\"\" \/><\/div>\n<\/section>\n<section>\n<div class=\"desc-image\"><img decoding=\"async\" src=\"https:\/\/media.ldlc.com\/bo\/images\/fiches\/pc_portables\/asus\/gu605\/805.jpg\" alt=\"\" \/><\/div>\n<div><\/div>\n<div class=\"desc-text\">\n<h2>Un design \u00e9clatant et pr\u00e9cis<\/h2>\n<article class=\"text-token-text-primary w-full focus:outline-none scroll-mt-[calc(var(--header-height)+min(200px,max(70px,20svh)))]\" dir=\"auto\" tabindex=\"-1\" data-turn-id=\"request-WEB:75e15375-a0c1-4e61-8f36-96ffee53c76d-5\" data-testid=\"conversation-turn-12\" data-scroll-anchor=\"true\" data-turn=\"assistant\">\n<div class=\"text-base my-auto mx-auto pb-10 [--thread-content-margin:--spacing(4)] @[37rem]:[--thread-content-margin:--spacing(6)] @[72rem]:[--thread-content-margin:--spacing(16)] px-(--thread-content-margin)\">\n<div class=\"[--thread-content-max-width:32rem] @[34rem]:[--thread-content-max-width:40rem] @[64rem]:[--thread-content-max-width:48rem] mx-auto max-w-(--thread-content-max-width) flex-1 group\/turn-messages focus-visible:outline-hidden relative flex w-full min-w-0 flex-col agent-turn\" tabindex=\"-1\">\n<div class=\"flex max-w-full flex-col grow\">\n<div class=\"min-h-8 text-message relative flex w-full flex-col items-end gap-2 text-start break-words whitespace-normal [.text-message+&amp;]:mt-5\" dir=\"auto\" data-message-author-role=\"assistant\" data-message-id=\"a3a2a034-8fa2-435c-9a50-391db6d55fa9\" data-message-model-slug=\"gpt-4o\">\n<div class=\"flex w-full flex-col gap-1 empty:hidden first:pt-[3px]\">\n<div class=\"markdown prose dark:prose-invert w-full break-words dark markdown-new-styling\">\n<p data-start=\"0\" data-end=\"249\" data-is-last-node=\"\" data-is-only-node=\"\">Le<strong> Zephyrus G16<\/strong> s\u00e9duit par son ch\u00e2ssis en aluminium 6063, usin\u00e9 CNC avec une pr\u00e9cision extr\u00eame. L\u00e9ger, r\u00e9sistant et \u00e9l\u00e9gant en gris ou blanc, il offre un design compact et haut de gamme, avec des finitions soign\u00e9es et une robustesse \u00e0 toute \u00e9preuve.<\/p>\n<\/div>\n<\/div>\n<\/div>\n<\/div>\n<\/div>\n<\/div>\n<\/article>\n<\/div>\n<\/section>\n<section>\n<h2>Caract\u00e9ristiques principales :<\/h2>\n<ul>\n<li><strong>Processeur Intel Core Ultra 9 185H<\/strong>\u00a0(6 Performance-Cores 3.8 GHz \/ 5.1 GHz Turbo + 8 Efficient-Cores 1.8 GHz \/ 3.8 GHz Turbo + 2 Cores faible consommation \u00e9nerg\u00e9tique &#8211; 22 Threads &#8211; Cache 24 Mo)<\/li>\n<li>16 Go de m\u00e9moire vive LPDDR5 ( int\u00e9gr\u00e9e )<\/li>\n<li>\u00c9cran de 16&#8243; avec r\u00e9solution\u00a0<strong>QHD+<\/strong>\u00a0(2560 x 1600 pixels)<\/li>\n<li><strong>Dalle OLED<\/strong>\u00a0avec fr\u00e9quence d&#8217;affichage de\u00a0<strong>240 Hz\u00a0<\/strong>et temps de r\u00e9ponse de 0.2 ms<\/li>\n<li>Prise en charge de NVIDIA G-SYNC<\/li>\n<li>Puce graphique\u00a0<strong>NVIDIA GeForce RTX 4070<\/strong>\u00a0avec 8 Go de m\u00e9moire d\u00e9di\u00e9e GDDR6<\/li>\n<li>Fonctionnement ultra-rapide avec un\u00a0<strong>SSD M.2 PCIe 4.0 de 1 To<\/strong><\/li>\n<li>Connexion sans fil Wi-Fi 6E + Bluetooth 5.3<\/li>\n<li>Clavier Gamer <strong>QWERTY<\/strong> avec r\u00e9tro\u00e9clairage RGB (1 zone)<\/li>\n<li>Webcam IR 1080p<\/li>\n<li>Adaptateur secteur 200 watts<\/li>\n<li><strong>Windows 11 Famille<\/strong><\/li>\n<\/ul>\n<\/section>\n<\/div>\n<\/div>\n<\/div>\n","protected":false},"excerpt":{"rendered":"<p><strong>Puissance ultime et \u00e9cran premium<\/strong><br data-start=\"33\" data-end=\"36\" \/>Fin, l\u00e9ger et ultra-performant, le <strong>Zephyrus G16<\/strong>\u00a0est con\u00e7u pour le gaming, la cr\u00e9ation et la productivit\u00e9 professionnelle.<\/p>\n<h5>Caract\u00e9ristiques Principales :<\/h5>\n<ul>\n<li><strong>Processeur : <span style=\"color: #3366ff;\">Intel Core Ultra 9 185H\u00a0<\/span><\/strong><\/li>\n<li><strong>M\u00e9moire : <span style=\"color: #3366ff;\">16GB LPDDR5X 7467MHz\u00a0<\/span><\/strong><\/li>\n<li><strong>Stockage : <span style=\"color: #3366ff;\">1TB SSD NVMe<\/span><\/strong><\/li>\n<li><strong>Puce Graphique : <span style=\"color: #3366ff;\">NVIDIA GeForce RTX 4070 8Go<\/span>\u00a0<\/strong><\/li>\n<li><strong>Ecran : <span style=\"color: #3366ff;\">16&#8243; | OLED | QHD+ | 240Hz<\/span><\/strong><\/li>\n<li><strong>Clavier : <span style=\"color: #3366ff;\">QWERTY ( RGB )\u00a0<\/span><\/strong><\/li>\n<li><strong>Syst\u00e8me : <span style=\"color: #3366ff;\">Windows 11 Famille<br \/>\n<\/span><\/strong><\/li>\n<li>BATTERY : 99%<\/li>\n<\/ul>\n","protected":false},"featured_media":1017561,"template":"","meta":{"_acf_changed":false},"pwb-brand":[],"product_brand":[],"product_cat":[122,121,126],"product_tag":[],"pcb_component_type":[],"class_list":{"0":"post-17759","1":"product","2":"type-product","3":"status-publish","4":"has-post-thumbnail","6":"product_cat-gaming","7":"product_cat-pc-portable","8":"product_cat-professional","10":"first","11":"outofstock","12":"shipping-taxable","13":"product-type-simple"},"translation":{"provider":"WPGlobus","version":"3.0.2","language":"ru","enabled_languages":["en","es","de","fr","ru"],"languages":{"en":{"title":true,"content":true,"excerpt":true},"es":{"title":false,"content":false,"excerpt":false},"de":{"title":false,"content":false,"excerpt":false},"fr":{"title":false,"content":false,"excerpt":false},"ru":{"title":false,"content":false,"excerpt":false}}},"acf":[],"yoast_head":"<!-- This site is optimized with the Yoast SEO plugin v27.2 - https:\/\/yoast.com\/product\/yoast-seo-wordpress\/ -->\n<title>ASUS Zephyrus G16 GU605MI - Ultra 9 185H | RTX 4070 - Osaka<\/title>\n<meta name=\"robots\" content=\"index, follow, max-snippet:-1, max-image-preview:large, max-video-preview:-1\" \/>\n<link rel=\"canonical\" href=\"https:\/\/osaka.ma\/de\/product\/asus-rog-zephyrus-g16-gu605mi-ultra-9-185h-rtx-4070-8gb-oled-qhd-240hz-quasineuf\/\" \/>\n<meta property=\"og:locale\" content=\"ru_RU\" \/>\n<meta property=\"og:type\" content=\"article\" \/>\n<meta property=\"og:title\" content=\"ASUS ROG Zephyrus G16 GU605MI - Ultra 9 185H | RTX 4070 8GB | OLED QHD+ 240Hz Quasineuf - Osaka\" \/>\n<meta property=\"og:url\" content=\"https:\/\/osaka.ma\/de\/product\/asus-rog-zephyrus-g16-gu605mi-ultra-9-185h-rtx-4070-8gb-oled-qhd-240hz-quasineuf\/\" \/>\n<meta property=\"og:site_name\" content=\"Osaka\" \/>\n<meta property=\"article:modified_time\" content=\"2025-11-11T12:05:51+00:00\" \/>\n<meta property=\"og:image\" content=\"https:\/\/osaka.ma\/wp-content\/uploads\/2025\/05\/ASUS-ROG-ZEPHYRUS-G605MI.png\" \/>\n\t<meta property=\"og:image:width\" content=\"732\" \/>\n\t<meta property=\"og:image:height\" content=\"732\" \/>\n\t<meta property=\"og:image:type\" content=\"image\/png\" \/>\n<meta name=\"twitter:card\" content=\"summary_large_image\" \/>\n<meta name=\"twitter:label1\" content=\"Est. reading time\" \/>\n\t<meta name=\"twitter:data1\" content=\"5 minutes\" \/>\n<script type=\"application\/ld+json\" class=\"yoast-schema-graph\">{\"@context\":\"https:\/\/schema.org\",\"@graph\":[{\"@type\":\"WebPage\",\"@id\":\"https:\/\/osaka.ma\/de\/product\/asus-rog-zephyrus-g16-gu605mi-ultra-9-185h-rtx-4070-8gb-oled-qhd-240hz-quasineuf\/\",\"url\":\"https:\/\/osaka.ma\/de\/product\/asus-rog-zephyrus-g16-gu605mi-ultra-9-185h-rtx-4070-8gb-oled-qhd-240hz-quasineuf\/\",\"name\":\"ASUS Zephyrus G16 GU605MI - Ultra 9 185H | RTX 4070 - Osaka\",\"isPartOf\":{\"@id\":\"https:\/\/osaka.ma\/#website\"},\"primaryImageOfPage\":{\"@id\":\"https:\/\/osaka.ma\/de\/product\/asus-rog-zephyrus-g16-gu605mi-ultra-9-185h-rtx-4070-8gb-oled-qhd-240hz-quasineuf\/#primaryimage\"},\"image\":{\"@id\":\"https:\/\/osaka.ma\/de\/product\/asus-rog-zephyrus-g16-gu605mi-ultra-9-185h-rtx-4070-8gb-oled-qhd-240hz-quasineuf\/#primaryimage\"},\"thumbnailUrl\":\"https:\/\/osaka.ma\/wp-content\/uploads\/2025\/05\/ASUS-ROG-ZEPHYRUS-G605MI.png\",\"datePublished\":\"2025-09-17T00:26:48+00:00\",\"dateModified\":\"2025-11-11T12:05:51+00:00\",\"description\":\"D\u00e9couvrez la performance in\u00e9gal\u00e9e avec l'ASUS Zephyrus G16 GU605MI \u2013 Ultra 9 185H -RTX 4070 8GB - OLED QHD+ 240Hz - 16Go DDR5 - 1To - Osaka PC Gamer - Maroc\",\"breadcrumb\":{\"@id\":\"https:\/\/osaka.ma\/de\/product\/asus-rog-zephyrus-g16-gu605mi-ultra-9-185h-rtx-4070-8gb-oled-qhd-240hz-quasineuf\/#breadcrumb\"},\"inLanguage\":\"ru-RU\",\"potentialAction\":[{\"@type\":\"ReadAction\",\"target\":[\"https:\/\/osaka.ma\/de\/product\/asus-rog-zephyrus-g16-gu605mi-ultra-9-185h-rtx-4070-8gb-oled-qhd-240hz-quasineuf\/\"]}]},{\"@type\":\"ImageObject\",\"inLanguage\":\"ru-RU\",\"@id\":\"https:\/\/osaka.ma\/de\/product\/asus-rog-zephyrus-g16-gu605mi-ultra-9-185h-rtx-4070-8gb-oled-qhd-240hz-quasineuf\/#primaryimage\",\"url\":\"https:\/\/osaka.ma\/wp-content\/uploads\/2025\/05\/ASUS-ROG-ZEPHYRUS-G605MI.png\",\"contentUrl\":\"https:\/\/osaka.ma\/wp-content\/uploads\/2025\/05\/ASUS-ROG-ZEPHYRUS-G605MI.png\",\"width\":732,\"height\":732,\"caption\":\"ASUS Zephyrus G16 GU605MI \u2013 Ultra 9 185H -RTX 4070 8GB - OLED QHD+ 240Hz - 16Go DDR5 - 1To - Osaka PC Gamer - Maroc\"},{\"@type\":\"BreadcrumbList\",\"@id\":\"https:\/\/osaka.ma\/de\/product\/asus-rog-zephyrus-g16-gu605mi-ultra-9-185h-rtx-4070-8gb-oled-qhd-240hz-quasineuf\/#breadcrumb\",\"itemListElement\":[{\"@type\":\"ListItem\",\"position\":1,\"name\":\"Home\",\"item\":\"https:\/\/osaka.ma\/\"},{\"@type\":\"ListItem\",\"position\":2,\"name\":\"Shop\",\"item\":\"https:\/\/osaka.ma\/shop-2\/\"},{\"@type\":\"ListItem\",\"position\":3,\"name\":\"ASUS ROG Zephyrus G16 GU605MI &#8211; Ultra 9 185H | RTX 4070 8GB | OLED QHD+ 240Hz Quasineuf\"}]},{\"@type\":\"WebSite\",\"@id\":\"https:\/\/osaka.ma\/#website\",\"url\":\"https:\/\/osaka.ma\/\",\"name\":\"Osaka\",\"description\":\"\",\"publisher\":{\"@id\":\"https:\/\/osaka.ma\/#organization\"},\"potentialAction\":[{\"@type\":\"SearchAction\",\"target\":{\"@type\":\"EntryPoint\",\"urlTemplate\":\"https:\/\/osaka.ma\/?s={search_term_string}\"},\"query-input\":{\"@type\":\"PropertyValueSpecification\",\"valueRequired\":true,\"valueName\":\"search_term_string\"}}],\"inLanguage\":\"ru-RU\"},{\"@type\":\"Organization\",\"@id\":\"https:\/\/osaka.ma\/#organization\",\"name\":\"Osaka\",\"url\":\"https:\/\/osaka.ma\/\",\"logo\":{\"@type\":\"ImageObject\",\"inLanguage\":\"ru-RU\",\"@id\":\"https:\/\/osaka.ma\/#\/schema\/logo\/image\/\",\"url\":\"https:\/\/osaka.ma\/wp-content\/uploads\/2026\/01\/model-slogan-logo-2Plan-de-travail-1dksl-plus-finnn.png\",\"contentUrl\":\"https:\/\/osaka.ma\/wp-content\/uploads\/2026\/01\/model-slogan-logo-2Plan-de-travail-1dksl-plus-finnn.png\",\"width\":842,\"height\":226,\"caption\":\"Osaka\"},\"image\":{\"@id\":\"https:\/\/osaka.ma\/#\/schema\/logo\/image\/\"}}]}<\/script>\n<!-- \/ Yoast SEO plugin. -->","yoast_head_json":{"title":"ASUS Zephyrus G16 GU605MI - Ultra 9 185H | RTX 4070 - Osaka","robots":{"index":"index","follow":"follow","max-snippet":"max-snippet:-1","max-image-preview":"max-image-preview:large","max-video-preview":"max-video-preview:-1"},"canonical":"https:\/\/osaka.ma\/de\/product\/asus-rog-zephyrus-g16-gu605mi-ultra-9-185h-rtx-4070-8gb-oled-qhd-240hz-quasineuf\/","og_locale":"ru_RU","og_type":"article","og_title":"ASUS ROG Zephyrus G16 GU605MI - Ultra 9 185H | RTX 4070 8GB | OLED QHD+ 240Hz Quasineuf - Osaka","og_url":"https:\/\/osaka.ma\/de\/product\/asus-rog-zephyrus-g16-gu605mi-ultra-9-185h-rtx-4070-8gb-oled-qhd-240hz-quasineuf\/","og_site_name":"Osaka","article_modified_time":"2025-11-11T12:05:51+00:00","og_image":[{"width":732,"height":732,"url":"https:\/\/osaka.ma\/wp-content\/uploads\/2025\/05\/ASUS-ROG-ZEPHYRUS-G605MI.png","type":"image\/png"}],"twitter_card":"summary_large_image","twitter_misc":{"Est. reading time":"5 minutes"},"schema":{"@context":"https:\/\/schema.org","@graph":[{"@type":"WebPage","@id":"https:\/\/osaka.ma\/de\/product\/asus-rog-zephyrus-g16-gu605mi-ultra-9-185h-rtx-4070-8gb-oled-qhd-240hz-quasineuf\/","url":"https:\/\/osaka.ma\/de\/product\/asus-rog-zephyrus-g16-gu605mi-ultra-9-185h-rtx-4070-8gb-oled-qhd-240hz-quasineuf\/","name":"ASUS Zephyrus G16 GU605MI - Ultra 9 185H | RTX 4070 - Osaka","isPartOf":{"@id":"https:\/\/osaka.ma\/#website"},"primaryImageOfPage":{"@id":"https:\/\/osaka.ma\/de\/product\/asus-rog-zephyrus-g16-gu605mi-ultra-9-185h-rtx-4070-8gb-oled-qhd-240hz-quasineuf\/#primaryimage"},"image":{"@id":"https:\/\/osaka.ma\/de\/product\/asus-rog-zephyrus-g16-gu605mi-ultra-9-185h-rtx-4070-8gb-oled-qhd-240hz-quasineuf\/#primaryimage"},"thumbnailUrl":"https:\/\/osaka.ma\/wp-content\/uploads\/2025\/05\/ASUS-ROG-ZEPHYRUS-G605MI.png","datePublished":"2025-09-17T00:26:48+00:00","dateModified":"2025-11-11T12:05:51+00:00","description":"D\u00e9couvrez la performance in\u00e9gal\u00e9e avec l'ASUS Zephyrus G16 GU605MI \u2013 Ultra 9 185H -RTX 4070 8GB - OLED QHD+ 240Hz - 16Go DDR5 - 1To - Osaka PC Gamer - Maroc","breadcrumb":{"@id":"https:\/\/osaka.ma\/de\/product\/asus-rog-zephyrus-g16-gu605mi-ultra-9-185h-rtx-4070-8gb-oled-qhd-240hz-quasineuf\/#breadcrumb"},"inLanguage":"ru-RU","potentialAction":[{"@type":"ReadAction","target":["https:\/\/osaka.ma\/de\/product\/asus-rog-zephyrus-g16-gu605mi-ultra-9-185h-rtx-4070-8gb-oled-qhd-240hz-quasineuf\/"]}]},{"@type":"ImageObject","inLanguage":"ru-RU","@id":"https:\/\/osaka.ma\/de\/product\/asus-rog-zephyrus-g16-gu605mi-ultra-9-185h-rtx-4070-8gb-oled-qhd-240hz-quasineuf\/#primaryimage","url":"https:\/\/osaka.ma\/wp-content\/uploads\/2025\/05\/ASUS-ROG-ZEPHYRUS-G605MI.png","contentUrl":"https:\/\/osaka.ma\/wp-content\/uploads\/2025\/05\/ASUS-ROG-ZEPHYRUS-G605MI.png","width":732,"height":732,"caption":"ASUS Zephyrus G16 GU605MI \u2013 Ultra 9 185H -RTX 4070 8GB - OLED QHD+ 240Hz - 16Go DDR5 - 1To - Osaka PC Gamer - Maroc"},{"@type":"BreadcrumbList","@id":"https:\/\/osaka.ma\/de\/product\/asus-rog-zephyrus-g16-gu605mi-ultra-9-185h-rtx-4070-8gb-oled-qhd-240hz-quasineuf\/#breadcrumb","itemListElement":[{"@type":"ListItem","position":1,"name":"Home","item":"https:\/\/osaka.ma\/"},{"@type":"ListItem","position":2,"name":"Shop","item":"https:\/\/osaka.ma\/shop-2\/"},{"@type":"ListItem","position":3,"name":"ASUS ROG Zephyrus G16 GU605MI &#8211; Ultra 9 185H | RTX 4070 8GB | OLED QHD+ 240Hz Quasineuf"}]},{"@type":"WebSite","@id":"https:\/\/osaka.ma\/#website","url":"https:\/\/osaka.ma\/","name":"Osaka","description":"","publisher":{"@id":"https:\/\/osaka.ma\/#organization"},"potentialAction":[{"@type":"SearchAction","target":{"@type":"EntryPoint","urlTemplate":"https:\/\/osaka.ma\/?s={search_term_string}"},"query-input":{"@type":"PropertyValueSpecification","valueRequired":true,"valueName":"search_term_string"}}],"inLanguage":"ru-RU"},{"@type":"Organization","@id":"https:\/\/osaka.ma\/#organization","name":"Osaka","url":"https:\/\/osaka.ma\/","logo":{"@type":"ImageObject","inLanguage":"ru-RU","@id":"https:\/\/osaka.ma\/#\/schema\/logo\/image\/","url":"https:\/\/osaka.ma\/wp-content\/uploads\/2026\/01\/model-slogan-logo-2Plan-de-travail-1dksl-plus-finnn.png","contentUrl":"https:\/\/osaka.ma\/wp-content\/uploads\/2026\/01\/model-slogan-logo-2Plan-de-travail-1dksl-plus-finnn.png","width":842,"height":226,"caption":"Osaka"},"image":{"@id":"https:\/\/osaka.ma\/#\/schema\/logo\/image\/"}}]}},"jetpack_sharing_enabled":true,"brands":[],"_links":{"self":[{"href":"https:\/\/osaka.ma\/ru\/wp-json\/wp\/v2\/product\/17759","targetHints":{"allow":["GET"]}}],"collection":[{"href":"https:\/\/osaka.ma\/ru\/wp-json\/wp\/v2\/product"}],"about":[{"href":"https:\/\/osaka.ma\/ru\/wp-json\/wp\/v2\/types\/product"}],"version-history":[{"count":0,"href":"https:\/\/osaka.ma\/ru\/wp-json\/wp\/v2\/product\/17759\/revisions"}],"wp:featuredmedia":[{"embeddable":true,"href":"https:\/\/osaka.ma\/ru\/wp-json\/wp\/v2\/media\/1017561"}],"wp:attachment":[{"href":"https:\/\/osaka.ma\/ru\/wp-json\/wp\/v2\/media?parent=17759"}],"wp:term":[{"taxonomy":"pwb-brand","embeddable":true,"href":"https:\/\/osaka.ma\/ru\/wp-json\/wp\/v2\/pwb-brand?post=17759"},{"taxonomy":"product_brand","embeddable":true,"href":"https:\/\/osaka.ma\/ru\/wp-json\/wp\/v2\/product_brand?post=17759"},{"taxonomy":"product_cat","embeddable":true,"href":"https:\/\/osaka.ma\/ru\/wp-json\/wp\/v2\/product_cat?post=17759"},{"taxonomy":"product_tag","embeddable":true,"href":"https:\/\/osaka.ma\/ru\/wp-json\/wp\/v2\/product_tag?post=17759"},{"taxonomy":"pcb_component_type","embeddable":true,"href":"https:\/\/osaka.ma\/ru\/wp-json\/wp\/v2\/pcb_component_type?post=17759"}],"curies":[{"name":"wp","href":"https:\/\/api.w.org\/{rel}","templated":true}]}}