{"id":17804,"date":"2025-09-20T18:58:01","date_gmt":"2025-09-20T17:58:01","guid":{"rendered":"https:\/\/osaka.ma\/?post_type=product&#038;p=17804"},"modified":"2025-10-17T01:04:42","modified_gmt":"2025-10-17T00:04:42","slug":"rog-strix-g15-ryzen-9-6900hx-rtx-3060","status":"publish","type":"product","link":"https:\/\/osaka.ma\/ru\/product\/rog-strix-g15-ryzen-9-6900hx-rtx-3060\/","title":{"rendered":"ROG STRIX G15 RYZEN 9 6900HX | RTX 3060"},"content":{"rendered":"<h2>ASUS ROG Strix G15 (2022) \u2013 Puissance et fluidit\u00e9 pour le gaming<\/h2>\n<p><img decoding=\"async\" src=\"https:\/\/media.ldlc.com\/bo\/images\/fiches\/pc_portables\/asus\/g513\/802.jpg\" \/><\/p>\n<p>Le <strong>ROG Strix G15 G513RM<\/strong> associe puissance, graphismes avanc\u00e9s et design gamer pour offrir une exp\u00e9rience fluide et immersive. Con\u00e7u pour les joueurs exigeants, il est id\u00e9al pour le gaming comp\u00e9titif et les usages cr\u00e9atifs intensifs.<\/p>\n<h3>\u26a1 Performances extr\u00eames<\/h3>\n<p>Propuls\u00e9 par un <strong>processeur AMD Ryzen\u2122 9 6900HX<\/strong> (8 c\u0153urs \/ 16 threads, jusqu\u2019\u00e0 4,9 GHz), et \u00e9paul\u00e9 par <strong>16 Go de RAM DDR5-4800<\/strong> (extensible \u00e0 32 Go), il g\u00e8re facilement les jeux AAA et le multit\u00e2che intensif. Le <strong>SSD PCIe\u00ae 4.0 de 512 Go<\/strong> assure des temps de chargement ultra-rapides.<\/p>\n<h3>\ud83c\udfae Graphismes immersifs<\/h3>\n<p>\u00c9quip\u00e9 d\u2019une <strong>NVIDIA\u00ae GeForce RTX\u2122 3060 6 Go GDDR6<\/strong> avec <strong>ROG Boost jusqu\u2019\u00e0 150W<\/strong>, le Strix G15 d\u00e9livre des graphismes r\u00e9alistes et des performances solides pour le jeu et la cr\u00e9ation. La pr\u00e9sence du <strong>MUX Switch + Optimus<\/strong> optimise l\u2019autonomie et les performances selon vos besoins.<\/p>\n<h3>\ud83d\udcbb \u00c9cran gamer haute qualit\u00e9<\/h3>\n<p>Son \u00e9cran <strong>15,6\u201d WQHD (2560&#215;1440)<\/strong> offre un rendu pr\u00e9cis avec <strong>100% DCI-P3<\/strong>, un taux de rafra\u00eechissement de <strong>165Hz<\/strong> et un temps de r\u00e9ponse de <strong>3 ms<\/strong>, le tout avec <strong>Adaptive-Sync<\/strong> et <strong>Dolby Vision<\/strong> pour une immersion totale.<\/p>\n<h3>\u2728 Design &amp; confort<\/h3>\n<p>Le clavier r\u00e9tro\u00e9clair\u00e9 <strong>RGB par touche<\/strong> et le touchpad avec <strong>NumberPad int\u00e9gr\u00e9<\/strong> garantissent confort et style. La connectique compl\u00e8te avec USB-C, HDMI 2.0b et LAN 2.5G assure une compatibilit\u00e9 optimale.<\/p>\n<h3>\u2705 Caract\u00e9ristiques principales<\/h3>\n<ul>\n<li>Processeur : AMD Ryzen\u2122 9 6900HX (8C\/16T, jusqu\u2019\u00e0 4.9 GHz)<\/li>\n<li>M\u00e9moire : 16 Go DDR5-4800 (2x SO-DIMM, max 32 Go)<\/li>\n<li>Stockage : SSD PCIe 4.0 NVMe\u2122 de 512 Go<\/li>\n<li>Carte graphique : NVIDIA\u00ae GeForce RTX\u2122 3060 6 Go GDDR6 (150W avec ROG Boost)<\/li>\n<li>\u00c9cran : 15.6\u201d WQHD (2560&#215;1440), 165Hz, 3ms, 100% DCI-P3, Dolby Vision<\/li>\n<li>Clavier : R\u00e9tro\u00e9clair\u00e9 RGB par touche, anti-ghosting<\/li>\n<li>Connectique : HDMI 2.0b, 2.5G LAN, USB-C (Power Delivery &amp; DisplayPort), USB-A<\/li>\n<\/ul>\n<p>Avec son design gaming et ses performances de pointe, le <strong>ROG Strix G15 (2022) G513RM<\/strong> est l\u2019alli\u00e9 parfait pour repousser vos limites en jeu et en productivit\u00e9.<\/p>\n","protected":false},"excerpt":{"rendered":"<p><strong>ASUS ROG Strix G15 (2022)<\/strong> \u2013 PC portable gaming avec <strong>AMD Ryzen\u2122 9 6900HX<\/strong>, <strong>RTX 3060 6 Go<\/strong>, <strong>16 Go DDR5<\/strong>, <strong>SSD 512 Go<\/strong> et \u00e9cran <strong>15.6\u201d WQHD 165Hz<\/strong>. Puissance et fluidit\u00e9 pour les joueurs exigeants.<\/p>\n<h5>Caract\u00e9ristiques Principales :<\/h5>\n<ul>\n<li><strong>Processeur : <span style=\"color: #3366ff;\">AMD Ryzen\u2122 9 6900HX (8 c\u0153urs \/ 16 threads, jusqu\u2019\u00e0 4.9 GHz)<\/span><\/strong><\/li>\n<li><strong>M\u00e9moire : <span style=\"color: #3366ff;\">16 Go DDR5-4800 (2x SO-DIMM, max 32 Go)<\/span><\/strong><\/li>\n<li><strong>Stockage : <span style=\"color: #3366ff;\">512 Go PCIe\u00ae 4.0 NVMe\u2122<\/span><\/strong><\/li>\n<li><strong>Ecran : <span style=\"color: #3366ff;\">15.6\u201d WQHD (2560 x 1440), IPS-level, 165Hz<\/span><\/strong><\/li>\n<li><strong>Carte Graphique : \u00a0<span style=\"color: #3366ff;\">NVIDIA\u00ae GeForce RTX\u2122 3060 6 Go GDDR6 (150W ROG Boost)<\/span><\/strong><\/li>\n<li><strong>Clavier : \u00a0<span style=\"color: #3366ff;\">QWERTY<\/span>\u00a0<\/strong><\/li>\n<li><strong>Syst\u00e8me :\u00a0 <span style=\"color: #3366ff;\">WINDOWS 11 FAMILLE<\/span><\/strong><\/li>\n<li><strong>Etat : <span style=\"color: #3366ff;\">COMME NEUF<\/span><\/strong><\/li>\n<\/ul>\n","protected":false},"featured_media":1017805,"template":"","meta":{"_acf_changed":false},"pwb-brand":[],"product_brand":[],"product_cat":[122,121,126],"product_tag":[],"pcb_component_type":[],"class_list":{"0":"post-17804","1":"product","2":"type-product","3":"status-publish","4":"has-post-thumbnail","6":"product_cat-gaming","7":"product_cat-pc-portable","8":"product_cat-professional","10":"first","11":"outofstock","12":"shipping-taxable","13":"product-type-simple"},"translation":{"provider":"WPGlobus","version":"3.0.2","language":"ru","enabled_languages":["en","es","de","fr","ru"],"languages":{"en":{"title":true,"content":true,"excerpt":true},"es":{"title":false,"content":false,"excerpt":false},"de":{"title":false,"content":false,"excerpt":false},"fr":{"title":false,"content":false,"excerpt":false},"ru":{"title":false,"content":false,"excerpt":false}}},"acf":[],"yoast_head":"<!-- This site is optimized with the Yoast SEO plugin v27.2 - https:\/\/yoast.com\/product\/yoast-seo-wordpress\/ -->\n<title>ROG STRIX G15 RYZEN 9 6900HX | RTX 3060 - Osaka<\/title>\n<meta name=\"robots\" content=\"index, follow, max-snippet:-1, max-image-preview:large, max-video-preview:-1\" \/>\n<link rel=\"canonical\" href=\"https:\/\/osaka.ma\/product\/rog-strix-g15-ryzen-9-6900hx-rtx-3060\/\" \/>\n<meta property=\"og:locale\" content=\"ru_RU\" \/>\n<meta property=\"og:type\" content=\"article\" \/>\n<meta property=\"og:title\" content=\"ROG STRIX G15 RYZEN 9 6900HX | RTX 3060 - Osaka\" \/>\n<meta property=\"og:url\" content=\"https:\/\/osaka.ma\/product\/rog-strix-g15-ryzen-9-6900hx-rtx-3060\/\" \/>\n<meta property=\"og:site_name\" content=\"Osaka\" \/>\n<meta property=\"article:modified_time\" content=\"2025-10-17T00:04:42+00:00\" \/>\n<meta property=\"og:image\" content=\"https:\/\/osaka.ma\/wp-content\/uploads\/2025\/09\/ASUS-ROG-STRIX-G513RM-6900HX-3060.jpg\" \/>\n\t<meta property=\"og:image:width\" content=\"1600\" \/>\n\t<meta property=\"og:image:height\" content=\"1600\" \/>\n\t<meta property=\"og:image:type\" content=\"image\/jpeg\" \/>\n<meta name=\"twitter:card\" content=\"summary_large_image\" \/>\n<meta name=\"twitter:label1\" content=\"Est. reading time\" \/>\n\t<meta name=\"twitter:data1\" content=\"4 minutes\" \/>\n<script type=\"application\/ld+json\" class=\"yoast-schema-graph\">{\"@context\":\"https:\/\/schema.org\",\"@graph\":[{\"@type\":\"WebPage\",\"@id\":\"https:\/\/osaka.ma\/product\/rog-strix-g15-ryzen-9-6900hx-rtx-3060\/\",\"url\":\"https:\/\/osaka.ma\/product\/rog-strix-g15-ryzen-9-6900hx-rtx-3060\/\",\"name\":\"ROG STRIX G15 RYZEN 9 6900HX | RTX 3060 - Osaka\",\"isPartOf\":{\"@id\":\"https:\/\/osaka.ma\/#website\"},\"primaryImageOfPage\":{\"@id\":\"https:\/\/osaka.ma\/product\/rog-strix-g15-ryzen-9-6900hx-rtx-3060\/#primaryimage\"},\"image\":{\"@id\":\"https:\/\/osaka.ma\/product\/rog-strix-g15-ryzen-9-6900hx-rtx-3060\/#primaryimage\"},\"thumbnailUrl\":\"https:\/\/osaka.ma\/wp-content\/uploads\/2025\/09\/ASUS-ROG-STRIX-G513RM-6900HX-3060.jpg\",\"datePublished\":\"2025-09-20T17:58:01+00:00\",\"dateModified\":\"2025-10-17T00:04:42+00:00\",\"description\":\"D\u00e9couvrez la puissance ultime avec le ROG STRIX G15 RYZEN 9 6900HX RTX 3060. \u00c9levez vos performances de jeu d\u00e8s aujourd'hui !\",\"breadcrumb\":{\"@id\":\"https:\/\/osaka.ma\/product\/rog-strix-g15-ryzen-9-6900hx-rtx-3060\/#breadcrumb\"},\"inLanguage\":\"ru-RU\",\"potentialAction\":[{\"@type\":\"ReadAction\",\"target\":[\"https:\/\/osaka.ma\/product\/rog-strix-g15-ryzen-9-6900hx-rtx-3060\/\"]}]},{\"@type\":\"ImageObject\",\"inLanguage\":\"ru-RU\",\"@id\":\"https:\/\/osaka.ma\/product\/rog-strix-g15-ryzen-9-6900hx-rtx-3060\/#primaryimage\",\"url\":\"https:\/\/osaka.ma\/wp-content\/uploads\/2025\/09\/ASUS-ROG-STRIX-G513RM-6900HX-3060.jpg\",\"contentUrl\":\"https:\/\/osaka.ma\/wp-content\/uploads\/2025\/09\/ASUS-ROG-STRIX-G513RM-6900HX-3060.jpg\",\"width\":1600,\"height\":1600,\"caption\":\"ROG STRIX G15 RYZEN 9 6900HX | RTX 3060\"},{\"@type\":\"BreadcrumbList\",\"@id\":\"https:\/\/osaka.ma\/product\/rog-strix-g15-ryzen-9-6900hx-rtx-3060\/#breadcrumb\",\"itemListElement\":[{\"@type\":\"ListItem\",\"position\":1,\"name\":\"Home\",\"item\":\"https:\/\/osaka.ma\/\"},{\"@type\":\"ListItem\",\"position\":2,\"name\":\"Shop\",\"item\":\"https:\/\/osaka.ma\/shop-2\/\"},{\"@type\":\"ListItem\",\"position\":3,\"name\":\"ROG STRIX G15 RYZEN 9 6900HX | RTX 3060\"}]},{\"@type\":\"WebSite\",\"@id\":\"https:\/\/osaka.ma\/#website\",\"url\":\"https:\/\/osaka.ma\/\",\"name\":\"Osaka\",\"description\":\"\",\"publisher\":{\"@id\":\"https:\/\/osaka.ma\/#organization\"},\"potentialAction\":[{\"@type\":\"SearchAction\",\"target\":{\"@type\":\"EntryPoint\",\"urlTemplate\":\"https:\/\/osaka.ma\/?s={search_term_string}\"},\"query-input\":{\"@type\":\"PropertyValueSpecification\",\"valueRequired\":true,\"valueName\":\"search_term_string\"}}],\"inLanguage\":\"ru-RU\"},{\"@type\":\"Organization\",\"@id\":\"https:\/\/osaka.ma\/#organization\",\"name\":\"Osaka\",\"url\":\"https:\/\/osaka.ma\/\",\"logo\":{\"@type\":\"ImageObject\",\"inLanguage\":\"ru-RU\",\"@id\":\"https:\/\/osaka.ma\/#\/schema\/logo\/image\/\",\"url\":\"https:\/\/osaka.ma\/wp-content\/uploads\/2026\/01\/model-slogan-logo-2Plan-de-travail-1dksl-plus-finnn.png\",\"contentUrl\":\"https:\/\/osaka.ma\/wp-content\/uploads\/2026\/01\/model-slogan-logo-2Plan-de-travail-1dksl-plus-finnn.png\",\"width\":842,\"height\":226,\"caption\":\"Osaka\"},\"image\":{\"@id\":\"https:\/\/osaka.ma\/#\/schema\/logo\/image\/\"}}]}<\/script>\n<!-- \/ Yoast SEO plugin. -->","yoast_head_json":{"title":"ROG STRIX G15 RYZEN 9 6900HX | RTX 3060 - Osaka","robots":{"index":"index","follow":"follow","max-snippet":"max-snippet:-1","max-image-preview":"max-image-preview:large","max-video-preview":"max-video-preview:-1"},"canonical":"https:\/\/osaka.ma\/product\/rog-strix-g15-ryzen-9-6900hx-rtx-3060\/","og_locale":"ru_RU","og_type":"article","og_title":"ROG STRIX G15 RYZEN 9 6900HX | RTX 3060 - Osaka","og_url":"https:\/\/osaka.ma\/product\/rog-strix-g15-ryzen-9-6900hx-rtx-3060\/","og_site_name":"Osaka","article_modified_time":"2025-10-17T00:04:42+00:00","og_image":[{"width":1600,"height":1600,"url":"https:\/\/osaka.ma\/wp-content\/uploads\/2025\/09\/ASUS-ROG-STRIX-G513RM-6900HX-3060.jpg","type":"image\/jpeg"}],"twitter_card":"summary_large_image","twitter_misc":{"Est. reading time":"4 minutes"},"schema":{"@context":"https:\/\/schema.org","@graph":[{"@type":"WebPage","@id":"https:\/\/osaka.ma\/product\/rog-strix-g15-ryzen-9-6900hx-rtx-3060\/","url":"https:\/\/osaka.ma\/product\/rog-strix-g15-ryzen-9-6900hx-rtx-3060\/","name":"ROG STRIX G15 RYZEN 9 6900HX | RTX 3060 - Osaka","isPartOf":{"@id":"https:\/\/osaka.ma\/#website"},"primaryImageOfPage":{"@id":"https:\/\/osaka.ma\/product\/rog-strix-g15-ryzen-9-6900hx-rtx-3060\/#primaryimage"},"image":{"@id":"https:\/\/osaka.ma\/product\/rog-strix-g15-ryzen-9-6900hx-rtx-3060\/#primaryimage"},"thumbnailUrl":"https:\/\/osaka.ma\/wp-content\/uploads\/2025\/09\/ASUS-ROG-STRIX-G513RM-6900HX-3060.jpg","datePublished":"2025-09-20T17:58:01+00:00","dateModified":"2025-10-17T00:04:42+00:00","description":"D\u00e9couvrez la puissance ultime avec le ROG STRIX G15 RYZEN 9 6900HX RTX 3060. \u00c9levez vos performances de jeu d\u00e8s aujourd'hui !","breadcrumb":{"@id":"https:\/\/osaka.ma\/product\/rog-strix-g15-ryzen-9-6900hx-rtx-3060\/#breadcrumb"},"inLanguage":"ru-RU","potentialAction":[{"@type":"ReadAction","target":["https:\/\/osaka.ma\/product\/rog-strix-g15-ryzen-9-6900hx-rtx-3060\/"]}]},{"@type":"ImageObject","inLanguage":"ru-RU","@id":"https:\/\/osaka.ma\/product\/rog-strix-g15-ryzen-9-6900hx-rtx-3060\/#primaryimage","url":"https:\/\/osaka.ma\/wp-content\/uploads\/2025\/09\/ASUS-ROG-STRIX-G513RM-6900HX-3060.jpg","contentUrl":"https:\/\/osaka.ma\/wp-content\/uploads\/2025\/09\/ASUS-ROG-STRIX-G513RM-6900HX-3060.jpg","width":1600,"height":1600,"caption":"ROG STRIX G15 RYZEN 9 6900HX | RTX 3060"},{"@type":"BreadcrumbList","@id":"https:\/\/osaka.ma\/product\/rog-strix-g15-ryzen-9-6900hx-rtx-3060\/#breadcrumb","itemListElement":[{"@type":"ListItem","position":1,"name":"Home","item":"https:\/\/osaka.ma\/"},{"@type":"ListItem","position":2,"name":"Shop","item":"https:\/\/osaka.ma\/shop-2\/"},{"@type":"ListItem","position":3,"name":"ROG STRIX G15 RYZEN 9 6900HX | RTX 3060"}]},{"@type":"WebSite","@id":"https:\/\/osaka.ma\/#website","url":"https:\/\/osaka.ma\/","name":"Osaka","description":"","publisher":{"@id":"https:\/\/osaka.ma\/#organization"},"potentialAction":[{"@type":"SearchAction","target":{"@type":"EntryPoint","urlTemplate":"https:\/\/osaka.ma\/?s={search_term_string}"},"query-input":{"@type":"PropertyValueSpecification","valueRequired":true,"valueName":"search_term_string"}}],"inLanguage":"ru-RU"},{"@type":"Organization","@id":"https:\/\/osaka.ma\/#organization","name":"Osaka","url":"https:\/\/osaka.ma\/","logo":{"@type":"ImageObject","inLanguage":"ru-RU","@id":"https:\/\/osaka.ma\/#\/schema\/logo\/image\/","url":"https:\/\/osaka.ma\/wp-content\/uploads\/2026\/01\/model-slogan-logo-2Plan-de-travail-1dksl-plus-finnn.png","contentUrl":"https:\/\/osaka.ma\/wp-content\/uploads\/2026\/01\/model-slogan-logo-2Plan-de-travail-1dksl-plus-finnn.png","width":842,"height":226,"caption":"Osaka"},"image":{"@id":"https:\/\/osaka.ma\/#\/schema\/logo\/image\/"}}]}},"jetpack_sharing_enabled":true,"brands":[],"_links":{"self":[{"href":"https:\/\/osaka.ma\/ru\/wp-json\/wp\/v2\/product\/17804","targetHints":{"allow":["GET"]}}],"collection":[{"href":"https:\/\/osaka.ma\/ru\/wp-json\/wp\/v2\/product"}],"about":[{"href":"https:\/\/osaka.ma\/ru\/wp-json\/wp\/v2\/types\/product"}],"version-history":[{"count":0,"href":"https:\/\/osaka.ma\/ru\/wp-json\/wp\/v2\/product\/17804\/revisions"}],"wp:featuredmedia":[{"embeddable":true,"href":"https:\/\/osaka.ma\/ru\/wp-json\/wp\/v2\/media\/1017805"}],"wp:attachment":[{"href":"https:\/\/osaka.ma\/ru\/wp-json\/wp\/v2\/media?parent=17804"}],"wp:term":[{"taxonomy":"pwb-brand","embeddable":true,"href":"https:\/\/osaka.ma\/ru\/wp-json\/wp\/v2\/pwb-brand?post=17804"},{"taxonomy":"product_brand","embeddable":true,"href":"https:\/\/osaka.ma\/ru\/wp-json\/wp\/v2\/product_brand?post=17804"},{"taxonomy":"product_cat","embeddable":true,"href":"https:\/\/osaka.ma\/ru\/wp-json\/wp\/v2\/product_cat?post=17804"},{"taxonomy":"product_tag","embeddable":true,"href":"https:\/\/osaka.ma\/ru\/wp-json\/wp\/v2\/product_tag?post=17804"},{"taxonomy":"pcb_component_type","embeddable":true,"href":"https:\/\/osaka.ma\/ru\/wp-json\/wp\/v2\/pcb_component_type?post=17804"}],"curies":[{"name":"wp","href":"https:\/\/api.w.org\/{rel}","templated":true}]}}