{"id":18016,"date":"2025-10-14T12:51:03","date_gmt":"2025-10-14T11:51:03","guid":{"rendered":"https:\/\/osaka.ma\/?post_type=product&#038;p=18016"},"modified":"2025-10-16T01:18:33","modified_gmt":"2025-10-16T00:18:33","slug":"asus-rog-strix-scar-18-g834jy-i9-13980hx-rtx-4090-32gb-2tb-qhd-240hz","status":"publish","type":"product","link":"https:\/\/osaka.ma\/ru\/product\/asus-rog-strix-scar-18-g834jy-i9-13980hx-rtx-4090-32gb-2tb-qhd-240hz\/","title":{"rendered":"ASUS ROG STRIX SCAR 18 G834JY I9 13980HX | RTX 4090 |32GB | 2TB | QHD 240HZ"},"content":{"rendered":"<h2 class=\"h2-master\"><span dir=\"auto\">Confort et hautes performances avec un \u00e9cran 18&#8243; QHD 240 Hz<\/span><\/h2>\n<section><span dir=\"auto\">Le\u00a0<\/span><strong><span dir=\"auto\">PC portable gaming ASUS ROG STRIX SCAR 18<\/span><\/strong><span dir=\"auto\"> vous permet de jouer \u00e0 vos jeux PC pr\u00e9f\u00e9r\u00e9s dans les meilleures conditions gr\u00e2ce \u00e0 des composants hautes performances, un \u00e9cran 240 Hz et une conception haut de gamme qui ne laisse rien au hasard. Le PC portable gamer ASUS ROG STRIX SCAR 18 G834JY offre des performances \u00e9lev\u00e9es gr\u00e2ce \u00e0 son\u00a0<\/span><strong><span dir=\"auto\">processeur Intel i9-13980HX<\/span><\/strong><span dir=\"auto\"> , ses 32 Go de m\u00e9moire DDR5, son <\/span><strong><span dir=\"auto\">SSD M.2 PCIe de 2 To<\/span><\/strong><span dir=\"auto\">\u00a0et\u00a0<\/span><strong><span dir=\"auto\">sa puce graphique NVIDIA GeForce RTX 4090<\/span><\/strong><span dir=\"auto\">\u00a0.<\/span><\/p>\n<h2><span dir=\"auto\">Affichage fluide avec un \u00e9cran 240 Hz<\/span><\/h2>\n<p><span dir=\"auto\">Pour les joueurs exigeant une clart\u00e9 d&#8217;image et des mouvements optimaux, le SCAR 18 offre un incroyable \u00e9cran Nebula avec un taux de rafra\u00eechissement de 240 Hz, une couverture DCI-P3 \u00e0 100 % et une luminosit\u00e9 exceptionnelle de 500 nits pour un gameplay \u00e9poustouflant. La dalle QHD 16:10 de 18 pouces offre une profondeur de noir exceptionnelle pour des contenus spectaculaires, que vous regardiez un film ou jouiez \u00e0 un jeu de tir en ar\u00e8ne.<\/span><\/p>\n<p><img decoding=\"async\" src=\"https:\/\/media.ldlc.com\/bo\/images\/fiches\/pc_portables\/asus\/g834\/802.jpg\" \/><\/p>\n<\/section>\n<h2><span dir=\"auto\">Caract\u00e9ristiques principales :<\/span><\/h2>\n<ul>\n<li><strong><span dir=\"auto\">Processeur Intel i9-13980HX<\/span><\/strong><span dir=\"auto\">\u00a0(8 c\u0153urs performants 5,6 GHz Turbo + 16 c\u0153urs performants 4 GHz Turbo &#8211; 32 threads &#8211; 36 Mo de cache)<\/span><\/li>\n<li><span dir=\"auto\">32 Go de RAM DDR5 4800 MHz (2 x 16 Go &#8211; 2 emplacements &#8211; maximum 64 Go au total)<\/span><\/li>\n<li><span dir=\"auto\">\u00c9cran IPS de 18 pouces avec r\u00e9solution QHD+ (2560 x 1600 pixels) et\u00a0<\/span><strong><span dir=\"auto\">fr\u00e9quence de 240 Hz<\/span><\/strong><\/li>\n<li><strong><span dir=\"auto\">Puce graphique NVIDIA GeForce RTX 4090<\/span><\/strong><span dir=\"auto\">\u00a0avec 16 Go de m\u00e9moire GDDR6 d\u00e9di\u00e9e (2040 MHz Boost Clock + 50 MHz OC, 150 W + 25 W Dynamic Boost)<\/span><\/li>\n<li><strong><span dir=\"auto\">Commutateur MUX<\/span><\/strong><span dir=\"auto\">\u00a0int\u00e9gr\u00e9\u00a0, pour passer en mode GPU Direct et r\u00e9duire la latence<\/span><\/li>\n<li><strong><span dir=\"auto\">SSD PCIe M.2 4.0 2 To<\/span><\/strong><span dir=\"auto\">\u00a0+ emplacement libre pour SSD PCIe M.2<\/span><\/li>\n<li><span dir=\"auto\">Communication sans fil hautes performances : Wi-Fi 6E + Bluetooth 5.2<\/span><\/li>\n<li><span dir=\"auto\">Clavier de jeu avec r\u00e9tro\u00e9clairage RVB touche par touche<\/span><\/li>\n<li><span dir=\"auto\">4 haut-parleurs int\u00e9gr\u00e9s avec technologie Smart Amp<\/span><\/li>\n<li><strong><span dir=\"auto\">Windows 11 Famille<\/span><\/strong><\/li>\n<li><strong>COMME NEUF<\/strong> SANS EMBALLAGE<\/li>\n<\/ul>\n","protected":false},"excerpt":{"rendered":"<p><span dir=\"auto\">Le\u00a0<\/span><strong><span dir=\"auto\">PC portable gaming ASUS ROG STRIX SCAR 18<\/span><\/strong><span dir=\"auto\">\u00a0vous permet de jouer \u00e0 vos jeux PC pr\u00e9f\u00e9r\u00e9s dans les meilleures conditions gr\u00e2ce \u00e0 des composants hautes performances<\/span><\/p>\n<h2><span dir=\"auto\">Caract\u00e9ristiques principales :<\/span><\/h2>\n<ul>\n<li><strong><span dir=\"auto\">Processeur Intel i9-13980HX<\/span><\/strong><span dir=\"auto\">\u00a0(8 c\u0153urs performants 5,6 GHz Turbo + 16 c\u0153urs performants 4 GHz Turbo &#8211; 32 threads &#8211; 36 Mo de cache)<\/span><\/li>\n<li><span dir=\"auto\"><strong>32 Go<\/strong> de RAM DDR5 16X2<\/span><\/li>\n<li><span dir=\"auto\">\u00c9cran IPS de 18 pouces avec r\u00e9solution QHD+ (2560 x 1600 pixels) et\u00a0<\/span><strong><span dir=\"auto\">fr\u00e9quence de 240 Hz<\/span><\/strong><\/li>\n<li><strong><span dir=\"auto\">Puce graphique NVIDIA GeForce RTX 4090<\/span><\/strong><span dir=\"auto\"> avec <strong>16 Go<\/strong><\/span><\/li>\n<li><strong><span dir=\"auto\">SSD PCIe M.2 4.0 2 To<\/span><\/strong><span dir=\"auto\">\u00a0+ emplacement libre pour SSD PCIe M.2<\/span><\/li>\n<li><strong><span dir=\"auto\">Windows 11 Famille<\/span><\/strong><\/li>\n<li><strong>COMME NEUF<\/strong> SANS EMBALLAGE<\/li>\n<\/ul>\n","protected":false},"featured_media":1018041,"template":"","meta":{"_acf_changed":false},"pwb-brand":[],"product_brand":[],"product_cat":[122,121],"product_tag":[],"pcb_component_type":[],"class_list":{"0":"post-18016","1":"product","2":"type-product","3":"status-publish","4":"has-post-thumbnail","6":"product_cat-gaming","7":"product_cat-pc-portable","9":"first","10":"outofstock","11":"shipping-taxable","12":"product-type-simple"},"translation":{"provider":"WPGlobus","version":"3.0.2","language":"ru","enabled_languages":["en","es","de","fr","ru"],"languages":{"en":{"title":true,"content":true,"excerpt":true},"es":{"title":false,"content":false,"excerpt":false},"de":{"title":false,"content":false,"excerpt":false},"fr":{"title":false,"content":false,"excerpt":false},"ru":{"title":false,"content":false,"excerpt":false}}},"acf":[],"yoast_head":"<!-- This site is optimized with the Yoast SEO plugin v27.2 - https:\/\/yoast.com\/product\/yoast-seo-wordpress\/ -->\n<title>ASUS ROG STRIX SCAR 18: Performance de Jeu Ultime - Osaka<\/title>\n<meta name=\"robots\" content=\"index, follow, max-snippet:-1, max-image-preview:large, max-video-preview:-1\" \/>\n<link rel=\"canonical\" href=\"https:\/\/osaka.ma\/product\/asus-rog-strix-scar-18-g834jy-i9-13980hx-rtx-4090-32gb-2tb-qhd-240hz\/\" \/>\n<meta property=\"og:locale\" content=\"ru_RU\" \/>\n<meta property=\"og:type\" content=\"article\" \/>\n<meta property=\"og:title\" content=\"ASUS ROG STRIX SCAR 18 G834JY I9 13980HX | RTX 4090 |32GB | 2TB | QHD 240HZ - Osaka\" \/>\n<meta property=\"og:url\" content=\"https:\/\/osaka.ma\/product\/asus-rog-strix-scar-18-g834jy-i9-13980hx-rtx-4090-32gb-2tb-qhd-240hz\/\" \/>\n<meta property=\"og:site_name\" content=\"Osaka\" \/>\n<meta property=\"article:modified_time\" content=\"2025-10-16T00:18:33+00:00\" \/>\n<meta property=\"og:image\" content=\"https:\/\/osaka.ma\/wp-content\/uploads\/2025\/10\/LD0006010466.jpg\" \/>\n\t<meta property=\"og:image:width\" content=\"1600\" \/>\n\t<meta property=\"og:image:height\" content=\"1600\" \/>\n\t<meta property=\"og:image:type\" content=\"image\/jpeg\" \/>\n<meta name=\"twitter:card\" content=\"summary_large_image\" \/>\n<meta name=\"twitter:label1\" content=\"Est. reading time\" \/>\n\t<meta name=\"twitter:data1\" content=\"4 minutes\" \/>\n<script type=\"application\/ld+json\" class=\"yoast-schema-graph\">{\"@context\":\"https:\/\/schema.org\",\"@graph\":[{\"@type\":\"WebPage\",\"@id\":\"https:\/\/osaka.ma\/product\/asus-rog-strix-scar-18-g834jy-i9-13980hx-rtx-4090-32gb-2tb-qhd-240hz\/\",\"url\":\"https:\/\/osaka.ma\/product\/asus-rog-strix-scar-18-g834jy-i9-13980hx-rtx-4090-32gb-2tb-qhd-240hz\/\",\"name\":\"ASUS ROG STRIX SCAR 18: Performance de Jeu Ultime - Osaka\",\"isPartOf\":{\"@id\":\"https:\/\/osaka.ma\/#website\"},\"primaryImageOfPage\":{\"@id\":\"https:\/\/osaka.ma\/product\/asus-rog-strix-scar-18-g834jy-i9-13980hx-rtx-4090-32gb-2tb-qhd-240hz\/#primaryimage\"},\"image\":{\"@id\":\"https:\/\/osaka.ma\/product\/asus-rog-strix-scar-18-g834jy-i9-13980hx-rtx-4090-32gb-2tb-qhd-240hz\/#primaryimage\"},\"thumbnailUrl\":\"https:\/\/osaka.ma\/wp-content\/uploads\/2025\/10\/LD0006010466.jpg\",\"datePublished\":\"2025-10-14T11:51:03+00:00\",\"dateModified\":\"2025-10-16T00:18:33+00:00\",\"description\":\"Am\u00e9liorez votre exp\u00e9rience de jeu avec le ASUS ROG STRIX SCAR 18. Performances exceptionnelles et \u00e9cran 240 Hz vous attendent !\",\"breadcrumb\":{\"@id\":\"https:\/\/osaka.ma\/product\/asus-rog-strix-scar-18-g834jy-i9-13980hx-rtx-4090-32gb-2tb-qhd-240hz\/#breadcrumb\"},\"inLanguage\":\"ru-RU\",\"potentialAction\":[{\"@type\":\"ReadAction\",\"target\":[\"https:\/\/osaka.ma\/product\/asus-rog-strix-scar-18-g834jy-i9-13980hx-rtx-4090-32gb-2tb-qhd-240hz\/\"]}]},{\"@type\":\"ImageObject\",\"inLanguage\":\"ru-RU\",\"@id\":\"https:\/\/osaka.ma\/product\/asus-rog-strix-scar-18-g834jy-i9-13980hx-rtx-4090-32gb-2tb-qhd-240hz\/#primaryimage\",\"url\":\"https:\/\/osaka.ma\/wp-content\/uploads\/2025\/10\/LD0006010466.jpg\",\"contentUrl\":\"https:\/\/osaka.ma\/wp-content\/uploads\/2025\/10\/LD0006010466.jpg\",\"width\":1600,\"height\":1600,\"caption\":\"ASUS ROG STRIX SCAR 18 G834JY\"},{\"@type\":\"BreadcrumbList\",\"@id\":\"https:\/\/osaka.ma\/product\/asus-rog-strix-scar-18-g834jy-i9-13980hx-rtx-4090-32gb-2tb-qhd-240hz\/#breadcrumb\",\"itemListElement\":[{\"@type\":\"ListItem\",\"position\":1,\"name\":\"Home\",\"item\":\"https:\/\/osaka.ma\/\"},{\"@type\":\"ListItem\",\"position\":2,\"name\":\"Shop\",\"item\":\"https:\/\/osaka.ma\/shop-2\/\"},{\"@type\":\"ListItem\",\"position\":3,\"name\":\"ASUS ROG STRIX SCAR 18 G834JY I9 13980HX | RTX 4090 |32GB | 2TB | QHD 240HZ\"}]},{\"@type\":\"WebSite\",\"@id\":\"https:\/\/osaka.ma\/#website\",\"url\":\"https:\/\/osaka.ma\/\",\"name\":\"Osaka\",\"description\":\"\",\"publisher\":{\"@id\":\"https:\/\/osaka.ma\/#organization\"},\"potentialAction\":[{\"@type\":\"SearchAction\",\"target\":{\"@type\":\"EntryPoint\",\"urlTemplate\":\"https:\/\/osaka.ma\/?s={search_term_string}\"},\"query-input\":{\"@type\":\"PropertyValueSpecification\",\"valueRequired\":true,\"valueName\":\"search_term_string\"}}],\"inLanguage\":\"ru-RU\"},{\"@type\":\"Organization\",\"@id\":\"https:\/\/osaka.ma\/#organization\",\"name\":\"Osaka\",\"url\":\"https:\/\/osaka.ma\/\",\"logo\":{\"@type\":\"ImageObject\",\"inLanguage\":\"ru-RU\",\"@id\":\"https:\/\/osaka.ma\/#\/schema\/logo\/image\/\",\"url\":\"https:\/\/osaka.ma\/wp-content\/uploads\/2026\/01\/model-slogan-logo-2Plan-de-travail-1dksl-plus-finnn.png\",\"contentUrl\":\"https:\/\/osaka.ma\/wp-content\/uploads\/2026\/01\/model-slogan-logo-2Plan-de-travail-1dksl-plus-finnn.png\",\"width\":842,\"height\":226,\"caption\":\"Osaka\"},\"image\":{\"@id\":\"https:\/\/osaka.ma\/#\/schema\/logo\/image\/\"}}]}<\/script>\n<!-- \/ Yoast SEO plugin. -->","yoast_head_json":{"title":"ASUS ROG STRIX SCAR 18: Performance de Jeu Ultime - Osaka","robots":{"index":"index","follow":"follow","max-snippet":"max-snippet:-1","max-image-preview":"max-image-preview:large","max-video-preview":"max-video-preview:-1"},"canonical":"https:\/\/osaka.ma\/product\/asus-rog-strix-scar-18-g834jy-i9-13980hx-rtx-4090-32gb-2tb-qhd-240hz\/","og_locale":"ru_RU","og_type":"article","og_title":"ASUS ROG STRIX SCAR 18 G834JY I9 13980HX | RTX 4090 |32GB | 2TB | QHD 240HZ - Osaka","og_url":"https:\/\/osaka.ma\/product\/asus-rog-strix-scar-18-g834jy-i9-13980hx-rtx-4090-32gb-2tb-qhd-240hz\/","og_site_name":"Osaka","article_modified_time":"2025-10-16T00:18:33+00:00","og_image":[{"width":1600,"height":1600,"url":"https:\/\/osaka.ma\/wp-content\/uploads\/2025\/10\/LD0006010466.jpg","type":"image\/jpeg"}],"twitter_card":"summary_large_image","twitter_misc":{"Est. reading time":"4 minutes"},"schema":{"@context":"https:\/\/schema.org","@graph":[{"@type":"WebPage","@id":"https:\/\/osaka.ma\/product\/asus-rog-strix-scar-18-g834jy-i9-13980hx-rtx-4090-32gb-2tb-qhd-240hz\/","url":"https:\/\/osaka.ma\/product\/asus-rog-strix-scar-18-g834jy-i9-13980hx-rtx-4090-32gb-2tb-qhd-240hz\/","name":"ASUS ROG STRIX SCAR 18: Performance de Jeu Ultime - Osaka","isPartOf":{"@id":"https:\/\/osaka.ma\/#website"},"primaryImageOfPage":{"@id":"https:\/\/osaka.ma\/product\/asus-rog-strix-scar-18-g834jy-i9-13980hx-rtx-4090-32gb-2tb-qhd-240hz\/#primaryimage"},"image":{"@id":"https:\/\/osaka.ma\/product\/asus-rog-strix-scar-18-g834jy-i9-13980hx-rtx-4090-32gb-2tb-qhd-240hz\/#primaryimage"},"thumbnailUrl":"https:\/\/osaka.ma\/wp-content\/uploads\/2025\/10\/LD0006010466.jpg","datePublished":"2025-10-14T11:51:03+00:00","dateModified":"2025-10-16T00:18:33+00:00","description":"Am\u00e9liorez votre exp\u00e9rience de jeu avec le ASUS ROG STRIX SCAR 18. Performances exceptionnelles et \u00e9cran 240 Hz vous attendent !","breadcrumb":{"@id":"https:\/\/osaka.ma\/product\/asus-rog-strix-scar-18-g834jy-i9-13980hx-rtx-4090-32gb-2tb-qhd-240hz\/#breadcrumb"},"inLanguage":"ru-RU","potentialAction":[{"@type":"ReadAction","target":["https:\/\/osaka.ma\/product\/asus-rog-strix-scar-18-g834jy-i9-13980hx-rtx-4090-32gb-2tb-qhd-240hz\/"]}]},{"@type":"ImageObject","inLanguage":"ru-RU","@id":"https:\/\/osaka.ma\/product\/asus-rog-strix-scar-18-g834jy-i9-13980hx-rtx-4090-32gb-2tb-qhd-240hz\/#primaryimage","url":"https:\/\/osaka.ma\/wp-content\/uploads\/2025\/10\/LD0006010466.jpg","contentUrl":"https:\/\/osaka.ma\/wp-content\/uploads\/2025\/10\/LD0006010466.jpg","width":1600,"height":1600,"caption":"ASUS ROG STRIX SCAR 18 G834JY"},{"@type":"BreadcrumbList","@id":"https:\/\/osaka.ma\/product\/asus-rog-strix-scar-18-g834jy-i9-13980hx-rtx-4090-32gb-2tb-qhd-240hz\/#breadcrumb","itemListElement":[{"@type":"ListItem","position":1,"name":"Home","item":"https:\/\/osaka.ma\/"},{"@type":"ListItem","position":2,"name":"Shop","item":"https:\/\/osaka.ma\/shop-2\/"},{"@type":"ListItem","position":3,"name":"ASUS ROG STRIX SCAR 18 G834JY I9 13980HX | RTX 4090 |32GB | 2TB | QHD 240HZ"}]},{"@type":"WebSite","@id":"https:\/\/osaka.ma\/#website","url":"https:\/\/osaka.ma\/","name":"Osaka","description":"","publisher":{"@id":"https:\/\/osaka.ma\/#organization"},"potentialAction":[{"@type":"SearchAction","target":{"@type":"EntryPoint","urlTemplate":"https:\/\/osaka.ma\/?s={search_term_string}"},"query-input":{"@type":"PropertyValueSpecification","valueRequired":true,"valueName":"search_term_string"}}],"inLanguage":"ru-RU"},{"@type":"Organization","@id":"https:\/\/osaka.ma\/#organization","name":"Osaka","url":"https:\/\/osaka.ma\/","logo":{"@type":"ImageObject","inLanguage":"ru-RU","@id":"https:\/\/osaka.ma\/#\/schema\/logo\/image\/","url":"https:\/\/osaka.ma\/wp-content\/uploads\/2026\/01\/model-slogan-logo-2Plan-de-travail-1dksl-plus-finnn.png","contentUrl":"https:\/\/osaka.ma\/wp-content\/uploads\/2026\/01\/model-slogan-logo-2Plan-de-travail-1dksl-plus-finnn.png","width":842,"height":226,"caption":"Osaka"},"image":{"@id":"https:\/\/osaka.ma\/#\/schema\/logo\/image\/"}}]}},"jetpack_sharing_enabled":true,"brands":[],"_links":{"self":[{"href":"https:\/\/osaka.ma\/ru\/wp-json\/wp\/v2\/product\/18016","targetHints":{"allow":["GET"]}}],"collection":[{"href":"https:\/\/osaka.ma\/ru\/wp-json\/wp\/v2\/product"}],"about":[{"href":"https:\/\/osaka.ma\/ru\/wp-json\/wp\/v2\/types\/product"}],"version-history":[{"count":0,"href":"https:\/\/osaka.ma\/ru\/wp-json\/wp\/v2\/product\/18016\/revisions"}],"wp:featuredmedia":[{"embeddable":true,"href":"https:\/\/osaka.ma\/ru\/wp-json\/wp\/v2\/media\/1018041"}],"wp:attachment":[{"href":"https:\/\/osaka.ma\/ru\/wp-json\/wp\/v2\/media?parent=18016"}],"wp:term":[{"taxonomy":"pwb-brand","embeddable":true,"href":"https:\/\/osaka.ma\/ru\/wp-json\/wp\/v2\/pwb-brand?post=18016"},{"taxonomy":"product_brand","embeddable":true,"href":"https:\/\/osaka.ma\/ru\/wp-json\/wp\/v2\/product_brand?post=18016"},{"taxonomy":"product_cat","embeddable":true,"href":"https:\/\/osaka.ma\/ru\/wp-json\/wp\/v2\/product_cat?post=18016"},{"taxonomy":"product_tag","embeddable":true,"href":"https:\/\/osaka.ma\/ru\/wp-json\/wp\/v2\/product_tag?post=18016"},{"taxonomy":"pcb_component_type","embeddable":true,"href":"https:\/\/osaka.ma\/ru\/wp-json\/wp\/v2\/pcb_component_type?post=18016"}],"curies":[{"name":"wp","href":"https:\/\/api.w.org\/{rel}","templated":true}]}}