{"id":18230,"date":"2025-10-15T15:00:08","date_gmt":"2025-10-15T14:00:08","guid":{"rendered":"https:\/\/osaka.ma\/?post_type=product&#038;p=18230"},"modified":"2026-02-09T18:32:55","modified_gmt":"2026-02-09T17:32:55","slug":"logitech-k120-filaire-usb-version-fr-azerty","status":"publish","type":"product","link":"https:\/\/osaka.ma\/ru\/product\/logitech-k120-filaire-usb-version-fr-azerty\/","title":{"rendered":"Logitech K120 Filaire USB \u2013 Version FR \/ AZERTY"},"content":{"rendered":"<h4 data-start=\"854\" data-end=\"884\">Simplicit\u00e9 et fiabilit\u00e9<\/h4>\n<p data-start=\"885\" data-end=\"1076\">Le <strong data-start=\"888\" data-end=\"905\">Logitech K120<\/strong> est pr\u00eat \u00e0 l\u2019emploi d\u00e8s qu\u2019il est branch\u00e9 via USB. Pas de logiciel ni d\u2019installation n\u00e9cessaire \u2014 il fonctionne tout de suite pour la saisie, la navigation ou le travail.<\/p>\n<h4 data-start=\"1078\" data-end=\"1115\">Frappe confortable et discr\u00e8te<\/h4>\n<p data-start=\"1116\" data-end=\"1258\">Les touches \u00e0 profil bas offrent une sensation de frappe fluide et silencieuse, id\u00e9ale pour les bureaux partag\u00e9s ou les environnements calmes.<\/p>\n<h4 data-start=\"1260\" data-end=\"1290\">R\u00e9sistant aux accidents<\/h4>\n<p data-start=\"1291\" data-end=\"1464\">Avec sa capacit\u00e9 \u00e0 r\u00e9sister aux \u00e9claboussures, le clavier est prot\u00e9g\u00e9 contre les petits accidents de liquide, ce qui lui ajoute une s\u00e9curit\u00e9 pratique pour l\u2019usage quotidien.<\/p>\n<h4 data-start=\"1466\" data-end=\"1489\"><img decoding=\"async\" src=\"https:\/\/media.ldlc.com\/bo\/images\/fiches\/clavier\/K120\/10.jpg\" \/><\/h4>\n<h4 data-start=\"1466\" data-end=\"1489\">Con\u00e7u pour durer<\/h4>\n<p data-start=\"1490\" data-end=\"1625\">Les touches sont fabriqu\u00e9es pour r\u00e9sister \u00e0 des millions de frappes, assurant une dur\u00e9e de vie prolong\u00e9e m\u00eame en utilisation intensive.<\/p>\n<h4 data-start=\"1627\" data-end=\"1653\">Ergonomie ajustable<\/h4>\n<p data-start=\"1654\" data-end=\"1797\">Des pattes inclinables permettent d\u2019ajuster l\u2019angle de frappe selon vos pr\u00e9f\u00e9rences, offrant une meilleure ergonomie pour les longues sessions.<\/p>\n<hr data-start=\"1799\" data-end=\"1802\" \/>\n<h3 data-start=\"1804\" data-end=\"1845\"><img decoding=\"async\" src=\"https:\/\/media.ldlc.com\/bo\/images\/fiches\/clavier\/K120\/11.jpg\" \/><\/h3>\n<h3 data-start=\"1804\" data-end=\"1845\">Pourquoi choisir le Logitech K120 ?<\/h3>\n<ul data-start=\"1846\" data-end=\"2118\">\n<li data-start=\"1846\" data-end=\"1909\">\n<p data-start=\"1848\" data-end=\"1909\">Facile \u00e0 utiliser : installation instantan\u00e9e, sans logiciel<\/p>\n<\/li>\n<li data-start=\"1910\" data-end=\"1960\">\n<p data-start=\"1912\" data-end=\"1960\">Confort de frappe silencieuse adapt\u00e9 au bureau<\/p>\n<\/li>\n<li data-start=\"1961\" data-end=\"2015\">\n<p data-start=\"1963\" data-end=\"2015\">R\u00e9sistance aux \u00e9claboussures pour plus de s\u00e9curit\u00e9<\/p>\n<\/li>\n<li data-start=\"2016\" data-end=\"2052\">\n<p data-start=\"2018\" data-end=\"2052\">Clavier robuste con\u00e7u pour durer<\/p>\n<\/li>\n<li data-start=\"2053\" data-end=\"2118\">\n<p data-start=\"2055\" data-end=\"2118\">Disposition FR \/ AZERTY adapt\u00e9e aux utilisateurs francophones<\/p>\n<\/li>\n<\/ul>\n","protected":false},"excerpt":{"rendered":"<p>Le <strong data-start=\"277\" data-end=\"294\">Logitech K120<\/strong> est un clavier filaire fiable et \u00e9conomique, parfait pour une utilisation bureautique ou quotidienne. Facile \u00e0 installer, silencieux et robuste, il offre une solution pratique pour les utilisateurs recherchant un clavier durable sans fonctions excessives.<\/p>\n","protected":false},"featured_media":1018232,"template":"","meta":{"_acf_changed":false},"pwb-brand":[],"product_brand":[],"product_cat":[31,34],"product_tag":[],"pcb_component_type":[],"class_list":{"0":"post-18230","1":"product","2":"type-product","3":"status-publish","4":"has-post-thumbnail","6":"product_cat-accessoires","7":"product_cat-claviers","9":"first","10":"instock","11":"sale","12":"shipping-taxable","13":"purchasable","14":"product-type-simple"},"translation":{"provider":"WPGlobus","version":"3.0.2","language":"ru","enabled_languages":["en","es","de","fr","ru"],"languages":{"en":{"title":true,"content":true,"excerpt":true},"es":{"title":false,"content":false,"excerpt":false},"de":{"title":false,"content":false,"excerpt":false},"fr":{"title":false,"content":false,"excerpt":false},"ru":{"title":false,"content":false,"excerpt":false}}},"acf":[],"yoast_head":"<!-- This site is optimized with the Yoast SEO plugin v27.2 - https:\/\/yoast.com\/product\/yoast-seo-wordpress\/ -->\n<title>Logitech K120 Filaire USB FR \/ AZERTY Clavier Ergonomique - Osaka<\/title>\n<meta name=\"robots\" content=\"index, follow, max-snippet:-1, max-image-preview:large, max-video-preview:-1\" \/>\n<link rel=\"canonical\" href=\"https:\/\/osaka.ma\/es\/product\/logitech-k120-filaire-usb-version-fr-azerty\/\" \/>\n<meta property=\"og:locale\" content=\"ru_RU\" \/>\n<meta property=\"og:type\" content=\"article\" \/>\n<meta property=\"og:title\" content=\"Logitech K120 Filaire USB \u2013 Version FR \/ AZERTY - Osaka\" \/>\n<meta property=\"og:url\" content=\"https:\/\/osaka.ma\/es\/product\/logitech-k120-filaire-usb-version-fr-azerty\/\" \/>\n<meta property=\"og:site_name\" content=\"Osaka\" \/>\n<meta property=\"article:modified_time\" content=\"2026-02-09T17:32:55+00:00\" \/>\n<meta property=\"og:image\" content=\"https:\/\/osaka.ma\/wp-content\/uploads\/2025\/10\/Logitech-K120-Filaire-USB-FR.jpg\" \/>\n\t<meta property=\"og:image:width\" content=\"1600\" \/>\n\t<meta property=\"og:image:height\" content=\"1600\" \/>\n\t<meta property=\"og:image:type\" content=\"image\/jpeg\" \/>\n<meta name=\"twitter:card\" content=\"summary_large_image\" \/>\n<meta name=\"twitter:label1\" content=\"Est. reading time\" \/>\n\t<meta name=\"twitter:data1\" content=\"2 minutes\" \/>\n<script type=\"application\/ld+json\" class=\"yoast-schema-graph\">{\"@context\":\"https:\/\/schema.org\",\"@graph\":[{\"@type\":\"WebPage\",\"@id\":\"https:\/\/osaka.ma\/es\/product\/logitech-k120-filaire-usb-version-fr-azerty\/\",\"url\":\"https:\/\/osaka.ma\/es\/product\/logitech-k120-filaire-usb-version-fr-azerty\/\",\"name\":\"Logitech K120 Filaire USB FR \/ AZERTY Clavier Ergonomique - Osaka\",\"isPartOf\":{\"@id\":\"https:\/\/osaka.ma\/#website\"},\"primaryImageOfPage\":{\"@id\":\"https:\/\/osaka.ma\/es\/product\/logitech-k120-filaire-usb-version-fr-azerty\/#primaryimage\"},\"image\":{\"@id\":\"https:\/\/osaka.ma\/es\/product\/logitech-k120-filaire-usb-version-fr-azerty\/#primaryimage\"},\"thumbnailUrl\":\"https:\/\/osaka.ma\/wp-content\/uploads\/2025\/10\/Logitech-K120-Filaire-USB-FR.jpg\",\"datePublished\":\"2025-10-15T14:00:08+00:00\",\"dateModified\":\"2026-02-09T17:32:55+00:00\",\"description\":\"Avec le Logitech K120, il vous suffit de brancher pour commencer. D\u00e9couvrez la sensation agr\u00e9able des touches \u00e0 profil bas d\u00e8s aujourd'hui !\",\"breadcrumb\":{\"@id\":\"https:\/\/osaka.ma\/es\/product\/logitech-k120-filaire-usb-version-fr-azerty\/#breadcrumb\"},\"inLanguage\":\"ru-RU\",\"potentialAction\":[{\"@type\":\"ReadAction\",\"target\":[\"https:\/\/osaka.ma\/es\/product\/logitech-k120-filaire-usb-version-fr-azerty\/\"]}]},{\"@type\":\"ImageObject\",\"inLanguage\":\"ru-RU\",\"@id\":\"https:\/\/osaka.ma\/es\/product\/logitech-k120-filaire-usb-version-fr-azerty\/#primaryimage\",\"url\":\"https:\/\/osaka.ma\/wp-content\/uploads\/2025\/10\/Logitech-K120-Filaire-USB-FR.jpg\",\"contentUrl\":\"https:\/\/osaka.ma\/wp-content\/uploads\/2025\/10\/Logitech-K120-Filaire-USB-FR.jpg\",\"width\":1600,\"height\":1600},{\"@type\":\"BreadcrumbList\",\"@id\":\"https:\/\/osaka.ma\/es\/product\/logitech-k120-filaire-usb-version-fr-azerty\/#breadcrumb\",\"itemListElement\":[{\"@type\":\"ListItem\",\"position\":1,\"name\":\"Home\",\"item\":\"https:\/\/osaka.ma\/\"},{\"@type\":\"ListItem\",\"position\":2,\"name\":\"Shop\",\"item\":\"https:\/\/osaka.ma\/shop-2\/\"},{\"@type\":\"ListItem\",\"position\":3,\"name\":\"Logitech K120 Filaire USB \u2013 Version FR \/ AZERTY\"}]},{\"@type\":\"WebSite\",\"@id\":\"https:\/\/osaka.ma\/#website\",\"url\":\"https:\/\/osaka.ma\/\",\"name\":\"Osaka\",\"description\":\"\",\"publisher\":{\"@id\":\"https:\/\/osaka.ma\/#organization\"},\"potentialAction\":[{\"@type\":\"SearchAction\",\"target\":{\"@type\":\"EntryPoint\",\"urlTemplate\":\"https:\/\/osaka.ma\/?s={search_term_string}\"},\"query-input\":{\"@type\":\"PropertyValueSpecification\",\"valueRequired\":true,\"valueName\":\"search_term_string\"}}],\"inLanguage\":\"ru-RU\"},{\"@type\":\"Organization\",\"@id\":\"https:\/\/osaka.ma\/#organization\",\"name\":\"Osaka\",\"url\":\"https:\/\/osaka.ma\/\",\"logo\":{\"@type\":\"ImageObject\",\"inLanguage\":\"ru-RU\",\"@id\":\"https:\/\/osaka.ma\/#\/schema\/logo\/image\/\",\"url\":\"https:\/\/osaka.ma\/wp-content\/uploads\/2026\/01\/model-slogan-logo-2Plan-de-travail-1dksl-plus-finnn.png\",\"contentUrl\":\"https:\/\/osaka.ma\/wp-content\/uploads\/2026\/01\/model-slogan-logo-2Plan-de-travail-1dksl-plus-finnn.png\",\"width\":842,\"height\":226,\"caption\":\"Osaka\"},\"image\":{\"@id\":\"https:\/\/osaka.ma\/#\/schema\/logo\/image\/\"}}]}<\/script>\n<!-- \/ Yoast SEO plugin. -->","yoast_head_json":{"title":"Logitech K120 Filaire USB FR \/ AZERTY Clavier Ergonomique - Osaka","robots":{"index":"index","follow":"follow","max-snippet":"max-snippet:-1","max-image-preview":"max-image-preview:large","max-video-preview":"max-video-preview:-1"},"canonical":"https:\/\/osaka.ma\/es\/product\/logitech-k120-filaire-usb-version-fr-azerty\/","og_locale":"ru_RU","og_type":"article","og_title":"Logitech K120 Filaire USB \u2013 Version FR \/ AZERTY - Osaka","og_url":"https:\/\/osaka.ma\/es\/product\/logitech-k120-filaire-usb-version-fr-azerty\/","og_site_name":"Osaka","article_modified_time":"2026-02-09T17:32:55+00:00","og_image":[{"width":1600,"height":1600,"url":"https:\/\/osaka.ma\/wp-content\/uploads\/2025\/10\/Logitech-K120-Filaire-USB-FR.jpg","type":"image\/jpeg"}],"twitter_card":"summary_large_image","twitter_misc":{"Est. reading time":"2 minutes"},"schema":{"@context":"https:\/\/schema.org","@graph":[{"@type":"WebPage","@id":"https:\/\/osaka.ma\/es\/product\/logitech-k120-filaire-usb-version-fr-azerty\/","url":"https:\/\/osaka.ma\/es\/product\/logitech-k120-filaire-usb-version-fr-azerty\/","name":"Logitech K120 Filaire USB FR \/ AZERTY Clavier Ergonomique - Osaka","isPartOf":{"@id":"https:\/\/osaka.ma\/#website"},"primaryImageOfPage":{"@id":"https:\/\/osaka.ma\/es\/product\/logitech-k120-filaire-usb-version-fr-azerty\/#primaryimage"},"image":{"@id":"https:\/\/osaka.ma\/es\/product\/logitech-k120-filaire-usb-version-fr-azerty\/#primaryimage"},"thumbnailUrl":"https:\/\/osaka.ma\/wp-content\/uploads\/2025\/10\/Logitech-K120-Filaire-USB-FR.jpg","datePublished":"2025-10-15T14:00:08+00:00","dateModified":"2026-02-09T17:32:55+00:00","description":"Avec le Logitech K120, il vous suffit de brancher pour commencer. D\u00e9couvrez la sensation agr\u00e9able des touches \u00e0 profil bas d\u00e8s aujourd'hui !","breadcrumb":{"@id":"https:\/\/osaka.ma\/es\/product\/logitech-k120-filaire-usb-version-fr-azerty\/#breadcrumb"},"inLanguage":"ru-RU","potentialAction":[{"@type":"ReadAction","target":["https:\/\/osaka.ma\/es\/product\/logitech-k120-filaire-usb-version-fr-azerty\/"]}]},{"@type":"ImageObject","inLanguage":"ru-RU","@id":"https:\/\/osaka.ma\/es\/product\/logitech-k120-filaire-usb-version-fr-azerty\/#primaryimage","url":"https:\/\/osaka.ma\/wp-content\/uploads\/2025\/10\/Logitech-K120-Filaire-USB-FR.jpg","contentUrl":"https:\/\/osaka.ma\/wp-content\/uploads\/2025\/10\/Logitech-K120-Filaire-USB-FR.jpg","width":1600,"height":1600},{"@type":"BreadcrumbList","@id":"https:\/\/osaka.ma\/es\/product\/logitech-k120-filaire-usb-version-fr-azerty\/#breadcrumb","itemListElement":[{"@type":"ListItem","position":1,"name":"Home","item":"https:\/\/osaka.ma\/"},{"@type":"ListItem","position":2,"name":"Shop","item":"https:\/\/osaka.ma\/shop-2\/"},{"@type":"ListItem","position":3,"name":"Logitech K120 Filaire USB \u2013 Version FR \/ AZERTY"}]},{"@type":"WebSite","@id":"https:\/\/osaka.ma\/#website","url":"https:\/\/osaka.ma\/","name":"Osaka","description":"","publisher":{"@id":"https:\/\/osaka.ma\/#organization"},"potentialAction":[{"@type":"SearchAction","target":{"@type":"EntryPoint","urlTemplate":"https:\/\/osaka.ma\/?s={search_term_string}"},"query-input":{"@type":"PropertyValueSpecification","valueRequired":true,"valueName":"search_term_string"}}],"inLanguage":"ru-RU"},{"@type":"Organization","@id":"https:\/\/osaka.ma\/#organization","name":"Osaka","url":"https:\/\/osaka.ma\/","logo":{"@type":"ImageObject","inLanguage":"ru-RU","@id":"https:\/\/osaka.ma\/#\/schema\/logo\/image\/","url":"https:\/\/osaka.ma\/wp-content\/uploads\/2026\/01\/model-slogan-logo-2Plan-de-travail-1dksl-plus-finnn.png","contentUrl":"https:\/\/osaka.ma\/wp-content\/uploads\/2026\/01\/model-slogan-logo-2Plan-de-travail-1dksl-plus-finnn.png","width":842,"height":226,"caption":"Osaka"},"image":{"@id":"https:\/\/osaka.ma\/#\/schema\/logo\/image\/"}}]}},"jetpack_sharing_enabled":true,"brands":[],"_links":{"self":[{"href":"https:\/\/osaka.ma\/ru\/wp-json\/wp\/v2\/product\/18230","targetHints":{"allow":["GET"]}}],"collection":[{"href":"https:\/\/osaka.ma\/ru\/wp-json\/wp\/v2\/product"}],"about":[{"href":"https:\/\/osaka.ma\/ru\/wp-json\/wp\/v2\/types\/product"}],"version-history":[{"count":0,"href":"https:\/\/osaka.ma\/ru\/wp-json\/wp\/v2\/product\/18230\/revisions"}],"wp:featuredmedia":[{"embeddable":true,"href":"https:\/\/osaka.ma\/ru\/wp-json\/wp\/v2\/media\/1018232"}],"wp:attachment":[{"href":"https:\/\/osaka.ma\/ru\/wp-json\/wp\/v2\/media?parent=18230"}],"wp:term":[{"taxonomy":"pwb-brand","embeddable":true,"href":"https:\/\/osaka.ma\/ru\/wp-json\/wp\/v2\/pwb-brand?post=18230"},{"taxonomy":"product_brand","embeddable":true,"href":"https:\/\/osaka.ma\/ru\/wp-json\/wp\/v2\/product_brand?post=18230"},{"taxonomy":"product_cat","embeddable":true,"href":"https:\/\/osaka.ma\/ru\/wp-json\/wp\/v2\/product_cat?post=18230"},{"taxonomy":"product_tag","embeddable":true,"href":"https:\/\/osaka.ma\/ru\/wp-json\/wp\/v2\/product_tag?post=18230"},{"taxonomy":"pcb_component_type","embeddable":true,"href":"https:\/\/osaka.ma\/ru\/wp-json\/wp\/v2\/pcb_component_type?post=18230"}],"curies":[{"name":"wp","href":"https:\/\/api.w.org\/{rel}","templated":true}]}}