{"id":18592,"date":"2025-10-24T17:26:54","date_gmt":"2025-10-24T16:26:54","guid":{"rendered":"https:\/\/osaka.ma\/?post_type=product&#038;p=18592"},"modified":"2026-02-08T15:13:41","modified_gmt":"2026-02-08T14:13:41","slug":"msi-vector-16-hx-ai-a2xw-intel-ultra-9-275hx-nvidia-rtx-5080-16-gb-16%e2%80%b3-qhd-240-hz-16-gb-1-tb-neuf","status":"publish","type":"product","link":"https:\/\/osaka.ma\/ru\/product\/msi-vector-16-hx-ai-a2xw-intel-ultra-9-275hx-nvidia-rtx-5080-16-gb-16%e2%80%b3-qhd-240-hz-16-gb-1-tb-neuf\/","title":{"rendered":"MSI Vector 16 HX AI A2XW \u2013 Intel Ultra 9 275HX | NVIDIA RTX 5080 16 GB | 16\u2033 QHD+ 240 Hz | 32 GB | 1 TB \u2013 Neuf Sans Emballage"},"content":{"rendered":"<h4 data-start=\"1484\" data-end=\"1533\">Performance extr\u00eame pour gaming &amp; cr\u00e9ation<\/h4>\n<p data-start=\"1534\" data-end=\"1793\">Ce mod\u00e8le MSI Vector 16 HX AI est construit pour d\u00e9livrer des performances haut de gamme : le processeur Ultra 9 275HX et la RTX 5080 assurent une grande puissance en jeux 1440p\/240 Hz, en streaming ou en montage vid\u00e9o.<\/p>\n<h4 data-start=\"1795\" data-end=\"1822\"><img decoding=\"async\" src=\"https:\/\/media.ldlc.com\/bo\/images\/fiches\/pc_portables\/msi\/Vector_16_HX_AI_A2XW\/801.jpg\" \/><\/h4>\n<h4 data-start=\"1795\" data-end=\"1822\">\u00c9cran large &amp; fluide<\/h4>\n<p data-start=\"1823\" data-end=\"2087\">L\u2019\u00e9cran 16\u2033 QHD+ \u00e0 240 Hz assure une exp\u00e9rience visuelle ultra fluide, id\u00e9ale pour les jeux comp\u00e9titifs ainsi que pour la visualisation de contenu cr\u00e9atif. Avec une r\u00e9solution \u00e9lev\u00e9e, il combine confort visuel et r\u00e9activit\u00e9.<\/p>\n<h4 data-start=\"2089\" data-end=\"2147\"><img decoding=\"async\" src=\"https:\/\/media.ldlc.com\/bo\/images\/fiches\/pc_portables\/msi\/Vector_16_HX_AI_A2XW\/802.jpg\" \/><\/h4>\n<h4 data-start=\"2089\" data-end=\"2147\">Stockage amplement dimensionn\u00e9 &amp; m\u00e9moire suffisante<\/h4>\n<p data-start=\"2148\" data-end=\"2336\">Avec 1 To de SSD NVMe, tu disposes d\u2019un espace important pour jeux, logiciels, projet cr\u00e9atif. Les 16 Go de RAM permettent de commencer fort, tout en laissant la possibilit\u00e9 d\u2019\u00e9volution.<\/p>\n<h4 data-start=\"2338\" data-end=\"2371\"><img decoding=\"async\" src=\"https:\/\/media.ldlc.com\/bo\/images\/fiches\/pc_portables\/msi\/Vector_16_HX_AI_A2XW\/803.jpg\" \/><\/h4>\n<h4 data-start=\"2338\" data-end=\"2371\">Design et usage sans bo\u00eete<\/h4>\n<p data-start=\"2372\" data-end=\"2634\">\u00ab Neuf (sans bo\u00eete) \u00bb signifie que l\u2019appareil est tout neuf mais livr\u00e9 sans l\u2019emballage original, souvent dans un emballage minimal. Il est pr\u00eat \u00e0 \u00eatre utilis\u00e9 imm\u00e9diatement et constitue un bon compromis pour b\u00e9n\u00e9ficier d\u2019un produit haut de gamme \u00e0 moindre co\u00fbt.<\/p>\n<p data-start=\"887\" data-end=\"934\"><strong data-start=\"887\" data-end=\"932\">Caract\u00e9ristiques techniques principales :<\/strong><\/p>\n<ul data-start=\"935\" data-end=\"1448\">\n<li data-start=\"935\" data-end=\"1015\">\n<p data-start=\"937\" data-end=\"1015\">Processeur : Intel Core Ultra 9 275HX.<\/p>\n<\/li>\n<li data-start=\"1016\" data-end=\"1148\">\n<p data-start=\"1018\" data-end=\"1148\">Carte graphique : NVIDIA GeForce RTX 5080 (mobile) version 16 GB GDDR7<\/p>\n<\/li>\n<li data-start=\"1149\" data-end=\"1242\">\n<p data-start=\"1151\" data-end=\"1242\">\u00c9cran : 16\u2033 (16,0\u2033) QHD+ (2560\u00d71600) \u00e0 <strong data-start=\"1191\" data-end=\"1201\">240 Hz<\/strong>.<\/p>\n<\/li>\n<li data-start=\"1149\" data-end=\"1242\">\n<p data-start=\"1151\" data-end=\"1242\">M\u00e9moire : 32 Go DDR5 5600MHZ<\/p>\n<\/li>\n<li data-start=\"1288\" data-end=\"1345\">\n<p data-start=\"1290\" data-end=\"1345\">Stockage : 1 To SSD NVMe GEN4<\/p>\n<\/li>\n<li data-start=\"1346\" data-end=\"1374\">\n<p data-start=\"1348\" data-end=\"1374\">\u00c9tat : Neuf (sans bo\u00eete)<\/p>\n<\/li>\n<li data-start=\"1375\" data-end=\"1448\">\n<p data-start=\"1377\" data-end=\"1448\">Compatibilit\u00e9 : Windows 11 Famille<\/p>\n<\/li>\n<\/ul>\n","protected":false},"excerpt":{"rendered":"<p><strong data-start=\"386\" data-end=\"513\">MSI Vector 16 HX AI A2XW \u2013 Intel Ultra 9 275HX | NVIDIA RTX 5080 16 GB | 16\u2033 QHD+ 240 Hz | 16 GB | 1 TB \u2013 Neuf\u00a0<\/strong><br data-start=\"513\" data-end=\"516\" \/>Le portable MSI Vector 16 HX AI en version A2XW embarque un processeur <strong data-start=\"587\" data-end=\"615\">Intel Core Ultra 9 275HX<\/strong>, une carte graphique <strong data-start=\"637\" data-end=\"670\">NVIDIA GeForce RTX 5080 16 GB<\/strong>, un \u00e9cran 16\u2033 QHD+ (2560\u00d71600) \u00e0 <strong data-start=\"704\" data-end=\"714\">240 Hz<\/strong>, 32 Go de RAM, et 1 To de stockage NVMe \u2014 une machine con\u00e7ue pour le gaming haute performance et la cr\u00e9ation de contenu exigeante.<\/p>\n<p data-start=\"887\" data-end=\"934\"><strong data-start=\"887\" data-end=\"932\">Caract\u00e9ristiques techniques principales :<\/strong><\/p>\n<ul data-start=\"935\" data-end=\"1448\">\n<li data-start=\"935\" data-end=\"1015\">\n<p data-start=\"937\" data-end=\"1015\">Processeur : Intel Core Ultra 9 275HX.<\/p>\n<\/li>\n<li data-start=\"1016\" data-end=\"1148\">\n<p data-start=\"1018\" data-end=\"1148\">Carte graphique : NVIDIA GeForce RTX 5080 (mobile) version 16 GB GDDR7<\/p>\n<\/li>\n<li data-start=\"1149\" data-end=\"1242\">\n<p data-start=\"1151\" data-end=\"1242\">\u00c9cran : 16\u2033 (16,0\u2033) QHD+ (2560\u00d71600) \u00e0 <strong data-start=\"1191\" data-end=\"1201\">240 Hz<\/strong>.<\/p>\n<\/li>\n<li data-start=\"1149\" data-end=\"1242\">\n<p data-start=\"1151\" data-end=\"1242\">M\u00e9moire : 32 Go DDR5 5600MHZ<\/p>\n<\/li>\n<li data-start=\"1288\" data-end=\"1345\">\n<p data-start=\"1290\" data-end=\"1345\">Stockage : 1 To SSD NVMe GEN4<\/p>\n<\/li>\n<li data-start=\"1346\" data-end=\"1374\">\n<p data-start=\"1348\" data-end=\"1374\">\u00c9tat : Neuf Sans Emballage<\/p>\n<\/li>\n<li data-start=\"1375\" data-end=\"1448\">\n<p data-start=\"1377\" data-end=\"1448\">Compatibilit\u00e9 : Windows 11 Famille<\/p>\n<\/li>\n<\/ul>\n","protected":false},"featured_media":1019025,"template":"","meta":{"_acf_changed":false},"pwb-brand":[],"product_brand":[],"product_cat":[122,121],"product_tag":[],"pcb_component_type":[],"class_list":{"0":"post-18592","1":"product","2":"type-product","3":"status-publish","4":"has-post-thumbnail","6":"product_cat-gaming","7":"product_cat-pc-portable","9":"first","10":"outofstock","11":"shipping-taxable","12":"product-type-simple"},"translation":{"provider":"WPGlobus","version":"3.0.2","language":"ru","enabled_languages":["en","es","de","fr","ru"],"languages":{"en":{"title":true,"content":true,"excerpt":true},"es":{"title":false,"content":false,"excerpt":false},"de":{"title":false,"content":false,"excerpt":false},"fr":{"title":false,"content":false,"excerpt":false},"ru":{"title":false,"content":false,"excerpt":false}}},"acf":[],"yoast_head":"<!-- This site is optimized with the Yoast SEO plugin v27.2 - https:\/\/yoast.com\/product\/yoast-seo-wordpress\/ -->\n<title>MSI Vector 16 HX AI A2XW i9 Ultra 9 275HX RTX 5080 240Hz - Osaka<\/title>\n<meta name=\"robots\" content=\"index, follow, max-snippet:-1, max-image-preview:large, max-video-preview:-1\" \/>\n<link rel=\"canonical\" href=\"https:\/\/osaka.ma\/product\/msi-vector-16-hx-ai-a2xw-intel-ultra-9-275hx-nvidia-rtx-5080-16-gb-16\u2033-qhd-240-hz-16-gb-1-tb-neuf\/\" \/>\n<meta property=\"og:locale\" content=\"ru_RU\" \/>\n<meta property=\"og:type\" content=\"article\" \/>\n<meta property=\"og:title\" content=\"MSI Vector 16 HX AI A2XW \u2013 Intel Ultra 9 275HX | NVIDIA RTX 5080 16 GB | 16\u2033 QHD+ 240 Hz | 32 GB | 1 TB \u2013 Neuf Sans Emballage - Osaka\" \/>\n<meta property=\"og:url\" content=\"https:\/\/osaka.ma\/product\/msi-vector-16-hx-ai-a2xw-intel-ultra-9-275hx-nvidia-rtx-5080-16-gb-16\u2033-qhd-240-hz-16-gb-1-tb-neuf\/\" \/>\n<meta property=\"og:site_name\" content=\"Osaka\" \/>\n<meta property=\"article:modified_time\" content=\"2026-02-08T14:13:41+00:00\" \/>\n<meta property=\"og:image\" content=\"https:\/\/osaka.ma\/wp-content\/uploads\/2025\/11\/MSI-Vector-16-HX-A2XWIG-Ultra-9-275HX-RTX-5080-32-Go-1-To-Neuf.webp\" \/>\n\t<meta property=\"og:image:width\" content=\"1600\" \/>\n\t<meta property=\"og:image:height\" content=\"1600\" \/>\n\t<meta property=\"og:image:type\" content=\"image\/webp\" \/>\n<meta name=\"twitter:card\" content=\"summary_large_image\" \/>\n<meta name=\"twitter:label1\" content=\"Est. reading time\" \/>\n\t<meta name=\"twitter:data1\" content=\"4 minutes\" \/>\n<script type=\"application\/ld+json\" class=\"yoast-schema-graph\">{\"@context\":\"https:\/\/schema.org\",\"@graph\":[{\"@type\":\"WebPage\",\"@id\":\"https:\/\/osaka.ma\/product\/msi-vector-16-hx-ai-a2xw-intel-ultra-9-275hx-nvidia-rtx-5080-16-gb-16%e2%80%b3-qhd-240-hz-16-gb-1-tb-neuf\/\",\"url\":\"https:\/\/osaka.ma\/product\/msi-vector-16-hx-ai-a2xw-intel-ultra-9-275hx-nvidia-rtx-5080-16-gb-16%e2%80%b3-qhd-240-hz-16-gb-1-tb-neuf\/\",\"name\":\"MSI Vector 16 HX AI A2XW i9 Ultra 9 275HX RTX 5080 240Hz - Osaka\",\"isPartOf\":{\"@id\":\"https:\/\/osaka.ma\/#website\"},\"primaryImageOfPage\":{\"@id\":\"https:\/\/osaka.ma\/product\/msi-vector-16-hx-ai-a2xw-intel-ultra-9-275hx-nvidia-rtx-5080-16-gb-16%e2%80%b3-qhd-240-hz-16-gb-1-tb-neuf\/#primaryimage\"},\"image\":{\"@id\":\"https:\/\/osaka.ma\/product\/msi-vector-16-hx-ai-a2xw-intel-ultra-9-275hx-nvidia-rtx-5080-16-gb-16%e2%80%b3-qhd-240-hz-16-gb-1-tb-neuf\/#primaryimage\"},\"thumbnailUrl\":\"https:\/\/osaka.ma\/wp-content\/uploads\/2025\/11\/MSI-Vector-16-HX-A2XWIG-Ultra-9-275HX-RTX-5080-32-Go-1-To-Neuf.webp\",\"datePublished\":\"2025-10-24T16:26:54+00:00\",\"dateModified\":\"2026-02-08T14:13:41+00:00\",\"description\":\"Avec l'MSI Vector 16 HX AI A2XW i9 Ultra 9 275HX RTX 5080 16\u2033 QHD+ 240Hz, vivez le gaming haut de gamme \u00e0 son meilleur. Ne manquez pas cette occasion !\",\"breadcrumb\":{\"@id\":\"https:\/\/osaka.ma\/product\/msi-vector-16-hx-ai-a2xw-intel-ultra-9-275hx-nvidia-rtx-5080-16-gb-16%e2%80%b3-qhd-240-hz-16-gb-1-tb-neuf\/#breadcrumb\"},\"inLanguage\":\"ru-RU\",\"potentialAction\":[{\"@type\":\"ReadAction\",\"target\":[\"https:\/\/osaka.ma\/product\/msi-vector-16-hx-ai-a2xw-intel-ultra-9-275hx-nvidia-rtx-5080-16-gb-16%e2%80%b3-qhd-240-hz-16-gb-1-tb-neuf\/\"]}]},{\"@type\":\"ImageObject\",\"inLanguage\":\"ru-RU\",\"@id\":\"https:\/\/osaka.ma\/product\/msi-vector-16-hx-ai-a2xw-intel-ultra-9-275hx-nvidia-rtx-5080-16-gb-16%e2%80%b3-qhd-240-hz-16-gb-1-tb-neuf\/#primaryimage\",\"url\":\"https:\/\/osaka.ma\/wp-content\/uploads\/2025\/11\/MSI-Vector-16-HX-A2XWIG-Ultra-9-275HX-RTX-5080-32-Go-1-To-Neuf.webp\",\"contentUrl\":\"https:\/\/osaka.ma\/wp-content\/uploads\/2025\/11\/MSI-Vector-16-HX-A2XWIG-Ultra-9-275HX-RTX-5080-32-Go-1-To-Neuf.webp\",\"width\":1600,\"height\":1600,\"caption\":\"MSI Vector 16 HX A2XWIG Ultra 9 275HX RTX 5080 32 Go 1 To Neuf\"},{\"@type\":\"BreadcrumbList\",\"@id\":\"https:\/\/osaka.ma\/product\/msi-vector-16-hx-ai-a2xw-intel-ultra-9-275hx-nvidia-rtx-5080-16-gb-16%e2%80%b3-qhd-240-hz-16-gb-1-tb-neuf\/#breadcrumb\",\"itemListElement\":[{\"@type\":\"ListItem\",\"position\":1,\"name\":\"Home\",\"item\":\"https:\/\/osaka.ma\/\"},{\"@type\":\"ListItem\",\"position\":2,\"name\":\"Shop\",\"item\":\"https:\/\/osaka.ma\/shop-2\/\"},{\"@type\":\"ListItem\",\"position\":3,\"name\":\"MSI Vector 16 HX AI A2XW \u2013 Intel Ultra 9 275HX | NVIDIA RTX 5080 16 GB | 16\u2033 QHD+ 240 Hz | 32 GB | 1 TB \u2013 Neuf Sans Emballage\"}]},{\"@type\":\"WebSite\",\"@id\":\"https:\/\/osaka.ma\/#website\",\"url\":\"https:\/\/osaka.ma\/\",\"name\":\"Osaka\",\"description\":\"\",\"publisher\":{\"@id\":\"https:\/\/osaka.ma\/#organization\"},\"potentialAction\":[{\"@type\":\"SearchAction\",\"target\":{\"@type\":\"EntryPoint\",\"urlTemplate\":\"https:\/\/osaka.ma\/?s={search_term_string}\"},\"query-input\":{\"@type\":\"PropertyValueSpecification\",\"valueRequired\":true,\"valueName\":\"search_term_string\"}}],\"inLanguage\":\"ru-RU\"},{\"@type\":\"Organization\",\"@id\":\"https:\/\/osaka.ma\/#organization\",\"name\":\"Osaka\",\"url\":\"https:\/\/osaka.ma\/\",\"logo\":{\"@type\":\"ImageObject\",\"inLanguage\":\"ru-RU\",\"@id\":\"https:\/\/osaka.ma\/#\/schema\/logo\/image\/\",\"url\":\"https:\/\/osaka.ma\/wp-content\/uploads\/2026\/01\/model-slogan-logo-2Plan-de-travail-1dksl-plus-finnn.png\",\"contentUrl\":\"https:\/\/osaka.ma\/wp-content\/uploads\/2026\/01\/model-slogan-logo-2Plan-de-travail-1dksl-plus-finnn.png\",\"width\":842,\"height\":226,\"caption\":\"Osaka\"},\"image\":{\"@id\":\"https:\/\/osaka.ma\/#\/schema\/logo\/image\/\"}}]}<\/script>\n<!-- \/ Yoast SEO plugin. -->","yoast_head_json":{"title":"MSI Vector 16 HX AI A2XW i9 Ultra 9 275HX RTX 5080 240Hz - Osaka","robots":{"index":"index","follow":"follow","max-snippet":"max-snippet:-1","max-image-preview":"max-image-preview:large","max-video-preview":"max-video-preview:-1"},"canonical":"https:\/\/osaka.ma\/product\/msi-vector-16-hx-ai-a2xw-intel-ultra-9-275hx-nvidia-rtx-5080-16-gb-16\u2033-qhd-240-hz-16-gb-1-tb-neuf\/","og_locale":"ru_RU","og_type":"article","og_title":"MSI Vector 16 HX AI A2XW \u2013 Intel Ultra 9 275HX | NVIDIA RTX 5080 16 GB | 16\u2033 QHD+ 240 Hz | 32 GB | 1 TB \u2013 Neuf Sans Emballage - Osaka","og_url":"https:\/\/osaka.ma\/product\/msi-vector-16-hx-ai-a2xw-intel-ultra-9-275hx-nvidia-rtx-5080-16-gb-16\u2033-qhd-240-hz-16-gb-1-tb-neuf\/","og_site_name":"Osaka","article_modified_time":"2026-02-08T14:13:41+00:00","og_image":[{"width":1600,"height":1600,"url":"https:\/\/osaka.ma\/wp-content\/uploads\/2025\/11\/MSI-Vector-16-HX-A2XWIG-Ultra-9-275HX-RTX-5080-32-Go-1-To-Neuf.webp","type":"image\/webp"}],"twitter_card":"summary_large_image","twitter_misc":{"Est. reading time":"4 minutes"},"schema":{"@context":"https:\/\/schema.org","@graph":[{"@type":"WebPage","@id":"https:\/\/osaka.ma\/product\/msi-vector-16-hx-ai-a2xw-intel-ultra-9-275hx-nvidia-rtx-5080-16-gb-16%e2%80%b3-qhd-240-hz-16-gb-1-tb-neuf\/","url":"https:\/\/osaka.ma\/product\/msi-vector-16-hx-ai-a2xw-intel-ultra-9-275hx-nvidia-rtx-5080-16-gb-16%e2%80%b3-qhd-240-hz-16-gb-1-tb-neuf\/","name":"MSI Vector 16 HX AI A2XW i9 Ultra 9 275HX RTX 5080 240Hz - Osaka","isPartOf":{"@id":"https:\/\/osaka.ma\/#website"},"primaryImageOfPage":{"@id":"https:\/\/osaka.ma\/product\/msi-vector-16-hx-ai-a2xw-intel-ultra-9-275hx-nvidia-rtx-5080-16-gb-16%e2%80%b3-qhd-240-hz-16-gb-1-tb-neuf\/#primaryimage"},"image":{"@id":"https:\/\/osaka.ma\/product\/msi-vector-16-hx-ai-a2xw-intel-ultra-9-275hx-nvidia-rtx-5080-16-gb-16%e2%80%b3-qhd-240-hz-16-gb-1-tb-neuf\/#primaryimage"},"thumbnailUrl":"https:\/\/osaka.ma\/wp-content\/uploads\/2025\/11\/MSI-Vector-16-HX-A2XWIG-Ultra-9-275HX-RTX-5080-32-Go-1-To-Neuf.webp","datePublished":"2025-10-24T16:26:54+00:00","dateModified":"2026-02-08T14:13:41+00:00","description":"Avec l'MSI Vector 16 HX AI A2XW i9 Ultra 9 275HX RTX 5080 16\u2033 QHD+ 240Hz, vivez le gaming haut de gamme \u00e0 son meilleur. Ne manquez pas cette occasion !","breadcrumb":{"@id":"https:\/\/osaka.ma\/product\/msi-vector-16-hx-ai-a2xw-intel-ultra-9-275hx-nvidia-rtx-5080-16-gb-16%e2%80%b3-qhd-240-hz-16-gb-1-tb-neuf\/#breadcrumb"},"inLanguage":"ru-RU","potentialAction":[{"@type":"ReadAction","target":["https:\/\/osaka.ma\/product\/msi-vector-16-hx-ai-a2xw-intel-ultra-9-275hx-nvidia-rtx-5080-16-gb-16%e2%80%b3-qhd-240-hz-16-gb-1-tb-neuf\/"]}]},{"@type":"ImageObject","inLanguage":"ru-RU","@id":"https:\/\/osaka.ma\/product\/msi-vector-16-hx-ai-a2xw-intel-ultra-9-275hx-nvidia-rtx-5080-16-gb-16%e2%80%b3-qhd-240-hz-16-gb-1-tb-neuf\/#primaryimage","url":"https:\/\/osaka.ma\/wp-content\/uploads\/2025\/11\/MSI-Vector-16-HX-A2XWIG-Ultra-9-275HX-RTX-5080-32-Go-1-To-Neuf.webp","contentUrl":"https:\/\/osaka.ma\/wp-content\/uploads\/2025\/11\/MSI-Vector-16-HX-A2XWIG-Ultra-9-275HX-RTX-5080-32-Go-1-To-Neuf.webp","width":1600,"height":1600,"caption":"MSI Vector 16 HX A2XWIG Ultra 9 275HX RTX 5080 32 Go 1 To Neuf"},{"@type":"BreadcrumbList","@id":"https:\/\/osaka.ma\/product\/msi-vector-16-hx-ai-a2xw-intel-ultra-9-275hx-nvidia-rtx-5080-16-gb-16%e2%80%b3-qhd-240-hz-16-gb-1-tb-neuf\/#breadcrumb","itemListElement":[{"@type":"ListItem","position":1,"name":"Home","item":"https:\/\/osaka.ma\/"},{"@type":"ListItem","position":2,"name":"Shop","item":"https:\/\/osaka.ma\/shop-2\/"},{"@type":"ListItem","position":3,"name":"MSI Vector 16 HX AI A2XW \u2013 Intel Ultra 9 275HX | NVIDIA RTX 5080 16 GB | 16\u2033 QHD+ 240 Hz | 32 GB | 1 TB \u2013 Neuf Sans Emballage"}]},{"@type":"WebSite","@id":"https:\/\/osaka.ma\/#website","url":"https:\/\/osaka.ma\/","name":"Osaka","description":"","publisher":{"@id":"https:\/\/osaka.ma\/#organization"},"potentialAction":[{"@type":"SearchAction","target":{"@type":"EntryPoint","urlTemplate":"https:\/\/osaka.ma\/?s={search_term_string}"},"query-input":{"@type":"PropertyValueSpecification","valueRequired":true,"valueName":"search_term_string"}}],"inLanguage":"ru-RU"},{"@type":"Organization","@id":"https:\/\/osaka.ma\/#organization","name":"Osaka","url":"https:\/\/osaka.ma\/","logo":{"@type":"ImageObject","inLanguage":"ru-RU","@id":"https:\/\/osaka.ma\/#\/schema\/logo\/image\/","url":"https:\/\/osaka.ma\/wp-content\/uploads\/2026\/01\/model-slogan-logo-2Plan-de-travail-1dksl-plus-finnn.png","contentUrl":"https:\/\/osaka.ma\/wp-content\/uploads\/2026\/01\/model-slogan-logo-2Plan-de-travail-1dksl-plus-finnn.png","width":842,"height":226,"caption":"Osaka"},"image":{"@id":"https:\/\/osaka.ma\/#\/schema\/logo\/image\/"}}]}},"jetpack_sharing_enabled":true,"brands":[],"_links":{"self":[{"href":"https:\/\/osaka.ma\/ru\/wp-json\/wp\/v2\/product\/18592","targetHints":{"allow":["GET"]}}],"collection":[{"href":"https:\/\/osaka.ma\/ru\/wp-json\/wp\/v2\/product"}],"about":[{"href":"https:\/\/osaka.ma\/ru\/wp-json\/wp\/v2\/types\/product"}],"version-history":[{"count":0,"href":"https:\/\/osaka.ma\/ru\/wp-json\/wp\/v2\/product\/18592\/revisions"}],"wp:featuredmedia":[{"embeddable":true,"href":"https:\/\/osaka.ma\/ru\/wp-json\/wp\/v2\/media\/1019025"}],"wp:attachment":[{"href":"https:\/\/osaka.ma\/ru\/wp-json\/wp\/v2\/media?parent=18592"}],"wp:term":[{"taxonomy":"pwb-brand","embeddable":true,"href":"https:\/\/osaka.ma\/ru\/wp-json\/wp\/v2\/pwb-brand?post=18592"},{"taxonomy":"product_brand","embeddable":true,"href":"https:\/\/osaka.ma\/ru\/wp-json\/wp\/v2\/product_brand?post=18592"},{"taxonomy":"product_cat","embeddable":true,"href":"https:\/\/osaka.ma\/ru\/wp-json\/wp\/v2\/product_cat?post=18592"},{"taxonomy":"product_tag","embeddable":true,"href":"https:\/\/osaka.ma\/ru\/wp-json\/wp\/v2\/product_tag?post=18592"},{"taxonomy":"pcb_component_type","embeddable":true,"href":"https:\/\/osaka.ma\/ru\/wp-json\/wp\/v2\/pcb_component_type?post=18592"}],"curies":[{"name":"wp","href":"https:\/\/api.w.org\/{rel}","templated":true}]}}