{"id":19110,"date":"2025-11-17T16:13:17","date_gmt":"2025-11-17T15:13:17","guid":{"rendered":"https:\/\/osaka.ma\/?post_type=product&#038;p=19110"},"modified":"2025-12-23T18:28:48","modified_gmt":"2025-12-23T17:28:48","slug":"aoc-24b15h2-23-8-ips-fhd-1080p-100hz","status":"publish","type":"product","link":"https:\/\/osaka.ma\/ru\/product\/aoc-24b15h2-23-8-ips-fhd-1080p-100hz\/","title":{"rendered":"AOC 24B15H2 \u2013 23.8&#8243; IPS | FHD 1080p | 100Hz"},"content":{"rendered":"<p data-start=\"1189\" data-end=\"1552\"><img decoding=\"async\" src=\"https:\/\/hi-tech.ua\/wp-content\/webp-express\/webp-images\/uploads\/2024\/06\/aoc-24b15h2.jpg.webp\" alt=\"AOC 24B15H2\" \/><\/p>\n<p data-start=\"1189\" data-end=\"1552\">Le <strong data-start=\"1192\" data-end=\"1207\">AOC 24B15H2<\/strong> est un \u00e9cran con\u00e7u pour offrir une exp\u00e9rience visuelle de haute qualit\u00e9, \u00e0 la fois fluide, confortable et adapt\u00e9e \u00e0 tous les usages du quotidien. Avec sa dalle <strong data-start=\"1368\" data-end=\"1390\">IPS de 23.8 pouces<\/strong>, il garantit des couleurs pr\u00e9cises, une excellente luminosit\u00e9 et des angles de vision larges de 178\u00b0, parfaits pour travailler, regarder des films ou m\u00eame jouer.<\/p>\n<p data-start=\"1554\" data-end=\"1892\">Sa r\u00e9solution <strong data-start=\"1568\" data-end=\"1585\">Full HD 1080p<\/strong> assure une image nette et d\u00e9taill\u00e9e, id\u00e9ale pour la bureautique, le t\u00e9l\u00e9travail, la navigation web ou les contenus multim\u00e9dia. Le taux de rafra\u00eechissement <strong data-start=\"1741\" data-end=\"1750\">100Hz<\/strong> rend l\u2019affichage plus fluide qu\u2019un \u00e9cran standard 60Hz, particuli\u00e8rement appr\u00e9ci\u00e9 lors du d\u00e9filement, du multit\u00e2che ou du gaming occasionnel.<\/p>\n<p data-start=\"1894\" data-end=\"2156\">Le design moderne \u00e0 bords fins donne au 24B15H2 un look \u00e9l\u00e9gant adapt\u00e9 aux setups minimalistes, aux bureaux professionnels et aux espaces de gaming compact. Gr\u00e2ce \u00e0 ses connectiques <strong data-start=\"2076\" data-end=\"2091\">HDMI et VGA<\/strong>, il est compatible avec la majorit\u00e9 des PC, consoles et laptops.<\/p>\n<p data-start=\"2158\" data-end=\"2329\">Avec son excellent rapport qualit\u00e9\/prix, le <strong data-start=\"2202\" data-end=\"2217\">AOC 24B15H2<\/strong> est un choix s\u00fbr pour toute personne cherchant un \u00e9cran fiable, polyvalent et agr\u00e9able \u00e0 utiliser au quotidien.<\/p>\n","protected":false},"excerpt":{"rendered":"<p>Le <strong data-start=\"358\" data-end=\"373\">AOC 24B15H2<\/strong> est un \u00e9cran <strong data-start=\"387\" data-end=\"420\">23.8 pouces IPS Full HD 1080p<\/strong>, offrant une excellente qualit\u00e9 d\u2019image, des couleurs pr\u00e9cises et un angle de vue large. Gr\u00e2ce \u00e0 son <strong data-start=\"522\" data-end=\"548\">rafra\u00eechissement 100Hz<\/strong>, il garantit une exp\u00e9rience fluide pour le travail, les \u00e9tudes et le gaming occasionnel. Un moniteur fiable, \u00e9l\u00e9gant et id\u00e9al pour un setup moderne.<\/p>\n<h2 data-start=\"704\" data-end=\"742\"><strong data-start=\"707\" data-end=\"740\">Caract\u00e9ristiques Techniques :<\/strong><\/h2>\n<ul data-start=\"743\" data-end=\"1156\">\n<li data-start=\"743\" data-end=\"775\">\n<p data-start=\"745\" data-end=\"775\"><strong data-start=\"745\" data-end=\"757\">Taille :<\/strong> 23.8&#8243; (60.4 cm)<\/p>\n<\/li>\n<li data-start=\"776\" data-end=\"814\">\n<p data-start=\"778\" data-end=\"814\"><strong data-start=\"778\" data-end=\"794\">R\u00e9solution :<\/strong> Full HD 1920\u00d71080<\/p>\n<\/li>\n<li data-start=\"815\" data-end=\"834\">\n<p data-start=\"817\" data-end=\"834\"><strong data-start=\"817\" data-end=\"828\">Dalle :<\/strong> IPS<\/p>\n<\/li>\n<li data-start=\"835\" data-end=\"860\">\n<p data-start=\"837\" data-end=\"860\"><strong data-start=\"837\" data-end=\"852\">Fr\u00e9quence :<\/strong> 100Hz<\/p>\n<\/li>\n<li data-start=\"861\" data-end=\"895\">\n<p data-start=\"863\" data-end=\"895\"><strong data-start=\"863\" data-end=\"885\">Temps de r\u00e9ponse :<\/strong> 4ms\u20135ms<\/p>\n<\/li>\n<li data-start=\"896\" data-end=\"935\">\n<p data-start=\"898\" data-end=\"935\"><strong data-start=\"898\" data-end=\"914\">Luminosit\u00e9 :<\/strong> 250 nits (typique)<\/p>\n<\/li>\n<li data-start=\"936\" data-end=\"962\">\n<p data-start=\"938\" data-end=\"962\"><strong data-start=\"938\" data-end=\"953\">Contraste :<\/strong> 1000:1<\/p>\n<\/li>\n<li data-start=\"963\" data-end=\"1006\">\n<p data-start=\"965\" data-end=\"985\"><strong data-start=\"965\" data-end=\"983\">Connectiques :<\/strong><\/p>\n<ul data-start=\"988\" data-end=\"1006\">\n<li data-start=\"988\" data-end=\"996\">\n<p data-start=\"990\" data-end=\"996\">HDMI<\/p>\n<\/li>\n<li data-start=\"999\" data-end=\"1006\">\n<p data-start=\"1001\" data-end=\"1006\">VGA<\/p>\n<\/li>\n<\/ul>\n<\/li>\n<li data-start=\"1007\" data-end=\"1045\">\n<p data-start=\"1009\" data-end=\"1045\"><strong data-start=\"1009\" data-end=\"1031\">Angles de vision :<\/strong> 178\u00b0 \/ 178\u00b0<\/p>\n<\/li>\n<li data-start=\"1046\" data-end=\"1088\">\n<p data-start=\"1048\" data-end=\"1088\"><strong data-start=\"1048\" data-end=\"1060\">Design :<\/strong> Bords fins \u2013 Look moderne<\/p>\n<\/li>\n<li data-start=\"1089\" data-end=\"1156\">\n<p data-start=\"1091\" data-end=\"1156\"><strong data-start=\"1091\" data-end=\"1108\">Utilisation :<\/strong> Bureautique, multim\u00e9dia, gaming l\u00e9ger, \u00e9tudes<\/p>\n<\/li>\n<\/ul>\n","protected":false},"featured_media":1019113,"template":"","meta":{"_acf_changed":false},"pwb-brand":[],"product_brand":[],"product_cat":[58],"product_tag":[],"pcb_component_type":[],"class_list":{"0":"post-19110","1":"product","2":"type-product","3":"status-publish","4":"has-post-thumbnail","6":"product_cat-ecrans-et-moniteurs-pc","8":"first","9":"outofstock","10":"shipping-taxable","11":"product-type-simple"},"translation":{"provider":"WPGlobus","version":"3.0.2","language":"ru","enabled_languages":["en","es","de","fr","ru"],"languages":{"en":{"title":true,"content":true,"excerpt":true},"es":{"title":false,"content":false,"excerpt":false},"de":{"title":false,"content":false,"excerpt":false},"fr":{"title":false,"content":false,"excerpt":false},"ru":{"title":false,"content":false,"excerpt":false}}},"acf":[],"yoast_head":"<!-- This site is optimized with the Yoast SEO plugin v27.2 - https:\/\/yoast.com\/product\/yoast-seo-wordpress\/ -->\n<title>AOC 24B15H2 23.8 IPS 100Hz FHD pour des Couleurs Pr\u00e9cises - Osaka<\/title>\n<meta name=\"robots\" content=\"index, follow, max-snippet:-1, max-image-preview:large, max-video-preview:-1\" \/>\n<link rel=\"canonical\" href=\"https:\/\/osaka.ma\/product\/aoc-24b15h2-23-8-ips-fhd-1080p-100hz\/\" \/>\n<meta property=\"og:locale\" content=\"ru_RU\" \/>\n<meta property=\"og:type\" content=\"article\" \/>\n<meta property=\"og:title\" content=\"AOC 24B15H2 \u2013 23.8&quot; IPS | FHD 1080p | 100Hz - Osaka\" \/>\n<meta property=\"og:url\" content=\"https:\/\/osaka.ma\/product\/aoc-24b15h2-23-8-ips-fhd-1080p-100hz\/\" \/>\n<meta property=\"og:site_name\" content=\"Osaka\" \/>\n<meta property=\"article:modified_time\" content=\"2025-12-23T17:28:48+00:00\" \/>\n<meta property=\"og:image\" content=\"https:\/\/osaka.ma\/wp-content\/uploads\/2025\/11\/AOC-24B15H2-23.8-IPS-100Hz-FHD.jpeg\" \/>\n\t<meta property=\"og:image:width\" content=\"800\" \/>\n\t<meta property=\"og:image:height\" content=\"800\" \/>\n\t<meta property=\"og:image:type\" content=\"image\/jpeg\" \/>\n<meta name=\"twitter:card\" content=\"summary_large_image\" \/>\n<meta name=\"twitter:label1\" content=\"Est. reading time\" \/>\n\t<meta name=\"twitter:data1\" content=\"3 minutes\" \/>\n<script type=\"application\/ld+json\" class=\"yoast-schema-graph\">{\"@context\":\"https:\/\/schema.org\",\"@graph\":[{\"@type\":\"WebPage\",\"@id\":\"https:\/\/osaka.ma\/product\/aoc-24b15h2-23-8-ips-fhd-1080p-100hz\/\",\"url\":\"https:\/\/osaka.ma\/product\/aoc-24b15h2-23-8-ips-fhd-1080p-100hz\/\",\"name\":\"AOC 24B15H2 23.8 IPS 100Hz FHD pour des Couleurs Pr\u00e9cises - Osaka\",\"isPartOf\":{\"@id\":\"https:\/\/osaka.ma\/#website\"},\"primaryImageOfPage\":{\"@id\":\"https:\/\/osaka.ma\/product\/aoc-24b15h2-23-8-ips-fhd-1080p-100hz\/#primaryimage\"},\"image\":{\"@id\":\"https:\/\/osaka.ma\/product\/aoc-24b15h2-23-8-ips-fhd-1080p-100hz\/#primaryimage\"},\"thumbnailUrl\":\"https:\/\/osaka.ma\/wp-content\/uploads\/2025\/11\/AOC-24B15H2-23.8-IPS-100Hz-FHD.jpeg\",\"datePublished\":\"2025-11-17T15:13:17+00:00\",\"dateModified\":\"2025-12-23T17:28:48+00:00\",\"description\":\"D\u00e9couvrez le AOC 24B15H2 23.8 IPS 100Hz FHD pour une exp\u00e9rience visuelle incroyable. Parfait pour travailler, jouer et regarder des films !\",\"breadcrumb\":{\"@id\":\"https:\/\/osaka.ma\/product\/aoc-24b15h2-23-8-ips-fhd-1080p-100hz\/#breadcrumb\"},\"inLanguage\":\"ru-RU\",\"potentialAction\":[{\"@type\":\"ReadAction\",\"target\":[\"https:\/\/osaka.ma\/product\/aoc-24b15h2-23-8-ips-fhd-1080p-100hz\/\"]}]},{\"@type\":\"ImageObject\",\"inLanguage\":\"ru-RU\",\"@id\":\"https:\/\/osaka.ma\/product\/aoc-24b15h2-23-8-ips-fhd-1080p-100hz\/#primaryimage\",\"url\":\"https:\/\/osaka.ma\/wp-content\/uploads\/2025\/11\/AOC-24B15H2-23.8-IPS-100Hz-FHD.jpeg\",\"contentUrl\":\"https:\/\/osaka.ma\/wp-content\/uploads\/2025\/11\/AOC-24B15H2-23.8-IPS-100Hz-FHD.jpeg\",\"width\":800,\"height\":800,\"caption\":\"AOC 24B15H2 23.8 IPS 100Hz FHD\"},{\"@type\":\"BreadcrumbList\",\"@id\":\"https:\/\/osaka.ma\/product\/aoc-24b15h2-23-8-ips-fhd-1080p-100hz\/#breadcrumb\",\"itemListElement\":[{\"@type\":\"ListItem\",\"position\":1,\"name\":\"Home\",\"item\":\"https:\/\/osaka.ma\/\"},{\"@type\":\"ListItem\",\"position\":2,\"name\":\"Shop\",\"item\":\"https:\/\/osaka.ma\/shop-2\/\"},{\"@type\":\"ListItem\",\"position\":3,\"name\":\"AOC 24B15H2 \u2013 23.8&#8243; IPS | FHD 1080p | 100Hz\"}]},{\"@type\":\"WebSite\",\"@id\":\"https:\/\/osaka.ma\/#website\",\"url\":\"https:\/\/osaka.ma\/\",\"name\":\"Osaka\",\"description\":\"\",\"publisher\":{\"@id\":\"https:\/\/osaka.ma\/#organization\"},\"potentialAction\":[{\"@type\":\"SearchAction\",\"target\":{\"@type\":\"EntryPoint\",\"urlTemplate\":\"https:\/\/osaka.ma\/?s={search_term_string}\"},\"query-input\":{\"@type\":\"PropertyValueSpecification\",\"valueRequired\":true,\"valueName\":\"search_term_string\"}}],\"inLanguage\":\"ru-RU\"},{\"@type\":\"Organization\",\"@id\":\"https:\/\/osaka.ma\/#organization\",\"name\":\"Osaka\",\"url\":\"https:\/\/osaka.ma\/\",\"logo\":{\"@type\":\"ImageObject\",\"inLanguage\":\"ru-RU\",\"@id\":\"https:\/\/osaka.ma\/#\/schema\/logo\/image\/\",\"url\":\"https:\/\/osaka.ma\/wp-content\/uploads\/2026\/01\/model-slogan-logo-2Plan-de-travail-1dksl-plus-finnn.png\",\"contentUrl\":\"https:\/\/osaka.ma\/wp-content\/uploads\/2026\/01\/model-slogan-logo-2Plan-de-travail-1dksl-plus-finnn.png\",\"width\":842,\"height\":226,\"caption\":\"Osaka\"},\"image\":{\"@id\":\"https:\/\/osaka.ma\/#\/schema\/logo\/image\/\"}}]}<\/script>\n<!-- \/ Yoast SEO plugin. -->","yoast_head_json":{"title":"AOC 24B15H2 23.8 IPS 100Hz FHD pour des Couleurs Pr\u00e9cises - Osaka","robots":{"index":"index","follow":"follow","max-snippet":"max-snippet:-1","max-image-preview":"max-image-preview:large","max-video-preview":"max-video-preview:-1"},"canonical":"https:\/\/osaka.ma\/product\/aoc-24b15h2-23-8-ips-fhd-1080p-100hz\/","og_locale":"ru_RU","og_type":"article","og_title":"AOC 24B15H2 \u2013 23.8\" IPS | FHD 1080p | 100Hz - Osaka","og_url":"https:\/\/osaka.ma\/product\/aoc-24b15h2-23-8-ips-fhd-1080p-100hz\/","og_site_name":"Osaka","article_modified_time":"2025-12-23T17:28:48+00:00","og_image":[{"width":800,"height":800,"url":"https:\/\/osaka.ma\/wp-content\/uploads\/2025\/11\/AOC-24B15H2-23.8-IPS-100Hz-FHD.jpeg","type":"image\/jpeg"}],"twitter_card":"summary_large_image","twitter_misc":{"Est. reading time":"3 minutes"},"schema":{"@context":"https:\/\/schema.org","@graph":[{"@type":"WebPage","@id":"https:\/\/osaka.ma\/product\/aoc-24b15h2-23-8-ips-fhd-1080p-100hz\/","url":"https:\/\/osaka.ma\/product\/aoc-24b15h2-23-8-ips-fhd-1080p-100hz\/","name":"AOC 24B15H2 23.8 IPS 100Hz FHD pour des Couleurs Pr\u00e9cises - Osaka","isPartOf":{"@id":"https:\/\/osaka.ma\/#website"},"primaryImageOfPage":{"@id":"https:\/\/osaka.ma\/product\/aoc-24b15h2-23-8-ips-fhd-1080p-100hz\/#primaryimage"},"image":{"@id":"https:\/\/osaka.ma\/product\/aoc-24b15h2-23-8-ips-fhd-1080p-100hz\/#primaryimage"},"thumbnailUrl":"https:\/\/osaka.ma\/wp-content\/uploads\/2025\/11\/AOC-24B15H2-23.8-IPS-100Hz-FHD.jpeg","datePublished":"2025-11-17T15:13:17+00:00","dateModified":"2025-12-23T17:28:48+00:00","description":"D\u00e9couvrez le AOC 24B15H2 23.8 IPS 100Hz FHD pour une exp\u00e9rience visuelle incroyable. Parfait pour travailler, jouer et regarder des films !","breadcrumb":{"@id":"https:\/\/osaka.ma\/product\/aoc-24b15h2-23-8-ips-fhd-1080p-100hz\/#breadcrumb"},"inLanguage":"ru-RU","potentialAction":[{"@type":"ReadAction","target":["https:\/\/osaka.ma\/product\/aoc-24b15h2-23-8-ips-fhd-1080p-100hz\/"]}]},{"@type":"ImageObject","inLanguage":"ru-RU","@id":"https:\/\/osaka.ma\/product\/aoc-24b15h2-23-8-ips-fhd-1080p-100hz\/#primaryimage","url":"https:\/\/osaka.ma\/wp-content\/uploads\/2025\/11\/AOC-24B15H2-23.8-IPS-100Hz-FHD.jpeg","contentUrl":"https:\/\/osaka.ma\/wp-content\/uploads\/2025\/11\/AOC-24B15H2-23.8-IPS-100Hz-FHD.jpeg","width":800,"height":800,"caption":"AOC 24B15H2 23.8 IPS 100Hz FHD"},{"@type":"BreadcrumbList","@id":"https:\/\/osaka.ma\/product\/aoc-24b15h2-23-8-ips-fhd-1080p-100hz\/#breadcrumb","itemListElement":[{"@type":"ListItem","position":1,"name":"Home","item":"https:\/\/osaka.ma\/"},{"@type":"ListItem","position":2,"name":"Shop","item":"https:\/\/osaka.ma\/shop-2\/"},{"@type":"ListItem","position":3,"name":"AOC 24B15H2 \u2013 23.8&#8243; IPS | FHD 1080p | 100Hz"}]},{"@type":"WebSite","@id":"https:\/\/osaka.ma\/#website","url":"https:\/\/osaka.ma\/","name":"Osaka","description":"","publisher":{"@id":"https:\/\/osaka.ma\/#organization"},"potentialAction":[{"@type":"SearchAction","target":{"@type":"EntryPoint","urlTemplate":"https:\/\/osaka.ma\/?s={search_term_string}"},"query-input":{"@type":"PropertyValueSpecification","valueRequired":true,"valueName":"search_term_string"}}],"inLanguage":"ru-RU"},{"@type":"Organization","@id":"https:\/\/osaka.ma\/#organization","name":"Osaka","url":"https:\/\/osaka.ma\/","logo":{"@type":"ImageObject","inLanguage":"ru-RU","@id":"https:\/\/osaka.ma\/#\/schema\/logo\/image\/","url":"https:\/\/osaka.ma\/wp-content\/uploads\/2026\/01\/model-slogan-logo-2Plan-de-travail-1dksl-plus-finnn.png","contentUrl":"https:\/\/osaka.ma\/wp-content\/uploads\/2026\/01\/model-slogan-logo-2Plan-de-travail-1dksl-plus-finnn.png","width":842,"height":226,"caption":"Osaka"},"image":{"@id":"https:\/\/osaka.ma\/#\/schema\/logo\/image\/"}}]}},"jetpack_sharing_enabled":true,"brands":[],"_links":{"self":[{"href":"https:\/\/osaka.ma\/ru\/wp-json\/wp\/v2\/product\/19110","targetHints":{"allow":["GET"]}}],"collection":[{"href":"https:\/\/osaka.ma\/ru\/wp-json\/wp\/v2\/product"}],"about":[{"href":"https:\/\/osaka.ma\/ru\/wp-json\/wp\/v2\/types\/product"}],"version-history":[{"count":0,"href":"https:\/\/osaka.ma\/ru\/wp-json\/wp\/v2\/product\/19110\/revisions"}],"wp:featuredmedia":[{"embeddable":true,"href":"https:\/\/osaka.ma\/ru\/wp-json\/wp\/v2\/media\/1019113"}],"wp:attachment":[{"href":"https:\/\/osaka.ma\/ru\/wp-json\/wp\/v2\/media?parent=19110"}],"wp:term":[{"taxonomy":"pwb-brand","embeddable":true,"href":"https:\/\/osaka.ma\/ru\/wp-json\/wp\/v2\/pwb-brand?post=19110"},{"taxonomy":"product_brand","embeddable":true,"href":"https:\/\/osaka.ma\/ru\/wp-json\/wp\/v2\/product_brand?post=19110"},{"taxonomy":"product_cat","embeddable":true,"href":"https:\/\/osaka.ma\/ru\/wp-json\/wp\/v2\/product_cat?post=19110"},{"taxonomy":"product_tag","embeddable":true,"href":"https:\/\/osaka.ma\/ru\/wp-json\/wp\/v2\/product_tag?post=19110"},{"taxonomy":"pcb_component_type","embeddable":true,"href":"https:\/\/osaka.ma\/ru\/wp-json\/wp\/v2\/pcb_component_type?post=19110"}],"curies":[{"name":"wp","href":"https:\/\/api.w.org\/{rel}","templated":true}]}}