{"id":19452,"date":"2025-11-27T15:36:23","date_gmt":"2025-11-27T14:36:23","guid":{"rendered":"https:\/\/osaka.ma\/?post_type=product&#038;p=19452"},"modified":"2025-12-27T18:40:09","modified_gmt":"2025-12-27T17:40:09","slug":"amd-ryzen-7-5800x","status":"publish","type":"product","link":"https:\/\/osaka.ma\/ru\/product\/amd-ryzen-7-5800x\/","title":{"rendered":"AMD Ryzen 7 5800X"},"content":{"rendered":"<p data-start=\"1351\" data-end=\"1618\"><img decoding=\"async\" class=\"aligncenter\" src=\"https:\/\/media.ldlc.com\/v3\/marque\/bo\/00\/01\/69\/31\/V30001693127_2.gif\" alt=\"AMD\" \/><\/p>\n<p data-start=\"1351\" data-end=\"1618\">Le Ryzen 7 5800X offre une puissance remarquable pour les joueurs et les cr\u00e9ateurs cherchant un processeur rapide et efficace. De plus, son architecture <strong data-start=\"1504\" data-end=\"1513\">Zen 3<\/strong> permet des performances \u00e9lev\u00e9es dans les jeux modernes, ce qui am\u00e9liore clairement l\u2019exp\u00e9rience globale.<\/p>\n<p data-start=\"1351\" data-end=\"1618\"><img decoding=\"async\" src=\"https:\/\/media.ldlc.com\/bo\/images\/fiches\/Processeur\/AMD\/vermeer\/amd_ryzen_0001.jpg\" \/><\/p>\n<p data-start=\"1620\" data-end=\"1921\">Avec <strong data-start=\"1625\" data-end=\"1650\">8 c\u0153urs et 16 threads<\/strong>, il assure une ex\u00e9cution fluide dans le multit\u00e2che. Ensuite, sa fr\u00e9quence boost atteignant <strong data-start=\"1742\" data-end=\"1753\">4.7 GHz<\/strong> garantit une excellente r\u00e9activit\u00e9 dans les logiciels exigeants et les jeux AAA. Ainsi, il devient un choix id\u00e9al pour ceux souhaitant combiner gaming et productivit\u00e9.<\/p>\n<p data-start=\"1620\" data-end=\"1921\"><img decoding=\"async\" src=\"https:\/\/media.ldlc.com\/bo\/images\/fiches\/Processeur\/AMD\/vermeer\/amd_zen3.jpg\" \/><\/p>\n<p data-start=\"1923\" data-end=\"2204\">Le socket <strong data-start=\"1933\" data-end=\"1940\">AM4<\/strong> assure une compatibilit\u00e9 large. Par ailleurs, il fonctionne avec les chipsets populaires comme B550 et X570, ce qui simplifie la mise \u00e0 niveau de nombreux PC. Toutefois, une carte m\u00e8re mise \u00e0 jour reste parfois n\u00e9cessaire pour garantir une compatibilit\u00e9 optimale.<\/p>\n<p data-start=\"2206\" data-end=\"2492\">En applications cr\u00e9atives, il excelle dans le montage vid\u00e9o, le streaming et la 3D l\u00e9g\u00e8re. Ensuite, son cache de <strong data-start=\"2319\" data-end=\"2327\">36MB<\/strong> am\u00e9liore la vitesse d\u2019ex\u00e9cution dans les t\u00e2ches lourdes. Compar\u00e9 au Ryzen 7 3700X, il offre un gain notable en FPS et en rapidit\u00e9 dans les logiciels professionnels.<\/p>\n<p data-start=\"2206\" data-end=\"2492\"><img decoding=\"async\" src=\"https:\/\/media.ldlc.com\/bo\/images\/fiches\/Processeur\/AMD\/vermeer\/amd_ryzen_master.jpg\" \/><\/p>\n<p data-start=\"2494\" data-end=\"2699\">Finalement, le Ryzen 7 5800X reste l\u2019un des meilleurs choix pour un PC AM4 hautes performances. Sa combinaison de puissance, efficacit\u00e9 et polyvalence en fait un processeur durable pour gaming et cr\u00e9ation.<\/p>\n","protected":false},"excerpt":{"rendered":"<p data-start=\"851\" data-end=\"997\">Le Ryzen 7 5800X offre d\u2019excellentes performances gr\u00e2ce \u00e0 ses 8 c\u0153urs Zen 3, tout en assurant une grande efficacit\u00e9 dans le gaming et la cr\u00e9ation.<\/p>\n<hr data-start=\"999\" data-end=\"1002\" \/>\n<h3 data-start=\"1004\" data-end=\"1039\"><strong data-start=\"1006\" data-end=\"1037\">Caract\u00e9ristiques Techniques<\/strong><\/h3>\n<p data-start=\"1040\" data-end=\"1268\">Architecture : Zen 3<br data-start=\"1060\" data-end=\"1063\" \/>C\u0153urs : 8 Cores<br data-start=\"1078\" data-end=\"1081\" \/>Threads : 16 Threads<br data-start=\"1101\" data-end=\"1104\" \/>Fr\u00e9quence Base : 3.8 GHz<br data-start=\"1128\" data-end=\"1131\" \/>Fr\u00e9quence Boost : 4.7 GHz<br data-start=\"1156\" data-end=\"1159\" \/>Cache : 36MB (L2+L3)<br data-start=\"1179\" data-end=\"1182\" \/>Socket : AM4<br data-start=\"1194\" data-end=\"1197\" \/>TDP : 105W<br data-start=\"1207\" data-end=\"1210\" \/>Chipsets compatibles : B450, B550, X470, X570<br data-start=\"1255\" data-end=\"1258\" \/>\u00c9tat : NEW<\/p>\n","protected":false},"featured_media":1019453,"template":"","meta":{"_acf_changed":false},"pwb-brand":[],"product_brand":[],"product_cat":[69,17,66],"product_tag":[],"pcb_component_type":[],"class_list":{"0":"post-19452","1":"product","2":"type-product","3":"status-publish","4":"has-post-thumbnail","6":"product_cat-amd","7":"product_cat-composants-gaming","8":"product_cat-processeurs","10":"first","11":"outofstock","12":"shipping-taxable","13":"product-type-simple"},"translation":{"provider":"WPGlobus","version":"3.0.2","language":"ru","enabled_languages":["en","es","de","fr","ru"],"languages":{"en":{"title":true,"content":true,"excerpt":true},"es":{"title":false,"content":false,"excerpt":false},"de":{"title":false,"content":false,"excerpt":false},"fr":{"title":false,"content":false,"excerpt":false},"ru":{"title":false,"content":false,"excerpt":false}}},"acf":[],"yoast_head":"<!-- This site is optimized with the Yoast SEO plugin v27.2 - https:\/\/yoast.com\/product\/yoast-seo-wordpress\/ -->\n<title>Ryzen 7 5800X \u2013 Processeur 8 Cores Gaming Prix Maroc - Osaka<\/title>\n<meta name=\"robots\" content=\"index, follow, max-snippet:-1, max-image-preview:large, max-video-preview:-1\" \/>\n<link rel=\"canonical\" href=\"https:\/\/osaka.ma\/product\/amd-ryzen-7-5800x\/\" \/>\n<meta property=\"og:locale\" content=\"ru_RU\" \/>\n<meta property=\"og:type\" content=\"article\" \/>\n<meta property=\"og:title\" content=\"AMD Ryzen 7 5800X - Osaka\" \/>\n<meta property=\"og:url\" content=\"https:\/\/osaka.ma\/product\/amd-ryzen-7-5800x\/\" \/>\n<meta property=\"og:site_name\" content=\"Osaka\" \/>\n<meta property=\"article:modified_time\" content=\"2025-12-27T17:40:09+00:00\" \/>\n<meta property=\"og:image\" content=\"https:\/\/osaka.ma\/wp-content\/uploads\/2025\/11\/Ryzen-7-5800X-\u2013-Processeur-8-Cores-Gaming-Prix-Maroc.webp\" \/>\n\t<meta property=\"og:image:width\" content=\"1200\" \/>\n\t<meta property=\"og:image:height\" content=\"1200\" \/>\n\t<meta property=\"og:image:type\" content=\"image\/webp\" \/>\n<meta name=\"twitter:card\" content=\"summary_large_image\" \/>\n<meta name=\"twitter:label1\" content=\"Est. reading time\" \/>\n\t<meta name=\"twitter:data1\" content=\"3 minutes\" \/>\n<script type=\"application\/ld+json\" class=\"yoast-schema-graph\">{\"@context\":\"https:\/\/schema.org\",\"@graph\":[{\"@type\":\"WebPage\",\"@id\":\"https:\/\/osaka.ma\/product\/amd-ryzen-7-5800x\/\",\"url\":\"https:\/\/osaka.ma\/product\/amd-ryzen-7-5800x\/\",\"name\":\"Ryzen 7 5800X \u2013 Processeur 8 Cores Gaming Prix Maroc - Osaka\",\"isPartOf\":{\"@id\":\"https:\/\/osaka.ma\/#website\"},\"primaryImageOfPage\":{\"@id\":\"https:\/\/osaka.ma\/product\/amd-ryzen-7-5800x\/#primaryimage\"},\"image\":{\"@id\":\"https:\/\/osaka.ma\/product\/amd-ryzen-7-5800x\/#primaryimage\"},\"thumbnailUrl\":\"https:\/\/osaka.ma\/wp-content\/uploads\/2025\/11\/Ryzen-7-5800X-\u2013-Processeur-8-Cores-Gaming-Prix-Maroc.webp\",\"datePublished\":\"2025-11-27T14:36:23+00:00\",\"dateModified\":\"2025-12-27T17:40:09+00:00\",\"description\":\"D\u00e9couvrez la puissance du Ryzen 7 5800X \u2013 Processeur 8 Cores Gaming Prix Maroc. Am\u00e9liorez vos performances de jeu d\u00e8s aujourd'hui !\",\"breadcrumb\":{\"@id\":\"https:\/\/osaka.ma\/product\/amd-ryzen-7-5800x\/#breadcrumb\"},\"inLanguage\":\"ru-RU\",\"potentialAction\":[{\"@type\":\"ReadAction\",\"target\":[\"https:\/\/osaka.ma\/product\/amd-ryzen-7-5800x\/\"]}]},{\"@type\":\"ImageObject\",\"inLanguage\":\"ru-RU\",\"@id\":\"https:\/\/osaka.ma\/product\/amd-ryzen-7-5800x\/#primaryimage\",\"url\":\"https:\/\/osaka.ma\/wp-content\/uploads\/2025\/11\/Ryzen-7-5800X-\u2013-Processeur-8-Cores-Gaming-Prix-Maroc.webp\",\"contentUrl\":\"https:\/\/osaka.ma\/wp-content\/uploads\/2025\/11\/Ryzen-7-5800X-\u2013-Processeur-8-Cores-Gaming-Prix-Maroc.webp\",\"width\":1200,\"height\":1200,\"caption\":\"Ryzen 7 5800X \u2013 Processeur 8 Cores Gaming Prix Maroc\"},{\"@type\":\"BreadcrumbList\",\"@id\":\"https:\/\/osaka.ma\/product\/amd-ryzen-7-5800x\/#breadcrumb\",\"itemListElement\":[{\"@type\":\"ListItem\",\"position\":1,\"name\":\"Home\",\"item\":\"https:\/\/osaka.ma\/\"},{\"@type\":\"ListItem\",\"position\":2,\"name\":\"Shop\",\"item\":\"https:\/\/osaka.ma\/shop-2\/\"},{\"@type\":\"ListItem\",\"position\":3,\"name\":\"AMD Ryzen 7 5800X\"}]},{\"@type\":\"WebSite\",\"@id\":\"https:\/\/osaka.ma\/#website\",\"url\":\"https:\/\/osaka.ma\/\",\"name\":\"Osaka\",\"description\":\"\",\"publisher\":{\"@id\":\"https:\/\/osaka.ma\/#organization\"},\"potentialAction\":[{\"@type\":\"SearchAction\",\"target\":{\"@type\":\"EntryPoint\",\"urlTemplate\":\"https:\/\/osaka.ma\/?s={search_term_string}\"},\"query-input\":{\"@type\":\"PropertyValueSpecification\",\"valueRequired\":true,\"valueName\":\"search_term_string\"}}],\"inLanguage\":\"ru-RU\"},{\"@type\":\"Organization\",\"@id\":\"https:\/\/osaka.ma\/#organization\",\"name\":\"Osaka\",\"url\":\"https:\/\/osaka.ma\/\",\"logo\":{\"@type\":\"ImageObject\",\"inLanguage\":\"ru-RU\",\"@id\":\"https:\/\/osaka.ma\/#\/schema\/logo\/image\/\",\"url\":\"https:\/\/osaka.ma\/wp-content\/uploads\/2026\/01\/model-slogan-logo-2Plan-de-travail-1dksl-plus-finnn.png\",\"contentUrl\":\"https:\/\/osaka.ma\/wp-content\/uploads\/2026\/01\/model-slogan-logo-2Plan-de-travail-1dksl-plus-finnn.png\",\"width\":842,\"height\":226,\"caption\":\"Osaka\"},\"image\":{\"@id\":\"https:\/\/osaka.ma\/#\/schema\/logo\/image\/\"}}]}<\/script>\n<!-- \/ Yoast SEO plugin. -->","yoast_head_json":{"title":"Ryzen 7 5800X \u2013 Processeur 8 Cores Gaming Prix Maroc - Osaka","robots":{"index":"index","follow":"follow","max-snippet":"max-snippet:-1","max-image-preview":"max-image-preview:large","max-video-preview":"max-video-preview:-1"},"canonical":"https:\/\/osaka.ma\/product\/amd-ryzen-7-5800x\/","og_locale":"ru_RU","og_type":"article","og_title":"AMD Ryzen 7 5800X - Osaka","og_url":"https:\/\/osaka.ma\/product\/amd-ryzen-7-5800x\/","og_site_name":"Osaka","article_modified_time":"2025-12-27T17:40:09+00:00","og_image":[{"width":1200,"height":1200,"url":"https:\/\/osaka.ma\/wp-content\/uploads\/2025\/11\/Ryzen-7-5800X-\u2013-Processeur-8-Cores-Gaming-Prix-Maroc.webp","type":"image\/webp"}],"twitter_card":"summary_large_image","twitter_misc":{"Est. reading time":"3 minutes"},"schema":{"@context":"https:\/\/schema.org","@graph":[{"@type":"WebPage","@id":"https:\/\/osaka.ma\/product\/amd-ryzen-7-5800x\/","url":"https:\/\/osaka.ma\/product\/amd-ryzen-7-5800x\/","name":"Ryzen 7 5800X \u2013 Processeur 8 Cores Gaming Prix Maroc - Osaka","isPartOf":{"@id":"https:\/\/osaka.ma\/#website"},"primaryImageOfPage":{"@id":"https:\/\/osaka.ma\/product\/amd-ryzen-7-5800x\/#primaryimage"},"image":{"@id":"https:\/\/osaka.ma\/product\/amd-ryzen-7-5800x\/#primaryimage"},"thumbnailUrl":"https:\/\/osaka.ma\/wp-content\/uploads\/2025\/11\/Ryzen-7-5800X-\u2013-Processeur-8-Cores-Gaming-Prix-Maroc.webp","datePublished":"2025-11-27T14:36:23+00:00","dateModified":"2025-12-27T17:40:09+00:00","description":"D\u00e9couvrez la puissance du Ryzen 7 5800X \u2013 Processeur 8 Cores Gaming Prix Maroc. Am\u00e9liorez vos performances de jeu d\u00e8s aujourd'hui !","breadcrumb":{"@id":"https:\/\/osaka.ma\/product\/amd-ryzen-7-5800x\/#breadcrumb"},"inLanguage":"ru-RU","potentialAction":[{"@type":"ReadAction","target":["https:\/\/osaka.ma\/product\/amd-ryzen-7-5800x\/"]}]},{"@type":"ImageObject","inLanguage":"ru-RU","@id":"https:\/\/osaka.ma\/product\/amd-ryzen-7-5800x\/#primaryimage","url":"https:\/\/osaka.ma\/wp-content\/uploads\/2025\/11\/Ryzen-7-5800X-\u2013-Processeur-8-Cores-Gaming-Prix-Maroc.webp","contentUrl":"https:\/\/osaka.ma\/wp-content\/uploads\/2025\/11\/Ryzen-7-5800X-\u2013-Processeur-8-Cores-Gaming-Prix-Maroc.webp","width":1200,"height":1200,"caption":"Ryzen 7 5800X \u2013 Processeur 8 Cores Gaming Prix Maroc"},{"@type":"BreadcrumbList","@id":"https:\/\/osaka.ma\/product\/amd-ryzen-7-5800x\/#breadcrumb","itemListElement":[{"@type":"ListItem","position":1,"name":"Home","item":"https:\/\/osaka.ma\/"},{"@type":"ListItem","position":2,"name":"Shop","item":"https:\/\/osaka.ma\/shop-2\/"},{"@type":"ListItem","position":3,"name":"AMD Ryzen 7 5800X"}]},{"@type":"WebSite","@id":"https:\/\/osaka.ma\/#website","url":"https:\/\/osaka.ma\/","name":"Osaka","description":"","publisher":{"@id":"https:\/\/osaka.ma\/#organization"},"potentialAction":[{"@type":"SearchAction","target":{"@type":"EntryPoint","urlTemplate":"https:\/\/osaka.ma\/?s={search_term_string}"},"query-input":{"@type":"PropertyValueSpecification","valueRequired":true,"valueName":"search_term_string"}}],"inLanguage":"ru-RU"},{"@type":"Organization","@id":"https:\/\/osaka.ma\/#organization","name":"Osaka","url":"https:\/\/osaka.ma\/","logo":{"@type":"ImageObject","inLanguage":"ru-RU","@id":"https:\/\/osaka.ma\/#\/schema\/logo\/image\/","url":"https:\/\/osaka.ma\/wp-content\/uploads\/2026\/01\/model-slogan-logo-2Plan-de-travail-1dksl-plus-finnn.png","contentUrl":"https:\/\/osaka.ma\/wp-content\/uploads\/2026\/01\/model-slogan-logo-2Plan-de-travail-1dksl-plus-finnn.png","width":842,"height":226,"caption":"Osaka"},"image":{"@id":"https:\/\/osaka.ma\/#\/schema\/logo\/image\/"}}]}},"jetpack_sharing_enabled":true,"brands":[],"_links":{"self":[{"href":"https:\/\/osaka.ma\/ru\/wp-json\/wp\/v2\/product\/19452","targetHints":{"allow":["GET"]}}],"collection":[{"href":"https:\/\/osaka.ma\/ru\/wp-json\/wp\/v2\/product"}],"about":[{"href":"https:\/\/osaka.ma\/ru\/wp-json\/wp\/v2\/types\/product"}],"version-history":[{"count":0,"href":"https:\/\/osaka.ma\/ru\/wp-json\/wp\/v2\/product\/19452\/revisions"}],"wp:featuredmedia":[{"embeddable":true,"href":"https:\/\/osaka.ma\/ru\/wp-json\/wp\/v2\/media\/1019453"}],"wp:attachment":[{"href":"https:\/\/osaka.ma\/ru\/wp-json\/wp\/v2\/media?parent=19452"}],"wp:term":[{"taxonomy":"pwb-brand","embeddable":true,"href":"https:\/\/osaka.ma\/ru\/wp-json\/wp\/v2\/pwb-brand?post=19452"},{"taxonomy":"product_brand","embeddable":true,"href":"https:\/\/osaka.ma\/ru\/wp-json\/wp\/v2\/product_brand?post=19452"},{"taxonomy":"product_cat","embeddable":true,"href":"https:\/\/osaka.ma\/ru\/wp-json\/wp\/v2\/product_cat?post=19452"},{"taxonomy":"product_tag","embeddable":true,"href":"https:\/\/osaka.ma\/ru\/wp-json\/wp\/v2\/product_tag?post=19452"},{"taxonomy":"pcb_component_type","embeddable":true,"href":"https:\/\/osaka.ma\/ru\/wp-json\/wp\/v2\/pcb_component_type?post=19452"}],"curies":[{"name":"wp","href":"https:\/\/api.w.org\/{rel}","templated":true}]}}