{"id":19751,"date":"2025-12-11T13:29:09","date_gmt":"2025-12-11T12:29:09","guid":{"rendered":"https:\/\/osaka.ma\/?post_type=product&#038;p=19751"},"modified":"2026-02-18T17:16:26","modified_gmt":"2026-02-18T16:16:26","slug":"asus-prime-b550-plus-am4-ddr4","status":"publish","type":"product","link":"https:\/\/osaka.ma\/ru\/product\/asus-prime-b550-plus-am4-ddr4\/","title":{"rendered":"ASUS Prime B550-PLUS AM4 DDR4"},"content":{"rendered":"<p data-start=\"924\" data-end=\"1243\"><img decoding=\"async\" class=\"\" src=\"https:\/\/techspace.ma\/cdn\/shop\/collections\/asus_280x.png?v=1708347870\" alt=\"Marque Asus\" width=\"221\" height=\"71\" \/><\/p>\n<p data-start=\"924\" data-end=\"1243\">La <strong data-start=\"927\" data-end=\"951\">ASUS Prime B550-PLUS<\/strong> est une carte m\u00e8re polyvalente con\u00e7ue pour offrir stabilit\u00e9 et performances solides aux configurations bas\u00e9es sur les processeurs <strong data-start=\"1082\" data-end=\"1095\">AMD Ryzen<\/strong>. De plus, son chipset <strong data-start=\"1118\" data-end=\"1126\">B550<\/strong> permet de b\u00e9n\u00e9ficier du <strong data-start=\"1151\" data-end=\"1163\">PCIe 4.0<\/strong>, offrant une vitesse accrue pour les SSD NVMe et cartes graphiques compatibles.<\/p>\n<p data-start=\"1245\" data-end=\"1554\">Avec ses <strong data-start=\"1254\" data-end=\"1270\">4 slots DDR4<\/strong> pouvant accueillir jusqu\u2019\u00e0 <strong data-start=\"1298\" data-end=\"1307\">128GB<\/strong>, elle assure une excellente \u00e9volutivit\u00e9 pour le gaming, le multit\u00e2che et les t\u00e2ches professionnelles. Ensuite, ses deux ports <strong data-start=\"1434\" data-end=\"1441\">M.2<\/strong> permettent d\u2019installer des SSD rapides, am\u00e9liorant les temps de chargement et la r\u00e9activit\u00e9 g\u00e9n\u00e9rale du syst\u00e8me.<\/p>\n<p data-start=\"1556\" data-end=\"1836\">Par ailleurs, elle dispose d\u2019une connectique compl\u00e8te incluant HDMI, DisplayPort, USB 3.2 et USB 2.0, assurant une compatibilit\u00e9 maximale avec les p\u00e9riph\u00e9riques modernes. Son format <strong data-start=\"1738\" data-end=\"1745\">ATX<\/strong> offre suffisamment d\u2019espace pour une ventilation optimis\u00e9e et une configuration \u00e9volutive.<\/p>\n<p data-start=\"1838\" data-end=\"2019\">Finalement, la <strong data-start=\"1853\" data-end=\"1877\">ASUS Prime B550-PLUS<\/strong> constitue un excellent choix pour une configuration AMD performante, fiable et durable, adapt\u00e9e autant au gaming qu\u2019\u00e0 un usage professionnel.<\/p>\n","protected":false},"excerpt":{"rendered":"<p data-start=\"184\" data-end=\"361\">La ASUS Prime B550-PLUS est une carte m\u00e8re AM4 fiable, performante et compatible Ryzen, parfaite pour les PC gaming et configurations polyvalentes avec support DDR4 et PCIe 4.0.<\/p>\n<hr data-start=\"363\" data-end=\"366\" \/>\n<h3 data-start=\"368\" data-end=\"403\"><strong data-start=\"372\" data-end=\"403\">Caract\u00e9ristiques Techniques<\/strong><\/h3>\n<div class=\"TyagGW_tableContainer\">\n<div class=\"group TyagGW_tableWrapper flex w-fit flex-col-reverse\" tabindex=\"-1\">\n<table class=\"w-fit min-w-(--thread-content-width)\" data-start=\"405\" data-end=\"889\">\n<thead data-start=\"405\" data-end=\"441\">\n<tr data-start=\"405\" data-end=\"441\">\n<th data-start=\"405\" data-end=\"427\" data-col-size=\"sm\"><strong data-start=\"407\" data-end=\"426\">Caract\u00e9ristique<\/strong><\/th>\n<th data-start=\"427\" data-end=\"441\" data-col-size=\"sm\"><strong data-start=\"429\" data-end=\"439\">D\u00e9tail<\/strong><\/th>\n<\/tr>\n<\/thead>\n<tbody data-start=\"478\" data-end=\"889\">\n<tr data-start=\"478\" data-end=\"499\">\n<td data-start=\"478\" data-end=\"491\" data-col-size=\"sm\"><strong data-start=\"480\" data-end=\"490\">Marque<\/strong><\/td>\n<td data-col-size=\"sm\" data-start=\"491\" data-end=\"499\">ASUS<\/td>\n<\/tr>\n<tr data-start=\"500\" data-end=\"532\">\n<td data-start=\"500\" data-end=\"513\" data-col-size=\"sm\"><strong data-start=\"502\" data-end=\"512\">Mod\u00e8le<\/strong><\/td>\n<td data-col-size=\"sm\" data-start=\"513\" data-end=\"532\">Prime B550-PLUS<\/td>\n<\/tr>\n<tr data-start=\"533\" data-end=\"553\">\n<td data-start=\"533\" data-end=\"546\" data-col-size=\"sm\"><strong data-start=\"535\" data-end=\"545\">Socket<\/strong><\/td>\n<td data-col-size=\"sm\" data-start=\"546\" data-end=\"553\">AM4<\/td>\n<\/tr>\n<tr data-start=\"554\" data-end=\"576\">\n<td data-start=\"554\" data-end=\"568\" data-col-size=\"sm\"><strong data-start=\"556\" data-end=\"567\">Chipset<\/strong><\/td>\n<td data-col-size=\"sm\" data-start=\"568\" data-end=\"576\">B550<\/td>\n<\/tr>\n<tr data-start=\"577\" data-end=\"611\">\n<td data-start=\"577\" data-end=\"591\" data-col-size=\"sm\"><strong data-start=\"579\" data-end=\"590\">M\u00e9moire<\/strong><\/td>\n<td data-col-size=\"sm\" data-start=\"591\" data-end=\"611\">DDR4 (128GB max)<\/td>\n<\/tr>\n<tr data-start=\"612\" data-end=\"639\">\n<td data-start=\"612\" data-end=\"628\" data-col-size=\"sm\"><strong data-start=\"614\" data-end=\"627\">Slots RAM<\/strong><\/td>\n<td data-col-size=\"sm\" data-start=\"628\" data-end=\"639\">4\u00d7 DIMM<\/td>\n<\/tr>\n<tr data-start=\"640\" data-end=\"660\">\n<td data-start=\"640\" data-end=\"653\" data-col-size=\"sm\"><strong data-start=\"642\" data-end=\"652\">Format<\/strong><\/td>\n<td data-col-size=\"sm\" data-start=\"653\" data-end=\"660\">ATX<\/td>\n<\/tr>\n<tr data-start=\"661\" data-end=\"708\">\n<td data-start=\"661\" data-end=\"679\" data-col-size=\"sm\"><strong data-start=\"663\" data-end=\"678\">CPU Support<\/strong><\/td>\n<td data-col-size=\"sm\" data-start=\"679\" data-end=\"708\">Ryzen 3000 \/ 4000G \/ 5000<\/td>\n<\/tr>\n<tr data-start=\"709\" data-end=\"744\">\n<td data-start=\"709\" data-end=\"724\" data-col-size=\"sm\"><strong data-start=\"711\" data-end=\"723\">Stockage<\/strong><\/td>\n<td data-col-size=\"sm\" data-start=\"724\" data-end=\"744\">2\u00d7 M.2 \/ 6\u00d7 SATA<\/td>\n<\/tr>\n<tr data-start=\"745\" data-end=\"774\">\n<td data-start=\"745\" data-end=\"756\" data-col-size=\"sm\"><strong data-start=\"747\" data-end=\"755\">PCIe<\/strong><\/td>\n<td data-start=\"756\" data-end=\"774\" data-col-size=\"sm\">PCIe 4.0 &amp; 3.0<\/td>\n<\/tr>\n<tr data-start=\"775\" data-end=\"803\">\n<td data-start=\"775\" data-end=\"788\" data-col-size=\"sm\"><strong data-start=\"777\" data-end=\"787\">R\u00e9seau<\/strong><\/td>\n<td data-col-size=\"sm\" data-start=\"788\" data-end=\"803\">Gigabit LAN<\/td>\n<\/tr>\n<tr data-start=\"804\" data-end=\"838\">\n<td data-start=\"804\" data-end=\"816\" data-col-size=\"sm\"><strong data-start=\"806\" data-end=\"815\">Vid\u00e9o<\/strong><\/td>\n<td data-col-size=\"sm\" data-start=\"816\" data-end=\"838\">HDMI \/ DisplayPort<\/td>\n<\/tr>\n<tr data-start=\"839\" data-end=\"870\">\n<td data-start=\"839\" data-end=\"849\" data-col-size=\"sm\"><strong data-start=\"841\" data-end=\"848\">USB<\/strong><\/td>\n<td data-start=\"849\" data-end=\"870\" data-col-size=\"sm\">USB 3.2 \/ USB 2.0<\/td>\n<\/tr>\n<tr data-start=\"871\" data-end=\"889\">\n<td data-start=\"871\" data-end=\"882\" data-col-size=\"sm\"><strong data-start=\"873\" data-end=\"881\">\u00c9tat<\/strong><\/td>\n<td data-col-size=\"sm\" data-start=\"882\" data-end=\"889\">NEW<\/td>\n<\/tr>\n<\/tbody>\n<\/table>\n<\/div>\n<\/div>\n","protected":false},"featured_media":1019755,"template":"","meta":{"_acf_changed":false},"pwb-brand":[],"product_brand":[],"product_cat":[84,17],"product_tag":[],"pcb_component_type":[],"class_list":{"0":"post-19751","1":"product","2":"type-product","3":"status-publish","4":"has-post-thumbnail","6":"product_cat-carte-mere","7":"product_cat-composants-gaming","9":"first","10":"outofstock","11":"shipping-taxable","12":"product-type-simple"},"translation":{"provider":"WPGlobus","version":"3.0.2","language":"ru","enabled_languages":["en","es","de","fr","ru"],"languages":{"en":{"title":true,"content":true,"excerpt":true},"es":{"title":false,"content":false,"excerpt":false},"de":{"title":false,"content":false,"excerpt":false},"fr":{"title":false,"content":false,"excerpt":false},"ru":{"title":false,"content":false,"excerpt":false}}},"acf":[],"yoast_head":"<!-- This site is optimized with the Yoast SEO plugin v27.2 - https:\/\/yoast.com\/product\/yoast-seo-wordpress\/ -->\n<title>ASUS Prime B550-PLUS AM4 DDR4 - Osaka<\/title>\n<meta name=\"robots\" content=\"index, follow, max-snippet:-1, max-image-preview:large, max-video-preview:-1\" \/>\n<link rel=\"canonical\" href=\"https:\/\/osaka.ma\/fr\/product\/asus-prime-b550-plus-am4-ddr4\/\" \/>\n<meta property=\"og:locale\" content=\"ru_RU\" \/>\n<meta property=\"og:type\" content=\"article\" \/>\n<meta property=\"og:title\" content=\"ASUS Prime B550-PLUS AM4 DDR4 - Osaka\" \/>\n<meta property=\"og:url\" content=\"https:\/\/osaka.ma\/fr\/product\/asus-prime-b550-plus-am4-ddr4\/\" \/>\n<meta property=\"og:site_name\" content=\"Osaka\" \/>\n<meta property=\"article:modified_time\" content=\"2026-02-18T16:16:26+00:00\" \/>\n<meta property=\"og:image\" content=\"https:\/\/osaka.ma\/wp-content\/uploads\/2025\/12\/ASUS-Prime-B550-PLUS-\u2013-Carte-Mere-AM4-DDR4-Prix-Maroc.webp\" \/>\n\t<meta property=\"og:image:width\" content=\"500\" \/>\n\t<meta property=\"og:image:height\" content=\"500\" \/>\n\t<meta property=\"og:image:type\" content=\"image\/webp\" \/>\n<meta name=\"twitter:card\" content=\"summary_large_image\" \/>\n<meta name=\"twitter:label1\" content=\"Est. reading time\" \/>\n\t<meta name=\"twitter:data1\" content=\"3 minutes\" \/>\n<script type=\"application\/ld+json\" class=\"yoast-schema-graph\">{\"@context\":\"https:\/\/schema.org\",\"@graph\":[{\"@type\":\"WebPage\",\"@id\":\"https:\/\/osaka.ma\/fr\/product\/asus-prime-b550-plus-am4-ddr4\/\",\"url\":\"https:\/\/osaka.ma\/fr\/product\/asus-prime-b550-plus-am4-ddr4\/\",\"name\":\"ASUS Prime B550-PLUS AM4 DDR4 - Osaka\",\"isPartOf\":{\"@id\":\"https:\/\/osaka.ma\/#website\"},\"primaryImageOfPage\":{\"@id\":\"https:\/\/osaka.ma\/fr\/product\/asus-prime-b550-plus-am4-ddr4\/#primaryimage\"},\"image\":{\"@id\":\"https:\/\/osaka.ma\/fr\/product\/asus-prime-b550-plus-am4-ddr4\/#primaryimage\"},\"thumbnailUrl\":\"https:\/\/osaka.ma\/wp-content\/uploads\/2025\/12\/ASUS-Prime-B550-PLUS-\u2013-Carte-Mere-AM4-DDR4-Prix-Maroc.webp\",\"datePublished\":\"2025-12-11T12:29:09+00:00\",\"dateModified\":\"2026-02-18T16:16:26+00:00\",\"breadcrumb\":{\"@id\":\"https:\/\/osaka.ma\/fr\/product\/asus-prime-b550-plus-am4-ddr4\/#breadcrumb\"},\"inLanguage\":\"ru-RU\",\"potentialAction\":[{\"@type\":\"ReadAction\",\"target\":[\"https:\/\/osaka.ma\/fr\/product\/asus-prime-b550-plus-am4-ddr4\/\"]}]},{\"@type\":\"ImageObject\",\"inLanguage\":\"ru-RU\",\"@id\":\"https:\/\/osaka.ma\/fr\/product\/asus-prime-b550-plus-am4-ddr4\/#primaryimage\",\"url\":\"https:\/\/osaka.ma\/wp-content\/uploads\/2025\/12\/ASUS-Prime-B550-PLUS-\u2013-Carte-Mere-AM4-DDR4-Prix-Maroc.webp\",\"contentUrl\":\"https:\/\/osaka.ma\/wp-content\/uploads\/2025\/12\/ASUS-Prime-B550-PLUS-\u2013-Carte-Mere-AM4-DDR4-Prix-Maroc.webp\",\"width\":500,\"height\":500,\"caption\":\"ASUS Prime B550-PLUS \u2013 Carte M\u00e8re AM4 DDR4 Prix Maroc\"},{\"@type\":\"BreadcrumbList\",\"@id\":\"https:\/\/osaka.ma\/fr\/product\/asus-prime-b550-plus-am4-ddr4\/#breadcrumb\",\"itemListElement\":[{\"@type\":\"ListItem\",\"position\":1,\"name\":\"Home\",\"item\":\"https:\/\/osaka.ma\/\"},{\"@type\":\"ListItem\",\"position\":2,\"name\":\"Shop\",\"item\":\"https:\/\/osaka.ma\/shop-2\/\"},{\"@type\":\"ListItem\",\"position\":3,\"name\":\"ASUS Prime B550-PLUS AM4 DDR4\"}]},{\"@type\":\"WebSite\",\"@id\":\"https:\/\/osaka.ma\/#website\",\"url\":\"https:\/\/osaka.ma\/\",\"name\":\"Osaka\",\"description\":\"\",\"publisher\":{\"@id\":\"https:\/\/osaka.ma\/#organization\"},\"potentialAction\":[{\"@type\":\"SearchAction\",\"target\":{\"@type\":\"EntryPoint\",\"urlTemplate\":\"https:\/\/osaka.ma\/?s={search_term_string}\"},\"query-input\":{\"@type\":\"PropertyValueSpecification\",\"valueRequired\":true,\"valueName\":\"search_term_string\"}}],\"inLanguage\":\"ru-RU\"},{\"@type\":\"Organization\",\"@id\":\"https:\/\/osaka.ma\/#organization\",\"name\":\"Osaka\",\"url\":\"https:\/\/osaka.ma\/\",\"logo\":{\"@type\":\"ImageObject\",\"inLanguage\":\"ru-RU\",\"@id\":\"https:\/\/osaka.ma\/#\/schema\/logo\/image\/\",\"url\":\"https:\/\/osaka.ma\/wp-content\/uploads\/2026\/01\/model-slogan-logo-2Plan-de-travail-1dksl-plus-finnn.png\",\"contentUrl\":\"https:\/\/osaka.ma\/wp-content\/uploads\/2026\/01\/model-slogan-logo-2Plan-de-travail-1dksl-plus-finnn.png\",\"width\":842,\"height\":226,\"caption\":\"Osaka\"},\"image\":{\"@id\":\"https:\/\/osaka.ma\/#\/schema\/logo\/image\/\"}}]}<\/script>\n<!-- \/ Yoast SEO plugin. -->","yoast_head_json":{"title":"ASUS Prime B550-PLUS AM4 DDR4 - Osaka","robots":{"index":"index","follow":"follow","max-snippet":"max-snippet:-1","max-image-preview":"max-image-preview:large","max-video-preview":"max-video-preview:-1"},"canonical":"https:\/\/osaka.ma\/fr\/product\/asus-prime-b550-plus-am4-ddr4\/","og_locale":"ru_RU","og_type":"article","og_title":"ASUS Prime B550-PLUS AM4 DDR4 - Osaka","og_url":"https:\/\/osaka.ma\/fr\/product\/asus-prime-b550-plus-am4-ddr4\/","og_site_name":"Osaka","article_modified_time":"2026-02-18T16:16:26+00:00","og_image":[{"width":500,"height":500,"url":"https:\/\/osaka.ma\/wp-content\/uploads\/2025\/12\/ASUS-Prime-B550-PLUS-\u2013-Carte-Mere-AM4-DDR4-Prix-Maroc.webp","type":"image\/webp"}],"twitter_card":"summary_large_image","twitter_misc":{"Est. reading time":"3 minutes"},"schema":{"@context":"https:\/\/schema.org","@graph":[{"@type":"WebPage","@id":"https:\/\/osaka.ma\/fr\/product\/asus-prime-b550-plus-am4-ddr4\/","url":"https:\/\/osaka.ma\/fr\/product\/asus-prime-b550-plus-am4-ddr4\/","name":"ASUS Prime B550-PLUS AM4 DDR4 - Osaka","isPartOf":{"@id":"https:\/\/osaka.ma\/#website"},"primaryImageOfPage":{"@id":"https:\/\/osaka.ma\/fr\/product\/asus-prime-b550-plus-am4-ddr4\/#primaryimage"},"image":{"@id":"https:\/\/osaka.ma\/fr\/product\/asus-prime-b550-plus-am4-ddr4\/#primaryimage"},"thumbnailUrl":"https:\/\/osaka.ma\/wp-content\/uploads\/2025\/12\/ASUS-Prime-B550-PLUS-\u2013-Carte-Mere-AM4-DDR4-Prix-Maroc.webp","datePublished":"2025-12-11T12:29:09+00:00","dateModified":"2026-02-18T16:16:26+00:00","breadcrumb":{"@id":"https:\/\/osaka.ma\/fr\/product\/asus-prime-b550-plus-am4-ddr4\/#breadcrumb"},"inLanguage":"ru-RU","potentialAction":[{"@type":"ReadAction","target":["https:\/\/osaka.ma\/fr\/product\/asus-prime-b550-plus-am4-ddr4\/"]}]},{"@type":"ImageObject","inLanguage":"ru-RU","@id":"https:\/\/osaka.ma\/fr\/product\/asus-prime-b550-plus-am4-ddr4\/#primaryimage","url":"https:\/\/osaka.ma\/wp-content\/uploads\/2025\/12\/ASUS-Prime-B550-PLUS-\u2013-Carte-Mere-AM4-DDR4-Prix-Maroc.webp","contentUrl":"https:\/\/osaka.ma\/wp-content\/uploads\/2025\/12\/ASUS-Prime-B550-PLUS-\u2013-Carte-Mere-AM4-DDR4-Prix-Maroc.webp","width":500,"height":500,"caption":"ASUS Prime B550-PLUS \u2013 Carte M\u00e8re AM4 DDR4 Prix Maroc"},{"@type":"BreadcrumbList","@id":"https:\/\/osaka.ma\/fr\/product\/asus-prime-b550-plus-am4-ddr4\/#breadcrumb","itemListElement":[{"@type":"ListItem","position":1,"name":"Home","item":"https:\/\/osaka.ma\/"},{"@type":"ListItem","position":2,"name":"Shop","item":"https:\/\/osaka.ma\/shop-2\/"},{"@type":"ListItem","position":3,"name":"ASUS Prime B550-PLUS AM4 DDR4"}]},{"@type":"WebSite","@id":"https:\/\/osaka.ma\/#website","url":"https:\/\/osaka.ma\/","name":"Osaka","description":"","publisher":{"@id":"https:\/\/osaka.ma\/#organization"},"potentialAction":[{"@type":"SearchAction","target":{"@type":"EntryPoint","urlTemplate":"https:\/\/osaka.ma\/?s={search_term_string}"},"query-input":{"@type":"PropertyValueSpecification","valueRequired":true,"valueName":"search_term_string"}}],"inLanguage":"ru-RU"},{"@type":"Organization","@id":"https:\/\/osaka.ma\/#organization","name":"Osaka","url":"https:\/\/osaka.ma\/","logo":{"@type":"ImageObject","inLanguage":"ru-RU","@id":"https:\/\/osaka.ma\/#\/schema\/logo\/image\/","url":"https:\/\/osaka.ma\/wp-content\/uploads\/2026\/01\/model-slogan-logo-2Plan-de-travail-1dksl-plus-finnn.png","contentUrl":"https:\/\/osaka.ma\/wp-content\/uploads\/2026\/01\/model-slogan-logo-2Plan-de-travail-1dksl-plus-finnn.png","width":842,"height":226,"caption":"Osaka"},"image":{"@id":"https:\/\/osaka.ma\/#\/schema\/logo\/image\/"}}]}},"jetpack_sharing_enabled":true,"brands":[],"_links":{"self":[{"href":"https:\/\/osaka.ma\/ru\/wp-json\/wp\/v2\/product\/19751","targetHints":{"allow":["GET"]}}],"collection":[{"href":"https:\/\/osaka.ma\/ru\/wp-json\/wp\/v2\/product"}],"about":[{"href":"https:\/\/osaka.ma\/ru\/wp-json\/wp\/v2\/types\/product"}],"version-history":[{"count":0,"href":"https:\/\/osaka.ma\/ru\/wp-json\/wp\/v2\/product\/19751\/revisions"}],"wp:featuredmedia":[{"embeddable":true,"href":"https:\/\/osaka.ma\/ru\/wp-json\/wp\/v2\/media\/1019755"}],"wp:attachment":[{"href":"https:\/\/osaka.ma\/ru\/wp-json\/wp\/v2\/media?parent=19751"}],"wp:term":[{"taxonomy":"pwb-brand","embeddable":true,"href":"https:\/\/osaka.ma\/ru\/wp-json\/wp\/v2\/pwb-brand?post=19751"},{"taxonomy":"product_brand","embeddable":true,"href":"https:\/\/osaka.ma\/ru\/wp-json\/wp\/v2\/product_brand?post=19751"},{"taxonomy":"product_cat","embeddable":true,"href":"https:\/\/osaka.ma\/ru\/wp-json\/wp\/v2\/product_cat?post=19751"},{"taxonomy":"product_tag","embeddable":true,"href":"https:\/\/osaka.ma\/ru\/wp-json\/wp\/v2\/product_tag?post=19751"},{"taxonomy":"pcb_component_type","embeddable":true,"href":"https:\/\/osaka.ma\/ru\/wp-json\/wp\/v2\/pcb_component_type?post=19751"}],"curies":[{"name":"wp","href":"https:\/\/api.w.org\/{rel}","templated":true}]}}