{"id":20176,"date":"2025-12-22T13:07:00","date_gmt":"2025-12-22T12:07:00","guid":{"rendered":"https:\/\/osaka.ma\/?post_type=product&#038;p=20176"},"modified":"2026-02-20T11:55:16","modified_gmt":"2026-02-20T10:55:16","slug":"asus-tuf-gaming-geforce-rtx-5070-ti-16gb-oc-3x","status":"publish","type":"product","link":"https:\/\/osaka.ma\/ru\/product\/asus-tuf-gaming-geforce-rtx-5070-ti-16gb-oc-3x\/","title":{"rendered":"ASUS TUF Gaming GeForce RTX 5070 Ti 16GB OC 3X"},"content":{"rendered":"<p data-start=\"705\" data-end=\"1029\"><img decoding=\"async\" src=\"https:\/\/media.ldlc.com\/v3\/marque\/bo\/00\/05\/62\/42\/V30005624251_2.jpg\" alt=\"ASUS\" \/><\/p>\n<p data-start=\"705\" data-end=\"1029\">La <strong data-start=\"708\" data-end=\"758\">ASUS TUF Gaming GeForce RTX 5070 Ti 16GB OC 3X<\/strong> est une carte graphique con\u00e7ue pour offrir des performances \u00e9lev\u00e9es et une fiabilit\u00e9 \u00e0 toute \u00e9preuve. Bas\u00e9e sur l\u2019architecture <strong data-start=\"886\" data-end=\"908\">NVIDIA GeForce RTX<\/strong>, elle est id\u00e9ale pour le <strong data-start=\"934\" data-end=\"964\">gaming en haute r\u00e9solution<\/strong>, la cr\u00e9ation de contenu et les applications graphiques avanc\u00e9es.<\/p>\n<p data-start=\"705\" data-end=\"1029\"><img decoding=\"async\" src=\"https:\/\/media.ldlc.com\/bo\/images\/fiches\/Carte_graphique\/ASUS\/rtx_5080\/asus_tuf_gaming_rtx5080.jpg\" \/><\/p>\n<p data-start=\"1031\" data-end=\"1403\">Avec <strong data-start=\"1036\" data-end=\"1062\">16 Go de m\u00e9moire GDDR6<\/strong>, cette carte assure une excellente fluidit\u00e9 dans les jeux modernes et les charges graphiques intensives. Le syst\u00e8me de refroidissement <strong data-start=\"1198\" data-end=\"1224\">triple ventilateur TUF<\/strong> garantit un refroidissement efficace et silencieux, m\u00eame en utilisation prolong\u00e9e, tandis que l\u2019\u00e9dition <strong data-start=\"1329\" data-end=\"1335\">OC<\/strong> permet d\u2019exploiter des fr\u00e9quences optimis\u00e9es d\u00e8s la sortie d\u2019usine.<\/p>\n<p data-start=\"1031\" data-end=\"1403\"><img decoding=\"async\" src=\"https:\/\/media.ldlc.com\/bo\/images\/fiches\/Carte_graphique\/NVIDIA\/nvidia_rtx_50_games_0001.jpg\" \/><\/p>\n<p data-start=\"1405\" data-end=\"1557\">Construite selon les standards de robustesse <strong data-start=\"1450\" data-end=\"1464\">TUF Gaming<\/strong>, cette carte graphique est un choix fiable pour les configurations performantes et durables.<\/p>\n","protected":false},"excerpt":{"rendered":"<h3 data-start=\"157\" data-end=\"192\"><strong data-start=\"161\" data-end=\"192\">Caract\u00e9ristiques Techniques<\/strong><\/h3>\n<p data-start=\"193\" data-end=\"676\">\u2022 <strong data-start=\"195\" data-end=\"207\">Marque :<\/strong> <span class=\"hover:entity-accent entity-underline inline cursor-pointer align-baseline\"><span class=\"whitespace-normal\">ASUS<\/span><\/span><br data-start=\"245\" data-end=\"248\" \/>\u2022 <strong data-start=\"250\" data-end=\"261\">Gamme :<\/strong> <span class=\"hover:entity-accent entity-underline inline cursor-pointer align-baseline\"><span class=\"whitespace-normal\">TUF Gaming<\/span><\/span><br data-start=\"299\" data-end=\"302\" \/>\u2022 <strong data-start=\"304\" data-end=\"313\">GPU :<\/strong> <span class=\"hover:entity-accent entity-underline inline cursor-pointer align-baseline\"><span class=\"whitespace-normal\">NVIDIA GeForce RTX 5070 Ti<\/span><\/span><br data-start=\"351\" data-end=\"354\" \/>\u2022 <strong data-start=\"356\" data-end=\"375\">M\u00e9moire vid\u00e9o :<\/strong> 16 Go<br data-start=\"381\" data-end=\"384\" \/>\u2022 <strong data-start=\"386\" data-end=\"407\">Type de m\u00e9moire :<\/strong> GDDR6<br data-start=\"413\" data-end=\"416\" \/>\u2022 <strong data-start=\"418\" data-end=\"433\">Interface :<\/strong> PCI Express<br data-start=\"445\" data-end=\"448\" \/>\u2022 <strong data-start=\"450\" data-end=\"465\">Fr\u00e9quence :<\/strong> \u00c9dition OC (overclock d\u2019usine)<br data-start=\"496\" data-end=\"499\" \/>\u2022 <strong data-start=\"501\" data-end=\"533\">Syst\u00e8me de refroidissement :<\/strong> Triple ventilateur (3X)<br data-start=\"557\" data-end=\"560\" \/>\u2022 <strong data-start=\"562\" data-end=\"581\">Sorties vid\u00e9o :<\/strong> HDMI \/ DisplayPort (selon configuration)<br data-start=\"622\" data-end=\"625\" \/>\u2022 <strong data-start=\"627\" data-end=\"646\">Compatibilit\u00e9 :<\/strong> PC de bureau compatibles PCIe<\/p>\n","protected":false},"featured_media":1020182,"template":"","meta":{"_acf_changed":false},"pwb-brand":[],"product_brand":[],"product_cat":[24,17,26],"product_tag":[],"pcb_component_type":[],"class_list":{"0":"post-20176","1":"product","2":"type-product","3":"status-publish","4":"has-post-thumbnail","6":"product_cat-cartes-graphiques","7":"product_cat-composants-gaming","8":"product_cat-nvidia","10":"first","11":"instock","12":"sale","13":"shipping-taxable","14":"purchasable","15":"product-type-simple"},"translation":{"provider":"WPGlobus","version":"3.0.2","language":"ru","enabled_languages":["en","es","de","fr","ru"],"languages":{"en":{"title":true,"content":true,"excerpt":true},"es":{"title":false,"content":false,"excerpt":false},"de":{"title":false,"content":false,"excerpt":false},"fr":{"title":false,"content":false,"excerpt":false},"ru":{"title":false,"content":false,"excerpt":false}}},"acf":[],"yoast_head":"<!-- This site is optimized with the Yoast SEO plugin v27.2 - https:\/\/yoast.com\/product\/yoast-seo-wordpress\/ -->\n<title>ASUS TUF Gaming GeForce RTX 5070 Ti 16GB OC 3X - Osaka<\/title>\n<meta name=\"robots\" content=\"index, follow, max-snippet:-1, max-image-preview:large, max-video-preview:-1\" \/>\n<link rel=\"canonical\" href=\"https:\/\/osaka.ma\/de\/product\/asus-tuf-gaming-geforce-rtx-5070-ti-16gb-oc-3x\/\" \/>\n<meta property=\"og:locale\" content=\"ru_RU\" \/>\n<meta property=\"og:type\" content=\"article\" \/>\n<meta property=\"og:title\" content=\"ASUS TUF Gaming GeForce RTX 5070 Ti 16GB OC 3X - Osaka\" \/>\n<meta property=\"og:url\" content=\"https:\/\/osaka.ma\/de\/product\/asus-tuf-gaming-geforce-rtx-5070-ti-16gb-oc-3x\/\" \/>\n<meta property=\"og:site_name\" content=\"Osaka\" \/>\n<meta property=\"article:modified_time\" content=\"2026-02-20T10:55:16+00:00\" \/>\n<meta property=\"og:image\" content=\"https:\/\/osaka.ma\/wp-content\/uploads\/2025\/12\/ASUS-TUF-RTX-5070-Ti-16GB.jpg\" \/>\n\t<meta property=\"og:image:width\" content=\"1600\" \/>\n\t<meta property=\"og:image:height\" content=\"1600\" \/>\n\t<meta property=\"og:image:type\" content=\"image\/jpeg\" \/>\n<meta name=\"twitter:card\" content=\"summary_large_image\" \/>\n<meta name=\"twitter:label1\" content=\"Est. reading time\" \/>\n\t<meta name=\"twitter:data1\" content=\"3 minutes\" \/>\n<script type=\"application\/ld+json\" class=\"yoast-schema-graph\">{\"@context\":\"https:\/\/schema.org\",\"@graph\":[{\"@type\":\"WebPage\",\"@id\":\"https:\/\/osaka.ma\/de\/product\/asus-tuf-gaming-geforce-rtx-5070-ti-16gb-oc-3x\/\",\"url\":\"https:\/\/osaka.ma\/de\/product\/asus-tuf-gaming-geforce-rtx-5070-ti-16gb-oc-3x\/\",\"name\":\"ASUS TUF Gaming GeForce RTX 5070 Ti 16GB OC 3X - Osaka\",\"isPartOf\":{\"@id\":\"https:\/\/osaka.ma\/#website\"},\"primaryImageOfPage\":{\"@id\":\"https:\/\/osaka.ma\/de\/product\/asus-tuf-gaming-geforce-rtx-5070-ti-16gb-oc-3x\/#primaryimage\"},\"image\":{\"@id\":\"https:\/\/osaka.ma\/de\/product\/asus-tuf-gaming-geforce-rtx-5070-ti-16gb-oc-3x\/#primaryimage\"},\"thumbnailUrl\":\"https:\/\/osaka.ma\/wp-content\/uploads\/2025\/12\/ASUS-TUF-RTX-5070-Ti-16GB.jpg\",\"datePublished\":\"2025-12-22T12:07:00+00:00\",\"dateModified\":\"2026-02-20T10:55:16+00:00\",\"breadcrumb\":{\"@id\":\"https:\/\/osaka.ma\/de\/product\/asus-tuf-gaming-geforce-rtx-5070-ti-16gb-oc-3x\/#breadcrumb\"},\"inLanguage\":\"ru-RU\",\"potentialAction\":[{\"@type\":\"ReadAction\",\"target\":[\"https:\/\/osaka.ma\/de\/product\/asus-tuf-gaming-geforce-rtx-5070-ti-16gb-oc-3x\/\"]}]},{\"@type\":\"ImageObject\",\"inLanguage\":\"ru-RU\",\"@id\":\"https:\/\/osaka.ma\/de\/product\/asus-tuf-gaming-geforce-rtx-5070-ti-16gb-oc-3x\/#primaryimage\",\"url\":\"https:\/\/osaka.ma\/wp-content\/uploads\/2025\/12\/ASUS-TUF-RTX-5070-Ti-16GB.jpg\",\"contentUrl\":\"https:\/\/osaka.ma\/wp-content\/uploads\/2025\/12\/ASUS-TUF-RTX-5070-Ti-16GB.jpg\",\"width\":1600,\"height\":1600,\"caption\":\"ASUS TUF RTX 5070 Ti 16GB\"},{\"@type\":\"BreadcrumbList\",\"@id\":\"https:\/\/osaka.ma\/de\/product\/asus-tuf-gaming-geforce-rtx-5070-ti-16gb-oc-3x\/#breadcrumb\",\"itemListElement\":[{\"@type\":\"ListItem\",\"position\":1,\"name\":\"Home\",\"item\":\"https:\/\/osaka.ma\/\"},{\"@type\":\"ListItem\",\"position\":2,\"name\":\"Shop\",\"item\":\"https:\/\/osaka.ma\/shop-2\/\"},{\"@type\":\"ListItem\",\"position\":3,\"name\":\"ASUS TUF Gaming GeForce RTX 5070 Ti 16GB OC 3X\"}]},{\"@type\":\"WebSite\",\"@id\":\"https:\/\/osaka.ma\/#website\",\"url\":\"https:\/\/osaka.ma\/\",\"name\":\"Osaka\",\"description\":\"\",\"publisher\":{\"@id\":\"https:\/\/osaka.ma\/#organization\"},\"potentialAction\":[{\"@type\":\"SearchAction\",\"target\":{\"@type\":\"EntryPoint\",\"urlTemplate\":\"https:\/\/osaka.ma\/?s={search_term_string}\"},\"query-input\":{\"@type\":\"PropertyValueSpecification\",\"valueRequired\":true,\"valueName\":\"search_term_string\"}}],\"inLanguage\":\"ru-RU\"},{\"@type\":\"Organization\",\"@id\":\"https:\/\/osaka.ma\/#organization\",\"name\":\"Osaka\",\"url\":\"https:\/\/osaka.ma\/\",\"logo\":{\"@type\":\"ImageObject\",\"inLanguage\":\"ru-RU\",\"@id\":\"https:\/\/osaka.ma\/#\/schema\/logo\/image\/\",\"url\":\"https:\/\/osaka.ma\/wp-content\/uploads\/2026\/01\/model-slogan-logo-2Plan-de-travail-1dksl-plus-finnn.png\",\"contentUrl\":\"https:\/\/osaka.ma\/wp-content\/uploads\/2026\/01\/model-slogan-logo-2Plan-de-travail-1dksl-plus-finnn.png\",\"width\":842,\"height\":226,\"caption\":\"Osaka\"},\"image\":{\"@id\":\"https:\/\/osaka.ma\/#\/schema\/logo\/image\/\"}}]}<\/script>\n<!-- \/ Yoast SEO plugin. -->","yoast_head_json":{"title":"ASUS TUF Gaming GeForce RTX 5070 Ti 16GB OC 3X - Osaka","robots":{"index":"index","follow":"follow","max-snippet":"max-snippet:-1","max-image-preview":"max-image-preview:large","max-video-preview":"max-video-preview:-1"},"canonical":"https:\/\/osaka.ma\/de\/product\/asus-tuf-gaming-geforce-rtx-5070-ti-16gb-oc-3x\/","og_locale":"ru_RU","og_type":"article","og_title":"ASUS TUF Gaming GeForce RTX 5070 Ti 16GB OC 3X - Osaka","og_url":"https:\/\/osaka.ma\/de\/product\/asus-tuf-gaming-geforce-rtx-5070-ti-16gb-oc-3x\/","og_site_name":"Osaka","article_modified_time":"2026-02-20T10:55:16+00:00","og_image":[{"width":1600,"height":1600,"url":"https:\/\/osaka.ma\/wp-content\/uploads\/2025\/12\/ASUS-TUF-RTX-5070-Ti-16GB.jpg","type":"image\/jpeg"}],"twitter_card":"summary_large_image","twitter_misc":{"Est. reading time":"3 minutes"},"schema":{"@context":"https:\/\/schema.org","@graph":[{"@type":"WebPage","@id":"https:\/\/osaka.ma\/de\/product\/asus-tuf-gaming-geforce-rtx-5070-ti-16gb-oc-3x\/","url":"https:\/\/osaka.ma\/de\/product\/asus-tuf-gaming-geforce-rtx-5070-ti-16gb-oc-3x\/","name":"ASUS TUF Gaming GeForce RTX 5070 Ti 16GB OC 3X - Osaka","isPartOf":{"@id":"https:\/\/osaka.ma\/#website"},"primaryImageOfPage":{"@id":"https:\/\/osaka.ma\/de\/product\/asus-tuf-gaming-geforce-rtx-5070-ti-16gb-oc-3x\/#primaryimage"},"image":{"@id":"https:\/\/osaka.ma\/de\/product\/asus-tuf-gaming-geforce-rtx-5070-ti-16gb-oc-3x\/#primaryimage"},"thumbnailUrl":"https:\/\/osaka.ma\/wp-content\/uploads\/2025\/12\/ASUS-TUF-RTX-5070-Ti-16GB.jpg","datePublished":"2025-12-22T12:07:00+00:00","dateModified":"2026-02-20T10:55:16+00:00","breadcrumb":{"@id":"https:\/\/osaka.ma\/de\/product\/asus-tuf-gaming-geforce-rtx-5070-ti-16gb-oc-3x\/#breadcrumb"},"inLanguage":"ru-RU","potentialAction":[{"@type":"ReadAction","target":["https:\/\/osaka.ma\/de\/product\/asus-tuf-gaming-geforce-rtx-5070-ti-16gb-oc-3x\/"]}]},{"@type":"ImageObject","inLanguage":"ru-RU","@id":"https:\/\/osaka.ma\/de\/product\/asus-tuf-gaming-geforce-rtx-5070-ti-16gb-oc-3x\/#primaryimage","url":"https:\/\/osaka.ma\/wp-content\/uploads\/2025\/12\/ASUS-TUF-RTX-5070-Ti-16GB.jpg","contentUrl":"https:\/\/osaka.ma\/wp-content\/uploads\/2025\/12\/ASUS-TUF-RTX-5070-Ti-16GB.jpg","width":1600,"height":1600,"caption":"ASUS TUF RTX 5070 Ti 16GB"},{"@type":"BreadcrumbList","@id":"https:\/\/osaka.ma\/de\/product\/asus-tuf-gaming-geforce-rtx-5070-ti-16gb-oc-3x\/#breadcrumb","itemListElement":[{"@type":"ListItem","position":1,"name":"Home","item":"https:\/\/osaka.ma\/"},{"@type":"ListItem","position":2,"name":"Shop","item":"https:\/\/osaka.ma\/shop-2\/"},{"@type":"ListItem","position":3,"name":"ASUS TUF Gaming GeForce RTX 5070 Ti 16GB OC 3X"}]},{"@type":"WebSite","@id":"https:\/\/osaka.ma\/#website","url":"https:\/\/osaka.ma\/","name":"Osaka","description":"","publisher":{"@id":"https:\/\/osaka.ma\/#organization"},"potentialAction":[{"@type":"SearchAction","target":{"@type":"EntryPoint","urlTemplate":"https:\/\/osaka.ma\/?s={search_term_string}"},"query-input":{"@type":"PropertyValueSpecification","valueRequired":true,"valueName":"search_term_string"}}],"inLanguage":"ru-RU"},{"@type":"Organization","@id":"https:\/\/osaka.ma\/#organization","name":"Osaka","url":"https:\/\/osaka.ma\/","logo":{"@type":"ImageObject","inLanguage":"ru-RU","@id":"https:\/\/osaka.ma\/#\/schema\/logo\/image\/","url":"https:\/\/osaka.ma\/wp-content\/uploads\/2026\/01\/model-slogan-logo-2Plan-de-travail-1dksl-plus-finnn.png","contentUrl":"https:\/\/osaka.ma\/wp-content\/uploads\/2026\/01\/model-slogan-logo-2Plan-de-travail-1dksl-plus-finnn.png","width":842,"height":226,"caption":"Osaka"},"image":{"@id":"https:\/\/osaka.ma\/#\/schema\/logo\/image\/"}}]}},"jetpack_sharing_enabled":true,"brands":[],"_links":{"self":[{"href":"https:\/\/osaka.ma\/ru\/wp-json\/wp\/v2\/product\/20176","targetHints":{"allow":["GET"]}}],"collection":[{"href":"https:\/\/osaka.ma\/ru\/wp-json\/wp\/v2\/product"}],"about":[{"href":"https:\/\/osaka.ma\/ru\/wp-json\/wp\/v2\/types\/product"}],"version-history":[{"count":0,"href":"https:\/\/osaka.ma\/ru\/wp-json\/wp\/v2\/product\/20176\/revisions"}],"wp:featuredmedia":[{"embeddable":true,"href":"https:\/\/osaka.ma\/ru\/wp-json\/wp\/v2\/media\/1020182"}],"wp:attachment":[{"href":"https:\/\/osaka.ma\/ru\/wp-json\/wp\/v2\/media?parent=20176"}],"wp:term":[{"taxonomy":"pwb-brand","embeddable":true,"href":"https:\/\/osaka.ma\/ru\/wp-json\/wp\/v2\/pwb-brand?post=20176"},{"taxonomy":"product_brand","embeddable":true,"href":"https:\/\/osaka.ma\/ru\/wp-json\/wp\/v2\/product_brand?post=20176"},{"taxonomy":"product_cat","embeddable":true,"href":"https:\/\/osaka.ma\/ru\/wp-json\/wp\/v2\/product_cat?post=20176"},{"taxonomy":"product_tag","embeddable":true,"href":"https:\/\/osaka.ma\/ru\/wp-json\/wp\/v2\/product_tag?post=20176"},{"taxonomy":"pcb_component_type","embeddable":true,"href":"https:\/\/osaka.ma\/ru\/wp-json\/wp\/v2\/pcb_component_type?post=20176"}],"curies":[{"name":"wp","href":"https:\/\/api.w.org\/{rel}","templated":true}]}}