{"id":21455,"date":"2026-02-11T16:59:05","date_gmt":"2026-02-11T15:59:05","guid":{"rendered":"https:\/\/osaka.ma\/?post_type=product&#038;p=21455"},"modified":"2026-03-07T13:46:00","modified_gmt":"2026-03-07T12:46:00","slug":"lenovo-legion-y7000-i9-14900hx-32gb-ddr5-rtx-5070-8gb-neuf-sans-emballage","status":"publish","type":"product","link":"https:\/\/osaka.ma\/ru\/product\/lenovo-legion-y7000-i9-14900hx-32gb-ddr5-rtx-5070-8gb-neuf-sans-emballage\/","title":{"rendered":"Lenovo Legion Y7000 I9 14900HX  | 32GB DDR5 |   RTX 5070 8GB Neuf SANS Emballage"},"content":{"rendered":"<h2>Lenovo Legion Y7000 \u2013 AI-Powered Gaming Laptop<\/h2>\n<p>D\u00e9couvrez le <strong>Lenovo Legion Y7000<\/strong>, un PC portable gaming de nouvelle g\u00e9n\u00e9ration int\u00e9grant les derni\u00e8res avanc\u00e9es en intelligence artificielle pour booster vos performances. Con\u00e7u pour les joueurs et les cr\u00e9ateurs exigeants, il associe puissance brute, graphismes de pointe et un \u00e9cran QHD exceptionnel pour une immersion totale.<\/p>\n<p><img decoding=\"async\" src=\"https:\/\/m.media-amazon.com\/images\/I\/7183922f+wL._AC_SX425_.jpg\" \/><\/p>\n<h3>\u26a1 Puissance et intelligence<\/h3>\n<p>\u00c9quip\u00e9 du processeur <strong>Intel Core i9-14900HX<\/strong> (24 c\u0153urs \/ 32 threads, jusqu\u2019\u00e0 5.8 GHz), ce Legion b\u00e9n\u00e9ficie d\u2019un <strong>AI Chip LA1<\/strong> qui optimise en temps r\u00e9el les performances du syst\u00e8me. il offre rapidit\u00e9 et fluidit\u00e9 incomparables.<\/p>\n<h3>\ud83c\udfae Graphismes nouvelle g\u00e9n\u00e9ration<\/h3>\n<p>La carte graphique <strong>NVIDIA GeForce RTX 5070 8 Go GDDR7<\/strong> d\u00e9livre une puissance de rendu exceptionnelle avec un TGP de 115W et 798 AI TOPS, id\u00e9ale pour les derniers jeux AAA, la cr\u00e9ation 3D et le streaming.<\/p>\n<h3>\ud83d\udcbb \u00c9cran\u00a0 immersif<\/h3>\n<p>L\u2019\u00e9cran <strong>16\u201d WQXGA QHD (2560 x 1600)<\/strong> offre jusqu\u2019\u00e0 1000 nits de luminosit\u00e9, 100% DCI-P3, un taux de rafra\u00eechissement de <strong>240Hz<\/strong> et la compatibilit\u00e9 <strong>Dolby Vision &amp; HDR True Black 600<\/strong>. Une qualit\u00e9 d\u2019image \u00e0 couper le souffle, avec calibration couleur d\u2019usine.<\/p>\n<h3>\ud83d\udd0a Son premium &amp; confort<\/h3>\n<p>Profitez d\u2019un son clair gr\u00e2ce aux haut-parleurs st\u00e9r\u00e9o <strong>Harman optimis\u00e9s Nahimic Audio<\/strong>. Le clavier <strong>RGB 24 zones<\/strong> et le large touchpad PTP offrent un confort optimal pour jouer et travailler longtemps.<\/p>\n<h3>\u2705 Caract\u00e9ristiques principales<\/h3>\n<ul>\n<li>Processeur : Intel Core i9-14900HX (24C\/32T, jusqu\u2019\u00e0 5.8 GHz)<\/li>\n<li>M\u00e9moire RAM : 32 Go DDR5 (16&#215;2)<\/li>\n<li>Stockage : SSD 1 To PCIe 4.0 NVMe<\/li>\n<li>Carte graphique : NVIDIA GeForce RTX 5070 8 Go GDDR7<\/li>\n<li>\u00c9cran : 16\u201d QHD WQXGA (2560&#215;1600), 240HZ, HDR<\/li>\n<li>Audio : Harman, Nahimic, ALC3287<\/li>\n<li>Webcam : 5.0 MP avec E-shutter<\/li>\n<li>Batterie : 80 Wh, chargeur 245W Slim Tip<\/li>\n<li>Connectivit\u00e9 : Wi-Fi 7, BT 5.4, RJ-45, HDMI 2.1, USB-C (DP 2.1 &amp; PD)<\/li>\n<li>Dimensions : 344.9 x 255.35 x 19.95-21.54 mm \u2013 Poids : 1.9 kg<\/li>\n<\/ul>\n<p>Avec son design \u00e9l\u00e9gant en aluminium Eclipse Black et sa technologie optimis\u00e9e par l\u2019IA, le <strong>Lenovo Legion Y7000<\/strong>\u00a0est l\u2019alli\u00e9 parfait des gamers et cr\u00e9ateurs \u00e0 la recherche de performances ultimes.<\/p>\n","protected":false},"excerpt":{"rendered":"<p><strong>Lenovo Legion Y7000<\/strong>\u00a0\u2013 PC portable gaming nouvelle g\u00e9n\u00e9ration avec <strong>Intel Core i9-14900HX<\/strong>, <strong>RTX 5070 8 Go<\/strong>, 16<strong>\u00a0Go DDR5<\/strong>, <strong>SSD 1 To<\/strong> et \u00e9cran <strong>16\u201d QHD 240Hz<\/strong>. Puissance, IA int\u00e9gr\u00e9e et design premium pour un gaming immersif.<\/p>\n<h5>Caract\u00e9ristiques Principales :<\/h5>\n<ul>\n<li><strong>Processeur : <span style=\"color: #3366ff;\">Intel Core i9-14900HX, 24C (8P + 16E) \/ 32T, jusqu\u2019\u00e0 5.8GHz<\/span><\/strong><\/li>\n<li><strong>M\u00e9moire : <span style=\"color: #3366ff;\">32GB DDR5 (16&#215;2)<\/span><\/strong><\/li>\n<li><strong>Stockage : <span style=\"color: #3366ff;\">1TB M.2 PCIe 4.0 NVMe (extensible, 2 slots)<\/span><\/strong><\/li>\n<li><strong>Ecran : <span style=\"color: #3366ff;\">16\u201d QHD (2560&#215;1600), 240Hz<\/span>\u00a0<\/strong><\/li>\n<li><strong>Carte Graphique : \u00a0<span style=\"color: #3366ff;\">NVIDIA GeForce RTX 5070 8GB GDDR7, Boost 2347MHz, TGP 115W<\/span>\u00a0<\/strong><\/li>\n<li><strong>Clavier : \u00a0<span style=\"color: #3366ff;\">QWERTY<\/span>\u00a0<\/strong><\/li>\n<li><strong>Syst\u00e8me :\u00a0 <span style=\"color: #3366ff;\">Windows 11 Famille<\/span><\/strong><\/li>\n<li><strong>Etat :\u00a0<span style=\"color: #3366ff;\">NEUF Sans boite<\/span><\/strong><\/li>\n<\/ul>\n","protected":false},"featured_media":1019302,"template":"","meta":{"_acf_changed":false},"pwb-brand":[],"product_brand":[],"product_cat":[122,121],"product_tag":[],"pcb_component_type":[],"class_list":{"0":"post-21455","1":"product","2":"type-product","3":"status-publish","4":"has-post-thumbnail","6":"product_cat-gaming","7":"product_cat-pc-portable","9":"first","10":"outofstock","11":"shipping-taxable","12":"product-type-simple"},"translation":{"provider":"WPGlobus","version":"3.0.2","language":"ru","enabled_languages":["en","es","de","fr","ru"],"languages":{"en":{"title":true,"content":true,"excerpt":true},"es":{"title":false,"content":false,"excerpt":false},"de":{"title":false,"content":false,"excerpt":false},"fr":{"title":false,"content":false,"excerpt":false},"ru":{"title":false,"content":false,"excerpt":false}}},"acf":[],"yoast_head":"<!-- This site is optimized with the Yoast SEO plugin v27.2 - https:\/\/yoast.com\/product\/yoast-seo-wordpress\/ -->\n<title>Lenovo Legion 5 I9 14900HX RTX 5070: Performance Ultime - Osaka<\/title>\n<meta name=\"robots\" content=\"index, follow, max-snippet:-1, max-image-preview:large, max-video-preview:-1\" \/>\n<link rel=\"canonical\" href=\"https:\/\/osaka.ma\/product\/lenovo-legion-y7000-i9-14900hx-32gb-ddr5-rtx-5070-8gb-neuf-sans-emballage\/\" \/>\n<meta property=\"og:locale\" content=\"ru_RU\" \/>\n<meta property=\"og:type\" content=\"article\" \/>\n<meta property=\"og:title\" content=\"Lenovo Legion Y7000 I9 14900HX | 32GB DDR5 |  RTX 5070 8GB Neuf SANS Emballage - Osaka\" \/>\n<meta property=\"og:url\" content=\"https:\/\/osaka.ma\/product\/lenovo-legion-y7000-i9-14900hx-32gb-ddr5-rtx-5070-8gb-neuf-sans-emballage\/\" \/>\n<meta property=\"og:site_name\" content=\"Osaka\" \/>\n<meta property=\"article:modified_time\" content=\"2026-03-07T12:46:00+00:00\" \/>\n<meta property=\"og:image\" content=\"https:\/\/osaka.ma\/wp-content\/uploads\/2025\/11\/Lenovo-Legion-Pro-7-16IAX10H.jpg\" \/>\n\t<meta property=\"og:image:width\" content=\"1600\" \/>\n\t<meta property=\"og:image:height\" content=\"1600\" \/>\n\t<meta property=\"og:image:type\" content=\"image\/jpeg\" \/>\n<meta name=\"twitter:card\" content=\"summary_large_image\" \/>\n<meta name=\"twitter:label1\" content=\"Est. reading time\" \/>\n\t<meta name=\"twitter:data1\" content=\"4 minutes\" \/>\n<script type=\"application\/ld+json\" class=\"yoast-schema-graph\">{\"@context\":\"https:\/\/schema.org\",\"@graph\":[{\"@type\":\"WebPage\",\"@id\":\"https:\/\/osaka.ma\/product\/lenovo-legion-y7000-i9-14900hx-32gb-ddr5-rtx-5070-8gb-neuf-sans-emballage\/\",\"url\":\"https:\/\/osaka.ma\/product\/lenovo-legion-y7000-i9-14900hx-32gb-ddr5-rtx-5070-8gb-neuf-sans-emballage\/\",\"name\":\"Lenovo Legion 5 I9 14900HX RTX 5070: Performance Ultime - Osaka\",\"isPartOf\":{\"@id\":\"https:\/\/osaka.ma\/#website\"},\"primaryImageOfPage\":{\"@id\":\"https:\/\/osaka.ma\/product\/lenovo-legion-y7000-i9-14900hx-32gb-ddr5-rtx-5070-8gb-neuf-sans-emballage\/#primaryimage\"},\"image\":{\"@id\":\"https:\/\/osaka.ma\/product\/lenovo-legion-y7000-i9-14900hx-32gb-ddr5-rtx-5070-8gb-neuf-sans-emballage\/#primaryimage\"},\"thumbnailUrl\":\"https:\/\/osaka.ma\/wp-content\/uploads\/2025\/11\/Lenovo-Legion-Pro-7-16IAX10H.jpg\",\"datePublished\":\"2026-02-11T15:59:05+00:00\",\"dateModified\":\"2026-03-07T12:46:00+00:00\",\"description\":\"D\u00e9cha\u00eenez votre puissance avec le Lenovo Legion 5 I9 14900HX RTX 5070, con\u00e7u pour des performances de jeu incroyables. D\u00e9couvrez-le maintenant !\",\"breadcrumb\":{\"@id\":\"https:\/\/osaka.ma\/product\/lenovo-legion-y7000-i9-14900hx-32gb-ddr5-rtx-5070-8gb-neuf-sans-emballage\/#breadcrumb\"},\"inLanguage\":\"ru-RU\",\"potentialAction\":[{\"@type\":\"ReadAction\",\"target\":[\"https:\/\/osaka.ma\/product\/lenovo-legion-y7000-i9-14900hx-32gb-ddr5-rtx-5070-8gb-neuf-sans-emballage\/\"]}]},{\"@type\":\"ImageObject\",\"inLanguage\":\"ru-RU\",\"@id\":\"https:\/\/osaka.ma\/product\/lenovo-legion-y7000-i9-14900hx-32gb-ddr5-rtx-5070-8gb-neuf-sans-emballage\/#primaryimage\",\"url\":\"https:\/\/osaka.ma\/wp-content\/uploads\/2025\/11\/Lenovo-Legion-Pro-7-16IAX10H.jpg\",\"contentUrl\":\"https:\/\/osaka.ma\/wp-content\/uploads\/2025\/11\/Lenovo-Legion-Pro-7-16IAX10H.jpg\",\"width\":1600,\"height\":1600,\"caption\":\"Lenovo Legion Pro 7 16IAX10H\"},{\"@type\":\"BreadcrumbList\",\"@id\":\"https:\/\/osaka.ma\/product\/lenovo-legion-y7000-i9-14900hx-32gb-ddr5-rtx-5070-8gb-neuf-sans-emballage\/#breadcrumb\",\"itemListElement\":[{\"@type\":\"ListItem\",\"position\":1,\"name\":\"Home\",\"item\":\"https:\/\/osaka.ma\/\"},{\"@type\":\"ListItem\",\"position\":2,\"name\":\"Shop\",\"item\":\"https:\/\/osaka.ma\/shop-2\/\"},{\"@type\":\"ListItem\",\"position\":3,\"name\":\"Lenovo Legion Y7000 I9 14900HX | 32GB DDR5 | RTX 5070 8GB Neuf SANS Emballage\"}]},{\"@type\":\"WebSite\",\"@id\":\"https:\/\/osaka.ma\/#website\",\"url\":\"https:\/\/osaka.ma\/\",\"name\":\"Osaka\",\"description\":\"\",\"publisher\":{\"@id\":\"https:\/\/osaka.ma\/#organization\"},\"potentialAction\":[{\"@type\":\"SearchAction\",\"target\":{\"@type\":\"EntryPoint\",\"urlTemplate\":\"https:\/\/osaka.ma\/?s={search_term_string}\"},\"query-input\":{\"@type\":\"PropertyValueSpecification\",\"valueRequired\":true,\"valueName\":\"search_term_string\"}}],\"inLanguage\":\"ru-RU\"},{\"@type\":\"Organization\",\"@id\":\"https:\/\/osaka.ma\/#organization\",\"name\":\"Osaka\",\"url\":\"https:\/\/osaka.ma\/\",\"logo\":{\"@type\":\"ImageObject\",\"inLanguage\":\"ru-RU\",\"@id\":\"https:\/\/osaka.ma\/#\/schema\/logo\/image\/\",\"url\":\"https:\/\/osaka.ma\/wp-content\/uploads\/2026\/01\/model-slogan-logo-2Plan-de-travail-1dksl-plus-finnn.png\",\"contentUrl\":\"https:\/\/osaka.ma\/wp-content\/uploads\/2026\/01\/model-slogan-logo-2Plan-de-travail-1dksl-plus-finnn.png\",\"width\":842,\"height\":226,\"caption\":\"Osaka\"},\"image\":{\"@id\":\"https:\/\/osaka.ma\/#\/schema\/logo\/image\/\"}}]}<\/script>\n<!-- \/ Yoast SEO plugin. -->","yoast_head_json":{"title":"Lenovo Legion 5 I9 14900HX RTX 5070: Performance Ultime - Osaka","robots":{"index":"index","follow":"follow","max-snippet":"max-snippet:-1","max-image-preview":"max-image-preview:large","max-video-preview":"max-video-preview:-1"},"canonical":"https:\/\/osaka.ma\/product\/lenovo-legion-y7000-i9-14900hx-32gb-ddr5-rtx-5070-8gb-neuf-sans-emballage\/","og_locale":"ru_RU","og_type":"article","og_title":"Lenovo Legion Y7000 I9 14900HX | 32GB DDR5 |  RTX 5070 8GB Neuf SANS Emballage - Osaka","og_url":"https:\/\/osaka.ma\/product\/lenovo-legion-y7000-i9-14900hx-32gb-ddr5-rtx-5070-8gb-neuf-sans-emballage\/","og_site_name":"Osaka","article_modified_time":"2026-03-07T12:46:00+00:00","og_image":[{"width":1600,"height":1600,"url":"https:\/\/osaka.ma\/wp-content\/uploads\/2025\/11\/Lenovo-Legion-Pro-7-16IAX10H.jpg","type":"image\/jpeg"}],"twitter_card":"summary_large_image","twitter_misc":{"Est. reading time":"4 minutes"},"schema":{"@context":"https:\/\/schema.org","@graph":[{"@type":"WebPage","@id":"https:\/\/osaka.ma\/product\/lenovo-legion-y7000-i9-14900hx-32gb-ddr5-rtx-5070-8gb-neuf-sans-emballage\/","url":"https:\/\/osaka.ma\/product\/lenovo-legion-y7000-i9-14900hx-32gb-ddr5-rtx-5070-8gb-neuf-sans-emballage\/","name":"Lenovo Legion 5 I9 14900HX RTX 5070: Performance Ultime - Osaka","isPartOf":{"@id":"https:\/\/osaka.ma\/#website"},"primaryImageOfPage":{"@id":"https:\/\/osaka.ma\/product\/lenovo-legion-y7000-i9-14900hx-32gb-ddr5-rtx-5070-8gb-neuf-sans-emballage\/#primaryimage"},"image":{"@id":"https:\/\/osaka.ma\/product\/lenovo-legion-y7000-i9-14900hx-32gb-ddr5-rtx-5070-8gb-neuf-sans-emballage\/#primaryimage"},"thumbnailUrl":"https:\/\/osaka.ma\/wp-content\/uploads\/2025\/11\/Lenovo-Legion-Pro-7-16IAX10H.jpg","datePublished":"2026-02-11T15:59:05+00:00","dateModified":"2026-03-07T12:46:00+00:00","description":"D\u00e9cha\u00eenez votre puissance avec le Lenovo Legion 5 I9 14900HX RTX 5070, con\u00e7u pour des performances de jeu incroyables. D\u00e9couvrez-le maintenant !","breadcrumb":{"@id":"https:\/\/osaka.ma\/product\/lenovo-legion-y7000-i9-14900hx-32gb-ddr5-rtx-5070-8gb-neuf-sans-emballage\/#breadcrumb"},"inLanguage":"ru-RU","potentialAction":[{"@type":"ReadAction","target":["https:\/\/osaka.ma\/product\/lenovo-legion-y7000-i9-14900hx-32gb-ddr5-rtx-5070-8gb-neuf-sans-emballage\/"]}]},{"@type":"ImageObject","inLanguage":"ru-RU","@id":"https:\/\/osaka.ma\/product\/lenovo-legion-y7000-i9-14900hx-32gb-ddr5-rtx-5070-8gb-neuf-sans-emballage\/#primaryimage","url":"https:\/\/osaka.ma\/wp-content\/uploads\/2025\/11\/Lenovo-Legion-Pro-7-16IAX10H.jpg","contentUrl":"https:\/\/osaka.ma\/wp-content\/uploads\/2025\/11\/Lenovo-Legion-Pro-7-16IAX10H.jpg","width":1600,"height":1600,"caption":"Lenovo Legion Pro 7 16IAX10H"},{"@type":"BreadcrumbList","@id":"https:\/\/osaka.ma\/product\/lenovo-legion-y7000-i9-14900hx-32gb-ddr5-rtx-5070-8gb-neuf-sans-emballage\/#breadcrumb","itemListElement":[{"@type":"ListItem","position":1,"name":"Home","item":"https:\/\/osaka.ma\/"},{"@type":"ListItem","position":2,"name":"Shop","item":"https:\/\/osaka.ma\/shop-2\/"},{"@type":"ListItem","position":3,"name":"Lenovo Legion Y7000 I9 14900HX | 32GB DDR5 | RTX 5070 8GB Neuf SANS Emballage"}]},{"@type":"WebSite","@id":"https:\/\/osaka.ma\/#website","url":"https:\/\/osaka.ma\/","name":"Osaka","description":"","publisher":{"@id":"https:\/\/osaka.ma\/#organization"},"potentialAction":[{"@type":"SearchAction","target":{"@type":"EntryPoint","urlTemplate":"https:\/\/osaka.ma\/?s={search_term_string}"},"query-input":{"@type":"PropertyValueSpecification","valueRequired":true,"valueName":"search_term_string"}}],"inLanguage":"ru-RU"},{"@type":"Organization","@id":"https:\/\/osaka.ma\/#organization","name":"Osaka","url":"https:\/\/osaka.ma\/","logo":{"@type":"ImageObject","inLanguage":"ru-RU","@id":"https:\/\/osaka.ma\/#\/schema\/logo\/image\/","url":"https:\/\/osaka.ma\/wp-content\/uploads\/2026\/01\/model-slogan-logo-2Plan-de-travail-1dksl-plus-finnn.png","contentUrl":"https:\/\/osaka.ma\/wp-content\/uploads\/2026\/01\/model-slogan-logo-2Plan-de-travail-1dksl-plus-finnn.png","width":842,"height":226,"caption":"Osaka"},"image":{"@id":"https:\/\/osaka.ma\/#\/schema\/logo\/image\/"}}]}},"jetpack_sharing_enabled":true,"brands":[],"_links":{"self":[{"href":"https:\/\/osaka.ma\/ru\/wp-json\/wp\/v2\/product\/21455","targetHints":{"allow":["GET"]}}],"collection":[{"href":"https:\/\/osaka.ma\/ru\/wp-json\/wp\/v2\/product"}],"about":[{"href":"https:\/\/osaka.ma\/ru\/wp-json\/wp\/v2\/types\/product"}],"version-history":[{"count":0,"href":"https:\/\/osaka.ma\/ru\/wp-json\/wp\/v2\/product\/21455\/revisions"}],"wp:featuredmedia":[{"embeddable":true,"href":"https:\/\/osaka.ma\/ru\/wp-json\/wp\/v2\/media\/1019302"}],"wp:attachment":[{"href":"https:\/\/osaka.ma\/ru\/wp-json\/wp\/v2\/media?parent=21455"}],"wp:term":[{"taxonomy":"pwb-brand","embeddable":true,"href":"https:\/\/osaka.ma\/ru\/wp-json\/wp\/v2\/pwb-brand?post=21455"},{"taxonomy":"product_brand","embeddable":true,"href":"https:\/\/osaka.ma\/ru\/wp-json\/wp\/v2\/product_brand?post=21455"},{"taxonomy":"product_cat","embeddable":true,"href":"https:\/\/osaka.ma\/ru\/wp-json\/wp\/v2\/product_cat?post=21455"},{"taxonomy":"product_tag","embeddable":true,"href":"https:\/\/osaka.ma\/ru\/wp-json\/wp\/v2\/product_tag?post=21455"},{"taxonomy":"pcb_component_type","embeddable":true,"href":"https:\/\/osaka.ma\/ru\/wp-json\/wp\/v2\/pcb_component_type?post=21455"}],"curies":[{"name":"wp","href":"https:\/\/api.w.org\/{rel}","templated":true}]}}