{"id":5435,"date":"2023-08-19T19:28:39","date_gmt":"2023-08-19T19:28:39","guid":{"rendered":"https:\/\/osaka.ma\/?post_type=product&#038;p=5435"},"modified":"2025-05-16T17:17:18","modified_gmt":"2025-05-16T17:17:18","slug":"asus-rog-sheath-pnk-ltd","status":"publish","type":"product","link":"https:\/\/osaka.ma\/ru\/product\/asus-rog-sheath-pnk-ltd\/","title":{"rendered":"ASUS ROG Sheath (PNK LTD)"},"content":{"rendered":"<h1>Tapis de souris ASUS ROG Sheath (PNK LTD)<\/h1>\n<p>Cr\u00e9ez un environnement id\u00e9al pour gamer avec le\u00a0<strong>tapis de souris ASUS ROG Sheath (PNK LTD)<\/strong>. Un mod\u00e8le extra-large qui pourra accueillir votre souris gaming, un clavier ou un ordinateur portable. Proposant une surface douce et une base agrippante, ce tapis offre une surface agr\u00e9able et confortable pour l\u2019utilisateur et les diff\u00e9rents types de souris. Le tapis Sheath s\u2019enroule facilement pour \u00eatre transport\u00e9 ais\u00e9ment dans votre sac de gamer !<\/p>\n<div>\n<table border=\"0\" width=\"100%\" cellspacing=\"1\" cellpadding=\"1\">\n<tbody>\n<tr>\n<td>\n<h2>SURFACE ACCUEILLANTE POUR TOUTES LES SOURIS<\/h2>\n<div>\n<p>Votre souris gaming pourra ais\u00e9ment se d\u00e9placer sur le tapis\u00a0<strong>ASUS ROG Sheath (PNK LTD)<\/strong>. Un mod\u00e8le dot\u00e9 d\u2019une surface douce qui assure un glissement fluide pour tous les types de souris. La pr\u00e9cision sera sauvegard\u00e9e tout en proposant un mod\u00e8le durable qui a affront\u00e9 de nombreux tests de r\u00e9sistance.<\/p>\n<p>Profitez \u00e9galement d\u2019une surface rembourr\u00e9e avec 3 mm d\u2019\u00e9paisseur et d\u2019une\u00a0<strong>base agrippante en caoutchouc<\/strong>\u00a0pour toujours rester en place. Les bords du tapis de souris Sheath poss\u00e8dent des coutures r\u00e9sistantes pour \u00e9viter tout effilochement.<\/p>\n<\/div>\n<\/td>\n<td width=\"450\">&nbsp;<\/p>\n<figure id=\"attachment_36897\" class=\"wp-caption aligncenter\" aria-describedby=\"caption-attachment-36897\"><picture class=\"wp-image-36897 size-medium\"><source srcset=\"https:\/\/setupgame.ma\/wp-content\/uploads\/2022\/05\/ASUS-ROG-Sheath-PNK-LTD-XL-Setup-Game-300x300.jpg.webp 300w, https:\/\/setupgame.ma\/wp-content\/uploads\/2022\/05\/ASUS-ROG-Sheath-PNK-LTD-XL-Setup-Game-100x100.jpg.webp 100w, https:\/\/setupgame.ma\/wp-content\/uploads\/2022\/05\/ASUS-ROG-Sheath-PNK-LTD-XL-Setup-Game.jpg.webp 600w\" type=\"image\/webp\" sizes=\"(max-width: 300px) 100vw, 300px\" \/><\/picture><figcaption id=\"caption-attachment-36897\" class=\"wp-caption-text\">Tapis de souris ASUS ROG Sheath (PNK LTD)<\/figcaption><\/figure>\n<\/td>\n<\/tr>\n<\/tbody>\n<\/table>\n<table style=\"height: 150px;\" border=\"0\" width=\"1360\" cellspacing=\"1\" cellpadding=\"1\">\n<tbody>\n<tr>\n<td width=\"450\"><picture class=\"alignnone size-medium wp-image-36898\"><source srcset=\"https:\/\/setupgame.ma\/wp-content\/uploads\/2022\/05\/ASUS-ROG-Sheath-PNK-LTD-XL-Setup-Game1-300x300.jpg.webp 300w, https:\/\/setupgame.ma\/wp-content\/uploads\/2022\/05\/ASUS-ROG-Sheath-PNK-LTD-XL-Setup-Game1-100x100.jpg.webp 100w, https:\/\/setupgame.ma\/wp-content\/uploads\/2022\/05\/ASUS-ROG-Sheath-PNK-LTD-XL-Setup-Game1.jpg.webp 600w\" type=\"image\/webp\" sizes=\"(max-width: 300px) 100vw, 300px\" \/><\/picture><\/td>\n<td>\n<h2>FORMAT XL<\/h2>\n<div>Le tapis de souris Sheath n\u2019a pas pour vocation \u00e0 accueillir seulement votre souris mais aussi votre clavier ou bien votre PC portable. Disposez tout votre \u00e9quipement sur le tapis pour profiter de sa base anti-d\u00e9rapante et ainsi \u00e9viter les gestes accidentels et les pertes de contr\u00f4le. Un\u00a0<strong>format extra-large<\/strong>\u00a0id\u00e9al pour vous assurer une victoire nette et pr\u00e9cise !<\/div>\n<\/td>\n<\/tr>\n<\/tbody>\n<\/table>\n<h2>CARACT\u00c9RISTIQUES PRINCIPALES :<\/h2>\n<ul>\n<li><strong>Tapis de souris extra-large pouvant accueillir un clavier ou un PC portable + une souris<\/strong><\/li>\n<li>Optimisation pour tous les types de souris gaming<\/li>\n<li>Surface douce pour un glissement pr\u00e9cis<\/li>\n<li>Base agrippante<\/li>\n<li>Bords anti-effilochements<\/li>\n<li><strong>Dimensions<\/strong>\u00a0: 900 x 440 x 3 mm<\/li>\n<li><strong>Poids<\/strong>\u00a0: 650 g<\/li>\n<\/ul>\n<\/div>\n","protected":false},"excerpt":{"rendered":"<p><strong>Cr\u00e9ez un environnement id\u00e9al pour gamer avec le tapis de souris ASUS ROG Sheath. Un mod\u00e8le extra-large qui pourra accueillir votre souris gaming, un clavier ou un ordinateur portable. Proposant une surface douce et une base agrippante, ce tapis offre une surface agr\u00e9able et confortable.<br \/>\n<a href=\"http:\/\/setupgame.ma\/\" rel=\"nofollow\"><img decoding=\"async\" class=\"alignnone\" src=\"https:\/\/media.ldlc.com\/v3\/marque\/bo\/00\/05\/62\/42\/V30005624251_2.jpg\" alt=\"ASUS - Setup Game \" width=\"93\" height=\"41\" \/><\/a><\/strong><\/p>\n","protected":false},"featured_media":1005471,"template":"","meta":{"_acf_changed":false},"pwb-brand":[],"product_brand":[],"product_cat":[31,36],"product_tag":[],"pcb_component_type":[],"class_list":{"0":"post-5435","1":"product","2":"type-product","3":"status-publish","4":"has-post-thumbnail","6":"product_cat-accessoires","7":"product_cat-tapis-souris","9":"first","10":"outofstock","11":"shipping-taxable","12":"product-type-simple"},"translation":{"provider":"WPGlobus","version":"3.0.2","language":"ru","enabled_languages":["en","es","de","fr","ru"],"languages":{"en":{"title":true,"content":true,"excerpt":true},"es":{"title":false,"content":false,"excerpt":false},"de":{"title":false,"content":false,"excerpt":false},"fr":{"title":false,"content":false,"excerpt":false},"ru":{"title":false,"content":false,"excerpt":false}}},"acf":[],"yoast_head":"<!-- This site is optimized with the Yoast SEO plugin v27.2 - https:\/\/yoast.com\/product\/yoast-seo-wordpress\/ -->\n<title>ASUS ROG Sheath (PNK LTD) - Osaka<\/title>\n<meta name=\"robots\" content=\"index, follow, max-snippet:-1, max-image-preview:large, max-video-preview:-1\" \/>\n<link rel=\"canonical\" href=\"https:\/\/osaka.ma\/product\/asus-rog-sheath-pnk-ltd\/\" \/>\n<meta property=\"og:locale\" content=\"ru_RU\" \/>\n<meta property=\"og:type\" content=\"article\" \/>\n<meta property=\"og:title\" content=\"ASUS ROG Sheath (PNK LTD) - Osaka\" \/>\n<meta property=\"og:url\" content=\"https:\/\/osaka.ma\/product\/asus-rog-sheath-pnk-ltd\/\" \/>\n<meta property=\"og:site_name\" content=\"Osaka\" \/>\n<meta property=\"article:modified_time\" content=\"2025-05-16T17:17:18+00:00\" \/>\n<meta property=\"og:image\" content=\"https:\/\/osaka.ma\/wp-content\/uploads\/2023\/08\/1688821569-1.jpg\" \/>\n\t<meta property=\"og:image:width\" content=\"600\" \/>\n\t<meta property=\"og:image:height\" content=\"600\" \/>\n\t<meta property=\"og:image:type\" content=\"image\/jpeg\" \/>\n<meta name=\"twitter:card\" content=\"summary_large_image\" \/>\n<meta name=\"twitter:label1\" content=\"Est. reading time\" \/>\n\t<meta name=\"twitter:data1\" content=\"2 minutes\" \/>\n<script type=\"application\/ld+json\" class=\"yoast-schema-graph\">{\"@context\":\"https:\/\/schema.org\",\"@graph\":[{\"@type\":\"WebPage\",\"@id\":\"https:\/\/osaka.ma\/product\/asus-rog-sheath-pnk-ltd\/\",\"url\":\"https:\/\/osaka.ma\/product\/asus-rog-sheath-pnk-ltd\/\",\"name\":\"ASUS ROG Sheath (PNK LTD) - Osaka\",\"isPartOf\":{\"@id\":\"https:\/\/osaka.ma\/#website\"},\"primaryImageOfPage\":{\"@id\":\"https:\/\/osaka.ma\/product\/asus-rog-sheath-pnk-ltd\/#primaryimage\"},\"image\":{\"@id\":\"https:\/\/osaka.ma\/product\/asus-rog-sheath-pnk-ltd\/#primaryimage\"},\"thumbnailUrl\":\"https:\/\/osaka.ma\/wp-content\/uploads\/2023\/08\/1688821569-1.jpg\",\"datePublished\":\"2023-08-19T19:28:39+00:00\",\"dateModified\":\"2025-05-16T17:17:18+00:00\",\"breadcrumb\":{\"@id\":\"https:\/\/osaka.ma\/product\/asus-rog-sheath-pnk-ltd\/#breadcrumb\"},\"inLanguage\":\"ru-RU\",\"potentialAction\":[{\"@type\":\"ReadAction\",\"target\":[\"https:\/\/osaka.ma\/product\/asus-rog-sheath-pnk-ltd\/\"]}]},{\"@type\":\"ImageObject\",\"inLanguage\":\"ru-RU\",\"@id\":\"https:\/\/osaka.ma\/product\/asus-rog-sheath-pnk-ltd\/#primaryimage\",\"url\":\"https:\/\/osaka.ma\/wp-content\/uploads\/2023\/08\/1688821569-1.jpg\",\"contentUrl\":\"https:\/\/osaka.ma\/wp-content\/uploads\/2023\/08\/1688821569-1.jpg\",\"width\":600,\"height\":600},{\"@type\":\"BreadcrumbList\",\"@id\":\"https:\/\/osaka.ma\/product\/asus-rog-sheath-pnk-ltd\/#breadcrumb\",\"itemListElement\":[{\"@type\":\"ListItem\",\"position\":1,\"name\":\"Home\",\"item\":\"https:\/\/osaka.ma\/\"},{\"@type\":\"ListItem\",\"position\":2,\"name\":\"Shop\",\"item\":\"https:\/\/osaka.ma\/shop-2\/\"},{\"@type\":\"ListItem\",\"position\":3,\"name\":\"ASUS ROG Sheath (PNK LTD)\"}]},{\"@type\":\"WebSite\",\"@id\":\"https:\/\/osaka.ma\/#website\",\"url\":\"https:\/\/osaka.ma\/\",\"name\":\"Osaka\",\"description\":\"\",\"publisher\":{\"@id\":\"https:\/\/osaka.ma\/#organization\"},\"potentialAction\":[{\"@type\":\"SearchAction\",\"target\":{\"@type\":\"EntryPoint\",\"urlTemplate\":\"https:\/\/osaka.ma\/?s={search_term_string}\"},\"query-input\":{\"@type\":\"PropertyValueSpecification\",\"valueRequired\":true,\"valueName\":\"search_term_string\"}}],\"inLanguage\":\"ru-RU\"},{\"@type\":\"Organization\",\"@id\":\"https:\/\/osaka.ma\/#organization\",\"name\":\"Osaka\",\"url\":\"https:\/\/osaka.ma\/\",\"logo\":{\"@type\":\"ImageObject\",\"inLanguage\":\"ru-RU\",\"@id\":\"https:\/\/osaka.ma\/#\/schema\/logo\/image\/\",\"url\":\"https:\/\/osaka.ma\/wp-content\/uploads\/2026\/01\/model-slogan-logo-2Plan-de-travail-1dksl-plus-finnn.png\",\"contentUrl\":\"https:\/\/osaka.ma\/wp-content\/uploads\/2026\/01\/model-slogan-logo-2Plan-de-travail-1dksl-plus-finnn.png\",\"width\":842,\"height\":226,\"caption\":\"Osaka\"},\"image\":{\"@id\":\"https:\/\/osaka.ma\/#\/schema\/logo\/image\/\"}}]}<\/script>\n<!-- \/ Yoast SEO plugin. -->","yoast_head_json":{"title":"ASUS ROG Sheath (PNK LTD) - Osaka","robots":{"index":"index","follow":"follow","max-snippet":"max-snippet:-1","max-image-preview":"max-image-preview:large","max-video-preview":"max-video-preview:-1"},"canonical":"https:\/\/osaka.ma\/product\/asus-rog-sheath-pnk-ltd\/","og_locale":"ru_RU","og_type":"article","og_title":"ASUS ROG Sheath (PNK LTD) - Osaka","og_url":"https:\/\/osaka.ma\/product\/asus-rog-sheath-pnk-ltd\/","og_site_name":"Osaka","article_modified_time":"2025-05-16T17:17:18+00:00","og_image":[{"width":600,"height":600,"url":"https:\/\/osaka.ma\/wp-content\/uploads\/2023\/08\/1688821569-1.jpg","type":"image\/jpeg"}],"twitter_card":"summary_large_image","twitter_misc":{"Est. reading time":"2 minutes"},"schema":{"@context":"https:\/\/schema.org","@graph":[{"@type":"WebPage","@id":"https:\/\/osaka.ma\/product\/asus-rog-sheath-pnk-ltd\/","url":"https:\/\/osaka.ma\/product\/asus-rog-sheath-pnk-ltd\/","name":"ASUS ROG Sheath (PNK LTD) - Osaka","isPartOf":{"@id":"https:\/\/osaka.ma\/#website"},"primaryImageOfPage":{"@id":"https:\/\/osaka.ma\/product\/asus-rog-sheath-pnk-ltd\/#primaryimage"},"image":{"@id":"https:\/\/osaka.ma\/product\/asus-rog-sheath-pnk-ltd\/#primaryimage"},"thumbnailUrl":"https:\/\/osaka.ma\/wp-content\/uploads\/2023\/08\/1688821569-1.jpg","datePublished":"2023-08-19T19:28:39+00:00","dateModified":"2025-05-16T17:17:18+00:00","breadcrumb":{"@id":"https:\/\/osaka.ma\/product\/asus-rog-sheath-pnk-ltd\/#breadcrumb"},"inLanguage":"ru-RU","potentialAction":[{"@type":"ReadAction","target":["https:\/\/osaka.ma\/product\/asus-rog-sheath-pnk-ltd\/"]}]},{"@type":"ImageObject","inLanguage":"ru-RU","@id":"https:\/\/osaka.ma\/product\/asus-rog-sheath-pnk-ltd\/#primaryimage","url":"https:\/\/osaka.ma\/wp-content\/uploads\/2023\/08\/1688821569-1.jpg","contentUrl":"https:\/\/osaka.ma\/wp-content\/uploads\/2023\/08\/1688821569-1.jpg","width":600,"height":600},{"@type":"BreadcrumbList","@id":"https:\/\/osaka.ma\/product\/asus-rog-sheath-pnk-ltd\/#breadcrumb","itemListElement":[{"@type":"ListItem","position":1,"name":"Home","item":"https:\/\/osaka.ma\/"},{"@type":"ListItem","position":2,"name":"Shop","item":"https:\/\/osaka.ma\/shop-2\/"},{"@type":"ListItem","position":3,"name":"ASUS ROG Sheath (PNK LTD)"}]},{"@type":"WebSite","@id":"https:\/\/osaka.ma\/#website","url":"https:\/\/osaka.ma\/","name":"Osaka","description":"","publisher":{"@id":"https:\/\/osaka.ma\/#organization"},"potentialAction":[{"@type":"SearchAction","target":{"@type":"EntryPoint","urlTemplate":"https:\/\/osaka.ma\/?s={search_term_string}"},"query-input":{"@type":"PropertyValueSpecification","valueRequired":true,"valueName":"search_term_string"}}],"inLanguage":"ru-RU"},{"@type":"Organization","@id":"https:\/\/osaka.ma\/#organization","name":"Osaka","url":"https:\/\/osaka.ma\/","logo":{"@type":"ImageObject","inLanguage":"ru-RU","@id":"https:\/\/osaka.ma\/#\/schema\/logo\/image\/","url":"https:\/\/osaka.ma\/wp-content\/uploads\/2026\/01\/model-slogan-logo-2Plan-de-travail-1dksl-plus-finnn.png","contentUrl":"https:\/\/osaka.ma\/wp-content\/uploads\/2026\/01\/model-slogan-logo-2Plan-de-travail-1dksl-plus-finnn.png","width":842,"height":226,"caption":"Osaka"},"image":{"@id":"https:\/\/osaka.ma\/#\/schema\/logo\/image\/"}}]}},"jetpack_sharing_enabled":true,"brands":[],"_links":{"self":[{"href":"https:\/\/osaka.ma\/ru\/wp-json\/wp\/v2\/product\/5435","targetHints":{"allow":["GET"]}}],"collection":[{"href":"https:\/\/osaka.ma\/ru\/wp-json\/wp\/v2\/product"}],"about":[{"href":"https:\/\/osaka.ma\/ru\/wp-json\/wp\/v2\/types\/product"}],"version-history":[{"count":0,"href":"https:\/\/osaka.ma\/ru\/wp-json\/wp\/v2\/product\/5435\/revisions"}],"wp:featuredmedia":[{"embeddable":true,"href":"https:\/\/osaka.ma\/ru\/wp-json\/wp\/v2\/media\/1005471"}],"wp:attachment":[{"href":"https:\/\/osaka.ma\/ru\/wp-json\/wp\/v2\/media?parent=5435"}],"wp:term":[{"taxonomy":"pwb-brand","embeddable":true,"href":"https:\/\/osaka.ma\/ru\/wp-json\/wp\/v2\/pwb-brand?post=5435"},{"taxonomy":"product_brand","embeddable":true,"href":"https:\/\/osaka.ma\/ru\/wp-json\/wp\/v2\/product_brand?post=5435"},{"taxonomy":"product_cat","embeddable":true,"href":"https:\/\/osaka.ma\/ru\/wp-json\/wp\/v2\/product_cat?post=5435"},{"taxonomy":"product_tag","embeddable":true,"href":"https:\/\/osaka.ma\/ru\/wp-json\/wp\/v2\/product_tag?post=5435"},{"taxonomy":"pcb_component_type","embeddable":true,"href":"https:\/\/osaka.ma\/ru\/wp-json\/wp\/v2\/pcb_component_type?post=5435"}],"curies":[{"name":"wp","href":"https:\/\/api.w.org\/{rel}","templated":true}]}}