{"id":6043,"date":"2023-10-02T13:05:08","date_gmt":"2023-10-02T13:05:08","guid":{"rendered":"https:\/\/osaka.ma\/?post_type=product&#038;p=6043"},"modified":"2025-05-13T16:01:59","modified_gmt":"2025-05-13T16:01:59","slug":"corsair-liquid-cooling-h150-rgb-360mm","status":"publish","type":"product","link":"https:\/\/osaka.ma\/ru\/product\/corsair-liquid-cooling-h150-rgb-360mm\/","title":{"rendered":"Corsair Liquid Cooling H150 RGB 360mm"},"content":{"rendered":"<p>Le refroidisseur de processeur liquide tout-en-un CORSAIR H150 RGB offre un refroidissement puissant et fiable et un \u00e9clairage \u00e9poustouflant, avec trois ventilateurs CORSAIR SP120 RGB ELITE PWM, un radiateur de 360 mm et 37 LED RVB.<\/p>\n<p>Refroidissement du processeur tout-en-un qui illumine votre PC avec des couleurs spectaculaires, gr\u00e2ce aux ventilateurs CORSAIR SP RGB ELITE PWM de 120 mm g\u00e9n\u00e9rant un excellent flux d&#8217;air et un \u00e9clairage RVB vibrant.<\/p>\n<p>Contr\u00f4lez facilement votre \u00e9clairage via des cartes m\u00e8res compatibles.<\/p>\n<p>Le logiciel CORSAIR iCUE vous permet de contr\u00f4ler et de synchroniser l&#8217;\u00e9clairage RVB avec certains appareils compatibles iCUE (n\u00e9cessite un CORSAIR iCUE COMMANDER CORE XT ou iCUE Lighting Node CORE, vendu s\u00e9par\u00e9ment).<\/p>\n<p>\u00c9quip\u00e9 d&#8217;une plaque froide en cuivre thermiquement optimis\u00e9e et d&#8217;une pompe silencieuse pour un refroidissement silencieux.<\/p>\n<p>TROIS TAILLES DE RADIATEUR<br \/>\nLe H55 RGB s&#8217;adapte aux emplacements de montage de ventilateur standard de 120 mm pour une compatibilit\u00e9 optimale, tandis que le H100 RGB et le H150 RGB offrent respectivement des tailles de 240 mm et 360 mm pour des performances de refroidissement accrues.<\/p>\n","protected":false},"excerpt":{"rendered":"<p>Le refroidisseur de processeur liquide tout-en-un CORSAIR H150 RGB offre un refroidissement puissant et fiable et un \u00e9clairage \u00e9poustouflant, avec trois ventilateurs CORSAIR SP120 RGB ELITE PWM, un radiateur de 360 mm et 37 LED RVB.<\/p>\n","protected":false},"featured_media":1006068,"template":"","meta":{"_acf_changed":false},"pwb-brand":[],"product_brand":[78],"product_cat":[17,82,83],"product_tag":[],"pcb_component_type":[],"class_list":{"0":"post-6043","1":"product","2":"type-product","3":"status-publish","4":"has-post-thumbnail","6":"product_brand-corsair","7":"product_cat-composants-gaming","8":"product_cat-refroidissement","9":"product_cat-watercooler","11":"first","12":"outofstock","13":"shipping-taxable","14":"product-type-simple"},"translation":{"provider":"WPGlobus","version":"3.0.2","language":"ru","enabled_languages":["en","es","de","fr","ru"],"languages":{"en":{"title":true,"content":true,"excerpt":true},"es":{"title":false,"content":false,"excerpt":false},"de":{"title":false,"content":false,"excerpt":false},"fr":{"title":false,"content":false,"excerpt":false},"ru":{"title":false,"content":false,"excerpt":false}}},"acf":[],"yoast_head":"<!-- This site is optimized with the Yoast SEO plugin v27.2 - https:\/\/yoast.com\/product\/yoast-seo-wordpress\/ -->\n<title>Corsair Liquid Cooling H150 RGB 360mm - Osaka<\/title>\n<meta name=\"robots\" content=\"index, follow, max-snippet:-1, max-image-preview:large, max-video-preview:-1\" \/>\n<link rel=\"canonical\" href=\"https:\/\/osaka.ma\/product\/corsair-liquid-cooling-h150-rgb-360mm\/\" \/>\n<meta property=\"og:locale\" content=\"ru_RU\" \/>\n<meta property=\"og:type\" content=\"article\" \/>\n<meta property=\"og:title\" content=\"Corsair Liquid Cooling H150 RGB 360mm - Osaka\" \/>\n<meta property=\"og:url\" content=\"https:\/\/osaka.ma\/product\/corsair-liquid-cooling-h150-rgb-360mm\/\" \/>\n<meta property=\"og:site_name\" content=\"Osaka\" \/>\n<meta property=\"article:modified_time\" content=\"2025-05-13T16:01:59+00:00\" \/>\n<meta property=\"og:image\" content=\"https:\/\/osaka.ma\/wp-content\/uploads\/2023\/10\/corsair-h150-rgb-360mm-refroidissement.jpg\" \/>\n\t<meta property=\"og:image:width\" content=\"600\" \/>\n\t<meta property=\"og:image:height\" content=\"600\" \/>\n\t<meta property=\"og:image:type\" content=\"image\/jpeg\" \/>\n<meta name=\"twitter:card\" content=\"summary_large_image\" \/>\n<meta name=\"twitter:label1\" content=\"Est. reading time\" \/>\n\t<meta name=\"twitter:data1\" content=\"1 minute\" \/>\n<script type=\"application\/ld+json\" class=\"yoast-schema-graph\">{\"@context\":\"https:\/\/schema.org\",\"@graph\":[{\"@type\":\"WebPage\",\"@id\":\"https:\/\/osaka.ma\/product\/corsair-liquid-cooling-h150-rgb-360mm\/\",\"url\":\"https:\/\/osaka.ma\/product\/corsair-liquid-cooling-h150-rgb-360mm\/\",\"name\":\"Corsair Liquid Cooling H150 RGB 360mm - Osaka\",\"isPartOf\":{\"@id\":\"https:\/\/osaka.ma\/#website\"},\"primaryImageOfPage\":{\"@id\":\"https:\/\/osaka.ma\/product\/corsair-liquid-cooling-h150-rgb-360mm\/#primaryimage\"},\"image\":{\"@id\":\"https:\/\/osaka.ma\/product\/corsair-liquid-cooling-h150-rgb-360mm\/#primaryimage\"},\"thumbnailUrl\":\"https:\/\/osaka.ma\/wp-content\/uploads\/2023\/10\/corsair-h150-rgb-360mm-refroidissement.jpg\",\"datePublished\":\"2023-10-02T13:05:08+00:00\",\"dateModified\":\"2025-05-13T16:01:59+00:00\",\"breadcrumb\":{\"@id\":\"https:\/\/osaka.ma\/product\/corsair-liquid-cooling-h150-rgb-360mm\/#breadcrumb\"},\"inLanguage\":\"ru-RU\",\"potentialAction\":[{\"@type\":\"ReadAction\",\"target\":[\"https:\/\/osaka.ma\/product\/corsair-liquid-cooling-h150-rgb-360mm\/\"]}]},{\"@type\":\"ImageObject\",\"inLanguage\":\"ru-RU\",\"@id\":\"https:\/\/osaka.ma\/product\/corsair-liquid-cooling-h150-rgb-360mm\/#primaryimage\",\"url\":\"https:\/\/osaka.ma\/wp-content\/uploads\/2023\/10\/corsair-h150-rgb-360mm-refroidissement.jpg\",\"contentUrl\":\"https:\/\/osaka.ma\/wp-content\/uploads\/2023\/10\/corsair-h150-rgb-360mm-refroidissement.jpg\",\"width\":600,\"height\":600},{\"@type\":\"BreadcrumbList\",\"@id\":\"https:\/\/osaka.ma\/product\/corsair-liquid-cooling-h150-rgb-360mm\/#breadcrumb\",\"itemListElement\":[{\"@type\":\"ListItem\",\"position\":1,\"name\":\"Home\",\"item\":\"https:\/\/osaka.ma\/\"},{\"@type\":\"ListItem\",\"position\":2,\"name\":\"Shop\",\"item\":\"https:\/\/osaka.ma\/shop-2\/\"},{\"@type\":\"ListItem\",\"position\":3,\"name\":\"Corsair Liquid Cooling H150 RGB 360mm\"}]},{\"@type\":\"WebSite\",\"@id\":\"https:\/\/osaka.ma\/#website\",\"url\":\"https:\/\/osaka.ma\/\",\"name\":\"Osaka\",\"description\":\"\",\"publisher\":{\"@id\":\"https:\/\/osaka.ma\/#organization\"},\"potentialAction\":[{\"@type\":\"SearchAction\",\"target\":{\"@type\":\"EntryPoint\",\"urlTemplate\":\"https:\/\/osaka.ma\/?s={search_term_string}\"},\"query-input\":{\"@type\":\"PropertyValueSpecification\",\"valueRequired\":true,\"valueName\":\"search_term_string\"}}],\"inLanguage\":\"ru-RU\"},{\"@type\":\"Organization\",\"@id\":\"https:\/\/osaka.ma\/#organization\",\"name\":\"Osaka\",\"url\":\"https:\/\/osaka.ma\/\",\"logo\":{\"@type\":\"ImageObject\",\"inLanguage\":\"ru-RU\",\"@id\":\"https:\/\/osaka.ma\/#\/schema\/logo\/image\/\",\"url\":\"https:\/\/osaka.ma\/wp-content\/uploads\/2026\/01\/model-slogan-logo-2Plan-de-travail-1dksl-plus-finnn.png\",\"contentUrl\":\"https:\/\/osaka.ma\/wp-content\/uploads\/2026\/01\/model-slogan-logo-2Plan-de-travail-1dksl-plus-finnn.png\",\"width\":842,\"height\":226,\"caption\":\"Osaka\"},\"image\":{\"@id\":\"https:\/\/osaka.ma\/#\/schema\/logo\/image\/\"}}]}<\/script>\n<!-- \/ Yoast SEO plugin. -->","yoast_head_json":{"title":"Corsair Liquid Cooling H150 RGB 360mm - Osaka","robots":{"index":"index","follow":"follow","max-snippet":"max-snippet:-1","max-image-preview":"max-image-preview:large","max-video-preview":"max-video-preview:-1"},"canonical":"https:\/\/osaka.ma\/product\/corsair-liquid-cooling-h150-rgb-360mm\/","og_locale":"ru_RU","og_type":"article","og_title":"Corsair Liquid Cooling H150 RGB 360mm - Osaka","og_url":"https:\/\/osaka.ma\/product\/corsair-liquid-cooling-h150-rgb-360mm\/","og_site_name":"Osaka","article_modified_time":"2025-05-13T16:01:59+00:00","og_image":[{"width":600,"height":600,"url":"https:\/\/osaka.ma\/wp-content\/uploads\/2023\/10\/corsair-h150-rgb-360mm-refroidissement.jpg","type":"image\/jpeg"}],"twitter_card":"summary_large_image","twitter_misc":{"Est. reading time":"1 minute"},"schema":{"@context":"https:\/\/schema.org","@graph":[{"@type":"WebPage","@id":"https:\/\/osaka.ma\/product\/corsair-liquid-cooling-h150-rgb-360mm\/","url":"https:\/\/osaka.ma\/product\/corsair-liquid-cooling-h150-rgb-360mm\/","name":"Corsair Liquid Cooling H150 RGB 360mm - Osaka","isPartOf":{"@id":"https:\/\/osaka.ma\/#website"},"primaryImageOfPage":{"@id":"https:\/\/osaka.ma\/product\/corsair-liquid-cooling-h150-rgb-360mm\/#primaryimage"},"image":{"@id":"https:\/\/osaka.ma\/product\/corsair-liquid-cooling-h150-rgb-360mm\/#primaryimage"},"thumbnailUrl":"https:\/\/osaka.ma\/wp-content\/uploads\/2023\/10\/corsair-h150-rgb-360mm-refroidissement.jpg","datePublished":"2023-10-02T13:05:08+00:00","dateModified":"2025-05-13T16:01:59+00:00","breadcrumb":{"@id":"https:\/\/osaka.ma\/product\/corsair-liquid-cooling-h150-rgb-360mm\/#breadcrumb"},"inLanguage":"ru-RU","potentialAction":[{"@type":"ReadAction","target":["https:\/\/osaka.ma\/product\/corsair-liquid-cooling-h150-rgb-360mm\/"]}]},{"@type":"ImageObject","inLanguage":"ru-RU","@id":"https:\/\/osaka.ma\/product\/corsair-liquid-cooling-h150-rgb-360mm\/#primaryimage","url":"https:\/\/osaka.ma\/wp-content\/uploads\/2023\/10\/corsair-h150-rgb-360mm-refroidissement.jpg","contentUrl":"https:\/\/osaka.ma\/wp-content\/uploads\/2023\/10\/corsair-h150-rgb-360mm-refroidissement.jpg","width":600,"height":600},{"@type":"BreadcrumbList","@id":"https:\/\/osaka.ma\/product\/corsair-liquid-cooling-h150-rgb-360mm\/#breadcrumb","itemListElement":[{"@type":"ListItem","position":1,"name":"Home","item":"https:\/\/osaka.ma\/"},{"@type":"ListItem","position":2,"name":"Shop","item":"https:\/\/osaka.ma\/shop-2\/"},{"@type":"ListItem","position":3,"name":"Corsair Liquid Cooling H150 RGB 360mm"}]},{"@type":"WebSite","@id":"https:\/\/osaka.ma\/#website","url":"https:\/\/osaka.ma\/","name":"Osaka","description":"","publisher":{"@id":"https:\/\/osaka.ma\/#organization"},"potentialAction":[{"@type":"SearchAction","target":{"@type":"EntryPoint","urlTemplate":"https:\/\/osaka.ma\/?s={search_term_string}"},"query-input":{"@type":"PropertyValueSpecification","valueRequired":true,"valueName":"search_term_string"}}],"inLanguage":"ru-RU"},{"@type":"Organization","@id":"https:\/\/osaka.ma\/#organization","name":"Osaka","url":"https:\/\/osaka.ma\/","logo":{"@type":"ImageObject","inLanguage":"ru-RU","@id":"https:\/\/osaka.ma\/#\/schema\/logo\/image\/","url":"https:\/\/osaka.ma\/wp-content\/uploads\/2026\/01\/model-slogan-logo-2Plan-de-travail-1dksl-plus-finnn.png","contentUrl":"https:\/\/osaka.ma\/wp-content\/uploads\/2026\/01\/model-slogan-logo-2Plan-de-travail-1dksl-plus-finnn.png","width":842,"height":226,"caption":"Osaka"},"image":{"@id":"https:\/\/osaka.ma\/#\/schema\/logo\/image\/"}}]}},"jetpack_sharing_enabled":true,"brands":[],"_links":{"self":[{"href":"https:\/\/osaka.ma\/ru\/wp-json\/wp\/v2\/product\/6043","targetHints":{"allow":["GET"]}}],"collection":[{"href":"https:\/\/osaka.ma\/ru\/wp-json\/wp\/v2\/product"}],"about":[{"href":"https:\/\/osaka.ma\/ru\/wp-json\/wp\/v2\/types\/product"}],"version-history":[{"count":0,"href":"https:\/\/osaka.ma\/ru\/wp-json\/wp\/v2\/product\/6043\/revisions"}],"wp:featuredmedia":[{"embeddable":true,"href":"https:\/\/osaka.ma\/ru\/wp-json\/wp\/v2\/media\/1006068"}],"wp:attachment":[{"href":"https:\/\/osaka.ma\/ru\/wp-json\/wp\/v2\/media?parent=6043"}],"wp:term":[{"taxonomy":"pwb-brand","embeddable":true,"href":"https:\/\/osaka.ma\/ru\/wp-json\/wp\/v2\/pwb-brand?post=6043"},{"taxonomy":"product_brand","embeddable":true,"href":"https:\/\/osaka.ma\/ru\/wp-json\/wp\/v2\/product_brand?post=6043"},{"taxonomy":"product_cat","embeddable":true,"href":"https:\/\/osaka.ma\/ru\/wp-json\/wp\/v2\/product_cat?post=6043"},{"taxonomy":"product_tag","embeddable":true,"href":"https:\/\/osaka.ma\/ru\/wp-json\/wp\/v2\/product_tag?post=6043"},{"taxonomy":"pcb_component_type","embeddable":true,"href":"https:\/\/osaka.ma\/ru\/wp-json\/wp\/v2\/pcb_component_type?post=6043"}],"curies":[{"name":"wp","href":"https:\/\/api.w.org\/{rel}","templated":true}]}}