{"id":6314,"date":"2023-10-09T17:03:07","date_gmt":"2023-10-09T17:03:07","guid":{"rendered":"https:\/\/osaka.ma\/?post_type=product&#038;p=6314"},"modified":"2024-12-18T15:35:40","modified_gmt":"2024-12-18T15:35:40","slug":"cooler-master-ck550-v2","status":"publish","type":"product","link":"https:\/\/osaka.ma\/ru\/product\/cooler-master-ck550-v2\/","title":{"rendered":"Cooler Master CK550 V2"},"content":{"rendered":"<div id=\"div_block-104-5404\" class=\"ct-div-block\">\n<h1 id=\"headline-105-5404\" class=\"ct-headline product-description-header\"><span id=\"span-106-5404\" class=\"ct-span\">Cooler Master CK550 V2 : Confort et performances XXL<\/span><\/h1>\n<div id=\"text_block-108-5404\" class=\"ct-text-block product-description-paragraph\">\n<p>Avec le\u00a0<strong>clavier Cooler Master CK550 V2<\/strong>\u00a0dans votre arsenal, mettez toutes les chances de votre c\u00f4t\u00e9 ! Ce mod\u00e8le embarque des switches TTC rouges performants et durables et\u00a0un contr\u00f4le \u00e0 la vol\u00e9e pratique pour personnaliser vos pr\u00e9f\u00e9rences en mati\u00e8re de fonctions, d\u2019\u00e9clairage RGB et de confort de jeu. Pour un environnement encore plus optimis\u00e9, le CK550 V2 est livr\u00e9 avec un repose-poignets ultra confortable.<\/p>\n<\/div>\n<\/div>\n<div id=\"div_block-111-5404\" class=\"ct-div-block product-description-wrapper grid--2 gap--m grid--l-1\">\n<div id=\"div_block-112-5404\" class=\"ct-div-block\">\n<h1 id=\"headline-114-5404\" class=\"ct-headline product-description-header\"><span id=\"span-115-5404\" class=\"ct-span\">UN CLAVIER PERSONNALISABLE<\/span><\/h1>\n<div id=\"text_block-118-5404\" class=\"ct-text-block product-description-paragraph\">\n<p>Le clavier Cooler Master CK550 V2 b\u00e9n\u00e9ficie d\u2019un\u00a0<strong>r\u00e9tro-\u00e9clairage RGB LED par touche<\/strong>\u00a0et propose de\u00a0<strong>nombreux effets<\/strong>\u00a0pour trouver l\u2019ambiance optimale pour la victoire. Personnalisez facilement cet \u00e9clairage depuis le logiciel d\u00e9di\u00e9 et cr\u00e9ez un univers \u00e0 votre image.<\/p>\n<p>Ce mod\u00e8le permet des contr\u00f4les \u00e0 la vol\u00e9e pour ajuster en temps r\u00e9el le r\u00e9tro-\u00e9clairage ou bien activer vos macros. Il vous suffit de combiner la touche Fn avec une seconde touche pour obtenir le r\u00e9sultat escompt\u00e9.<\/p>\n<\/div>\n<\/div>\n<div id=\"div_block-113-5404\" class=\"ct-div-block product-description-image\"><img decoding=\"async\" id=\"image-121-5404\" class=\"ct-image\" src=\"https:\/\/atlasgaming.ma\/wp-content\/uploads\/2022\/08\/Cooler-Master-CK550-V2.jpg.webp\" alt=\"\" \/><\/p>\n<div id=\"div_block-180-5404\" class=\"ct-div-block product-description-image-transparent\"><\/div>\n<\/div>\n<\/div>\n<div id=\"div_block-132-5404\" class=\"ct-div-block product-description-wrapper grid--2 gap--m grid--l-1\">\n<div id=\"div_block-138-5404\" class=\"ct-div-block product-description-image\"><img decoding=\"async\" id=\"image-139-5404\" class=\"ct-image\" src=\"https:\/\/atlasgaming.ma\/wp-content\/uploads\/2022\/08\/Cooler-Master-CK530-V2-1.jpg.webp\" alt=\"\" \/><\/p>\n<div id=\"div_block-181-5404\" class=\"ct-div-block product-description-image-transparent\"><\/div>\n<\/div>\n<div id=\"div_block-133-5404\" class=\"ct-div-block\">\n<h1 id=\"headline-134-5404\" class=\"ct-headline product-description-header\"><span id=\"span-135-5404\" class=\"ct-span\">VOTRE PARTENAIRE DE LA VICTOIRE<\/span><\/h1>\n<div id=\"text_block-136-5404\" class=\"ct-text-block product-description-paragraph\">\n<p>Pour vous assurer des succ\u00e8s en masse, ce clavier<strong>\u00a0<\/strong>int\u00e8gre des\u00a0<strong>switches TTC Red\u00a0<\/strong>de type lin\u00e9aire. Ces interrupteurs poss\u00e8dent une\u00a0<strong>distance d\u2019activation de 2 mm<\/strong>\u00a0et une\u00a0<strong>force d\u2019actionnement de 45 g<\/strong>.\u00a0Disposant d\u2019une dur\u00e9e de vie de 50 millions de frappes, les switches TTC vous accompagneront parfaitement partie apr\u00e8s partie.<\/p>\n<p>Ce clavier Cooler Master CK550 V2 poss\u00e8de une \u00e9l\u00e9gante finition en aluminium bross\u00e9 pour un rendu id\u00e9al. Il poss\u00e8de \u00e9galement un\u00a0<strong>plateau sup\u00e9rieur incurv\u00e9<\/strong>\u00a0ainsi qu\u2019une conception minimaliste pour vous concentrer uniquement sur l\u2019essentiel. Enfin, il est propos\u00e9 avec un\u00a0<strong>repose-poignets amovible<\/strong>\u00a0avec rev\u00eatement \u00e0 faible friction pour un confort sup\u00e9rieur !<\/p>\n<\/div>\n<\/div>\n<\/div>\n<div id=\"div_block-141-5404\" class=\"ct-div-block product-description-wrapper grid--2 gap--m grid--l-1\">\n<div id=\"div_block-142-5404\" class=\"ct-div-block\">\n<h1 id=\"headline-143-5404\" class=\"ct-headline product-description-header\"><span id=\"span-144-5404\" class=\"ct-span\">Cooler Master CK550 V2 CARACT\u00c9RISTIQUES PRINCIPALES :<\/span><\/h1>\n<div id=\"text_block-145-5404\" class=\"ct-text-block product-description-paragraph\">\n<ul>\n<li><strong>Clavier m\u00e9canique pour gamer<\/strong><\/li>\n<li><strong>Switches TTC Red<\/strong>\u00a0: dur\u00e9e de vie de 50 millions de frappes<\/li>\n<li>Contr\u00f4les \u00e0 la vol\u00e9e<\/li>\n<li>Hybrid Key Rollover : bascule automatique entre NKRO et 6KRO<\/li>\n<li><strong>Conception en aluminium bross\u00e9<\/strong><\/li>\n<li>Logiciel de personnalisation<\/li>\n<li><strong>R\u00e9tro-\u00e9clairage RGB LED par touche<\/strong><\/li>\n<li>C\u00e2ble fixe de 1.8 m<\/li>\n<li><strong>Repose-poignets amovible inclus<\/strong><\/li>\n<\/ul>\n<\/div>\n<\/div>\n<\/div>\n","protected":false},"excerpt":{"rendered":"<h4 id=\"headline-1853-5404\" class=\"ct-headline\">Caract\u00e9ristiques :<\/h4>\n<div id=\"-product-excerpt-15-5404\" class=\"oxy-product-excerpt oxy-woo-element\">\n<div class=\"woocommerce-product-details__short-description\">\n<ul>\n<li><strong>D\u00e9signation:<\/strong>\u00a0Cooler Master CK550 V2<\/li>\n<li><strong>Format:<\/strong>\u00a0Normal<\/li>\n<li><strong>Norme du clavier:<\/strong>\u00a0Qwerty<\/li>\n<li><strong>Sans Fil:<\/strong>\u00a0Non<\/li>\n<li><strong>Type de touches:<\/strong>\u00a0M\u00e9canique<\/li>\n<li><strong>R\u00e9tro-\u00e9clairage:<\/strong>\u00a0Oui<\/li>\n<li><strong>Touches multim\u00e9dia:<\/strong>\u00a0Oui<\/li>\n<li><strong>Pave num\u00e9rique:<\/strong>\u00a0Oui<\/li>\n<li><strong>Couleur:<\/strong>\u00a0Noir<\/li>\n<li><strong>Type alimentation:<\/strong>\u00a0Port USB<\/li>\n<\/ul>\n<\/div>\n<\/div>\n","protected":false},"featured_media":1006315,"template":"","meta":{"_acf_changed":false},"pwb-brand":[],"product_brand":[],"product_cat":[31,34],"product_tag":[],"pcb_component_type":[],"class_list":{"0":"post-6314","1":"product","2":"type-product","3":"status-publish","4":"has-post-thumbnail","6":"product_cat-accessoires","7":"product_cat-claviers","9":"first","10":"outofstock","11":"shipping-taxable","12":"product-type-simple"},"translation":{"provider":"WPGlobus","version":"3.0.2","language":"ru","enabled_languages":["en","es","de","fr","ru"],"languages":{"en":{"title":true,"content":true,"excerpt":true},"es":{"title":false,"content":false,"excerpt":false},"de":{"title":false,"content":false,"excerpt":false},"fr":{"title":false,"content":false,"excerpt":false},"ru":{"title":false,"content":false,"excerpt":false}}},"acf":[],"yoast_head":"<!-- This site is optimized with the Yoast SEO plugin v27.2 - https:\/\/yoast.com\/product\/yoast-seo-wordpress\/ -->\n<title>Cooler Master CK550 V2 - Osaka<\/title>\n<meta name=\"robots\" content=\"index, follow, max-snippet:-1, max-image-preview:large, max-video-preview:-1\" \/>\n<link rel=\"canonical\" href=\"https:\/\/osaka.ma\/product\/cooler-master-ck550-v2\/\" \/>\n<meta property=\"og:locale\" content=\"ru_RU\" \/>\n<meta property=\"og:type\" content=\"article\" \/>\n<meta property=\"og:title\" content=\"Cooler Master CK550 V2 - Osaka\" \/>\n<meta property=\"og:url\" content=\"https:\/\/osaka.ma\/product\/cooler-master-ck550-v2\/\" \/>\n<meta property=\"og:site_name\" content=\"Osaka\" \/>\n<meta property=\"article:modified_time\" content=\"2024-12-18T15:35:40+00:00\" \/>\n<meta property=\"og:image\" content=\"https:\/\/osaka.ma\/wp-content\/uploads\/2023\/10\/cooler-master-ck550-v2-red-switch-claviers.jpg\" \/>\n\t<meta property=\"og:image:width\" content=\"600\" \/>\n\t<meta property=\"og:image:height\" content=\"600\" \/>\n\t<meta property=\"og:image:type\" content=\"image\/jpeg\" \/>\n<meta name=\"twitter:card\" content=\"summary_large_image\" \/>\n<meta name=\"twitter:label1\" content=\"Est. reading time\" \/>\n\t<meta name=\"twitter:data1\" content=\"2 minutes\" \/>\n<script type=\"application\/ld+json\" class=\"yoast-schema-graph\">{\"@context\":\"https:\/\/schema.org\",\"@graph\":[{\"@type\":\"WebPage\",\"@id\":\"https:\/\/osaka.ma\/product\/cooler-master-ck550-v2\/\",\"url\":\"https:\/\/osaka.ma\/product\/cooler-master-ck550-v2\/\",\"name\":\"Cooler Master CK550 V2 - Osaka\",\"isPartOf\":{\"@id\":\"https:\/\/osaka.ma\/#website\"},\"primaryImageOfPage\":{\"@id\":\"https:\/\/osaka.ma\/product\/cooler-master-ck550-v2\/#primaryimage\"},\"image\":{\"@id\":\"https:\/\/osaka.ma\/product\/cooler-master-ck550-v2\/#primaryimage\"},\"thumbnailUrl\":\"https:\/\/osaka.ma\/wp-content\/uploads\/2023\/10\/cooler-master-ck550-v2-red-switch-claviers.jpg\",\"datePublished\":\"2023-10-09T17:03:07+00:00\",\"dateModified\":\"2024-12-18T15:35:40+00:00\",\"breadcrumb\":{\"@id\":\"https:\/\/osaka.ma\/product\/cooler-master-ck550-v2\/#breadcrumb\"},\"inLanguage\":\"ru-RU\",\"potentialAction\":[{\"@type\":\"ReadAction\",\"target\":[\"https:\/\/osaka.ma\/product\/cooler-master-ck550-v2\/\"]}]},{\"@type\":\"ImageObject\",\"inLanguage\":\"ru-RU\",\"@id\":\"https:\/\/osaka.ma\/product\/cooler-master-ck550-v2\/#primaryimage\",\"url\":\"https:\/\/osaka.ma\/wp-content\/uploads\/2023\/10\/cooler-master-ck550-v2-red-switch-claviers.jpg\",\"contentUrl\":\"https:\/\/osaka.ma\/wp-content\/uploads\/2023\/10\/cooler-master-ck550-v2-red-switch-claviers.jpg\",\"width\":600,\"height\":600},{\"@type\":\"BreadcrumbList\",\"@id\":\"https:\/\/osaka.ma\/product\/cooler-master-ck550-v2\/#breadcrumb\",\"itemListElement\":[{\"@type\":\"ListItem\",\"position\":1,\"name\":\"Home\",\"item\":\"https:\/\/osaka.ma\/\"},{\"@type\":\"ListItem\",\"position\":2,\"name\":\"Shop\",\"item\":\"https:\/\/osaka.ma\/shop-2\/\"},{\"@type\":\"ListItem\",\"position\":3,\"name\":\"Cooler Master CK550 V2\"}]},{\"@type\":\"WebSite\",\"@id\":\"https:\/\/osaka.ma\/#website\",\"url\":\"https:\/\/osaka.ma\/\",\"name\":\"Osaka\",\"description\":\"\",\"publisher\":{\"@id\":\"https:\/\/osaka.ma\/#organization\"},\"potentialAction\":[{\"@type\":\"SearchAction\",\"target\":{\"@type\":\"EntryPoint\",\"urlTemplate\":\"https:\/\/osaka.ma\/?s={search_term_string}\"},\"query-input\":{\"@type\":\"PropertyValueSpecification\",\"valueRequired\":true,\"valueName\":\"search_term_string\"}}],\"inLanguage\":\"ru-RU\"},{\"@type\":\"Organization\",\"@id\":\"https:\/\/osaka.ma\/#organization\",\"name\":\"Osaka\",\"url\":\"https:\/\/osaka.ma\/\",\"logo\":{\"@type\":\"ImageObject\",\"inLanguage\":\"ru-RU\",\"@id\":\"https:\/\/osaka.ma\/#\/schema\/logo\/image\/\",\"url\":\"https:\/\/osaka.ma\/wp-content\/uploads\/2026\/01\/model-slogan-logo-2Plan-de-travail-1dksl-plus-finnn.png\",\"contentUrl\":\"https:\/\/osaka.ma\/wp-content\/uploads\/2026\/01\/model-slogan-logo-2Plan-de-travail-1dksl-plus-finnn.png\",\"width\":842,\"height\":226,\"caption\":\"Osaka\"},\"image\":{\"@id\":\"https:\/\/osaka.ma\/#\/schema\/logo\/image\/\"}}]}<\/script>\n<!-- \/ Yoast SEO plugin. -->","yoast_head_json":{"title":"Cooler Master CK550 V2 - Osaka","robots":{"index":"index","follow":"follow","max-snippet":"max-snippet:-1","max-image-preview":"max-image-preview:large","max-video-preview":"max-video-preview:-1"},"canonical":"https:\/\/osaka.ma\/product\/cooler-master-ck550-v2\/","og_locale":"ru_RU","og_type":"article","og_title":"Cooler Master CK550 V2 - Osaka","og_url":"https:\/\/osaka.ma\/product\/cooler-master-ck550-v2\/","og_site_name":"Osaka","article_modified_time":"2024-12-18T15:35:40+00:00","og_image":[{"width":600,"height":600,"url":"https:\/\/osaka.ma\/wp-content\/uploads\/2023\/10\/cooler-master-ck550-v2-red-switch-claviers.jpg","type":"image\/jpeg"}],"twitter_card":"summary_large_image","twitter_misc":{"Est. reading time":"2 minutes"},"schema":{"@context":"https:\/\/schema.org","@graph":[{"@type":"WebPage","@id":"https:\/\/osaka.ma\/product\/cooler-master-ck550-v2\/","url":"https:\/\/osaka.ma\/product\/cooler-master-ck550-v2\/","name":"Cooler Master CK550 V2 - Osaka","isPartOf":{"@id":"https:\/\/osaka.ma\/#website"},"primaryImageOfPage":{"@id":"https:\/\/osaka.ma\/product\/cooler-master-ck550-v2\/#primaryimage"},"image":{"@id":"https:\/\/osaka.ma\/product\/cooler-master-ck550-v2\/#primaryimage"},"thumbnailUrl":"https:\/\/osaka.ma\/wp-content\/uploads\/2023\/10\/cooler-master-ck550-v2-red-switch-claviers.jpg","datePublished":"2023-10-09T17:03:07+00:00","dateModified":"2024-12-18T15:35:40+00:00","breadcrumb":{"@id":"https:\/\/osaka.ma\/product\/cooler-master-ck550-v2\/#breadcrumb"},"inLanguage":"ru-RU","potentialAction":[{"@type":"ReadAction","target":["https:\/\/osaka.ma\/product\/cooler-master-ck550-v2\/"]}]},{"@type":"ImageObject","inLanguage":"ru-RU","@id":"https:\/\/osaka.ma\/product\/cooler-master-ck550-v2\/#primaryimage","url":"https:\/\/osaka.ma\/wp-content\/uploads\/2023\/10\/cooler-master-ck550-v2-red-switch-claviers.jpg","contentUrl":"https:\/\/osaka.ma\/wp-content\/uploads\/2023\/10\/cooler-master-ck550-v2-red-switch-claviers.jpg","width":600,"height":600},{"@type":"BreadcrumbList","@id":"https:\/\/osaka.ma\/product\/cooler-master-ck550-v2\/#breadcrumb","itemListElement":[{"@type":"ListItem","position":1,"name":"Home","item":"https:\/\/osaka.ma\/"},{"@type":"ListItem","position":2,"name":"Shop","item":"https:\/\/osaka.ma\/shop-2\/"},{"@type":"ListItem","position":3,"name":"Cooler Master CK550 V2"}]},{"@type":"WebSite","@id":"https:\/\/osaka.ma\/#website","url":"https:\/\/osaka.ma\/","name":"Osaka","description":"","publisher":{"@id":"https:\/\/osaka.ma\/#organization"},"potentialAction":[{"@type":"SearchAction","target":{"@type":"EntryPoint","urlTemplate":"https:\/\/osaka.ma\/?s={search_term_string}"},"query-input":{"@type":"PropertyValueSpecification","valueRequired":true,"valueName":"search_term_string"}}],"inLanguage":"ru-RU"},{"@type":"Organization","@id":"https:\/\/osaka.ma\/#organization","name":"Osaka","url":"https:\/\/osaka.ma\/","logo":{"@type":"ImageObject","inLanguage":"ru-RU","@id":"https:\/\/osaka.ma\/#\/schema\/logo\/image\/","url":"https:\/\/osaka.ma\/wp-content\/uploads\/2026\/01\/model-slogan-logo-2Plan-de-travail-1dksl-plus-finnn.png","contentUrl":"https:\/\/osaka.ma\/wp-content\/uploads\/2026\/01\/model-slogan-logo-2Plan-de-travail-1dksl-plus-finnn.png","width":842,"height":226,"caption":"Osaka"},"image":{"@id":"https:\/\/osaka.ma\/#\/schema\/logo\/image\/"}}]}},"jetpack_sharing_enabled":true,"brands":[],"_links":{"self":[{"href":"https:\/\/osaka.ma\/ru\/wp-json\/wp\/v2\/product\/6314","targetHints":{"allow":["GET"]}}],"collection":[{"href":"https:\/\/osaka.ma\/ru\/wp-json\/wp\/v2\/product"}],"about":[{"href":"https:\/\/osaka.ma\/ru\/wp-json\/wp\/v2\/types\/product"}],"version-history":[{"count":0,"href":"https:\/\/osaka.ma\/ru\/wp-json\/wp\/v2\/product\/6314\/revisions"}],"wp:featuredmedia":[{"embeddable":true,"href":"https:\/\/osaka.ma\/ru\/wp-json\/wp\/v2\/media\/1006315"}],"wp:attachment":[{"href":"https:\/\/osaka.ma\/ru\/wp-json\/wp\/v2\/media?parent=6314"}],"wp:term":[{"taxonomy":"pwb-brand","embeddable":true,"href":"https:\/\/osaka.ma\/ru\/wp-json\/wp\/v2\/pwb-brand?post=6314"},{"taxonomy":"product_brand","embeddable":true,"href":"https:\/\/osaka.ma\/ru\/wp-json\/wp\/v2\/product_brand?post=6314"},{"taxonomy":"product_cat","embeddable":true,"href":"https:\/\/osaka.ma\/ru\/wp-json\/wp\/v2\/product_cat?post=6314"},{"taxonomy":"product_tag","embeddable":true,"href":"https:\/\/osaka.ma\/ru\/wp-json\/wp\/v2\/product_tag?post=6314"},{"taxonomy":"pcb_component_type","embeddable":true,"href":"https:\/\/osaka.ma\/ru\/wp-json\/wp\/v2\/pcb_component_type?post=6314"}],"curies":[{"name":"wp","href":"https:\/\/api.w.org\/{rel}","templated":true}]}}