{"id":6659,"date":"2023-11-29T13:59:49","date_gmt":"2023-11-29T13:59:49","guid":{"rendered":"https:\/\/osaka.ma\/?post_type=product&#038;p=6659"},"modified":"2024-12-18T15:35:42","modified_gmt":"2024-12-18T15:35:42","slug":"pc-gamer-osaka-intel-core-i9-11900kf-32gb-1tb-rtx-3060","status":"publish","type":"product","link":"https:\/\/osaka.ma\/ru\/product\/pc-gamer-osaka-intel-core-i9-11900kf-32gb-1tb-rtx-3060\/","title":{"rendered":"PC Gamer Osaka  INTEL\u00ae CORE\u2122 i9-11900KF\/32GB\/1TB\/RTX 3060"},"content":{"rendered":"<p><i>PC Gamer Osaka vous offre une configuration INTEL avec des composants \u00e9quilibr\u00e9e avec un bon prix, ce PC Gamer compos\u00e9 d\u2019un processeur INTEL\u00ae CORE\u2122 I9-11900KF\u00a0 ainsi que d\u2019une carte graphique NVIDIA GEFORCE\u00a0 RTX 3060 12GB MSI VENTUS\u00a0 Il int\u00e8gre \u00e9galement un SSD 1TB pour un syst\u00e8me toujours plus rapide et 32 Go de RAM. Voila les atouts de ce PC puissant taill\u00e9 pour travailler dans les meilleures conditions.<\/i><\/p>\n<ul>\n<li>Processeur\u00a0<a href=\"https:\/\/osaka.ma\/produit\/intel-core-i9-11900kf-3-5-ghz-5-3-ghz-2\/\"><strong>INTEL\u00ae CORE\u2122 I9-11900Kf (30 Mo de cache, jusqu\u2019\u00e0 5,20 GHz)<\/strong><\/a><\/li>\n<li>Carte m\u00e8re<strong><a href=\"https:\/\/osaka.ma\/produit\/msi-z590-torpedo\/\"> MSI Z590 TORPEDO<\/a><\/strong><\/li>\n<li>Ram <strong><a href=\"https:\/\/osaka.ma\/produit\/32gb-corsair-lpx-16x2-3200mhz\/\">32GB (16\u00d72) CORSAIR LPX 3200MHZ<\/a><\/strong><\/li>\n<li>Carte graphique\u00a0<strong>NVIDIA MSI VENTUS\u00a0 RTX 3060 12GB<\/strong><\/li>\n<li>Bo\u00eetier<a href=\"https:\/\/osaka.ma\/produit\/antec-ax61-elite\/\"><strong> ANTEC AX61 ELITE<\/strong><\/a><\/li>\n<li>SSD <strong><a href=\"https:\/\/osaka.ma\/produit\/1tb-samsung-990-pro\/\">1TB SAMSUNG 990 PRO<\/a><\/strong><\/li>\n<li>Watercooling <strong>COUGAR 120L<\/strong><\/li>\n<li>Alimentation \u00a0<strong>MSI A600DN 600W 80PLUS<\/strong><\/li>\n<li><strong>Win11 \/ Bien assembl\u00e9<\/strong><\/li>\n<\/ul>\n<p>&nbsp;<\/p>\n<div><\/div>\n<div class=\"desc-image\"><img fetchpriority=\"high\" decoding=\"async\" class=\"\" src=\"https:\/\/media.ldlc.com\/bo\/images\/fiches\/Processeur\/Intel\/intel_core_14th_003.jpg\" alt=\"\" width=\"764\" height=\"432\" \/><\/div>\n<div><\/div>\n<div><\/div>\n<div class=\"desc-text\">\n<ul>\n<li>\n<h2>INTEL CORE I9-11900KF 16-CORE (8P+8E)<\/h2>\n<ul>\n<li>Processeur 8<strong>\u00a0Cores<\/strong> \/ 16 Threads<\/li>\n<li><strong>8 Performance-Cores<\/strong>\u00a0(3.2\u00a0GHz &#8211; 5.2\u00a0GHz) + 8 Efficient-Cores (2.4\u00a0GHz &#8211; 3.9\u00a0GHz)<\/li>\n<li>Cache\u00a0<strong>L3 16 Mo<\/strong>\u00a0+ Cache L2 14\u00a0Mo<\/li>\n<li><strong>Unlocked\u00a0<\/strong>(co\u00e9fficient multiplicateur d\u00e9bloqu\u00e9 pour l&#8217;overclocking)<\/li>\n<li>IGP : Intel UHD Graphics 770<\/li>\n<li>Contr\u00f4leur m\u00e9moire : DDR4 \/\u00a0<strong>DDR5<\/strong><\/li>\n<li>Compatible\u00a0<strong>PCI-E 5.0<\/strong><\/li>\n<li>TDP\u00a0: 125W<\/li>\n<li>TDP max. (Turbo Power) : 241W<\/li>\n<\/ul>\n<\/li>\n<\/ul>\n<\/div>\n<p>&nbsp;<\/p>\n<div class=\"desc-text\">\n<h2>NVIDIA RTX 3060 : LA MEILLEURE FA\u00c7ON DE JOUER<\/h2>\n<p>Gr\u00e2ce au\u00a0<strong>DLSS 3<\/strong>, au\u00a0<strong>ray tracing \u00e0 haute vitesse<\/strong>\u00a0et aux\u00a0<strong>performances acc\u00e9l\u00e9r\u00e9es par IA<\/strong>, la\u00a0<strong>carte graphique NVIDIA GeForce RTX 3060 <\/strong>vous permet d\u2019obtenir une qualit\u00e9 graphique exceptionnelle pour jouer dans les meilleures conditions. Immersion totale garantie gr\u00e2ce \u00e0 des graphismes ultra-r\u00e9alistes. Sans oublier bien s\u00fbr la possibilit\u00e9 de cr\u00e9er des contenus r\u00e9volutionnaires rapidement et en toute simplicit\u00e9.<\/p>\n<p>&nbsp;<\/p>\n<\/div>\n<div class=\"desc-image\"><img decoding=\"async\" src=\"https:\/\/media.ldlc.com\/bo\/images\/fiches\/Carte_graphique\/NVIDIA\/nvidia_ada_lovelace_003.jpg\" alt=\"\" \/><\/div>\n<p>&nbsp;<\/p>\n<h2 class=\"h2-master\">Design original et grande capacit\u00e9 de refroidissement<\/h2>\n<section>Le\u00a0<strong>bo\u00eetier Antec AX61 ELITE<\/strong>\u00a0d\u00e9voile de belles qualit\u00e9s pour accueillir parfaitement vos composants. Refroidissement optimis\u00e9 gr\u00e2ce \u00e0\u00a0<strong>4 ventilateurs ARGB 120mm<\/strong>\u00a0avec compatibilit\u00e9 watercooling jusqu&#8217;\u00e0 360mm, fen\u00eatre en verre tremp\u00e9 4 mm et\u00a04 baies de stockage r\u00e9pondront \u00e0 vos besoins.<\/section>\n<section>\n<div class=\"desc-image\"><img decoding=\"async\" src=\"https:\/\/media.ldlc.com\/bo\/images\/fiches\/Bo%C3%AEtier_PC\/antec\/antec_ax61_elite.jpg\" alt=\"\" \/><\/div>\n<div class=\"desc-text\">\n<h2>CARACT\u00c9RISTIQUES PRINCIPALES<\/h2>\n<p>Avec sa\u00a0<strong>fen\u00eatre lat\u00e9rale\u00a0en verre tremp\u00e9 de 4 mm<\/strong>, le bo\u00eetier Moyen Tour Antec AX61 ELITE offre un aper\u00e7u id\u00e9al sur votre configuration ! Ce mod\u00e8le con\u00e7u pour les\u00a0<strong>cartes m\u00e8res ATX, Micro-ATX et Mini ITX<\/strong>\u00a0pourra accueillir une carte graphique jusqu&#8217;\u00e0 320 mm de longueur, un ventilateur CPU de 160 mm de hauteur maximale et une alimentation d&#8217;une longueur maximale de 165 mm.<\/p>\n<p>Pour des performances \u00e0 la hauteur, un refroidissement efficace est indispensable. Le bo\u00eetier AX61 ELITE int\u00e8gre\u00a0<strong>4 ventilateurs 120 mm ARGB\u00a0<\/strong>(3 en fa\u00e7ade et 1 \u00e0 l&#8217;arri\u00e8re). Au total, c&#8217;est 8 emplacements 120 mm qui sont au rendez-vous pour cr\u00e9er un environnement optimal pour vos composants. Pour un refroidissement complet, ce mod\u00e8le est compatible avec un syst\u00e8me watercooling \u00e0 l&#8217;avant (jusqu&#8217;\u00e0 360 mm).<\/p>\n<\/div>\n<\/section>\n<p>&nbsp;<\/p>\n","protected":false},"excerpt":{"rendered":"<p>PC Gamer Osaka vous offre une configuration INTEL avec des composants \u00e9quilibr\u00e9e avec un bon prix, ce PC Gamer compos\u00e9 d\u2019un processeur INTEL\u00ae CORE\u2122 i9-11900KF ainsi que d\u2019une carte graphique MSI VENTUS XS RTX 3060 12GB Il int\u00e8gre \u00e9galement un SSD 1TB pour un syst\u00e8me toujours plus rapide et 32 Go de RAM. Voila les atouts de ce PC puissant taill\u00e9 pour travailler dans les meilleures conditions.<\/p>\n<ul>\n<li>Processeur\u00a0<strong>INTEL\u00ae CORE\u2122 I9-11900Kf (30 Mo de cache, jusqu\u2019\u00e0 5,20 GHz)<\/strong><\/li>\n<li>Carte m\u00e8re<strong> MSI Z590 TORPEDO<\/strong><\/li>\n<li>Ram <strong>32GB (16\u00d72) CORSAIR LPX 3200MHZ<\/strong><\/li>\n<li>Carte graphique\u00a0<strong>NVIDIA MSI VENTUS\u00a0 RTX 3060 12GB<\/strong><\/li>\n<li>Bo\u00eetier<strong> ANTEC AX61 ELITE<\/strong><\/li>\n<li>SSD <strong>1TB SAMSUNG 990 PRO<\/strong><\/li>\n<li>Watercooling <strong>COUGAR 120L<\/strong><\/li>\n<li>Alimentation \u00a0<strong>MSI A600DN 600W 80PLUS<\/strong><\/li>\n<li><strong>Win11 \/ Bien assembl\u00e9<\/strong><\/li>\n<\/ul>\n","protected":false},"featured_media":1006660,"template":"","meta":{"_acf_changed":false},"pwb-brand":[],"product_brand":[],"product_cat":[57,53],"product_tag":[],"pcb_component_type":[],"class_list":{"0":"post-6659","1":"product","2":"type-product","3":"status-publish","4":"has-post-thumbnail","6":"product_cat-intel","7":"product_cat-pc-gamer","9":"first","10":"outofstock","11":"shipping-taxable","12":"product-type-simple"},"translation":{"provider":"WPGlobus","version":"3.0.2","language":"ru","enabled_languages":["en","es","de","fr","ru"],"languages":{"en":{"title":true,"content":true,"excerpt":true},"es":{"title":false,"content":false,"excerpt":false},"de":{"title":false,"content":false,"excerpt":false},"fr":{"title":false,"content":false,"excerpt":false},"ru":{"title":false,"content":false,"excerpt":false}}},"acf":[],"yoast_head":"<!-- This site is optimized with the Yoast SEO plugin v27.2 - https:\/\/yoast.com\/product\/yoast-seo-wordpress\/ -->\n<title>PC Gamer Osaka INTEL\u00ae CORE\u2122 i9-11900KF\/32GB\/1TB\/RTX 3060 - Osaka<\/title>\n<meta name=\"robots\" content=\"index, follow, max-snippet:-1, max-image-preview:large, max-video-preview:-1\" \/>\n<link rel=\"canonical\" href=\"https:\/\/osaka.ma\/product\/pc-gamer-osaka-intel-core-i9-11900kf-32gb-1tb-rtx-3060\/\" \/>\n<meta property=\"og:locale\" content=\"ru_RU\" \/>\n<meta property=\"og:type\" content=\"article\" \/>\n<meta property=\"og:title\" content=\"PC Gamer Osaka INTEL\u00ae CORE\u2122 i9-11900KF\/32GB\/1TB\/RTX 3060 - Osaka\" \/>\n<meta property=\"og:url\" content=\"https:\/\/osaka.ma\/product\/pc-gamer-osaka-intel-core-i9-11900kf-32gb-1tb-rtx-3060\/\" \/>\n<meta property=\"og:site_name\" content=\"Osaka\" \/>\n<meta property=\"article:modified_time\" content=\"2024-12-18T15:35:42+00:00\" \/>\n<meta property=\"og:image\" content=\"https:\/\/osaka.ma\/wp-content\/uploads\/2023\/11\/PIC-CONFIG-12490DH.png\" \/>\n\t<meta property=\"og:image:width\" content=\"600\" \/>\n\t<meta property=\"og:image:height\" content=\"600\" \/>\n\t<meta property=\"og:image:type\" content=\"image\/png\" \/>\n<meta name=\"twitter:card\" content=\"summary_large_image\" \/>\n<meta name=\"twitter:label1\" content=\"Est. reading time\" \/>\n\t<meta name=\"twitter:data1\" content=\"3 minutes\" \/>\n<script type=\"application\/ld+json\" class=\"yoast-schema-graph\">{\"@context\":\"https:\/\/schema.org\",\"@graph\":[{\"@type\":\"WebPage\",\"@id\":\"https:\/\/osaka.ma\/product\/pc-gamer-osaka-intel-core-i9-11900kf-32gb-1tb-rtx-3060\/\",\"url\":\"https:\/\/osaka.ma\/product\/pc-gamer-osaka-intel-core-i9-11900kf-32gb-1tb-rtx-3060\/\",\"name\":\"PC Gamer Osaka INTEL\u00ae CORE\u2122 i9-11900KF\/32GB\/1TB\/RTX 3060 - Osaka\",\"isPartOf\":{\"@id\":\"https:\/\/osaka.ma\/#website\"},\"primaryImageOfPage\":{\"@id\":\"https:\/\/osaka.ma\/product\/pc-gamer-osaka-intel-core-i9-11900kf-32gb-1tb-rtx-3060\/#primaryimage\"},\"image\":{\"@id\":\"https:\/\/osaka.ma\/product\/pc-gamer-osaka-intel-core-i9-11900kf-32gb-1tb-rtx-3060\/#primaryimage\"},\"thumbnailUrl\":\"https:\/\/osaka.ma\/wp-content\/uploads\/2023\/11\/PIC-CONFIG-12490DH.png\",\"datePublished\":\"2023-11-29T13:59:49+00:00\",\"dateModified\":\"2024-12-18T15:35:42+00:00\",\"breadcrumb\":{\"@id\":\"https:\/\/osaka.ma\/product\/pc-gamer-osaka-intel-core-i9-11900kf-32gb-1tb-rtx-3060\/#breadcrumb\"},\"inLanguage\":\"ru-RU\",\"potentialAction\":[{\"@type\":\"ReadAction\",\"target\":[\"https:\/\/osaka.ma\/product\/pc-gamer-osaka-intel-core-i9-11900kf-32gb-1tb-rtx-3060\/\"]}]},{\"@type\":\"ImageObject\",\"inLanguage\":\"ru-RU\",\"@id\":\"https:\/\/osaka.ma\/product\/pc-gamer-osaka-intel-core-i9-11900kf-32gb-1tb-rtx-3060\/#primaryimage\",\"url\":\"https:\/\/osaka.ma\/wp-content\/uploads\/2023\/11\/PIC-CONFIG-12490DH.png\",\"contentUrl\":\"https:\/\/osaka.ma\/wp-content\/uploads\/2023\/11\/PIC-CONFIG-12490DH.png\",\"width\":600,\"height\":600},{\"@type\":\"BreadcrumbList\",\"@id\":\"https:\/\/osaka.ma\/product\/pc-gamer-osaka-intel-core-i9-11900kf-32gb-1tb-rtx-3060\/#breadcrumb\",\"itemListElement\":[{\"@type\":\"ListItem\",\"position\":1,\"name\":\"Home\",\"item\":\"https:\/\/osaka.ma\/\"},{\"@type\":\"ListItem\",\"position\":2,\"name\":\"Shop\",\"item\":\"https:\/\/osaka.ma\/shop-2\/\"},{\"@type\":\"ListItem\",\"position\":3,\"name\":\"PC Gamer Osaka INTEL\u00ae CORE\u2122 i9-11900KF\/32GB\/1TB\/RTX 3060\"}]},{\"@type\":\"WebSite\",\"@id\":\"https:\/\/osaka.ma\/#website\",\"url\":\"https:\/\/osaka.ma\/\",\"name\":\"Osaka\",\"description\":\"\",\"publisher\":{\"@id\":\"https:\/\/osaka.ma\/#organization\"},\"potentialAction\":[{\"@type\":\"SearchAction\",\"target\":{\"@type\":\"EntryPoint\",\"urlTemplate\":\"https:\/\/osaka.ma\/?s={search_term_string}\"},\"query-input\":{\"@type\":\"PropertyValueSpecification\",\"valueRequired\":true,\"valueName\":\"search_term_string\"}}],\"inLanguage\":\"ru-RU\"},{\"@type\":\"Organization\",\"@id\":\"https:\/\/osaka.ma\/#organization\",\"name\":\"Osaka\",\"url\":\"https:\/\/osaka.ma\/\",\"logo\":{\"@type\":\"ImageObject\",\"inLanguage\":\"ru-RU\",\"@id\":\"https:\/\/osaka.ma\/#\/schema\/logo\/image\/\",\"url\":\"https:\/\/osaka.ma\/wp-content\/uploads\/2026\/01\/model-slogan-logo-2Plan-de-travail-1dksl-plus-finnn.png\",\"contentUrl\":\"https:\/\/osaka.ma\/wp-content\/uploads\/2026\/01\/model-slogan-logo-2Plan-de-travail-1dksl-plus-finnn.png\",\"width\":842,\"height\":226,\"caption\":\"Osaka\"},\"image\":{\"@id\":\"https:\/\/osaka.ma\/#\/schema\/logo\/image\/\"}}]}<\/script>\n<!-- \/ Yoast SEO plugin. -->","yoast_head_json":{"title":"PC Gamer Osaka INTEL\u00ae CORE\u2122 i9-11900KF\/32GB\/1TB\/RTX 3060 - Osaka","robots":{"index":"index","follow":"follow","max-snippet":"max-snippet:-1","max-image-preview":"max-image-preview:large","max-video-preview":"max-video-preview:-1"},"canonical":"https:\/\/osaka.ma\/product\/pc-gamer-osaka-intel-core-i9-11900kf-32gb-1tb-rtx-3060\/","og_locale":"ru_RU","og_type":"article","og_title":"PC Gamer Osaka INTEL\u00ae CORE\u2122 i9-11900KF\/32GB\/1TB\/RTX 3060 - Osaka","og_url":"https:\/\/osaka.ma\/product\/pc-gamer-osaka-intel-core-i9-11900kf-32gb-1tb-rtx-3060\/","og_site_name":"Osaka","article_modified_time":"2024-12-18T15:35:42+00:00","og_image":[{"width":600,"height":600,"url":"https:\/\/osaka.ma\/wp-content\/uploads\/2023\/11\/PIC-CONFIG-12490DH.png","type":"image\/png"}],"twitter_card":"summary_large_image","twitter_misc":{"Est. reading time":"3 minutes"},"schema":{"@context":"https:\/\/schema.org","@graph":[{"@type":"WebPage","@id":"https:\/\/osaka.ma\/product\/pc-gamer-osaka-intel-core-i9-11900kf-32gb-1tb-rtx-3060\/","url":"https:\/\/osaka.ma\/product\/pc-gamer-osaka-intel-core-i9-11900kf-32gb-1tb-rtx-3060\/","name":"PC Gamer Osaka INTEL\u00ae CORE\u2122 i9-11900KF\/32GB\/1TB\/RTX 3060 - Osaka","isPartOf":{"@id":"https:\/\/osaka.ma\/#website"},"primaryImageOfPage":{"@id":"https:\/\/osaka.ma\/product\/pc-gamer-osaka-intel-core-i9-11900kf-32gb-1tb-rtx-3060\/#primaryimage"},"image":{"@id":"https:\/\/osaka.ma\/product\/pc-gamer-osaka-intel-core-i9-11900kf-32gb-1tb-rtx-3060\/#primaryimage"},"thumbnailUrl":"https:\/\/osaka.ma\/wp-content\/uploads\/2023\/11\/PIC-CONFIG-12490DH.png","datePublished":"2023-11-29T13:59:49+00:00","dateModified":"2024-12-18T15:35:42+00:00","breadcrumb":{"@id":"https:\/\/osaka.ma\/product\/pc-gamer-osaka-intel-core-i9-11900kf-32gb-1tb-rtx-3060\/#breadcrumb"},"inLanguage":"ru-RU","potentialAction":[{"@type":"ReadAction","target":["https:\/\/osaka.ma\/product\/pc-gamer-osaka-intel-core-i9-11900kf-32gb-1tb-rtx-3060\/"]}]},{"@type":"ImageObject","inLanguage":"ru-RU","@id":"https:\/\/osaka.ma\/product\/pc-gamer-osaka-intel-core-i9-11900kf-32gb-1tb-rtx-3060\/#primaryimage","url":"https:\/\/osaka.ma\/wp-content\/uploads\/2023\/11\/PIC-CONFIG-12490DH.png","contentUrl":"https:\/\/osaka.ma\/wp-content\/uploads\/2023\/11\/PIC-CONFIG-12490DH.png","width":600,"height":600},{"@type":"BreadcrumbList","@id":"https:\/\/osaka.ma\/product\/pc-gamer-osaka-intel-core-i9-11900kf-32gb-1tb-rtx-3060\/#breadcrumb","itemListElement":[{"@type":"ListItem","position":1,"name":"Home","item":"https:\/\/osaka.ma\/"},{"@type":"ListItem","position":2,"name":"Shop","item":"https:\/\/osaka.ma\/shop-2\/"},{"@type":"ListItem","position":3,"name":"PC Gamer Osaka INTEL\u00ae CORE\u2122 i9-11900KF\/32GB\/1TB\/RTX 3060"}]},{"@type":"WebSite","@id":"https:\/\/osaka.ma\/#website","url":"https:\/\/osaka.ma\/","name":"Osaka","description":"","publisher":{"@id":"https:\/\/osaka.ma\/#organization"},"potentialAction":[{"@type":"SearchAction","target":{"@type":"EntryPoint","urlTemplate":"https:\/\/osaka.ma\/?s={search_term_string}"},"query-input":{"@type":"PropertyValueSpecification","valueRequired":true,"valueName":"search_term_string"}}],"inLanguage":"ru-RU"},{"@type":"Organization","@id":"https:\/\/osaka.ma\/#organization","name":"Osaka","url":"https:\/\/osaka.ma\/","logo":{"@type":"ImageObject","inLanguage":"ru-RU","@id":"https:\/\/osaka.ma\/#\/schema\/logo\/image\/","url":"https:\/\/osaka.ma\/wp-content\/uploads\/2026\/01\/model-slogan-logo-2Plan-de-travail-1dksl-plus-finnn.png","contentUrl":"https:\/\/osaka.ma\/wp-content\/uploads\/2026\/01\/model-slogan-logo-2Plan-de-travail-1dksl-plus-finnn.png","width":842,"height":226,"caption":"Osaka"},"image":{"@id":"https:\/\/osaka.ma\/#\/schema\/logo\/image\/"}}]}},"jetpack_sharing_enabled":true,"brands":[],"_links":{"self":[{"href":"https:\/\/osaka.ma\/ru\/wp-json\/wp\/v2\/product\/6659","targetHints":{"allow":["GET"]}}],"collection":[{"href":"https:\/\/osaka.ma\/ru\/wp-json\/wp\/v2\/product"}],"about":[{"href":"https:\/\/osaka.ma\/ru\/wp-json\/wp\/v2\/types\/product"}],"version-history":[{"count":0,"href":"https:\/\/osaka.ma\/ru\/wp-json\/wp\/v2\/product\/6659\/revisions"}],"wp:featuredmedia":[{"embeddable":true,"href":"https:\/\/osaka.ma\/ru\/wp-json\/wp\/v2\/media\/1006660"}],"wp:attachment":[{"href":"https:\/\/osaka.ma\/ru\/wp-json\/wp\/v2\/media?parent=6659"}],"wp:term":[{"taxonomy":"pwb-brand","embeddable":true,"href":"https:\/\/osaka.ma\/ru\/wp-json\/wp\/v2\/pwb-brand?post=6659"},{"taxonomy":"product_brand","embeddable":true,"href":"https:\/\/osaka.ma\/ru\/wp-json\/wp\/v2\/product_brand?post=6659"},{"taxonomy":"product_cat","embeddable":true,"href":"https:\/\/osaka.ma\/ru\/wp-json\/wp\/v2\/product_cat?post=6659"},{"taxonomy":"product_tag","embeddable":true,"href":"https:\/\/osaka.ma\/ru\/wp-json\/wp\/v2\/product_tag?post=6659"},{"taxonomy":"pcb_component_type","embeddable":true,"href":"https:\/\/osaka.ma\/ru\/wp-json\/wp\/v2\/pcb_component_type?post=6659"}],"curies":[{"name":"wp","href":"https:\/\/api.w.org\/{rel}","templated":true}]}}