{"id":7067,"date":"2024-01-18T13:02:35","date_gmt":"2024-01-18T13:02:35","guid":{"rendered":"https:\/\/osaka.ma\/?post_type=product&#038;p=7067"},"modified":"2025-05-05T11:04:48","modified_gmt":"2025-05-05T11:04:48","slug":"16gb-82-ddr4-ballistix-4000mhz","status":"publish","type":"product","link":"https:\/\/osaka.ma\/ru\/product\/16gb-82-ddr4-ballistix-4000mhz\/","title":{"rendered":"16GB (8*2) DDR4 BALLISTIX 4000MHZ"},"content":{"rendered":"<div class=\"sbloc details-pdt\">\n<div class=\"detail tabs-component-collapse fix\">\n<div class=\"tab-content tab-collapse\">\n<div id=\"descriptif\" class=\"tab-pane active\" role=\"tabpanel\">\n<div class=\"tab-pane-content\">\n<div class=\"logo\"><img decoding=\"async\" class=\"aligncenter\" src=\"https:\/\/media.ldlc.com\/v3\/marque\/bo\/00\/03\/73\/80\/V30003738080_2.jpg\" alt=\"Ballistix\" \/><\/div>\n<div id=\"description\" class=\"description\">\n<div class=\"details-pdt-desc\">\n<h2 class=\"h2-master\">Ballistix Max : Des fr\u00e9quences \u00e9lev\u00e9es pour des performances maximum<\/h2>\n<section>La m\u00e9moire gamer\u00a0<strong>Crucial Ballistix MAX<\/strong>\u00a0est con\u00e7ue pour l\u2019overclocking de votre PC gr\u00e2ce \u00e0 ses\u00a0<strong>fr\u00e9quences de fonctionnement \u00e9lev\u00e9es<\/strong>, sa compatibilit\u00e9 avec les\u00a0<strong>profils XMP 2.0<\/strong>\u00a0et sa parfaite compatibilit\u00e9 avec les plateformes Intel et AMD. Son\u00a0<strong>dissipateur thermique noir mat en aluminium extrud\u00e9<\/strong>\u00a0offre une \u00e9limination optimale de la chaleur, et un capteur embarqu\u00e9 permet de surveiller la temp\u00e9rature en temps r\u00e9el.<\/section>\n<section>\n<div class=\"desc-image\"><\/div>\n<div class=\"desc-text\">\n<h2>LES ATOUTS DE LA RAM BALLISTIX MAX :<\/h2>\n<ul>\n<li>Id\u00e9ale pour les amateurs d\u2019overclocking extr\u00eame avec ses fr\u00e9quences de fonctionnement \u00e9lev\u00e9es<\/li>\n<li><strong>Con\u00e7ue pour les derni\u00e8res plateformes AMD et Intel<\/strong><\/li>\n<li>Profils XMP 2.0 pour un overclocking automatique<\/li>\n<li>Dissipateur thermique haute qualit\u00e9 en aluminium extrud\u00e9 pour une \u00e9limination de la chaleur optimale<\/li>\n<li>Un capteur de pr\u00e9cision int\u00e9gr\u00e9 pour surveiller les temp\u00e9ratures<\/li>\n<\/ul>\n<\/div>\n<\/section>\n<section>\n<div class=\"desc-text\">\n<h2>HAUTE COMPATIBILIT\u00c9<\/h2>\n<p>Les ing\u00e9nieurs Ballistix travaillent avec AMD et Intel, mais aussi avec des concepteurs de carte m\u00e8re et des assembleurs, pour s\u2019assurer que leur m\u00e9moire est optimis\u00e9e pour de hautes performances.\u00a0En tant que fabricant de m\u00e9moire, Crucial ne se\u00a0contente\u00a0pas de trier et d&#8217;assembler des composants, mais optimise les performances directement au niveau de la puce. Un gage de qualit\u00e9, de fiabilit\u00e9 \u00e0 long terme et bien s\u00fbr de performances constantes.<\/p>\n<\/div>\n<div class=\"desc-image\"><img decoding=\"async\" src=\"https:\/\/media.ldlc.com\/bo\/images\/fiches\/memoire\/ballistix\/crucial_ballistix_sodimm_001.jpg\" alt=\"\" \/><\/div>\n<\/section>\n<\/div>\n<\/div>\n<\/div>\n<\/div>\n<\/div>\n<\/div>\n<\/div>\n<div class=\"sbloc push-pdt\">\n<div>\n<div class=\"nav-tabs-component nav-tabs-component-grey\">\n<ul class=\"nav nav-tabs\" role=\"tablist\">\n<li class=\"active\" role=\"presentation\"><\/li>\n<\/ul>\n<\/div>\n<\/div>\n<\/div>\n","protected":false},"excerpt":{"rendered":"<h2>LES ATOUTS DE LA RAM BALLISTIX MAX :<\/h2>\n<ul>\n<li>Id\u00e9ale pour les amateurs d\u2019overclocking extr\u00eame avec ses fr\u00e9quences de fonctionnement \u00e9lev\u00e9es<\/li>\n<li><strong>Con\u00e7ue pour les derni\u00e8res plateformes AMD et Intel<\/strong><\/li>\n<li>Profils XMP 2.0 pour un overclocking automatique<\/li>\n<li>Dissipateur thermique haute qualit\u00e9 en aluminium extrud\u00e9 pour une \u00e9limination de la chaleur optimale<\/li>\n<li>Un capteur de pr\u00e9cision int\u00e9gr\u00e9 pour surveiller les temp\u00e9ratures<\/li>\n<\/ul>\n","protected":false},"featured_media":1012758,"template":"","meta":{"_acf_changed":false},"pwb-brand":[],"product_brand":[81],"product_cat":[17,19,18],"product_tag":[],"pcb_component_type":[],"class_list":{"0":"post-7067","1":"product","2":"type-product","3":"status-publish","4":"has-post-thumbnail","6":"product_brand-ballistix","7":"product_cat-composants-gaming","8":"product_cat-ddr4","9":"product_cat-ram","11":"first","12":"outofstock","13":"shipping-taxable","14":"product-type-simple"},"translation":{"provider":"WPGlobus","version":"3.0.2","language":"ru","enabled_languages":["en","es","de","fr","ru"],"languages":{"en":{"title":true,"content":true,"excerpt":true},"es":{"title":false,"content":false,"excerpt":false},"de":{"title":false,"content":false,"excerpt":false},"fr":{"title":false,"content":false,"excerpt":false},"ru":{"title":false,"content":false,"excerpt":false}}},"acf":[],"yoast_head":"<!-- This site is optimized with the Yoast SEO plugin v27.2 - https:\/\/yoast.com\/product\/yoast-seo-wordpress\/ -->\n<title>16GB (8*2) DDR4 BALLISTIX 4000MHZ - Osaka<\/title>\n<meta name=\"robots\" content=\"index, follow, max-snippet:-1, max-image-preview:large, max-video-preview:-1\" \/>\n<link rel=\"canonical\" href=\"https:\/\/osaka.ma\/product\/16gb-82-ddr4-ballistix-4000mhz\/\" \/>\n<meta property=\"og:locale\" content=\"ru_RU\" \/>\n<meta property=\"og:type\" content=\"article\" \/>\n<meta property=\"og:title\" content=\"16GB (8*2) DDR4 BALLISTIX 4000MHZ - Osaka\" \/>\n<meta property=\"og:url\" content=\"https:\/\/osaka.ma\/product\/16gb-82-ddr4-ballistix-4000mhz\/\" \/>\n<meta property=\"og:site_name\" content=\"Osaka\" \/>\n<meta property=\"article:modified_time\" content=\"2025-05-05T11:04:48+00:00\" \/>\n<meta property=\"og:image\" content=\"https:\/\/osaka.ma\/wp-content\/uploads\/2024\/01\/LENOVO-X380-YOGA-4.png\" \/>\n\t<meta property=\"og:image:width\" content=\"1080\" \/>\n\t<meta property=\"og:image:height\" content=\"1080\" \/>\n\t<meta property=\"og:image:type\" content=\"image\/png\" \/>\n<meta name=\"twitter:card\" content=\"summary_large_image\" \/>\n<meta name=\"twitter:label1\" content=\"Est. reading time\" \/>\n\t<meta name=\"twitter:data1\" content=\"2 minutes\" \/>\n<script type=\"application\/ld+json\" class=\"yoast-schema-graph\">{\"@context\":\"https:\/\/schema.org\",\"@graph\":[{\"@type\":\"WebPage\",\"@id\":\"https:\/\/osaka.ma\/product\/16gb-82-ddr4-ballistix-4000mhz\/\",\"url\":\"https:\/\/osaka.ma\/product\/16gb-82-ddr4-ballistix-4000mhz\/\",\"name\":\"16GB (8*2) DDR4 BALLISTIX 4000MHZ - Osaka\",\"isPartOf\":{\"@id\":\"https:\/\/osaka.ma\/#website\"},\"primaryImageOfPage\":{\"@id\":\"https:\/\/osaka.ma\/product\/16gb-82-ddr4-ballistix-4000mhz\/#primaryimage\"},\"image\":{\"@id\":\"https:\/\/osaka.ma\/product\/16gb-82-ddr4-ballistix-4000mhz\/#primaryimage\"},\"thumbnailUrl\":\"https:\/\/osaka.ma\/wp-content\/uploads\/2024\/01\/LENOVO-X380-YOGA-4.png\",\"datePublished\":\"2024-01-18T13:02:35+00:00\",\"dateModified\":\"2025-05-05T11:04:48+00:00\",\"breadcrumb\":{\"@id\":\"https:\/\/osaka.ma\/product\/16gb-82-ddr4-ballistix-4000mhz\/#breadcrumb\"},\"inLanguage\":\"ru-RU\",\"potentialAction\":[{\"@type\":\"ReadAction\",\"target\":[\"https:\/\/osaka.ma\/product\/16gb-82-ddr4-ballistix-4000mhz\/\"]}]},{\"@type\":\"ImageObject\",\"inLanguage\":\"ru-RU\",\"@id\":\"https:\/\/osaka.ma\/product\/16gb-82-ddr4-ballistix-4000mhz\/#primaryimage\",\"url\":\"https:\/\/osaka.ma\/wp-content\/uploads\/2024\/01\/LENOVO-X380-YOGA-4.png\",\"contentUrl\":\"https:\/\/osaka.ma\/wp-content\/uploads\/2024\/01\/LENOVO-X380-YOGA-4.png\",\"width\":1080,\"height\":1080},{\"@type\":\"BreadcrumbList\",\"@id\":\"https:\/\/osaka.ma\/product\/16gb-82-ddr4-ballistix-4000mhz\/#breadcrumb\",\"itemListElement\":[{\"@type\":\"ListItem\",\"position\":1,\"name\":\"Home\",\"item\":\"https:\/\/osaka.ma\/\"},{\"@type\":\"ListItem\",\"position\":2,\"name\":\"Shop\",\"item\":\"https:\/\/osaka.ma\/shop-2\/\"},{\"@type\":\"ListItem\",\"position\":3,\"name\":\"16GB (8*2) DDR4 BALLISTIX 4000MHZ\"}]},{\"@type\":\"WebSite\",\"@id\":\"https:\/\/osaka.ma\/#website\",\"url\":\"https:\/\/osaka.ma\/\",\"name\":\"Osaka\",\"description\":\"\",\"publisher\":{\"@id\":\"https:\/\/osaka.ma\/#organization\"},\"potentialAction\":[{\"@type\":\"SearchAction\",\"target\":{\"@type\":\"EntryPoint\",\"urlTemplate\":\"https:\/\/osaka.ma\/?s={search_term_string}\"},\"query-input\":{\"@type\":\"PropertyValueSpecification\",\"valueRequired\":true,\"valueName\":\"search_term_string\"}}],\"inLanguage\":\"ru-RU\"},{\"@type\":\"Organization\",\"@id\":\"https:\/\/osaka.ma\/#organization\",\"name\":\"Osaka\",\"url\":\"https:\/\/osaka.ma\/\",\"logo\":{\"@type\":\"ImageObject\",\"inLanguage\":\"ru-RU\",\"@id\":\"https:\/\/osaka.ma\/#\/schema\/logo\/image\/\",\"url\":\"https:\/\/osaka.ma\/wp-content\/uploads\/2026\/01\/model-slogan-logo-2Plan-de-travail-1dksl-plus-finnn.png\",\"contentUrl\":\"https:\/\/osaka.ma\/wp-content\/uploads\/2026\/01\/model-slogan-logo-2Plan-de-travail-1dksl-plus-finnn.png\",\"width\":842,\"height\":226,\"caption\":\"Osaka\"},\"image\":{\"@id\":\"https:\/\/osaka.ma\/#\/schema\/logo\/image\/\"}}]}<\/script>\n<!-- \/ Yoast SEO plugin. -->","yoast_head_json":{"title":"16GB (8*2) DDR4 BALLISTIX 4000MHZ - Osaka","robots":{"index":"index","follow":"follow","max-snippet":"max-snippet:-1","max-image-preview":"max-image-preview:large","max-video-preview":"max-video-preview:-1"},"canonical":"https:\/\/osaka.ma\/product\/16gb-82-ddr4-ballistix-4000mhz\/","og_locale":"ru_RU","og_type":"article","og_title":"16GB (8*2) DDR4 BALLISTIX 4000MHZ - Osaka","og_url":"https:\/\/osaka.ma\/product\/16gb-82-ddr4-ballistix-4000mhz\/","og_site_name":"Osaka","article_modified_time":"2025-05-05T11:04:48+00:00","og_image":[{"width":1080,"height":1080,"url":"https:\/\/osaka.ma\/wp-content\/uploads\/2024\/01\/LENOVO-X380-YOGA-4.png","type":"image\/png"}],"twitter_card":"summary_large_image","twitter_misc":{"Est. reading time":"2 minutes"},"schema":{"@context":"https:\/\/schema.org","@graph":[{"@type":"WebPage","@id":"https:\/\/osaka.ma\/product\/16gb-82-ddr4-ballistix-4000mhz\/","url":"https:\/\/osaka.ma\/product\/16gb-82-ddr4-ballistix-4000mhz\/","name":"16GB (8*2) DDR4 BALLISTIX 4000MHZ - Osaka","isPartOf":{"@id":"https:\/\/osaka.ma\/#website"},"primaryImageOfPage":{"@id":"https:\/\/osaka.ma\/product\/16gb-82-ddr4-ballistix-4000mhz\/#primaryimage"},"image":{"@id":"https:\/\/osaka.ma\/product\/16gb-82-ddr4-ballistix-4000mhz\/#primaryimage"},"thumbnailUrl":"https:\/\/osaka.ma\/wp-content\/uploads\/2024\/01\/LENOVO-X380-YOGA-4.png","datePublished":"2024-01-18T13:02:35+00:00","dateModified":"2025-05-05T11:04:48+00:00","breadcrumb":{"@id":"https:\/\/osaka.ma\/product\/16gb-82-ddr4-ballistix-4000mhz\/#breadcrumb"},"inLanguage":"ru-RU","potentialAction":[{"@type":"ReadAction","target":["https:\/\/osaka.ma\/product\/16gb-82-ddr4-ballistix-4000mhz\/"]}]},{"@type":"ImageObject","inLanguage":"ru-RU","@id":"https:\/\/osaka.ma\/product\/16gb-82-ddr4-ballistix-4000mhz\/#primaryimage","url":"https:\/\/osaka.ma\/wp-content\/uploads\/2024\/01\/LENOVO-X380-YOGA-4.png","contentUrl":"https:\/\/osaka.ma\/wp-content\/uploads\/2024\/01\/LENOVO-X380-YOGA-4.png","width":1080,"height":1080},{"@type":"BreadcrumbList","@id":"https:\/\/osaka.ma\/product\/16gb-82-ddr4-ballistix-4000mhz\/#breadcrumb","itemListElement":[{"@type":"ListItem","position":1,"name":"Home","item":"https:\/\/osaka.ma\/"},{"@type":"ListItem","position":2,"name":"Shop","item":"https:\/\/osaka.ma\/shop-2\/"},{"@type":"ListItem","position":3,"name":"16GB (8*2) DDR4 BALLISTIX 4000MHZ"}]},{"@type":"WebSite","@id":"https:\/\/osaka.ma\/#website","url":"https:\/\/osaka.ma\/","name":"Osaka","description":"","publisher":{"@id":"https:\/\/osaka.ma\/#organization"},"potentialAction":[{"@type":"SearchAction","target":{"@type":"EntryPoint","urlTemplate":"https:\/\/osaka.ma\/?s={search_term_string}"},"query-input":{"@type":"PropertyValueSpecification","valueRequired":true,"valueName":"search_term_string"}}],"inLanguage":"ru-RU"},{"@type":"Organization","@id":"https:\/\/osaka.ma\/#organization","name":"Osaka","url":"https:\/\/osaka.ma\/","logo":{"@type":"ImageObject","inLanguage":"ru-RU","@id":"https:\/\/osaka.ma\/#\/schema\/logo\/image\/","url":"https:\/\/osaka.ma\/wp-content\/uploads\/2026\/01\/model-slogan-logo-2Plan-de-travail-1dksl-plus-finnn.png","contentUrl":"https:\/\/osaka.ma\/wp-content\/uploads\/2026\/01\/model-slogan-logo-2Plan-de-travail-1dksl-plus-finnn.png","width":842,"height":226,"caption":"Osaka"},"image":{"@id":"https:\/\/osaka.ma\/#\/schema\/logo\/image\/"}}]}},"jetpack_sharing_enabled":true,"brands":[],"_links":{"self":[{"href":"https:\/\/osaka.ma\/ru\/wp-json\/wp\/v2\/product\/7067","targetHints":{"allow":["GET"]}}],"collection":[{"href":"https:\/\/osaka.ma\/ru\/wp-json\/wp\/v2\/product"}],"about":[{"href":"https:\/\/osaka.ma\/ru\/wp-json\/wp\/v2\/types\/product"}],"version-history":[{"count":0,"href":"https:\/\/osaka.ma\/ru\/wp-json\/wp\/v2\/product\/7067\/revisions"}],"wp:featuredmedia":[{"embeddable":true,"href":"https:\/\/osaka.ma\/ru\/wp-json\/wp\/v2\/media\/1012758"}],"wp:attachment":[{"href":"https:\/\/osaka.ma\/ru\/wp-json\/wp\/v2\/media?parent=7067"}],"wp:term":[{"taxonomy":"pwb-brand","embeddable":true,"href":"https:\/\/osaka.ma\/ru\/wp-json\/wp\/v2\/pwb-brand?post=7067"},{"taxonomy":"product_brand","embeddable":true,"href":"https:\/\/osaka.ma\/ru\/wp-json\/wp\/v2\/product_brand?post=7067"},{"taxonomy":"product_cat","embeddable":true,"href":"https:\/\/osaka.ma\/ru\/wp-json\/wp\/v2\/product_cat?post=7067"},{"taxonomy":"product_tag","embeddable":true,"href":"https:\/\/osaka.ma\/ru\/wp-json\/wp\/v2\/product_tag?post=7067"},{"taxonomy":"pcb_component_type","embeddable":true,"href":"https:\/\/osaka.ma\/ru\/wp-json\/wp\/v2\/pcb_component_type?post=7067"}],"curies":[{"name":"wp","href":"https:\/\/api.w.org\/{rel}","templated":true}]}}