{"id":7133,"date":"2024-01-19T10:47:35","date_gmt":"2024-01-19T10:47:35","guid":{"rendered":"https:\/\/osaka.ma\/?post_type=product&#038;p=7133"},"modified":"2025-04-24T14:07:49","modified_gmt":"2025-04-24T14:07:49","slug":"nzxt-h5-flow-rgb-black","status":"publish","type":"product","link":"https:\/\/osaka.ma\/ru\/product\/nzxt-h5-flow-rgb-black\/","title":{"rendered":"NZXT H5 FLOW RGB BLACK"},"content":{"rendered":"<div class=\"logo\"><a href=\"https:\/\/www.ldlc.com\/nzxt\/bint000033854\/\" rel=\"nofollow noopener\" target=\"_blank\"><img decoding=\"async\" src=\"https:\/\/media.ldlc.com\/v3\/marque\/bo\/00\/04\/12\/58\/V30004125858_2.jpg\" alt=\"NZXT\" \/><\/a><\/div>\n<div id=\"description\" class=\"description\">\n<div class=\"details-pdt-desc\">\n<h2 class=\"h2-master\">Bo\u00eetier Gaming moyen tour RGB<\/h2>\n<section>Le\u00a0<strong>NZXT H5 Flow RGB\u00a0<\/strong>est un bo\u00eetier PC Gaming moderne \u00e9quip\u00e9 d&#8217;un panneau lat\u00e9ral en verre tremp\u00e9 et de ventilateurs RGB 140 mm en fa\u00e7ade. Il dispose de toutes les caract\u00e9ristiques que l&#8217;on est en droit d&#8217;attendre d&#8217;un bo\u00eetier PC Gaming : performances de refroidissement, modularit\u00e9, design et espace large pour tous les composants. Son verre tremp\u00e9 de teinte fonc\u00e9e et ses deux ventilateurs RVB Core s\u00e9rie F de 140 mm en fa\u00e7ade lui conf\u00e8rent un look unique.<\/section>\n<section>\n<div class=\"desc-image\"><img decoding=\"async\" src=\"https:\/\/media.ldlc.com\/bo\/images\/fiches\/Bo%C3%AEtier_PC\/NZXT\/h5_flow_rgb_001.jpg\" alt=\"\" \/><\/div>\n<div class=\"desc-text\">\n<h2>AIRFLOW HAUTE PERFORMANCE<\/h2>\n<p>Le H5 Flow RGB est \u00e9quip\u00e9 de deux ventilateurs F140 RGB Core pr\u00e9install\u00e9s et de deux ventilateurs F120Q Quiet Airflow pour que ce moyen-tour compact reste vraiment froid. Avec des performances thermiques optimis\u00e9es et une gestion intuitive des c\u00e2bles, le H5 Flow est un ch\u00e2ssis id\u00e9al pour la plupart des builds.<\/p>\n<ul>\n<li>Le ventilateur sp\u00e9cifique situ\u00e9 sur le panneau int\u00e9rieur inf\u00e9rieur est inclin\u00e9 pour refroidir la carte graphique<\/li>\n<li>Panneau avant perfor\u00e9 pour une ventilation optimale<\/li>\n<li>Syst\u00e8me intuitif de gestion des c\u00e2bles avec de larges canaux, des crochets et des sangles<\/li>\n<li>L&#8217;acc\u00e8s aux panneaux avant et lat\u00e9raux se fait sans outil<\/li>\n<li>Le panneau avant supporte jusqu&#8217;\u00e0 deux ventilateurs de 140 mm ou un radiateur de 280 mm.<\/li>\n<li>Le panneau sup\u00e9rieur supporte jusqu&#8217;\u00e0 deux ventilateurs de 120 mm ou un radiateur de 240 mm.<\/li>\n<li>Comprend deux ventilateurs F140 RGB Core pr\u00e9install\u00e9s et deux ventilateurs F120Q Quiet Airflow<\/li>\n<li>Permet de connecter plusieurs ventilateurs F140 RGB Core \u00e0 l&#8217;en-t\u00eate 5V ARGB de la carte m\u00e8re<\/li>\n<\/ul>\n<\/div>\n<\/section>\n<section>\n<div class=\"desc-text\">\n<h2>ESPACE INT\u00c9RIEUR G\u00c9N\u00c9REUX<\/h2>\n<p>Ce bo\u00eetier est compatible avec la plupart des cartes graphiques NVIDIA GeForce RTX de s\u00e9rie 40 gr\u00e2ce \u00e0 son espace libre de 400\u00a0mm. En outre il dispose d&#8217;un support de radiateur mesurant jusqu\u2019\u00e0 280\u00a0mm \u00e0 l&#8217;avant, 240\u00a0mm en hauteur et 120\u00a0mm \u00e0 l&#8217;arri\u00e8re. Peut accueillir jusqu&#8217;\u00e0 6\u00a0ventilateurs, y compris le ventilateur d\u00e9di\u00e9 au processeur.<\/p>\n<\/div>\n<div class=\"desc-image\"><img decoding=\"async\" src=\"https:\/\/media.ldlc.com\/bo\/images\/fiches\/Bo%C3%AEtier_PC\/NZXT\/h5_flow_rgb_002.jpg\" alt=\"\" \/><\/div>\n<\/section>\n<\/div>\n<\/div>\n","protected":false},"excerpt":{"rendered":"<h2 class=\"h2-master\">Bo\u00eetier Gaming moyen tour RGB<\/h2>\n<section>Le\u00a0<strong>NZXT H5 Flow RGB\u00a0<\/strong>est un bo\u00eetier PC Gaming moderne \u00e9quip\u00e9 d&#8217;un panneau lat\u00e9ral en verre tremp\u00e9 et de ventilateurs RGB 140 mm en fa\u00e7ade. Il dispose de toutes les caract\u00e9ristiques que l&#8217;on est en droit d&#8217;attendre d&#8217;un bo\u00eetier PC Gaming : performances de refroidissement, modularit\u00e9, design et espace large pour tous les composants. Son verre tremp\u00e9 de teinte fonc\u00e9e et ses deux ventilateurs RVB Core s\u00e9rie F de 140 mm en fa\u00e7ade lui conf\u00e8rent un look unique.<\/section>\n","protected":false},"featured_media":1007134,"template":"","meta":{"_acf_changed":false},"pwb-brand":[],"product_brand":[28],"product_cat":[27,17],"product_tag":[],"pcb_component_type":[],"class_list":{"0":"post-7133","1":"product","2":"type-product","3":"status-publish","4":"has-post-thumbnail","6":"product_brand-nzxt","7":"product_cat-boitiers-pc","8":"product_cat-composants-gaming","10":"first","11":"outofstock","12":"shipping-taxable","13":"product-type-simple"},"translation":{"provider":"WPGlobus","version":"3.0.2","language":"ru","enabled_languages":["en","es","de","fr","ru"],"languages":{"en":{"title":true,"content":true,"excerpt":true},"es":{"title":false,"content":false,"excerpt":false},"de":{"title":false,"content":false,"excerpt":false},"fr":{"title":false,"content":false,"excerpt":false},"ru":{"title":false,"content":false,"excerpt":false}}},"acf":[],"yoast_head":"<!-- This site is optimized with the Yoast SEO plugin v27.2 - https:\/\/yoast.com\/product\/yoast-seo-wordpress\/ -->\n<title>NZXT H5 FLOW RGB BLACK - Osaka<\/title>\n<meta name=\"robots\" content=\"index, follow, max-snippet:-1, max-image-preview:large, max-video-preview:-1\" \/>\n<link rel=\"canonical\" href=\"https:\/\/osaka.ma\/product\/nzxt-h5-flow-rgb-black\/\" \/>\n<meta property=\"og:locale\" content=\"ru_RU\" \/>\n<meta property=\"og:type\" content=\"article\" \/>\n<meta property=\"og:title\" content=\"NZXT H5 FLOW RGB BLACK - Osaka\" \/>\n<meta property=\"og:url\" content=\"https:\/\/osaka.ma\/product\/nzxt-h5-flow-rgb-black\/\" \/>\n<meta property=\"og:site_name\" content=\"Osaka\" \/>\n<meta property=\"article:modified_time\" content=\"2025-04-24T14:07:49+00:00\" \/>\n<meta property=\"og:image\" content=\"https:\/\/osaka.ma\/wp-content\/uploads\/2024\/01\/NZXT-H5-FLOW-RGB-BLACK-1.jpg\" \/>\n\t<meta property=\"og:image:width\" content=\"374\" \/>\n\t<meta property=\"og:image:height\" content=\"374\" \/>\n\t<meta property=\"og:image:type\" content=\"image\/jpeg\" \/>\n<meta name=\"twitter:card\" content=\"summary_large_image\" \/>\n<meta name=\"twitter:label1\" content=\"Est. reading time\" \/>\n\t<meta name=\"twitter:data1\" content=\"3 minutes\" \/>\n<script type=\"application\/ld+json\" class=\"yoast-schema-graph\">{\"@context\":\"https:\/\/schema.org\",\"@graph\":[{\"@type\":\"WebPage\",\"@id\":\"https:\/\/osaka.ma\/product\/nzxt-h5-flow-rgb-black\/\",\"url\":\"https:\/\/osaka.ma\/product\/nzxt-h5-flow-rgb-black\/\",\"name\":\"NZXT H5 FLOW RGB BLACK - Osaka\",\"isPartOf\":{\"@id\":\"https:\/\/osaka.ma\/#website\"},\"primaryImageOfPage\":{\"@id\":\"https:\/\/osaka.ma\/product\/nzxt-h5-flow-rgb-black\/#primaryimage\"},\"image\":{\"@id\":\"https:\/\/osaka.ma\/product\/nzxt-h5-flow-rgb-black\/#primaryimage\"},\"thumbnailUrl\":\"https:\/\/osaka.ma\/wp-content\/uploads\/2024\/01\/NZXT-H5-FLOW-RGB-BLACK-1.jpg\",\"datePublished\":\"2024-01-19T10:47:35+00:00\",\"dateModified\":\"2025-04-24T14:07:49+00:00\",\"breadcrumb\":{\"@id\":\"https:\/\/osaka.ma\/product\/nzxt-h5-flow-rgb-black\/#breadcrumb\"},\"inLanguage\":\"ru-RU\",\"potentialAction\":[{\"@type\":\"ReadAction\",\"target\":[\"https:\/\/osaka.ma\/product\/nzxt-h5-flow-rgb-black\/\"]}]},{\"@type\":\"ImageObject\",\"inLanguage\":\"ru-RU\",\"@id\":\"https:\/\/osaka.ma\/product\/nzxt-h5-flow-rgb-black\/#primaryimage\",\"url\":\"https:\/\/osaka.ma\/wp-content\/uploads\/2024\/01\/NZXT-H5-FLOW-RGB-BLACK-1.jpg\",\"contentUrl\":\"https:\/\/osaka.ma\/wp-content\/uploads\/2024\/01\/NZXT-H5-FLOW-RGB-BLACK-1.jpg\",\"width\":374,\"height\":374},{\"@type\":\"BreadcrumbList\",\"@id\":\"https:\/\/osaka.ma\/product\/nzxt-h5-flow-rgb-black\/#breadcrumb\",\"itemListElement\":[{\"@type\":\"ListItem\",\"position\":1,\"name\":\"Home\",\"item\":\"https:\/\/osaka.ma\/\"},{\"@type\":\"ListItem\",\"position\":2,\"name\":\"Shop\",\"item\":\"https:\/\/osaka.ma\/shop-2\/\"},{\"@type\":\"ListItem\",\"position\":3,\"name\":\"NZXT H5 FLOW RGB BLACK\"}]},{\"@type\":\"WebSite\",\"@id\":\"https:\/\/osaka.ma\/#website\",\"url\":\"https:\/\/osaka.ma\/\",\"name\":\"Osaka\",\"description\":\"\",\"publisher\":{\"@id\":\"https:\/\/osaka.ma\/#organization\"},\"potentialAction\":[{\"@type\":\"SearchAction\",\"target\":{\"@type\":\"EntryPoint\",\"urlTemplate\":\"https:\/\/osaka.ma\/?s={search_term_string}\"},\"query-input\":{\"@type\":\"PropertyValueSpecification\",\"valueRequired\":true,\"valueName\":\"search_term_string\"}}],\"inLanguage\":\"ru-RU\"},{\"@type\":\"Organization\",\"@id\":\"https:\/\/osaka.ma\/#organization\",\"name\":\"Osaka\",\"url\":\"https:\/\/osaka.ma\/\",\"logo\":{\"@type\":\"ImageObject\",\"inLanguage\":\"ru-RU\",\"@id\":\"https:\/\/osaka.ma\/#\/schema\/logo\/image\/\",\"url\":\"https:\/\/osaka.ma\/wp-content\/uploads\/2026\/01\/model-slogan-logo-2Plan-de-travail-1dksl-plus-finnn.png\",\"contentUrl\":\"https:\/\/osaka.ma\/wp-content\/uploads\/2026\/01\/model-slogan-logo-2Plan-de-travail-1dksl-plus-finnn.png\",\"width\":842,\"height\":226,\"caption\":\"Osaka\"},\"image\":{\"@id\":\"https:\/\/osaka.ma\/#\/schema\/logo\/image\/\"}}]}<\/script>\n<!-- \/ Yoast SEO plugin. -->","yoast_head_json":{"title":"NZXT H5 FLOW RGB BLACK - Osaka","robots":{"index":"index","follow":"follow","max-snippet":"max-snippet:-1","max-image-preview":"max-image-preview:large","max-video-preview":"max-video-preview:-1"},"canonical":"https:\/\/osaka.ma\/product\/nzxt-h5-flow-rgb-black\/","og_locale":"ru_RU","og_type":"article","og_title":"NZXT H5 FLOW RGB BLACK - Osaka","og_url":"https:\/\/osaka.ma\/product\/nzxt-h5-flow-rgb-black\/","og_site_name":"Osaka","article_modified_time":"2025-04-24T14:07:49+00:00","og_image":[{"width":374,"height":374,"url":"https:\/\/osaka.ma\/wp-content\/uploads\/2024\/01\/NZXT-H5-FLOW-RGB-BLACK-1.jpg","type":"image\/jpeg"}],"twitter_card":"summary_large_image","twitter_misc":{"Est. reading time":"3 minutes"},"schema":{"@context":"https:\/\/schema.org","@graph":[{"@type":"WebPage","@id":"https:\/\/osaka.ma\/product\/nzxt-h5-flow-rgb-black\/","url":"https:\/\/osaka.ma\/product\/nzxt-h5-flow-rgb-black\/","name":"NZXT H5 FLOW RGB BLACK - Osaka","isPartOf":{"@id":"https:\/\/osaka.ma\/#website"},"primaryImageOfPage":{"@id":"https:\/\/osaka.ma\/product\/nzxt-h5-flow-rgb-black\/#primaryimage"},"image":{"@id":"https:\/\/osaka.ma\/product\/nzxt-h5-flow-rgb-black\/#primaryimage"},"thumbnailUrl":"https:\/\/osaka.ma\/wp-content\/uploads\/2024\/01\/NZXT-H5-FLOW-RGB-BLACK-1.jpg","datePublished":"2024-01-19T10:47:35+00:00","dateModified":"2025-04-24T14:07:49+00:00","breadcrumb":{"@id":"https:\/\/osaka.ma\/product\/nzxt-h5-flow-rgb-black\/#breadcrumb"},"inLanguage":"ru-RU","potentialAction":[{"@type":"ReadAction","target":["https:\/\/osaka.ma\/product\/nzxt-h5-flow-rgb-black\/"]}]},{"@type":"ImageObject","inLanguage":"ru-RU","@id":"https:\/\/osaka.ma\/product\/nzxt-h5-flow-rgb-black\/#primaryimage","url":"https:\/\/osaka.ma\/wp-content\/uploads\/2024\/01\/NZXT-H5-FLOW-RGB-BLACK-1.jpg","contentUrl":"https:\/\/osaka.ma\/wp-content\/uploads\/2024\/01\/NZXT-H5-FLOW-RGB-BLACK-1.jpg","width":374,"height":374},{"@type":"BreadcrumbList","@id":"https:\/\/osaka.ma\/product\/nzxt-h5-flow-rgb-black\/#breadcrumb","itemListElement":[{"@type":"ListItem","position":1,"name":"Home","item":"https:\/\/osaka.ma\/"},{"@type":"ListItem","position":2,"name":"Shop","item":"https:\/\/osaka.ma\/shop-2\/"},{"@type":"ListItem","position":3,"name":"NZXT H5 FLOW RGB BLACK"}]},{"@type":"WebSite","@id":"https:\/\/osaka.ma\/#website","url":"https:\/\/osaka.ma\/","name":"Osaka","description":"","publisher":{"@id":"https:\/\/osaka.ma\/#organization"},"potentialAction":[{"@type":"SearchAction","target":{"@type":"EntryPoint","urlTemplate":"https:\/\/osaka.ma\/?s={search_term_string}"},"query-input":{"@type":"PropertyValueSpecification","valueRequired":true,"valueName":"search_term_string"}}],"inLanguage":"ru-RU"},{"@type":"Organization","@id":"https:\/\/osaka.ma\/#organization","name":"Osaka","url":"https:\/\/osaka.ma\/","logo":{"@type":"ImageObject","inLanguage":"ru-RU","@id":"https:\/\/osaka.ma\/#\/schema\/logo\/image\/","url":"https:\/\/osaka.ma\/wp-content\/uploads\/2026\/01\/model-slogan-logo-2Plan-de-travail-1dksl-plus-finnn.png","contentUrl":"https:\/\/osaka.ma\/wp-content\/uploads\/2026\/01\/model-slogan-logo-2Plan-de-travail-1dksl-plus-finnn.png","width":842,"height":226,"caption":"Osaka"},"image":{"@id":"https:\/\/osaka.ma\/#\/schema\/logo\/image\/"}}]}},"jetpack_sharing_enabled":true,"brands":[],"_links":{"self":[{"href":"https:\/\/osaka.ma\/ru\/wp-json\/wp\/v2\/product\/7133","targetHints":{"allow":["GET"]}}],"collection":[{"href":"https:\/\/osaka.ma\/ru\/wp-json\/wp\/v2\/product"}],"about":[{"href":"https:\/\/osaka.ma\/ru\/wp-json\/wp\/v2\/types\/product"}],"version-history":[{"count":0,"href":"https:\/\/osaka.ma\/ru\/wp-json\/wp\/v2\/product\/7133\/revisions"}],"wp:featuredmedia":[{"embeddable":true,"href":"https:\/\/osaka.ma\/ru\/wp-json\/wp\/v2\/media\/1007134"}],"wp:attachment":[{"href":"https:\/\/osaka.ma\/ru\/wp-json\/wp\/v2\/media?parent=7133"}],"wp:term":[{"taxonomy":"pwb-brand","embeddable":true,"href":"https:\/\/osaka.ma\/ru\/wp-json\/wp\/v2\/pwb-brand?post=7133"},{"taxonomy":"product_brand","embeddable":true,"href":"https:\/\/osaka.ma\/ru\/wp-json\/wp\/v2\/product_brand?post=7133"},{"taxonomy":"product_cat","embeddable":true,"href":"https:\/\/osaka.ma\/ru\/wp-json\/wp\/v2\/product_cat?post=7133"},{"taxonomy":"product_tag","embeddable":true,"href":"https:\/\/osaka.ma\/ru\/wp-json\/wp\/v2\/product_tag?post=7133"},{"taxonomy":"pcb_component_type","embeddable":true,"href":"https:\/\/osaka.ma\/ru\/wp-json\/wp\/v2\/pcb_component_type?post=7133"}],"curies":[{"name":"wp","href":"https:\/\/api.w.org\/{rel}","templated":true}]}}