{"id":7824,"date":"2024-03-21T12:44:18","date_gmt":"2024-03-21T12:44:18","guid":{"rendered":"https:\/\/osaka.ma\/?post_type=product&#038;p=7824"},"modified":"2024-12-18T15:35:51","modified_gmt":"2024-12-18T15:35:51","slug":"pc-gamer-i5-13500-32gb-1tb-rtx4060ti","status":"publish","type":"product","link":"https:\/\/osaka.ma\/ru\/product\/pc-gamer-i5-13500-32gb-1tb-rtx4060ti\/","title":{"rendered":"PC Gamer I5-13500\/32GB\/1TB\/RTX4060TI"},"content":{"rendered":"<p><i>PC Gamer Osaka vous offre une configuration INTEL avec des composants \u00e9quilibr\u00e9e avec un bon prix, ce PC Gamer compos\u00e9 d\u2019un processeur INTEL\u00ae CORE\u2122 I5-13500\u00a0 ainsi que d\u2019une carte graphique NVIDIA GEFORCE MSI VENTUS XS\u00a0 RTX 4060TI 8GB\u00a0 Il int\u00e8gre \u00e9galement un SSD 1TB pour un syst\u00e8me toujours plus rapide et 32 Go de RAM. Voila les atouts de ce PC puissant taill\u00e9 pour travailler dans les meilleures conditions.<\/i><\/p>\n<ul>\n<li>Processeur\u00a0<a href=\"https:\/\/osaka.ma\/produit\/intel-core-i5-13500-2-5-ghz-4-8-ghz\/\"><strong>INTEL\u00ae CORE\u2122 I5-13500 (24 Mo de cache, jusqu\u2019\u00e0 4,80 GHz)<\/strong><\/a><\/li>\n<li>Carte m\u00e8re<strong>\u00a0<a href=\"https:\/\/osaka.ma\/produit\/msi-b660m-e-ddr4\/\">MSI B660M-E DDR4<\/a><\/strong><\/li>\n<li>Ram <a href=\"https:\/\/osaka.ma\/produit\/32gb-corsair-lpx-16x2-3200mhz\/\"><strong>32GB CORSAIR LPX (16\u00d72) 3200MHZ<\/strong><\/a><\/li>\n<li>Carte graphique <a href=\"https:\/\/osaka.ma\/produit\/msi-ventus-rtx-4060-ti-8gb\/\"><strong>MSI VENTUS XS RTX 4060TI 8GB<\/strong><\/a><\/li>\n<li>Bo\u00eetier<a href=\"https:\/\/osaka.ma\/produit\/cooler-master-td300-white\/\"><strong> COOLER MASTER TD300 WHITE<\/strong><\/a><\/li>\n<li>SSD\u00a0<a href=\"https:\/\/osaka.ma\/produit\/1tb-teamgroup-mp33-m-2-pcie-nvme\/\"><strong>1TB TEAMGROUP MP33 NVME<\/strong><\/a><\/li>\n<li>Ventirad\u00a0<a href=\"https:\/\/osaka.ma\/produit\/aerocool-cylon-4f-2\/\"><strong>COOLER MASTER HYPER 212 RGB\u00a0<\/strong><\/a><\/li>\n<li>Alimentation <a href=\"https:\/\/osaka.ma\/produit\/aerocool-lux-650w-atx-80plus-bronze\/\"><strong>AEROCOOL LUX 650W 80PLUS BRONZE<\/strong><\/a><\/li>\n<li><strong>Win11 \/ Bien assembl\u00e9<\/strong><\/li>\n<\/ul>\n<p>&nbsp;<\/p>\n<div><\/div>\n<div class=\"desc-image\"><img fetchpriority=\"high\" decoding=\"async\" class=\"\" src=\"https:\/\/media.ldlc.com\/bo\/images\/fiches\/Processeur\/Intel\/intel_core_14th_003.jpg\" alt=\"\" width=\"764\" height=\"432\" \/><\/div>\n<div><\/div>\n<div><\/div>\n<div class=\"desc-text\">\n<ul>\n<li>\n<h2>INTEL CORE I5-13500 14-CORE (6P+8E)<\/h2>\n<ul>\n<li>Processeur\u00a0<strong>16 Cores<\/strong> \/ 20 Threads<\/li>\n<li><strong>6 Performance-Cores<\/strong>\u00a0(3.2\u00a0GHz &#8211; 5.2\u00a0GHz) + 8 Efficient-Cores (2.4\u00a0GHz &#8211; 3.9\u00a0GHz)<\/li>\n<li>Cache\u00a0<strong>L3 24 Mo<\/strong>\u00a0+ Cache L2 14\u00a0Mo<\/li>\n<li><strong>Unlocked\u00a0<\/strong>(co\u00e9fficient multiplicateur d\u00e9bloqu\u00e9 pour l&#8217;overclocking)<\/li>\n<li>IGP : Intel UHD Graphics 770<\/li>\n<li>Contr\u00f4leur m\u00e9moire : DDR4 \/\u00a0<strong>DDR5<\/strong><\/li>\n<li>Compatible\u00a0<strong>PCI-E 5.0<\/strong><\/li>\n<li>TDP\u00a0: 125W<\/li>\n<li>TDP max. (Turbo Power) : 154W<\/li>\n<\/ul>\n<\/li>\n<\/ul>\n<\/div>\n<p>&nbsp;<\/p>\n<div class=\"desc-text\">\n<h2>NVIDIA RTX 4060TI : LA MEILLEURE FA\u00c7ON DE JOUER<\/h2>\n<p>Gr\u00e2ce au\u00a0<strong>DLSS 3<\/strong>, au\u00a0<strong>ray tracing \u00e0 haute vitesse<\/strong>\u00a0et aux\u00a0<strong>performances acc\u00e9l\u00e9r\u00e9es par IA<\/strong>, la\u00a0<strong>carte graphique NVIDIA GeForce RTX 4060TI <\/strong>vous permet d\u2019obtenir une qualit\u00e9 graphique exceptionnelle pour jouer dans les meilleures conditions. Immersion totale garantie gr\u00e2ce \u00e0 des graphismes ultra-r\u00e9alistes. Sans oublier bien s\u00fbr la possibilit\u00e9 de cr\u00e9er des contenus r\u00e9volutionnaires rapidement et en toute simplicit\u00e9.<\/p>\n<\/div>\n<div class=\"desc-image\"><img decoding=\"async\" src=\"https:\/\/media.ldlc.com\/bo\/images\/fiches\/Carte_graphique\/NVIDIA\/nvidia_ada_lovelace_003.jpg\" alt=\"\" \/><\/div>\n<div><\/div>\n<div>\n<h2 class=\"h2-master\">Ma\u00eetrisez parfaitement votre setup<\/h2>\n<section>B\u00e9n\u00e9ficiez d&#8217;un environnement optimal pour vos composants gr\u00e2ce \u00e0 la conception du\u00a0<strong>bo\u00eetier Cooler Master MasterBox TD300 Mesh<\/strong>. Port\u00e9 par une fa\u00e7ade mesh et 2 ventilateurs Sickleflow ARGB 120 mm, ce mod\u00e8le proposera un flux d&#8217;air efficace. Il se montre \u00e9galement \u00e9volutif avec une cage de disques amovible, une prise en charge de GPU jusqu&#8217;\u00e0 344 mm et un ventirad jusqu&#8217;\u00e0 166 mm de haut.<\/section>\n<section>\n<div class=\"desc-image\"><img decoding=\"async\" class=\"\" src=\"https:\/\/media.ldlc.com\/bo\/images\/fiches\/bo%c3%aetier_pc\/cooler_master\/td300_mesh\/mesh.jpg\" alt=\"\" width=\"864\" height=\"540\" \/><\/div>\n<div class=\"desc-text\">\n<h2>CONCEPTION OPTIMIS\u00c9E<\/h2>\n<p>Le bo\u00eetier Cooler Master MasterBox TD300 Mesh utilise la technologie FineMesh pour permettre \u00e0 sa\u00a0<strong>fa\u00e7ade en mesh polygonal<\/strong>\u00a0d&#8217;offrir un flux d&#8217;air maximis\u00e9 et d&#8217;assurer la filtration de la poussi\u00e8re. Sur le c\u00f4t\u00e9, la\u00a0<strong>fen\u00eatre en verre tremp\u00e9<\/strong>\u00a0offre une vue imprenable sur vos composants. De son c\u00f4t\u00e9, le panneau sup\u00e9rieur s&#8217;enl\u00e8ve enti\u00e8rement favorisant ainsi l&#8217;acc\u00e8s pour l&#8217;installation des ventilateurs et radiateurs.<\/p>\n<p>Evolutif, ce mod\u00e8le dispose d&#8217;une\u00a0<strong>cage de disques amovible<\/strong>\u00a0avec un placement vers l&#8217;avant, l&#8217;arri\u00e8re ou tout simplement retir\u00e9. Le stockage permet de mettre en place jusqu&#8217;\u00e0 4 disques 2.5&#8243;.<\/p>\n<div class=\"desc-text\">\n<h2>UNE BONNE DOSE D&#8217;AIR FRAIS<\/h2>\n<p>C\u00f4t\u00e9 refroidissement, le bo\u00eetier TD300 Mesh dispose de\u00a0<strong>6 emplacements de 120 mm<\/strong>\u00a0pour monter vos ventilateurs.\u00a0<strong>2 ventilateurs ARGB PWM sont pr\u00e9-install\u00e9s<\/strong>\u00a0\u00e0 l&#8217;avant. Le hub ARGB est \u00e9galement inclus pour personnaliser votre \u00e9clairage selon vos envies. Vous aurez \u00e9galement la possibilit\u00e9 d&#8217;installer un syst\u00e8me watercooling pour mettre vos composants internes dans les meilleures conditions.<\/p>\n<\/div>\n<div class=\"desc-image\"><img decoding=\"async\" src=\"https:\/\/media.ldlc.com\/bo\/images\/fiches\/bo%c3%aetier_pc\/cooler_master\/td300_mesh\/refroidissement.jpg\" alt=\"\" \/><\/div>\n<\/div>\n<\/section>\n<\/div>\n","protected":false},"excerpt":{"rendered":"<p><i>PC Gamer Osaka vous offre une configuration INTEL avec des composants \u00e9quilibr\u00e9e avec un bon prix, ce PC Gamer compos\u00e9 d\u2019un processeur INTEL\u00ae CORE\u2122 I5-13500\u00a0 ainsi que d\u2019une carte graphique NVIDIA GEFORCE MSI VENTUS XS\u00a0 RTX 4060TI 8GB\u00a0 Il int\u00e8gre \u00e9galement un SSD 1TB pour un syst\u00e8me toujours plus rapide et 32 Go de RAM. Voila les atouts de ce PC puissant taill\u00e9 pour travailler dans les meilleures conditions.<\/i><\/p>\n<ul>\n<li>Processeur\u00a0<strong>INTEL\u00ae CORE\u2122 I5-13500 (24 Mo de cache, jusqu\u2019\u00e0 4,80 GHz)<\/strong><\/li>\n<li>Carte m\u00e8re<strong>\u00a0MSI B660M-E DDR4<\/strong><\/li>\n<li>Ram <strong>32GB CORSAIR LPX (16\u00d72) 3200MHZ<\/strong><\/li>\n<li>Carte graphique <strong>MSI V<\/strong><strong>ENTUS XS RTX 4060TI 8GB<\/strong><\/li>\n<li>Bo\u00eetier<strong> COOLER MASTER TD300 WHITE<\/strong><\/li>\n<li>SSD\u00a0<strong>1TB TEAMGROUP MP33 NVME<\/strong><\/li>\n<li>Ventirad\u00a0<strong>COOLER MASTER HYPER 212 RGB\u00a0<\/strong><\/li>\n<li>Alimentation <strong>AEROCOOL LUX 650W 80PLUS BRONZE<\/strong><\/li>\n<li><strong>Win11 \/ Bien assembl\u00e9<\/strong><\/li>\n<\/ul>\n","protected":false},"featured_media":1007825,"template":"","meta":{"_acf_changed":false},"pwb-brand":[],"product_brand":[],"product_cat":[57,53],"product_tag":[],"pcb_component_type":[],"class_list":{"0":"post-7824","1":"product","2":"type-product","3":"status-publish","4":"has-post-thumbnail","6":"product_cat-intel","7":"product_cat-pc-gamer","9":"first","10":"outofstock","11":"shipping-taxable","12":"product-type-simple"},"translation":{"provider":"WPGlobus","version":"3.0.2","language":"ru","enabled_languages":["en","es","de","fr","ru"],"languages":{"en":{"title":true,"content":true,"excerpt":true},"es":{"title":false,"content":false,"excerpt":false},"de":{"title":false,"content":false,"excerpt":false},"fr":{"title":false,"content":false,"excerpt":false},"ru":{"title":false,"content":false,"excerpt":false}}},"acf":[],"yoast_head":"<!-- This site is optimized with the Yoast SEO plugin v27.2 - https:\/\/yoast.com\/product\/yoast-seo-wordpress\/ -->\n<title>PC Gamer I5-13500\/32GB\/1TB\/RTX4060TI - Osaka<\/title>\n<meta name=\"robots\" content=\"index, follow, max-snippet:-1, max-image-preview:large, max-video-preview:-1\" \/>\n<link rel=\"canonical\" href=\"https:\/\/osaka.ma\/product\/pc-gamer-i5-13500-32gb-1tb-rtx4060ti\/\" \/>\n<meta property=\"og:locale\" content=\"ru_RU\" \/>\n<meta property=\"og:type\" content=\"article\" \/>\n<meta property=\"og:title\" content=\"PC Gamer I5-13500\/32GB\/1TB\/RTX4060TI - Osaka\" \/>\n<meta property=\"og:url\" content=\"https:\/\/osaka.ma\/product\/pc-gamer-i5-13500-32gb-1tb-rtx4060ti\/\" \/>\n<meta property=\"og:site_name\" content=\"Osaka\" \/>\n<meta property=\"article:modified_time\" content=\"2024-12-18T15:35:51+00:00\" \/>\n<meta property=\"og:image\" content=\"https:\/\/osaka.ma\/wp-content\/uploads\/2024\/03\/CONFIG-12990DH-FOR-WEBSITE.png\" \/>\n\t<meta property=\"og:image:width\" content=\"1080\" \/>\n\t<meta property=\"og:image:height\" content=\"1080\" \/>\n\t<meta property=\"og:image:type\" content=\"image\/png\" \/>\n<meta name=\"twitter:card\" content=\"summary_large_image\" \/>\n<meta name=\"twitter:label1\" content=\"Est. reading time\" \/>\n\t<meta name=\"twitter:data1\" content=\"4 minutes\" \/>\n<script type=\"application\/ld+json\" class=\"yoast-schema-graph\">{\"@context\":\"https:\/\/schema.org\",\"@graph\":[{\"@type\":\"WebPage\",\"@id\":\"https:\/\/osaka.ma\/product\/pc-gamer-i5-13500-32gb-1tb-rtx4060ti\/\",\"url\":\"https:\/\/osaka.ma\/product\/pc-gamer-i5-13500-32gb-1tb-rtx4060ti\/\",\"name\":\"PC Gamer I5-13500\/32GB\/1TB\/RTX4060TI - Osaka\",\"isPartOf\":{\"@id\":\"https:\/\/osaka.ma\/#website\"},\"primaryImageOfPage\":{\"@id\":\"https:\/\/osaka.ma\/product\/pc-gamer-i5-13500-32gb-1tb-rtx4060ti\/#primaryimage\"},\"image\":{\"@id\":\"https:\/\/osaka.ma\/product\/pc-gamer-i5-13500-32gb-1tb-rtx4060ti\/#primaryimage\"},\"thumbnailUrl\":\"https:\/\/osaka.ma\/wp-content\/uploads\/2024\/03\/CONFIG-12990DH-FOR-WEBSITE.png\",\"datePublished\":\"2024-03-21T12:44:18+00:00\",\"dateModified\":\"2024-12-18T15:35:51+00:00\",\"breadcrumb\":{\"@id\":\"https:\/\/osaka.ma\/product\/pc-gamer-i5-13500-32gb-1tb-rtx4060ti\/#breadcrumb\"},\"inLanguage\":\"ru-RU\",\"potentialAction\":[{\"@type\":\"ReadAction\",\"target\":[\"https:\/\/osaka.ma\/product\/pc-gamer-i5-13500-32gb-1tb-rtx4060ti\/\"]}]},{\"@type\":\"ImageObject\",\"inLanguage\":\"ru-RU\",\"@id\":\"https:\/\/osaka.ma\/product\/pc-gamer-i5-13500-32gb-1tb-rtx4060ti\/#primaryimage\",\"url\":\"https:\/\/osaka.ma\/wp-content\/uploads\/2024\/03\/CONFIG-12990DH-FOR-WEBSITE.png\",\"contentUrl\":\"https:\/\/osaka.ma\/wp-content\/uploads\/2024\/03\/CONFIG-12990DH-FOR-WEBSITE.png\",\"width\":1080,\"height\":1080},{\"@type\":\"BreadcrumbList\",\"@id\":\"https:\/\/osaka.ma\/product\/pc-gamer-i5-13500-32gb-1tb-rtx4060ti\/#breadcrumb\",\"itemListElement\":[{\"@type\":\"ListItem\",\"position\":1,\"name\":\"Home\",\"item\":\"https:\/\/osaka.ma\/\"},{\"@type\":\"ListItem\",\"position\":2,\"name\":\"Shop\",\"item\":\"https:\/\/osaka.ma\/shop-2\/\"},{\"@type\":\"ListItem\",\"position\":3,\"name\":\"PC Gamer I5-13500\/32GB\/1TB\/RTX4060TI\"}]},{\"@type\":\"WebSite\",\"@id\":\"https:\/\/osaka.ma\/#website\",\"url\":\"https:\/\/osaka.ma\/\",\"name\":\"Osaka\",\"description\":\"\",\"publisher\":{\"@id\":\"https:\/\/osaka.ma\/#organization\"},\"potentialAction\":[{\"@type\":\"SearchAction\",\"target\":{\"@type\":\"EntryPoint\",\"urlTemplate\":\"https:\/\/osaka.ma\/?s={search_term_string}\"},\"query-input\":{\"@type\":\"PropertyValueSpecification\",\"valueRequired\":true,\"valueName\":\"search_term_string\"}}],\"inLanguage\":\"ru-RU\"},{\"@type\":\"Organization\",\"@id\":\"https:\/\/osaka.ma\/#organization\",\"name\":\"Osaka\",\"url\":\"https:\/\/osaka.ma\/\",\"logo\":{\"@type\":\"ImageObject\",\"inLanguage\":\"ru-RU\",\"@id\":\"https:\/\/osaka.ma\/#\/schema\/logo\/image\/\",\"url\":\"https:\/\/osaka.ma\/wp-content\/uploads\/2026\/01\/model-slogan-logo-2Plan-de-travail-1dksl-plus-finnn.png\",\"contentUrl\":\"https:\/\/osaka.ma\/wp-content\/uploads\/2026\/01\/model-slogan-logo-2Plan-de-travail-1dksl-plus-finnn.png\",\"width\":842,\"height\":226,\"caption\":\"Osaka\"},\"image\":{\"@id\":\"https:\/\/osaka.ma\/#\/schema\/logo\/image\/\"}}]}<\/script>\n<!-- \/ Yoast SEO plugin. -->","yoast_head_json":{"title":"PC Gamer I5-13500\/32GB\/1TB\/RTX4060TI - Osaka","robots":{"index":"index","follow":"follow","max-snippet":"max-snippet:-1","max-image-preview":"max-image-preview:large","max-video-preview":"max-video-preview:-1"},"canonical":"https:\/\/osaka.ma\/product\/pc-gamer-i5-13500-32gb-1tb-rtx4060ti\/","og_locale":"ru_RU","og_type":"article","og_title":"PC Gamer I5-13500\/32GB\/1TB\/RTX4060TI - Osaka","og_url":"https:\/\/osaka.ma\/product\/pc-gamer-i5-13500-32gb-1tb-rtx4060ti\/","og_site_name":"Osaka","article_modified_time":"2024-12-18T15:35:51+00:00","og_image":[{"width":1080,"height":1080,"url":"https:\/\/osaka.ma\/wp-content\/uploads\/2024\/03\/CONFIG-12990DH-FOR-WEBSITE.png","type":"image\/png"}],"twitter_card":"summary_large_image","twitter_misc":{"Est. reading time":"4 minutes"},"schema":{"@context":"https:\/\/schema.org","@graph":[{"@type":"WebPage","@id":"https:\/\/osaka.ma\/product\/pc-gamer-i5-13500-32gb-1tb-rtx4060ti\/","url":"https:\/\/osaka.ma\/product\/pc-gamer-i5-13500-32gb-1tb-rtx4060ti\/","name":"PC Gamer I5-13500\/32GB\/1TB\/RTX4060TI - Osaka","isPartOf":{"@id":"https:\/\/osaka.ma\/#website"},"primaryImageOfPage":{"@id":"https:\/\/osaka.ma\/product\/pc-gamer-i5-13500-32gb-1tb-rtx4060ti\/#primaryimage"},"image":{"@id":"https:\/\/osaka.ma\/product\/pc-gamer-i5-13500-32gb-1tb-rtx4060ti\/#primaryimage"},"thumbnailUrl":"https:\/\/osaka.ma\/wp-content\/uploads\/2024\/03\/CONFIG-12990DH-FOR-WEBSITE.png","datePublished":"2024-03-21T12:44:18+00:00","dateModified":"2024-12-18T15:35:51+00:00","breadcrumb":{"@id":"https:\/\/osaka.ma\/product\/pc-gamer-i5-13500-32gb-1tb-rtx4060ti\/#breadcrumb"},"inLanguage":"ru-RU","potentialAction":[{"@type":"ReadAction","target":["https:\/\/osaka.ma\/product\/pc-gamer-i5-13500-32gb-1tb-rtx4060ti\/"]}]},{"@type":"ImageObject","inLanguage":"ru-RU","@id":"https:\/\/osaka.ma\/product\/pc-gamer-i5-13500-32gb-1tb-rtx4060ti\/#primaryimage","url":"https:\/\/osaka.ma\/wp-content\/uploads\/2024\/03\/CONFIG-12990DH-FOR-WEBSITE.png","contentUrl":"https:\/\/osaka.ma\/wp-content\/uploads\/2024\/03\/CONFIG-12990DH-FOR-WEBSITE.png","width":1080,"height":1080},{"@type":"BreadcrumbList","@id":"https:\/\/osaka.ma\/product\/pc-gamer-i5-13500-32gb-1tb-rtx4060ti\/#breadcrumb","itemListElement":[{"@type":"ListItem","position":1,"name":"Home","item":"https:\/\/osaka.ma\/"},{"@type":"ListItem","position":2,"name":"Shop","item":"https:\/\/osaka.ma\/shop-2\/"},{"@type":"ListItem","position":3,"name":"PC Gamer I5-13500\/32GB\/1TB\/RTX4060TI"}]},{"@type":"WebSite","@id":"https:\/\/osaka.ma\/#website","url":"https:\/\/osaka.ma\/","name":"Osaka","description":"","publisher":{"@id":"https:\/\/osaka.ma\/#organization"},"potentialAction":[{"@type":"SearchAction","target":{"@type":"EntryPoint","urlTemplate":"https:\/\/osaka.ma\/?s={search_term_string}"},"query-input":{"@type":"PropertyValueSpecification","valueRequired":true,"valueName":"search_term_string"}}],"inLanguage":"ru-RU"},{"@type":"Organization","@id":"https:\/\/osaka.ma\/#organization","name":"Osaka","url":"https:\/\/osaka.ma\/","logo":{"@type":"ImageObject","inLanguage":"ru-RU","@id":"https:\/\/osaka.ma\/#\/schema\/logo\/image\/","url":"https:\/\/osaka.ma\/wp-content\/uploads\/2026\/01\/model-slogan-logo-2Plan-de-travail-1dksl-plus-finnn.png","contentUrl":"https:\/\/osaka.ma\/wp-content\/uploads\/2026\/01\/model-slogan-logo-2Plan-de-travail-1dksl-plus-finnn.png","width":842,"height":226,"caption":"Osaka"},"image":{"@id":"https:\/\/osaka.ma\/#\/schema\/logo\/image\/"}}]}},"jetpack_sharing_enabled":true,"brands":[],"_links":{"self":[{"href":"https:\/\/osaka.ma\/ru\/wp-json\/wp\/v2\/product\/7824","targetHints":{"allow":["GET"]}}],"collection":[{"href":"https:\/\/osaka.ma\/ru\/wp-json\/wp\/v2\/product"}],"about":[{"href":"https:\/\/osaka.ma\/ru\/wp-json\/wp\/v2\/types\/product"}],"version-history":[{"count":0,"href":"https:\/\/osaka.ma\/ru\/wp-json\/wp\/v2\/product\/7824\/revisions"}],"wp:featuredmedia":[{"embeddable":true,"href":"https:\/\/osaka.ma\/ru\/wp-json\/wp\/v2\/media\/1007825"}],"wp:attachment":[{"href":"https:\/\/osaka.ma\/ru\/wp-json\/wp\/v2\/media?parent=7824"}],"wp:term":[{"taxonomy":"pwb-brand","embeddable":true,"href":"https:\/\/osaka.ma\/ru\/wp-json\/wp\/v2\/pwb-brand?post=7824"},{"taxonomy":"product_brand","embeddable":true,"href":"https:\/\/osaka.ma\/ru\/wp-json\/wp\/v2\/product_brand?post=7824"},{"taxonomy":"product_cat","embeddable":true,"href":"https:\/\/osaka.ma\/ru\/wp-json\/wp\/v2\/product_cat?post=7824"},{"taxonomy":"product_tag","embeddable":true,"href":"https:\/\/osaka.ma\/ru\/wp-json\/wp\/v2\/product_tag?post=7824"},{"taxonomy":"pcb_component_type","embeddable":true,"href":"https:\/\/osaka.ma\/ru\/wp-json\/wp\/v2\/pcb_component_type?post=7824"}],"curies":[{"name":"wp","href":"https:\/\/api.w.org\/{rel}","templated":true}]}}