{"id":7872,"date":"2024-03-21T22:32:00","date_gmt":"2024-03-21T22:32:00","guid":{"rendered":"https:\/\/osaka.ma\/?post_type=product&#038;p=7872"},"modified":"2025-04-25T15:07:21","modified_gmt":"2025-04-25T15:07:21","slug":"arctic-freezer-i35-argb","status":"publish","type":"product","link":"https:\/\/osaka.ma\/ru\/product\/arctic-freezer-i35-argb\/","title":{"rendered":"Arctic Freezer i35 ARGB"},"content":{"rendered":"<div class=\"logo\"><img decoding=\"async\" src=\"https:\/\/media.ldlc.com\/v3\/marque\/bo\/00\/04\/12\/58\/V30004125841_2.jpg\" alt=\"Arctic\" \/><\/div>\n<div id=\"description\" class=\"description\">\n<div class=\"details-pdt-desc\">\n<h2 class=\"h2-master\">Un ventirad ARGB pour processeurs Intel,\u00a0efficace et surtout tr\u00e8s abordable<\/h2>\n<section>L\u2019<strong>ARCTIC Freezer i35<\/strong>\u00a0<strong>ARGB<\/strong>\u00a0est un refroidisseur CPU design et silencieux\u00a0avec un ventilateur de 120 mm. Il est compatible avec les sockets Intel 1155, 1151, 1150, 1200, 1700. Il profite d\u2019une conception optimis\u00e9e pour dissiper efficacement la\u00a0chaleur \u00e9mise par votre processeur. Ses 4 caloducs d\u00e9cal\u00e9s, associ\u00e9s \u00e0 son ventilateur\u00a0optimis\u00e9 pour une haute pression statique, permettent d&#8217;obtenir des\u00a0performances de refroidissement exemplaires, qui vous rassureront au quotidien.<\/section>\n<section>\n<div class=\"desc-image\"><img decoding=\"async\" src=\"https:\/\/media.ldlc.com\/bo\/images\/fiches\/ventilateur_processeur\/arctic\/freezera35argb\/arctic-a35_800_1.jpg\" alt=\"\" \/><\/div>\n<div class=\"desc-text\">\n<h2>UN VENTIRAD TECHNIQUEMENT ET VISUELLEMENT BRILLANT<\/h2>\n<p>L&#8217;<strong>ARCTIC Freezer i35<\/strong>\u00a0<strong>ARGB<\/strong>\u00a0est dot\u00e9 de 4 caloducs d\u00e9cal\u00e9s qui permettent un transfert rapide et efficace de\u00a0la chaleur. Ainsi, il\u00a0 refroidit efficacement votre processeur. La dissipation de la chaleur se fait par le biais de son ventilateur de 120 mm PWM. Ce dernier profite d&#8217;un moteur \u00e0 faible vibration\u00a0et \u00e0 faible consommation d&#8217;\u00e9nergie. Silencieux, il\u00a0garantit une pression statique \u00e9lev\u00e9e avec un flux d&#8217;air concentr\u00e9. Il est donc id\u00e9al pour assurer un excellent refroidissement.<\/p>\n<p>Le\u00a0<strong>Freezer i35 ARGB<\/strong>\u00a0est livr\u00e9 avec une seringue de 0,8 g de la nouvelle p\u00e2te thermique MX-5.\u00a0Cette p\u00e2te thermique Ultimate Performance\u00a0r\u00e9duit consid\u00e9rablement l&#8217;accumulation de chaleur entre le dissipateur de chaleur du CPU et le refroidisseur.<\/p>\n<p>Enfin, le ventilateur Freezer i35 ARGB dispose de 12 LED ARGB qui\u00a0peuvent \u00eatre contr\u00f4l\u00e9s de mani\u00e8re autonome afin d&#8217;obtenir l&#8217;effet arc-en-ciel le plus spectaculaire qui soit.\u00a0Le ventilateur peut \u00eatre connect\u00e9 directement via un en-t\u00eate RVB 5 V \u00e0 3 broches sur la carte m\u00e8re et il est compatible avec les logiciels et les connecteurs des principaux fabricants de cartes m\u00e8res.<\/p>\n<\/div>\n<\/section>\n<section>\n<h2>CARACT\u00c9RISTIQUES PRINCIPALES :<\/h2>\n<ul>\n<li>Ventilateur pour processeur<\/li>\n<li><strong>Socket Intel 1155, 1151, 1150, 1200, 1700<\/strong><\/li>\n<li>4 Caloducs d\u00e9cal\u00e9s pour une dissipation de la chaleur am\u00e9lior\u00e9e<\/li>\n<li>1 Ventilateur 120 mm PWM<\/li>\n<li>Vitesse du ventilateur :\u00a0200 &#8211; 1700 tr\/min<\/li>\n<li>Roulement du ventilateur\u00a0:\u00a0Palier hydrodynamique<\/li>\n<li>Niveau de bruit :\u00a023 dBA<\/li>\n<li>54 ailettes d&#8217;aluminium de 0.4 mm<\/li>\n<li>Pas de limite pour la hauteur des modules de RAM<\/li>\n<li>P\u00e2te thermique MX-5 pr\u00e9-appliqu\u00e9e<\/li>\n<\/ul>\n<\/section>\n<\/div>\n<\/div>\n","protected":false},"excerpt":{"rendered":"<h2>CARACT\u00c9RISTIQUES PRINCIPALES :<\/h2>\n<ul>\n<li>Ventilateur pour processeur<\/li>\n<li><strong>Socket Intel 1155, 1151, 1150, 1200, 1700<\/strong><\/li>\n<li>4 Caloducs d\u00e9cal\u00e9s pour une dissipation de la chaleur am\u00e9lior\u00e9e<\/li>\n<li>1 Ventilateur 120 mm PWM<\/li>\n<li>Vitesse du ventilateur :\u00a0200 &#8211; 1700 tr\/min<\/li>\n<li>Roulement du ventilateur\u00a0:\u00a0Palier hydrodynamique<\/li>\n<li>Niveau de bruit :\u00a023 dBA<\/li>\n<li>54 ailettes d&#8217;aluminium de 0.4 mm<\/li>\n<li>Pas de limite pour la hauteur des modules de RAM<\/li>\n<li>P\u00e2te thermique MX-5 pr\u00e9-appliqu\u00e9e<\/li>\n<\/ul>\n","protected":false},"featured_media":1007877,"template":"","meta":{"_acf_changed":false},"pwb-brand":[],"product_brand":[127],"product_cat":[112,17,82],"product_tag":[],"pcb_component_type":[],"class_list":{"0":"post-7872","1":"product","2":"type-product","3":"status-publish","4":"has-post-thumbnail","6":"product_brand-arctic","7":"product_cat-aircooler","8":"product_cat-composants-gaming","9":"product_cat-refroidissement","11":"first","12":"outofstock","13":"shipping-taxable","14":"product-type-simple"},"translation":{"provider":"WPGlobus","version":"3.0.2","language":"ru","enabled_languages":["en","es","de","fr","ru"],"languages":{"en":{"title":true,"content":true,"excerpt":true},"es":{"title":false,"content":false,"excerpt":false},"de":{"title":false,"content":false,"excerpt":false},"fr":{"title":false,"content":false,"excerpt":false},"ru":{"title":false,"content":false,"excerpt":false}}},"acf":[],"yoast_head":"<!-- This site is optimized with the Yoast SEO plugin v27.2 - https:\/\/yoast.com\/product\/yoast-seo-wordpress\/ -->\n<title>Arctic Freezer i35 ARGB - Osaka<\/title>\n<meta name=\"robots\" content=\"index, follow, max-snippet:-1, max-image-preview:large, max-video-preview:-1\" \/>\n<link rel=\"canonical\" href=\"https:\/\/osaka.ma\/product\/arctic-freezer-i35-argb\/\" \/>\n<meta property=\"og:locale\" content=\"ru_RU\" \/>\n<meta property=\"og:type\" content=\"article\" \/>\n<meta property=\"og:title\" content=\"Arctic Freezer i35 ARGB - Osaka\" \/>\n<meta property=\"og:url\" content=\"https:\/\/osaka.ma\/product\/arctic-freezer-i35-argb\/\" \/>\n<meta property=\"og:site_name\" content=\"Osaka\" \/>\n<meta property=\"article:modified_time\" content=\"2025-04-25T15:07:21+00:00\" \/>\n<meta property=\"og:image\" content=\"https:\/\/osaka.ma\/wp-content\/uploads\/2024\/03\/Arctic-Freezer-i35-ARGB.jpg\" \/>\n\t<meta property=\"og:image:width\" content=\"1600\" \/>\n\t<meta property=\"og:image:height\" content=\"1600\" \/>\n\t<meta property=\"og:image:type\" content=\"image\/jpeg\" \/>\n<meta name=\"twitter:card\" content=\"summary_large_image\" \/>\n<meta name=\"twitter:label1\" content=\"Est. reading time\" \/>\n\t<meta name=\"twitter:data1\" content=\"3 minutes\" \/>\n<script type=\"application\/ld+json\" class=\"yoast-schema-graph\">{\"@context\":\"https:\/\/schema.org\",\"@graph\":[{\"@type\":\"WebPage\",\"@id\":\"https:\/\/osaka.ma\/product\/arctic-freezer-i35-argb\/\",\"url\":\"https:\/\/osaka.ma\/product\/arctic-freezer-i35-argb\/\",\"name\":\"Arctic Freezer i35 ARGB - Osaka\",\"isPartOf\":{\"@id\":\"https:\/\/osaka.ma\/#website\"},\"primaryImageOfPage\":{\"@id\":\"https:\/\/osaka.ma\/product\/arctic-freezer-i35-argb\/#primaryimage\"},\"image\":{\"@id\":\"https:\/\/osaka.ma\/product\/arctic-freezer-i35-argb\/#primaryimage\"},\"thumbnailUrl\":\"https:\/\/osaka.ma\/wp-content\/uploads\/2024\/03\/Arctic-Freezer-i35-ARGB.jpg\",\"datePublished\":\"2024-03-21T22:32:00+00:00\",\"dateModified\":\"2025-04-25T15:07:21+00:00\",\"breadcrumb\":{\"@id\":\"https:\/\/osaka.ma\/product\/arctic-freezer-i35-argb\/#breadcrumb\"},\"inLanguage\":\"ru-RU\",\"potentialAction\":[{\"@type\":\"ReadAction\",\"target\":[\"https:\/\/osaka.ma\/product\/arctic-freezer-i35-argb\/\"]}]},{\"@type\":\"ImageObject\",\"inLanguage\":\"ru-RU\",\"@id\":\"https:\/\/osaka.ma\/product\/arctic-freezer-i35-argb\/#primaryimage\",\"url\":\"https:\/\/osaka.ma\/wp-content\/uploads\/2024\/03\/Arctic-Freezer-i35-ARGB.jpg\",\"contentUrl\":\"https:\/\/osaka.ma\/wp-content\/uploads\/2024\/03\/Arctic-Freezer-i35-ARGB.jpg\",\"width\":1600,\"height\":1600},{\"@type\":\"BreadcrumbList\",\"@id\":\"https:\/\/osaka.ma\/product\/arctic-freezer-i35-argb\/#breadcrumb\",\"itemListElement\":[{\"@type\":\"ListItem\",\"position\":1,\"name\":\"Home\",\"item\":\"https:\/\/osaka.ma\/\"},{\"@type\":\"ListItem\",\"position\":2,\"name\":\"Shop\",\"item\":\"https:\/\/osaka.ma\/shop-2\/\"},{\"@type\":\"ListItem\",\"position\":3,\"name\":\"Arctic Freezer i35 ARGB\"}]},{\"@type\":\"WebSite\",\"@id\":\"https:\/\/osaka.ma\/#website\",\"url\":\"https:\/\/osaka.ma\/\",\"name\":\"Osaka\",\"description\":\"\",\"publisher\":{\"@id\":\"https:\/\/osaka.ma\/#organization\"},\"potentialAction\":[{\"@type\":\"SearchAction\",\"target\":{\"@type\":\"EntryPoint\",\"urlTemplate\":\"https:\/\/osaka.ma\/?s={search_term_string}\"},\"query-input\":{\"@type\":\"PropertyValueSpecification\",\"valueRequired\":true,\"valueName\":\"search_term_string\"}}],\"inLanguage\":\"ru-RU\"},{\"@type\":\"Organization\",\"@id\":\"https:\/\/osaka.ma\/#organization\",\"name\":\"Osaka\",\"url\":\"https:\/\/osaka.ma\/\",\"logo\":{\"@type\":\"ImageObject\",\"inLanguage\":\"ru-RU\",\"@id\":\"https:\/\/osaka.ma\/#\/schema\/logo\/image\/\",\"url\":\"https:\/\/osaka.ma\/wp-content\/uploads\/2026\/01\/model-slogan-logo-2Plan-de-travail-1dksl-plus-finnn.png\",\"contentUrl\":\"https:\/\/osaka.ma\/wp-content\/uploads\/2026\/01\/model-slogan-logo-2Plan-de-travail-1dksl-plus-finnn.png\",\"width\":842,\"height\":226,\"caption\":\"Osaka\"},\"image\":{\"@id\":\"https:\/\/osaka.ma\/#\/schema\/logo\/image\/\"}}]}<\/script>\n<!-- \/ Yoast SEO plugin. -->","yoast_head_json":{"title":"Arctic Freezer i35 ARGB - Osaka","robots":{"index":"index","follow":"follow","max-snippet":"max-snippet:-1","max-image-preview":"max-image-preview:large","max-video-preview":"max-video-preview:-1"},"canonical":"https:\/\/osaka.ma\/product\/arctic-freezer-i35-argb\/","og_locale":"ru_RU","og_type":"article","og_title":"Arctic Freezer i35 ARGB - Osaka","og_url":"https:\/\/osaka.ma\/product\/arctic-freezer-i35-argb\/","og_site_name":"Osaka","article_modified_time":"2025-04-25T15:07:21+00:00","og_image":[{"width":1600,"height":1600,"url":"https:\/\/osaka.ma\/wp-content\/uploads\/2024\/03\/Arctic-Freezer-i35-ARGB.jpg","type":"image\/jpeg"}],"twitter_card":"summary_large_image","twitter_misc":{"Est. reading time":"3 minutes"},"schema":{"@context":"https:\/\/schema.org","@graph":[{"@type":"WebPage","@id":"https:\/\/osaka.ma\/product\/arctic-freezer-i35-argb\/","url":"https:\/\/osaka.ma\/product\/arctic-freezer-i35-argb\/","name":"Arctic Freezer i35 ARGB - Osaka","isPartOf":{"@id":"https:\/\/osaka.ma\/#website"},"primaryImageOfPage":{"@id":"https:\/\/osaka.ma\/product\/arctic-freezer-i35-argb\/#primaryimage"},"image":{"@id":"https:\/\/osaka.ma\/product\/arctic-freezer-i35-argb\/#primaryimage"},"thumbnailUrl":"https:\/\/osaka.ma\/wp-content\/uploads\/2024\/03\/Arctic-Freezer-i35-ARGB.jpg","datePublished":"2024-03-21T22:32:00+00:00","dateModified":"2025-04-25T15:07:21+00:00","breadcrumb":{"@id":"https:\/\/osaka.ma\/product\/arctic-freezer-i35-argb\/#breadcrumb"},"inLanguage":"ru-RU","potentialAction":[{"@type":"ReadAction","target":["https:\/\/osaka.ma\/product\/arctic-freezer-i35-argb\/"]}]},{"@type":"ImageObject","inLanguage":"ru-RU","@id":"https:\/\/osaka.ma\/product\/arctic-freezer-i35-argb\/#primaryimage","url":"https:\/\/osaka.ma\/wp-content\/uploads\/2024\/03\/Arctic-Freezer-i35-ARGB.jpg","contentUrl":"https:\/\/osaka.ma\/wp-content\/uploads\/2024\/03\/Arctic-Freezer-i35-ARGB.jpg","width":1600,"height":1600},{"@type":"BreadcrumbList","@id":"https:\/\/osaka.ma\/product\/arctic-freezer-i35-argb\/#breadcrumb","itemListElement":[{"@type":"ListItem","position":1,"name":"Home","item":"https:\/\/osaka.ma\/"},{"@type":"ListItem","position":2,"name":"Shop","item":"https:\/\/osaka.ma\/shop-2\/"},{"@type":"ListItem","position":3,"name":"Arctic Freezer i35 ARGB"}]},{"@type":"WebSite","@id":"https:\/\/osaka.ma\/#website","url":"https:\/\/osaka.ma\/","name":"Osaka","description":"","publisher":{"@id":"https:\/\/osaka.ma\/#organization"},"potentialAction":[{"@type":"SearchAction","target":{"@type":"EntryPoint","urlTemplate":"https:\/\/osaka.ma\/?s={search_term_string}"},"query-input":{"@type":"PropertyValueSpecification","valueRequired":true,"valueName":"search_term_string"}}],"inLanguage":"ru-RU"},{"@type":"Organization","@id":"https:\/\/osaka.ma\/#organization","name":"Osaka","url":"https:\/\/osaka.ma\/","logo":{"@type":"ImageObject","inLanguage":"ru-RU","@id":"https:\/\/osaka.ma\/#\/schema\/logo\/image\/","url":"https:\/\/osaka.ma\/wp-content\/uploads\/2026\/01\/model-slogan-logo-2Plan-de-travail-1dksl-plus-finnn.png","contentUrl":"https:\/\/osaka.ma\/wp-content\/uploads\/2026\/01\/model-slogan-logo-2Plan-de-travail-1dksl-plus-finnn.png","width":842,"height":226,"caption":"Osaka"},"image":{"@id":"https:\/\/osaka.ma\/#\/schema\/logo\/image\/"}}]}},"jetpack_sharing_enabled":true,"brands":[],"_links":{"self":[{"href":"https:\/\/osaka.ma\/ru\/wp-json\/wp\/v2\/product\/7872","targetHints":{"allow":["GET"]}}],"collection":[{"href":"https:\/\/osaka.ma\/ru\/wp-json\/wp\/v2\/product"}],"about":[{"href":"https:\/\/osaka.ma\/ru\/wp-json\/wp\/v2\/types\/product"}],"version-history":[{"count":0,"href":"https:\/\/osaka.ma\/ru\/wp-json\/wp\/v2\/product\/7872\/revisions"}],"wp:featuredmedia":[{"embeddable":true,"href":"https:\/\/osaka.ma\/ru\/wp-json\/wp\/v2\/media\/1007877"}],"wp:attachment":[{"href":"https:\/\/osaka.ma\/ru\/wp-json\/wp\/v2\/media?parent=7872"}],"wp:term":[{"taxonomy":"pwb-brand","embeddable":true,"href":"https:\/\/osaka.ma\/ru\/wp-json\/wp\/v2\/pwb-brand?post=7872"},{"taxonomy":"product_brand","embeddable":true,"href":"https:\/\/osaka.ma\/ru\/wp-json\/wp\/v2\/product_brand?post=7872"},{"taxonomy":"product_cat","embeddable":true,"href":"https:\/\/osaka.ma\/ru\/wp-json\/wp\/v2\/product_cat?post=7872"},{"taxonomy":"product_tag","embeddable":true,"href":"https:\/\/osaka.ma\/ru\/wp-json\/wp\/v2\/product_tag?post=7872"},{"taxonomy":"pcb_component_type","embeddable":true,"href":"https:\/\/osaka.ma\/ru\/wp-json\/wp\/v2\/pcb_component_type?post=7872"}],"curies":[{"name":"wp","href":"https:\/\/api.w.org\/{rel}","templated":true}]}}