{"id":8454,"date":"2024-04-19T14:32:56","date_gmt":"2024-04-19T14:32:56","guid":{"rendered":"https:\/\/osaka.ma\/?post_type=product&#038;p=8454"},"modified":"2024-12-24T11:06:09","modified_gmt":"2024-12-24T11:06:09","slug":"msi-stealth-17-studio-a13vi-091xes-intel-core-i9-13900h-32gb-1tb-ssd-rtx-4090-17-3","status":"publish","type":"product","link":"https:\/\/osaka.ma\/ru\/product\/msi-stealth-17-studio-a13vi-091xes-intel-core-i9-13900h-32gb-1tb-ssd-rtx-4090-17-3\/","title":{"rendered":"MSI Stealth 17 Studio A13VI Intel Core i9-13900H\/32GB\/1TB SSD\/RTX 4090\/17.3&#8243;UHD 120HZ"},"content":{"rendered":"<p class=\"desc\">Le PC portable MSI Stealth 17 Studio A13VI offre de hautes performances gr\u00e2ce \u00e0 son processeur Intel Core i9-13900H, ses 32 Go de m\u00e9moire DDR5 et sa puce graphique NVIDIA GeForce RTX 4090. De plus, son SSD M.2 PCIe de 1 To offre un fonctionnement particuli\u00e8rement rapide.<\/p>\n<h2 class=\"h2-master\">Design mince, hautes performances et \u00e9cran UHD 120 Hz !<\/h2>\n<section>Travaillez et jouez sur le m\u00eame notebook avec le\u00a0<strong>PC portable MSI Stealth 17 Studio<\/strong>\u00a0! Malgr\u00e9 son design \u00e9l\u00e9gant et ultra-mince, ce PC portable offre de hautes performances et un confort exceptionnel, notamment gr\u00e2ce \u00e0 son\u00a0<strong>\u00e9cran +UHD 120 Hz<\/strong>, son clavier Gamer et son syst\u00e8me audio de qualit\u00e9.Le\u00a0<strong>PC portable MSI Stealth 17 Studio A13VI<\/strong>\u00a0offre de hautes performances gr\u00e2ce \u00e0 son\u00a0<strong>processeur Intel Core i9-13900H<\/strong>, ses 32 Go de m\u00e9moire DDR5 et sa\u00a0<strong>puce graphique NVIDIA GeForce RTX 4090<\/strong>. De plus, son\u00a0<strong>SSD M.2 PCIe de 1 To<\/strong>\u00a0offre un fonctionnement particuli\u00e8rement rapide.<\/section>\n<section>\n<div class=\"desc-image\"><img decoding=\"async\" src=\"https:\/\/media.ldlc.com\/bo\/images\/fiches\/pc_portables\/msi\/stealth_17_studio\/801.jpg\" alt=\"\" \/><\/div>\n<div class=\"desc-text\">\n<h2>PROCESSEUR INTEL CORE I9 DE 13E G\u00c9N\u00c9RATION<\/h2>\n<p>Gr\u00e2ce aux processeurs Intel Core de 13e g\u00e9n\u00e9ration, l&#8217;ordinateur portable MSI Stealth 17 Studio offre des performances survitamin\u00e9es, qu&#8217;il s&#8217;agisse de projets multit\u00e2ches ou de jeux vid\u00e9o dernier cri. Gr\u00e2ce \u00e0 une architecture hybride hautes performances, les processeurs Intel Core de 13e g\u00e9n\u00e9ration offrent une combinaison unique de c\u0153urs performants et efficaces (P-core et E-core). La charge de travail \u00e9tant achemin\u00e9e intelligemment par Intel Thread Director, le processeur divise pour mieux conqu\u00e9rir !<\/p>\n<\/div>\n<\/section>\n<section>\n<div class=\"desc-text\">\n<h2>TOUT POUR VOTRE CR\u00c9ATIVIT\u00c9<\/h2>\n<p>Les PC portables Nvidia Studio sont \u00e9quip\u00e9s de puces graphiques NVIDIA \u00e0 la pointe de l&#8217;industrie qui optimisent vos applications de cr\u00e9ation favorites. Le ray tracing d\u00e9livre des graphismes ultra-r\u00e9alistes et la suite d\u2019outils exclusifs assist\u00e9s par l\u2019IA vous aide \u00e0 transformer plus rapidement vos id\u00e9es en concepts, puis en r\u00e9alit\u00e9. Les pilotes Studio vous offrent une stabilit\u00e9 parfaite qui vous permettra de totalement vous concentrer sur votre prochain projet.<\/p>\n<\/div>\n<div class=\"desc-image\"><img decoding=\"async\" src=\"https:\/\/media.ldlc.com\/bo\/images\/fiches\/pc_portables\/msi\/stealth_17_studio\/802.jpg\" alt=\"\" \/><\/div>\n<\/section>\n<section>\n<div class=\"desc-image\"><img decoding=\"async\" src=\"https:\/\/media.ldlc.com\/bo\/images\/fiches\/pc_portables\/msi\/gs77\/803.jpg\" alt=\"\" \/><\/div>\n<div class=\"desc-text\">\n<h2>HAUTE QUALIT\u00c9 AUDIO<\/h2>\n<p>Le Stealth 17 Studio int\u00e8gre un total de six haut-parleurs surround contr\u00f4l\u00e9s par un syst\u00e8me sonore sign\u00e9 Dynaudio. Il est \u00e9galement \u00e9quip\u00e9 de deux paires de haut-parleurs avec double annulation de force et d&#8217;une paire de tweeters pour r\u00e9pondre aux demandes des audiophiles exigeants.<\/p>\n<\/div>\n<\/section>\n<section>\n<div class=\"desc-text\">\n<h2>REFROIDISSEMENT EFFICACE<\/h2>\n<p>L&#8217;ordinateur portable MSI Stealth 17 Studio dispose de la technologie de refroidissement MSI Cooler Boost 5 qui est accompagn\u00e9e d&#8217;un syst\u00e8me avec caloducs partag\u00e9s entre le processeur et le processeur graphique. Ce design novateur aide \u00e0 am\u00e9liorer la capacit\u00e9 thermique des composants lorsqu&#8217;ils subissent de lourdes charges.<\/p>\n<\/div>\n<div class=\"desc-image\"><img decoding=\"async\" src=\"https:\/\/media.ldlc.com\/bo\/images\/fiches\/pc_portables\/msi\/gs77\/804.jpg\" alt=\"\" \/><\/div>\n<\/section>\n<section class=\"list\">\n<h2>CARACT\u00c9RISTIQUES PRINCIPALES :<\/h2>\n<ul>\n<li><strong>Processeur Intel Core i9-13900H<\/strong>\u00a0(6 Performance-Cores 5.4 GHz Turbo + 8 Efficient-Cores 4.1 GHz Turbo &#8211; 20 Threads &#8211; Cache 24 Mo)<\/li>\n<li>\u00c9cran de 17.3 pouces avec\u00a0r\u00e9solution<strong> +UHD\u00a0<\/strong>(3840 x 2160 pixels)<\/li>\n<li>Image ultra-fluide avec\u00a0<strong>fr\u00e9quence d&#8217;affichage de 120 Hz<\/strong><\/li>\n<li>32 Go de m\u00e9moire vive DDR5 (2x 16 Go &#8211; 2 slots avec maximum 64 Go au total)<\/li>\n<li>Puce graphique<strong>\u00a0NVIDIA GeForce RTX 4090 Laptop<\/strong>\u00a0avec 16 Go de m\u00e9moire d\u00e9di\u00e9e GDDR6 (1455 MHz &#8211; 105W Dynamic Boost)<\/li>\n<li><strong>SSD M.2 PCIe 4.0 de 1 To<\/strong>\u00a0+ emplacement libre pour un second SSD M.2 PCIe<\/li>\n<li>Connecteur Thunderbolt 4 (USB-C) + connecteur HDMI (compatible 4K @120 Hz \/ 8K @60 Hz)<\/li>\n<li>1 connecteur USB-C 3.1 compatible DisplayPort Alt Mode<\/li>\n<li><strong>Clavier Gamer SteelSeries\u00a0<\/strong>avec\u00a0<strong>r\u00e9tro\u00e9clairage individuel des touches<\/strong><\/li>\n<li>Communication sans fil fiable et performante\u00a0<strong>Wi-Fi 6E<\/strong>\u00a0+<strong>\u00a0Bluetooth 5.3<\/strong><\/li>\n<li>Webcam FHD 1080p int\u00e9gr\u00e9e<\/li>\n<li>Adaptateur d&#8217;alimentation 240 W<\/li>\n<li><strong>Microsoft Windows 11 Professionnel<\/strong><\/li>\n<li>Neuf sans emballage<\/li>\n<\/ul>\n<\/section>\n","protected":false},"excerpt":{"rendered":"<h2>CARACT\u00c9RISTIQUES PRINCIPALES :<\/h2>\n<ul>\n<li><strong>Processeur Intel Core i9-13900H<\/strong>\u00a0(6 Performance-Cores 5.4 GHz Turbo + 8 Efficient-Cores 4.1 GHz Turbo &#8211; 20 Threads &#8211; Cache 24 Mo)<\/li>\n<li>\u00c9cran de 17.3 pouces avec\u00a0r\u00e9solution<strong> +UHD\u00a0<\/strong>(3840 x 2160 pixels)<\/li>\n<li>Image ultra-fluide avec\u00a0<strong>fr\u00e9quence d&#8217;affichage de 120 Hz<\/strong><\/li>\n<li>32 Go de m\u00e9moire vive DDR5 (2x 16 Go &#8211; 2 slots avec maximum 64 Go au total)<\/li>\n<li>Puce graphique<strong>\u00a0NVIDIA GeForce RTX 4090 Laptop<\/strong>\u00a0avec 16 Go de m\u00e9moire d\u00e9di\u00e9e GDDR6 (1455 MHz &#8211; 105W Dynamic Boost)<\/li>\n<li><strong>SSD M.2 PCIe 4.0 de 1 To<\/strong>\u00a0+ emplacement libre pour un second SSD M.2 PCIe<\/li>\n<li>Connecteur Thunderbolt 4 (USB-C) + connecteur HDMI (compatible 4K @120 Hz \/ 8K @60 Hz)<\/li>\n<li>1 connecteur USB-C 3.1 compatible DisplayPort Alt Mode<\/li>\n<li><strong>Clavier Gamer SteelSeries\u00a0<\/strong>avec\u00a0<strong>r\u00e9tro\u00e9clairage individuel des touches<\/strong><\/li>\n<li>Communication sans fil fiable et performante\u00a0<strong>Wi-Fi 6E<\/strong>\u00a0+<strong>\u00a0Bluetooth 5.3<\/strong><\/li>\n<li>Webcam FHD 1080p int\u00e9gr\u00e9e<\/li>\n<li>Adaptateur d&#8217;alimentation 240 W<\/li>\n<li><strong>Microsoft Windows 11 Professionnel<\/strong><\/li>\n<li>Neuf sans emballage<\/li>\n<\/ul>\n","protected":false},"featured_media":1008455,"template":"","meta":{"_acf_changed":false},"pwb-brand":[],"product_brand":[],"product_cat":[122,121,126],"product_tag":[],"pcb_component_type":[],"class_list":{"0":"post-8454","1":"product","2":"type-product","3":"status-publish","4":"has-post-thumbnail","6":"product_cat-gaming","7":"product_cat-pc-portable","8":"product_cat-professional","10":"first","11":"outofstock","12":"shipping-taxable","13":"product-type-simple"},"translation":{"provider":"WPGlobus","version":"3.0.2","language":"ru","enabled_languages":["en","es","de","fr","ru"],"languages":{"en":{"title":true,"content":true,"excerpt":true},"es":{"title":false,"content":false,"excerpt":false},"de":{"title":false,"content":false,"excerpt":false},"fr":{"title":false,"content":false,"excerpt":false},"ru":{"title":false,"content":false,"excerpt":false}}},"acf":[],"yoast_head":"<!-- This site is optimized with the Yoast SEO plugin v27.2 - https:\/\/yoast.com\/product\/yoast-seo-wordpress\/ -->\n<title>MSI Stealth 17 Studio A13VI Intel Core i9-13900H\/32GB\/1TB SSD\/RTX 4090\/17.3&quot;UHD 120HZ - Osaka<\/title>\n<meta name=\"robots\" content=\"index, follow, max-snippet:-1, max-image-preview:large, max-video-preview:-1\" \/>\n<link rel=\"canonical\" href=\"https:\/\/osaka.ma\/product\/msi-stealth-17-studio-a13vi-091xes-intel-core-i9-13900h-32gb-1tb-ssd-rtx-4090-17-3\/\" \/>\n<meta property=\"og:locale\" content=\"ru_RU\" \/>\n<meta property=\"og:type\" content=\"article\" \/>\n<meta property=\"og:title\" content=\"MSI Stealth 17 Studio A13VI Intel Core i9-13900H\/32GB\/1TB SSD\/RTX 4090\/17.3&quot;UHD 120HZ - Osaka\" \/>\n<meta property=\"og:url\" content=\"https:\/\/osaka.ma\/product\/msi-stealth-17-studio-a13vi-091xes-intel-core-i9-13900h-32gb-1tb-ssd-rtx-4090-17-3\/\" \/>\n<meta property=\"og:site_name\" content=\"Osaka\" \/>\n<meta property=\"article:modified_time\" content=\"2024-12-24T11:06:09+00:00\" \/>\n<meta property=\"og:image\" content=\"https:\/\/osaka.ma\/wp-content\/uploads\/2024\/04\/MSISTEALTH-1.jpg\" \/>\n\t<meta property=\"og:image:width\" content=\"1600\" \/>\n\t<meta property=\"og:image:height\" content=\"1600\" \/>\n\t<meta property=\"og:image:type\" content=\"image\/jpeg\" \/>\n<meta name=\"twitter:card\" content=\"summary_large_image\" \/>\n<meta name=\"twitter:label1\" content=\"Est. reading time\" \/>\n\t<meta name=\"twitter:data1\" content=\"4 minutes\" \/>\n<script type=\"application\/ld+json\" class=\"yoast-schema-graph\">{\"@context\":\"https:\/\/schema.org\",\"@graph\":[{\"@type\":\"WebPage\",\"@id\":\"https:\/\/osaka.ma\/product\/msi-stealth-17-studio-a13vi-091xes-intel-core-i9-13900h-32gb-1tb-ssd-rtx-4090-17-3\/\",\"url\":\"https:\/\/osaka.ma\/product\/msi-stealth-17-studio-a13vi-091xes-intel-core-i9-13900h-32gb-1tb-ssd-rtx-4090-17-3\/\",\"name\":\"MSI Stealth 17 Studio A13VI Intel Core i9-13900H\/32GB\/1TB SSD\/RTX 4090\/17.3\\\"UHD 120HZ - Osaka\",\"isPartOf\":{\"@id\":\"https:\/\/osaka.ma\/#website\"},\"primaryImageOfPage\":{\"@id\":\"https:\/\/osaka.ma\/product\/msi-stealth-17-studio-a13vi-091xes-intel-core-i9-13900h-32gb-1tb-ssd-rtx-4090-17-3\/#primaryimage\"},\"image\":{\"@id\":\"https:\/\/osaka.ma\/product\/msi-stealth-17-studio-a13vi-091xes-intel-core-i9-13900h-32gb-1tb-ssd-rtx-4090-17-3\/#primaryimage\"},\"thumbnailUrl\":\"https:\/\/osaka.ma\/wp-content\/uploads\/2024\/04\/MSISTEALTH-1.jpg\",\"datePublished\":\"2024-04-19T14:32:56+00:00\",\"dateModified\":\"2024-12-24T11:06:09+00:00\",\"breadcrumb\":{\"@id\":\"https:\/\/osaka.ma\/product\/msi-stealth-17-studio-a13vi-091xes-intel-core-i9-13900h-32gb-1tb-ssd-rtx-4090-17-3\/#breadcrumb\"},\"inLanguage\":\"ru-RU\",\"potentialAction\":[{\"@type\":\"ReadAction\",\"target\":[\"https:\/\/osaka.ma\/product\/msi-stealth-17-studio-a13vi-091xes-intel-core-i9-13900h-32gb-1tb-ssd-rtx-4090-17-3\/\"]}]},{\"@type\":\"ImageObject\",\"inLanguage\":\"ru-RU\",\"@id\":\"https:\/\/osaka.ma\/product\/msi-stealth-17-studio-a13vi-091xes-intel-core-i9-13900h-32gb-1tb-ssd-rtx-4090-17-3\/#primaryimage\",\"url\":\"https:\/\/osaka.ma\/wp-content\/uploads\/2024\/04\/MSISTEALTH-1.jpg\",\"contentUrl\":\"https:\/\/osaka.ma\/wp-content\/uploads\/2024\/04\/MSISTEALTH-1.jpg\",\"width\":1600,\"height\":1600},{\"@type\":\"BreadcrumbList\",\"@id\":\"https:\/\/osaka.ma\/product\/msi-stealth-17-studio-a13vi-091xes-intel-core-i9-13900h-32gb-1tb-ssd-rtx-4090-17-3\/#breadcrumb\",\"itemListElement\":[{\"@type\":\"ListItem\",\"position\":1,\"name\":\"Home\",\"item\":\"https:\/\/osaka.ma\/\"},{\"@type\":\"ListItem\",\"position\":2,\"name\":\"Shop\",\"item\":\"https:\/\/osaka.ma\/shop-2\/\"},{\"@type\":\"ListItem\",\"position\":3,\"name\":\"MSI Stealth 17 Studio A13VI Intel Core i9-13900H\/32GB\/1TB SSD\/RTX 4090\/17.3&#8243;UHD 120HZ\"}]},{\"@type\":\"WebSite\",\"@id\":\"https:\/\/osaka.ma\/#website\",\"url\":\"https:\/\/osaka.ma\/\",\"name\":\"Osaka\",\"description\":\"\",\"publisher\":{\"@id\":\"https:\/\/osaka.ma\/#organization\"},\"potentialAction\":[{\"@type\":\"SearchAction\",\"target\":{\"@type\":\"EntryPoint\",\"urlTemplate\":\"https:\/\/osaka.ma\/?s={search_term_string}\"},\"query-input\":{\"@type\":\"PropertyValueSpecification\",\"valueRequired\":true,\"valueName\":\"search_term_string\"}}],\"inLanguage\":\"ru-RU\"},{\"@type\":\"Organization\",\"@id\":\"https:\/\/osaka.ma\/#organization\",\"name\":\"Osaka\",\"url\":\"https:\/\/osaka.ma\/\",\"logo\":{\"@type\":\"ImageObject\",\"inLanguage\":\"ru-RU\",\"@id\":\"https:\/\/osaka.ma\/#\/schema\/logo\/image\/\",\"url\":\"https:\/\/osaka.ma\/wp-content\/uploads\/2026\/01\/model-slogan-logo-2Plan-de-travail-1dksl-plus-finnn.png\",\"contentUrl\":\"https:\/\/osaka.ma\/wp-content\/uploads\/2026\/01\/model-slogan-logo-2Plan-de-travail-1dksl-plus-finnn.png\",\"width\":842,\"height\":226,\"caption\":\"Osaka\"},\"image\":{\"@id\":\"https:\/\/osaka.ma\/#\/schema\/logo\/image\/\"}}]}<\/script>\n<!-- \/ Yoast SEO plugin. -->","yoast_head_json":{"title":"MSI Stealth 17 Studio A13VI Intel Core i9-13900H\/32GB\/1TB SSD\/RTX 4090\/17.3\"UHD 120HZ - Osaka","robots":{"index":"index","follow":"follow","max-snippet":"max-snippet:-1","max-image-preview":"max-image-preview:large","max-video-preview":"max-video-preview:-1"},"canonical":"https:\/\/osaka.ma\/product\/msi-stealth-17-studio-a13vi-091xes-intel-core-i9-13900h-32gb-1tb-ssd-rtx-4090-17-3\/","og_locale":"ru_RU","og_type":"article","og_title":"MSI Stealth 17 Studio A13VI Intel Core i9-13900H\/32GB\/1TB SSD\/RTX 4090\/17.3\"UHD 120HZ - Osaka","og_url":"https:\/\/osaka.ma\/product\/msi-stealth-17-studio-a13vi-091xes-intel-core-i9-13900h-32gb-1tb-ssd-rtx-4090-17-3\/","og_site_name":"Osaka","article_modified_time":"2024-12-24T11:06:09+00:00","og_image":[{"width":1600,"height":1600,"url":"https:\/\/osaka.ma\/wp-content\/uploads\/2024\/04\/MSISTEALTH-1.jpg","type":"image\/jpeg"}],"twitter_card":"summary_large_image","twitter_misc":{"Est. reading time":"4 minutes"},"schema":{"@context":"https:\/\/schema.org","@graph":[{"@type":"WebPage","@id":"https:\/\/osaka.ma\/product\/msi-stealth-17-studio-a13vi-091xes-intel-core-i9-13900h-32gb-1tb-ssd-rtx-4090-17-3\/","url":"https:\/\/osaka.ma\/product\/msi-stealth-17-studio-a13vi-091xes-intel-core-i9-13900h-32gb-1tb-ssd-rtx-4090-17-3\/","name":"MSI Stealth 17 Studio A13VI Intel Core i9-13900H\/32GB\/1TB SSD\/RTX 4090\/17.3\"UHD 120HZ - Osaka","isPartOf":{"@id":"https:\/\/osaka.ma\/#website"},"primaryImageOfPage":{"@id":"https:\/\/osaka.ma\/product\/msi-stealth-17-studio-a13vi-091xes-intel-core-i9-13900h-32gb-1tb-ssd-rtx-4090-17-3\/#primaryimage"},"image":{"@id":"https:\/\/osaka.ma\/product\/msi-stealth-17-studio-a13vi-091xes-intel-core-i9-13900h-32gb-1tb-ssd-rtx-4090-17-3\/#primaryimage"},"thumbnailUrl":"https:\/\/osaka.ma\/wp-content\/uploads\/2024\/04\/MSISTEALTH-1.jpg","datePublished":"2024-04-19T14:32:56+00:00","dateModified":"2024-12-24T11:06:09+00:00","breadcrumb":{"@id":"https:\/\/osaka.ma\/product\/msi-stealth-17-studio-a13vi-091xes-intel-core-i9-13900h-32gb-1tb-ssd-rtx-4090-17-3\/#breadcrumb"},"inLanguage":"ru-RU","potentialAction":[{"@type":"ReadAction","target":["https:\/\/osaka.ma\/product\/msi-stealth-17-studio-a13vi-091xes-intel-core-i9-13900h-32gb-1tb-ssd-rtx-4090-17-3\/"]}]},{"@type":"ImageObject","inLanguage":"ru-RU","@id":"https:\/\/osaka.ma\/product\/msi-stealth-17-studio-a13vi-091xes-intel-core-i9-13900h-32gb-1tb-ssd-rtx-4090-17-3\/#primaryimage","url":"https:\/\/osaka.ma\/wp-content\/uploads\/2024\/04\/MSISTEALTH-1.jpg","contentUrl":"https:\/\/osaka.ma\/wp-content\/uploads\/2024\/04\/MSISTEALTH-1.jpg","width":1600,"height":1600},{"@type":"BreadcrumbList","@id":"https:\/\/osaka.ma\/product\/msi-stealth-17-studio-a13vi-091xes-intel-core-i9-13900h-32gb-1tb-ssd-rtx-4090-17-3\/#breadcrumb","itemListElement":[{"@type":"ListItem","position":1,"name":"Home","item":"https:\/\/osaka.ma\/"},{"@type":"ListItem","position":2,"name":"Shop","item":"https:\/\/osaka.ma\/shop-2\/"},{"@type":"ListItem","position":3,"name":"MSI Stealth 17 Studio A13VI Intel Core i9-13900H\/32GB\/1TB SSD\/RTX 4090\/17.3&#8243;UHD 120HZ"}]},{"@type":"WebSite","@id":"https:\/\/osaka.ma\/#website","url":"https:\/\/osaka.ma\/","name":"Osaka","description":"","publisher":{"@id":"https:\/\/osaka.ma\/#organization"},"potentialAction":[{"@type":"SearchAction","target":{"@type":"EntryPoint","urlTemplate":"https:\/\/osaka.ma\/?s={search_term_string}"},"query-input":{"@type":"PropertyValueSpecification","valueRequired":true,"valueName":"search_term_string"}}],"inLanguage":"ru-RU"},{"@type":"Organization","@id":"https:\/\/osaka.ma\/#organization","name":"Osaka","url":"https:\/\/osaka.ma\/","logo":{"@type":"ImageObject","inLanguage":"ru-RU","@id":"https:\/\/osaka.ma\/#\/schema\/logo\/image\/","url":"https:\/\/osaka.ma\/wp-content\/uploads\/2026\/01\/model-slogan-logo-2Plan-de-travail-1dksl-plus-finnn.png","contentUrl":"https:\/\/osaka.ma\/wp-content\/uploads\/2026\/01\/model-slogan-logo-2Plan-de-travail-1dksl-plus-finnn.png","width":842,"height":226,"caption":"Osaka"},"image":{"@id":"https:\/\/osaka.ma\/#\/schema\/logo\/image\/"}}]}},"jetpack_sharing_enabled":true,"brands":[],"_links":{"self":[{"href":"https:\/\/osaka.ma\/ru\/wp-json\/wp\/v2\/product\/8454","targetHints":{"allow":["GET"]}}],"collection":[{"href":"https:\/\/osaka.ma\/ru\/wp-json\/wp\/v2\/product"}],"about":[{"href":"https:\/\/osaka.ma\/ru\/wp-json\/wp\/v2\/types\/product"}],"version-history":[{"count":0,"href":"https:\/\/osaka.ma\/ru\/wp-json\/wp\/v2\/product\/8454\/revisions"}],"wp:featuredmedia":[{"embeddable":true,"href":"https:\/\/osaka.ma\/ru\/wp-json\/wp\/v2\/media\/1008455"}],"wp:attachment":[{"href":"https:\/\/osaka.ma\/ru\/wp-json\/wp\/v2\/media?parent=8454"}],"wp:term":[{"taxonomy":"pwb-brand","embeddable":true,"href":"https:\/\/osaka.ma\/ru\/wp-json\/wp\/v2\/pwb-brand?post=8454"},{"taxonomy":"product_brand","embeddable":true,"href":"https:\/\/osaka.ma\/ru\/wp-json\/wp\/v2\/product_brand?post=8454"},{"taxonomy":"product_cat","embeddable":true,"href":"https:\/\/osaka.ma\/ru\/wp-json\/wp\/v2\/product_cat?post=8454"},{"taxonomy":"product_tag","embeddable":true,"href":"https:\/\/osaka.ma\/ru\/wp-json\/wp\/v2\/product_tag?post=8454"},{"taxonomy":"pcb_component_type","embeddable":true,"href":"https:\/\/osaka.ma\/ru\/wp-json\/wp\/v2\/pcb_component_type?post=8454"}],"curies":[{"name":"wp","href":"https:\/\/api.w.org\/{rel}","templated":true}]}}