{"id":8572,"date":"2024-04-24T15:08:16","date_gmt":"2024-04-24T15:08:16","guid":{"rendered":"https:\/\/osaka.ma\/?post_type=product&#038;p=8572"},"modified":"2024-12-18T15:35:56","modified_gmt":"2024-12-18T15:35:56","slug":"msi-thin-gf63-11uc-i7-11800h-16gb-512gb-gtx-1650-4gb","status":"publish","type":"product","link":"https:\/\/osaka.ma\/ru\/product\/msi-thin-gf63-11uc-i7-11800h-16gb-512gb-gtx-1650-4gb\/","title":{"rendered":"MSI THIN GF63 11UC I7 11800H\/16GB\/512GB\/GTX 1650 4GB"},"content":{"rendered":"<div class=\"logo\"><img decoding=\"async\" src=\"https:\/\/media.ldlc.com\/v3\/marque\/bo\/00\/05\/99\/39\/V30005993997.gif\" alt=\"MSI\" \/><\/div>\n<div id=\"description\" class=\"description\">\n<div class=\"details-pdt-desc\">\n<h2 class=\"h2-master\">Performances abordables\u00a0pour les Gamers<\/h2>\n<section>Profitez d&#8217;excellentes performances avec le PC portable Gamer\u00a0<strong>MSI GF63 Thin 11UC<\/strong>\u00a0! Cet ordinateur portable MSI offre un parfait confort de jeu gr\u00e2ce \u00e0 ses composants performants, son \u00e9cran de 15.6&#8243; Full HD 144 Hz, son clavier gamer r\u00e9tro\u00e9clair\u00e9 et son syst\u00e8me audio performant. Le PC portable MSI GF63 Thin 11UC-279FR propose d&#8217;excellentes performances gr\u00e2ce \u00e0 son processeur\u00a0<strong>Intel Core i7-11800H<\/strong>, ses<strong>\u00a016 Go de m\u00e9moire DDR4<\/strong>, sa puce graphique\u00a0<strong>NVIDIA GeForce GTX 1650 <\/strong>et son\u00a0<strong>SSD M.2 PCIe de 512GB<\/strong>.<\/section>\n<section>\n<div class=\"desc-image\"><img decoding=\"async\" src=\"https:\/\/media.ldlc.com\/bo\/images\/fiches\/pc_portables\/msi\/gp66\/801.jpg\" alt=\"\" \/><\/div>\n<div class=\"desc-text\">\n<h2>PROCESSEUR INTEL CORE I7 DE 11E G\u00c9N\u00c9RATION<\/h2>\n<p>Les processeurs Intel Core de 11\u00e8me g\u00e9n\u00e9ration proposent des performances am\u00e9lior\u00e9es de 40% par rapport \u00e0 la g\u00e9n\u00e9ration pr\u00e9c\u00e9dente. Avec notamment une nouvelle architecture innovante, des am\u00e9liorations de performances bas\u00e9es sur l&#8217;IA et des flux plus \u00e9lev\u00e9s, cette g\u00e9n\u00e9ration de processeurs offre la puissance dont vous avez besoin pour jouer dans les meilleures conditions.<\/p>\n<\/div>\n<\/section>\n<section>\n<div class=\"desc-text\">\n<h2>NVIDIA GEFORCE GTX 1650<\/h2>\n<p>La puce graphique NVIDIA GeForce GTX 1650 vous permet de faire tourner les jeux les plus r\u00e9cents gr\u00e2ce \u00e0 la puissance ph\u00e9nom\u00e9nale de NVIDIA Ampere, l&#8217;architecture GTX de seconde g\u00e9n\u00e9ration. B\u00e9n\u00e9ficiez de performances graphiques exceptionnelles gr\u00e2ce aux c\u0153urs et Tensor sp\u00e9cialement optimis\u00e9s, \u00e0 de nouveaux multiprocesseurs de flux et \u00e0 une m\u00e9moire G6 \u00e0 haute vitesse.<\/p>\n<\/div>\n<div class=\"desc-image\"><img decoding=\"async\" src=\"https:\/\/media.ldlc.com\/bo\/images\/fiches\/pc_portables\/msi\/gt76\/800_2.jpg\" alt=\"\" \/><\/div>\n<\/section>\n<section>\n<div class=\"desc-image\"><img decoding=\"async\" src=\"https:\/\/media.ldlc.com\/bo\/images\/fiches\/pc_portables\/msi\/gf63\/slim.jpg\" alt=\"\" \/><\/div>\n<div class=\"desc-text\">\n<h2>UN AFFICHAGE FULL HD PERFORMANT<\/h2>\n<p>Le PC portable Gamer MSI GF63 Thin allie performance et design mince. Avec 21.7\u00a0mm d&#8217;\u00e9paisseur et une\u00a0<strong>dalle \u00e0 cadre mince<\/strong>\u00a0(5 mm) qui occupe une grande partie de la surface du ch\u00e2ssis de l&#8217;\u00e9cran, cet ordinateur portable a tout pour faciliter le transport et d\u00e9cupler le confort et le plaisir de jeu !<\/p>\n<\/div>\n<\/section>\n<\/div>\n<\/div>\n","protected":false},"excerpt":{"rendered":"<p>Le\u00a0<strong>MSI GF63 THIN<\/strong> est un PC portable Gaming \u00e9quip\u00e9 d&#8217;un processeur Intel Core de 11\u00e8me g\u00e9n\u00e9ration, d&#8217;une puce graphique NVIDIA GeForce RTX, de RAM DDR4, d&#8217;un SSD NVME ultra-rapide et d&#8217;un \u00e9cran Full HD.\u00a0 Ce PC portable Gamer MSI sera un achat id\u00e9al pour les joueurs \u00e0 la recherche d&#8217;un juste milieu entre performance et mobilit\u00e9, le tout pour un budget ma\u00eetris\u00e9.<\/p>\n<ul>\n<li><strong>Processeur\u00a0<em>Intel<\/em>\u00ae\u00a0<em>Core<\/em>\u2122\u00a0<em>i7<\/em>\u2013<em>11800H<\/em> (Octo-Core 1.9 GHz &#8211; 2.3 GHz \/ 4.6 GHz Turbo &#8211; 16 Threads &#8211; Cache 24 Mo)<\/strong><\/li>\n<li>\u00c9cran de 15.6 pouces avec r\u00e9solution<strong> FHD<\/strong> (1920 x 1080)<\/li>\n<li>16 Go de m\u00e9moire vive DDR4 (2x 8 Go \u2013 2 slots avec maximum 64 Go)<\/li>\n<li>Puce graphique\u00a0<strong>NVIDIA GeForce GTX 1650<\/strong> avec 4 Go de m\u00e9moire d\u00e9di\u00e9e GDDR6<\/li>\n<li><strong>SSD M.2 PCIe NVMe de 500GB<\/strong><\/li>\n<li>Communication sans fil fiable et performante avec les technologies\u00a0<strong>Wi-Fi 6<\/strong>\u00a0et<strong>\u00a0Bluetooth 5.2<\/strong><\/li>\n<li>Webcam HD 720p et microphone int\u00e9gr\u00e9s<\/li>\n<li>Clavier avec touches r\u00e9tro\u00e9clair\u00e9es RGB (une seule couleur active \u00e0 la fois)<\/li>\n<li>Adaptateur d\u2019alimentation 240 watts<\/li>\n<li><strong>Windows 11 Professionnel<\/strong><\/li>\n<li>Comme neuf<\/li>\n<\/ul>\n","protected":false},"featured_media":1008431,"template":"","meta":{"_acf_changed":false},"pwb-brand":[],"product_brand":[],"product_cat":[122,121],"product_tag":[],"pcb_component_type":[],"class_list":{"0":"post-8572","1":"product","2":"type-product","3":"status-publish","4":"has-post-thumbnail","6":"product_cat-gaming","7":"product_cat-pc-portable","9":"first","10":"outofstock","11":"shipping-taxable","12":"product-type-simple"},"translation":{"provider":"WPGlobus","version":"3.0.2","language":"ru","enabled_languages":["en","es","de","fr","ru"],"languages":{"en":{"title":true,"content":true,"excerpt":true},"es":{"title":false,"content":false,"excerpt":false},"de":{"title":false,"content":false,"excerpt":false},"fr":{"title":false,"content":false,"excerpt":false},"ru":{"title":false,"content":false,"excerpt":false}}},"acf":[],"yoast_head":"<!-- This site is optimized with the Yoast SEO plugin v27.2 - https:\/\/yoast.com\/product\/yoast-seo-wordpress\/ -->\n<title>MSI THIN GF63 11UC I7 11800H\/16GB\/512GB\/GTX 1650 4GB - Osaka<\/title>\n<meta name=\"robots\" content=\"index, follow, max-snippet:-1, max-image-preview:large, max-video-preview:-1\" \/>\n<link rel=\"canonical\" href=\"https:\/\/osaka.ma\/product\/msi-thin-gf63-11uc-i7-11800h-16gb-512gb-gtx-1650-4gb\/\" \/>\n<meta property=\"og:locale\" content=\"ru_RU\" \/>\n<meta property=\"og:type\" content=\"article\" \/>\n<meta property=\"og:title\" content=\"MSI THIN GF63 11UC I7 11800H\/16GB\/512GB\/GTX 1650 4GB - Osaka\" \/>\n<meta property=\"og:url\" content=\"https:\/\/osaka.ma\/product\/msi-thin-gf63-11uc-i7-11800h-16gb-512gb-gtx-1650-4gb\/\" \/>\n<meta property=\"og:site_name\" content=\"Osaka\" \/>\n<meta property=\"article:modified_time\" content=\"2024-12-18T15:35:56+00:00\" \/>\n<meta property=\"og:image\" content=\"https:\/\/osaka.ma\/wp-content\/uploads\/2024\/04\/MSITHIN-1.jpg\" \/>\n\t<meta property=\"og:image:width\" content=\"1600\" \/>\n\t<meta property=\"og:image:height\" content=\"1600\" \/>\n\t<meta property=\"og:image:type\" content=\"image\/jpeg\" \/>\n<meta name=\"twitter:card\" content=\"summary_large_image\" \/>\n<meta name=\"twitter:label1\" content=\"Est. reading time\" \/>\n\t<meta name=\"twitter:data1\" content=\"3 minutes\" \/>\n<script type=\"application\/ld+json\" class=\"yoast-schema-graph\">{\"@context\":\"https:\/\/schema.org\",\"@graph\":[{\"@type\":\"WebPage\",\"@id\":\"https:\/\/osaka.ma\/product\/msi-thin-gf63-11uc-i7-11800h-16gb-512gb-gtx-1650-4gb\/\",\"url\":\"https:\/\/osaka.ma\/product\/msi-thin-gf63-11uc-i7-11800h-16gb-512gb-gtx-1650-4gb\/\",\"name\":\"MSI THIN GF63 11UC I7 11800H\/16GB\/512GB\/GTX 1650 4GB - Osaka\",\"isPartOf\":{\"@id\":\"https:\/\/osaka.ma\/#website\"},\"primaryImageOfPage\":{\"@id\":\"https:\/\/osaka.ma\/product\/msi-thin-gf63-11uc-i7-11800h-16gb-512gb-gtx-1650-4gb\/#primaryimage\"},\"image\":{\"@id\":\"https:\/\/osaka.ma\/product\/msi-thin-gf63-11uc-i7-11800h-16gb-512gb-gtx-1650-4gb\/#primaryimage\"},\"thumbnailUrl\":\"https:\/\/osaka.ma\/wp-content\/uploads\/2024\/04\/MSITHIN-1.jpg\",\"datePublished\":\"2024-04-24T15:08:16+00:00\",\"dateModified\":\"2024-12-18T15:35:56+00:00\",\"breadcrumb\":{\"@id\":\"https:\/\/osaka.ma\/product\/msi-thin-gf63-11uc-i7-11800h-16gb-512gb-gtx-1650-4gb\/#breadcrumb\"},\"inLanguage\":\"ru-RU\",\"potentialAction\":[{\"@type\":\"ReadAction\",\"target\":[\"https:\/\/osaka.ma\/product\/msi-thin-gf63-11uc-i7-11800h-16gb-512gb-gtx-1650-4gb\/\"]}]},{\"@type\":\"ImageObject\",\"inLanguage\":\"ru-RU\",\"@id\":\"https:\/\/osaka.ma\/product\/msi-thin-gf63-11uc-i7-11800h-16gb-512gb-gtx-1650-4gb\/#primaryimage\",\"url\":\"https:\/\/osaka.ma\/wp-content\/uploads\/2024\/04\/MSITHIN-1.jpg\",\"contentUrl\":\"https:\/\/osaka.ma\/wp-content\/uploads\/2024\/04\/MSITHIN-1.jpg\",\"width\":1600,\"height\":1600},{\"@type\":\"BreadcrumbList\",\"@id\":\"https:\/\/osaka.ma\/product\/msi-thin-gf63-11uc-i7-11800h-16gb-512gb-gtx-1650-4gb\/#breadcrumb\",\"itemListElement\":[{\"@type\":\"ListItem\",\"position\":1,\"name\":\"Home\",\"item\":\"https:\/\/osaka.ma\/\"},{\"@type\":\"ListItem\",\"position\":2,\"name\":\"Shop\",\"item\":\"https:\/\/osaka.ma\/shop-2\/\"},{\"@type\":\"ListItem\",\"position\":3,\"name\":\"MSI THIN GF63 11UC I7 11800H\/16GB\/512GB\/GTX 1650 4GB\"}]},{\"@type\":\"WebSite\",\"@id\":\"https:\/\/osaka.ma\/#website\",\"url\":\"https:\/\/osaka.ma\/\",\"name\":\"Osaka\",\"description\":\"\",\"publisher\":{\"@id\":\"https:\/\/osaka.ma\/#organization\"},\"potentialAction\":[{\"@type\":\"SearchAction\",\"target\":{\"@type\":\"EntryPoint\",\"urlTemplate\":\"https:\/\/osaka.ma\/?s={search_term_string}\"},\"query-input\":{\"@type\":\"PropertyValueSpecification\",\"valueRequired\":true,\"valueName\":\"search_term_string\"}}],\"inLanguage\":\"ru-RU\"},{\"@type\":\"Organization\",\"@id\":\"https:\/\/osaka.ma\/#organization\",\"name\":\"Osaka\",\"url\":\"https:\/\/osaka.ma\/\",\"logo\":{\"@type\":\"ImageObject\",\"inLanguage\":\"ru-RU\",\"@id\":\"https:\/\/osaka.ma\/#\/schema\/logo\/image\/\",\"url\":\"https:\/\/osaka.ma\/wp-content\/uploads\/2026\/01\/model-slogan-logo-2Plan-de-travail-1dksl-plus-finnn.png\",\"contentUrl\":\"https:\/\/osaka.ma\/wp-content\/uploads\/2026\/01\/model-slogan-logo-2Plan-de-travail-1dksl-plus-finnn.png\",\"width\":842,\"height\":226,\"caption\":\"Osaka\"},\"image\":{\"@id\":\"https:\/\/osaka.ma\/#\/schema\/logo\/image\/\"}}]}<\/script>\n<!-- \/ Yoast SEO plugin. -->","yoast_head_json":{"title":"MSI THIN GF63 11UC I7 11800H\/16GB\/512GB\/GTX 1650 4GB - Osaka","robots":{"index":"index","follow":"follow","max-snippet":"max-snippet:-1","max-image-preview":"max-image-preview:large","max-video-preview":"max-video-preview:-1"},"canonical":"https:\/\/osaka.ma\/product\/msi-thin-gf63-11uc-i7-11800h-16gb-512gb-gtx-1650-4gb\/","og_locale":"ru_RU","og_type":"article","og_title":"MSI THIN GF63 11UC I7 11800H\/16GB\/512GB\/GTX 1650 4GB - Osaka","og_url":"https:\/\/osaka.ma\/product\/msi-thin-gf63-11uc-i7-11800h-16gb-512gb-gtx-1650-4gb\/","og_site_name":"Osaka","article_modified_time":"2024-12-18T15:35:56+00:00","og_image":[{"width":1600,"height":1600,"url":"https:\/\/osaka.ma\/wp-content\/uploads\/2024\/04\/MSITHIN-1.jpg","type":"image\/jpeg"}],"twitter_card":"summary_large_image","twitter_misc":{"Est. reading time":"3 minutes"},"schema":{"@context":"https:\/\/schema.org","@graph":[{"@type":"WebPage","@id":"https:\/\/osaka.ma\/product\/msi-thin-gf63-11uc-i7-11800h-16gb-512gb-gtx-1650-4gb\/","url":"https:\/\/osaka.ma\/product\/msi-thin-gf63-11uc-i7-11800h-16gb-512gb-gtx-1650-4gb\/","name":"MSI THIN GF63 11UC I7 11800H\/16GB\/512GB\/GTX 1650 4GB - Osaka","isPartOf":{"@id":"https:\/\/osaka.ma\/#website"},"primaryImageOfPage":{"@id":"https:\/\/osaka.ma\/product\/msi-thin-gf63-11uc-i7-11800h-16gb-512gb-gtx-1650-4gb\/#primaryimage"},"image":{"@id":"https:\/\/osaka.ma\/product\/msi-thin-gf63-11uc-i7-11800h-16gb-512gb-gtx-1650-4gb\/#primaryimage"},"thumbnailUrl":"https:\/\/osaka.ma\/wp-content\/uploads\/2024\/04\/MSITHIN-1.jpg","datePublished":"2024-04-24T15:08:16+00:00","dateModified":"2024-12-18T15:35:56+00:00","breadcrumb":{"@id":"https:\/\/osaka.ma\/product\/msi-thin-gf63-11uc-i7-11800h-16gb-512gb-gtx-1650-4gb\/#breadcrumb"},"inLanguage":"ru-RU","potentialAction":[{"@type":"ReadAction","target":["https:\/\/osaka.ma\/product\/msi-thin-gf63-11uc-i7-11800h-16gb-512gb-gtx-1650-4gb\/"]}]},{"@type":"ImageObject","inLanguage":"ru-RU","@id":"https:\/\/osaka.ma\/product\/msi-thin-gf63-11uc-i7-11800h-16gb-512gb-gtx-1650-4gb\/#primaryimage","url":"https:\/\/osaka.ma\/wp-content\/uploads\/2024\/04\/MSITHIN-1.jpg","contentUrl":"https:\/\/osaka.ma\/wp-content\/uploads\/2024\/04\/MSITHIN-1.jpg","width":1600,"height":1600},{"@type":"BreadcrumbList","@id":"https:\/\/osaka.ma\/product\/msi-thin-gf63-11uc-i7-11800h-16gb-512gb-gtx-1650-4gb\/#breadcrumb","itemListElement":[{"@type":"ListItem","position":1,"name":"Home","item":"https:\/\/osaka.ma\/"},{"@type":"ListItem","position":2,"name":"Shop","item":"https:\/\/osaka.ma\/shop-2\/"},{"@type":"ListItem","position":3,"name":"MSI THIN GF63 11UC I7 11800H\/16GB\/512GB\/GTX 1650 4GB"}]},{"@type":"WebSite","@id":"https:\/\/osaka.ma\/#website","url":"https:\/\/osaka.ma\/","name":"Osaka","description":"","publisher":{"@id":"https:\/\/osaka.ma\/#organization"},"potentialAction":[{"@type":"SearchAction","target":{"@type":"EntryPoint","urlTemplate":"https:\/\/osaka.ma\/?s={search_term_string}"},"query-input":{"@type":"PropertyValueSpecification","valueRequired":true,"valueName":"search_term_string"}}],"inLanguage":"ru-RU"},{"@type":"Organization","@id":"https:\/\/osaka.ma\/#organization","name":"Osaka","url":"https:\/\/osaka.ma\/","logo":{"@type":"ImageObject","inLanguage":"ru-RU","@id":"https:\/\/osaka.ma\/#\/schema\/logo\/image\/","url":"https:\/\/osaka.ma\/wp-content\/uploads\/2026\/01\/model-slogan-logo-2Plan-de-travail-1dksl-plus-finnn.png","contentUrl":"https:\/\/osaka.ma\/wp-content\/uploads\/2026\/01\/model-slogan-logo-2Plan-de-travail-1dksl-plus-finnn.png","width":842,"height":226,"caption":"Osaka"},"image":{"@id":"https:\/\/osaka.ma\/#\/schema\/logo\/image\/"}}]}},"jetpack_sharing_enabled":true,"brands":[],"_links":{"self":[{"href":"https:\/\/osaka.ma\/ru\/wp-json\/wp\/v2\/product\/8572","targetHints":{"allow":["GET"]}}],"collection":[{"href":"https:\/\/osaka.ma\/ru\/wp-json\/wp\/v2\/product"}],"about":[{"href":"https:\/\/osaka.ma\/ru\/wp-json\/wp\/v2\/types\/product"}],"version-history":[{"count":0,"href":"https:\/\/osaka.ma\/ru\/wp-json\/wp\/v2\/product\/8572\/revisions"}],"wp:featuredmedia":[{"embeddable":true,"href":"https:\/\/osaka.ma\/ru\/wp-json\/wp\/v2\/media\/1008431"}],"wp:attachment":[{"href":"https:\/\/osaka.ma\/ru\/wp-json\/wp\/v2\/media?parent=8572"}],"wp:term":[{"taxonomy":"pwb-brand","embeddable":true,"href":"https:\/\/osaka.ma\/ru\/wp-json\/wp\/v2\/pwb-brand?post=8572"},{"taxonomy":"product_brand","embeddable":true,"href":"https:\/\/osaka.ma\/ru\/wp-json\/wp\/v2\/product_brand?post=8572"},{"taxonomy":"product_cat","embeddable":true,"href":"https:\/\/osaka.ma\/ru\/wp-json\/wp\/v2\/product_cat?post=8572"},{"taxonomy":"product_tag","embeddable":true,"href":"https:\/\/osaka.ma\/ru\/wp-json\/wp\/v2\/product_tag?post=8572"},{"taxonomy":"pcb_component_type","embeddable":true,"href":"https:\/\/osaka.ma\/ru\/wp-json\/wp\/v2\/pcb_component_type?post=8572"}],"curies":[{"name":"wp","href":"https:\/\/api.w.org\/{rel}","templated":true}]}}