{"id":8778,"date":"2024-05-09T13:03:07","date_gmt":"2024-05-09T13:03:07","guid":{"rendered":"https:\/\/osaka.ma\/?post_type=product&#038;p=8778"},"modified":"2025-04-10T17:55:12","modified_gmt":"2025-04-10T17:55:12","slug":"crucial-mx500-500-go","status":"publish","type":"product","link":"https:\/\/osaka.ma\/ru\/product\/crucial-mx500-500-go\/","title":{"rendered":"Crucial MX500 500 Go"},"content":{"rendered":"<div class=\"logo\"><\/div>\n<div id=\"description\" class=\"description\">\n<div align=\"center\"><\/div>\n<div class=\"details-pdt-desc\">\n<h2 class=\"h2-master\">CRUCIAL MX500 : SSD fiable et ultra-rapide, pour votre syst\u00e8me et vos donn\u00e9es<\/h2>\n<section>Le<strong>\u00a0SSD Crucial MX500 500 Go<\/strong>\u00a0propose une grande capacit\u00e9 de stockage et une technologie m\u00e9moire NAND TLC agr\u00e9ment\u00e9e de la fonctionnalit\u00e9 RAIN (Redundant Array of Independent NAND). Con\u00e7u pour le grand public, il vise \u00e0 \u00e9quiper les PC de derni\u00e8re g\u00e9n\u00e9ration, pour leur permettre de tout faire plus rapidement. \u00c0 chaque d\u00e9marrage, vous sollicitez le disque de stockage de votre ordinateur. En plus de contenir tous vos fichiers les plus pr\u00e9cieux, il charge et enregistre pratiquement tout ce que fait votre ordinateur. Vous aussi, faites partie des personnes qui conservent leurs vid\u00e9os de famille, leurs photos de voyage, leur musique et leurs documents importants sur un SSD, et b\u00e9n\u00e9ficiez de performances quasi-instantan\u00e9es et de la fiabilit\u00e9 de ce support de stockage. Faites une mise \u00e0 niveau avec le\u00a0<strong>SSD Crucial MX500<\/strong>, un SSD s\u00fbr, rapide et de qualit\u00e9.<\/section>\n<section>\n<div class=\"desc-image\"><\/div>\n<div class=\"desc-text\">\n<h2>TOUT FAIRE RAPIDEMENT<\/h2>\n<p>D\u00e9marrez votre ordinateur en quelques secondes, transf\u00e9rez des fichiers quasi-instantan\u00e9ment et acc\u00e9l\u00e9rez vos applications les plus exigeantes avec le\u00a0<strong>Crucial MX500<\/strong>. La technologie d\u2019acc\u00e9l\u00e9ration d\u2019\u00e9criture dynamique utilise un ensemble flexible de cellules de m\u00e9moire flash haute vitesse \u00e0 un seul niveau afin de g\u00e9n\u00e9rer des vitesses incroyables.<\/p>\n<\/div>\n<\/section>\n<section>\n<div class=\"desc-text\">\n<h2>M\u00c9MOIRE 3D NAND FLASH<\/h2>\n<p>Les composants de pointe sont enti\u00e8rement con\u00e7us dans une optique d\u2019efficacit\u00e9 optimale. Par cons\u00e9quent, le\u00a0<strong>MX500<\/strong>\u00a0b\u00e9n\u00e9ficie d\u2019une faible consommation \u00e9lectrique tout en offrant un rapport performance\/prix \u00e9lev\u00e9, sans que vous ayez recours \u00e0 des facilit\u00e9s de paiement pour l\u2019acheter. Profitez d\u2019un ordinateur plus rapide, plus silencieux et moins chaud, que ce soit au bureau ou chez vous. Vous allez vous demander comment vous avez fait pour vous contenter d\u2019un simple disque dur.<\/p>\n<\/div>\n<div class=\"desc-image\"><\/div>\n<\/section>\n<section>\n<div class=\"desc-image\"><\/div>\n<div class=\"desc-text\">\n<h2>FIABILIT\u00c9 \u00c0 TOUTE \u00c9PREUVE<\/h2>\n<p>Des milliers d&#8217;heures de validation pr\u00e9liminaire, des dizaines de tests de qualification SSD et une g\u00e9n\u00e9ration de SSD plusieurs fois r\u00e9compens\u00e9s ont permis de tester le\u00a0<strong>Crucial MX500<\/strong>\u00a0et de l&#8217;\u00e9prouver minutieusement. Prot\u00e9gez vos fichiers les plus importants sur un lecteur b\u00e9n\u00e9ficiant de la fiabilit\u00e9 et des fonctionnalit\u00e9s avanc\u00e9es qui ont fait la renomm\u00e9e des\u00a0<strong>SSD MX<\/strong>. Des vitesses colossales, une fiabilit\u00e9 qui dure, plusieurs d\u00e9cennies d\u2019h\u00e9ritage \u2013 le passage au<strong>\u00a0MX500<\/strong>\u00a0vous offre la meilleure combinaison possible en termes de qualit\u00e9, de performances et de s\u00e9curit\u00e9. Vous ne serez pas d\u00e9\u00e7us.<\/p>\n<\/div>\n<\/section>\n<\/div>\n<\/div>\n","protected":false},"excerpt":{"rendered":"<p>Le SSD Crucial MX500 500 Go propose une grande capacit\u00e9 de stockage et une technologie m\u00e9moire NAND TLC agr\u00e9ment\u00e9e de la fonctionnalit\u00e9 RAIN (Redundant Array of Independent NAND). Con\u00e7u pour le grand public, il vise \u00e0 \u00e9quiper les PC de derni\u00e8re g\u00e9n\u00e9ration, pour faire tout plus rapidement.<\/p>\n","protected":false},"featured_media":1008780,"template":"","meta":{"_acf_changed":false},"pwb-brand":[],"product_brand":[80],"product_cat":[17,22],"product_tag":[],"pcb_component_type":[],"class_list":{"0":"post-8778","1":"product","2":"type-product","3":"status-publish","4":"has-post-thumbnail","6":"product_brand-crucial","7":"product_cat-composants-gaming","8":"product_cat-disque-dur-ssd","10":"first","11":"outofstock","12":"shipping-taxable","13":"product-type-simple"},"translation":{"provider":"WPGlobus","version":"3.0.2","language":"ru","enabled_languages":["en","es","de","fr","ru"],"languages":{"en":{"title":true,"content":true,"excerpt":true},"es":{"title":false,"content":false,"excerpt":false},"de":{"title":false,"content":false,"excerpt":false},"fr":{"title":false,"content":false,"excerpt":false},"ru":{"title":false,"content":false,"excerpt":false}}},"acf":[],"yoast_head":"<!-- This site is optimized with the Yoast SEO plugin v27.2 - https:\/\/yoast.com\/product\/yoast-seo-wordpress\/ -->\n<title>Crucial MX500 500 Go - Osaka<\/title>\n<meta name=\"robots\" content=\"index, follow, max-snippet:-1, max-image-preview:large, max-video-preview:-1\" \/>\n<link rel=\"canonical\" href=\"https:\/\/osaka.ma\/fr\/product\/crucial-mx500-500-go\/\" \/>\n<meta property=\"og:locale\" content=\"ru_RU\" \/>\n<meta property=\"og:type\" content=\"article\" \/>\n<meta property=\"og:title\" content=\"Crucial MX500 500 Go - Osaka\" \/>\n<meta property=\"og:url\" content=\"https:\/\/osaka.ma\/fr\/product\/crucial-mx500-500-go\/\" \/>\n<meta property=\"og:site_name\" content=\"Osaka\" \/>\n<meta property=\"article:modified_time\" content=\"2025-04-10T17:55:12+00:00\" \/>\n<meta property=\"og:image\" content=\"https:\/\/osaka.ma\/wp-content\/uploads\/2024\/05\/CRUCIALMX500-2.jpg\" \/>\n\t<meta property=\"og:image:width\" content=\"1600\" \/>\n\t<meta property=\"og:image:height\" content=\"1600\" \/>\n\t<meta property=\"og:image:type\" content=\"image\/jpeg\" \/>\n<meta name=\"twitter:card\" content=\"summary_large_image\" \/>\n<meta name=\"twitter:label1\" content=\"Est. reading time\" \/>\n\t<meta name=\"twitter:data1\" content=\"2 minutes\" \/>\n<script type=\"application\/ld+json\" class=\"yoast-schema-graph\">{\"@context\":\"https:\/\/schema.org\",\"@graph\":[{\"@type\":\"WebPage\",\"@id\":\"https:\/\/osaka.ma\/fr\/product\/crucial-mx500-500-go\/\",\"url\":\"https:\/\/osaka.ma\/fr\/product\/crucial-mx500-500-go\/\",\"name\":\"Crucial MX500 500 Go - Osaka\",\"isPartOf\":{\"@id\":\"https:\/\/osaka.ma\/#website\"},\"primaryImageOfPage\":{\"@id\":\"https:\/\/osaka.ma\/fr\/product\/crucial-mx500-500-go\/#primaryimage\"},\"image\":{\"@id\":\"https:\/\/osaka.ma\/fr\/product\/crucial-mx500-500-go\/#primaryimage\"},\"thumbnailUrl\":\"https:\/\/osaka.ma\/wp-content\/uploads\/2024\/05\/CRUCIALMX500-2.jpg\",\"datePublished\":\"2024-05-09T13:03:07+00:00\",\"dateModified\":\"2025-04-10T17:55:12+00:00\",\"breadcrumb\":{\"@id\":\"https:\/\/osaka.ma\/fr\/product\/crucial-mx500-500-go\/#breadcrumb\"},\"inLanguage\":\"ru-RU\",\"potentialAction\":[{\"@type\":\"ReadAction\",\"target\":[\"https:\/\/osaka.ma\/fr\/product\/crucial-mx500-500-go\/\"]}]},{\"@type\":\"ImageObject\",\"inLanguage\":\"ru-RU\",\"@id\":\"https:\/\/osaka.ma\/fr\/product\/crucial-mx500-500-go\/#primaryimage\",\"url\":\"https:\/\/osaka.ma\/wp-content\/uploads\/2024\/05\/CRUCIALMX500-2.jpg\",\"contentUrl\":\"https:\/\/osaka.ma\/wp-content\/uploads\/2024\/05\/CRUCIALMX500-2.jpg\",\"width\":1600,\"height\":1600},{\"@type\":\"BreadcrumbList\",\"@id\":\"https:\/\/osaka.ma\/fr\/product\/crucial-mx500-500-go\/#breadcrumb\",\"itemListElement\":[{\"@type\":\"ListItem\",\"position\":1,\"name\":\"Home\",\"item\":\"https:\/\/osaka.ma\/\"},{\"@type\":\"ListItem\",\"position\":2,\"name\":\"Shop\",\"item\":\"https:\/\/osaka.ma\/shop-2\/\"},{\"@type\":\"ListItem\",\"position\":3,\"name\":\"Crucial MX500 500 Go\"}]},{\"@type\":\"WebSite\",\"@id\":\"https:\/\/osaka.ma\/#website\",\"url\":\"https:\/\/osaka.ma\/\",\"name\":\"Osaka\",\"description\":\"\",\"publisher\":{\"@id\":\"https:\/\/osaka.ma\/#organization\"},\"potentialAction\":[{\"@type\":\"SearchAction\",\"target\":{\"@type\":\"EntryPoint\",\"urlTemplate\":\"https:\/\/osaka.ma\/?s={search_term_string}\"},\"query-input\":{\"@type\":\"PropertyValueSpecification\",\"valueRequired\":true,\"valueName\":\"search_term_string\"}}],\"inLanguage\":\"ru-RU\"},{\"@type\":\"Organization\",\"@id\":\"https:\/\/osaka.ma\/#organization\",\"name\":\"Osaka\",\"url\":\"https:\/\/osaka.ma\/\",\"logo\":{\"@type\":\"ImageObject\",\"inLanguage\":\"ru-RU\",\"@id\":\"https:\/\/osaka.ma\/#\/schema\/logo\/image\/\",\"url\":\"https:\/\/osaka.ma\/wp-content\/uploads\/2026\/01\/model-slogan-logo-2Plan-de-travail-1dksl-plus-finnn.png\",\"contentUrl\":\"https:\/\/osaka.ma\/wp-content\/uploads\/2026\/01\/model-slogan-logo-2Plan-de-travail-1dksl-plus-finnn.png\",\"width\":842,\"height\":226,\"caption\":\"Osaka\"},\"image\":{\"@id\":\"https:\/\/osaka.ma\/#\/schema\/logo\/image\/\"}}]}<\/script>\n<!-- \/ Yoast SEO plugin. -->","yoast_head_json":{"title":"Crucial MX500 500 Go - Osaka","robots":{"index":"index","follow":"follow","max-snippet":"max-snippet:-1","max-image-preview":"max-image-preview:large","max-video-preview":"max-video-preview:-1"},"canonical":"https:\/\/osaka.ma\/fr\/product\/crucial-mx500-500-go\/","og_locale":"ru_RU","og_type":"article","og_title":"Crucial MX500 500 Go - Osaka","og_url":"https:\/\/osaka.ma\/fr\/product\/crucial-mx500-500-go\/","og_site_name":"Osaka","article_modified_time":"2025-04-10T17:55:12+00:00","og_image":[{"width":1600,"height":1600,"url":"https:\/\/osaka.ma\/wp-content\/uploads\/2024\/05\/CRUCIALMX500-2.jpg","type":"image\/jpeg"}],"twitter_card":"summary_large_image","twitter_misc":{"Est. reading time":"2 minutes"},"schema":{"@context":"https:\/\/schema.org","@graph":[{"@type":"WebPage","@id":"https:\/\/osaka.ma\/fr\/product\/crucial-mx500-500-go\/","url":"https:\/\/osaka.ma\/fr\/product\/crucial-mx500-500-go\/","name":"Crucial MX500 500 Go - Osaka","isPartOf":{"@id":"https:\/\/osaka.ma\/#website"},"primaryImageOfPage":{"@id":"https:\/\/osaka.ma\/fr\/product\/crucial-mx500-500-go\/#primaryimage"},"image":{"@id":"https:\/\/osaka.ma\/fr\/product\/crucial-mx500-500-go\/#primaryimage"},"thumbnailUrl":"https:\/\/osaka.ma\/wp-content\/uploads\/2024\/05\/CRUCIALMX500-2.jpg","datePublished":"2024-05-09T13:03:07+00:00","dateModified":"2025-04-10T17:55:12+00:00","breadcrumb":{"@id":"https:\/\/osaka.ma\/fr\/product\/crucial-mx500-500-go\/#breadcrumb"},"inLanguage":"ru-RU","potentialAction":[{"@type":"ReadAction","target":["https:\/\/osaka.ma\/fr\/product\/crucial-mx500-500-go\/"]}]},{"@type":"ImageObject","inLanguage":"ru-RU","@id":"https:\/\/osaka.ma\/fr\/product\/crucial-mx500-500-go\/#primaryimage","url":"https:\/\/osaka.ma\/wp-content\/uploads\/2024\/05\/CRUCIALMX500-2.jpg","contentUrl":"https:\/\/osaka.ma\/wp-content\/uploads\/2024\/05\/CRUCIALMX500-2.jpg","width":1600,"height":1600},{"@type":"BreadcrumbList","@id":"https:\/\/osaka.ma\/fr\/product\/crucial-mx500-500-go\/#breadcrumb","itemListElement":[{"@type":"ListItem","position":1,"name":"Home","item":"https:\/\/osaka.ma\/"},{"@type":"ListItem","position":2,"name":"Shop","item":"https:\/\/osaka.ma\/shop-2\/"},{"@type":"ListItem","position":3,"name":"Crucial MX500 500 Go"}]},{"@type":"WebSite","@id":"https:\/\/osaka.ma\/#website","url":"https:\/\/osaka.ma\/","name":"Osaka","description":"","publisher":{"@id":"https:\/\/osaka.ma\/#organization"},"potentialAction":[{"@type":"SearchAction","target":{"@type":"EntryPoint","urlTemplate":"https:\/\/osaka.ma\/?s={search_term_string}"},"query-input":{"@type":"PropertyValueSpecification","valueRequired":true,"valueName":"search_term_string"}}],"inLanguage":"ru-RU"},{"@type":"Organization","@id":"https:\/\/osaka.ma\/#organization","name":"Osaka","url":"https:\/\/osaka.ma\/","logo":{"@type":"ImageObject","inLanguage":"ru-RU","@id":"https:\/\/osaka.ma\/#\/schema\/logo\/image\/","url":"https:\/\/osaka.ma\/wp-content\/uploads\/2026\/01\/model-slogan-logo-2Plan-de-travail-1dksl-plus-finnn.png","contentUrl":"https:\/\/osaka.ma\/wp-content\/uploads\/2026\/01\/model-slogan-logo-2Plan-de-travail-1dksl-plus-finnn.png","width":842,"height":226,"caption":"Osaka"},"image":{"@id":"https:\/\/osaka.ma\/#\/schema\/logo\/image\/"}}]}},"jetpack_sharing_enabled":true,"brands":[],"_links":{"self":[{"href":"https:\/\/osaka.ma\/ru\/wp-json\/wp\/v2\/product\/8778","targetHints":{"allow":["GET"]}}],"collection":[{"href":"https:\/\/osaka.ma\/ru\/wp-json\/wp\/v2\/product"}],"about":[{"href":"https:\/\/osaka.ma\/ru\/wp-json\/wp\/v2\/types\/product"}],"version-history":[{"count":0,"href":"https:\/\/osaka.ma\/ru\/wp-json\/wp\/v2\/product\/8778\/revisions"}],"wp:featuredmedia":[{"embeddable":true,"href":"https:\/\/osaka.ma\/ru\/wp-json\/wp\/v2\/media\/1008780"}],"wp:attachment":[{"href":"https:\/\/osaka.ma\/ru\/wp-json\/wp\/v2\/media?parent=8778"}],"wp:term":[{"taxonomy":"pwb-brand","embeddable":true,"href":"https:\/\/osaka.ma\/ru\/wp-json\/wp\/v2\/pwb-brand?post=8778"},{"taxonomy":"product_brand","embeddable":true,"href":"https:\/\/osaka.ma\/ru\/wp-json\/wp\/v2\/product_brand?post=8778"},{"taxonomy":"product_cat","embeddable":true,"href":"https:\/\/osaka.ma\/ru\/wp-json\/wp\/v2\/product_cat?post=8778"},{"taxonomy":"product_tag","embeddable":true,"href":"https:\/\/osaka.ma\/ru\/wp-json\/wp\/v2\/product_tag?post=8778"},{"taxonomy":"pcb_component_type","embeddable":true,"href":"https:\/\/osaka.ma\/ru\/wp-json\/wp\/v2\/pcb_component_type?post=8778"}],"curies":[{"name":"wp","href":"https:\/\/api.w.org\/{rel}","templated":true}]}}