{"id":8938,"date":"2024-05-20T15:43:15","date_gmt":"2024-05-20T15:43:15","guid":{"rendered":"https:\/\/osaka.ma\/?post_type=product&#038;p=8938"},"modified":"2024-12-18T15:36:06","modified_gmt":"2024-12-18T15:36:06","slug":"alienware-x17-r2-i9-12900h-16gb-1tb-rtx-3080ti-16gb-17-3%e2%80%b3-ips-480hz-fhd","status":"publish","type":"product","link":"https:\/\/osaka.ma\/ru\/product\/alienware-x17-r2-i9-12900h-16gb-1tb-rtx-3080ti-16gb-17-3%e2%80%b3-ips-480hz-fhd\/","title":{"rendered":"ALIENWARE X17 R2 I9-12900H\/16GB\/1TB\/RTX 3080TI 16GB\/17.3\u2033 IPS 480HZ FHD"},"content":{"rendered":"<div class=\"logo\"><img decoding=\"async\" src=\"https:\/\/media.ldlc.com\/v3\/marque\/bo\/00\/04\/98\/36\/V30004983632_2.jpg\" alt=\"Alienware\" \/><\/div>\n<div id=\"description\" class=\"description\">\n<div class=\"details-pdt-desc\">\n<h2 class=\"h2-master\">Un PC portable ultra-performant taill\u00e9 pour le jeu<\/h2>\n<section>Gagnez en confort et en performance de jeu avec le\u00a0<strong>PC portable Alienware X17 R2<\/strong> ! Avec son \u00e9cran FHD 480 Hz de 17.3 pouces, son \u00e9quipement gamer de haute qualit\u00e9 et ses composants ultra-performants, ce PC portable Alienware sera un achat id\u00e9al pour les gamers exigeants. Le PC portable Alienware X17 R2-477 offre d&#8217;excellentes performances et un fonctionnement rapide gr\u00e2ce \u00e0 son <strong>processeur Intel Core i9-12900H<\/strong>, ses 16 Go de m\u00e9moire DDR5, <strong>son SSD M.2 PCIe de 1 To<\/strong>\u00a0et sa puce graphique\u00a0<strong>NVIDIA GeForce RTX 3080 Ti<\/strong>.<\/section>\n<section>\n<div class=\"desc-image\"><img decoding=\"async\" src=\"https:\/\/media.ldlc.com\/bo\/images\/fiches\/pc_portables\/dell\/alienware_x15r2\/801.jpg\" alt=\"\" \/><\/div>\n<div class=\"desc-text\">\n<h2>PERFORMANCES DE JEU<\/h2>\n<p>Profitez de hautes performances sur vos jeux et applications pr\u00e9f\u00e9r\u00e9s avec les processeurs Intel\u00a0Core\u00a0de 12e\u00a0g\u00e9n\u00e9ration. Repoussez les limites des performances avec les cartes graphiques\u00a0NVIDIA\u00a0GeForce RTX, d\u00e9sormais dot\u00e9es des technologies NVIDIA Deep Learning Super Sampling\u00a0(DLSS), Ray\u00a0Tracing et NVIDIA\u00a0Max-Q. La technologie NVIDIA DLSS vise \u00e0 am\u00e9liorer les performances, sans sacrifier la qualit\u00e9, en utilisant l\u2019IA \u00e0 la pointe de la technologie. La technologie Ray Tracing permet des graphismes r\u00e9alistes et immersifs, qui s\u2019ex\u00e9cutent rapidement gr\u00e2ce aux c\u0153urs RT de 2e g\u00e9n\u00e9ration.<\/p>\n<\/div>\n<\/section>\n<section>\n<div class=\"desc-text\">\n<h2>REFROIDISSEMENT EFFICACE AVEC CRYO-TECH<\/h2>\n<p>Lancez vos jeux vers de nouveaux sommets avec Advanced Alienware Cryo-tech, une conception d&#8217;ing\u00e9nierie \u00e9lectrique et m\u00e9canique qui maintient la stabilit\u00e9 du syst\u00e8me pendant les besoins de performances intenses. Cette approche met en \u0153uvre une technologie \u00e0 quatre ventilateurs, des \u00e9tats d&#8217;alimentation uniques et l&#8217;\u00e9l\u00e9ment 31, un mat\u00e9riau d&#8217;interface thermique en gallium-silicone exclusif \u00e0 la marque Alienware et qui offre une forte r\u00e9sistance thermique.<\/p>\n<\/div>\n<div class=\"desc-image\"><img decoding=\"async\" src=\"https:\/\/media.ldlc.com\/bo\/images\/fiches\/pc_portables\/dell\/alienware_x15r2\/802.jpg\" alt=\"\" \/><\/div>\n<\/section>\n<section>\n<div class=\"desc-image\"><img decoding=\"async\" src=\"https:\/\/media.ldlc.com\/bo\/images\/fiches\/pc_portables\/dell\/alienware_x15r2\/803.jpg\" alt=\"\" \/><\/div>\n<div class=\"desc-text\">\n<h2>AFFICHAGE DE HAUTE QUALIT\u00c9<\/h2>\n<p>Le x15 R2 r\u00e9pond \u00e0 vos besoins en offrant un affichage fluide avec sur ce mod\u00e8le une fr\u00e9quence de 480 Hz et un temps de r\u00e9ponse \u00e9valu\u00e9 \u00e0 2 ms. De plus, ce PC portable Gamer b\u00e9n\u00e9ficie des technologies innovantes ComfortView Plus, NVIDIA G-SYNC et Advanced Optimus. ComfortView Plus est un filtre \u00e0 faible lumi\u00e8re bleue, bas\u00e9 sur un mat\u00e9riel qui ne consomme pas de ressources ou ne nuit pas aux performances. Advanced Optimus est une technologie de NVIDIA qui permet une plus longue autonomie de la batterie. Profitez aussi d&#8217;une exp\u00e9rience de jeu sans d\u00e9chirures et sans saccades gr\u00e2ce \u00e0 NVIDIA G-SYNC.<\/p>\n<\/div>\n<\/section>\n<section>\n<div class=\"desc-text\">\n<h2>CLAVIER GAMER RGB<\/h2>\n<p>Am\u00e9liorez votre jeu gr\u00e2ce \u00e0 un clavier r\u00e9actif dot\u00e9 d\u2019un \u00e9clairage LED RGB, d&#8217;une technologie N-key rollover, d&#8217;une technologie anti-d\u00e9doublement, d&#8217;un d\u00e9placement des touches de 1,5 mm et de touches multim\u00e9dias pratiques plac\u00e9es sur le c\u00f4t\u00e9 droit. Pimentez l&#8217;action en toute simplicit\u00e9, en passant rapidement de l&#8217;\u00e9tat d&#8217;alimentation \u00ab Balanced \u00bb \u00e0 \u00ab Full Speed \u00bb en appuyant sur FN+F1.<\/p>\n<\/div>\n<div class=\"desc-image\"><img decoding=\"async\" src=\"https:\/\/media.ldlc.com\/bo\/images\/fiches\/pc_portables\/dell\/alienware_x15r2\/804.jpg\" alt=\"\" \/><\/div>\n<\/section>\n<section class=\"list\">\n<h2>CARACT\u00c9RISTIQUES PRINCIPALES :<\/h2>\n<ul>\n<li><strong>Processeur Intel Core i9-12900H<\/strong>\u00a0(6 Performance-Cores 4.7 GHz Turbo + 8 Efficient-Cores 3.5 GHz Turbo &#8211; 20 Threads &#8211; Cache 24 Mo)<\/li>\n<li>16 Go de m\u00e9moire vive DDR5 4800 MHz SO-DIMM (2x 8 Go)<\/li>\n<li><strong>\u00c9cran anti-reflets de 17.3&#8243;<\/strong>\u00a0avec r\u00e9solution\u00a0<strong>FHD<\/strong> (1920 x 1080) avec fr\u00e9quence de 480<strong>\u00a0Hz<\/strong><\/li>\n<li>Puce graphique<strong>\u00a0<\/strong><strong>NVIDIA GeForce RTX 3080 Ti (Max-Q)\u00a0<\/strong>avec 16 Go de m\u00e9moire d\u00e9di\u00e9e GDDR6<\/li>\n<li><strong>SSD M.2 PCIe de 1 To<\/strong><\/li>\n<li>Communication sans fil performante :\u00a0Wi-Fi 6 + Bluetooth 5.2<\/li>\n<li><strong>1 port Thunderbolt 4 (USB-C)<\/strong><\/li>\n<li>1 port USB-C 3.1 (Power Delivery et\u00a0DisplayPort)<\/li>\n<li><strong>Clavier avec r\u00e9tro\u00e9clairage AlienFX RGB<\/strong><\/li>\n<li>Webcam IR HD 720p avec prise en charge Windows Hello<\/li>\n<li><strong>Windows 11 Famille<\/strong><\/li>\n<li>Condition : Neuf<\/li>\n<\/ul>\n<\/section>\n<\/div>\n<\/div>\n","protected":false},"excerpt":{"rendered":"<h2>CARACT\u00c9RISTIQUES PRINCIPALES :<\/h2>\n<ul>\n<li><strong>Processeur Intel Core i9-12900H<\/strong>\u00a0(6 Performance-Cores 4.7 GHz Turbo + 8 Efficient-Cores 3.5 GHz Turbo &#8211; 20 Threads &#8211; Cache 24 Mo)<\/li>\n<li>16 Go de m\u00e9moire vive DDR5 4800 MHz SO-DIMM (2x 8 Go)<\/li>\n<li><strong>\u00c9cran anti-reflets de 17.3&#8243;<\/strong>\u00a0avec r\u00e9solution\u00a0<strong>FHD<\/strong> (1920 x 1080) avec fr\u00e9quence de 480<strong>\u00a0Hz<\/strong><\/li>\n<li>Puce graphique<strong>\u00a0<\/strong><strong>NVIDIA GeForce RTX 3080 Ti (Max-Q)\u00a0<\/strong>avec 16 Go de m\u00e9moire d\u00e9di\u00e9e GDDR6<\/li>\n<li><strong>SSD M.2 PCIe de 1 To<\/strong><\/li>\n<li>Communication sans fil performante :\u00a0Wi-Fi 6 + Bluetooth 5.2<\/li>\n<li><strong>1 port Thunderbolt 4 (USB-C)<\/strong><\/li>\n<li>1 port USB-C 3.1 (Power Delivery et\u00a0DisplayPort)<\/li>\n<li><strong>Clavier avec r\u00e9tro\u00e9clairage AlienFX RGB<\/strong><\/li>\n<li>Webcam IR HD 720p avec prise en charge Windows Hello<\/li>\n<li><strong>Windows 11 Famille<\/strong><\/li>\n<li>Condition : Neuf<\/li>\n<\/ul>\n","protected":false},"featured_media":1006381,"template":"","meta":{"_acf_changed":false},"pwb-brand":[],"product_brand":[],"product_cat":[122,121,126],"product_tag":[],"pcb_component_type":[],"class_list":{"0":"post-8938","1":"product","2":"type-product","3":"status-publish","4":"has-post-thumbnail","6":"product_cat-gaming","7":"product_cat-pc-portable","8":"product_cat-professional","10":"first","11":"outofstock","12":"shipping-taxable","13":"product-type-simple"},"translation":{"provider":"WPGlobus","version":"3.0.2","language":"ru","enabled_languages":["en","es","de","fr","ru"],"languages":{"en":{"title":true,"content":true,"excerpt":true},"es":{"title":false,"content":false,"excerpt":false},"de":{"title":false,"content":false,"excerpt":false},"fr":{"title":false,"content":false,"excerpt":false},"ru":{"title":false,"content":false,"excerpt":false}}},"acf":[],"yoast_head":"<!-- This site is optimized with the Yoast SEO plugin v27.2 - https:\/\/yoast.com\/product\/yoast-seo-wordpress\/ -->\n<title>ALIENWARE X17 R2 I9-12900H\/16GB\/1TB\/RTX 3080TI 16GB\/17.3\u2033 IPS 480HZ FHD - Osaka<\/title>\n<meta name=\"robots\" content=\"index, follow, max-snippet:-1, max-image-preview:large, max-video-preview:-1\" \/>\n<link rel=\"canonical\" href=\"https:\/\/osaka.ma\/product\/alienware-x17-r2-i9-12900h-16gb-1tb-rtx-3080ti-16gb-17-3\u2033-ips-480hz-fhd\/\" \/>\n<meta property=\"og:locale\" content=\"ru_RU\" \/>\n<meta property=\"og:type\" content=\"article\" \/>\n<meta property=\"og:title\" content=\"ALIENWARE X17 R2 I9-12900H\/16GB\/1TB\/RTX 3080TI 16GB\/17.3\u2033 IPS 480HZ FHD - Osaka\" \/>\n<meta property=\"og:url\" content=\"https:\/\/osaka.ma\/product\/alienware-x17-r2-i9-12900h-16gb-1tb-rtx-3080ti-16gb-17-3\u2033-ips-480hz-fhd\/\" \/>\n<meta property=\"og:site_name\" content=\"Osaka\" \/>\n<meta property=\"article:modified_time\" content=\"2024-12-18T15:36:06+00:00\" \/>\n<meta property=\"og:image\" content=\"https:\/\/osaka.ma\/wp-content\/uploads\/2023\/10\/dell-alienware-m15-r7-i7-12700h-rtx-3070ti-gaming-laptop-maroc4.jpg\" \/>\n\t<meta property=\"og:image:width\" content=\"600\" \/>\n\t<meta property=\"og:image:height\" content=\"600\" \/>\n\t<meta property=\"og:image:type\" content=\"image\/jpeg\" \/>\n<meta name=\"twitter:card\" content=\"summary_large_image\" \/>\n<meta name=\"twitter:label1\" content=\"Est. reading time\" \/>\n\t<meta name=\"twitter:data1\" content=\"4 minutes\" \/>\n<script type=\"application\/ld+json\" class=\"yoast-schema-graph\">{\"@context\":\"https:\/\/schema.org\",\"@graph\":[{\"@type\":\"WebPage\",\"@id\":\"https:\/\/osaka.ma\/product\/alienware-x17-r2-i9-12900h-16gb-1tb-rtx-3080ti-16gb-17-3%e2%80%b3-ips-480hz-fhd\/\",\"url\":\"https:\/\/osaka.ma\/product\/alienware-x17-r2-i9-12900h-16gb-1tb-rtx-3080ti-16gb-17-3%e2%80%b3-ips-480hz-fhd\/\",\"name\":\"ALIENWARE X17 R2 I9-12900H\/16GB\/1TB\/RTX 3080TI 16GB\/17.3\u2033 IPS 480HZ FHD - Osaka\",\"isPartOf\":{\"@id\":\"https:\/\/osaka.ma\/#website\"},\"primaryImageOfPage\":{\"@id\":\"https:\/\/osaka.ma\/product\/alienware-x17-r2-i9-12900h-16gb-1tb-rtx-3080ti-16gb-17-3%e2%80%b3-ips-480hz-fhd\/#primaryimage\"},\"image\":{\"@id\":\"https:\/\/osaka.ma\/product\/alienware-x17-r2-i9-12900h-16gb-1tb-rtx-3080ti-16gb-17-3%e2%80%b3-ips-480hz-fhd\/#primaryimage\"},\"thumbnailUrl\":\"https:\/\/osaka.ma\/wp-content\/uploads\/2023\/10\/dell-alienware-m15-r7-i7-12700h-rtx-3070ti-gaming-laptop-maroc4.jpg\",\"datePublished\":\"2024-05-20T15:43:15+00:00\",\"dateModified\":\"2024-12-18T15:36:06+00:00\",\"breadcrumb\":{\"@id\":\"https:\/\/osaka.ma\/product\/alienware-x17-r2-i9-12900h-16gb-1tb-rtx-3080ti-16gb-17-3%e2%80%b3-ips-480hz-fhd\/#breadcrumb\"},\"inLanguage\":\"ru-RU\",\"potentialAction\":[{\"@type\":\"ReadAction\",\"target\":[\"https:\/\/osaka.ma\/product\/alienware-x17-r2-i9-12900h-16gb-1tb-rtx-3080ti-16gb-17-3%e2%80%b3-ips-480hz-fhd\/\"]}]},{\"@type\":\"ImageObject\",\"inLanguage\":\"ru-RU\",\"@id\":\"https:\/\/osaka.ma\/product\/alienware-x17-r2-i9-12900h-16gb-1tb-rtx-3080ti-16gb-17-3%e2%80%b3-ips-480hz-fhd\/#primaryimage\",\"url\":\"https:\/\/osaka.ma\/wp-content\/uploads\/2023\/10\/dell-alienware-m15-r7-i7-12700h-rtx-3070ti-gaming-laptop-maroc4.jpg\",\"contentUrl\":\"https:\/\/osaka.ma\/wp-content\/uploads\/2023\/10\/dell-alienware-m15-r7-i7-12700h-rtx-3070ti-gaming-laptop-maroc4.jpg\",\"width\":600,\"height\":600},{\"@type\":\"BreadcrumbList\",\"@id\":\"https:\/\/osaka.ma\/product\/alienware-x17-r2-i9-12900h-16gb-1tb-rtx-3080ti-16gb-17-3%e2%80%b3-ips-480hz-fhd\/#breadcrumb\",\"itemListElement\":[{\"@type\":\"ListItem\",\"position\":1,\"name\":\"Home\",\"item\":\"https:\/\/osaka.ma\/\"},{\"@type\":\"ListItem\",\"position\":2,\"name\":\"Shop\",\"item\":\"https:\/\/osaka.ma\/shop-2\/\"},{\"@type\":\"ListItem\",\"position\":3,\"name\":\"ALIENWARE X17 R2 I9-12900H\/16GB\/1TB\/RTX 3080TI 16GB\/17.3\u2033 IPS 480HZ FHD\"}]},{\"@type\":\"WebSite\",\"@id\":\"https:\/\/osaka.ma\/#website\",\"url\":\"https:\/\/osaka.ma\/\",\"name\":\"Osaka\",\"description\":\"\",\"publisher\":{\"@id\":\"https:\/\/osaka.ma\/#organization\"},\"potentialAction\":[{\"@type\":\"SearchAction\",\"target\":{\"@type\":\"EntryPoint\",\"urlTemplate\":\"https:\/\/osaka.ma\/?s={search_term_string}\"},\"query-input\":{\"@type\":\"PropertyValueSpecification\",\"valueRequired\":true,\"valueName\":\"search_term_string\"}}],\"inLanguage\":\"ru-RU\"},{\"@type\":\"Organization\",\"@id\":\"https:\/\/osaka.ma\/#organization\",\"name\":\"Osaka\",\"url\":\"https:\/\/osaka.ma\/\",\"logo\":{\"@type\":\"ImageObject\",\"inLanguage\":\"ru-RU\",\"@id\":\"https:\/\/osaka.ma\/#\/schema\/logo\/image\/\",\"url\":\"https:\/\/osaka.ma\/wp-content\/uploads\/2026\/01\/model-slogan-logo-2Plan-de-travail-1dksl-plus-finnn.png\",\"contentUrl\":\"https:\/\/osaka.ma\/wp-content\/uploads\/2026\/01\/model-slogan-logo-2Plan-de-travail-1dksl-plus-finnn.png\",\"width\":842,\"height\":226,\"caption\":\"Osaka\"},\"image\":{\"@id\":\"https:\/\/osaka.ma\/#\/schema\/logo\/image\/\"}}]}<\/script>\n<!-- \/ Yoast SEO plugin. -->","yoast_head_json":{"title":"ALIENWARE X17 R2 I9-12900H\/16GB\/1TB\/RTX 3080TI 16GB\/17.3\u2033 IPS 480HZ FHD - Osaka","robots":{"index":"index","follow":"follow","max-snippet":"max-snippet:-1","max-image-preview":"max-image-preview:large","max-video-preview":"max-video-preview:-1"},"canonical":"https:\/\/osaka.ma\/product\/alienware-x17-r2-i9-12900h-16gb-1tb-rtx-3080ti-16gb-17-3\u2033-ips-480hz-fhd\/","og_locale":"ru_RU","og_type":"article","og_title":"ALIENWARE X17 R2 I9-12900H\/16GB\/1TB\/RTX 3080TI 16GB\/17.3\u2033 IPS 480HZ FHD - Osaka","og_url":"https:\/\/osaka.ma\/product\/alienware-x17-r2-i9-12900h-16gb-1tb-rtx-3080ti-16gb-17-3\u2033-ips-480hz-fhd\/","og_site_name":"Osaka","article_modified_time":"2024-12-18T15:36:06+00:00","og_image":[{"width":600,"height":600,"url":"https:\/\/osaka.ma\/wp-content\/uploads\/2023\/10\/dell-alienware-m15-r7-i7-12700h-rtx-3070ti-gaming-laptop-maroc4.jpg","type":"image\/jpeg"}],"twitter_card":"summary_large_image","twitter_misc":{"Est. reading time":"4 minutes"},"schema":{"@context":"https:\/\/schema.org","@graph":[{"@type":"WebPage","@id":"https:\/\/osaka.ma\/product\/alienware-x17-r2-i9-12900h-16gb-1tb-rtx-3080ti-16gb-17-3%e2%80%b3-ips-480hz-fhd\/","url":"https:\/\/osaka.ma\/product\/alienware-x17-r2-i9-12900h-16gb-1tb-rtx-3080ti-16gb-17-3%e2%80%b3-ips-480hz-fhd\/","name":"ALIENWARE X17 R2 I9-12900H\/16GB\/1TB\/RTX 3080TI 16GB\/17.3\u2033 IPS 480HZ FHD - Osaka","isPartOf":{"@id":"https:\/\/osaka.ma\/#website"},"primaryImageOfPage":{"@id":"https:\/\/osaka.ma\/product\/alienware-x17-r2-i9-12900h-16gb-1tb-rtx-3080ti-16gb-17-3%e2%80%b3-ips-480hz-fhd\/#primaryimage"},"image":{"@id":"https:\/\/osaka.ma\/product\/alienware-x17-r2-i9-12900h-16gb-1tb-rtx-3080ti-16gb-17-3%e2%80%b3-ips-480hz-fhd\/#primaryimage"},"thumbnailUrl":"https:\/\/osaka.ma\/wp-content\/uploads\/2023\/10\/dell-alienware-m15-r7-i7-12700h-rtx-3070ti-gaming-laptop-maroc4.jpg","datePublished":"2024-05-20T15:43:15+00:00","dateModified":"2024-12-18T15:36:06+00:00","breadcrumb":{"@id":"https:\/\/osaka.ma\/product\/alienware-x17-r2-i9-12900h-16gb-1tb-rtx-3080ti-16gb-17-3%e2%80%b3-ips-480hz-fhd\/#breadcrumb"},"inLanguage":"ru-RU","potentialAction":[{"@type":"ReadAction","target":["https:\/\/osaka.ma\/product\/alienware-x17-r2-i9-12900h-16gb-1tb-rtx-3080ti-16gb-17-3%e2%80%b3-ips-480hz-fhd\/"]}]},{"@type":"ImageObject","inLanguage":"ru-RU","@id":"https:\/\/osaka.ma\/product\/alienware-x17-r2-i9-12900h-16gb-1tb-rtx-3080ti-16gb-17-3%e2%80%b3-ips-480hz-fhd\/#primaryimage","url":"https:\/\/osaka.ma\/wp-content\/uploads\/2023\/10\/dell-alienware-m15-r7-i7-12700h-rtx-3070ti-gaming-laptop-maroc4.jpg","contentUrl":"https:\/\/osaka.ma\/wp-content\/uploads\/2023\/10\/dell-alienware-m15-r7-i7-12700h-rtx-3070ti-gaming-laptop-maroc4.jpg","width":600,"height":600},{"@type":"BreadcrumbList","@id":"https:\/\/osaka.ma\/product\/alienware-x17-r2-i9-12900h-16gb-1tb-rtx-3080ti-16gb-17-3%e2%80%b3-ips-480hz-fhd\/#breadcrumb","itemListElement":[{"@type":"ListItem","position":1,"name":"Home","item":"https:\/\/osaka.ma\/"},{"@type":"ListItem","position":2,"name":"Shop","item":"https:\/\/osaka.ma\/shop-2\/"},{"@type":"ListItem","position":3,"name":"ALIENWARE X17 R2 I9-12900H\/16GB\/1TB\/RTX 3080TI 16GB\/17.3\u2033 IPS 480HZ FHD"}]},{"@type":"WebSite","@id":"https:\/\/osaka.ma\/#website","url":"https:\/\/osaka.ma\/","name":"Osaka","description":"","publisher":{"@id":"https:\/\/osaka.ma\/#organization"},"potentialAction":[{"@type":"SearchAction","target":{"@type":"EntryPoint","urlTemplate":"https:\/\/osaka.ma\/?s={search_term_string}"},"query-input":{"@type":"PropertyValueSpecification","valueRequired":true,"valueName":"search_term_string"}}],"inLanguage":"ru-RU"},{"@type":"Organization","@id":"https:\/\/osaka.ma\/#organization","name":"Osaka","url":"https:\/\/osaka.ma\/","logo":{"@type":"ImageObject","inLanguage":"ru-RU","@id":"https:\/\/osaka.ma\/#\/schema\/logo\/image\/","url":"https:\/\/osaka.ma\/wp-content\/uploads\/2026\/01\/model-slogan-logo-2Plan-de-travail-1dksl-plus-finnn.png","contentUrl":"https:\/\/osaka.ma\/wp-content\/uploads\/2026\/01\/model-slogan-logo-2Plan-de-travail-1dksl-plus-finnn.png","width":842,"height":226,"caption":"Osaka"},"image":{"@id":"https:\/\/osaka.ma\/#\/schema\/logo\/image\/"}}]}},"jetpack_sharing_enabled":true,"brands":[],"_links":{"self":[{"href":"https:\/\/osaka.ma\/ru\/wp-json\/wp\/v2\/product\/8938","targetHints":{"allow":["GET"]}}],"collection":[{"href":"https:\/\/osaka.ma\/ru\/wp-json\/wp\/v2\/product"}],"about":[{"href":"https:\/\/osaka.ma\/ru\/wp-json\/wp\/v2\/types\/product"}],"version-history":[{"count":0,"href":"https:\/\/osaka.ma\/ru\/wp-json\/wp\/v2\/product\/8938\/revisions"}],"wp:featuredmedia":[{"embeddable":true,"href":"https:\/\/osaka.ma\/ru\/wp-json\/wp\/v2\/media\/1006381"}],"wp:attachment":[{"href":"https:\/\/osaka.ma\/ru\/wp-json\/wp\/v2\/media?parent=8938"}],"wp:term":[{"taxonomy":"pwb-brand","embeddable":true,"href":"https:\/\/osaka.ma\/ru\/wp-json\/wp\/v2\/pwb-brand?post=8938"},{"taxonomy":"product_brand","embeddable":true,"href":"https:\/\/osaka.ma\/ru\/wp-json\/wp\/v2\/product_brand?post=8938"},{"taxonomy":"product_cat","embeddable":true,"href":"https:\/\/osaka.ma\/ru\/wp-json\/wp\/v2\/product_cat?post=8938"},{"taxonomy":"product_tag","embeddable":true,"href":"https:\/\/osaka.ma\/ru\/wp-json\/wp\/v2\/product_tag?post=8938"},{"taxonomy":"pcb_component_type","embeddable":true,"href":"https:\/\/osaka.ma\/ru\/wp-json\/wp\/v2\/pcb_component_type?post=8938"}],"curies":[{"name":"wp","href":"https:\/\/api.w.org\/{rel}","templated":true}]}}