{"id":8983,"date":"2024-05-24T14:47:10","date_gmt":"2024-05-24T14:47:10","guid":{"rendered":"https:\/\/osaka.ma\/?post_type=product&#038;p=8983"},"modified":"2024-12-18T15:36:07","modified_gmt":"2024-12-18T15:36:07","slug":"pc-gamer-intel-core-i7-12700kf-32gb-1tb-rtx-4060-8gb","status":"publish","type":"product","link":"https:\/\/osaka.ma\/ru\/product\/pc-gamer-intel-core-i7-12700kf-32gb-1tb-rtx-4060-8gb\/","title":{"rendered":"PC Gamer CORE I7 12700KF\/32GB\/1TB\/RTX 4060 8GB"},"content":{"rendered":"<p><img decoding=\"async\" class=\" wp-image-6550 aligncenter\" src=\"https:\/\/osaka.ma\/wp-content\/uploads\/2023\/10\/OSA-1.png\" alt=\"\" width=\"294\" height=\"113\" \/><\/p>\n<p><i><img decoding=\"async\" class=\"\" src=\"https:\/\/media.ldlc.com\/bo\/images\/fiches\/kit_upgrade\/case_80.png\" alt=\"\" width=\"48\" height=\"48\" \/>PC Gamer Osaka vous offre une configuration INTEL avec des composants \u00e9quilibr\u00e9e avec un bon prix, ce PC Gamer compos\u00e9 d\u2019un processeur INTEL\u00ae CORE\u2122i7-12700KF ainsi que d\u2019une carte graphique MSI VENTUS 2X RTX 4060 8GB Il int\u00e8gre \u00e9galement un SSD 1TB pour un syst\u00e8me toujours plus rapide et 32 Go de RAM. Voila les atouts de ce PC puissant taill\u00e9 pour travailler dans les meilleures conditions.<\/i><\/p>\n<ul>\n<li>Processeur\u00a0<a href=\"https:\/\/osaka.ma\/produit\/intel-core-i7-12700kf-3-6-ghz-5-0-ghz-tray\/\"><strong>INTEL\u00aeCORE\u2122i7-12700KF (3.6 GHz \/ 5.0 GHz)<\/strong><\/a><\/li>\n<li>Carte m\u00e8re\u00a0<a href=\"https:\/\/osaka.ma\/produit\/msi-z690-p-ddr4\/\"><strong>MSI Z690-P DDR4<\/strong><\/a><\/li>\n<li>Ram <strong><a href=\"https:\/\/osaka.ma\/produit\/32gb-corsair-lpx-16x2-3200mhz\/\">32GB CORSAIR LPX (16\u00d72) 3200MHZ<\/a><\/strong><\/li>\n<li>Carte graphique\u00a0<a href=\"https:\/\/osaka.ma\/produit\/msi-ventus-xs-rtx-4060-8gb\/\"><strong>MSI VENTUS XS RTX 4060 8GB<\/strong><\/a><\/li>\n<li>Bo\u00eetier<a href=\"https:\/\/osaka.ma\/produit\/aerocool-ore-saturn-frgb\/\"><strong> AEROCOOL ORE SATURN FRGB<\/strong><\/a><\/li>\n<li>SSD\u00a0<a href=\"https:\/\/osaka.ma\/produit\/crucial-p3-plus-1tb-gen4\/\"><strong>1TB CRUCIAL P3 PLUS GEN4 5000MB\/S<\/strong><\/a><\/li>\n<li>Ventirad<strong><a href=\"https:\/\/osaka.ma\/produit\/aerocool-cylon-4f\/\"> AEROCOOL CYLON 4F<\/a><\/strong><\/li>\n<li>Alimentation\u00a0<a href=\"https:\/\/osaka.ma\/produit\/msi-mag-a650bnl-80-bronze\/\"><b>MSI MAG A650BNL 80+ BRONZE<\/b><\/a><\/li>\n<li><strong>Win11 \/ Bien assembl\u00e9<\/strong><\/li>\n<\/ul>\n<div><\/div>\n<div class=\"desc-image\"><img fetchpriority=\"high\" decoding=\"async\" class=\"\" src=\"https:\/\/media.ldlc.com\/bo\/images\/fiches\/Processeur\/Intel\/intel_core_14th_003.jpg\" alt=\"\" width=\"764\" height=\"432\" \/><\/div>\n<div class=\"desc-text\">\n<h2>NVIDIA RTX 4060 8gb : LA MEILLEURE FA\u00c7ON DE JOUER<\/h2>\n<p>Gr\u00e2ce au\u00a0<strong>DLSS 3<\/strong>, au\u00a0<strong>ray tracing \u00e0 haute vitesse<\/strong>\u00a0et aux\u00a0<strong>performances acc\u00e9l\u00e9r\u00e9es par IA<\/strong>, la\u00a0<strong>carte graphique NVIDIA GeForce RTX 4060 8GB\u00a0 <\/strong>vous permet d\u2019obtenir une qualit\u00e9 graphique exceptionnelle pour jouer dans les meilleures conditions. Immersion totale garantie gr\u00e2ce \u00e0 des graphismes ultra-r\u00e9alistes. Sans oublier bien s\u00fbr la possibilit\u00e9 de cr\u00e9er des contenus r\u00e9volutionnaires rapidement et en toute simplicit\u00e9.<\/p>\n<\/div>\n<div class=\"desc-image\"><img decoding=\"async\" src=\"https:\/\/media.ldlc.com\/bo\/images\/fiches\/Carte_graphique\/NVIDIA\/nvidia_ada_lovelace_003.jpg\" alt=\"\" \/><\/div>\n","protected":false},"excerpt":{"rendered":"<p><i>PC Gamer Osaka vous offre une configuration INTEL avec des composants \u00e9quilibr\u00e9e avec un bon prix, ce PC Gamer compos\u00e9 d\u2019un processeur INTEL\u00ae CORE\u2122i7-12700KF\u00a0 ainsi que d\u2019une carte graphique MSI VENTUS 2X RTX 4060 8GB Il int\u00e8gre \u00e9galement un SSD 1TB pour un syst\u00e8me toujours plus rapide et 32 Go de RAM. Voila les atouts de ce PC puissant taill\u00e9 pour travailler dans les meilleures conditions.<\/i><\/p>\n<ul>\n<li>Processeur\u00a0<strong>INTEL\u00aeCORE\u2122i7-12700KF (3.6 GHz \/ 5.0 GHz)<\/strong><\/li>\n<li>Carte m\u00e8re\u00a0<strong>MSI Z690-P DDR4<\/strong><\/li>\n<li>Ram <strong>32GB CORSAIR LPX (16\u00d72) 3200MHZ<\/strong><\/li>\n<li>Carte graphique\u00a0<strong>MSI VENTUS XS RTX 4060 8GB<\/strong><\/li>\n<li>Bo\u00eetier<strong> AEROCOOL ORE SATURN FRGB<\/strong><\/li>\n<li>SSD\u00a0<strong>1TB CRUCIAL P3 PLUS GEN4 5000MB\/S<\/strong><\/li>\n<li>Ventirad<strong> AEROCOOL CYLON 4F<\/strong><\/li>\n<li>Alimentation\u00a0<b>MSI MAG A650BNL 80+ BRONZE<\/b><\/li>\n<li><strong>Win11 \/ Bien assembl\u00e9<\/strong><\/li>\n<\/ul>\n","protected":false},"featured_media":1008575,"template":"","meta":{"_acf_changed":false},"pwb-brand":[],"product_brand":[],"product_cat":[57,53],"product_tag":[],"pcb_component_type":[],"class_list":{"0":"post-8983","1":"product","2":"type-product","3":"status-publish","4":"has-post-thumbnail","6":"product_cat-intel","7":"product_cat-pc-gamer","9":"first","10":"outofstock","11":"shipping-taxable","12":"product-type-simple"},"translation":{"provider":"WPGlobus","version":"3.0.2","language":"ru","enabled_languages":["en","es","de","fr","ru"],"languages":{"en":{"title":true,"content":true,"excerpt":true},"es":{"title":false,"content":false,"excerpt":false},"de":{"title":false,"content":false,"excerpt":false},"fr":{"title":false,"content":false,"excerpt":false},"ru":{"title":false,"content":false,"excerpt":false}}},"acf":[],"yoast_head":"<!-- This site is optimized with the Yoast SEO plugin v27.2 - https:\/\/yoast.com\/product\/yoast-seo-wordpress\/ -->\n<title>PC Gamer CORE I7 12700KF\/32GB\/1TB\/RTX 4060 8GB - Osaka<\/title>\n<meta name=\"robots\" content=\"index, follow, max-snippet:-1, max-image-preview:large, max-video-preview:-1\" \/>\n<link rel=\"canonical\" href=\"https:\/\/osaka.ma\/product\/pc-gamer-intel-core-i7-12700kf-32gb-1tb-rtx-4060-8gb\/\" \/>\n<meta property=\"og:locale\" content=\"ru_RU\" \/>\n<meta property=\"og:type\" content=\"article\" \/>\n<meta property=\"og:title\" content=\"PC Gamer CORE I7 12700KF\/32GB\/1TB\/RTX 4060 8GB - Osaka\" \/>\n<meta property=\"og:url\" content=\"https:\/\/osaka.ma\/product\/pc-gamer-intel-core-i7-12700kf-32gb-1tb-rtx-4060-8gb\/\" \/>\n<meta property=\"og:site_name\" content=\"Osaka\" \/>\n<meta property=\"article:modified_time\" content=\"2024-12-18T15:36:07+00:00\" \/>\n<meta property=\"og:image\" content=\"https:\/\/osaka.ma\/wp-content\/uploads\/2024\/04\/AEROCOOLORE-1-1.jpg\" \/>\n\t<meta property=\"og:image:width\" content=\"700\" \/>\n\t<meta property=\"og:image:height\" content=\"700\" \/>\n\t<meta property=\"og:image:type\" content=\"image\/jpeg\" \/>\n<meta name=\"twitter:card\" content=\"summary_large_image\" \/>\n<meta name=\"twitter:label1\" content=\"Est. reading time\" \/>\n\t<meta name=\"twitter:data1\" content=\"2 minutes\" \/>\n<script type=\"application\/ld+json\" class=\"yoast-schema-graph\">{\"@context\":\"https:\/\/schema.org\",\"@graph\":[{\"@type\":\"WebPage\",\"@id\":\"https:\/\/osaka.ma\/product\/pc-gamer-intel-core-i7-12700kf-32gb-1tb-rtx-4060-8gb\/\",\"url\":\"https:\/\/osaka.ma\/product\/pc-gamer-intel-core-i7-12700kf-32gb-1tb-rtx-4060-8gb\/\",\"name\":\"PC Gamer CORE I7 12700KF\/32GB\/1TB\/RTX 4060 8GB - Osaka\",\"isPartOf\":{\"@id\":\"https:\/\/osaka.ma\/#website\"},\"primaryImageOfPage\":{\"@id\":\"https:\/\/osaka.ma\/product\/pc-gamer-intel-core-i7-12700kf-32gb-1tb-rtx-4060-8gb\/#primaryimage\"},\"image\":{\"@id\":\"https:\/\/osaka.ma\/product\/pc-gamer-intel-core-i7-12700kf-32gb-1tb-rtx-4060-8gb\/#primaryimage\"},\"thumbnailUrl\":\"https:\/\/osaka.ma\/wp-content\/uploads\/2024\/04\/AEROCOOLORE-1-1.jpg\",\"datePublished\":\"2024-05-24T14:47:10+00:00\",\"dateModified\":\"2024-12-18T15:36:07+00:00\",\"breadcrumb\":{\"@id\":\"https:\/\/osaka.ma\/product\/pc-gamer-intel-core-i7-12700kf-32gb-1tb-rtx-4060-8gb\/#breadcrumb\"},\"inLanguage\":\"ru-RU\",\"potentialAction\":[{\"@type\":\"ReadAction\",\"target\":[\"https:\/\/osaka.ma\/product\/pc-gamer-intel-core-i7-12700kf-32gb-1tb-rtx-4060-8gb\/\"]}]},{\"@type\":\"ImageObject\",\"inLanguage\":\"ru-RU\",\"@id\":\"https:\/\/osaka.ma\/product\/pc-gamer-intel-core-i7-12700kf-32gb-1tb-rtx-4060-8gb\/#primaryimage\",\"url\":\"https:\/\/osaka.ma\/wp-content\/uploads\/2024\/04\/AEROCOOLORE-1-1.jpg\",\"contentUrl\":\"https:\/\/osaka.ma\/wp-content\/uploads\/2024\/04\/AEROCOOLORE-1-1.jpg\",\"width\":700,\"height\":700},{\"@type\":\"BreadcrumbList\",\"@id\":\"https:\/\/osaka.ma\/product\/pc-gamer-intel-core-i7-12700kf-32gb-1tb-rtx-4060-8gb\/#breadcrumb\",\"itemListElement\":[{\"@type\":\"ListItem\",\"position\":1,\"name\":\"Home\",\"item\":\"https:\/\/osaka.ma\/\"},{\"@type\":\"ListItem\",\"position\":2,\"name\":\"Shop\",\"item\":\"https:\/\/osaka.ma\/shop-2\/\"},{\"@type\":\"ListItem\",\"position\":3,\"name\":\"PC Gamer CORE I7 12700KF\/32GB\/1TB\/RTX 4060 8GB\"}]},{\"@type\":\"WebSite\",\"@id\":\"https:\/\/osaka.ma\/#website\",\"url\":\"https:\/\/osaka.ma\/\",\"name\":\"Osaka\",\"description\":\"\",\"publisher\":{\"@id\":\"https:\/\/osaka.ma\/#organization\"},\"potentialAction\":[{\"@type\":\"SearchAction\",\"target\":{\"@type\":\"EntryPoint\",\"urlTemplate\":\"https:\/\/osaka.ma\/?s={search_term_string}\"},\"query-input\":{\"@type\":\"PropertyValueSpecification\",\"valueRequired\":true,\"valueName\":\"search_term_string\"}}],\"inLanguage\":\"ru-RU\"},{\"@type\":\"Organization\",\"@id\":\"https:\/\/osaka.ma\/#organization\",\"name\":\"Osaka\",\"url\":\"https:\/\/osaka.ma\/\",\"logo\":{\"@type\":\"ImageObject\",\"inLanguage\":\"ru-RU\",\"@id\":\"https:\/\/osaka.ma\/#\/schema\/logo\/image\/\",\"url\":\"https:\/\/osaka.ma\/wp-content\/uploads\/2026\/01\/model-slogan-logo-2Plan-de-travail-1dksl-plus-finnn.png\",\"contentUrl\":\"https:\/\/osaka.ma\/wp-content\/uploads\/2026\/01\/model-slogan-logo-2Plan-de-travail-1dksl-plus-finnn.png\",\"width\":842,\"height\":226,\"caption\":\"Osaka\"},\"image\":{\"@id\":\"https:\/\/osaka.ma\/#\/schema\/logo\/image\/\"}}]}<\/script>\n<!-- \/ Yoast SEO plugin. -->","yoast_head_json":{"title":"PC Gamer CORE I7 12700KF\/32GB\/1TB\/RTX 4060 8GB - Osaka","robots":{"index":"index","follow":"follow","max-snippet":"max-snippet:-1","max-image-preview":"max-image-preview:large","max-video-preview":"max-video-preview:-1"},"canonical":"https:\/\/osaka.ma\/product\/pc-gamer-intel-core-i7-12700kf-32gb-1tb-rtx-4060-8gb\/","og_locale":"ru_RU","og_type":"article","og_title":"PC Gamer CORE I7 12700KF\/32GB\/1TB\/RTX 4060 8GB - Osaka","og_url":"https:\/\/osaka.ma\/product\/pc-gamer-intel-core-i7-12700kf-32gb-1tb-rtx-4060-8gb\/","og_site_name":"Osaka","article_modified_time":"2024-12-18T15:36:07+00:00","og_image":[{"width":700,"height":700,"url":"https:\/\/osaka.ma\/wp-content\/uploads\/2024\/04\/AEROCOOLORE-1-1.jpg","type":"image\/jpeg"}],"twitter_card":"summary_large_image","twitter_misc":{"Est. reading time":"2 minutes"},"schema":{"@context":"https:\/\/schema.org","@graph":[{"@type":"WebPage","@id":"https:\/\/osaka.ma\/product\/pc-gamer-intel-core-i7-12700kf-32gb-1tb-rtx-4060-8gb\/","url":"https:\/\/osaka.ma\/product\/pc-gamer-intel-core-i7-12700kf-32gb-1tb-rtx-4060-8gb\/","name":"PC Gamer CORE I7 12700KF\/32GB\/1TB\/RTX 4060 8GB - Osaka","isPartOf":{"@id":"https:\/\/osaka.ma\/#website"},"primaryImageOfPage":{"@id":"https:\/\/osaka.ma\/product\/pc-gamer-intel-core-i7-12700kf-32gb-1tb-rtx-4060-8gb\/#primaryimage"},"image":{"@id":"https:\/\/osaka.ma\/product\/pc-gamer-intel-core-i7-12700kf-32gb-1tb-rtx-4060-8gb\/#primaryimage"},"thumbnailUrl":"https:\/\/osaka.ma\/wp-content\/uploads\/2024\/04\/AEROCOOLORE-1-1.jpg","datePublished":"2024-05-24T14:47:10+00:00","dateModified":"2024-12-18T15:36:07+00:00","breadcrumb":{"@id":"https:\/\/osaka.ma\/product\/pc-gamer-intel-core-i7-12700kf-32gb-1tb-rtx-4060-8gb\/#breadcrumb"},"inLanguage":"ru-RU","potentialAction":[{"@type":"ReadAction","target":["https:\/\/osaka.ma\/product\/pc-gamer-intel-core-i7-12700kf-32gb-1tb-rtx-4060-8gb\/"]}]},{"@type":"ImageObject","inLanguage":"ru-RU","@id":"https:\/\/osaka.ma\/product\/pc-gamer-intel-core-i7-12700kf-32gb-1tb-rtx-4060-8gb\/#primaryimage","url":"https:\/\/osaka.ma\/wp-content\/uploads\/2024\/04\/AEROCOOLORE-1-1.jpg","contentUrl":"https:\/\/osaka.ma\/wp-content\/uploads\/2024\/04\/AEROCOOLORE-1-1.jpg","width":700,"height":700},{"@type":"BreadcrumbList","@id":"https:\/\/osaka.ma\/product\/pc-gamer-intel-core-i7-12700kf-32gb-1tb-rtx-4060-8gb\/#breadcrumb","itemListElement":[{"@type":"ListItem","position":1,"name":"Home","item":"https:\/\/osaka.ma\/"},{"@type":"ListItem","position":2,"name":"Shop","item":"https:\/\/osaka.ma\/shop-2\/"},{"@type":"ListItem","position":3,"name":"PC Gamer CORE I7 12700KF\/32GB\/1TB\/RTX 4060 8GB"}]},{"@type":"WebSite","@id":"https:\/\/osaka.ma\/#website","url":"https:\/\/osaka.ma\/","name":"Osaka","description":"","publisher":{"@id":"https:\/\/osaka.ma\/#organization"},"potentialAction":[{"@type":"SearchAction","target":{"@type":"EntryPoint","urlTemplate":"https:\/\/osaka.ma\/?s={search_term_string}"},"query-input":{"@type":"PropertyValueSpecification","valueRequired":true,"valueName":"search_term_string"}}],"inLanguage":"ru-RU"},{"@type":"Organization","@id":"https:\/\/osaka.ma\/#organization","name":"Osaka","url":"https:\/\/osaka.ma\/","logo":{"@type":"ImageObject","inLanguage":"ru-RU","@id":"https:\/\/osaka.ma\/#\/schema\/logo\/image\/","url":"https:\/\/osaka.ma\/wp-content\/uploads\/2026\/01\/model-slogan-logo-2Plan-de-travail-1dksl-plus-finnn.png","contentUrl":"https:\/\/osaka.ma\/wp-content\/uploads\/2026\/01\/model-slogan-logo-2Plan-de-travail-1dksl-plus-finnn.png","width":842,"height":226,"caption":"Osaka"},"image":{"@id":"https:\/\/osaka.ma\/#\/schema\/logo\/image\/"}}]}},"jetpack_sharing_enabled":true,"brands":[],"_links":{"self":[{"href":"https:\/\/osaka.ma\/ru\/wp-json\/wp\/v2\/product\/8983","targetHints":{"allow":["GET"]}}],"collection":[{"href":"https:\/\/osaka.ma\/ru\/wp-json\/wp\/v2\/product"}],"about":[{"href":"https:\/\/osaka.ma\/ru\/wp-json\/wp\/v2\/types\/product"}],"version-history":[{"count":0,"href":"https:\/\/osaka.ma\/ru\/wp-json\/wp\/v2\/product\/8983\/revisions"}],"wp:featuredmedia":[{"embeddable":true,"href":"https:\/\/osaka.ma\/ru\/wp-json\/wp\/v2\/media\/1008575"}],"wp:attachment":[{"href":"https:\/\/osaka.ma\/ru\/wp-json\/wp\/v2\/media?parent=8983"}],"wp:term":[{"taxonomy":"pwb-brand","embeddable":true,"href":"https:\/\/osaka.ma\/ru\/wp-json\/wp\/v2\/pwb-brand?post=8983"},{"taxonomy":"product_brand","embeddable":true,"href":"https:\/\/osaka.ma\/ru\/wp-json\/wp\/v2\/product_brand?post=8983"},{"taxonomy":"product_cat","embeddable":true,"href":"https:\/\/osaka.ma\/ru\/wp-json\/wp\/v2\/product_cat?post=8983"},{"taxonomy":"product_tag","embeddable":true,"href":"https:\/\/osaka.ma\/ru\/wp-json\/wp\/v2\/product_tag?post=8983"},{"taxonomy":"pcb_component_type","embeddable":true,"href":"https:\/\/osaka.ma\/ru\/wp-json\/wp\/v2\/pcb_component_type?post=8983"}],"curies":[{"name":"wp","href":"https:\/\/api.w.org\/{rel}","templated":true}]}}